{"id":9968,"date":"2023-10-17T13:54:42","date_gmt":"2023-10-17T11:54:42","guid":{"rendered":"https:\/\/www.kanzlei-steinwachs.de\/zarar-kanunu-aci-ve-istirap-kanunu\/"},"modified":"2023-10-27T11:47:17","modified_gmt":"2023-10-27T09:47:17","slug":"zarar-kanunu-aci-ve-istirap-kanunu","status":"publish","type":"page","link":"https:\/\/www.kanzlei-steinwachs.de\/tr\/zarar-kanunu-aci-ve-istirap-kanunu\/","title":{"rendered":"Zarar kanunu, ac\u0131 ve \u0131st\u0131rap kanunu"},"content":{"rendered":"<div class=\"wpb-content-wrapper\"><p>[vc_row content_width=&#8221;grid&#8221; content_aligment=&#8221;center&#8221; triangle_shape=&#8221;no&#8221; css=&#8221;.vc_custom_1696926719838{padding-bottom: 10px !important;background-position: center !important;background-repeat: no-repeat !important;background-size: cover !important;}&#8221;][vc_column]<div class=\"mkd-separator-holder clearfix  mkd-separator-center mkd-separator-with-icon mkd-animate\" style=\"margin-top: 20px; margin-bottom: 30px\">\n\t<div class=\"mkd-separator\" style=\"border-color: #c18f59;border-style: solid;width: 97.5px\"><\/div>\n\t\t<div class=\"mkd-separator-icon\">\n\t\t\t                    \t\t\t\t\t\t<\/div>\n\t<div class=\"mkd-separator\" style=\"border-color: #c18f59;border-style: solid;width: 97.5px\"><\/div>\n<\/div>\n[\/vc_column][\/vc_row][vc_row triangle_shape=&#8221;no&#8221;][vc_column][vc_column_text css=&#8221;.vc_custom_1697544894687{margin-bottom: 0px !important;padding-top: 20px !important;padding-bottom: 1px !important;}&#8221;]Zarar ve ac\u0131 ve \u0131st\u0131rap i\u00e7in tazminat[\/vc_column_text][vc_column_text css=&#8221;.vc_custom_1697544901550{padding-top: 10px !important;}&#8221;]Zarar ve ac\u0131 ve \u0131st\u0131rap tazminat\u0131 kanunu, u\u011fran\u0131lan maddi veya manevi zarara ili\u015fkin tazminat taleplerini d\u00fczenleyen yasal h\u00fck\u00fcmleri i\u00e7ermektedir.<\/p>\n<div id=\"gtx-trans\" style=\"position: absolute; left: 96px; top: -10px;\">\n<div class=\"gtx-trans-icon\"><\/div>\n<\/div>\n<p>[\/vc_column_text][vc_column_text css=&#8221;.vc_custom_1697544907687{padding-top: 10px !important;}&#8221;]Almanya&#8217;da bir ki\u015fi \u00fc\u00e7\u00fcnc\u00fc bir \u015fahs\u0131n yasal varl\u0131klar\u0131na (\u00f6rne\u011fin varl\u0131klar, m\u00fclk, sa\u011fl\u0131k vb.) zarar verirse, bu ki\u015finin bu zarar\u0131 \u00fc\u00e7\u00fcnc\u00fc tarafa ne \u00f6l\u00e7\u00fcde tazmin etmekle y\u00fck\u00fcml\u00fc oldu\u011fu sorusu ortaya \u00e7\u0131kar.<\/p>\n<div id=\"gtx-trans\" style=\"position: absolute; left: 106px; top: -10px;\">\n<div class=\"gtx-trans-icon\"><\/div>\n<\/div>\n<p>[\/vc_column_text][vc_column_text css=&#8221;.vc_custom_1697544913541{padding-top: 10px !important;}&#8221;]Tazminat ve tazminat alan\u0131ndaki yasa, \u00f6zellikle tazminat talebinin ortaya \u00e7\u0131kmas\u0131na ili\u015fkin ko\u015fullar\u0131 (ger\u00e7ek) ve ayr\u0131ca tazmin edilecek zarar\u0131n boyutunu (hukuki sonu\u00e7) d\u00fczenler.<\/p>\n<div id=\"gtx-trans\" style=\"position: absolute; left: 92px; top: 86px;\">\n<div class=\"gtx-trans-icon\"><\/div>\n<\/div>\n<p>[\/vc_column_text][\/vc_column][\/vc_row][vc_row triangle_shape=&#8221;no&#8221; css=&#8221;.vc_custom_1697799940492{padding-top: 30px !important;}&#8221; el_class=&#8221;all-least-pages&#8221;][vc_column][vc_row_inner css=&#8221;.vc_custom_1697455935676{padding-bottom: 10px !important;}&#8221;][vc_column_inner width=&#8221;1\/2&#8243;][vc_column_text css=&#8221;.vc_custom_1697544936078{padding-top: 10px !important;}&#8221;]Zararlar ve ac\u0131 ve \u0131st\u0131rap tazminat\u0131 hukukunda, tazminat talepleri ya s\u00f6zle\u015fmeye dayal\u0131 bir ili\u015fkiden kaynaklan\u0131r, \u00f6rne\u011fin bir taraf\u0131n s\u00f6zle\u015fmeyi ihlal etmesi durumunda, \u00f6zellikle bkz. \u00a7\u00a7 280 ve BGB. Ancak, \u00f6rne\u011fin ba\u015fkalar\u0131n\u0131n hukuki \u00e7\u0131karlar\u0131na hukuka ayk\u0131r\u0131 bir zarar verilmesi durumunda, tazminat talepleri yasadan da kaynaklanabilir, bkz. \u00a7\u00a7 823 ve BGB. <\/p>\n<div id=\"gtx-trans\" style=\"position: absolute; left: 143px; top: -10px;\">\n<div class=\"gtx-trans-icon\"><\/div>\n<\/div>\n<div id=\"gtx-trans\" style=\"position: absolute; left: 143px; top: -10px;\">\n<div class=\"gtx-trans-icon\"><\/div>\n<\/div>\n<div id=\"gtx-trans\" style=\"position: absolute; left: 143px; top: -10px;\">\n<div class=\"gtx-trans-icon\"><\/div>\n<\/div>\n<div id=\"gtx-trans\" style=\"position: absolute; left: 142px; top: -10px;\">\n<div class=\"gtx-trans-icon\"><\/div>\n<\/div>\n<p>[\/vc_column_text][vc_column_text css=&#8221;.vc_custom_1697544943551{padding-top: 10px !important;}&#8221;]Zarar\u0131n kapsam\u0131 \u00f6zellikle Medeni Kanun&#8217;un 249 ve devam\u0131 maddelerinde d\u00fczenlenmi\u015ftir. Zarar\u0131n genel olarak tazminat hukukunda tam olarak tazmin edilmesi ve ac\u0131 ve \u0131st\u0131rab\u0131n tazmin edilmesi gerekmektedir. \u00a7 253 I BGB&#8217;ye g\u00f6re, yaln\u0131zca maddi zararlar, yani yaln\u0131zca parasal varl\u0131klar tazmin edilmelidir, ancak manevi zararlar tazmin edilmemelidir. Alman Medeni Kanunu&#8217;nun (BGB) 253. maddesinin 2. f\u0131kras\u0131 bu prensibe \u00f6nemli bir istisna te\u015fkil etmektedir: \u00d6zellikle v\u00fccut ve sa\u011fl\u0131k a\u00e7\u0131s\u0131ndan yaralanma durumunda, manevi zarar\u0131n tazmini olarak genel olarak ac\u0131 ve \u0131st\u0131rap tazminat\u0131 \u00f6denmelidir. .[\/vc_column_text][vc_column_text css=&#8221;.vc_custom_1697544995454{padding-top: 10px !important;}&#8221;]Bir araba kazas\u0131ndan sonra yaralanan ki\u015filer tazminat alma hakk\u0131na sahip olabilir. Bu ayn\u0131 zamanda bir kaza ma\u011fdurunun \u00f6l\u00fcm\u00fcyle ba\u015f etmek zorunda kalan yak\u0131n akrabalar i\u00e7in de ge\u00e7erlidir. <\/p>\n<div id=\"gtx-trans\" style=\"position: absolute; left: 188px; top: -10px;\">\n<div class=\"gtx-trans-icon\"><\/div>\n<\/div>\n<div id=\"gtx-trans\" style=\"position: absolute; left: 188px; top: -10px;\">\n<div class=\"gtx-trans-icon\"><\/div>\n<\/div>\n<div id=\"gtx-trans\" style=\"position: absolute; left: 188px; top: -10px;\">\n<div class=\"gtx-trans-icon\"><\/div>\n<\/div>\n<p>[\/vc_column_text][\/vc_column_inner][vc_column_inner width=&#8221;1\/2&#8243;][vc_single_image image=&#8221;1425&#8243; img_size=&#8221;full&#8221;][\/vc_column_inner][\/vc_row_inner][\/vc_column][\/vc_row][vc_row triangle_shape=&#8221;no&#8221; el_class=&#8221;all-least-pages1&#8243;][vc_column][vc_column_text css=&#8221;.vc_custom_1697545001734{padding-top: 10px !important;}&#8221;]Trafik kazas\u0131 her zaman maddi hasarla sonu\u00e7lanmaz. Di\u011fer yol kullan\u0131c\u0131lar\u0131n\u0131n yaralanmas\u0131, hatta \u00f6lmesi \u00e7ok h\u0131zl\u0131 bir \u015fekilde ger\u00e7ekle\u015febilir. Bu durumda s\u00f6z konusu olan sadece tedavi giderleri, kazan\u00e7 kayb\u0131 veya kiral\u0131k ara\u00e7 maliyetleri nedeniyle olu\u015fan mali kay\u0131plar\u0131n tazmin edilmesi de\u011fildir. Asl\u0131nda kaza ma\u011fdurlar\u0131 ac\u0131 ve \u0131st\u0131rap nedeniyle tazminat alma hakk\u0131na da sahip olabilir. Ama\u00e7, \u00e7ekti\u011finiz ac\u0131 ba\u015fta olmak \u00fczere, u\u011frad\u0131\u011f\u0131n\u0131z manevi zarar\u0131n tazmin edilmesini sa\u011flamakt\u0131r. Ayr\u0131ca haks\u0131z fiil i\u015fleyenin kaza ma\u011fduruna kar\u015f\u0131 memnuniyet borcu vard\u0131r.   <\/p>\n<div id=\"gtx-trans\" style=\"position: absolute; left: 170px; top: -10px;\">\n<div class=\"gtx-trans-icon\"><\/div>\n<\/div>\n<p>[\/vc_column_text][\/vc_column][\/vc_row][vc_row triangle_shape=&#8221;no&#8221; css=&#8221;.vc_custom_1695985900053{padding-top: 30px !important;}&#8221;][vc_column][vc_row_inner css=&#8221;.vc_custom_1697455935676{padding-bottom: 10px !important;}&#8221;][vc_column_inner]\n<h2 class=\"mkd-custom-font-holder\" style=\"font-size: 20px;line-height: 30px;font-weight: 700\" data-font-size= 20 data-line-height= 30>\n\tZu den zentralen Themen im Schadensersatzrecht und Schmerzensgeldrecht geh\u00f6ren:<\/h2>[vc_empty_space height=&#8221;20px&#8221;]<div class=\"mkd-unordered-list \" ><ul>\n<li>Do\u011fal restit\u00fcsyon<\/li>\n<li>Hasar tazminat\u0131<\/li>\n<li>\u0130hmalden kaynaklanan zararlar\u0131n tazmini<\/li>\n<li>Temsil etmek zorunday\u0131m<\/li>\n<li>Eylemin\/hatan\u0131n atfedilmesi<\/li>\n<li>Nedensellik (sorumluluk yaratma, sorumlulu\u011fu yerine getirme)<\/li>\n<li>Trafik g\u00fcvenli\u011fi y\u00fck\u00fcml\u00fcl\u00fckleri<\/li>\n<li>Hasar d\u00fczeltme (\u00f6rne\u011fin faydalar\u0131n tan\u0131nmas\u0131)<\/li>\n<li>Katk\u0131da bulunan ihmal<\/li>\n<\/ul>\n<div id=\"gtx-trans\" style=\"position: absolute; left: 131px; top: 110px;\">\n<div class=\"gtx-trans-icon\"><\/div>\n<\/div>\n<\/div>[\/vc_column_inner][\/vc_row_inner][vc_empty_space][\/vc_column][\/vc_row][vc_row triangle_shape=&#8221;no&#8221; css=&#8221;.vc_custom_1697455870159{padding-bottom: 50px !important;}&#8221;][vc_column]\n<h2 class=\"mkd-custom-font-holder\" style=\"font-size: 20px;line-height: 20px;font-weight: 700\" data-font-size= 20 data-line-height= 20>\n\tAbschluss<\/h2>[vc_column_text css=&#8221;.vc_custom_1697545040822{padding-top: 20px !important;}&#8221;]<\/p>\n<div class=\"art-content\">\n<div class=\"art-Post\">\n<div class=\"art-Post-body\">\n<div class=\"art-Post-inner art-article\">\n<div class=\"art-PostContent\">\n<p style=\"text-align: left;\">\u0130lerleyen sayfalarda sizlere ac\u0131 ve \u0131st\u0131rab\u0131n tazmini ve telafisi alan\u0131ndaki temel ilkeler hakk\u0131nda m\u00fcmk\u00fcn oldu\u011funca fazla bilgi sunmaya \u00e7al\u0131\u015faca\u011f\u0131z.<\/p>\n<\/div>\n<div class=\"cleared\"><\/div>\n<\/div>\n<\/div>\n<\/div>\n<\/div>\n<div class=\"art-sidebar2\">\n<div id=\"custom_html-12\" class=\"widget_text widget widget_custom_html\">\n<div class=\"art-Block\"><\/div>\n<\/div>\n<\/div>\n<p>[\/vc_column_text][vc_column_text css=&#8221;.vc_custom_1697545055725{padding-top: 10px !important;}&#8221;]<\/p>\n<div class=\"art-content\">\n<div class=\"art-Post\">\n<div class=\"art-Post-body\">\n<div class=\"art-Post-inner art-article\">\n<div class=\"art-PostContent\">\n<p style=\"text-align: left;\">Ayr\u0131ca <a href=\"http:\/\/schadensersatz.net\/\">tazminat hukuku ve ac\u0131 ve \u0131st\u0131rap hukuku<\/a> konusunda a\u015fa\u011f\u0131daki sayfalar\u0131 da \u00f6neriyoruz:<\/p>\n<\/div>\n<div class=\"cleared\"><\/div>\n<\/div>\n<\/div>\n<\/div>\n<\/div>\n<div class=\"art-sidebar2\">\n<div id=\"custom_html-12\" class=\"widget_text widget widget_custom_html\">\n<div class=\"art-Block\"><\/div>\n<\/div>\n<\/div>\n<div id=\"gtx-trans\" style=\"position: absolute; left: 165px; top: -10px;\">\n<div class=\"gtx-trans-icon\"><\/div>\n<\/div>\n<p>[\/vc_column_text][\/vc_column][\/vc_row]<\/p>\n<\/div>","protected":false},"excerpt":{"rendered":"<p>[vc_row content_width=&#8221;grid&#8221; content_aligment=&#8221;center&#8221; triangle_shape=&#8221;no&#8221; css=&#8221;.vc_custom_1696926719838{padding-bottom: 10px !important;background-position: center !important;background-repeat: no-repeat !important;background-size: cover !important;}&#8221;][vc_column][\/vc_column][\/vc_row][vc_row triangle_shape=&#8221;no&#8221;][vc_column][vc_column_text css=&#8221;.vc_custom_1697544894687{margin-bottom: 0px !important;padding-top: 20px !important;padding-bottom: 1px !important;}&#8221;]Zarar ve ac\u0131 ve \u0131st\u0131rap i\u00e7in tazminat[\/vc_column_text][vc_column_text css=&#8221;.vc_custom_1697544901550{padding-top: 10px !important;}&#8221;]Zarar ve ac\u0131 ve \u0131st\u0131rap tazminat\u0131 kanunu, u\u011fran\u0131lan maddi veya manevi zarara ili\u015fkin tazminat taleplerini d\u00fczenleyen yasal h\u00fck\u00fcmleri i\u00e7ermektedir. [\/vc_column_text][vc_column_text css=&#8221;.vc_custom_1697544907687{padding-top: 10px !important;}&#8221;]Almanya&#8217;da bir ki\u015fi \u00fc\u00e7\u00fcnc\u00fc bir \u015fahs\u0131n yasal varl\u0131klar\u0131na (\u00f6rne\u011fin varl\u0131klar, m\u00fclk, sa\u011fl\u0131k vb.) zarar verirse, bu ki\u015finin bu zarar\u0131 \u00fc\u00e7\u00fcnc\u00fc tarafa ne \u00f6l\u00e7\u00fcde tazmin etmekle y\u00fck\u00fcml\u00fc oldu\u011fu sorusu ortaya \u00e7\u0131kar. [\/vc_column_text][vc_column_text css=&#8221;.vc_custom_1697544913541{padding-top: 10px !important;}&#8221;]Tazminat ve tazminat alan\u0131ndaki yasa, \u00f6zellikle tazminat talebinin ortaya \u00e7\u0131kmas\u0131na ili\u015fkin ko\u015fullar\u0131 (ger\u00e7ek) ve ayr\u0131ca tazmin&#8230;<\/p>\n","protected":false},"author":1,"featured_media":0,"parent":0,"menu_order":0,"comment_status":"closed","ping_status":"closed","template":"","meta":{"footnotes":""},"class_list":["post-9968","page","type-page","status-publish","hentry"],"yoast_head":"<!-- This site is optimized with the Yoast SEO Premium plugin v27.2 (Yoast SEO v27.4) - https:\/\/yoast.com\/product\/yoast-seo-premium-wordpress\/ -->\n<title>Rechtsanwaltskanzlei in Hamburg Berlin Bremen Hannover L\u00fcbeck<\/title>\n<meta name=\"description\" content=\"Rechtsanwaltskanzlei f\u00fcr Arbeitsrecht, Arzthaftung, Mietrecht, Gewerbemietrecht ,Gastronomierecht, Immobilienrecht, Schadensersatz Yachtrecht\" \/>\n<meta name=\"robots\" content=\"index, follow, max-snippet:-1, max-image-preview:large, max-video-preview:-1\" \/>\n<link rel=\"canonical\" href=\"https:\/\/www.kanzlei-steinwachs.de\/tr\/zarar-kanunu-aci-ve-istirap-kanunu\/\" \/>\n<meta property=\"og:locale\" content=\"tr_TR\" \/>\n<meta property=\"og:type\" content=\"article\" \/>\n<meta property=\"og:title\" content=\"Rechtsanwaltskanzlei in Hamburg Berlin Bremen Hannover L\u00fcbeck\" \/>\n<meta property=\"og:description\" content=\"Rechtsanwaltskanzlei f\u00fcr Arbeitsrecht, Arzthaftung, Mietrecht, Gewerbemietrecht ,Gastronomierecht, Immobilienrecht, Schadensersatz Yachtrecht\" \/>\n<meta property=\"og:url\" content=\"https:\/\/www.kanzlei-steinwachs.de\/tr\/zarar-kanunu-aci-ve-istirap-kanunu\/\" \/>\n<meta property=\"og:site_name\" content=\"Rechtsanwaltskanzlei Anwalt Hamburg Berlin Bremen Hannover L\u00fcbeck\" \/>\n<meta property=\"article:publisher\" content=\"https:\/\/www.facebook.com\/STEINWACHSRechtsanwaltskanzlei\/\" \/>\n<meta property=\"article:modified_time\" content=\"2023-10-27T09:47:17+00:00\" \/>\n<meta name=\"twitter:card\" content=\"summary_large_image\" \/>\n<meta name=\"twitter:site\" content=\"@rasteinwachs\" \/>\n<meta name=\"twitter:label1\" content=\"Tahmini okuma s\u00fcresi\" \/>\n\t<meta name=\"twitter:data1\" content=\"4 dakika\" \/>\n<script type=\"application\/ld+json\" class=\"yoast-schema-graph\">{\"@context\":\"https:\\\/\\\/schema.org\",\"@graph\":[{\"@type\":\"WebPage\",\"@id\":\"https:\\\/\\\/www.kanzlei-steinwachs.de\\\/tr\\\/zarar-kanunu-aci-ve-istirap-kanunu\\\/\",\"url\":\"https:\\\/\\\/www.kanzlei-steinwachs.de\\\/tr\\\/zarar-kanunu-aci-ve-istirap-kanunu\\\/\",\"name\":\"Rechtsanwaltskanzlei in Hamburg Berlin Bremen Hannover L\u00fcbeck\",\"isPartOf\":{\"@id\":\"https:\\\/\\\/www.kanzlei-steinwachs.de\\\/tr\\\/#website\"},\"datePublished\":\"2023-10-17T11:54:42+00:00\",\"dateModified\":\"2023-10-27T09:47:17+00:00\",\"description\":\"Rechtsanwaltskanzlei f\u00fcr Arbeitsrecht, Arzthaftung, Mietrecht, Gewerbemietrecht ,Gastronomierecht, Immobilienrecht, Schadensersatz Yachtrecht\",\"inLanguage\":\"tr\",\"potentialAction\":[{\"@type\":\"ReadAction\",\"target\":[\"https:\\\/\\\/www.kanzlei-steinwachs.de\\\/tr\\\/zarar-kanunu-aci-ve-istirap-kanunu\\\/\"]}]},{\"@type\":\"WebSite\",\"@id\":\"https:\\\/\\\/www.kanzlei-steinwachs.de\\\/tr\\\/#website\",\"url\":\"https:\\\/\\\/www.kanzlei-steinwachs.de\\\/tr\\\/\",\"name\":\"Rechtsanwaltskanzlei Anwalt Hamburg Berlin Bremen Hannover L\u00fcbeck\",\"description\":\"Wir leisten mehr als Recht bietet\",\"publisher\":{\"@id\":\"https:\\\/\\\/www.kanzlei-steinwachs.de\\\/tr\\\/#organization\"},\"potentialAction\":[{\"@type\":\"SearchAction\",\"target\":{\"@type\":\"EntryPoint\",\"urlTemplate\":\"https:\\\/\\\/www.kanzlei-steinwachs.de\\\/tr\\\/?s={search_term_string}\"},\"query-input\":{\"@type\":\"PropertyValueSpecification\",\"valueRequired\":true,\"valueName\":\"search_term_string\"}}],\"inLanguage\":\"tr\"},{\"@type\":[\"Organization\",\"Place\"],\"@id\":\"https:\\\/\\\/www.kanzlei-steinwachs.de\\\/tr\\\/#organization\",\"name\":\"Rechtsanwaltskanzlei Anwalt Hamburg Berlin Bremen Hannover L\u00fcbeck\",\"url\":\"https:\\\/\\\/www.kanzlei-steinwachs.de\\\/\",\"logo\":{\"@type\":\"ImageObject\",\"inLanguage\":\"tr\",\"@id\":\"https:\\\/\\\/www.kanzlei-steinwachs.de\\\/tr\\\/#\\\/schema\\\/logo\\\/image\\\/\",\"url\":\"https:\\\/\\\/i0.wp.com\\\/www.kanzlei-steinwachs.de\\\/wp-content\\\/uploads\\\/2023\\\/12\\\/logo.webp?fit=174%2C76&quality=80&ssl=1\",\"contentUrl\":\"https:\\\/\\\/i0.wp.com\\\/www.kanzlei-steinwachs.de\\\/wp-content\\\/uploads\\\/2023\\\/12\\\/logo.webp?fit=174%2C76&quality=80&ssl=1\",\"width\":174,\"height\":76,\"caption\":\"Rechtsanwaltskanzlei Anwalt Hamburg Berlin Bremen Hannover L\u00fcbeck\"},\"image\":{\"@id\":\"https:\\\/\\\/www.kanzlei-steinwachs.de\\\/tr\\\/#\\\/schema\\\/logo\\\/image\\\/\"},\"sameAs\":[\"https:\\\/\\\/www.facebook.com\\\/STEINWACHSRechtsanwaltskanzlei\\\/\",\"https:\\\/\\\/x.com\\\/rasteinwachs\",\"https:\\\/\\\/www.instagram.com\\\/steinwachs_rechtsanwaelte\\\/\",\"https:\\\/\\\/www.linkedin.com\\\/in\\\/stephan-steinwachs-7a270197\\\/\",\"https:\\\/\\\/www.youtube.com\\\/channel\\\/UCffmodDlQx81remXm395RWA\"],\"telephone\":[]}]}<\/script>\n<!-- \/ Yoast SEO Premium plugin. -->","yoast_head_json":{"title":"Rechtsanwaltskanzlei in Hamburg Berlin Bremen Hannover L\u00fcbeck","description":"Rechtsanwaltskanzlei f\u00fcr Arbeitsrecht, Arzthaftung, Mietrecht, Gewerbemietrecht ,Gastronomierecht, Immobilienrecht, Schadensersatz Yachtrecht","robots":{"index":"index","follow":"follow","max-snippet":"max-snippet:-1","max-image-preview":"max-image-preview:large","max-video-preview":"max-video-preview:-1"},"canonical":"https:\/\/www.kanzlei-steinwachs.de\/tr\/zarar-kanunu-aci-ve-istirap-kanunu\/","og_locale":"tr_TR","og_type":"article","og_title":"Rechtsanwaltskanzlei in Hamburg Berlin Bremen Hannover L\u00fcbeck","og_description":"Rechtsanwaltskanzlei f\u00fcr Arbeitsrecht, Arzthaftung, Mietrecht, Gewerbemietrecht ,Gastronomierecht, Immobilienrecht, Schadensersatz Yachtrecht","og_url":"https:\/\/www.kanzlei-steinwachs.de\/tr\/zarar-kanunu-aci-ve-istirap-kanunu\/","og_site_name":"Rechtsanwaltskanzlei Anwalt Hamburg Berlin Bremen Hannover L\u00fcbeck","article_publisher":"https:\/\/www.facebook.com\/STEINWACHSRechtsanwaltskanzlei\/","article_modified_time":"2023-10-27T09:47:17+00:00","twitter_card":"summary_large_image","twitter_site":"@rasteinwachs","twitter_misc":{"Tahmini okuma s\u00fcresi":"4 dakika"},"schema":{"@context":"https:\/\/schema.org","@graph":[{"@type":"WebPage","@id":"https:\/\/www.kanzlei-steinwachs.de\/tr\/zarar-kanunu-aci-ve-istirap-kanunu\/","url":"https:\/\/www.kanzlei-steinwachs.de\/tr\/zarar-kanunu-aci-ve-istirap-kanunu\/","name":"Rechtsanwaltskanzlei in Hamburg Berlin Bremen Hannover L\u00fcbeck","isPartOf":{"@id":"https:\/\/www.kanzlei-steinwachs.de\/tr\/#website"},"datePublished":"2023-10-17T11:54:42+00:00","dateModified":"2023-10-27T09:47:17+00:00","description":"Rechtsanwaltskanzlei f\u00fcr Arbeitsrecht, Arzthaftung, Mietrecht, Gewerbemietrecht ,Gastronomierecht, Immobilienrecht, Schadensersatz Yachtrecht","inLanguage":"tr","potentialAction":[{"@type":"ReadAction","target":["https:\/\/www.kanzlei-steinwachs.de\/tr\/zarar-kanunu-aci-ve-istirap-kanunu\/"]}]},{"@type":"WebSite","@id":"https:\/\/www.kanzlei-steinwachs.de\/tr\/#website","url":"https:\/\/www.kanzlei-steinwachs.de\/tr\/","name":"Rechtsanwaltskanzlei Anwalt Hamburg Berlin Bremen Hannover L\u00fcbeck","description":"Wir leisten mehr als Recht bietet","publisher":{"@id":"https:\/\/www.kanzlei-steinwachs.de\/tr\/#organization"},"potentialAction":[{"@type":"SearchAction","target":{"@type":"EntryPoint","urlTemplate":"https:\/\/www.kanzlei-steinwachs.de\/tr\/?s={search_term_string}"},"query-input":{"@type":"PropertyValueSpecification","valueRequired":true,"valueName":"search_term_string"}}],"inLanguage":"tr"},{"@type":["Organization","Place"],"@id":"https:\/\/www.kanzlei-steinwachs.de\/tr\/#organization","name":"Rechtsanwaltskanzlei Anwalt Hamburg Berlin Bremen Hannover L\u00fcbeck","url":"https:\/\/www.kanzlei-steinwachs.de\/","logo":{"@type":"ImageObject","inLanguage":"tr","@id":"https:\/\/www.kanzlei-steinwachs.de\/tr\/#\/schema\/logo\/image\/","url":"https:\/\/i0.wp.com\/www.kanzlei-steinwachs.de\/wp-content\/uploads\/2023\/12\/logo.webp?fit=174%2C76&quality=80&ssl=1","contentUrl":"https:\/\/i0.wp.com\/www.kanzlei-steinwachs.de\/wp-content\/uploads\/2023\/12\/logo.webp?fit=174%2C76&quality=80&ssl=1","width":174,"height":76,"caption":"Rechtsanwaltskanzlei Anwalt Hamburg Berlin Bremen Hannover L\u00fcbeck"},"image":{"@id":"https:\/\/www.kanzlei-steinwachs.de\/tr\/#\/schema\/logo\/image\/"},"sameAs":["https:\/\/www.facebook.com\/STEINWACHSRechtsanwaltskanzlei\/","https:\/\/x.com\/rasteinwachs","https:\/\/www.instagram.com\/steinwachs_rechtsanwaelte\/","https:\/\/www.linkedin.com\/in\/stephan-steinwachs-7a270197\/","https:\/\/www.youtube.com\/channel\/UCffmodDlQx81remXm395RWA"],"telephone":[]}]}},"jetpack_sharing_enabled":true,"_links":{"self":[{"href":"https:\/\/www.kanzlei-steinwachs.de\/tr\/wp-json\/wp\/v2\/pages\/9968","targetHints":{"allow":["GET"]}}],"collection":[{"href":"https:\/\/www.kanzlei-steinwachs.de\/tr\/wp-json\/wp\/v2\/pages"}],"about":[{"href":"https:\/\/www.kanzlei-steinwachs.de\/tr\/wp-json\/wp\/v2\/types\/page"}],"author":[{"embeddable":true,"href":"https:\/\/www.kanzlei-steinwachs.de\/tr\/wp-json\/wp\/v2\/users\/1"}],"replies":[{"embeddable":true,"href":"https:\/\/www.kanzlei-steinwachs.de\/tr\/wp-json\/wp\/v2\/comments?post=9968"}],"version-history":[{"count":0,"href":"https:\/\/www.kanzlei-steinwachs.de\/tr\/wp-json\/wp\/v2\/pages\/9968\/revisions"}],"wp:attachment":[{"href":"https:\/\/www.kanzlei-steinwachs.de\/tr\/wp-json\/wp\/v2\/media?parent=9968"}],"curies":[{"name":"wp","href":"https:\/\/api.w.org\/{rel}","templated":true}]}}