{"id":9953,"date":"2023-09-22T12:30:16","date_gmt":"2023-09-22T10:30:16","guid":{"rendered":"https:\/\/www.kanzlei-steinwachs.de\/hukuk-alanlari\/"},"modified":"2023-10-27T11:34:27","modified_gmt":"2023-10-27T09:34:27","slug":"hukuk-alanlari","status":"publish","type":"page","link":"https:\/\/www.kanzlei-steinwachs.de\/tr\/hukuk-alanlari\/","title":{"rendered":"Hukuk alanlar\u0131"},"content":{"rendered":"<div class=\"wpb-content-wrapper\"><p>[vc_row content_width=&#8221;grid&#8221; content_aligment=&#8221;center&#8221; triangle_shape=&#8221;no&#8221; css=&#8221;.vc_custom_1696926719838{padding-bottom: 10px !important;background-position: center !important;background-repeat: no-repeat !important;background-size: cover !important;}&#8221;][vc_column]<div class=\"mkd-separator-holder clearfix  mkd-separator-center mkd-separator-with-icon mkd-animate\" style=\"margin-top: 20px; margin-bottom: 30px\">\n\t<div class=\"mkd-separator\" style=\"border-color: #c18f59;border-style: solid;width: 97.5px\"><\/div>\n\t\t<div class=\"mkd-separator-icon\">\n\t\t\t                    \t\t\t\t\t\t<\/div>\n\t<div class=\"mkd-separator\" style=\"border-color: #c18f59;border-style: solid;width: 97.5px\"><\/div>\n<\/div>\n[\/vc_column][\/vc_row][vc_row triangle_shape=&#8221;no&#8221;][vc_column][vc_column_text css=&#8221;.vc_custom_1697267092698{padding-top: 20px !important;}&#8221;]<\/p>\n<p style=\"text-align: left;\">Hukuk b\u00fcrosu m\u00fcvekkilleri i\u00e7in neredeyse t\u00fcm \u00f6nemli hukuki alanlarda \u00e7al\u0131\u015fmaktad\u0131r. Sorununuzu bir hukuk alan\u0131na tahsis edebilmeniz i\u00e7in baz\u0131 hukuk alanlar\u0131n\u0131 sizler i\u00e7in detayl\u0131 bir \u015fekilde listeledik ve bunlar\u0131 par\u00e7alay\u0131p detayl\u0131 bir \u015fekilde a\u00e7\u0131klad\u0131k. <\/p>\n<p>[\/vc_column_text][vc_column_text css=&#8221;.vc_custom_1697267100322{padding-top: 20px !important;}&#8221;]Ancak, her konu alan\u0131n\u0131n hukuki alanlar katalo\u011funda listelenemeyece\u011fini l\u00fctfen unutmay\u0131n. \u0130\u00e7erikle ilgili sorular\u0131n\u0131z\u0131 istedi\u011finiz zaman yan\u0131tlamaktan elbette mutluluk duyar\u0131z.[\/vc_column_text][\/vc_column][\/vc_row][vc_row triangle_shape=&#8221;no&#8221; css=&#8221;.vc_custom_1697608496058{padding-top: 50px !important;padding-bottom: 50px !important;}&#8221; el_class=&#8221;my-heading&#8221;][vc_column width=&#8221;1\/5&#8243;]<div class=\"mkd-unordered-list  mkd-arrow mkd-animate-list\" ><ul>\n<li><a href=\"https:\/\/www.kanzlei-steinwachs.de\/agrarrecht\/\">Tar\u0131m hukuku<\/a><\/li>\n<li><a href=\"https:\/\/www.kanzlei-steinwachs.de\/tr\/derecho-contractual-general\/\">Genel s\u00f6zle\u015fme hukuku<\/a><\/li>\n<li><a href=\"https:\/\/www.kanzlei-steinwachs.de\/tr\/avukat-sorumlulugu\/\">Avukat Sorumlulu\u011fu<\/a><\/li>\n<li><a href=\"https:\/\/www.kanzlei-steinwachs.de\/tr\/is-kanunu-2\/\">\u0130\u015f kanunu<\/a><\/li>\n<li><a href=\"https:\/\/www.kanzlei-steinwachs.de\/tr\/tibbi-sorumluluk-hukuku\/\">T\u0131bbi sorumluluk hukuku<\/a><\/li>\n<li><a href=\"https:\/\/www.kanzlei-steinwachs.de\/tr\/goecmenlik-hukuku-ve-iltica-hukuku\/\">G\u00f6\u00e7menlik hukuku ve iltica hukuku<\/a><\/li>\n<li><a href=\"https:\/\/www.kanzlei-steinwachs.de\/tr\/insaat-hukuku-ve-mimarlik-hukuku\/\">\u0130n\u015faat hukuku ve mimarl\u0131k hukuku<\/a><\/li>\n<li><a href=\"https:\/\/www.kanzlei-steinwachs.de\/tr\/insaat-hukuku-ve-mimarlik-hukuku\/\">Bankac\u0131l\u0131k hukuku ve sermaye piyasas\u0131 hukuku<\/a><\/li>\n<li><a href=\"https:\/\/www.kanzlei-steinwachs.de\/tr\/kamu-hizmeti-kanunu\/\">Kamu hizmeti kanunu<\/a><\/li>\n<li><a href=\"https:\/\/www.kanzlei-steinwachs.de\/tr\/yetkililer\/\">Yetkililer<\/a><\/li>\n<li><a href=\"https:\/\/www.kanzlei-steinwachs.de\/tr\/velayet-kanunu\/\">Velayet kanunu<\/a><\/li>\n<li><a href=\"https:\/\/www.kanzlei-steinwachs.de\/tr\/ebay-ve-hukuk\/\">eBay ve Hukuk<\/a><\/li>\n<li><a href=\"https:\/\/www.kanzlei-steinwachs.de\/tr\/miras-hukuku-2\/\">Miras hukuku<\/a><\/li>\n<li><a href=\"https:\/\/www.kanzlei-steinwachs.de\/tr\/avrupa-hukuku\/\">Avrupa hukuku<\/a><\/li>\n<li><a href=\"https:\/\/www.kanzlei-steinwachs.de\/tr\/aile-hukuku-2\/\">Aile Hukuku<\/a><\/li>\n<li><a href=\"https:\/\/www.kanzlei-steinwachs.de\/tr\/borc-tahsilati-ve-borc-tahsilati\/\">Bor\u00e7 tahsilat\u0131 ve bor\u00e7 tahsilat\u0131 hukuku<\/a><\/li>\n<li><a href=\"https:\/\/www.kanzlei-steinwachs.de\/tr\/faydali-model-hukuku-ve-tasarim-patent-hukuku\/\">Faydal\u0131 model hukuku ve tasar\u0131m patent hukuku<\/a><\/li>\n<\/ul>\n<div id=\"gtx-trans\" style=\"position: absolute; left: 122px; top: 206px;\">\n<div class=\"gtx-trans-icon\"><\/div>\n<\/div>\n<\/div>[\/vc_column][vc_column width=&#8221;1\/5&#8243;]<div class=\"mkd-unordered-list  mkd-arrow mkd-animate-list\" ><ul>\n<li><a href=\"https:\/\/www.kanzlei-steinwachs.de\/tr\/fikri-muelkiyet\/\">Fikri m\u00fclkiyet<\/a><\/li>\n<li><a href=\"https:\/\/www.kanzlei-steinwachs.de\/tr\/gayrimenkul-hukuku-gayrimenkul-hukuku\/\">Gayrimenkul Hukuku &amp; Gayrimenkul Hukuku<\/a><\/li>\n<li><a href=\"https:\/\/quickwebsiteseo.com\/kanzlei-steinwachs\/handelsrecht-gesellschaftsrecht\/\">Ticaret hukuku ve \u015firketler hukuku<\/a><\/li>\n<li><a href=\"https:\/\/www.kanzlei-steinwachs.de\/tr\/ticari-acentelik-kanunu\/\">Ticari acentelik kanunu<\/a><\/li>\n<li><a href=\"https:\/\/www.kanzlei-steinwachs.de\/tr\/gayrimenkul-hukuku\/\">Gayrimenkul hukuku<\/a><\/li>\n<li><a href=\"https:\/\/www.kanzlei-steinwachs.de\/tr\/iflas-kanunu\/\">\u0130flas kanunu<\/a><\/li>\n<li><a href=\"https:\/\/www.kanzlei-steinwachs.de\/tr\/uluslararasi-hak\/\">Uluslararas\u0131 hak<\/a><\/li>\n<li><a href=\"https:\/\/www.kanzlei-steinwachs.de\/tr\/bt-hukuku\/\">BT hukuku<\/a><\/li>\n<li><a href=\"https:\/\/www.kanzlei-steinwachs.de\/tr\/av-kanunu\/\">Av kanunu<\/a><\/li>\n<li><a href=\"https:\/\/www.kanzlei-steinwachs.de\/tr\/antitroest-hukuku-ve-birlesme-kontrolue\/\">Antitr\u00f6st hukuku ve birle\u015fme kontrol\u00fc<\/a><\/li>\n<li><a href=\"https:\/\/www.kanzlei-steinwachs.de\/tr\/satin-alma-hakki\/\">Sat\u0131n Alma Hakk\u0131<\/a><\/li>\n<li><a href=\"https:\/\/www.kanzlei-steinwachs.de\/tr\/tarim-hukuku\/\">Tar\u0131m hukuku<\/a><\/li>\n<li><a href=\"https:\/\/www.kanzlei-steinwachs.de\/tr\/kiralama-hukuku\/\">Kiralama hukuku<\/a><\/li>\n<li><a href=\"https:\/\/www.kanzlei-steinwachs.de\/tr\/gida-kanunu\/\">G\u0131da kanunu<\/a><\/li>\n<li><a href=\"https:\/\/www.kanzlei-steinwachs.de\/tr\/aracilik-kanunu\/\">Arac\u0131l\u0131k kanunu<\/a><\/li>\n<li><a href=\"https:\/\/www.kanzlei-steinwachs.de\/tr\/ticari-marka-kanunu\/\">Ticari marka kanunu<\/a><\/li>\n<li><a href=\"https:\/\/www.kanzlei-steinwachs.de\/tr\/arabuluculuk\/\">Arabuluculuk<\/a><\/li>\n<\/ul>\n<div id=\"gtx-trans\" style=\"position: absolute; left: 203px; top: 254px;\">\n<div class=\"gtx-trans-icon\"><\/div>\n<\/div>\n<\/div>[\/vc_column][vc_column width=&#8221;1\/5&#8243;]<div class=\"mkd-unordered-list  mkd-arrow mkd-animate-list\" ><ul>\n<li><a href=\"https:\/\/www.kanzlei-steinwachs.de\/tr\/tip-hukuku\/\">T\u0131p hukuku<\/a><\/li>\n<li><a href=\"https:\/\/www.kanzlei-steinwachs.de\/tr\/oynat\/\">Oynat<\/a><\/li>\n<li><a href=\"https:\/\/www.kanzlei-steinwachs.de\/tr\/muezik-hukuku\/\">M\u00fczik hukuku<\/a><\/li>\n<li><a href=\"https:\/\/www.kanzlei-steinwachs.de\/tr\/komsu-hukuku\/\">Kom\u015fu hukuku<\/a><\/li>\n<li><a href=\"https:\/\/www.kanzlei-steinwachs.de\/tr\/kamu-insaat-hukuku\/\">Kamu in\u015faat hukuku<\/a><\/li>\n<li><a href=\"https:\/\/www.kanzlei-steinwachs.de\/tr\/kamu-hukuku\/\">Kamu hukuku<\/a><\/li>\n<li><a href=\"https:\/\/www.kanzlei-steinwachs.de\/tr\/magdur-destegi\/\">Ma\u011fdur deste\u011fi<\/a><\/li>\n<li><a href=\"https:\/\/quickwebsiteseo.com\/kanzlei-steinwachs\/ordnungswidrigkeitenrecht\/\">\u0130dari Su\u00e7lar Hukuku<\/a><\/li>\n<li><a href=\"https:\/\/www.kanzlei-steinwachs.de\/tr\/patent-kanunu\/\">Patent kanunu<\/a><\/li>\n<li><a href=\"https:\/\/www.kanzlei-steinwachs.de\/tr\/at-hukuku\/\">At hukuku<\/a><\/li>\n<li><a href=\"https:\/\/www.kanzlei-steinwachs.de\/tr\/hemsirelik-hukuku\/\">Hem\u015firelik hukuku<\/a><\/li>\n<li><a href=\"https:\/\/www.kanzlei-steinwachs.de\/tr\/ueruen-sorumlulugu-kanunu\/\">\u00dcr\u00fcn sorumlulu\u011fu kanunu<\/a><\/li>\n<li><a href=\"https:\/\/www.kanzlei-steinwachs.de\/tr\/sinav-hukuku\/\">S\u0131nav hukuku<\/a><\/li>\n<li><a href=\"https:\/\/www.kanzlei-steinwachs.de\/tr\/hayvanlarla-ilgili-kanun\/\">Hayvanlarla ilgili kanun<\/a><\/li>\n<li><a href=\"https:\/\/www.kanzlei-steinwachs.de\/reiserecht\/\">Seyahat hukuku<\/a><\/li>\n<li><a href=\"https:\/\/www.kanzlei-steinwachs.de\/rentenversicherungsrecht\/\">Emeklilik sigortas\u0131 kanunu<\/a><\/li>\n<li><a href=\"https:\/\/www.kanzlei-steinwachs.de\/schadensersatzrecht-schmerzensgeldrecht\/\">Zarar kanunu, ac\u0131 ve \u0131st\u0131rap kanunu<\/a><\/li>\n<li><a href=\"https:\/\/www.kanzlei-steinwachs.de\/schulrecht\/\">Okul hukuku<\/a><\/li>\n<\/ul>\n<\/div>[\/vc_column][vc_column width=&#8221;1\/5&#8243;]<div class=\"mkd-unordered-list  mkd-arrow mkd-animate-list\" ><ul>\n<li><a href=\"https:\/\/www.kanzlei-steinwachs.de\/schwerbehindertenrecht\/\">A\u011f\u0131r engelliler kanunu<\/a><\/li>\n<li><a href=\"https:\/\/www.kanzlei-steinwachs.de\/sozialrecht\/\">Sosyal hukuk<\/a><\/li>\n<li><a href=\"https:\/\/www.kanzlei-steinwachs.de\/sportrecht\/\">Spor hukuku<\/a><\/li>\n<li><a href=\"https:\/\/www.kanzlei-steinwachs.de\/steuerrecht\/\">Vergi Kanunu<\/a><\/li>\n<li><a href=\"https:\/\/www.kanzlei-steinwachs.de\/strafrecht\/\">Ceza Hukuku<\/a><\/li>\n<li><a href=\"https:\/\/www.kanzlei-steinwachs.de\/tarifrecht\/\">Toplu i\u015f s\u00f6zle\u015fmesi kanunu<\/a><\/li>\n<li><a href=\"https:\/\/www.kanzlei-steinwachs.de\/transportrecht-speditionsrecht\/\">Ta\u015f\u0131mac\u0131l\u0131k hukuku ve nakliye hukuku<\/a><\/li>\n<li><a href=\"https:\/\/www.kanzlei-steinwachs.de\/umweltrecht\/\">\u00c7evre Hukuku<\/a><\/li>\n<li><a href=\"https:\/\/www.kanzlei-steinwachs.de\/unterhaltsrecht\/\">Nafaka hukuku<\/a><\/li>\n<li><a href=\"https:\/\/www.kanzlei-steinwachs.de\/unternehmensrecht-betriebsnachfolge\/\">\u015eirketler hukuku ve i\u015f miras\u0131<\/a><\/li>\n<li><a href=\"https:\/\/www.kanzlei-steinwachs.de\/urheberrecht-medienrecht\/\">Telif hakk\u0131 ve medya hukuku<\/a><\/li>\n<li><a href=\"https:\/\/www.kanzlei-steinwachs.de\/vaterschaftsrecht\/\">Babal\u0131k hukuku<\/a><\/li>\n<li><a href=\"https:\/\/www.kanzlei-steinwachs.de\/vereinsrecht-verbandsrecht\/\">Dernek hukuku ve dernek hukuku<\/a><\/li>\n<li><a href=\"https:\/\/www.kanzlei-steinwachs.de\/verfassungsrecht\/\">Anayasa Hukuku<\/a><\/li>\n<li><a href=\"https:\/\/www.kanzlei-steinwachs.de\/vergaberecht\/\">\u0130hale hukuku<\/a><\/li>\n<li><a href=\"https:\/\/www.kanzlei-steinwachs.de\/verkehrsrecht-2\/\">Trafik kanunu<\/a><\/li>\n<li><a href=\"https:\/\/www.kanzlei-steinwachs.de\/versicherungsrecht\/\">Sigorta hukuku<\/a><\/li>\n<\/ul>\n<div id=\"gtx-trans\" style=\"position: absolute; left: 154px; top: 350px;\">\n<div class=\"gtx-trans-icon\"><\/div>\n<\/div>\n<\/div>[\/vc_column][vc_column width=&#8221;1\/5&#8243;]<div class=\"mkd-unordered-list  mkd-arrow mkd-animate-list\" ><ul>\n<li><a href=\"https:\/\/www.kanzlei-steinwachs.de\/versicherungsvertreterrecht\/\">Sigorta acenteli\u011fi kanunu<\/a><\/li>\n<li><a href=\"https:\/\/www.kanzlei-steinwachs.de\/verwaltungsrecht\/\">\u0130dari hukuk<\/a><\/li>\n<li><a href=\"https:\/\/www.kanzlei-steinwachs.de\/wehrrecht\/\">askeri hukuk<\/a><\/li>\n<li><a href=\"https:\/\/www.kanzlei-steinwachs.de\/werkvertragsrecht\/\">\u0130\u015f gecikmesi kanunu<\/a><\/li>\n<li><a href=\"https:\/\/www.kanzlei-steinwachs.de\/wettbewerbsrecht\/\">Rekabet hukuku<\/a><\/li>\n<li><a href=\"https:\/\/www.kanzlei-steinwachs.de\/wirtschaftsrecht\/\">\u0130\u015f kanunu<\/a><\/li>\n<li><a href=\"https:\/\/www.kanzlei-steinwachs.de\/wohnungseigentumsrecht\/\">Kat m\u00fclkiyeti hukuku<\/a><\/li>\n<li><a href=\"https:\/\/www.kanzlei-steinwachs.de\/zivilprozesrecht\/\">Medeni usul hukuku<\/a><\/li>\n<li><a href=\"https:\/\/www.kanzlei-steinwachs.de\/zivilrecht\/\">sivil hak<\/a><\/li>\n<\/ul>\n<div id=\"gtx-trans\" style=\"position: absolute; left: 125px; top: 86px;\">\n<div class=\"gtx-trans-icon\"><\/div>\n<\/div>\n<\/div>[\/vc_column][\/vc_row]<\/p>\n<\/div>","protected":false},"excerpt":{"rendered":"<p>[vc_row content_width=&#8221;grid&#8221; content_aligment=&#8221;center&#8221; triangle_shape=&#8221;no&#8221; css=&#8221;.vc_custom_1696926719838{padding-bottom: 10px !important;background-position: center !important;background-repeat: no-repeat !important;background-size: cover !important;}&#8221;][vc_column][\/vc_column][\/vc_row][vc_row triangle_shape=&#8221;no&#8221;][vc_column][vc_column_text css=&#8221;.vc_custom_1697267092698{padding-top: 20px !important;}&#8221;] Hukuk b\u00fcrosu m\u00fcvekkilleri i\u00e7in neredeyse t\u00fcm \u00f6nemli hukuki alanlarda \u00e7al\u0131\u015fmaktad\u0131r. Sorununuzu bir hukuk alan\u0131na tahsis edebilmeniz i\u00e7in baz\u0131 hukuk alanlar\u0131n\u0131 sizler i\u00e7in detayl\u0131 bir \u015fekilde listeledik ve bunlar\u0131 par\u00e7alay\u0131p detayl\u0131 bir \u015fekilde a\u00e7\u0131klad\u0131k. [\/vc_column_text][vc_column_text css=&#8221;.vc_custom_1697267100322{padding-top: 20px !important;}&#8221;]Ancak, her konu alan\u0131n\u0131n hukuki alanlar katalo\u011funda listelenemeyece\u011fini l\u00fctfen unutmay\u0131n. \u0130\u00e7erikle ilgili sorular\u0131n\u0131z\u0131 istedi\u011finiz zaman yan\u0131tlamaktan elbette mutluluk duyar\u0131z.[\/vc_column_text][\/vc_column][\/vc_row][vc_row triangle_shape=&#8221;no&#8221; css=&#8221;.vc_custom_1697608496058{padding-top: 50px !important;padding-bottom: 50px !important;}&#8221; el_class=&#8221;my-heading&#8221;][vc_column width=&#8221;1\/5&#8243;][\/vc_column][vc_column width=&#8221;1\/5&#8243;][\/vc_column][vc_column width=&#8221;1\/5&#8243;][\/vc_column][vc_column width=&#8221;1\/5&#8243;][\/vc_column][vc_column width=&#8221;1\/5&#8243;][\/vc_column][\/vc_row]<\/p>\n","protected":false},"author":1,"featured_media":0,"parent":0,"menu_order":0,"comment_status":"closed","ping_status":"closed","template":"","meta":{"footnotes":""},"class_list":["post-9953","page","type-page","status-publish","hentry"],"yoast_head":"<!-- This site is optimized with the Yoast SEO Premium plugin v27.2 (Yoast SEO v27.3) - https:\/\/yoast.com\/product\/yoast-seo-premium-wordpress\/ -->\n<title>Rechtsanwaltskanzlei in Hamburg Berlin Bremen Hannover L\u00fcbeck<\/title>\n<meta name=\"description\" content=\"Rechtsanwaltskanzlei f\u00fcr Arbeitsrecht, Arzthaftung, Mietrecht, Gewerbemietrecht ,Gastronomierecht, Immobilienrecht, Schadensersatz Yachtrecht\" \/>\n<meta name=\"robots\" content=\"index, follow, max-snippet:-1, max-image-preview:large, max-video-preview:-1\" \/>\n<link rel=\"canonical\" href=\"https:\/\/www.kanzlei-steinwachs.de\/tr\/hukuk-alanlari\/\" \/>\n<meta property=\"og:locale\" content=\"tr_TR\" \/>\n<meta property=\"og:type\" content=\"article\" \/>\n<meta property=\"og:title\" content=\"Rechtsanwaltskanzlei in Hamburg Berlin Bremen Hannover L\u00fcbeck\" \/>\n<meta property=\"og:description\" content=\"Rechtsanwaltskanzlei f\u00fcr Arbeitsrecht, Arzthaftung, Mietrecht, Gewerbemietrecht ,Gastronomierecht, Immobilienrecht, Schadensersatz Yachtrecht\" \/>\n<meta property=\"og:url\" content=\"https:\/\/www.kanzlei-steinwachs.de\/tr\/hukuk-alanlari\/\" \/>\n<meta property=\"og:site_name\" content=\"Rechtsanwaltskanzlei Anwalt Hamburg Berlin Bremen Hannover L\u00fcbeck\" \/>\n<meta property=\"article:publisher\" content=\"https:\/\/www.facebook.com\/STEINWACHSRechtsanwaltskanzlei\/\" \/>\n<meta property=\"article:modified_time\" content=\"2023-10-27T09:34:27+00:00\" \/>\n<meta name=\"twitter:card\" content=\"summary_large_image\" \/>\n<meta name=\"twitter:site\" content=\"@rasteinwachs\" \/>\n<meta name=\"twitter:label1\" content=\"Tahmini okuma s\u00fcresi\" \/>\n\t<meta name=\"twitter:data1\" content=\"3 dakika\" \/>\n<script type=\"application\/ld+json\" class=\"yoast-schema-graph\">{\"@context\":\"https:\\\/\\\/schema.org\",\"@graph\":[{\"@type\":\"WebPage\",\"@id\":\"https:\\\/\\\/www.kanzlei-steinwachs.de\\\/tr\\\/hukuk-alanlari\\\/\",\"url\":\"https:\\\/\\\/www.kanzlei-steinwachs.de\\\/tr\\\/hukuk-alanlari\\\/\",\"name\":\"Rechtsanwaltskanzlei in Hamburg Berlin Bremen Hannover L\u00fcbeck\",\"isPartOf\":{\"@id\":\"https:\\\/\\\/www.kanzlei-steinwachs.de\\\/tr\\\/#website\"},\"datePublished\":\"2023-09-22T10:30:16+00:00\",\"dateModified\":\"2023-10-27T09:34:27+00:00\",\"description\":\"Rechtsanwaltskanzlei f\u00fcr Arbeitsrecht, Arzthaftung, Mietrecht, Gewerbemietrecht ,Gastronomierecht, Immobilienrecht, Schadensersatz Yachtrecht\",\"inLanguage\":\"tr\",\"potentialAction\":[{\"@type\":\"ReadAction\",\"target\":[\"https:\\\/\\\/www.kanzlei-steinwachs.de\\\/tr\\\/hukuk-alanlari\\\/\"]}]},{\"@type\":\"WebSite\",\"@id\":\"https:\\\/\\\/www.kanzlei-steinwachs.de\\\/tr\\\/#website\",\"url\":\"https:\\\/\\\/www.kanzlei-steinwachs.de\\\/tr\\\/\",\"name\":\"Rechtsanwaltskanzlei Anwalt Hamburg Berlin Bremen Hannover L\u00fcbeck\",\"description\":\"Wir leisten mehr als Recht bietet\",\"publisher\":{\"@id\":\"https:\\\/\\\/www.kanzlei-steinwachs.de\\\/tr\\\/#organization\"},\"potentialAction\":[{\"@type\":\"SearchAction\",\"target\":{\"@type\":\"EntryPoint\",\"urlTemplate\":\"https:\\\/\\\/www.kanzlei-steinwachs.de\\\/tr\\\/?s={search_term_string}\"},\"query-input\":{\"@type\":\"PropertyValueSpecification\",\"valueRequired\":true,\"valueName\":\"search_term_string\"}}],\"inLanguage\":\"tr\"},{\"@type\":[\"Organization\",\"Place\"],\"@id\":\"https:\\\/\\\/www.kanzlei-steinwachs.de\\\/tr\\\/#organization\",\"name\":\"Rechtsanwaltskanzlei Anwalt Hamburg Berlin Bremen Hannover L\u00fcbeck\",\"url\":\"https:\\\/\\\/www.kanzlei-steinwachs.de\\\/\",\"logo\":{\"@type\":\"ImageObject\",\"inLanguage\":\"tr\",\"@id\":\"https:\\\/\\\/www.kanzlei-steinwachs.de\\\/tr\\\/#\\\/schema\\\/logo\\\/image\\\/\",\"url\":\"https:\\\/\\\/i0.wp.com\\\/www.kanzlei-steinwachs.de\\\/wp-content\\\/uploads\\\/2023\\\/12\\\/logo.webp?fit=174%2C76&quality=80&ssl=1\",\"contentUrl\":\"https:\\\/\\\/i0.wp.com\\\/www.kanzlei-steinwachs.de\\\/wp-content\\\/uploads\\\/2023\\\/12\\\/logo.webp?fit=174%2C76&quality=80&ssl=1\",\"width\":174,\"height\":76,\"caption\":\"Rechtsanwaltskanzlei Anwalt Hamburg Berlin Bremen Hannover L\u00fcbeck\"},\"image\":{\"@id\":\"https:\\\/\\\/www.kanzlei-steinwachs.de\\\/tr\\\/#\\\/schema\\\/logo\\\/image\\\/\"},\"sameAs\":[\"https:\\\/\\\/www.facebook.com\\\/STEINWACHSRechtsanwaltskanzlei\\\/\",\"https:\\\/\\\/x.com\\\/rasteinwachs\",\"https:\\\/\\\/www.instagram.com\\\/steinwachs_rechtsanwaelte\\\/\",\"https:\\\/\\\/www.linkedin.com\\\/in\\\/stephan-steinwachs-7a270197\\\/\",\"https:\\\/\\\/www.youtube.com\\\/channel\\\/UCffmodDlQx81remXm395RWA\"],\"telephone\":[]}]}<\/script>\n<!-- \/ Yoast SEO Premium plugin. -->","yoast_head_json":{"title":"Rechtsanwaltskanzlei in Hamburg Berlin Bremen Hannover L\u00fcbeck","description":"Rechtsanwaltskanzlei f\u00fcr Arbeitsrecht, Arzthaftung, Mietrecht, Gewerbemietrecht ,Gastronomierecht, Immobilienrecht, Schadensersatz Yachtrecht","robots":{"index":"index","follow":"follow","max-snippet":"max-snippet:-1","max-image-preview":"max-image-preview:large","max-video-preview":"max-video-preview:-1"},"canonical":"https:\/\/www.kanzlei-steinwachs.de\/tr\/hukuk-alanlari\/","og_locale":"tr_TR","og_type":"article","og_title":"Rechtsanwaltskanzlei in Hamburg Berlin Bremen Hannover L\u00fcbeck","og_description":"Rechtsanwaltskanzlei f\u00fcr Arbeitsrecht, Arzthaftung, Mietrecht, Gewerbemietrecht ,Gastronomierecht, Immobilienrecht, Schadensersatz Yachtrecht","og_url":"https:\/\/www.kanzlei-steinwachs.de\/tr\/hukuk-alanlari\/","og_site_name":"Rechtsanwaltskanzlei Anwalt Hamburg Berlin Bremen Hannover L\u00fcbeck","article_publisher":"https:\/\/www.facebook.com\/STEINWACHSRechtsanwaltskanzlei\/","article_modified_time":"2023-10-27T09:34:27+00:00","twitter_card":"summary_large_image","twitter_site":"@rasteinwachs","twitter_misc":{"Tahmini okuma s\u00fcresi":"3 dakika"},"schema":{"@context":"https:\/\/schema.org","@graph":[{"@type":"WebPage","@id":"https:\/\/www.kanzlei-steinwachs.de\/tr\/hukuk-alanlari\/","url":"https:\/\/www.kanzlei-steinwachs.de\/tr\/hukuk-alanlari\/","name":"Rechtsanwaltskanzlei in Hamburg Berlin Bremen Hannover L\u00fcbeck","isPartOf":{"@id":"https:\/\/www.kanzlei-steinwachs.de\/tr\/#website"},"datePublished":"2023-09-22T10:30:16+00:00","dateModified":"2023-10-27T09:34:27+00:00","description":"Rechtsanwaltskanzlei f\u00fcr Arbeitsrecht, Arzthaftung, Mietrecht, Gewerbemietrecht ,Gastronomierecht, Immobilienrecht, Schadensersatz Yachtrecht","inLanguage":"tr","potentialAction":[{"@type":"ReadAction","target":["https:\/\/www.kanzlei-steinwachs.de\/tr\/hukuk-alanlari\/"]}]},{"@type":"WebSite","@id":"https:\/\/www.kanzlei-steinwachs.de\/tr\/#website","url":"https:\/\/www.kanzlei-steinwachs.de\/tr\/","name":"Rechtsanwaltskanzlei Anwalt Hamburg Berlin Bremen Hannover L\u00fcbeck","description":"Wir leisten mehr als Recht bietet","publisher":{"@id":"https:\/\/www.kanzlei-steinwachs.de\/tr\/#organization"},"potentialAction":[{"@type":"SearchAction","target":{"@type":"EntryPoint","urlTemplate":"https:\/\/www.kanzlei-steinwachs.de\/tr\/?s={search_term_string}"},"query-input":{"@type":"PropertyValueSpecification","valueRequired":true,"valueName":"search_term_string"}}],"inLanguage":"tr"},{"@type":["Organization","Place"],"@id":"https:\/\/www.kanzlei-steinwachs.de\/tr\/#organization","name":"Rechtsanwaltskanzlei Anwalt Hamburg Berlin Bremen Hannover L\u00fcbeck","url":"https:\/\/www.kanzlei-steinwachs.de\/","logo":{"@type":"ImageObject","inLanguage":"tr","@id":"https:\/\/www.kanzlei-steinwachs.de\/tr\/#\/schema\/logo\/image\/","url":"https:\/\/i0.wp.com\/www.kanzlei-steinwachs.de\/wp-content\/uploads\/2023\/12\/logo.webp?fit=174%2C76&quality=80&ssl=1","contentUrl":"https:\/\/i0.wp.com\/www.kanzlei-steinwachs.de\/wp-content\/uploads\/2023\/12\/logo.webp?fit=174%2C76&quality=80&ssl=1","width":174,"height":76,"caption":"Rechtsanwaltskanzlei Anwalt Hamburg Berlin Bremen Hannover L\u00fcbeck"},"image":{"@id":"https:\/\/www.kanzlei-steinwachs.de\/tr\/#\/schema\/logo\/image\/"},"sameAs":["https:\/\/www.facebook.com\/STEINWACHSRechtsanwaltskanzlei\/","https:\/\/x.com\/rasteinwachs","https:\/\/www.instagram.com\/steinwachs_rechtsanwaelte\/","https:\/\/www.linkedin.com\/in\/stephan-steinwachs-7a270197\/","https:\/\/www.youtube.com\/channel\/UCffmodDlQx81remXm395RWA"],"telephone":[]}]}},"jetpack_sharing_enabled":true,"_links":{"self":[{"href":"https:\/\/www.kanzlei-steinwachs.de\/tr\/wp-json\/wp\/v2\/pages\/9953","targetHints":{"allow":["GET"]}}],"collection":[{"href":"https:\/\/www.kanzlei-steinwachs.de\/tr\/wp-json\/wp\/v2\/pages"}],"about":[{"href":"https:\/\/www.kanzlei-steinwachs.de\/tr\/wp-json\/wp\/v2\/types\/page"}],"author":[{"embeddable":true,"href":"https:\/\/www.kanzlei-steinwachs.de\/tr\/wp-json\/wp\/v2\/users\/1"}],"replies":[{"embeddable":true,"href":"https:\/\/www.kanzlei-steinwachs.de\/tr\/wp-json\/wp\/v2\/comments?post=9953"}],"version-history":[{"count":0,"href":"https:\/\/www.kanzlei-steinwachs.de\/tr\/wp-json\/wp\/v2\/pages\/9953\/revisions"}],"wp:attachment":[{"href":"https:\/\/www.kanzlei-steinwachs.de\/tr\/wp-json\/wp\/v2\/media?parent=9953"}],"curies":[{"name":"wp","href":"https:\/\/api.w.org\/{rel}","templated":true}]}}