{"id":9944,"date":"2023-10-18T09:43:45","date_gmt":"2023-10-18T07:43:45","guid":{"rendered":"https:\/\/www.kanzlei-steinwachs.de\/ueruen-sorumlulugu-kanunu\/"},"modified":"2023-10-27T11:24:55","modified_gmt":"2023-10-27T09:24:55","slug":"ueruen-sorumlulugu-kanunu","status":"publish","type":"page","link":"https:\/\/www.kanzlei-steinwachs.de\/tr\/ueruen-sorumlulugu-kanunu\/","title":{"rendered":"\u00dcr\u00fcn sorumlulu\u011fu kanunu"},"content":{"rendered":"<div class=\"wpb-content-wrapper\"><p>[vc_row content_width=&#8221;grid&#8221; content_aligment=&#8221;center&#8221; triangle_shape=&#8221;no&#8221; css=&#8221;.vc_custom_1696926719838{padding-bottom: 10px !important;background-position: center !important;background-repeat: no-repeat !important;background-size: cover !important;}&#8221;][vc_column]<div class=\"mkd-separator-holder clearfix  mkd-separator-center mkd-separator-with-icon mkd-animate\" style=\"margin-top: 20px; margin-bottom: 30px\">\n\t<div class=\"mkd-separator\" style=\"border-color: #c18f59;border-style: solid;width: 97.5px\"><\/div>\n\t\t<div class=\"mkd-separator-icon\">\n\t\t\t                    \t\t\t\t\t\t<\/div>\n\t<div class=\"mkd-separator\" style=\"border-color: #c18f59;border-style: solid;width: 97.5px\"><\/div>\n<\/div>\n[\/vc_column][\/vc_row][vc_row triangle_shape=&#8221;no&#8221;][vc_column][vc_column_text css=&#8221;.vc_custom_1697615090451{margin-bottom: 0px !important;padding-top: 20px !important;padding-bottom: 1px !important;}&#8221;]\u00dcr\u00fcn sorumlulu\u011fu hukuku, \u00fcreticilerin pazarlad\u0131klar\u0131 \u00fcr\u00fcnlere ili\u015fkin hukuki sorumlulu\u011funu ele al\u0131r.<\/p>\n<div id=\"gtx-trans\" style=\"position: absolute; left: 115px; top: -10px;\">\n<div class=\"gtx-trans-icon\"><\/div>\n<\/div>\n<p>[\/vc_column_text][vc_column_text css=&#8221;.vc_custom_1697615094978{padding-top: 10px !important;}&#8221;]\u00dcr\u00fcn sorumlulu\u011fu hukukunda, imalat\u00e7\u0131lar\u0131n \u00fcr\u00fcnlere ili\u015fkin sorumlulu\u011fu, bir yandan, \u201c\u00fcretici sorumlulu\u011fu\u201d olarak adland\u0131r\u0131lan haks\u0131z fiil hukukunun genel d\u00fczenlemelerinden kaynaklanmaktad\u0131r. Bir \u00fcr\u00fcn\u00fcn \u00fcreticisi trafik g\u00fcvenli\u011fi y\u00fck\u00fcml\u00fcl\u00fcklerine tabidir; bir \u00fcr\u00fcn\u00fc piyasaya s\u00fcrmeden \u00f6nce, \u00fcr\u00fcn\u00fcn kullan\u0131m\u0131ndan kaynaklanan herhangi bir tehlike olup olmad\u0131\u011f\u0131n\u0131 iyice kontrol etmelidir. Bu nedenle sorumluluk Medeni Kanun&#8217;un 823 ve devam\u0131 B\u00f6l\u00fcmlerinden kaynaklanmaktad\u0131r. \u0130\u00e7tihat hukuku, haks\u0131z \u00fcretici sorumlulu\u011fu i\u00e7in \u00fcr\u00fcn sorumlulu\u011fu hukukunda vaka gruplar\u0131 geli\u015ftirmi\u015ftir: tasar\u0131m hatalar\u0131, \u00fcretim hatalar\u0131, talimat hatalar\u0131, \u00fcr\u00fcn g\u00f6zlem hatalar\u0131. \u00dcr\u00fcn sorumlulu\u011fu hukukunda, imalat\u00e7\u0131n\u0131n telafisi genellikle yaln\u0131zca \u00fcretim kusurlar\u0131 durumunda m\u00fcmk\u00fcnd\u00fcr; imalat\u00e7\u0131n\u0131n bunun yaln\u0131zca bir &#8220;ayk\u0131r\u0131 de\u011fer&#8221; oldu\u011funu kan\u0131tlamas\u0131 ko\u015fuluyla.    <\/p>\n<div id=\"gtx-trans\" style=\"position: absolute; left: 148px; top: -10px;\">\n<div class=\"gtx-trans-icon\"><\/div>\n<\/div>\n<p>[\/vc_column_text][vc_column_text css=&#8221;.vc_custom_1697615101163{padding-top: 10px !important;}&#8221;]\u00d6te yandan yasama organ\u0131, \u00fcr\u00fcn sorumlulu\u011fu yasas\u0131n\u0131 Avrupa d\u00fczeyinde standartla\u015ft\u0131rmaya y\u00f6nelik bir AB direktifinin uygulanmas\u0131na hizmet eden \u00dcr\u00fcn Sorumlulu\u011fu Yasas\u0131&#8217;n\u0131 olu\u015fturdu. Haks\u0131z \u00fcretici sorumlulu\u011funun aksine, \u00dcr\u00fcn Sorumlulu\u011fu Kanunu kapsam\u0131ndaki sorumluluk kusurdan ba\u011f\u0131ms\u0131zd\u0131r. Bununla birlikte, \u00dcr\u00fcn Sorumlulu\u011fu Yasas\u0131, \u00fcretici i\u00e7in \u00e7e\u015fitli sorumluluk istisnalar\u0131 i\u00e7erir; bkz. B\u00f6l\u00fcm 1 II ProdHaftG ve \u00fcr\u00fcn sorumlulu\u011fu yasas\u0131ndaki haks\u0131z sorumlulukla kar\u015f\u0131la\u015ft\u0131r\u0131ld\u0131\u011f\u0131nda baz\u0131 zay\u0131fl\u0131klar i\u00e7erir (\u00f6rne\u011fin, maksimum sorumluluk s\u0131n\u0131r\u0131 veya m\u00fclk\u00fcn zarar g\u00f6rmesi durumunda muafiyet) .[\/vc_column_text][vc_column_text css=&#8221;.vc_custom_1697615109641{padding-top: 10px !important;}&#8221;]\u00dcr\u00fcn sorumlulu\u011fu hukukunda sadece \u00fcreticinin kendisi de\u011fil ayn\u0131 zamanda yar\u0131-imalat\u00e7\u0131, \u00fc\u00e7\u00fcnc\u00fc \u00fclkelerden ithalat\u00e7\u0131 veya tedarik\u00e7i de dikkate al\u0131nmaktad\u0131r, bkz. B\u00f6l\u00fcm 4 ProdHaftG.[\/vc_column_text][\/vc_column][\/vc_row][vc_row triangle_shape=&#8221;no&#8221; css=&#8221;.vc_custom_1697799452596{padding-top: 30px !important;}&#8221; el_class=&#8221;all-least-pages&#8221;][vc_column][vc_row_inner css=&#8221;.vc_custom_1697455935676{padding-bottom: 10px !important;}&#8221;][vc_column_inner width=&#8221;1\/2&#8243;]\n<h2 class=\"mkd-custom-font-holder\" style=\"font-size: 20px;line-height: 30px;font-weight: 700\" data-font-size= 20 data-line-height= 30>\n\tZu den zentralen Themen im Produkthaftungsrecht geh\u00f6ren unter anderem:<\/h2>[vc_empty_space]<div class=\"mkd-unordered-list \" ><ul>\n<li>\u00dcr\u00fcn sorumlulu\u011fu kanununda aklanman\u0131n merkezi olmayan kan\u0131t\u0131<\/li>\n<li>\u00dcr\u00fcn kusuru vaka gruplar\u0131<\/li>\n<li>Sorumlulu\u011fun kapsam\u0131 (zararlar, ac\u0131 ve \u0131st\u0131rap tazminat\u0131 vb.)<\/li>\n<li>\u00dcr\u00fcnlerin geri \u00e7a\u011fr\u0131lmas\u0131<\/li>\n<li>Organizasyon hatas\u0131<\/li>\n<li>\u00dcr\u00fcn sorumlulu\u011fu hukukunda ispat y\u00fck\u00fcn\u00fcn tersine \u00e7evrilmesi<\/li>\n<\/ul>\n<div id=\"gtx-trans\" style=\"position: absolute; left: 119px; top: 110px;\">\n<div class=\"gtx-trans-icon\"><\/div>\n<\/div>\n<\/div>[\/vc_column_inner][vc_column_inner width=&#8221;1\/2&#8243;][vc_single_image image=&#8221;1425&#8243; img_size=&#8221;full&#8221;][\/vc_column_inner][\/vc_row_inner][\/vc_column][\/vc_row][vc_row triangle_shape=&#8221;no&#8221; css=&#8221;.vc_custom_1697799462508{padding-bottom: 50px !important;}&#8221; el_class=&#8221;all-least-pages1&#8243;][vc_column]\n<h2 class=\"mkd-custom-font-holder\" style=\"font-size: 20px;line-height: 20px;font-weight: 700\" data-font-size= 20 data-line-height= 20>\n\tAbschluss<\/h2>[vc_column_text css=&#8221;.vc_custom_1697615164275{padding-top: 10px !important;}&#8221;]<\/p>\n<div class=\"art-content\">\n<div class=\"art-Post\">\n<div class=\"art-Post-body\">\n<div class=\"art-Post-inner art-article\">\n<div class=\"art-PostContent\">\n<p>\u0130lerleyen sayfalarda sizlere \u00fcr\u00fcn sorumlulu\u011fu hukukunun temel ilkeleri hakk\u0131nda m\u00fcmk\u00fcn oldu\u011funca fazla bilgi vermeye \u00e7al\u0131\u015faca\u011f\u0131z.<\/p>\n<\/div>\n<\/div>\n<\/div>\n<\/div>\n<\/div>\n<p>[\/vc_column_text][vc_column_text css=&#8221;.vc_custom_1697615170251{padding-top: 10px !important;}&#8221;]<\/p>\n<div class=\"art-content\">\n<div class=\"art-Post\">\n<div class=\"art-Post-body\">\n<div class=\"art-Post-inner art-article\">\n<div class=\"art-PostContent\">\n<p>\u00dcr\u00fcn sorumlulu\u011fu hukukuyla ilgili a\u015fa\u011f\u0131daki sayfalar\u0131 da \u00f6neririz<\/p>\n<\/div>\n<\/div>\n<\/div>\n<\/div>\n<\/div>\n<p>[\/vc_column_text][\/vc_column][\/vc_row]<\/p>\n<\/div>","protected":false},"excerpt":{"rendered":"<p>[vc_row content_width=&#8221;grid&#8221; content_aligment=&#8221;center&#8221; triangle_shape=&#8221;no&#8221; css=&#8221;.vc_custom_1696926719838{padding-bottom: 10px !important;background-position: center !important;background-repeat: no-repeat !important;background-size: cover !important;}&#8221;][vc_column][\/vc_column][\/vc_row][vc_row triangle_shape=&#8221;no&#8221;][vc_column][vc_column_text css=&#8221;.vc_custom_1697615090451{margin-bottom: 0px !important;padding-top: 20px !important;padding-bottom: 1px !important;}&#8221;]\u00dcr\u00fcn sorumlulu\u011fu hukuku, \u00fcreticilerin pazarlad\u0131klar\u0131 \u00fcr\u00fcnlere ili\u015fkin hukuki sorumlulu\u011funu ele al\u0131r. [\/vc_column_text][vc_column_text css=&#8221;.vc_custom_1697615094978{padding-top: 10px !important;}&#8221;]\u00dcr\u00fcn sorumlulu\u011fu hukukunda, imalat\u00e7\u0131lar\u0131n \u00fcr\u00fcnlere ili\u015fkin sorumlulu\u011fu, bir yandan, \u201c\u00fcretici sorumlulu\u011fu\u201d olarak adland\u0131r\u0131lan haks\u0131z fiil hukukunun genel d\u00fczenlemelerinden kaynaklanmaktad\u0131r. Bir \u00fcr\u00fcn\u00fcn \u00fcreticisi trafik g\u00fcvenli\u011fi y\u00fck\u00fcml\u00fcl\u00fcklerine tabidir; bir \u00fcr\u00fcn\u00fc piyasaya s\u00fcrmeden \u00f6nce, \u00fcr\u00fcn\u00fcn kullan\u0131m\u0131ndan kaynaklanan herhangi bir tehlike olup olmad\u0131\u011f\u0131n\u0131 iyice kontrol etmelidir. Bu nedenle sorumluluk Medeni Kanun&#8217;un 823 ve devam\u0131 B\u00f6l\u00fcmlerinden kaynaklanmaktad\u0131r. \u0130\u00e7tihat hukuku, haks\u0131z \u00fcretici sorumlulu\u011fu i\u00e7in \u00fcr\u00fcn sorumlulu\u011fu hukukunda vaka gruplar\u0131 geli\u015ftirmi\u015ftir: tasar\u0131m hatalar\u0131,&#8230;<\/p>\n","protected":false},"author":1,"featured_media":0,"parent":0,"menu_order":0,"comment_status":"closed","ping_status":"closed","template":"","meta":{"footnotes":""},"class_list":["post-9944","page","type-page","status-publish","hentry"],"yoast_head":"<!-- This site is optimized with the Yoast SEO Premium plugin v27.2 (Yoast SEO v27.3) - https:\/\/yoast.com\/product\/yoast-seo-premium-wordpress\/ -->\n<title>Rechtsanwaltskanzlei in Hamburg Berlin Bremen Hannover L\u00fcbeck<\/title>\n<meta name=\"description\" content=\"Rechtsanwaltskanzlei f\u00fcr Arbeitsrecht, Arzthaftung, Mietrecht, Gewerbemietrecht ,Gastronomierecht, Immobilienrecht, Schadensersatz Yachtrecht\" \/>\n<meta name=\"robots\" content=\"index, follow, max-snippet:-1, max-image-preview:large, max-video-preview:-1\" \/>\n<link rel=\"canonical\" href=\"https:\/\/www.kanzlei-steinwachs.de\/tr\/ueruen-sorumlulugu-kanunu\/\" \/>\n<meta property=\"og:locale\" content=\"tr_TR\" \/>\n<meta property=\"og:type\" content=\"article\" \/>\n<meta property=\"og:title\" content=\"Rechtsanwaltskanzlei in Hamburg Berlin Bremen Hannover L\u00fcbeck\" \/>\n<meta property=\"og:description\" content=\"Rechtsanwaltskanzlei f\u00fcr Arbeitsrecht, Arzthaftung, Mietrecht, Gewerbemietrecht ,Gastronomierecht, Immobilienrecht, Schadensersatz Yachtrecht\" \/>\n<meta property=\"og:url\" content=\"https:\/\/www.kanzlei-steinwachs.de\/tr\/ueruen-sorumlulugu-kanunu\/\" \/>\n<meta property=\"og:site_name\" content=\"Rechtsanwaltskanzlei Anwalt Hamburg Berlin Bremen Hannover L\u00fcbeck\" \/>\n<meta property=\"article:publisher\" content=\"https:\/\/www.facebook.com\/STEINWACHSRechtsanwaltskanzlei\/\" \/>\n<meta property=\"article:modified_time\" content=\"2023-10-27T09:24:55+00:00\" \/>\n<meta name=\"twitter:card\" content=\"summary_large_image\" \/>\n<meta name=\"twitter:site\" content=\"@rasteinwachs\" \/>\n<meta name=\"twitter:label1\" content=\"Tahmini okuma s\u00fcresi\" \/>\n\t<meta name=\"twitter:data1\" content=\"3 dakika\" \/>\n<script type=\"application\/ld+json\" class=\"yoast-schema-graph\">{\"@context\":\"https:\\\/\\\/schema.org\",\"@graph\":[{\"@type\":\"WebPage\",\"@id\":\"https:\\\/\\\/www.kanzlei-steinwachs.de\\\/tr\\\/ueruen-sorumlulugu-kanunu\\\/\",\"url\":\"https:\\\/\\\/www.kanzlei-steinwachs.de\\\/tr\\\/ueruen-sorumlulugu-kanunu\\\/\",\"name\":\"Rechtsanwaltskanzlei in Hamburg Berlin Bremen Hannover L\u00fcbeck\",\"isPartOf\":{\"@id\":\"https:\\\/\\\/www.kanzlei-steinwachs.de\\\/tr\\\/#website\"},\"datePublished\":\"2023-10-18T07:43:45+00:00\",\"dateModified\":\"2023-10-27T09:24:55+00:00\",\"description\":\"Rechtsanwaltskanzlei f\u00fcr Arbeitsrecht, Arzthaftung, Mietrecht, Gewerbemietrecht ,Gastronomierecht, Immobilienrecht, Schadensersatz Yachtrecht\",\"inLanguage\":\"tr\",\"potentialAction\":[{\"@type\":\"ReadAction\",\"target\":[\"https:\\\/\\\/www.kanzlei-steinwachs.de\\\/tr\\\/ueruen-sorumlulugu-kanunu\\\/\"]}]},{\"@type\":\"WebSite\",\"@id\":\"https:\\\/\\\/www.kanzlei-steinwachs.de\\\/tr\\\/#website\",\"url\":\"https:\\\/\\\/www.kanzlei-steinwachs.de\\\/tr\\\/\",\"name\":\"Rechtsanwaltskanzlei Anwalt Hamburg Berlin Bremen Hannover L\u00fcbeck\",\"description\":\"Wir leisten mehr als Recht bietet\",\"publisher\":{\"@id\":\"https:\\\/\\\/www.kanzlei-steinwachs.de\\\/tr\\\/#organization\"},\"potentialAction\":[{\"@type\":\"SearchAction\",\"target\":{\"@type\":\"EntryPoint\",\"urlTemplate\":\"https:\\\/\\\/www.kanzlei-steinwachs.de\\\/tr\\\/?s={search_term_string}\"},\"query-input\":{\"@type\":\"PropertyValueSpecification\",\"valueRequired\":true,\"valueName\":\"search_term_string\"}}],\"inLanguage\":\"tr\"},{\"@type\":[\"Organization\",\"Place\"],\"@id\":\"https:\\\/\\\/www.kanzlei-steinwachs.de\\\/tr\\\/#organization\",\"name\":\"Rechtsanwaltskanzlei Anwalt Hamburg Berlin Bremen Hannover L\u00fcbeck\",\"url\":\"https:\\\/\\\/www.kanzlei-steinwachs.de\\\/\",\"logo\":{\"@type\":\"ImageObject\",\"inLanguage\":\"tr\",\"@id\":\"https:\\\/\\\/www.kanzlei-steinwachs.de\\\/tr\\\/#\\\/schema\\\/logo\\\/image\\\/\",\"url\":\"https:\\\/\\\/i0.wp.com\\\/www.kanzlei-steinwachs.de\\\/wp-content\\\/uploads\\\/2023\\\/12\\\/logo.webp?fit=174%2C76&quality=80&ssl=1\",\"contentUrl\":\"https:\\\/\\\/i0.wp.com\\\/www.kanzlei-steinwachs.de\\\/wp-content\\\/uploads\\\/2023\\\/12\\\/logo.webp?fit=174%2C76&quality=80&ssl=1\",\"width\":174,\"height\":76,\"caption\":\"Rechtsanwaltskanzlei Anwalt Hamburg Berlin Bremen Hannover L\u00fcbeck\"},\"image\":{\"@id\":\"https:\\\/\\\/www.kanzlei-steinwachs.de\\\/tr\\\/#\\\/schema\\\/logo\\\/image\\\/\"},\"sameAs\":[\"https:\\\/\\\/www.facebook.com\\\/STEINWACHSRechtsanwaltskanzlei\\\/\",\"https:\\\/\\\/x.com\\\/rasteinwachs\",\"https:\\\/\\\/www.instagram.com\\\/steinwachs_rechtsanwaelte\\\/\",\"https:\\\/\\\/www.linkedin.com\\\/in\\\/stephan-steinwachs-7a270197\\\/\",\"https:\\\/\\\/www.youtube.com\\\/channel\\\/UCffmodDlQx81remXm395RWA\"],\"telephone\":[]}]}<\/script>\n<!-- \/ Yoast SEO Premium plugin. -->","yoast_head_json":{"title":"Rechtsanwaltskanzlei in Hamburg Berlin Bremen Hannover L\u00fcbeck","description":"Rechtsanwaltskanzlei f\u00fcr Arbeitsrecht, Arzthaftung, Mietrecht, Gewerbemietrecht ,Gastronomierecht, Immobilienrecht, Schadensersatz Yachtrecht","robots":{"index":"index","follow":"follow","max-snippet":"max-snippet:-1","max-image-preview":"max-image-preview:large","max-video-preview":"max-video-preview:-1"},"canonical":"https:\/\/www.kanzlei-steinwachs.de\/tr\/ueruen-sorumlulugu-kanunu\/","og_locale":"tr_TR","og_type":"article","og_title":"Rechtsanwaltskanzlei in Hamburg Berlin Bremen Hannover L\u00fcbeck","og_description":"Rechtsanwaltskanzlei f\u00fcr Arbeitsrecht, Arzthaftung, Mietrecht, Gewerbemietrecht ,Gastronomierecht, Immobilienrecht, Schadensersatz Yachtrecht","og_url":"https:\/\/www.kanzlei-steinwachs.de\/tr\/ueruen-sorumlulugu-kanunu\/","og_site_name":"Rechtsanwaltskanzlei Anwalt Hamburg Berlin Bremen Hannover L\u00fcbeck","article_publisher":"https:\/\/www.facebook.com\/STEINWACHSRechtsanwaltskanzlei\/","article_modified_time":"2023-10-27T09:24:55+00:00","twitter_card":"summary_large_image","twitter_site":"@rasteinwachs","twitter_misc":{"Tahmini okuma s\u00fcresi":"3 dakika"},"schema":{"@context":"https:\/\/schema.org","@graph":[{"@type":"WebPage","@id":"https:\/\/www.kanzlei-steinwachs.de\/tr\/ueruen-sorumlulugu-kanunu\/","url":"https:\/\/www.kanzlei-steinwachs.de\/tr\/ueruen-sorumlulugu-kanunu\/","name":"Rechtsanwaltskanzlei in Hamburg Berlin Bremen Hannover L\u00fcbeck","isPartOf":{"@id":"https:\/\/www.kanzlei-steinwachs.de\/tr\/#website"},"datePublished":"2023-10-18T07:43:45+00:00","dateModified":"2023-10-27T09:24:55+00:00","description":"Rechtsanwaltskanzlei f\u00fcr Arbeitsrecht, Arzthaftung, Mietrecht, Gewerbemietrecht ,Gastronomierecht, Immobilienrecht, Schadensersatz Yachtrecht","inLanguage":"tr","potentialAction":[{"@type":"ReadAction","target":["https:\/\/www.kanzlei-steinwachs.de\/tr\/ueruen-sorumlulugu-kanunu\/"]}]},{"@type":"WebSite","@id":"https:\/\/www.kanzlei-steinwachs.de\/tr\/#website","url":"https:\/\/www.kanzlei-steinwachs.de\/tr\/","name":"Rechtsanwaltskanzlei Anwalt Hamburg Berlin Bremen Hannover L\u00fcbeck","description":"Wir leisten mehr als Recht bietet","publisher":{"@id":"https:\/\/www.kanzlei-steinwachs.de\/tr\/#organization"},"potentialAction":[{"@type":"SearchAction","target":{"@type":"EntryPoint","urlTemplate":"https:\/\/www.kanzlei-steinwachs.de\/tr\/?s={search_term_string}"},"query-input":{"@type":"PropertyValueSpecification","valueRequired":true,"valueName":"search_term_string"}}],"inLanguage":"tr"},{"@type":["Organization","Place"],"@id":"https:\/\/www.kanzlei-steinwachs.de\/tr\/#organization","name":"Rechtsanwaltskanzlei Anwalt Hamburg Berlin Bremen Hannover L\u00fcbeck","url":"https:\/\/www.kanzlei-steinwachs.de\/","logo":{"@type":"ImageObject","inLanguage":"tr","@id":"https:\/\/www.kanzlei-steinwachs.de\/tr\/#\/schema\/logo\/image\/","url":"https:\/\/i0.wp.com\/www.kanzlei-steinwachs.de\/wp-content\/uploads\/2023\/12\/logo.webp?fit=174%2C76&quality=80&ssl=1","contentUrl":"https:\/\/i0.wp.com\/www.kanzlei-steinwachs.de\/wp-content\/uploads\/2023\/12\/logo.webp?fit=174%2C76&quality=80&ssl=1","width":174,"height":76,"caption":"Rechtsanwaltskanzlei Anwalt Hamburg Berlin Bremen Hannover L\u00fcbeck"},"image":{"@id":"https:\/\/www.kanzlei-steinwachs.de\/tr\/#\/schema\/logo\/image\/"},"sameAs":["https:\/\/www.facebook.com\/STEINWACHSRechtsanwaltskanzlei\/","https:\/\/x.com\/rasteinwachs","https:\/\/www.instagram.com\/steinwachs_rechtsanwaelte\/","https:\/\/www.linkedin.com\/in\/stephan-steinwachs-7a270197\/","https:\/\/www.youtube.com\/channel\/UCffmodDlQx81remXm395RWA"],"telephone":[]}]}},"jetpack_sharing_enabled":true,"_links":{"self":[{"href":"https:\/\/www.kanzlei-steinwachs.de\/tr\/wp-json\/wp\/v2\/pages\/9944","targetHints":{"allow":["GET"]}}],"collection":[{"href":"https:\/\/www.kanzlei-steinwachs.de\/tr\/wp-json\/wp\/v2\/pages"}],"about":[{"href":"https:\/\/www.kanzlei-steinwachs.de\/tr\/wp-json\/wp\/v2\/types\/page"}],"author":[{"embeddable":true,"href":"https:\/\/www.kanzlei-steinwachs.de\/tr\/wp-json\/wp\/v2\/users\/1"}],"replies":[{"embeddable":true,"href":"https:\/\/www.kanzlei-steinwachs.de\/tr\/wp-json\/wp\/v2\/comments?post=9944"}],"version-history":[{"count":0,"href":"https:\/\/www.kanzlei-steinwachs.de\/tr\/wp-json\/wp\/v2\/pages\/9944\/revisions"}],"wp:attachment":[{"href":"https:\/\/www.kanzlei-steinwachs.de\/tr\/wp-json\/wp\/v2\/media?parent=9944"}],"curies":[{"name":"wp","href":"https:\/\/api.w.org\/{rel}","templated":true}]}}