{"id":9941,"date":"2023-10-18T09:41:11","date_gmt":"2023-10-18T07:41:11","guid":{"rendered":"https:\/\/www.kanzlei-steinwachs.de\/hemsirelik-hukuku\/"},"modified":"2023-10-27T11:23:10","modified_gmt":"2023-10-27T09:23:10","slug":"hemsirelik-hukuku","status":"publish","type":"page","link":"https:\/\/www.kanzlei-steinwachs.de\/tr\/hemsirelik-hukuku\/","title":{"rendered":"Hem\u015firelik hukuku"},"content":{"rendered":"<div class=\"wpb-content-wrapper\"><p>[vc_row content_width=&#8221;grid&#8221; content_aligment=&#8221;center&#8221; triangle_shape=&#8221;no&#8221; css=&#8221;.vc_custom_1696926719838{padding-bottom: 10px !important;background-position: center !important;background-repeat: no-repeat !important;background-size: cover !important;}&#8221;][vc_column]<div class=\"mkd-separator-holder clearfix  mkd-separator-center mkd-separator-with-icon mkd-animate\" style=\"margin-top: 20px; margin-bottom: 30px\">\n\t<div class=\"mkd-separator\" style=\"border-color: #c18f59;border-style: solid;width: 97.5px\"><\/div>\n\t\t<div class=\"mkd-separator-icon\">\n\t\t\t                    \t\t\t\t\t\t<\/div>\n\t<div class=\"mkd-separator\" style=\"border-color: #c18f59;border-style: solid;width: 97.5px\"><\/div>\n<\/div>\n[\/vc_column][\/vc_row][vc_row triangle_shape=&#8221;no&#8221;][vc_column][vc_column_text css=&#8221;.vc_custom_1697614899163{margin-bottom: 0px !important;padding-top: 20px !important;padding-bottom: 1px !important;}&#8221;]Hem\u015firelik hukuku, hasta veya engelli bireylerin bak\u0131m\u0131 ve buna ba\u011fl\u0131 hukuki ilke ve sorunlar\u0131 ele alan t\u00fcm yasal d\u00fczenlemeleri i\u00e7ermektedir.<\/p>\n<div id=\"gtx-trans\" style=\"position: absolute; left: 227px; top: -10px;\">\n<div class=\"gtx-trans-icon\"><\/div>\n<\/div>\n<p>[\/vc_column_text][vc_column_text css=&#8221;.vc_custom_1697614905546{padding-top: 10px !important;}&#8221;]Hem\u015firelik hukuku, sosyal hukukla yak\u0131ndan ba\u011flant\u0131l\u0131d\u0131r; hem\u015firelik hukukundaki h\u00fck\u00fcmlerin \u00f6nemli bir k\u0131sm\u0131, yasal hem\u015firelik bak\u0131m\u0131 sigortas\u0131yla ilgili olan Sosyal G\u00fcvenlik Kanununun Onbirinci Kitab\u0131&#8217;nda (SGB XI) bulunabilir. Ancak \u00f6zel hem\u015firelik bak\u0131m sigortas\u0131 da hem\u015firelik hukukunun bir par\u00e7as\u0131 say\u0131l\u0131r. Hem\u015firelik hukuku, \u00f6zellikle sigortal\u0131 ile bak\u0131m fonlar\u0131 (hizmet sa\u011flay\u0131c\u0131lar) aras\u0131ndaki hukuki ili\u015fkileri ve ayr\u0131ca sigortal\u0131 veya bak\u0131m fonlar\u0131 ile hizmet sa\u011flay\u0131c\u0131lar (\u00f6rn. bak\u0131m yard\u0131m\u0131, bak\u0131m evi) aras\u0131ndaki hukuki ili\u015fkileri d\u00fczenler.  <\/p>\n<div id=\"gtx-trans\" style=\"position: absolute; left: 205px; top: 110px;\">\n<div class=\"gtx-trans-icon\"><\/div>\n<\/div>\n<div id=\"gtx-trans\" style=\"position: absolute; left: 205px; top: 110px;\">\n<div class=\"gtx-trans-icon\"><\/div>\n<\/div>\n<p>[\/vc_column_text][vc_column_text css=&#8221;.vc_custom_1697614913634{padding-top: 10px !important;}&#8221;]Yasal sa\u011fl\u0131k sigortas\u0131 olan herkes ayn\u0131 zamanda otomatik olarak Hem\u015firelik Kanununa g\u00f6re de sigortal\u0131d\u0131r, bkz. <a href=\"http:\/\/dejure.org\/gesetze\/SGB_XI\/1.html\">B\u00f6l\u00fcm 1 II SGB XI<\/a>. \u00d6zel sa\u011fl\u0131k sigortas\u0131 olan herkes, Hem\u015firelik Kanunu uyar\u0131nca ayr\u0131ca \u00f6zel bir bak\u0131m sigortas\u0131 s\u00f6zle\u015fmesi de yapmakla y\u00fck\u00fcml\u00fcd\u00fcr, bkz. B\u00f6l\u00fcm 23 I 1 SGB XI. Sa\u011fl\u0131k sigortas\u0131 gibi bak\u0131m sigortas\u0131 da bak\u0131ma ihtiya\u00e7 duyma riskinin tamam\u0131n\u0131 kapsayan zorunlu bir sigortad\u0131r.[\/vc_column_text][vc_column_text css=&#8221;.vc_custom_1697614921194{padding-top: 10px !important;}&#8221;]\u00a7 15 SGB&#8217;ye g\u00f6re Hem\u015firelik hukukunda bu, sa\u011fl\u0131k sigortas\u0131 \u015firketlerinin t\u0131bbi hizmetlerinden gelen raporlara dayanarak ger\u00e7ekle\u015fir. Seviye ne kadar y\u00fcksek olursa, ki\u015fi o kadar bak\u0131ma muhta\u00e7 demektir ve o kadar \u00e7ok yard\u0131m sa\u011flan\u0131r.[\/vc_column_text][\/vc_column][\/vc_row][vc_row triangle_shape=&#8221;no&#8221; css=&#8221;.vc_custom_1697799386501{padding-top: 30px !important;}&#8221; el_class=&#8221;all-least-pages&#8221;][vc_column][vc_row_inner css=&#8221;.vc_custom_1697455935676{padding-bottom: 10px !important;}&#8221;][vc_column_inner width=&#8221;1\/2&#8243;]\n<h2 class=\"mkd-custom-font-holder\" style=\"font-size: 20px;line-height: 30px;font-weight: 700\" data-font-size= 20 data-line-height= 30>\n\tZu den Leistungen im Bereich Pflegerecht geh\u00f6ren unter anderem:<\/h2>[vc_empty_space]<div class=\"mkd-unordered-list \" ><ul>\n<li>Yard\u0131mlar (\u00f6rne\u011fin tekerlekli sandalye, protezler)<\/li>\n<li>Yenileme \u00f6nlemleri<\/li>\n<li>Evde bak\u0131m (evde bak\u0131m yard\u0131mc\u0131lar\u0131)<\/li>\n<li>K\u0131smi bak\u0131m (\u00f6rne\u011fin g\u00fcnd\u00fcz ve gece bak\u0131m\u0131)<\/li>\n<li>Tamamen yatarak tedavi (\u00f6rn. bak\u0131mevinde)<\/li>\n<li>Bak\u0131m \u00f6dene\u011fi (\u00f6rn. akrabalar taraf\u0131ndan bak\u0131ld\u0131\u011f\u0131nda)<\/li>\n<li>Kombinasyon hizmetleri<\/li>\n<\/ul>\n<\/div>[\/vc_column_inner][vc_column_inner width=&#8221;1\/2&#8243;][vc_single_image image=&#8221;1425&#8243; img_size=&#8221;full&#8221;][\/vc_column_inner][\/vc_row_inner][\/vc_column][\/vc_row][vc_row triangle_shape=&#8221;no&#8221; css=&#8221;.vc_custom_1697799398956{padding-bottom: 50px !important;}&#8221; el_class=&#8221;all-least-pages1&#8243;][vc_column]\n<h2 class=\"mkd-custom-font-holder\" style=\"font-size: 20px;line-height: 20px;font-weight: 700\" data-font-size= 20 data-line-height= 20>\n\tAbschluss<\/h2>[vc_column_text css=&#8221;.vc_custom_1697614969219{padding-top: 10px !important;}&#8221;]<\/p>\n<div class=\"art-content\">\n<div class=\"art-Post\">\n<div class=\"art-Post-body\">\n<div class=\"art-Post-inner art-article\">\n<div class=\"art-PostContent\">\n<p>\u0130lerleyen sayfalarda sizlere hem\u015firelik hukukunun temelleri hakk\u0131nda m\u00fcmk\u00fcn oldu\u011funca fazla bilgi sunmaya \u00e7al\u0131\u015faca\u011f\u0131z.<\/p>\n<\/div>\n<\/div>\n<\/div>\n<\/div>\n<\/div>\n<p>[\/vc_column_text][vc_column_text css=&#8221;.vc_custom_1697614976467{padding-top: 10px !important;}&#8221;]<\/p>\n<div class=\"art-content\">\n<div class=\"art-Post\">\n<div class=\"art-Post-body\">\n<div class=\"art-Post-inner art-article\">\n<div class=\"art-PostContent\">\n<div class=\"art-content\">\n<div class=\"art-Post\">\n<div class=\"art-Post-body\">\n<div class=\"art-Post-inner art-article\">\n<div class=\"art-PostContent\">\n<p>Ayr\u0131ca hem\u015firelik hukuku ile ilgili a\u015fa\u011f\u0131daki sayfalar\u0131 da \u00f6neriyoruz:<\/p>\n<\/div>\n<\/div>\n<\/div>\n<\/div>\n<\/div>\n<\/div>\n<\/div>\n<\/div>\n<\/div>\n<\/div>\n<p>[\/vc_column_text][\/vc_column][\/vc_row]<\/p>\n<\/div>","protected":false},"excerpt":{"rendered":"<p>[vc_row content_width=&#8221;grid&#8221; content_aligment=&#8221;center&#8221; triangle_shape=&#8221;no&#8221; css=&#8221;.vc_custom_1696926719838{padding-bottom: 10px !important;background-position: center !important;background-repeat: no-repeat !important;background-size: cover !important;}&#8221;][vc_column][\/vc_column][\/vc_row][vc_row triangle_shape=&#8221;no&#8221;][vc_column][vc_column_text css=&#8221;.vc_custom_1697614899163{margin-bottom: 0px !important;padding-top: 20px !important;padding-bottom: 1px !important;}&#8221;]Hem\u015firelik hukuku, hasta veya engelli bireylerin bak\u0131m\u0131 ve buna ba\u011fl\u0131 hukuki ilke ve sorunlar\u0131 ele alan t\u00fcm yasal d\u00fczenlemeleri i\u00e7ermektedir. [\/vc_column_text][vc_column_text css=&#8221;.vc_custom_1697614905546{padding-top: 10px !important;}&#8221;]Hem\u015firelik hukuku, sosyal hukukla yak\u0131ndan ba\u011flant\u0131l\u0131d\u0131r; hem\u015firelik hukukundaki h\u00fck\u00fcmlerin \u00f6nemli bir k\u0131sm\u0131, yasal hem\u015firelik bak\u0131m\u0131 sigortas\u0131yla ilgili olan Sosyal G\u00fcvenlik Kanununun Onbirinci Kitab\u0131&#8217;nda (SGB XI) bulunabilir. Ancak \u00f6zel hem\u015firelik bak\u0131m sigortas\u0131 da hem\u015firelik hukukunun bir par\u00e7as\u0131 say\u0131l\u0131r. Hem\u015firelik hukuku, \u00f6zellikle sigortal\u0131 ile bak\u0131m fonlar\u0131 (hizmet sa\u011flay\u0131c\u0131lar) aras\u0131ndaki hukuki ili\u015fkileri ve ayr\u0131ca sigortal\u0131 veya bak\u0131m fonlar\u0131 ile hizmet&#8230;<\/p>\n","protected":false},"author":1,"featured_media":0,"parent":0,"menu_order":0,"comment_status":"closed","ping_status":"closed","template":"","meta":{"footnotes":""},"class_list":["post-9941","page","type-page","status-publish","hentry"],"yoast_head":"<!-- This site is optimized with the Yoast SEO Premium plugin v27.2 (Yoast SEO v27.4) - https:\/\/yoast.com\/product\/yoast-seo-premium-wordpress\/ -->\n<title>Rechtsanwaltskanzlei in Hamburg Berlin Bremen Hannover L\u00fcbeck<\/title>\n<meta name=\"description\" content=\"Rechtsanwaltskanzlei f\u00fcr Arbeitsrecht, Arzthaftung, Mietrecht, Gewerbemietrecht ,Gastronomierecht, Immobilienrecht, Schadensersatz Yachtrecht\" \/>\n<meta name=\"robots\" content=\"index, follow, max-snippet:-1, max-image-preview:large, max-video-preview:-1\" \/>\n<link rel=\"canonical\" href=\"https:\/\/www.kanzlei-steinwachs.de\/tr\/hemsirelik-hukuku\/\" \/>\n<meta property=\"og:locale\" content=\"tr_TR\" \/>\n<meta property=\"og:type\" content=\"article\" \/>\n<meta property=\"og:title\" content=\"Rechtsanwaltskanzlei in Hamburg Berlin Bremen Hannover L\u00fcbeck\" \/>\n<meta property=\"og:description\" content=\"Rechtsanwaltskanzlei f\u00fcr Arbeitsrecht, Arzthaftung, Mietrecht, Gewerbemietrecht ,Gastronomierecht, Immobilienrecht, Schadensersatz Yachtrecht\" \/>\n<meta property=\"og:url\" content=\"https:\/\/www.kanzlei-steinwachs.de\/tr\/hemsirelik-hukuku\/\" \/>\n<meta property=\"og:site_name\" content=\"Rechtsanwaltskanzlei Anwalt Hamburg Berlin Bremen Hannover L\u00fcbeck\" \/>\n<meta property=\"article:publisher\" content=\"https:\/\/www.facebook.com\/STEINWACHSRechtsanwaltskanzlei\/\" \/>\n<meta property=\"article:modified_time\" content=\"2023-10-27T09:23:10+00:00\" \/>\n<meta name=\"twitter:card\" content=\"summary_large_image\" \/>\n<meta name=\"twitter:site\" content=\"@rasteinwachs\" \/>\n<meta name=\"twitter:label1\" content=\"Tahmini okuma s\u00fcresi\" \/>\n\t<meta name=\"twitter:data1\" content=\"3 dakika\" \/>\n<script type=\"application\/ld+json\" class=\"yoast-schema-graph\">{\"@context\":\"https:\\\/\\\/schema.org\",\"@graph\":[{\"@type\":\"WebPage\",\"@id\":\"https:\\\/\\\/www.kanzlei-steinwachs.de\\\/tr\\\/hemsirelik-hukuku\\\/\",\"url\":\"https:\\\/\\\/www.kanzlei-steinwachs.de\\\/tr\\\/hemsirelik-hukuku\\\/\",\"name\":\"Rechtsanwaltskanzlei in Hamburg Berlin Bremen Hannover L\u00fcbeck\",\"isPartOf\":{\"@id\":\"https:\\\/\\\/www.kanzlei-steinwachs.de\\\/tr\\\/#website\"},\"datePublished\":\"2023-10-18T07:41:11+00:00\",\"dateModified\":\"2023-10-27T09:23:10+00:00\",\"description\":\"Rechtsanwaltskanzlei f\u00fcr Arbeitsrecht, Arzthaftung, Mietrecht, Gewerbemietrecht ,Gastronomierecht, Immobilienrecht, Schadensersatz Yachtrecht\",\"inLanguage\":\"tr\",\"potentialAction\":[{\"@type\":\"ReadAction\",\"target\":[\"https:\\\/\\\/www.kanzlei-steinwachs.de\\\/tr\\\/hemsirelik-hukuku\\\/\"]}]},{\"@type\":\"WebSite\",\"@id\":\"https:\\\/\\\/www.kanzlei-steinwachs.de\\\/tr\\\/#website\",\"url\":\"https:\\\/\\\/www.kanzlei-steinwachs.de\\\/tr\\\/\",\"name\":\"Rechtsanwaltskanzlei Anwalt Hamburg Berlin Bremen Hannover L\u00fcbeck\",\"description\":\"Wir leisten mehr als Recht bietet\",\"publisher\":{\"@id\":\"https:\\\/\\\/www.kanzlei-steinwachs.de\\\/tr\\\/#organization\"},\"potentialAction\":[{\"@type\":\"SearchAction\",\"target\":{\"@type\":\"EntryPoint\",\"urlTemplate\":\"https:\\\/\\\/www.kanzlei-steinwachs.de\\\/tr\\\/?s={search_term_string}\"},\"query-input\":{\"@type\":\"PropertyValueSpecification\",\"valueRequired\":true,\"valueName\":\"search_term_string\"}}],\"inLanguage\":\"tr\"},{\"@type\":[\"Organization\",\"Place\"],\"@id\":\"https:\\\/\\\/www.kanzlei-steinwachs.de\\\/tr\\\/#organization\",\"name\":\"Rechtsanwaltskanzlei Anwalt Hamburg Berlin Bremen Hannover L\u00fcbeck\",\"url\":\"https:\\\/\\\/www.kanzlei-steinwachs.de\\\/\",\"logo\":{\"@type\":\"ImageObject\",\"inLanguage\":\"tr\",\"@id\":\"https:\\\/\\\/www.kanzlei-steinwachs.de\\\/tr\\\/#\\\/schema\\\/logo\\\/image\\\/\",\"url\":\"https:\\\/\\\/i0.wp.com\\\/www.kanzlei-steinwachs.de\\\/wp-content\\\/uploads\\\/2023\\\/12\\\/logo.webp?fit=174%2C76&quality=80&ssl=1\",\"contentUrl\":\"https:\\\/\\\/i0.wp.com\\\/www.kanzlei-steinwachs.de\\\/wp-content\\\/uploads\\\/2023\\\/12\\\/logo.webp?fit=174%2C76&quality=80&ssl=1\",\"width\":174,\"height\":76,\"caption\":\"Rechtsanwaltskanzlei Anwalt Hamburg Berlin Bremen Hannover L\u00fcbeck\"},\"image\":{\"@id\":\"https:\\\/\\\/www.kanzlei-steinwachs.de\\\/tr\\\/#\\\/schema\\\/logo\\\/image\\\/\"},\"sameAs\":[\"https:\\\/\\\/www.facebook.com\\\/STEINWACHSRechtsanwaltskanzlei\\\/\",\"https:\\\/\\\/x.com\\\/rasteinwachs\",\"https:\\\/\\\/www.instagram.com\\\/steinwachs_rechtsanwaelte\\\/\",\"https:\\\/\\\/www.linkedin.com\\\/in\\\/stephan-steinwachs-7a270197\\\/\",\"https:\\\/\\\/www.youtube.com\\\/channel\\\/UCffmodDlQx81remXm395RWA\"],\"telephone\":[]}]}<\/script>\n<!-- \/ Yoast SEO Premium plugin. -->","yoast_head_json":{"title":"Rechtsanwaltskanzlei in Hamburg Berlin Bremen Hannover L\u00fcbeck","description":"Rechtsanwaltskanzlei f\u00fcr Arbeitsrecht, Arzthaftung, Mietrecht, Gewerbemietrecht ,Gastronomierecht, Immobilienrecht, Schadensersatz Yachtrecht","robots":{"index":"index","follow":"follow","max-snippet":"max-snippet:-1","max-image-preview":"max-image-preview:large","max-video-preview":"max-video-preview:-1"},"canonical":"https:\/\/www.kanzlei-steinwachs.de\/tr\/hemsirelik-hukuku\/","og_locale":"tr_TR","og_type":"article","og_title":"Rechtsanwaltskanzlei in Hamburg Berlin Bremen Hannover L\u00fcbeck","og_description":"Rechtsanwaltskanzlei f\u00fcr Arbeitsrecht, Arzthaftung, Mietrecht, Gewerbemietrecht ,Gastronomierecht, Immobilienrecht, Schadensersatz Yachtrecht","og_url":"https:\/\/www.kanzlei-steinwachs.de\/tr\/hemsirelik-hukuku\/","og_site_name":"Rechtsanwaltskanzlei Anwalt Hamburg Berlin Bremen Hannover L\u00fcbeck","article_publisher":"https:\/\/www.facebook.com\/STEINWACHSRechtsanwaltskanzlei\/","article_modified_time":"2023-10-27T09:23:10+00:00","twitter_card":"summary_large_image","twitter_site":"@rasteinwachs","twitter_misc":{"Tahmini okuma s\u00fcresi":"3 dakika"},"schema":{"@context":"https:\/\/schema.org","@graph":[{"@type":"WebPage","@id":"https:\/\/www.kanzlei-steinwachs.de\/tr\/hemsirelik-hukuku\/","url":"https:\/\/www.kanzlei-steinwachs.de\/tr\/hemsirelik-hukuku\/","name":"Rechtsanwaltskanzlei in Hamburg Berlin Bremen Hannover L\u00fcbeck","isPartOf":{"@id":"https:\/\/www.kanzlei-steinwachs.de\/tr\/#website"},"datePublished":"2023-10-18T07:41:11+00:00","dateModified":"2023-10-27T09:23:10+00:00","description":"Rechtsanwaltskanzlei f\u00fcr Arbeitsrecht, Arzthaftung, Mietrecht, Gewerbemietrecht ,Gastronomierecht, Immobilienrecht, Schadensersatz Yachtrecht","inLanguage":"tr","potentialAction":[{"@type":"ReadAction","target":["https:\/\/www.kanzlei-steinwachs.de\/tr\/hemsirelik-hukuku\/"]}]},{"@type":"WebSite","@id":"https:\/\/www.kanzlei-steinwachs.de\/tr\/#website","url":"https:\/\/www.kanzlei-steinwachs.de\/tr\/","name":"Rechtsanwaltskanzlei Anwalt Hamburg Berlin Bremen Hannover L\u00fcbeck","description":"Wir leisten mehr als Recht bietet","publisher":{"@id":"https:\/\/www.kanzlei-steinwachs.de\/tr\/#organization"},"potentialAction":[{"@type":"SearchAction","target":{"@type":"EntryPoint","urlTemplate":"https:\/\/www.kanzlei-steinwachs.de\/tr\/?s={search_term_string}"},"query-input":{"@type":"PropertyValueSpecification","valueRequired":true,"valueName":"search_term_string"}}],"inLanguage":"tr"},{"@type":["Organization","Place"],"@id":"https:\/\/www.kanzlei-steinwachs.de\/tr\/#organization","name":"Rechtsanwaltskanzlei Anwalt Hamburg Berlin Bremen Hannover L\u00fcbeck","url":"https:\/\/www.kanzlei-steinwachs.de\/","logo":{"@type":"ImageObject","inLanguage":"tr","@id":"https:\/\/www.kanzlei-steinwachs.de\/tr\/#\/schema\/logo\/image\/","url":"https:\/\/i0.wp.com\/www.kanzlei-steinwachs.de\/wp-content\/uploads\/2023\/12\/logo.webp?fit=174%2C76&quality=80&ssl=1","contentUrl":"https:\/\/i0.wp.com\/www.kanzlei-steinwachs.de\/wp-content\/uploads\/2023\/12\/logo.webp?fit=174%2C76&quality=80&ssl=1","width":174,"height":76,"caption":"Rechtsanwaltskanzlei Anwalt Hamburg Berlin Bremen Hannover L\u00fcbeck"},"image":{"@id":"https:\/\/www.kanzlei-steinwachs.de\/tr\/#\/schema\/logo\/image\/"},"sameAs":["https:\/\/www.facebook.com\/STEINWACHSRechtsanwaltskanzlei\/","https:\/\/x.com\/rasteinwachs","https:\/\/www.instagram.com\/steinwachs_rechtsanwaelte\/","https:\/\/www.linkedin.com\/in\/stephan-steinwachs-7a270197\/","https:\/\/www.youtube.com\/channel\/UCffmodDlQx81remXm395RWA"],"telephone":[]}]}},"jetpack_sharing_enabled":true,"_links":{"self":[{"href":"https:\/\/www.kanzlei-steinwachs.de\/tr\/wp-json\/wp\/v2\/pages\/9941","targetHints":{"allow":["GET"]}}],"collection":[{"href":"https:\/\/www.kanzlei-steinwachs.de\/tr\/wp-json\/wp\/v2\/pages"}],"about":[{"href":"https:\/\/www.kanzlei-steinwachs.de\/tr\/wp-json\/wp\/v2\/types\/page"}],"author":[{"embeddable":true,"href":"https:\/\/www.kanzlei-steinwachs.de\/tr\/wp-json\/wp\/v2\/users\/1"}],"replies":[{"embeddable":true,"href":"https:\/\/www.kanzlei-steinwachs.de\/tr\/wp-json\/wp\/v2\/comments?post=9941"}],"version-history":[{"count":0,"href":"https:\/\/www.kanzlei-steinwachs.de\/tr\/wp-json\/wp\/v2\/pages\/9941\/revisions"}],"wp:attachment":[{"href":"https:\/\/www.kanzlei-steinwachs.de\/tr\/wp-json\/wp\/v2\/media?parent=9941"}],"curies":[{"name":"wp","href":"https:\/\/api.w.org\/{rel}","templated":true}]}}