{"id":9910,"date":"2023-09-22T14:51:40","date_gmt":"2023-09-22T12:51:40","guid":{"rendered":"https:\/\/www.kanzlei-steinwachs.de\/oynat-2\/"},"modified":"2023-10-27T11:05:42","modified_gmt":"2023-10-27T09:05:42","slug":"oynat-2","status":"publish","type":"page","link":"https:\/\/www.kanzlei-steinwachs.de\/tr\/oynat-2\/","title":{"rendered":"Oynat"},"content":{"rendered":"<div class=\"wpb-content-wrapper\"><p>[vc_row triangle_shape=&#8221;no&#8221; css=&#8221;.vc_custom_1695387360602{padding-bottom: 20px !important;}&#8221;][vc_column][vc_column_text]Kira hukukunda avukat\u0131n \u00e7al\u0131\u015fma konusu, kira s\u00f6zle\u015fmesine ili\u015fkin hukuki sorunlar ve uyu\u015fmazl\u0131klard\u0131r. Taraflar, \u00f6ncelikle ticari veya konut m\u00fclkleri i\u00e7in kira s\u00f6zle\u015fmeleri imzalayarak, kira hukukuna uzun vadeli bir taahh\u00fctte bulunurlar. Hem ev sahiplerinin hem de kirac\u0131lar\u0131n kira s\u00f6zle\u015fmesini her zaman \u00f6nceden kira hukuku konusunda deneyimli bir avukata kontrol ettirmeleri tavsiye edilir.[\/vc_column_text][\/vc_column][\/vc_row][vc_row triangle_shape=&#8221;no&#8221; css=&#8221;.vc_custom_1695387368203{padding-bottom: 20px !important;}&#8221;][vc_column][vc_column_text]Kira hukuku kanunla \u00f6zellikle a\u015fa\u011f\u0131daki d\u00fczenlemelerle d\u00fczenlenir:[\/vc_column_text][\/vc_column][\/vc_row][vc_row triangle_shape=&#8221;no&#8221; css=&#8221;.vc_custom_1695387374515{padding-bottom: 20px !important;}&#8221;][vc_column][vc_column_text]Medeni Kanun (\u00a7\u00a7 535 ff. BGB).<br \/>Konut Ba\u011flama Yasas\u0131 (WoBindG)<br \/>\u0130kinci Hesaplama Y\u00f6netmeli\u011fi (II.BVO)<br \/>Yeni Bina Kira Y\u00f6netmeli\u011fi (NMV)<br \/>\u0130kinci Konut \u0130n\u015faat\u0131 Kanunu (II. WoBauG).[\/vc_column_text][\/vc_column][\/vc_row][vc_row triangle_shape=&#8221;no&#8221; css=&#8221;.vc_custom_1695387405555{padding-bottom: 20px !important;}&#8221;][vc_column][vc_column_text]\u0130kinci Konut \u0130n\u015faat\u0131 Kanunu (II. WoBauG).[\/vc_column_text][\/vc_column][\/vc_row][vc_row triangle_shape=&#8221;no&#8221; css=&#8221;.vc_custom_1695387434227{padding-bottom: 20px !important;}&#8221;][vc_column][vc_column_text]Konut Te\u015fvik Yasas\u0131 (BGBl I 2001, 2376).[\/vc_column_text][\/vc_column][\/vc_row][vc_row triangle_shape=&#8221;no&#8221; css=&#8221;.vc_custom_1695387586755{padding-bottom: 20px !important;}&#8221;][vc_column][vc_column_text]<\/p>\n<p>Men\u00fc \u00f6\u011feleri aras\u0131nda:<\/p>\n<ul>\n<li>Sonland\u0131rma<\/li>\n<li>Kusurlar ve kira indirimi<\/li>\n<li>kira art\u0131\u015f\u0131<\/li>\n<li>i\u015fletme maliyeti<\/li>\n<\/ul>\n<p>[\/vc_column_text][\/vc_column][\/vc_row][vc_row triangle_shape=&#8221;no&#8221; css=&#8221;.vc_custom_1695387639483{padding-bottom: 20px !important;}&#8221;][vc_column][vc_column_text]Avukat Steinwachs&#8217;\u0131n haz\u0131rlad\u0131\u011f\u0131 konulara ili\u015fkin bilgileri bulacaks\u0131n\u0131z. Elbette bu, kira hukuku alan\u0131nda uzman bir avukat\u0131n tavsiyesinin yerini alamaz.[\/vc_column_text][\/vc_column][\/vc_row][vc_row triangle_shape=&#8221;no&#8221; css=&#8221;.vc_custom_1695387659107{padding-bottom: 20px !important;}&#8221;][vc_column][vc_column_text]Kira hukuku, belirsiz mevzuat ve eyalete \u00f6zg\u00fc mahkeme kararlar\u0131 nedeniyle avukatlar i\u00e7in bile karma\u015f\u0131k hale geldi\u011finden, bir anla\u015fmazl\u0131k durumunda, kira hukuku konusunda deneyimli bir avukat\u0131n yard\u0131m\u0131ndan vazge\u00e7emezsiniz. STEINWACHS&#8217;ta kirac\u0131 veya ev sahibi olarak, \u00f6zellikle kira hukukunda fesih konusunda avukat\u0131n\u0131z\u0131n deneyiminden yararlanabilirsiniz.[\/vc_column_text][\/vc_column][\/vc_row][vc_row triangle_shape=&#8221;no&#8221; css=&#8221;.vc_custom_1695387715219{padding-bottom: 20px !important;}&#8221;][vc_column][vc_column_text]Hamburg ve Berlin&#8217;deki STEINWACHS ekibi kirac\u0131l\u0131k hukukunun t\u00fcm alanlar\u0131nda \u00e7al\u0131\u015fmaktad\u0131r. Hamburg ve Berlin&#8217;deki dan\u0131\u015fmanl\u0131\u011f\u0131n\u0131z, kira hukuku konusunda deneyimli ve ba\u015far\u0131l\u0131 bir avukat taraf\u0131ndan sa\u011flanacakt\u0131r.[\/vc_column_text][\/vc_column][\/vc_row][vc_row triangle_shape=&#8221;no&#8221; css=&#8221;.vc_custom_1695387710827{padding-bottom: 20px !important;}&#8221;][vc_column][vc_column_text]Kira hukuku blogumuzda konuyla ilgili her \u015feyi okuyun![\/vc_column_text][\/vc_column][\/vc_row][vc_row triangle_shape=&#8221;no&#8221; css=&#8221;.vc_custom_1695387761875{padding-bottom: 20px !important;}&#8221;][vc_column][vc_column_text]Avukat Kirac\u0131l\u0131k Kanunu Hamburg Berlin Bremen sayfas\u0131n\u0131n i\u00e7eri\u011finden sorumlu: Avukat Stephan Steinwachs (Avukat Hamburg Berlin Bremen)<\/p>\n<p>[\/vc_column_text][\/vc_column][\/vc_row]<\/p>\n<\/div>","protected":false},"excerpt":{"rendered":"<p>[vc_row triangle_shape=&#8221;no&#8221; css=&#8221;.vc_custom_1695387360602{padding-bottom: 20px !important;}&#8221;][vc_column][vc_column_text]Kira hukukunda avukat\u0131n \u00e7al\u0131\u015fma konusu, kira s\u00f6zle\u015fmesine ili\u015fkin hukuki sorunlar ve uyu\u015fmazl\u0131klard\u0131r. Taraflar, \u00f6ncelikle ticari veya konut m\u00fclkleri i\u00e7in kira s\u00f6zle\u015fmeleri imzalayarak, kira hukukuna uzun vadeli bir taahh\u00fctte bulunurlar. Hem ev sahiplerinin hem de kirac\u0131lar\u0131n kira s\u00f6zle\u015fmesini her zaman \u00f6nceden kira hukuku konusunda deneyimli bir avukata kontrol ettirmeleri tavsiye edilir.[\/vc_column_text][\/vc_column][\/vc_row][vc_row triangle_shape=&#8221;no&#8221; css=&#8221;.vc_custom_1695387368203{padding-bottom: 20px !important;}&#8221;][vc_column][vc_column_text]Kira hukuku kanunla \u00f6zellikle a\u015fa\u011f\u0131daki d\u00fczenlemelerle d\u00fczenlenir:[\/vc_column_text][\/vc_column][\/vc_row][vc_row triangle_shape=&#8221;no&#8221; css=&#8221;.vc_custom_1695387374515{padding-bottom: 20px !important;}&#8221;][vc_column][vc_column_text]Medeni Kanun (\u00a7\u00a7 535 ff. BGB).Konut Ba\u011flama Yasas\u0131 (WoBindG)\u0130kinci Hesaplama Y\u00f6netmeli\u011fi (II.BVO)Yeni Bina Kira Y\u00f6netmeli\u011fi (NMV)\u0130kinci Konut \u0130n\u015faat\u0131 Kanunu (II. WoBauG).[\/vc_column_text][\/vc_column][\/vc_row][vc_row triangle_shape=&#8221;no&#8221; css=&#8221;.vc_custom_1695387405555{padding-bottom: 20px !important;}&#8221;][vc_column][vc_column_text]\u0130kinci Konut \u0130n\u015faat\u0131 Kanunu (II. WoBauG).[\/vc_column_text][\/vc_column][\/vc_row][vc_row triangle_shape=&#8221;no&#8221; css=&#8221;.vc_custom_1695387434227{padding-bottom: 20px&#8230;<\/p>\n","protected":false},"author":1,"featured_media":0,"parent":0,"menu_order":0,"comment_status":"closed","ping_status":"closed","template":"","meta":{"footnotes":""},"class_list":["post-9910","page","type-page","status-publish","hentry"],"yoast_head":"<!-- This site is optimized with the Yoast SEO Premium plugin v27.2 (Yoast SEO v27.4) - https:\/\/yoast.com\/product\/yoast-seo-premium-wordpress\/ -->\n<title>Rechtsanwaltskanzlei in Hamburg Berlin Bremen Hannover L\u00fcbeck<\/title>\n<meta name=\"description\" content=\"Rechtsanwaltskanzlei f\u00fcr Arbeitsrecht, Arzthaftung, Mietrecht, Gewerbemietrecht ,Gastronomierecht, Immobilienrecht, Schadensersatz Yachtrecht\" \/>\n<meta name=\"robots\" content=\"index, follow, max-snippet:-1, max-image-preview:large, max-video-preview:-1\" \/>\n<link rel=\"canonical\" href=\"https:\/\/www.kanzlei-steinwachs.de\/tr\/oynat-2\/\" \/>\n<meta property=\"og:locale\" content=\"tr_TR\" \/>\n<meta property=\"og:type\" content=\"article\" \/>\n<meta property=\"og:title\" content=\"Rechtsanwaltskanzlei in Hamburg Berlin Bremen Hannover L\u00fcbeck\" \/>\n<meta property=\"og:description\" content=\"Rechtsanwaltskanzlei f\u00fcr Arbeitsrecht, Arzthaftung, Mietrecht, Gewerbemietrecht ,Gastronomierecht, Immobilienrecht, Schadensersatz Yachtrecht\" \/>\n<meta property=\"og:url\" content=\"https:\/\/www.kanzlei-steinwachs.de\/tr\/oynat-2\/\" \/>\n<meta property=\"og:site_name\" content=\"Rechtsanwaltskanzlei Anwalt Hamburg Berlin Bremen Hannover L\u00fcbeck\" \/>\n<meta property=\"article:publisher\" content=\"https:\/\/www.facebook.com\/STEINWACHSRechtsanwaltskanzlei\/\" \/>\n<meta property=\"article:modified_time\" content=\"2023-10-27T09:05:42+00:00\" \/>\n<meta name=\"twitter:card\" content=\"summary_large_image\" \/>\n<meta name=\"twitter:site\" content=\"@rasteinwachs\" \/>\n<meta name=\"twitter:label1\" content=\"Tahmini okuma s\u00fcresi\" \/>\n\t<meta name=\"twitter:data1\" content=\"3 dakika\" \/>\n<script type=\"application\/ld+json\" class=\"yoast-schema-graph\">{\"@context\":\"https:\\\/\\\/schema.org\",\"@graph\":[{\"@type\":\"WebPage\",\"@id\":\"https:\\\/\\\/www.kanzlei-steinwachs.de\\\/tr\\\/oynat-2\\\/\",\"url\":\"https:\\\/\\\/www.kanzlei-steinwachs.de\\\/tr\\\/oynat-2\\\/\",\"name\":\"Rechtsanwaltskanzlei in Hamburg Berlin Bremen Hannover L\u00fcbeck\",\"isPartOf\":{\"@id\":\"https:\\\/\\\/www.kanzlei-steinwachs.de\\\/tr\\\/#website\"},\"datePublished\":\"2023-09-22T12:51:40+00:00\",\"dateModified\":\"2023-10-27T09:05:42+00:00\",\"description\":\"Rechtsanwaltskanzlei f\u00fcr Arbeitsrecht, Arzthaftung, Mietrecht, Gewerbemietrecht ,Gastronomierecht, Immobilienrecht, Schadensersatz Yachtrecht\",\"inLanguage\":\"tr\",\"potentialAction\":[{\"@type\":\"ReadAction\",\"target\":[\"https:\\\/\\\/www.kanzlei-steinwachs.de\\\/tr\\\/oynat-2\\\/\"]}]},{\"@type\":\"WebSite\",\"@id\":\"https:\\\/\\\/www.kanzlei-steinwachs.de\\\/tr\\\/#website\",\"url\":\"https:\\\/\\\/www.kanzlei-steinwachs.de\\\/tr\\\/\",\"name\":\"Rechtsanwaltskanzlei Anwalt Hamburg Berlin Bremen Hannover L\u00fcbeck\",\"description\":\"Wir leisten mehr als Recht bietet\",\"publisher\":{\"@id\":\"https:\\\/\\\/www.kanzlei-steinwachs.de\\\/tr\\\/#organization\"},\"potentialAction\":[{\"@type\":\"SearchAction\",\"target\":{\"@type\":\"EntryPoint\",\"urlTemplate\":\"https:\\\/\\\/www.kanzlei-steinwachs.de\\\/tr\\\/?s={search_term_string}\"},\"query-input\":{\"@type\":\"PropertyValueSpecification\",\"valueRequired\":true,\"valueName\":\"search_term_string\"}}],\"inLanguage\":\"tr\"},{\"@type\":[\"Organization\",\"Place\"],\"@id\":\"https:\\\/\\\/www.kanzlei-steinwachs.de\\\/tr\\\/#organization\",\"name\":\"Rechtsanwaltskanzlei Anwalt Hamburg Berlin Bremen Hannover L\u00fcbeck\",\"url\":\"https:\\\/\\\/www.kanzlei-steinwachs.de\\\/\",\"logo\":{\"@type\":\"ImageObject\",\"inLanguage\":\"tr\",\"@id\":\"https:\\\/\\\/www.kanzlei-steinwachs.de\\\/tr\\\/#\\\/schema\\\/logo\\\/image\\\/\",\"url\":\"https:\\\/\\\/i0.wp.com\\\/www.kanzlei-steinwachs.de\\\/wp-content\\\/uploads\\\/2023\\\/12\\\/logo.webp?fit=174%2C76&quality=80&ssl=1\",\"contentUrl\":\"https:\\\/\\\/i0.wp.com\\\/www.kanzlei-steinwachs.de\\\/wp-content\\\/uploads\\\/2023\\\/12\\\/logo.webp?fit=174%2C76&quality=80&ssl=1\",\"width\":174,\"height\":76,\"caption\":\"Rechtsanwaltskanzlei Anwalt Hamburg Berlin Bremen Hannover L\u00fcbeck\"},\"image\":{\"@id\":\"https:\\\/\\\/www.kanzlei-steinwachs.de\\\/tr\\\/#\\\/schema\\\/logo\\\/image\\\/\"},\"sameAs\":[\"https:\\\/\\\/www.facebook.com\\\/STEINWACHSRechtsanwaltskanzlei\\\/\",\"https:\\\/\\\/x.com\\\/rasteinwachs\",\"https:\\\/\\\/www.instagram.com\\\/steinwachs_rechtsanwaelte\\\/\",\"https:\\\/\\\/www.linkedin.com\\\/in\\\/stephan-steinwachs-7a270197\\\/\",\"https:\\\/\\\/www.youtube.com\\\/channel\\\/UCffmodDlQx81remXm395RWA\"],\"telephone\":[]}]}<\/script>\n<!-- \/ Yoast SEO Premium plugin. -->","yoast_head_json":{"title":"Rechtsanwaltskanzlei in Hamburg Berlin Bremen Hannover L\u00fcbeck","description":"Rechtsanwaltskanzlei f\u00fcr Arbeitsrecht, Arzthaftung, Mietrecht, Gewerbemietrecht ,Gastronomierecht, Immobilienrecht, Schadensersatz Yachtrecht","robots":{"index":"index","follow":"follow","max-snippet":"max-snippet:-1","max-image-preview":"max-image-preview:large","max-video-preview":"max-video-preview:-1"},"canonical":"https:\/\/www.kanzlei-steinwachs.de\/tr\/oynat-2\/","og_locale":"tr_TR","og_type":"article","og_title":"Rechtsanwaltskanzlei in Hamburg Berlin Bremen Hannover L\u00fcbeck","og_description":"Rechtsanwaltskanzlei f\u00fcr Arbeitsrecht, Arzthaftung, Mietrecht, Gewerbemietrecht ,Gastronomierecht, Immobilienrecht, Schadensersatz Yachtrecht","og_url":"https:\/\/www.kanzlei-steinwachs.de\/tr\/oynat-2\/","og_site_name":"Rechtsanwaltskanzlei Anwalt Hamburg Berlin Bremen Hannover L\u00fcbeck","article_publisher":"https:\/\/www.facebook.com\/STEINWACHSRechtsanwaltskanzlei\/","article_modified_time":"2023-10-27T09:05:42+00:00","twitter_card":"summary_large_image","twitter_site":"@rasteinwachs","twitter_misc":{"Tahmini okuma s\u00fcresi":"3 dakika"},"schema":{"@context":"https:\/\/schema.org","@graph":[{"@type":"WebPage","@id":"https:\/\/www.kanzlei-steinwachs.de\/tr\/oynat-2\/","url":"https:\/\/www.kanzlei-steinwachs.de\/tr\/oynat-2\/","name":"Rechtsanwaltskanzlei in Hamburg Berlin Bremen Hannover L\u00fcbeck","isPartOf":{"@id":"https:\/\/www.kanzlei-steinwachs.de\/tr\/#website"},"datePublished":"2023-09-22T12:51:40+00:00","dateModified":"2023-10-27T09:05:42+00:00","description":"Rechtsanwaltskanzlei f\u00fcr Arbeitsrecht, Arzthaftung, Mietrecht, Gewerbemietrecht ,Gastronomierecht, Immobilienrecht, Schadensersatz Yachtrecht","inLanguage":"tr","potentialAction":[{"@type":"ReadAction","target":["https:\/\/www.kanzlei-steinwachs.de\/tr\/oynat-2\/"]}]},{"@type":"WebSite","@id":"https:\/\/www.kanzlei-steinwachs.de\/tr\/#website","url":"https:\/\/www.kanzlei-steinwachs.de\/tr\/","name":"Rechtsanwaltskanzlei Anwalt Hamburg Berlin Bremen Hannover L\u00fcbeck","description":"Wir leisten mehr als Recht bietet","publisher":{"@id":"https:\/\/www.kanzlei-steinwachs.de\/tr\/#organization"},"potentialAction":[{"@type":"SearchAction","target":{"@type":"EntryPoint","urlTemplate":"https:\/\/www.kanzlei-steinwachs.de\/tr\/?s={search_term_string}"},"query-input":{"@type":"PropertyValueSpecification","valueRequired":true,"valueName":"search_term_string"}}],"inLanguage":"tr"},{"@type":["Organization","Place"],"@id":"https:\/\/www.kanzlei-steinwachs.de\/tr\/#organization","name":"Rechtsanwaltskanzlei Anwalt Hamburg Berlin Bremen Hannover L\u00fcbeck","url":"https:\/\/www.kanzlei-steinwachs.de\/","logo":{"@type":"ImageObject","inLanguage":"tr","@id":"https:\/\/www.kanzlei-steinwachs.de\/tr\/#\/schema\/logo\/image\/","url":"https:\/\/i0.wp.com\/www.kanzlei-steinwachs.de\/wp-content\/uploads\/2023\/12\/logo.webp?fit=174%2C76&quality=80&ssl=1","contentUrl":"https:\/\/i0.wp.com\/www.kanzlei-steinwachs.de\/wp-content\/uploads\/2023\/12\/logo.webp?fit=174%2C76&quality=80&ssl=1","width":174,"height":76,"caption":"Rechtsanwaltskanzlei Anwalt Hamburg Berlin Bremen Hannover L\u00fcbeck"},"image":{"@id":"https:\/\/www.kanzlei-steinwachs.de\/tr\/#\/schema\/logo\/image\/"},"sameAs":["https:\/\/www.facebook.com\/STEINWACHSRechtsanwaltskanzlei\/","https:\/\/x.com\/rasteinwachs","https:\/\/www.instagram.com\/steinwachs_rechtsanwaelte\/","https:\/\/www.linkedin.com\/in\/stephan-steinwachs-7a270197\/","https:\/\/www.youtube.com\/channel\/UCffmodDlQx81remXm395RWA"],"telephone":[]}]}},"jetpack_sharing_enabled":true,"_links":{"self":[{"href":"https:\/\/www.kanzlei-steinwachs.de\/tr\/wp-json\/wp\/v2\/pages\/9910","targetHints":{"allow":["GET"]}}],"collection":[{"href":"https:\/\/www.kanzlei-steinwachs.de\/tr\/wp-json\/wp\/v2\/pages"}],"about":[{"href":"https:\/\/www.kanzlei-steinwachs.de\/tr\/wp-json\/wp\/v2\/types\/page"}],"author":[{"embeddable":true,"href":"https:\/\/www.kanzlei-steinwachs.de\/tr\/wp-json\/wp\/v2\/users\/1"}],"replies":[{"embeddable":true,"href":"https:\/\/www.kanzlei-steinwachs.de\/tr\/wp-json\/wp\/v2\/comments?post=9910"}],"version-history":[{"count":0,"href":"https:\/\/www.kanzlei-steinwachs.de\/tr\/wp-json\/wp\/v2\/pages\/9910\/revisions"}],"wp:attachment":[{"href":"https:\/\/www.kanzlei-steinwachs.de\/tr\/wp-json\/wp\/v2\/media?parent=9910"}],"curies":[{"name":"wp","href":"https:\/\/api.w.org\/{rel}","templated":true}]}}