{"id":9844,"date":"2023-09-22T14:27:48","date_gmt":"2023-09-22T12:27:48","guid":{"rendered":"https:\/\/www.kanzlei-steinwachs.de\/gayrimenkul-hukuku-2\/"},"modified":"2023-10-27T08:02:19","modified_gmt":"2023-10-27T06:02:19","slug":"gayrimenkul-hukuku-2","status":"publish","type":"page","link":"https:\/\/www.kanzlei-steinwachs.de\/tr\/gayrimenkul-hukuku-2\/","title":{"rendered":"Gayrimenkul hukuku"},"content":{"rendered":"<div class=\"wpb-content-wrapper\"><p>[vc_row triangle_shape=&#8221;no&#8221; css=&#8221;.vc_custom_1695385722271{padding-bottom: 20px !important;}&#8221;][vc_column][vc_column_text]\u00d6zel gayrimenkul hukuku, arsa s\u00f6zle\u015fmelerinin akdi ve ifas\u0131na, binalar\u0131n in\u015fas\u0131 ve kullan\u0131m\u0131na ve bu projelerin finansman\u0131na ili\u015fkin t\u00fcm hukuki hususlar\u0131n yan\u0131 s\u0131ra ticari kira hukuku, kiralama hukuku ve gayrimenkul kiralama hukukunu da kapsamaktad\u0131r. Gayrimenkulle ilgili hukuki sorular \u00e7ok \u00e7e\u015fitlidir ve uzman bilgisi gerektirir; \u00f6zellikle de gayrimenkul hukukunda b\u00fcy\u00fck de\u011ferlerin d\u00fczenli olarak s\u00f6z konusu olmas\u0131 nedeniyle. \u0130ster bir m\u00fclk\u00fcn in\u015fas\u0131 olsun, ister s\u00f6zle\u015fme yoluyla elden \u00e7\u0131kar\u0131lmas\u0131 olsun, ister miras halinde olsun, y\u00fck veya kat\u0131l\u0131m konusunda olsun.[\/vc_column_text][\/vc_column][\/vc_row][vc_row triangle_shape=&#8221;no&#8221; css=&#8221;.vc_custom_1695385744354{padding-bottom: 20px !important;}&#8221;][vc_column][vc_column_text]Gayrimenkul sat\u0131n alma ve satma, s\u00f6zle\u015fme taslaklar\u0131 haz\u0131rlama, finansman tavsiyesi sa\u011flama, ipotek ve arsa masraflar\u0131n\u0131n d\u00fczenlenmesi ve gayrimenkul\u00fcn yap\u0131land\u0131r\u0131lmas\u0131 ve uygulanmas\u0131 s\u00f6z konusu oldu\u011funda STEINWACHS hukuk firmas\u0131ndaki avukatlar\u0131n ve onlar\u0131n gayrimenkul hukuku alan\u0131ndaki i\u015fbirli\u011fi ortaklar\u0131n\u0131n deneyiminden yararlan\u0131n. kullan\u0131m haklar\u0131 (irtifak haklar\u0131) ve vergi yap\u0131land\u0131rma se\u00e7enekleri Gayrimenkul sat\u0131n alma.[\/vc_column_text][\/vc_column][\/vc_row][vc_row triangle_shape=&#8221;no&#8221; css=&#8221;.vc_custom_1695385775394{padding-bottom: 20px !important;}&#8221;][vc_column][vc_column_text]Bir hukuk dan\u0131\u015fman\u0131na dan\u0131\u015f\u0131p dan\u0131\u015fmad\u0131\u011f\u0131n\u0131za bak\u0131lmaks\u0131z\u0131n, bir m\u00fclk sat\u0131n almadan \u00f6nce her zaman b\u00f6lgedeki normal fiyatlara ili\u015fkin bir genel bak\u0131\u015f edinmelisiniz. Bunlar\u0131, dairenin konumu, b\u00fcy\u00fckl\u00fc\u011f\u00fc ve mobilyalar\u0131n\u0131n yan\u0131 s\u0131ra park alan\u0131, kiler, bah\u00e7e alanlar\u0131 vb. gibi daireye ait di\u011fer aksesuarlarla ve \u00f6zellikle m\u00fclk\u00fcn ya\u015f\u0131 ve yap\u0131sal durumuyla ilgili olarak kar\u015f\u0131la\u015ft\u0131r\u0131n. Acele etmeyin! Daha sonraki hukuki anla\u015fmazl\u0131klar genellikle aceleci bir sat\u0131n alma i\u015fleminden \u00f6nce gelir. Gayrimenkul\u00fcn tahmini de\u011feri veya yap\u0131sal durumu hakk\u0131nda \u015f\u00fcpheniz varsa bir uzmana dan\u0131\u015fmal\u0131s\u0131n\u0131z.[\/vc_column_text][\/vc_column][\/vc_row][vc_row triangle_shape=&#8221;no&#8221; css=&#8221;.vc_custom_1695385892555{padding-bottom: 20px !important;}&#8221;][vc_column][vc_column_text]Olas\u0131 dezavantajlar\u0131n \u00f6n\u00fcne ge\u00e7mek i\u00e7in gayrimenkul hukukunda uzman hukuki dan\u0131\u015fmanl\u0131k ile kendinizi daima zaman\u0131nda koruyun. Hukuk firmas\u0131 size Almanya \u00e7ap\u0131nda noterler, vergi dan\u0131\u015fmanlar\u0131 ve uzmanlar sa\u011flamaktan mutluluk duyacakt\u0131r.[\/vc_column_text][\/vc_column][\/vc_row][vc_row triangle_shape=&#8221;no&#8221; css=&#8221;.vc_custom_1695385887859{padding-bottom: 20px !important;}&#8221;][vc_column][vc_column_text]Olas\u0131 ilgili federal yasal standartlar a\u015fa\u011f\u0131daki al\u0131nt\u0131larda listelenmi\u015ftir. Federal yasa:<\/p>\n<ul>\n<li>Bina Kodu (BauGB)<\/li>\n<li>Medeni Kanun (BGB)<\/li>\n<li>Kat M\u00fclkiyeti Kanunu (WEG)<\/li>\n<li>Komisyoncu ve Gayrimenkul Geli\u015ftirici Y\u00f6netmeli\u011fi (MABV)<\/li>\n<\/ul>\n<p>[\/vc_column_text][\/vc_column][\/vc_row][vc_row triangle_shape=&#8221;no&#8221; css=&#8221;.vc_custom_1695386015674{padding-bottom: 20px !important;}&#8221;][vc_column][vc_column_text]Ulusal olarak ge\u00e7erli d\u00fczenlemelere ek olarak, emlak hukuku, \u00e7ok say\u0131da eyalet emlak hukuku d\u00fczenlemesi taraf\u0131ndan d\u00fczenlenmektedir.[\/vc_column_text][\/vc_column][\/vc_row][vc_row triangle_shape=&#8221;no&#8221; css=&#8221;.vc_custom_1695386011042{padding-bottom: 20px !important;}&#8221;][vc_column][vc_column_text]Konu hakk\u0131nda daha fazla bilgi edinmek isterseniz gayrimenkul hukuku blogumuzu \u00f6neriyoruz.[\/vc_column_text][\/vc_column][\/vc_row][vc_row triangle_shape=&#8221;no&#8221; css=&#8221;.vc_custom_1695386006059{padding-bottom: 20px !important;}&#8221;][vc_column][vc_column_text]Avukat Gayrimenkul Hukuku Hamburg Berlin sayfas\u0131n\u0131n i\u00e7eri\u011finden sorumlu: Avukat Stephan Steinwachs (Avukat Hamburg Berlin Bremen)[\/vc_column_text][\/vc_column][\/vc_row]<\/p>\n<\/div>","protected":false},"excerpt":{"rendered":"<p>[vc_row triangle_shape=&#8221;no&#8221; css=&#8221;.vc_custom_1695385722271{padding-bottom: 20px !important;}&#8221;][vc_column][vc_column_text]\u00d6zel gayrimenkul hukuku, arsa s\u00f6zle\u015fmelerinin akdi ve ifas\u0131na, binalar\u0131n in\u015fas\u0131 ve kullan\u0131m\u0131na ve bu projelerin finansman\u0131na ili\u015fkin t\u00fcm hukuki hususlar\u0131n yan\u0131 s\u0131ra ticari kira hukuku, kiralama hukuku ve gayrimenkul kiralama hukukunu da kapsamaktad\u0131r. Gayrimenkulle ilgili hukuki sorular \u00e7ok \u00e7e\u015fitlidir ve uzman bilgisi gerektirir; \u00f6zellikle de gayrimenkul hukukunda b\u00fcy\u00fck de\u011ferlerin d\u00fczenli olarak s\u00f6z konusu olmas\u0131 nedeniyle. \u0130ster bir m\u00fclk\u00fcn in\u015fas\u0131 olsun, ister s\u00f6zle\u015fme yoluyla elden \u00e7\u0131kar\u0131lmas\u0131 olsun, ister miras halinde olsun, y\u00fck veya kat\u0131l\u0131m konusunda olsun.[\/vc_column_text][\/vc_column][\/vc_row][vc_row triangle_shape=&#8221;no&#8221; css=&#8221;.vc_custom_1695385744354{padding-bottom: 20px !important;}&#8221;][vc_column][vc_column_text]Gayrimenkul sat\u0131n alma ve satma, s\u00f6zle\u015fme taslaklar\u0131 haz\u0131rlama, finansman tavsiyesi sa\u011flama, ipotek ve arsa masraflar\u0131n\u0131n d\u00fczenlenmesi ve gayrimenkul\u00fcn&#8230;<\/p>\n","protected":false},"author":1,"featured_media":0,"parent":0,"menu_order":0,"comment_status":"closed","ping_status":"closed","template":"","meta":{"footnotes":""},"class_list":["post-9844","page","type-page","status-publish","hentry"],"yoast_head":"<!-- This site is optimized with the Yoast SEO Premium plugin v27.2 (Yoast SEO v27.5) - https:\/\/yoast.com\/product\/yoast-seo-premium-wordpress\/ -->\n<title>Rechtsanwaltskanzlei in Hamburg Berlin Bremen Hannover L\u00fcbeck<\/title>\n<meta name=\"description\" content=\"Rechtsanwaltskanzlei f\u00fcr Arbeitsrecht, Arzthaftung, Mietrecht, Gewerbemietrecht ,Gastronomierecht, Immobilienrecht, Schadensersatz Yachtrecht\" \/>\n<meta name=\"robots\" content=\"index, follow, max-snippet:-1, max-image-preview:large, max-video-preview:-1\" \/>\n<link rel=\"canonical\" href=\"https:\/\/www.kanzlei-steinwachs.de\/tr\/gayrimenkul-hukuku-2\/\" \/>\n<meta property=\"og:locale\" content=\"tr_TR\" \/>\n<meta property=\"og:type\" content=\"article\" \/>\n<meta property=\"og:title\" content=\"Rechtsanwaltskanzlei in Hamburg Berlin Bremen Hannover L\u00fcbeck\" \/>\n<meta property=\"og:description\" content=\"Rechtsanwaltskanzlei f\u00fcr Arbeitsrecht, Arzthaftung, Mietrecht, Gewerbemietrecht ,Gastronomierecht, Immobilienrecht, Schadensersatz Yachtrecht\" \/>\n<meta property=\"og:url\" content=\"https:\/\/www.kanzlei-steinwachs.de\/tr\/gayrimenkul-hukuku-2\/\" \/>\n<meta property=\"og:site_name\" content=\"Rechtsanwaltskanzlei Anwalt Hamburg Berlin Bremen Hannover L\u00fcbeck\" \/>\n<meta property=\"article:publisher\" content=\"https:\/\/www.facebook.com\/STEINWACHSRechtsanwaltskanzlei\/\" \/>\n<meta property=\"article:modified_time\" content=\"2023-10-27T06:02:19+00:00\" \/>\n<meta name=\"twitter:card\" content=\"summary_large_image\" \/>\n<meta name=\"twitter:site\" content=\"@rasteinwachs\" \/>\n<meta name=\"twitter:label1\" content=\"Tahmini okuma s\u00fcresi\" \/>\n\t<meta name=\"twitter:data1\" content=\"3 dakika\" \/>\n<script type=\"application\/ld+json\" class=\"yoast-schema-graph\">{\"@context\":\"https:\\\/\\\/schema.org\",\"@graph\":[{\"@type\":\"WebPage\",\"@id\":\"https:\\\/\\\/www.kanzlei-steinwachs.de\\\/tr\\\/gayrimenkul-hukuku-2\\\/\",\"url\":\"https:\\\/\\\/www.kanzlei-steinwachs.de\\\/tr\\\/gayrimenkul-hukuku-2\\\/\",\"name\":\"Rechtsanwaltskanzlei in Hamburg Berlin Bremen Hannover L\u00fcbeck\",\"isPartOf\":{\"@id\":\"https:\\\/\\\/www.kanzlei-steinwachs.de\\\/tr\\\/#website\"},\"datePublished\":\"2023-09-22T12:27:48+00:00\",\"dateModified\":\"2023-10-27T06:02:19+00:00\",\"description\":\"Rechtsanwaltskanzlei f\u00fcr Arbeitsrecht, Arzthaftung, Mietrecht, Gewerbemietrecht ,Gastronomierecht, Immobilienrecht, Schadensersatz Yachtrecht\",\"inLanguage\":\"tr\",\"potentialAction\":[{\"@type\":\"ReadAction\",\"target\":[\"https:\\\/\\\/www.kanzlei-steinwachs.de\\\/tr\\\/gayrimenkul-hukuku-2\\\/\"]}]},{\"@type\":\"WebSite\",\"@id\":\"https:\\\/\\\/www.kanzlei-steinwachs.de\\\/tr\\\/#website\",\"url\":\"https:\\\/\\\/www.kanzlei-steinwachs.de\\\/tr\\\/\",\"name\":\"Rechtsanwaltskanzlei Anwalt Hamburg Berlin Bremen Hannover L\u00fcbeck\",\"description\":\"Wir leisten mehr als Recht bietet\",\"publisher\":{\"@id\":\"https:\\\/\\\/www.kanzlei-steinwachs.de\\\/tr\\\/#organization\"},\"potentialAction\":[{\"@type\":\"SearchAction\",\"target\":{\"@type\":\"EntryPoint\",\"urlTemplate\":\"https:\\\/\\\/www.kanzlei-steinwachs.de\\\/tr\\\/?s={search_term_string}\"},\"query-input\":{\"@type\":\"PropertyValueSpecification\",\"valueRequired\":true,\"valueName\":\"search_term_string\"}}],\"inLanguage\":\"tr\"},{\"@type\":[\"Organization\",\"Place\"],\"@id\":\"https:\\\/\\\/www.kanzlei-steinwachs.de\\\/tr\\\/#organization\",\"name\":\"Rechtsanwaltskanzlei Anwalt Hamburg Berlin Bremen Hannover L\u00fcbeck\",\"url\":\"https:\\\/\\\/www.kanzlei-steinwachs.de\\\/\",\"logo\":{\"@type\":\"ImageObject\",\"inLanguage\":\"tr\",\"@id\":\"https:\\\/\\\/www.kanzlei-steinwachs.de\\\/tr\\\/#\\\/schema\\\/logo\\\/image\\\/\",\"url\":\"https:\\\/\\\/i0.wp.com\\\/www.kanzlei-steinwachs.de\\\/wp-content\\\/uploads\\\/2023\\\/12\\\/logo.webp?fit=174%2C76&quality=80&ssl=1\",\"contentUrl\":\"https:\\\/\\\/i0.wp.com\\\/www.kanzlei-steinwachs.de\\\/wp-content\\\/uploads\\\/2023\\\/12\\\/logo.webp?fit=174%2C76&quality=80&ssl=1\",\"width\":174,\"height\":76,\"caption\":\"Rechtsanwaltskanzlei Anwalt Hamburg Berlin Bremen Hannover L\u00fcbeck\"},\"image\":{\"@id\":\"https:\\\/\\\/www.kanzlei-steinwachs.de\\\/tr\\\/#\\\/schema\\\/logo\\\/image\\\/\"},\"sameAs\":[\"https:\\\/\\\/www.facebook.com\\\/STEINWACHSRechtsanwaltskanzlei\\\/\",\"https:\\\/\\\/x.com\\\/rasteinwachs\",\"https:\\\/\\\/www.instagram.com\\\/steinwachs_rechtsanwaelte\\\/\",\"https:\\\/\\\/www.linkedin.com\\\/in\\\/stephan-steinwachs-7a270197\\\/\",\"https:\\\/\\\/www.youtube.com\\\/channel\\\/UCffmodDlQx81remXm395RWA\"],\"telephone\":[]}]}<\/script>\n<!-- \/ Yoast SEO Premium plugin. -->","yoast_head_json":{"title":"Rechtsanwaltskanzlei in Hamburg Berlin Bremen Hannover L\u00fcbeck","description":"Rechtsanwaltskanzlei f\u00fcr Arbeitsrecht, Arzthaftung, Mietrecht, Gewerbemietrecht ,Gastronomierecht, Immobilienrecht, Schadensersatz Yachtrecht","robots":{"index":"index","follow":"follow","max-snippet":"max-snippet:-1","max-image-preview":"max-image-preview:large","max-video-preview":"max-video-preview:-1"},"canonical":"https:\/\/www.kanzlei-steinwachs.de\/tr\/gayrimenkul-hukuku-2\/","og_locale":"tr_TR","og_type":"article","og_title":"Rechtsanwaltskanzlei in Hamburg Berlin Bremen Hannover L\u00fcbeck","og_description":"Rechtsanwaltskanzlei f\u00fcr Arbeitsrecht, Arzthaftung, Mietrecht, Gewerbemietrecht ,Gastronomierecht, Immobilienrecht, Schadensersatz Yachtrecht","og_url":"https:\/\/www.kanzlei-steinwachs.de\/tr\/gayrimenkul-hukuku-2\/","og_site_name":"Rechtsanwaltskanzlei Anwalt Hamburg Berlin Bremen Hannover L\u00fcbeck","article_publisher":"https:\/\/www.facebook.com\/STEINWACHSRechtsanwaltskanzlei\/","article_modified_time":"2023-10-27T06:02:19+00:00","twitter_card":"summary_large_image","twitter_site":"@rasteinwachs","twitter_misc":{"Tahmini okuma s\u00fcresi":"3 dakika"},"schema":{"@context":"https:\/\/schema.org","@graph":[{"@type":"WebPage","@id":"https:\/\/www.kanzlei-steinwachs.de\/tr\/gayrimenkul-hukuku-2\/","url":"https:\/\/www.kanzlei-steinwachs.de\/tr\/gayrimenkul-hukuku-2\/","name":"Rechtsanwaltskanzlei in Hamburg Berlin Bremen Hannover L\u00fcbeck","isPartOf":{"@id":"https:\/\/www.kanzlei-steinwachs.de\/tr\/#website"},"datePublished":"2023-09-22T12:27:48+00:00","dateModified":"2023-10-27T06:02:19+00:00","description":"Rechtsanwaltskanzlei f\u00fcr Arbeitsrecht, Arzthaftung, Mietrecht, Gewerbemietrecht ,Gastronomierecht, Immobilienrecht, Schadensersatz Yachtrecht","inLanguage":"tr","potentialAction":[{"@type":"ReadAction","target":["https:\/\/www.kanzlei-steinwachs.de\/tr\/gayrimenkul-hukuku-2\/"]}]},{"@type":"WebSite","@id":"https:\/\/www.kanzlei-steinwachs.de\/tr\/#website","url":"https:\/\/www.kanzlei-steinwachs.de\/tr\/","name":"Rechtsanwaltskanzlei Anwalt Hamburg Berlin Bremen Hannover L\u00fcbeck","description":"Wir leisten mehr als Recht bietet","publisher":{"@id":"https:\/\/www.kanzlei-steinwachs.de\/tr\/#organization"},"potentialAction":[{"@type":"SearchAction","target":{"@type":"EntryPoint","urlTemplate":"https:\/\/www.kanzlei-steinwachs.de\/tr\/?s={search_term_string}"},"query-input":{"@type":"PropertyValueSpecification","valueRequired":true,"valueName":"search_term_string"}}],"inLanguage":"tr"},{"@type":["Organization","Place"],"@id":"https:\/\/www.kanzlei-steinwachs.de\/tr\/#organization","name":"Rechtsanwaltskanzlei Anwalt Hamburg Berlin Bremen Hannover L\u00fcbeck","url":"https:\/\/www.kanzlei-steinwachs.de\/","logo":{"@type":"ImageObject","inLanguage":"tr","@id":"https:\/\/www.kanzlei-steinwachs.de\/tr\/#\/schema\/logo\/image\/","url":"https:\/\/i0.wp.com\/www.kanzlei-steinwachs.de\/wp-content\/uploads\/2023\/12\/logo.webp?fit=174%2C76&quality=80&ssl=1","contentUrl":"https:\/\/i0.wp.com\/www.kanzlei-steinwachs.de\/wp-content\/uploads\/2023\/12\/logo.webp?fit=174%2C76&quality=80&ssl=1","width":174,"height":76,"caption":"Rechtsanwaltskanzlei Anwalt Hamburg Berlin Bremen Hannover L\u00fcbeck"},"image":{"@id":"https:\/\/www.kanzlei-steinwachs.de\/tr\/#\/schema\/logo\/image\/"},"sameAs":["https:\/\/www.facebook.com\/STEINWACHSRechtsanwaltskanzlei\/","https:\/\/x.com\/rasteinwachs","https:\/\/www.instagram.com\/steinwachs_rechtsanwaelte\/","https:\/\/www.linkedin.com\/in\/stephan-steinwachs-7a270197\/","https:\/\/www.youtube.com\/channel\/UCffmodDlQx81remXm395RWA"],"telephone":[]}]}},"jetpack_sharing_enabled":true,"_links":{"self":[{"href":"https:\/\/www.kanzlei-steinwachs.de\/tr\/wp-json\/wp\/v2\/pages\/9844","targetHints":{"allow":["GET"]}}],"collection":[{"href":"https:\/\/www.kanzlei-steinwachs.de\/tr\/wp-json\/wp\/v2\/pages"}],"about":[{"href":"https:\/\/www.kanzlei-steinwachs.de\/tr\/wp-json\/wp\/v2\/types\/page"}],"author":[{"embeddable":true,"href":"https:\/\/www.kanzlei-steinwachs.de\/tr\/wp-json\/wp\/v2\/users\/1"}],"replies":[{"embeddable":true,"href":"https:\/\/www.kanzlei-steinwachs.de\/tr\/wp-json\/wp\/v2\/comments?post=9844"}],"version-history":[{"count":0,"href":"https:\/\/www.kanzlei-steinwachs.de\/tr\/wp-json\/wp\/v2\/pages\/9844\/revisions"}],"wp:attachment":[{"href":"https:\/\/www.kanzlei-steinwachs.de\/tr\/wp-json\/wp\/v2\/media?parent=9844"}],"curies":[{"name":"wp","href":"https:\/\/api.w.org\/{rel}","templated":true}]}}