{"id":9816,"date":"2023-09-22T13:29:34","date_gmt":"2023-09-22T11:29:34","guid":{"rendered":"https:\/\/www.kanzlei-steinwachs.de\/ticari-kiracilik-kanunu\/"},"modified":"2023-10-27T07:27:34","modified_gmt":"2023-10-27T05:27:34","slug":"ticari-kiracilik-kanunu","status":"publish","type":"page","link":"https:\/\/www.kanzlei-steinwachs.de\/tr\/ticari-kiracilik-kanunu\/","title":{"rendered":"Ticari kirac\u0131l\u0131k kanunu"},"content":{"rendered":"<div class=\"wpb-content-wrapper\"><p>[vc_row triangle_shape=&#8221;no&#8221; css=&#8221;.vc_custom_1695383110497{padding-bottom: 20px !important;}&#8221;][vc_column][vc_column_text]Ev sahipleri ve kirac\u0131lar i\u00e7in ticari kira hukuku[\/vc_column_text][\/vc_column][\/vc_row][vc_row triangle_shape=&#8221;no&#8221; css=&#8221;.vc_custom_1695383105225{padding-bottom: 20px !important;}&#8221;][vc_column][vc_column_text]Yeni bir i\u015fletme sahibi veya mevcut bir giri\u015fimci olarak size ticari kira hukuku konusunda tavsiyelerde bulunuyoruz &#8211; potansiyel bir kirac\u0131 olarak veya halihaz\u0131rda bir ticari m\u00fclk\u00fcn kirac\u0131s\u0131ysan\u0131z size tavsiyelerde bulunuyoruz.[\/vc_column_text][\/vc_column][\/vc_row][vc_row triangle_shape=&#8221;no&#8221; css=&#8221;.vc_custom_1695383100665{padding-bottom: 20px !important;}&#8221;][vc_column][vc_column_text]Ayr\u0131ca sizi t\u00fcm ticari kirac\u0131l\u0131k konular\u0131nda ticari gayrimenkul\u00fcn ev sahibi olarak temsil ediyoruz.[\/vc_column_text][\/vc_column][\/vc_row][vc_row triangle_shape=&#8221;no&#8221; css=&#8221;.vc_custom_1695383090426{padding-bottom: 20px !important;}&#8221;][vc_column][vc_column_text]Ayr\u0131ca ticari kira s\u00f6zle\u015fmelerinin ba\u015flat\u0131lmas\u0131, tasarlanmas\u0131, yorumlanmas\u0131 ve de\u011ferlendirilmesi ile bunlar\u0131n hukuki icras\u0131 alan\u0131nda da uzun y\u0131llara dayanan deneyime sahibiz. Her zaman i\u015f amac\u0131n\u0131 ve ilgili sekt\u00f6r\u00fc \u00f6zel olarak dikkate alarak d\u00fc\u015f\u00fcn\u00fcr\u00fcz. Uzun y\u0131llara dayanan dan\u0131\u015fmanl\u0131k ve dava tecr\u00fcbemiz sayesinde, hem ticari ev sahibi hem de ticari kirac\u0131 i\u00e7in mevzuat ve i\u00e7tihatlar\u0131n sa\u011flad\u0131\u011f\u0131 \u00e7er\u00e7eve ko\u015fullar\u0131 \u00e7er\u00e7evesinde, ilgili taraf\u0131n sarka\u00e7 g\u00f6r\u00fcn\u00fcm\u00fc ile ticari kira s\u00f6zle\u015fmeleri d\u00fczenleyebilmektedir. Ticari kirac\u0131 ve ticari ev sahibinin ekonomik \u00e7\u0131karlar\u0131, size ev sahibi ve kirac\u0131 olarak g\u00fcvenli bir temel sunan bir sonuca ula\u015f\u0131r.[\/vc_column_text][\/vc_column][\/vc_row][vc_row triangle_shape=&#8221;no&#8221; css=&#8221;.vc_custom_1695383085530{padding-bottom: 20px !important;}&#8221;][vc_column][vc_column_text]\u0130\u015fyeri kiralama s\u00f6zle\u015fmelerinin serbest\u00e7e m\u00fczakere edilebilece\u011fi ve konut kiralama s\u00f6zle\u015fmesinin daha kat\u0131 kriterlerine tabi olmad\u0131klar\u0131 unutulmamal\u0131d\u0131r. Ancak ticari kira s\u00f6zle\u015fmelerinde dahi bu t\u00fcr s\u00f6zle\u015fmelerin i\u00e7eri\u011findeki \u00f6zg\u00fcrl\u00fck mevzuat ve i\u00e7tihatlarla s\u0131n\u0131rland\u0131r\u0131lm\u0131\u015ft\u0131r.[\/vc_column_text][\/vc_column][\/vc_row][vc_row triangle_shape=&#8221;no&#8221; css=&#8221;.vc_custom_1695383080850{padding-bottom: 20px !important;}&#8221;][vc_column][vc_column_text]Konut kiralama s\u00f6zle\u015fmesinin aksine, i\u015f yeri kiras\u0131n\u0131n miktar\u0131 serbest\u00e7e m\u00fczakere edilebilir. Bununla birlikte, \u00f6zellikle ticari bir kirac\u0131 olarak, konuma ba\u011fl\u0131 piyasa fiyatlar\u0131 ve yap\u0131sal ko\u015fullar\u0131n yan\u0131 s\u0131ra, bir b\u00fct\u00fcn i\u00e7inde birden fazla kom\u015fu ticari kirac\u0131n\u0131n bulundu\u011fu bir m\u00fclkse, kirac\u0131 karmas\u0131 ve sekt\u00f6r karmas\u0131 hakk\u0131nda pazar bilgisi edinmeniz gerekir. alan.[\/vc_column_text][\/vc_column][\/vc_row][vc_row triangle_shape=&#8221;no&#8221; css=&#8221;.vc_custom_1695383074763{padding-bottom: 20px !important;}&#8221;][vc_column][vc_column_text]Her iki taraf i\u00e7in \u00f6zel \u00f6zellikler[\/vc_column_text][\/vc_column][\/vc_row][vc_row triangle_shape=&#8221;no&#8221; css=&#8221;.vc_custom_1695382612313{padding-bottom: 20px !important;}&#8221;][vc_column][vc_column_text]Ticari bir ev sahibi olarak, ticari bir kirac\u0131 ile ticari bir kira s\u00f6zle\u015fmesi imzalamadan \u00f6nce, ticari kiralama s\u00f6zle\u015fmesine hangi i\u015f amac\u0131n\u0131n dahil edilmesi gerekti\u011fini ve kiral\u0131k m\u00fclk\u00fcn yap\u0131sal olarak sizin taraf\u0131n\u0131zdan m\u0131 yoksa ticari kirac\u0131 taraf\u0131ndan m\u0131 haz\u0131rlanmas\u0131 veya d\u00f6\u015fenmesi gerekti\u011fini de d\u00fc\u015f\u00fcnmelisiniz. Bu i\u015f amac\u0131na ula\u015fmak i\u00e7in \u00f6nceden[\/vc_column_text][\/vc_column][\/vc_row][vc_row triangle_shape=&#8221;no&#8221; css=&#8221;.vc_custom_1695383065058{padding-bottom: 20px !important;}&#8221;][vc_column][vc_column_text]Ticari bir kirac\u0131 olarak, ticari kira s\u00f6zle\u015fmelerinin genellikle sabit s\u00fcreli bir kira s\u00f6zle\u015fmesinin par\u00e7as\u0131 olarak uzun bir taahh\u00fct s\u00fcresi anlam\u0131na geldi\u011fine ve genellikle zaman\u0131nda uygulaman\u0131z gereken uzatma se\u00e7eneklerine sahip oldu\u011funa dikkat etmelisiniz.[\/vc_column_text][\/vc_column][\/vc_row][vc_row triangle_shape=&#8221;no&#8221; css=&#8221;.vc_custom_1695383060034{padding-bottom: 20px !important;}&#8221;][vc_column][vc_column_text]Ticari kirac\u0131l\u0131k hukuku, s\u00fcrekli geli\u015fen i\u00e7tihat hukukundan b\u00fcy\u00fck \u00f6l\u00e7\u00fcde etkilendi\u011finden ve ticari kirac\u0131l\u0131k hukukunda az say\u0131da ba\u011f\u0131ms\u0131z yasal d\u00fczenleme bulundu\u011fundan ve ayr\u0131ca di\u011fer hukuk alanlar\u0131na g\u00f6re hukuk uzmanlar\u0131n\u0131n eri\u015febilece\u011fi daha az uzman literat\u00fcr\u00fc bulundu\u011fundan, deneyimli hukuk\u00e7ulara g\u00fcvenmelisiniz. S\u00f6zle\u015fmelerin haz\u0131rlanmas\u0131nda, bunlar\u0131n uygulanmas\u0131nda ve \u00e7\u0131karlar\u0131n\u0131z\u0131n korunmas\u0131nda size destek olan.[\/vc_column_text][\/vc_column][\/vc_row][vc_row triangle_shape=&#8221;no&#8221; css=&#8221;.vc_custom_1695383055313{padding-bottom: 20px !important;}&#8221;][vc_column][vc_column_text]\u0130ster al\u0131\u015fveri\u015f merkezlerindeki ticari kiral\u0131k alanlar, al\u0131\u015fveri\u015f merkezleri, karma konut\/ticari \u00fcniteler, e\u011flence parklar\u0131 veya bireysel m\u00fclkler olsun, ticari kiral\u0131k m\u00fclk t\u00fcrlerinin t\u00fcm alanlar\u0131ndaki deneyimimiz sayesinde, size her alanda kapsaml\u0131 dan\u0131\u015fmanl\u0131k ve temsil sa\u011flayabiliriz. ticari kiralama kanunu.[\/vc_column_text][\/vc_column][\/vc_row][vc_row triangle_shape=&#8221;no&#8221; css=&#8221;.vc_custom_1695383051370{padding-bottom: 20px !important;}&#8221;][vc_column][vc_column_text]Ticari kirac\u0131l\u0131k hukukunda m\u00fcvekkillerimize a\u015fa\u011f\u0131daki konularda dan\u0131\u015fmanl\u0131k yap\u0131yor ve onlar\u0131 temsil ediyoruz:<\/p>\n<ul>\n<li>S\u00f6zle\u015fme tasla\u011f\u0131 haz\u0131rlama<\/li>\n<li>S\u00f6zle\u015fmenin uygulanmas\u0131<\/li>\n<li>Sonland\u0131rma<\/li>\n<li>Tahliye bildirimi<\/li>\n<li>i\u015fletme maliyeti<\/li>\n<li>Miet oyunu<\/li>\n<li>Kira indirimi<\/li>\n<li>hasarlar<\/li>\n<li>Kira g\u00fcvenli\u011fi<\/li>\n<li>Kira garantisi<\/li>\n<li>\u00c7al\u0131\u015fma amac\u0131<\/li>\n<li>kira art\u0131\u015f\u0131<\/li>\n<li>Kozmetik onar\u0131mlar<\/li>\n<li>Mezun kiras\u0131<\/li>\n<li>Dizin kiralama<\/li>\n<li>Kirac\u0131 kar\u0131\u015f\u0131m\u0131<\/li>\n<li>Branchenmix<\/li>\n<li>de\u011fi\u015fiklik<\/li>\n<li>Yenileme<\/li>\n<li>yenileme<\/li>\n<li>Ses yal\u0131t\u0131m\u0131<\/li>\n<li>\u00d6l\u00e7ek<\/li>\n<li>S\u00f6zle\u015fme maddeleri<\/li>\n<li>ticari kira s\u00f6zle\u015fmesinin erken feshi<\/li>\n<li>\u0130ptal s\u00f6zle\u015fmesi<\/li>\n<\/ul>\n<p>[\/vc_column_text][\/vc_column][\/vc_row][vc_row triangle_shape=&#8221;no&#8221; css=&#8221;.vc_custom_1695383045570{padding-bottom: 20px !important;}&#8221;][vc_column][vc_column_text]Ticari kira hukuku ba\u011f\u0131ms\u0131z bir hukuk alan\u0131 de\u011fildir. Bunun temeli Alman Medeni Kanununun (BGB) kirac\u0131l\u0131k kanunudur. Bu, \u00a7\u00a7 535 \u2013 580a BGB&#8217;de d\u00fczenlenmi\u015ftir.[\/vc_column_text][\/vc_column][\/vc_row][vc_row triangle_shape=&#8221;no&#8221; css=&#8221;.vc_custom_1695383039994{padding-bottom: 20px !important;}&#8221;][vc_column][vc_column_text]Kira hukuku konusunda STEINWACHS&#8217;a dan\u0131\u015fmanl\u0131k yapanlar\u0131n t\u00fcm\u00fc ayn\u0131 zamanda gayrimenkul y\u00f6netimi konusunda da deneyime sahiptir ve bu nedenle yasal \u00e7er\u00e7evenin \u00e7ok \u00f6tesindeki ilgili konulara a\u015finad\u0131r. Hi\u00e7bir y\u00fck\u00fcml\u00fcl\u00fck alt\u0131na girmeden bizimle ileti\u015fime ge\u00e7in.[\/vc_column_text][\/vc_column][\/vc_row][vc_row triangle_shape=&#8221;no&#8221; css=&#8221;.vc_custom_1695383035514{padding-bottom: 20px !important;}&#8221;][vc_column][vc_column_text]L\u00fctfen kira hukuku konusundaki portal\u0131m\u0131z\u0131 da dikkate al\u0131n.[\/vc_column_text][\/vc_column][\/vc_row][vc_row triangle_shape=&#8221;no&#8221; css=&#8221;.vc_custom_1695383031234{padding-bottom: 20px !important;}&#8221;][vc_column][vc_column_text]STEINWACHS Hukuk B\u00fcrosu Ticari Kirac\u0131l\u0131k Hukuku Hamburg Berlin Bremen sayfas\u0131n\u0131n i\u00e7eri\u011finden sorumludur: Avukat Stephan Steinwachs (Avukat Hamburg Berlin Bremen)[\/vc_column_text][\/vc_column][\/vc_row]<\/p>\n<\/div>","protected":false},"excerpt":{"rendered":"<p>[vc_row triangle_shape=&#8221;no&#8221; css=&#8221;.vc_custom_1695383110497{padding-bottom: 20px !important;}&#8221;][vc_column][vc_column_text]Ev sahipleri ve kirac\u0131lar i\u00e7in ticari kira hukuku[\/vc_column_text][\/vc_column][\/vc_row][vc_row triangle_shape=&#8221;no&#8221; css=&#8221;.vc_custom_1695383105225{padding-bottom: 20px !important;}&#8221;][vc_column][vc_column_text]Yeni bir i\u015fletme sahibi veya mevcut bir giri\u015fimci olarak size ticari kira hukuku konusunda tavsiyelerde bulunuyoruz &#8211; potansiyel bir kirac\u0131 olarak veya halihaz\u0131rda bir ticari m\u00fclk\u00fcn kirac\u0131s\u0131ysan\u0131z size tavsiyelerde bulunuyoruz.[\/vc_column_text][\/vc_column][\/vc_row][vc_row triangle_shape=&#8221;no&#8221; css=&#8221;.vc_custom_1695383100665{padding-bottom: 20px !important;}&#8221;][vc_column][vc_column_text]Ayr\u0131ca sizi t\u00fcm ticari kirac\u0131l\u0131k konular\u0131nda ticari gayrimenkul\u00fcn ev sahibi olarak temsil ediyoruz.[\/vc_column_text][\/vc_column][\/vc_row][vc_row triangle_shape=&#8221;no&#8221; css=&#8221;.vc_custom_1695383090426{padding-bottom: 20px !important;}&#8221;][vc_column][vc_column_text]Ayr\u0131ca ticari kira s\u00f6zle\u015fmelerinin ba\u015flat\u0131lmas\u0131, tasarlanmas\u0131, yorumlanmas\u0131 ve de\u011ferlendirilmesi ile bunlar\u0131n hukuki icras\u0131 alan\u0131nda da uzun y\u0131llara dayanan deneyime sahibiz. Her zaman i\u015f amac\u0131n\u0131 ve ilgili sekt\u00f6r\u00fc \u00f6zel olarak dikkate alarak d\u00fc\u015f\u00fcn\u00fcr\u00fcz. Uzun y\u0131llara dayanan dan\u0131\u015fmanl\u0131k&#8230;<\/p>\n","protected":false},"author":1,"featured_media":15787,"parent":0,"menu_order":0,"comment_status":"closed","ping_status":"closed","template":"","meta":{"footnotes":""},"class_list":["post-9816","page","type-page","status-publish","has-post-thumbnail","hentry"],"yoast_head":"<!-- This site is optimized with the Yoast SEO Premium plugin v27.2 (Yoast SEO v27.3) - https:\/\/yoast.com\/product\/yoast-seo-premium-wordpress\/ -->\n<title>Rechtsanwaltskanzlei in Hamburg Berlin Bremen Hannover L\u00fcbeck<\/title>\n<meta name=\"description\" content=\"Rechtsanwaltskanzlei f\u00fcr Arbeitsrecht, Arzthaftung, Mietrecht, Gewerbemietrecht ,Gastronomierecht, Immobilienrecht, Schadensersatz Yachtrecht\" \/>\n<meta name=\"robots\" content=\"index, follow, max-snippet:-1, max-image-preview:large, max-video-preview:-1\" \/>\n<link rel=\"canonical\" href=\"https:\/\/www.kanzlei-steinwachs.de\/tr\/ticari-kiracilik-kanunu\/\" \/>\n<meta property=\"og:locale\" content=\"tr_TR\" \/>\n<meta property=\"og:type\" content=\"article\" \/>\n<meta property=\"og:title\" content=\"Rechtsanwaltskanzlei in Hamburg Berlin Bremen Hannover L\u00fcbeck\" \/>\n<meta property=\"og:description\" content=\"Rechtsanwaltskanzlei f\u00fcr Arbeitsrecht, Arzthaftung, Mietrecht, Gewerbemietrecht ,Gastronomierecht, Immobilienrecht, Schadensersatz Yachtrecht\" \/>\n<meta property=\"og:url\" content=\"https:\/\/www.kanzlei-steinwachs.de\/tr\/ticari-kiracilik-kanunu\/\" \/>\n<meta property=\"og:site_name\" content=\"Rechtsanwaltskanzlei Anwalt Hamburg Berlin Bremen Hannover L\u00fcbeck\" \/>\n<meta property=\"article:publisher\" content=\"https:\/\/www.facebook.com\/STEINWACHSRechtsanwaltskanzlei\/\" \/>\n<meta property=\"article:modified_time\" content=\"2023-10-27T05:27:34+00:00\" \/>\n<meta name=\"twitter:card\" content=\"summary_large_image\" \/>\n<meta name=\"twitter:site\" content=\"@rasteinwachs\" \/>\n<meta name=\"twitter:label1\" content=\"Tahmini okuma s\u00fcresi\" \/>\n\t<meta name=\"twitter:data1\" content=\"6 dakika\" \/>\n<script type=\"application\/ld+json\" class=\"yoast-schema-graph\">{\"@context\":\"https:\\\/\\\/schema.org\",\"@graph\":[{\"@type\":\"WebPage\",\"@id\":\"https:\\\/\\\/www.kanzlei-steinwachs.de\\\/tr\\\/ticari-kiracilik-kanunu\\\/\",\"url\":\"https:\\\/\\\/www.kanzlei-steinwachs.de\\\/tr\\\/ticari-kiracilik-kanunu\\\/\",\"name\":\"Rechtsanwaltskanzlei in Hamburg Berlin Bremen Hannover L\u00fcbeck\",\"isPartOf\":{\"@id\":\"https:\\\/\\\/www.kanzlei-steinwachs.de\\\/tr\\\/#website\"},\"primaryImageOfPage\":{\"@id\":\"https:\\\/\\\/www.kanzlei-steinwachs.de\\\/tr\\\/ticari-kiracilik-kanunu\\\/#primaryimage\"},\"image\":{\"@id\":\"https:\\\/\\\/www.kanzlei-steinwachs.de\\\/tr\\\/ticari-kiracilik-kanunu\\\/#primaryimage\"},\"thumbnailUrl\":\"https:\\\/\\\/i0.wp.com\\\/www.kanzlei-steinwachs.de\\\/wp-content\\\/uploads\\\/2023\\\/12\\\/logo.webp?fit=174%2C76&quality=20&ssl=1\",\"datePublished\":\"2023-09-22T11:29:34+00:00\",\"dateModified\":\"2023-10-27T05:27:34+00:00\",\"description\":\"Rechtsanwaltskanzlei f\u00fcr Arbeitsrecht, Arzthaftung, Mietrecht, Gewerbemietrecht ,Gastronomierecht, Immobilienrecht, Schadensersatz Yachtrecht\",\"inLanguage\":\"tr\",\"potentialAction\":[{\"@type\":\"ReadAction\",\"target\":[\"https:\\\/\\\/www.kanzlei-steinwachs.de\\\/tr\\\/ticari-kiracilik-kanunu\\\/\"]}]},{\"@type\":\"ImageObject\",\"inLanguage\":\"tr\",\"@id\":\"https:\\\/\\\/www.kanzlei-steinwachs.de\\\/tr\\\/ticari-kiracilik-kanunu\\\/#primaryimage\",\"url\":\"https:\\\/\\\/i0.wp.com\\\/www.kanzlei-steinwachs.de\\\/wp-content\\\/uploads\\\/2023\\\/12\\\/logo.webp?fit=174%2C76&quality=20&ssl=1\",\"contentUrl\":\"https:\\\/\\\/i0.wp.com\\\/www.kanzlei-steinwachs.de\\\/wp-content\\\/uploads\\\/2023\\\/12\\\/logo.webp?fit=174%2C76&quality=20&ssl=1\",\"width\":174,\"height\":76,\"caption\":\"Kanzlei Steinwachs\"},{\"@type\":\"WebSite\",\"@id\":\"https:\\\/\\\/www.kanzlei-steinwachs.de\\\/tr\\\/#website\",\"url\":\"https:\\\/\\\/www.kanzlei-steinwachs.de\\\/tr\\\/\",\"name\":\"Rechtsanwaltskanzlei Anwalt Hamburg Berlin Bremen Hannover L\u00fcbeck\",\"description\":\"Wir leisten mehr als Recht bietet\",\"publisher\":{\"@id\":\"https:\\\/\\\/www.kanzlei-steinwachs.de\\\/tr\\\/#organization\"},\"potentialAction\":[{\"@type\":\"SearchAction\",\"target\":{\"@type\":\"EntryPoint\",\"urlTemplate\":\"https:\\\/\\\/www.kanzlei-steinwachs.de\\\/tr\\\/?s={search_term_string}\"},\"query-input\":{\"@type\":\"PropertyValueSpecification\",\"valueRequired\":true,\"valueName\":\"search_term_string\"}}],\"inLanguage\":\"tr\"},{\"@type\":[\"Organization\",\"Place\"],\"@id\":\"https:\\\/\\\/www.kanzlei-steinwachs.de\\\/tr\\\/#organization\",\"name\":\"Rechtsanwaltskanzlei Anwalt Hamburg Berlin Bremen Hannover L\u00fcbeck\",\"url\":\"https:\\\/\\\/www.kanzlei-steinwachs.de\\\/\",\"logo\":{\"@type\":\"ImageObject\",\"inLanguage\":\"tr\",\"@id\":\"https:\\\/\\\/www.kanzlei-steinwachs.de\\\/tr\\\/#\\\/schema\\\/logo\\\/image\\\/\",\"url\":\"https:\\\/\\\/i0.wp.com\\\/www.kanzlei-steinwachs.de\\\/wp-content\\\/uploads\\\/2023\\\/12\\\/logo.webp?fit=174%2C76&quality=80&ssl=1\",\"contentUrl\":\"https:\\\/\\\/i0.wp.com\\\/www.kanzlei-steinwachs.de\\\/wp-content\\\/uploads\\\/2023\\\/12\\\/logo.webp?fit=174%2C76&quality=80&ssl=1\",\"width\":174,\"height\":76,\"caption\":\"Rechtsanwaltskanzlei Anwalt Hamburg Berlin Bremen Hannover L\u00fcbeck\"},\"image\":{\"@id\":\"https:\\\/\\\/www.kanzlei-steinwachs.de\\\/tr\\\/#\\\/schema\\\/logo\\\/image\\\/\"},\"sameAs\":[\"https:\\\/\\\/www.facebook.com\\\/STEINWACHSRechtsanwaltskanzlei\\\/\",\"https:\\\/\\\/x.com\\\/rasteinwachs\",\"https:\\\/\\\/www.instagram.com\\\/steinwachs_rechtsanwaelte\\\/\",\"https:\\\/\\\/www.linkedin.com\\\/in\\\/stephan-steinwachs-7a270197\\\/\",\"https:\\\/\\\/www.youtube.com\\\/channel\\\/UCffmodDlQx81remXm395RWA\"],\"telephone\":[]}]}<\/script>\n<!-- \/ Yoast SEO Premium plugin. -->","yoast_head_json":{"title":"Rechtsanwaltskanzlei in Hamburg Berlin Bremen Hannover L\u00fcbeck","description":"Rechtsanwaltskanzlei f\u00fcr Arbeitsrecht, Arzthaftung, Mietrecht, Gewerbemietrecht ,Gastronomierecht, Immobilienrecht, Schadensersatz Yachtrecht","robots":{"index":"index","follow":"follow","max-snippet":"max-snippet:-1","max-image-preview":"max-image-preview:large","max-video-preview":"max-video-preview:-1"},"canonical":"https:\/\/www.kanzlei-steinwachs.de\/tr\/ticari-kiracilik-kanunu\/","og_locale":"tr_TR","og_type":"article","og_title":"Rechtsanwaltskanzlei in Hamburg Berlin Bremen Hannover L\u00fcbeck","og_description":"Rechtsanwaltskanzlei f\u00fcr Arbeitsrecht, Arzthaftung, Mietrecht, Gewerbemietrecht ,Gastronomierecht, Immobilienrecht, Schadensersatz Yachtrecht","og_url":"https:\/\/www.kanzlei-steinwachs.de\/tr\/ticari-kiracilik-kanunu\/","og_site_name":"Rechtsanwaltskanzlei Anwalt Hamburg Berlin Bremen Hannover L\u00fcbeck","article_publisher":"https:\/\/www.facebook.com\/STEINWACHSRechtsanwaltskanzlei\/","article_modified_time":"2023-10-27T05:27:34+00:00","twitter_card":"summary_large_image","twitter_site":"@rasteinwachs","twitter_misc":{"Tahmini okuma s\u00fcresi":"6 dakika"},"schema":{"@context":"https:\/\/schema.org","@graph":[{"@type":"WebPage","@id":"https:\/\/www.kanzlei-steinwachs.de\/tr\/ticari-kiracilik-kanunu\/","url":"https:\/\/www.kanzlei-steinwachs.de\/tr\/ticari-kiracilik-kanunu\/","name":"Rechtsanwaltskanzlei in Hamburg Berlin Bremen Hannover L\u00fcbeck","isPartOf":{"@id":"https:\/\/www.kanzlei-steinwachs.de\/tr\/#website"},"primaryImageOfPage":{"@id":"https:\/\/www.kanzlei-steinwachs.de\/tr\/ticari-kiracilik-kanunu\/#primaryimage"},"image":{"@id":"https:\/\/www.kanzlei-steinwachs.de\/tr\/ticari-kiracilik-kanunu\/#primaryimage"},"thumbnailUrl":"https:\/\/i0.wp.com\/www.kanzlei-steinwachs.de\/wp-content\/uploads\/2023\/12\/logo.webp?fit=174%2C76&quality=20&ssl=1","datePublished":"2023-09-22T11:29:34+00:00","dateModified":"2023-10-27T05:27:34+00:00","description":"Rechtsanwaltskanzlei f\u00fcr Arbeitsrecht, Arzthaftung, Mietrecht, Gewerbemietrecht ,Gastronomierecht, Immobilienrecht, Schadensersatz Yachtrecht","inLanguage":"tr","potentialAction":[{"@type":"ReadAction","target":["https:\/\/www.kanzlei-steinwachs.de\/tr\/ticari-kiracilik-kanunu\/"]}]},{"@type":"ImageObject","inLanguage":"tr","@id":"https:\/\/www.kanzlei-steinwachs.de\/tr\/ticari-kiracilik-kanunu\/#primaryimage","url":"https:\/\/i0.wp.com\/www.kanzlei-steinwachs.de\/wp-content\/uploads\/2023\/12\/logo.webp?fit=174%2C76&quality=20&ssl=1","contentUrl":"https:\/\/i0.wp.com\/www.kanzlei-steinwachs.de\/wp-content\/uploads\/2023\/12\/logo.webp?fit=174%2C76&quality=20&ssl=1","width":174,"height":76,"caption":"Kanzlei Steinwachs"},{"@type":"WebSite","@id":"https:\/\/www.kanzlei-steinwachs.de\/tr\/#website","url":"https:\/\/www.kanzlei-steinwachs.de\/tr\/","name":"Rechtsanwaltskanzlei Anwalt Hamburg Berlin Bremen Hannover L\u00fcbeck","description":"Wir leisten mehr als Recht bietet","publisher":{"@id":"https:\/\/www.kanzlei-steinwachs.de\/tr\/#organization"},"potentialAction":[{"@type":"SearchAction","target":{"@type":"EntryPoint","urlTemplate":"https:\/\/www.kanzlei-steinwachs.de\/tr\/?s={search_term_string}"},"query-input":{"@type":"PropertyValueSpecification","valueRequired":true,"valueName":"search_term_string"}}],"inLanguage":"tr"},{"@type":["Organization","Place"],"@id":"https:\/\/www.kanzlei-steinwachs.de\/tr\/#organization","name":"Rechtsanwaltskanzlei Anwalt Hamburg Berlin Bremen Hannover L\u00fcbeck","url":"https:\/\/www.kanzlei-steinwachs.de\/","logo":{"@type":"ImageObject","inLanguage":"tr","@id":"https:\/\/www.kanzlei-steinwachs.de\/tr\/#\/schema\/logo\/image\/","url":"https:\/\/i0.wp.com\/www.kanzlei-steinwachs.de\/wp-content\/uploads\/2023\/12\/logo.webp?fit=174%2C76&quality=80&ssl=1","contentUrl":"https:\/\/i0.wp.com\/www.kanzlei-steinwachs.de\/wp-content\/uploads\/2023\/12\/logo.webp?fit=174%2C76&quality=80&ssl=1","width":174,"height":76,"caption":"Rechtsanwaltskanzlei Anwalt Hamburg Berlin Bremen Hannover L\u00fcbeck"},"image":{"@id":"https:\/\/www.kanzlei-steinwachs.de\/tr\/#\/schema\/logo\/image\/"},"sameAs":["https:\/\/www.facebook.com\/STEINWACHSRechtsanwaltskanzlei\/","https:\/\/x.com\/rasteinwachs","https:\/\/www.instagram.com\/steinwachs_rechtsanwaelte\/","https:\/\/www.linkedin.com\/in\/stephan-steinwachs-7a270197\/","https:\/\/www.youtube.com\/channel\/UCffmodDlQx81remXm395RWA"],"telephone":[]}]}},"jetpack_sharing_enabled":true,"_links":{"self":[{"href":"https:\/\/www.kanzlei-steinwachs.de\/tr\/wp-json\/wp\/v2\/pages\/9816","targetHints":{"allow":["GET"]}}],"collection":[{"href":"https:\/\/www.kanzlei-steinwachs.de\/tr\/wp-json\/wp\/v2\/pages"}],"about":[{"href":"https:\/\/www.kanzlei-steinwachs.de\/tr\/wp-json\/wp\/v2\/types\/page"}],"author":[{"embeddable":true,"href":"https:\/\/www.kanzlei-steinwachs.de\/tr\/wp-json\/wp\/v2\/users\/1"}],"replies":[{"embeddable":true,"href":"https:\/\/www.kanzlei-steinwachs.de\/tr\/wp-json\/wp\/v2\/comments?post=9816"}],"version-history":[{"count":0,"href":"https:\/\/www.kanzlei-steinwachs.de\/tr\/wp-json\/wp\/v2\/pages\/9816\/revisions"}],"wp:featuredmedia":[{"embeddable":true,"href":"https:\/\/www.kanzlei-steinwachs.de\/tr\/wp-json\/wp\/v2\/media\/15787"}],"wp:attachment":[{"href":"https:\/\/www.kanzlei-steinwachs.de\/tr\/wp-json\/wp\/v2\/media?parent=9816"}],"curies":[{"name":"wp","href":"https:\/\/api.w.org\/{rel}","templated":true}]}}