{"id":9810,"date":"2023-09-22T13:20:27","date_gmt":"2023-09-22T11:20:27","guid":{"rendered":"https:\/\/www.kanzlei-steinwachs.de\/gastronomi-hukuku\/"},"modified":"2023-10-27T07:16:59","modified_gmt":"2023-10-27T05:16:59","slug":"gastronomi-hukuku","status":"publish","type":"page","link":"https:\/\/www.kanzlei-steinwachs.de\/tr\/gastronomi-hukuku\/","title":{"rendered":"Gastronomi hukuku"},"content":{"rendered":"<div class=\"wpb-content-wrapper\"><p>[vc_row triangle_shape=&#8221;no&#8221; css=&#8221;.vc_custom_1695381824185{padding-bottom: 20px !important;}&#8221;][vc_column][vc_column_text]Bizim i\u00e7in yemek kanunu patronun i\u015fidir![\/vc_column_text][\/vc_column][\/vc_row][vc_row triangle_shape=&#8221;no&#8221; css=&#8221;.vc_custom_1695381814473{padding-bottom: 20px !important;}&#8221;][vc_column][vc_column_text]Otelciler ve restoran i\u015fletmecileri olarak kendisini, yasal gereklilikler ile ekonomik a\u00e7\u0131dan ba\u015far\u0131l\u0131 bir ticari faaliyetin ger\u00e7ek gereklilikleri aras\u0131nda kar\u015f\u0131la\u015ft\u0131r\u0131labilir bir gerilim alan\u0131nda g\u00f6ren ba\u015fka bir giri\u015fimci yoktur. Neredeyse y\u00f6netilemez miktardaki federal ve eyalet yasalar\u0131, y\u00f6netmelikleri ve \u015f\u00fcpheli Avrupa y\u00f6nergeleri, son derece rekabet\u00e7i otel ve yiyecek-i\u00e7ecek pazar\u0131nda yiyecek-i\u00e7ecek hukuku anlam\u0131nda kendini \u201cd\u00fczg\u00fcn\u201d olarak savunmay\u0131 g\u00f6r\u00fcn\u00fc\u015fte imkans\u0131z hale getiriyor. Alman giri\u015fimciler halihaz\u0131rda yasama meclisinin benzeri g\u00f6r\u00fclmemi\u015f bir d\u00fczenleme \u00e7\u0131lg\u0131nl\u0131\u011f\u0131yla kar\u015f\u0131 kar\u015f\u0131ya olsa da, bu durum otelcileri ve restoran i\u015fletmecilerini \u00f6zellikle zor durumda b\u0131rak\u0131yor.[\/vc_column_text][\/vc_column][\/vc_row][vc_row triangle_shape=&#8221;no&#8221; css=&#8221;.vc_custom_1695381808665{padding-bottom: 20px !important;}&#8221;][vc_column][vc_column_text]\u00d6te yandan, net d\u00fczenlemelerin ve sekt\u00f6rde uzmanla\u015fm\u0131\u015f avukatlar\u0131n eksikli\u011fi var. Gastronomi hukuku hen\u00fcz hukuki a\u00e7\u0131dan mu\u011flak bir terim olup ba\u011f\u0131ms\u0131z bir hukuk alan\u0131 olmaktan uzakt\u0131r. Restoran yasas\u0131 hari\u00e7, i\u00e7ecek da\u011f\u0131t\u0131m tesisi y\u00f6netmeli\u011fi, konaklama end\u00fcstrisinde mesleki e\u011fitime ili\u015fkin d\u00fczenlemeler ve \u00a7\u00a7 651 ve BGB&#8217;deki seyahat yasas\u0131na ili\u015fkin a\u00e7\u0131k d\u00fczenlemelerin yan\u0131 s\u0131ra \u00a7\u00a7 701&#8217;deki hanc\u0131n\u0131n sorumlulu\u011funa ili\u015fkin d\u00fczenlemeler ff. BGB, sekt\u00f6r referans\u0131n\u0131n a\u00e7\u0131k oldu\u011fu gibi, catering giri\u015fimcisinin g\u00fcnl\u00fck \u00e7al\u0131\u015fma hayat\u0131n\u0131 belirleyen ve uyumsuzlu\u011fu bazen onun varl\u0131\u011f\u0131n\u0131 tehdit edebilen her \u015feyden \u00f6nce (avukatlar\u0131n \u00e7o\u011fu zaman bilmedi\u011fi) \u00e7ok say\u0131da \u201cyard\u0131mc\u0131 yasa\u201dd\u0131r.[\/vc_column_text][\/vc_column][\/vc_row][vc_row triangle_shape=&#8221;no&#8221; css=&#8221;.vc_custom_1695382026393{padding-bottom: 20px !important;}&#8221;][vc_column][vc_column_text]Ayn\u0131 zamanda her catering i\u015fletmesinin ve t\u00fcm giri\u015fimcilerin kendi likiditelerini optimize etmeleri gerekiyor. Kurulu\u015ftan geli\u015ftirme a\u015famas\u0131na ve \u015firketin pazarda ba\u015far\u0131l\u0131 bir \u015fekilde yer almas\u0131na kadar uzman, kapsaml\u0131 ve hedefe y\u00f6nelik hukuki tavsiye olmadan, bir\u00e7ok restoran i\u015fletmecisi \u00e7o\u011fu zaman kendilerini gerekli enerjiyi as\u0131l g\u00f6revlerine adayamayacak durumda buluyor.[\/vc_column_text][\/vc_column][\/vc_row][vc_row triangle_shape=&#8221;no&#8221; css=&#8221;.vc_custom_1695382015369{padding-bottom: 20px !important;}&#8221;][vc_column][vc_column_text]STEINWACHS hukuk firmas\u0131n\u0131n ve a\u015fa\u011f\u0131da listelenen hukuki alanlarda i\u015fbirli\u011fi yapan avukatlar\u0131n ve vergi dan\u0131\u015fmanlar\u0131n\u0131n deneyiminden yararlan\u0131n:<\/p>\n<ul>\n<li>Catering sekt\u00f6r\u00fcnde i\u015f kurmak<\/li>\n<li>Kira s\u00f6zle\u015fmelerinin ve kira s\u00f6zle\u015fmelerinin s\u00f6zle\u015fmeye dayal\u0131 taslaklar\u0131n\u0131n haz\u0131rlanmas\u0131<\/li>\n<li>Kira hukuku<\/li>\n<li>Tedarik\u00e7ilerle yap\u0131lan s\u00f6zle\u015fmelerin g\u00f6zden ge\u00e7irilmesi ve geli\u015ftirilmesi (\u00f6r.<\/li>\n<li>Bira teslimat\u0131 ve kredi s\u00f6zle\u015fmeleri)<\/li>\n<li>\u0130\u015f kanunu<\/li>\n<li>Rekabet hukuku<\/li>\n<li>Garanti taleplerinin uygulanmas\u0131<\/li>\n<li>Lisans ve di\u011fer restoran yasalar\u0131n\u0131n yan\u0131 s\u0131ra<\/li>\n<li>di\u011fer \u201cresmi konular\u201d<\/li>\n<li>Genel \u015fartlar ve ko\u015fullar\u0131n haz\u0131rlanmas\u0131 veya<\/li>\n<li>Konaklama ko\u015fullar\u0131<\/li>\n<li>Kom\u015fu hukuki anla\u015fmazl\u0131klar<\/li>\n<li>Alacak y\u00f6netimi<\/li>\n<\/ul>\n<p>[\/vc_column_text][\/vc_column][\/vc_row][vc_row triangle_shape=&#8221;no&#8221; css=&#8221;.vc_custom_1695382066545{padding-bottom: 20px !important;}&#8221;][vc_column][vc_column_text]L\u00fctfen yiyecek-i\u00e7ecek hukukundaki yasal konular hakk\u0131ndaki blogumuza da dikkat edin.[\/vc_column_text][\/vc_column][\/vc_row][vc_row triangle_shape=&#8221;no&#8221; css=&#8221;.vc_custom_1695382120009{padding-bottom: 20px !important;}&#8221;][vc_column][vc_column_text]Avukat Gastronomi Hukuku Hamburg Berlin Bremen sayfas\u0131n\u0131n i\u00e7eri\u011finden sorumlu: Avukat Stephan Steinwachs (Avukat Hamburg Berlin Bremen)[\/vc_column_text][\/vc_column][\/vc_row]<\/p>\n<\/div>","protected":false},"excerpt":{"rendered":"<p>[vc_row triangle_shape=&#8221;no&#8221; css=&#8221;.vc_custom_1695381824185{padding-bottom: 20px !important;}&#8221;][vc_column][vc_column_text]Bizim i\u00e7in yemek kanunu patronun i\u015fidir![\/vc_column_text][\/vc_column][\/vc_row][vc_row triangle_shape=&#8221;no&#8221; css=&#8221;.vc_custom_1695381814473{padding-bottom: 20px !important;}&#8221;][vc_column][vc_column_text]Otelciler ve restoran i\u015fletmecileri olarak kendisini, yasal gereklilikler ile ekonomik a\u00e7\u0131dan ba\u015far\u0131l\u0131 bir ticari faaliyetin ger\u00e7ek gereklilikleri aras\u0131nda kar\u015f\u0131la\u015ft\u0131r\u0131labilir bir gerilim alan\u0131nda g\u00f6ren ba\u015fka bir giri\u015fimci yoktur. Neredeyse y\u00f6netilemez miktardaki federal ve eyalet yasalar\u0131, y\u00f6netmelikleri ve \u015f\u00fcpheli Avrupa y\u00f6nergeleri, son derece rekabet\u00e7i otel ve yiyecek-i\u00e7ecek pazar\u0131nda yiyecek-i\u00e7ecek hukuku anlam\u0131nda kendini \u201cd\u00fczg\u00fcn\u201d olarak savunmay\u0131 g\u00f6r\u00fcn\u00fc\u015fte imkans\u0131z hale getiriyor. Alman giri\u015fimciler halihaz\u0131rda yasama meclisinin benzeri g\u00f6r\u00fclmemi\u015f bir d\u00fczenleme \u00e7\u0131lg\u0131nl\u0131\u011f\u0131yla kar\u015f\u0131 kar\u015f\u0131ya olsa da, bu durum otelcileri ve restoran i\u015fletmecilerini \u00f6zellikle zor durumda b\u0131rak\u0131yor.[\/vc_column_text][\/vc_column][\/vc_row][vc_row triangle_shape=&#8221;no&#8221; css=&#8221;.vc_custom_1695381808665{padding-bottom: 20px !important;}&#8221;][vc_column][vc_column_text]\u00d6te yandan, net&#8230;<\/p>\n","protected":false},"author":1,"featured_media":15787,"parent":0,"menu_order":0,"comment_status":"closed","ping_status":"closed","template":"","meta":{"footnotes":""},"class_list":["post-9810","page","type-page","status-publish","has-post-thumbnail","hentry"],"yoast_head":"<!-- This site is optimized with the Yoast SEO Premium plugin v27.2 (Yoast SEO v27.4) - https:\/\/yoast.com\/product\/yoast-seo-premium-wordpress\/ -->\n<title>Rechtsanwaltskanzlei in Hamburg Berlin Bremen Hannover L\u00fcbeck<\/title>\n<meta name=\"description\" content=\"Rechtsanwaltskanzlei f\u00fcr Arbeitsrecht, Arzthaftung, Mietrecht, Gewerbemietrecht ,Gastronomierecht, Immobilienrecht, Schadensersatz Yachtrecht\" \/>\n<meta name=\"robots\" content=\"index, follow, max-snippet:-1, max-image-preview:large, max-video-preview:-1\" \/>\n<link rel=\"canonical\" href=\"https:\/\/www.kanzlei-steinwachs.de\/tr\/gastronomi-hukuku\/\" \/>\n<meta property=\"og:locale\" content=\"tr_TR\" \/>\n<meta property=\"og:type\" content=\"article\" \/>\n<meta property=\"og:title\" content=\"Rechtsanwaltskanzlei in Hamburg Berlin Bremen Hannover L\u00fcbeck\" \/>\n<meta property=\"og:description\" content=\"Rechtsanwaltskanzlei f\u00fcr Arbeitsrecht, Arzthaftung, Mietrecht, Gewerbemietrecht ,Gastronomierecht, Immobilienrecht, Schadensersatz Yachtrecht\" \/>\n<meta property=\"og:url\" content=\"https:\/\/www.kanzlei-steinwachs.de\/tr\/gastronomi-hukuku\/\" \/>\n<meta property=\"og:site_name\" content=\"Rechtsanwaltskanzlei Anwalt Hamburg Berlin Bremen Hannover L\u00fcbeck\" \/>\n<meta property=\"article:publisher\" content=\"https:\/\/www.facebook.com\/STEINWACHSRechtsanwaltskanzlei\/\" \/>\n<meta property=\"article:modified_time\" content=\"2023-10-27T05:16:59+00:00\" \/>\n<meta name=\"twitter:card\" content=\"summary_large_image\" \/>\n<meta name=\"twitter:site\" content=\"@rasteinwachs\" \/>\n<meta name=\"twitter:label1\" content=\"Tahmini okuma s\u00fcresi\" \/>\n\t<meta name=\"twitter:data1\" content=\"3 dakika\" \/>\n<script type=\"application\/ld+json\" class=\"yoast-schema-graph\">{\"@context\":\"https:\\\/\\\/schema.org\",\"@graph\":[{\"@type\":\"WebPage\",\"@id\":\"https:\\\/\\\/www.kanzlei-steinwachs.de\\\/tr\\\/gastronomi-hukuku\\\/\",\"url\":\"https:\\\/\\\/www.kanzlei-steinwachs.de\\\/tr\\\/gastronomi-hukuku\\\/\",\"name\":\"Rechtsanwaltskanzlei in Hamburg Berlin Bremen Hannover L\u00fcbeck\",\"isPartOf\":{\"@id\":\"https:\\\/\\\/www.kanzlei-steinwachs.de\\\/tr\\\/#website\"},\"primaryImageOfPage\":{\"@id\":\"https:\\\/\\\/www.kanzlei-steinwachs.de\\\/tr\\\/gastronomi-hukuku\\\/#primaryimage\"},\"image\":{\"@id\":\"https:\\\/\\\/www.kanzlei-steinwachs.de\\\/tr\\\/gastronomi-hukuku\\\/#primaryimage\"},\"thumbnailUrl\":\"https:\\\/\\\/i0.wp.com\\\/www.kanzlei-steinwachs.de\\\/wp-content\\\/uploads\\\/2023\\\/12\\\/logo.webp?fit=174%2C76&quality=20&ssl=1\",\"datePublished\":\"2023-09-22T11:20:27+00:00\",\"dateModified\":\"2023-10-27T05:16:59+00:00\",\"description\":\"Rechtsanwaltskanzlei f\u00fcr Arbeitsrecht, Arzthaftung, Mietrecht, Gewerbemietrecht ,Gastronomierecht, Immobilienrecht, Schadensersatz Yachtrecht\",\"inLanguage\":\"tr\",\"potentialAction\":[{\"@type\":\"ReadAction\",\"target\":[\"https:\\\/\\\/www.kanzlei-steinwachs.de\\\/tr\\\/gastronomi-hukuku\\\/\"]}]},{\"@type\":\"ImageObject\",\"inLanguage\":\"tr\",\"@id\":\"https:\\\/\\\/www.kanzlei-steinwachs.de\\\/tr\\\/gastronomi-hukuku\\\/#primaryimage\",\"url\":\"https:\\\/\\\/i0.wp.com\\\/www.kanzlei-steinwachs.de\\\/wp-content\\\/uploads\\\/2023\\\/12\\\/logo.webp?fit=174%2C76&quality=20&ssl=1\",\"contentUrl\":\"https:\\\/\\\/i0.wp.com\\\/www.kanzlei-steinwachs.de\\\/wp-content\\\/uploads\\\/2023\\\/12\\\/logo.webp?fit=174%2C76&quality=20&ssl=1\",\"width\":174,\"height\":76,\"caption\":\"Kanzlei Steinwachs\"},{\"@type\":\"WebSite\",\"@id\":\"https:\\\/\\\/www.kanzlei-steinwachs.de\\\/tr\\\/#website\",\"url\":\"https:\\\/\\\/www.kanzlei-steinwachs.de\\\/tr\\\/\",\"name\":\"Rechtsanwaltskanzlei Anwalt Hamburg Berlin Bremen Hannover L\u00fcbeck\",\"description\":\"Wir leisten mehr als Recht bietet\",\"publisher\":{\"@id\":\"https:\\\/\\\/www.kanzlei-steinwachs.de\\\/tr\\\/#organization\"},\"potentialAction\":[{\"@type\":\"SearchAction\",\"target\":{\"@type\":\"EntryPoint\",\"urlTemplate\":\"https:\\\/\\\/www.kanzlei-steinwachs.de\\\/tr\\\/?s={search_term_string}\"},\"query-input\":{\"@type\":\"PropertyValueSpecification\",\"valueRequired\":true,\"valueName\":\"search_term_string\"}}],\"inLanguage\":\"tr\"},{\"@type\":[\"Organization\",\"Place\"],\"@id\":\"https:\\\/\\\/www.kanzlei-steinwachs.de\\\/tr\\\/#organization\",\"name\":\"Rechtsanwaltskanzlei Anwalt Hamburg Berlin Bremen Hannover L\u00fcbeck\",\"url\":\"https:\\\/\\\/www.kanzlei-steinwachs.de\\\/\",\"logo\":{\"@type\":\"ImageObject\",\"inLanguage\":\"tr\",\"@id\":\"https:\\\/\\\/www.kanzlei-steinwachs.de\\\/tr\\\/#\\\/schema\\\/logo\\\/image\\\/\",\"url\":\"https:\\\/\\\/i0.wp.com\\\/www.kanzlei-steinwachs.de\\\/wp-content\\\/uploads\\\/2023\\\/12\\\/logo.webp?fit=174%2C76&quality=80&ssl=1\",\"contentUrl\":\"https:\\\/\\\/i0.wp.com\\\/www.kanzlei-steinwachs.de\\\/wp-content\\\/uploads\\\/2023\\\/12\\\/logo.webp?fit=174%2C76&quality=80&ssl=1\",\"width\":174,\"height\":76,\"caption\":\"Rechtsanwaltskanzlei Anwalt Hamburg Berlin Bremen Hannover L\u00fcbeck\"},\"image\":{\"@id\":\"https:\\\/\\\/www.kanzlei-steinwachs.de\\\/tr\\\/#\\\/schema\\\/logo\\\/image\\\/\"},\"sameAs\":[\"https:\\\/\\\/www.facebook.com\\\/STEINWACHSRechtsanwaltskanzlei\\\/\",\"https:\\\/\\\/x.com\\\/rasteinwachs\",\"https:\\\/\\\/www.instagram.com\\\/steinwachs_rechtsanwaelte\\\/\",\"https:\\\/\\\/www.linkedin.com\\\/in\\\/stephan-steinwachs-7a270197\\\/\",\"https:\\\/\\\/www.youtube.com\\\/channel\\\/UCffmodDlQx81remXm395RWA\"],\"telephone\":[]}]}<\/script>\n<!-- \/ Yoast SEO Premium plugin. -->","yoast_head_json":{"title":"Rechtsanwaltskanzlei in Hamburg Berlin Bremen Hannover L\u00fcbeck","description":"Rechtsanwaltskanzlei f\u00fcr Arbeitsrecht, Arzthaftung, Mietrecht, Gewerbemietrecht ,Gastronomierecht, Immobilienrecht, Schadensersatz Yachtrecht","robots":{"index":"index","follow":"follow","max-snippet":"max-snippet:-1","max-image-preview":"max-image-preview:large","max-video-preview":"max-video-preview:-1"},"canonical":"https:\/\/www.kanzlei-steinwachs.de\/tr\/gastronomi-hukuku\/","og_locale":"tr_TR","og_type":"article","og_title":"Rechtsanwaltskanzlei in Hamburg Berlin Bremen Hannover L\u00fcbeck","og_description":"Rechtsanwaltskanzlei f\u00fcr Arbeitsrecht, Arzthaftung, Mietrecht, Gewerbemietrecht ,Gastronomierecht, Immobilienrecht, Schadensersatz Yachtrecht","og_url":"https:\/\/www.kanzlei-steinwachs.de\/tr\/gastronomi-hukuku\/","og_site_name":"Rechtsanwaltskanzlei Anwalt Hamburg Berlin Bremen Hannover L\u00fcbeck","article_publisher":"https:\/\/www.facebook.com\/STEINWACHSRechtsanwaltskanzlei\/","article_modified_time":"2023-10-27T05:16:59+00:00","twitter_card":"summary_large_image","twitter_site":"@rasteinwachs","twitter_misc":{"Tahmini okuma s\u00fcresi":"3 dakika"},"schema":{"@context":"https:\/\/schema.org","@graph":[{"@type":"WebPage","@id":"https:\/\/www.kanzlei-steinwachs.de\/tr\/gastronomi-hukuku\/","url":"https:\/\/www.kanzlei-steinwachs.de\/tr\/gastronomi-hukuku\/","name":"Rechtsanwaltskanzlei in Hamburg Berlin Bremen Hannover L\u00fcbeck","isPartOf":{"@id":"https:\/\/www.kanzlei-steinwachs.de\/tr\/#website"},"primaryImageOfPage":{"@id":"https:\/\/www.kanzlei-steinwachs.de\/tr\/gastronomi-hukuku\/#primaryimage"},"image":{"@id":"https:\/\/www.kanzlei-steinwachs.de\/tr\/gastronomi-hukuku\/#primaryimage"},"thumbnailUrl":"https:\/\/i0.wp.com\/www.kanzlei-steinwachs.de\/wp-content\/uploads\/2023\/12\/logo.webp?fit=174%2C76&quality=20&ssl=1","datePublished":"2023-09-22T11:20:27+00:00","dateModified":"2023-10-27T05:16:59+00:00","description":"Rechtsanwaltskanzlei f\u00fcr Arbeitsrecht, Arzthaftung, Mietrecht, Gewerbemietrecht ,Gastronomierecht, Immobilienrecht, Schadensersatz Yachtrecht","inLanguage":"tr","potentialAction":[{"@type":"ReadAction","target":["https:\/\/www.kanzlei-steinwachs.de\/tr\/gastronomi-hukuku\/"]}]},{"@type":"ImageObject","inLanguage":"tr","@id":"https:\/\/www.kanzlei-steinwachs.de\/tr\/gastronomi-hukuku\/#primaryimage","url":"https:\/\/i0.wp.com\/www.kanzlei-steinwachs.de\/wp-content\/uploads\/2023\/12\/logo.webp?fit=174%2C76&quality=20&ssl=1","contentUrl":"https:\/\/i0.wp.com\/www.kanzlei-steinwachs.de\/wp-content\/uploads\/2023\/12\/logo.webp?fit=174%2C76&quality=20&ssl=1","width":174,"height":76,"caption":"Kanzlei Steinwachs"},{"@type":"WebSite","@id":"https:\/\/www.kanzlei-steinwachs.de\/tr\/#website","url":"https:\/\/www.kanzlei-steinwachs.de\/tr\/","name":"Rechtsanwaltskanzlei Anwalt Hamburg Berlin Bremen Hannover L\u00fcbeck","description":"Wir leisten mehr als Recht bietet","publisher":{"@id":"https:\/\/www.kanzlei-steinwachs.de\/tr\/#organization"},"potentialAction":[{"@type":"SearchAction","target":{"@type":"EntryPoint","urlTemplate":"https:\/\/www.kanzlei-steinwachs.de\/tr\/?s={search_term_string}"},"query-input":{"@type":"PropertyValueSpecification","valueRequired":true,"valueName":"search_term_string"}}],"inLanguage":"tr"},{"@type":["Organization","Place"],"@id":"https:\/\/www.kanzlei-steinwachs.de\/tr\/#organization","name":"Rechtsanwaltskanzlei Anwalt Hamburg Berlin Bremen Hannover L\u00fcbeck","url":"https:\/\/www.kanzlei-steinwachs.de\/","logo":{"@type":"ImageObject","inLanguage":"tr","@id":"https:\/\/www.kanzlei-steinwachs.de\/tr\/#\/schema\/logo\/image\/","url":"https:\/\/i0.wp.com\/www.kanzlei-steinwachs.de\/wp-content\/uploads\/2023\/12\/logo.webp?fit=174%2C76&quality=80&ssl=1","contentUrl":"https:\/\/i0.wp.com\/www.kanzlei-steinwachs.de\/wp-content\/uploads\/2023\/12\/logo.webp?fit=174%2C76&quality=80&ssl=1","width":174,"height":76,"caption":"Rechtsanwaltskanzlei Anwalt Hamburg Berlin Bremen Hannover L\u00fcbeck"},"image":{"@id":"https:\/\/www.kanzlei-steinwachs.de\/tr\/#\/schema\/logo\/image\/"},"sameAs":["https:\/\/www.facebook.com\/STEINWACHSRechtsanwaltskanzlei\/","https:\/\/x.com\/rasteinwachs","https:\/\/www.instagram.com\/steinwachs_rechtsanwaelte\/","https:\/\/www.linkedin.com\/in\/stephan-steinwachs-7a270197\/","https:\/\/www.youtube.com\/channel\/UCffmodDlQx81remXm395RWA"],"telephone":[]}]}},"jetpack_sharing_enabled":true,"_links":{"self":[{"href":"https:\/\/www.kanzlei-steinwachs.de\/tr\/wp-json\/wp\/v2\/pages\/9810","targetHints":{"allow":["GET"]}}],"collection":[{"href":"https:\/\/www.kanzlei-steinwachs.de\/tr\/wp-json\/wp\/v2\/pages"}],"about":[{"href":"https:\/\/www.kanzlei-steinwachs.de\/tr\/wp-json\/wp\/v2\/types\/page"}],"author":[{"embeddable":true,"href":"https:\/\/www.kanzlei-steinwachs.de\/tr\/wp-json\/wp\/v2\/users\/1"}],"replies":[{"embeddable":true,"href":"https:\/\/www.kanzlei-steinwachs.de\/tr\/wp-json\/wp\/v2\/comments?post=9810"}],"version-history":[{"count":0,"href":"https:\/\/www.kanzlei-steinwachs.de\/tr\/wp-json\/wp\/v2\/pages\/9810\/revisions"}],"wp:featuredmedia":[{"embeddable":true,"href":"https:\/\/www.kanzlei-steinwachs.de\/tr\/wp-json\/wp\/v2\/media\/15787"}],"wp:attachment":[{"href":"https:\/\/www.kanzlei-steinwachs.de\/tr\/wp-json\/wp\/v2\/media?parent=9810"}],"curies":[{"name":"wp","href":"https:\/\/api.w.org\/{rel}","templated":true}]}}