{"id":9781,"date":"2023-09-22T12:26:23","date_gmt":"2023-09-22T10:26:23","guid":{"rendered":"https:\/\/www.kanzlei-steinwachs.de\/miras-hukuku\/"},"modified":"2023-10-26T09:23:47","modified_gmt":"2023-10-26T07:23:47","slug":"miras-hukuku","status":"publish","type":"page","link":"https:\/\/www.kanzlei-steinwachs.de\/tr\/miras-hukuku\/","title":{"rendered":"Miras hukuku"},"content":{"rendered":"<div class=\"wpb-content-wrapper\"><p>[vc_row triangle_shape=&#8221;no&#8221; css=&#8221;.vc_custom_1695378857848{padding-bottom: 20px !important;}&#8221;][vc_column][vc_column_text]T\u0131pk\u0131 aile hukukunda oldu\u011fu gibi miras hukuku da genellikle hukuki a\u00e7\u0131dan zorlu anla\u015fmazl\u0131klarla karakterize edilir. Buradaki temel sebep, miras\u0131n kanunen evrensel bir miras olarak tan\u0131mlanmas\u0131 ve birden fazla miras\u00e7\u0131 olmas\u0131 halinde ortak elin varl\u0131\u011f\u0131d\u0131r. Bu nedenle, sevilen birinin kayb\u0131yla ilgili \u00fcz\u00fcc\u00fc haberin ard\u0131ndan, mirasla ilgili daha da stresli hukuki anla\u015fmazl\u0131klar gelir; bu da \u00e7o\u011fu zaman akrabalar\u0131 tart\u0131\u015fmalara s\u00fcr\u00fckler ve bu nedenle ciddi strese veya onlar\u0131n da\u011f\u0131lmas\u0131na yol a\u00e7ar. Miras hukuku, miras hukukunda \u00e7al\u0131\u015fan avukat\u0131n sadece deneyim sahibi olmas\u0131n\u0131 ve s\u00fcrekli de\u011fi\u015fen miras hukuku konusunda kendini s\u00fcrekli e\u011fitme iste\u011finin yan\u0131 s\u0131ra y\u00fcksek d\u00fczeyde sosyal yetkinli\u011fe sahip olmas\u0131n\u0131 gerektirir.[\/vc_column_text][\/vc_column][\/vc_row][vc_row triangle_shape=&#8221;no&#8221; css=&#8221;.vc_custom_1695378852568{padding-bottom: 20px !important;}&#8221;][vc_column][vc_column_text]Bazen \u00e7ok ciddi dezavantajlardan ka\u00e7\u0131nmak istiyorsan\u0131z, miras hukukunun kafa kar\u0131\u015ft\u0131r\u0131c\u0131 alan\u0131nda, miras hukukunda uzman bir avukattan tavsiye al\u0131nmas\u0131 \u015fiddetle tavsiye edilir. Bunun temel nedeni, miras hukukunda h\u00e2l\u00e2 temelden yanl\u0131\u015f fikirlerin bulunmas\u0131d\u0131r; \u00f6rne\u011fin vasiyet\u00e7inin bor\u00e7lar\u0131n\u0131n miras yoluyla ge\u00e7memesi veya sonradan kolayca mirastan silinebilmesi gibi. \u00c7o\u011fu zaman kabul edilmeyen bir di\u011fer odak noktas\u0131, birden fazla miras\u00e7\u0131n\u0131n ortak m\u00fclkiyetinin varl\u0131\u011f\u0131d\u0131r; burada miras\u0131n bireysel olarak tasarruf edilemeyece\u011fi, ancak yaln\u0131zca bir b\u00fct\u00fcn olarak (t\u00fcm miras\u00e7\u0131lar\u0131n r\u0131zas\u0131yla) elden \u00e7\u0131kar\u0131labilece\u011fi yasal olarak \u00f6ng\u00f6r\u00fclm\u00fc\u015ft\u00fcr. Bu durum zaten \u00f6zel hukuk alan\u0131nda \u00f6nemli farkl\u0131l\u0131klara yol a\u00e7maktad\u0131r; \u015firket devri s\u00f6z konusu oldu\u011funda \u00e7ok \u00f6nemli miktarda para, ge\u00e7im kaynaklar\u0131 ve en \u00f6nemlisi vasiyet\u00e7inin hayat\u0131 h\u0131zla tehlikeye girmektedir.[\/vc_column_text][\/vc_column][\/vc_row][vc_row triangle_shape=&#8221;no&#8221; css=&#8221;.vc_custom_1695378841440{padding-bottom: 20px !important;}&#8221;][vc_column][vc_column_text]Bu, anlay\u0131\u015f\u0131 ve hedefe y\u00f6nelik tavsiyeyi daha da \u00f6nemli hale getirir. STEINWACHS hukuk b\u00fcrosunu g\u00f6revlendirerek hedeflerinizin miras hukuku konusunda deneyimli bir avukat taraf\u0131ndan gerekli hassasiyetle ve sonuna kadar hayata ge\u00e7irilmesini sa\u011flayabilirsiniz.[\/vc_column_text][\/vc_column][\/vc_row][vc_row triangle_shape=&#8221;no&#8221; css=&#8221;.vc_custom_1695378835272{padding-bottom: 20px !important;}&#8221;][vc_column][vc_column_text]Avukatlar\u0131m\u0131z miras hukukunun a\u015fa\u011f\u0131daki alanlar\u0131nda sizin i\u00e7in \u00e7al\u0131\u015facakt\u0131r:<\/p>\n<ul>\n<li>Vasiyet ve miras s\u00f6zle\u015fmesi<\/li>\n<li>Temsil yetkisi<\/li>\n<li>Ya\u015fayan irade<\/li>\n<li>Beklenen veraset<\/li>\n<li>\u0130\u015f devri<\/li>\n<li>Veraset ve intikal vergisi<\/li>\n<li>Zorunlu k\u0131s\u0131m hakk\u0131<\/li>\n<li>miras\u00e7\u0131lar toplulu\u011fu<\/li>\n<li>Miras prosed\u00fcr\u00fc<\/li>\n<li>Vasiyetin yerine getirilmesi<\/li>\n<li>Uluslararas\u0131 miras hukuku<\/li>\n<li>Tar\u0131msal miras hukuku<\/li>\n<li>Vak\u0131f hukuku<\/li>\n<\/ul>\n<p>[\/vc_column_text][\/vc_column][\/vc_row][vc_row triangle_shape=&#8221;no&#8221; css=&#8221;.vc_custom_1695378827464{padding-bottom: 20px !important;}&#8221;][vc_column][vc_column_text]Avukat Miras Hukuku Hamburg Berlin Bremen sayfas\u0131n\u0131n i\u00e7eri\u011finden sorumlu: Avukat Stephan Steinwachs (Avukat Hamburg Berlin Bremen)[\/vc_column_text][\/vc_column][\/vc_row]<\/p>\n<\/div>","protected":false},"excerpt":{"rendered":"<p>[vc_row triangle_shape=&#8221;no&#8221; css=&#8221;.vc_custom_1695378857848{padding-bottom: 20px !important;}&#8221;][vc_column][vc_column_text]T\u0131pk\u0131 aile hukukunda oldu\u011fu gibi miras hukuku da genellikle hukuki a\u00e7\u0131dan zorlu anla\u015fmazl\u0131klarla karakterize edilir. Buradaki temel sebep, miras\u0131n kanunen evrensel bir miras olarak tan\u0131mlanmas\u0131 ve birden fazla miras\u00e7\u0131 olmas\u0131 halinde ortak elin varl\u0131\u011f\u0131d\u0131r. Bu nedenle, sevilen birinin kayb\u0131yla ilgili \u00fcz\u00fcc\u00fc haberin ard\u0131ndan, mirasla ilgili daha da stresli hukuki anla\u015fmazl\u0131klar gelir; bu da \u00e7o\u011fu zaman akrabalar\u0131 tart\u0131\u015fmalara s\u00fcr\u00fckler ve bu nedenle ciddi strese veya onlar\u0131n da\u011f\u0131lmas\u0131na yol a\u00e7ar. Miras hukuku, miras hukukunda \u00e7al\u0131\u015fan avukat\u0131n sadece deneyim sahibi olmas\u0131n\u0131 ve s\u00fcrekli de\u011fi\u015fen miras hukuku konusunda kendini s\u00fcrekli e\u011fitme iste\u011finin yan\u0131 s\u0131ra y\u00fcksek d\u00fczeyde sosyal yetkinli\u011fe sahip olmas\u0131n\u0131&#8230;<\/p>\n","protected":false},"author":1,"featured_media":6059,"parent":0,"menu_order":0,"comment_status":"closed","ping_status":"closed","template":"","meta":{"footnotes":""},"class_list":["post-9781","page","type-page","status-publish","has-post-thumbnail","hentry"],"yoast_head":"<!-- This site is optimized with the Yoast SEO Premium plugin v27.2 (Yoast SEO v27.4) - https:\/\/yoast.com\/product\/yoast-seo-premium-wordpress\/ -->\n<title>Rechtsanwaltskanzlei in Hamburg Berlin Bremen Hannover L\u00fcbeck<\/title>\n<meta name=\"description\" content=\"Rechtsanwaltskanzlei f\u00fcr Arbeitsrecht, Arzthaftung, Mietrecht, Gewerbemietrecht ,Gastronomierecht, Immobilienrecht, Schadensersatz Yachtrecht\" \/>\n<meta name=\"robots\" content=\"index, follow, max-snippet:-1, max-image-preview:large, max-video-preview:-1\" \/>\n<link rel=\"canonical\" href=\"https:\/\/www.kanzlei-steinwachs.de\/tr\/miras-hukuku\/\" \/>\n<meta property=\"og:locale\" content=\"tr_TR\" \/>\n<meta property=\"og:type\" content=\"article\" \/>\n<meta property=\"og:title\" content=\"Rechtsanwaltskanzlei in Hamburg Berlin Bremen Hannover L\u00fcbeck\" \/>\n<meta property=\"og:description\" content=\"Rechtsanwaltskanzlei f\u00fcr Arbeitsrecht, Arzthaftung, Mietrecht, Gewerbemietrecht ,Gastronomierecht, Immobilienrecht, Schadensersatz Yachtrecht\" \/>\n<meta property=\"og:url\" content=\"https:\/\/www.kanzlei-steinwachs.de\/tr\/miras-hukuku\/\" \/>\n<meta property=\"og:site_name\" content=\"Rechtsanwaltskanzlei Anwalt Hamburg Berlin Bremen Hannover L\u00fcbeck\" \/>\n<meta property=\"article:publisher\" content=\"https:\/\/www.facebook.com\/STEINWACHSRechtsanwaltskanzlei\/\" \/>\n<meta property=\"article:modified_time\" content=\"2023-10-26T07:23:47+00:00\" \/>\n<meta name=\"twitter:card\" content=\"summary_large_image\" \/>\n<meta name=\"twitter:site\" content=\"@rasteinwachs\" \/>\n<meta name=\"twitter:label1\" content=\"Tahmini okuma s\u00fcresi\" \/>\n\t<meta name=\"twitter:data1\" content=\"3 dakika\" \/>\n<script type=\"application\/ld+json\" class=\"yoast-schema-graph\">{\"@context\":\"https:\\\/\\\/schema.org\",\"@graph\":[{\"@type\":\"WebPage\",\"@id\":\"https:\\\/\\\/www.kanzlei-steinwachs.de\\\/tr\\\/miras-hukuku\\\/\",\"url\":\"https:\\\/\\\/www.kanzlei-steinwachs.de\\\/tr\\\/miras-hukuku\\\/\",\"name\":\"Rechtsanwaltskanzlei in Hamburg Berlin Bremen Hannover L\u00fcbeck\",\"isPartOf\":{\"@id\":\"https:\\\/\\\/www.kanzlei-steinwachs.de\\\/tr\\\/#website\"},\"primaryImageOfPage\":{\"@id\":\"https:\\\/\\\/www.kanzlei-steinwachs.de\\\/tr\\\/miras-hukuku\\\/#primaryimage\"},\"image\":{\"@id\":\"https:\\\/\\\/www.kanzlei-steinwachs.de\\\/tr\\\/miras-hukuku\\\/#primaryimage\"},\"thumbnailUrl\":\"https:\\\/\\\/i0.wp.com\\\/www.kanzlei-steinwachs.de\\\/wp-content\\\/uploads\\\/2023\\\/10\\\/businessman-businesswoman-sitting-front-manager-workplace.jpg?fit=1000%2C667&quality=20&ssl=1\",\"datePublished\":\"2023-09-22T10:26:23+00:00\",\"dateModified\":\"2023-10-26T07:23:47+00:00\",\"description\":\"Rechtsanwaltskanzlei f\u00fcr Arbeitsrecht, Arzthaftung, Mietrecht, Gewerbemietrecht ,Gastronomierecht, Immobilienrecht, Schadensersatz Yachtrecht\",\"inLanguage\":\"tr\",\"potentialAction\":[{\"@type\":\"ReadAction\",\"target\":[\"https:\\\/\\\/www.kanzlei-steinwachs.de\\\/tr\\\/miras-hukuku\\\/\"]}]},{\"@type\":\"ImageObject\",\"inLanguage\":\"tr\",\"@id\":\"https:\\\/\\\/www.kanzlei-steinwachs.de\\\/tr\\\/miras-hukuku\\\/#primaryimage\",\"url\":\"https:\\\/\\\/i0.wp.com\\\/www.kanzlei-steinwachs.de\\\/wp-content\\\/uploads\\\/2023\\\/10\\\/businessman-businesswoman-sitting-front-manager-workplace.jpg?fit=1000%2C667&quality=20&ssl=1\",\"contentUrl\":\"https:\\\/\\\/i0.wp.com\\\/www.kanzlei-steinwachs.de\\\/wp-content\\\/uploads\\\/2023\\\/10\\\/businessman-businesswoman-sitting-front-manager-workplace.jpg?fit=1000%2C667&quality=20&ssl=1\",\"width\":1000,\"height\":667},{\"@type\":\"WebSite\",\"@id\":\"https:\\\/\\\/www.kanzlei-steinwachs.de\\\/tr\\\/#website\",\"url\":\"https:\\\/\\\/www.kanzlei-steinwachs.de\\\/tr\\\/\",\"name\":\"Rechtsanwaltskanzlei Anwalt Hamburg Berlin Bremen Hannover L\u00fcbeck\",\"description\":\"Wir leisten mehr als Recht bietet\",\"publisher\":{\"@id\":\"https:\\\/\\\/www.kanzlei-steinwachs.de\\\/tr\\\/#organization\"},\"potentialAction\":[{\"@type\":\"SearchAction\",\"target\":{\"@type\":\"EntryPoint\",\"urlTemplate\":\"https:\\\/\\\/www.kanzlei-steinwachs.de\\\/tr\\\/?s={search_term_string}\"},\"query-input\":{\"@type\":\"PropertyValueSpecification\",\"valueRequired\":true,\"valueName\":\"search_term_string\"}}],\"inLanguage\":\"tr\"},{\"@type\":[\"Organization\",\"Place\"],\"@id\":\"https:\\\/\\\/www.kanzlei-steinwachs.de\\\/tr\\\/#organization\",\"name\":\"Rechtsanwaltskanzlei Anwalt Hamburg Berlin Bremen Hannover L\u00fcbeck\",\"url\":\"https:\\\/\\\/www.kanzlei-steinwachs.de\\\/\",\"logo\":{\"@type\":\"ImageObject\",\"inLanguage\":\"tr\",\"@id\":\"https:\\\/\\\/www.kanzlei-steinwachs.de\\\/tr\\\/#\\\/schema\\\/logo\\\/image\\\/\",\"url\":\"https:\\\/\\\/i0.wp.com\\\/www.kanzlei-steinwachs.de\\\/wp-content\\\/uploads\\\/2023\\\/12\\\/logo.webp?fit=174%2C76&quality=80&ssl=1\",\"contentUrl\":\"https:\\\/\\\/i0.wp.com\\\/www.kanzlei-steinwachs.de\\\/wp-content\\\/uploads\\\/2023\\\/12\\\/logo.webp?fit=174%2C76&quality=80&ssl=1\",\"width\":174,\"height\":76,\"caption\":\"Rechtsanwaltskanzlei Anwalt Hamburg Berlin Bremen Hannover L\u00fcbeck\"},\"image\":{\"@id\":\"https:\\\/\\\/www.kanzlei-steinwachs.de\\\/tr\\\/#\\\/schema\\\/logo\\\/image\\\/\"},\"sameAs\":[\"https:\\\/\\\/www.facebook.com\\\/STEINWACHSRechtsanwaltskanzlei\\\/\",\"https:\\\/\\\/x.com\\\/rasteinwachs\",\"https:\\\/\\\/www.instagram.com\\\/steinwachs_rechtsanwaelte\\\/\",\"https:\\\/\\\/www.linkedin.com\\\/in\\\/stephan-steinwachs-7a270197\\\/\",\"https:\\\/\\\/www.youtube.com\\\/channel\\\/UCffmodDlQx81remXm395RWA\"],\"telephone\":[]}]}<\/script>\n<!-- \/ Yoast SEO Premium plugin. -->","yoast_head_json":{"title":"Rechtsanwaltskanzlei in Hamburg Berlin Bremen Hannover L\u00fcbeck","description":"Rechtsanwaltskanzlei f\u00fcr Arbeitsrecht, Arzthaftung, Mietrecht, Gewerbemietrecht ,Gastronomierecht, Immobilienrecht, Schadensersatz Yachtrecht","robots":{"index":"index","follow":"follow","max-snippet":"max-snippet:-1","max-image-preview":"max-image-preview:large","max-video-preview":"max-video-preview:-1"},"canonical":"https:\/\/www.kanzlei-steinwachs.de\/tr\/miras-hukuku\/","og_locale":"tr_TR","og_type":"article","og_title":"Rechtsanwaltskanzlei in Hamburg Berlin Bremen Hannover L\u00fcbeck","og_description":"Rechtsanwaltskanzlei f\u00fcr Arbeitsrecht, Arzthaftung, Mietrecht, Gewerbemietrecht ,Gastronomierecht, Immobilienrecht, Schadensersatz Yachtrecht","og_url":"https:\/\/www.kanzlei-steinwachs.de\/tr\/miras-hukuku\/","og_site_name":"Rechtsanwaltskanzlei Anwalt Hamburg Berlin Bremen Hannover L\u00fcbeck","article_publisher":"https:\/\/www.facebook.com\/STEINWACHSRechtsanwaltskanzlei\/","article_modified_time":"2023-10-26T07:23:47+00:00","twitter_card":"summary_large_image","twitter_site":"@rasteinwachs","twitter_misc":{"Tahmini okuma s\u00fcresi":"3 dakika"},"schema":{"@context":"https:\/\/schema.org","@graph":[{"@type":"WebPage","@id":"https:\/\/www.kanzlei-steinwachs.de\/tr\/miras-hukuku\/","url":"https:\/\/www.kanzlei-steinwachs.de\/tr\/miras-hukuku\/","name":"Rechtsanwaltskanzlei in Hamburg Berlin Bremen Hannover L\u00fcbeck","isPartOf":{"@id":"https:\/\/www.kanzlei-steinwachs.de\/tr\/#website"},"primaryImageOfPage":{"@id":"https:\/\/www.kanzlei-steinwachs.de\/tr\/miras-hukuku\/#primaryimage"},"image":{"@id":"https:\/\/www.kanzlei-steinwachs.de\/tr\/miras-hukuku\/#primaryimage"},"thumbnailUrl":"https:\/\/i0.wp.com\/www.kanzlei-steinwachs.de\/wp-content\/uploads\/2023\/10\/businessman-businesswoman-sitting-front-manager-workplace.jpg?fit=1000%2C667&quality=20&ssl=1","datePublished":"2023-09-22T10:26:23+00:00","dateModified":"2023-10-26T07:23:47+00:00","description":"Rechtsanwaltskanzlei f\u00fcr Arbeitsrecht, Arzthaftung, Mietrecht, Gewerbemietrecht ,Gastronomierecht, Immobilienrecht, Schadensersatz Yachtrecht","inLanguage":"tr","potentialAction":[{"@type":"ReadAction","target":["https:\/\/www.kanzlei-steinwachs.de\/tr\/miras-hukuku\/"]}]},{"@type":"ImageObject","inLanguage":"tr","@id":"https:\/\/www.kanzlei-steinwachs.de\/tr\/miras-hukuku\/#primaryimage","url":"https:\/\/i0.wp.com\/www.kanzlei-steinwachs.de\/wp-content\/uploads\/2023\/10\/businessman-businesswoman-sitting-front-manager-workplace.jpg?fit=1000%2C667&quality=20&ssl=1","contentUrl":"https:\/\/i0.wp.com\/www.kanzlei-steinwachs.de\/wp-content\/uploads\/2023\/10\/businessman-businesswoman-sitting-front-manager-workplace.jpg?fit=1000%2C667&quality=20&ssl=1","width":1000,"height":667},{"@type":"WebSite","@id":"https:\/\/www.kanzlei-steinwachs.de\/tr\/#website","url":"https:\/\/www.kanzlei-steinwachs.de\/tr\/","name":"Rechtsanwaltskanzlei Anwalt Hamburg Berlin Bremen Hannover L\u00fcbeck","description":"Wir leisten mehr als Recht bietet","publisher":{"@id":"https:\/\/www.kanzlei-steinwachs.de\/tr\/#organization"},"potentialAction":[{"@type":"SearchAction","target":{"@type":"EntryPoint","urlTemplate":"https:\/\/www.kanzlei-steinwachs.de\/tr\/?s={search_term_string}"},"query-input":{"@type":"PropertyValueSpecification","valueRequired":true,"valueName":"search_term_string"}}],"inLanguage":"tr"},{"@type":["Organization","Place"],"@id":"https:\/\/www.kanzlei-steinwachs.de\/tr\/#organization","name":"Rechtsanwaltskanzlei Anwalt Hamburg Berlin Bremen Hannover L\u00fcbeck","url":"https:\/\/www.kanzlei-steinwachs.de\/","logo":{"@type":"ImageObject","inLanguage":"tr","@id":"https:\/\/www.kanzlei-steinwachs.de\/tr\/#\/schema\/logo\/image\/","url":"https:\/\/i0.wp.com\/www.kanzlei-steinwachs.de\/wp-content\/uploads\/2023\/12\/logo.webp?fit=174%2C76&quality=80&ssl=1","contentUrl":"https:\/\/i0.wp.com\/www.kanzlei-steinwachs.de\/wp-content\/uploads\/2023\/12\/logo.webp?fit=174%2C76&quality=80&ssl=1","width":174,"height":76,"caption":"Rechtsanwaltskanzlei Anwalt Hamburg Berlin Bremen Hannover L\u00fcbeck"},"image":{"@id":"https:\/\/www.kanzlei-steinwachs.de\/tr\/#\/schema\/logo\/image\/"},"sameAs":["https:\/\/www.facebook.com\/STEINWACHSRechtsanwaltskanzlei\/","https:\/\/x.com\/rasteinwachs","https:\/\/www.instagram.com\/steinwachs_rechtsanwaelte\/","https:\/\/www.linkedin.com\/in\/stephan-steinwachs-7a270197\/","https:\/\/www.youtube.com\/channel\/UCffmodDlQx81remXm395RWA"],"telephone":[]}]}},"jetpack_sharing_enabled":true,"_links":{"self":[{"href":"https:\/\/www.kanzlei-steinwachs.de\/tr\/wp-json\/wp\/v2\/pages\/9781","targetHints":{"allow":["GET"]}}],"collection":[{"href":"https:\/\/www.kanzlei-steinwachs.de\/tr\/wp-json\/wp\/v2\/pages"}],"about":[{"href":"https:\/\/www.kanzlei-steinwachs.de\/tr\/wp-json\/wp\/v2\/types\/page"}],"author":[{"embeddable":true,"href":"https:\/\/www.kanzlei-steinwachs.de\/tr\/wp-json\/wp\/v2\/users\/1"}],"replies":[{"embeddable":true,"href":"https:\/\/www.kanzlei-steinwachs.de\/tr\/wp-json\/wp\/v2\/comments?post=9781"}],"version-history":[{"count":0,"href":"https:\/\/www.kanzlei-steinwachs.de\/tr\/wp-json\/wp\/v2\/pages\/9781\/revisions"}],"wp:featuredmedia":[{"embeddable":true,"href":"https:\/\/www.kanzlei-steinwachs.de\/tr\/wp-json\/wp\/v2\/media\/6059"}],"wp:attachment":[{"href":"https:\/\/www.kanzlei-steinwachs.de\/tr\/wp-json\/wp\/v2\/media?parent=9781"}],"curies":[{"name":"wp","href":"https:\/\/api.w.org\/{rel}","templated":true}]}}