{"id":9745,"date":"2023-10-17T08:14:49","date_gmt":"2023-10-17T06:14:49","guid":{"rendered":"https:\/\/www.kanzlei-steinwachs.de\/ebay-ve-hukuk\/"},"modified":"2023-10-26T09:16:09","modified_gmt":"2023-10-26T07:16:09","slug":"ebay-ve-hukuk","status":"publish","type":"page","link":"https:\/\/www.kanzlei-steinwachs.de\/tr\/ebay-ve-hukuk\/","title":{"rendered":"eBay ve Hukuk"},"content":{"rendered":"<div class=\"wpb-content-wrapper\"><p>[vc_row content_width=&#8221;grid&#8221; content_aligment=&#8221;center&#8221; triangle_shape=&#8221;no&#8221; css=&#8221;.vc_custom_1696926719838{padding-bottom: 10px !important;background-position: center !important;background-repeat: no-repeat !important;background-size: cover !important;}&#8221;][vc_column]<div class=\"mkd-separator-holder clearfix  mkd-separator-center mkd-separator-with-icon mkd-animate\" style=\"margin-top: 20px; margin-bottom: 30px\">\n\t<div class=\"mkd-separator\" style=\"border-color: #c18f59;border-style: solid;width: 97.5px\"><\/div>\n\t\t<div class=\"mkd-separator-icon\">\n\t\t\t                    \t\t\t\t\t\t<\/div>\n\t<div class=\"mkd-separator\" style=\"border-color: #c18f59;border-style: solid;width: 97.5px\"><\/div>\n<\/div>\n[\/vc_column][\/vc_row][vc_row triangle_shape=&#8221;no&#8221;][vc_column][vc_column_text css=&#8221;.vc_custom_1697523434373{margin-bottom: 0px !important;padding-top: 20px !important;padding-bottom: 1px !important;}&#8221;]eBay ve hukukun konu alan\u0131 \u00f6ncelikle eBay kullan\u0131c\u0131lar\u0131 aras\u0131ndaki ve eBay&#8217;e y\u00f6nelik hukuki ili\u015fkilerle ilgilidir.[\/vc_column_text][vc_column_text css=&#8221;.vc_custom_1697523441036{margin-bottom: 0px !important;padding-top: 20px !important;padding-bottom: 1px !important;}&#8221;]\u00c7evrimi\u00e7i platform eBay, yasal a\u00e7\u0131dan bir\u00e7ok soruyu g\u00fcndeme getiren en b\u00fcy\u00fck \u0130nternet m\u00fczayede evidir.<\/p>\n<div id=\"gtx-trans\" style=\"position: absolute; left: 205px; top: -10px;\">\n<div class=\"gtx-trans-icon\"><\/div>\n<\/div>\n<div id=\"gtx-trans\" style=\"position: absolute; left: 205px; top: -10px;\">\n<div class=\"gtx-trans-icon\"><\/div>\n<\/div>\n<p>[\/vc_column_text][vc_column_text css=&#8221;.vc_custom_1697523447035{margin-bottom: 0px !important;padding-top: 20px !important;padding-bottom: 1px !important;}&#8221;]eBay ve hukuk alan\u0131nda, eBay&#8217;de bir a\u00e7\u0131k art\u0131rman\u0131n ve \u00e7evrimi\u00e7i ticaretin hukuki de\u011ferlendirmesi ile sat\u0131c\u0131 ve al\u0131c\u0131lar\u0131n ilgili hak ve y\u00fck\u00fcml\u00fcl\u00fckleri \u00fczerinde durulmaktad\u0131r. eBay ve hukuk alan\u0131nda, eBay m\u00fczayedesinde al\u0131c\u0131 ve sat\u0131c\u0131 aras\u0131nda imzalanan s\u00f6zle\u015fme, Alman Medeni Kanununun (BGB) 433. Maddesi uyar\u0131nca temelde tamamen normal bir sat\u0131n alma s\u00f6zle\u015fmesini temsil eder. ticari bir sat\u0131c\u0131ysa bu, cayma veya iade hakk\u0131 gibi eBay ve hukuk alan\u0131nda \u00f6zel t\u00fcketici koruma d\u00fczenlemelerinin ge\u00e7erli oldu\u011fu \u00a7\u00a7 312 b ff.BGB mesafeli sat\u0131\u015f i\u015flemini olu\u015fturur.[\/vc_column_text][vc_column_text css=&#8221;.vc_custom_1697523451963{padding-top: 10px !important;}&#8221;]Yasal olarak, eBay ve hukuk alan\u0131nda, yani \u00e7evrimi\u00e7i a\u00e7\u0131k art\u0131rmalar ve \u00e7evrimi\u00e7i ticaret alan\u0131nda bir tak\u0131m farkl\u0131 sorunlar ortaya \u00e7\u0131kmaktad\u0131r. G\u00fcn\u00fcm\u00fczde internet ticaretinin h\u0131zla ilerleyen geli\u015fimi ve giderek artan \u00f6nemi, eBay ve hukuk alan\u0131nda her ge\u00e7en g\u00fcn yeni hukuki sorular\u0131 g\u00fcndeme getirmektedir.[\/vc_column_text][\/vc_column][\/vc_row][vc_row triangle_shape=&#8221;no&#8221; css=&#8221;.vc_custom_1697795887089{padding-top: 30px !important;}&#8221; el_class=&#8221;all-least-pages&#8221;][vc_column][vc_row_inner css=&#8221;.vc_custom_1697455935676{padding-bottom: 10px !important;}&#8221;][vc_column_inner width=&#8221;1\/2&#8243;]\n<h2 class=\"mkd-custom-font-holder\" style=\"font-size: 20px;line-height: 30px;font-weight: 700\" data-font-size= 20 data-line-height= 30>\n\tGegenstand von Auseinandersetzungen im Bereich eBay und Recht sind beispielsweise folgende Bereiche:,<\/h2>[vc_empty_space]<div class=\"mkd-unordered-list \" ><ul>\n<li>A\u00e7\u0131k art\u0131rman\u0131n erken iptali<\/li>\n<li>Bir eBay i\u015flemine itiraz etme<\/li>\n<li>Cayma hakk\u0131\/iade hakk\u0131<\/li>\n<li>eBay ve \u015fartlar ve ko\u015fullar<\/li>\n<li>Kusurlara ili\u015fkin Garanti haklar\u0131<\/li>\n<li>eBay ve telif hakk\u0131<\/li>\n<li>eBay ve ticari marka kanunu<\/li>\n<li>yanl\u0131\u015f yorumlar<\/li>\n<li>eBay hesab\u0131n\u0131n k\u00f6t\u00fcye kullan\u0131lmas\u0131<\/li>\n<li>eBay-Powerseller<\/li>\n<\/ul>\n<\/div>[vc_empty_space][\/vc_column_inner][vc_column_inner width=&#8221;1\/2&#8243;][vc_single_image image=&#8221;1425&#8243; img_size=&#8221;full&#8221;][\/vc_column_inner][\/vc_row_inner][\/vc_column][\/vc_row][vc_row triangle_shape=&#8221;no&#8221; css=&#8221;.vc_custom_1697795895975{padding-bottom: 50px !important;}&#8221; el_class=&#8221;all-least-pages1&#8243;][vc_column]\n<h2 class=\"mkd-custom-font-holder\" style=\"font-size: 20px;line-height: 20px;font-weight: 700\" data-font-size= 20 data-line-height= 20>\n\tAbschluss<\/h2>[vc_column_text css=&#8221;.vc_custom_1697523527205{padding-top: 10px !important;}&#8221;]<\/p>\n<div class=\"art-content\">\n<div class=\"art-Post\">\n<div class=\"art-Post-body\">\n<div class=\"art-Post-inner art-article\">\n<div class=\"art-PostContent\">\n<p>\u0130lerleyen sayfalarda size eBay ve hukukun temelleri hakk\u0131nda m\u00fcmk\u00fcn oldu\u011funca fazla bilgi sunmaya \u00e7al\u0131\u015faca\u011f\u0131z.<\/p>\n<\/div>\n<\/div>\n<\/div>\n<\/div>\n<\/div>\n<p>[\/vc_column_text][vc_column_text css=&#8221;.vc_custom_1697523536452{padding-top: 10px !important;}&#8221;]<\/p>\n<div class=\"art-content\">\n<div class=\"art-Post\">\n<div class=\"art-Post-body\">\n<div class=\"art-Post-inner art-article\">\n<div class=\"art-PostContent\">\n<div class=\"art-content\">\n<div class=\"art-Post\">\n<div class=\"art-Post-body\">\n<div class=\"art-Post-inner art-article\">\n<div class=\"art-PostContent\">\n<p>Ayr\u0131ca eBay ve hukuk konusunda a\u015fa\u011f\u0131daki sayfalar\u0131 da \u00f6neriyoruz:<\/p>\n<\/div>\n<\/div>\n<\/div>\n<\/div>\n<\/div>\n<\/div>\n<\/div>\n<\/div>\n<\/div>\n<\/div>\n<p>[\/vc_column_text][\/vc_column][\/vc_row]<\/p>\n<\/div>","protected":false},"excerpt":{"rendered":"<p>[vc_row content_width=&#8221;grid&#8221; content_aligment=&#8221;center&#8221; triangle_shape=&#8221;no&#8221; css=&#8221;.vc_custom_1696926719838{padding-bottom: 10px !important;background-position: center !important;background-repeat: no-repeat !important;background-size: cover !important;}&#8221;][vc_column][\/vc_column][\/vc_row][vc_row triangle_shape=&#8221;no&#8221;][vc_column][vc_column_text css=&#8221;.vc_custom_1697523434373{margin-bottom: 0px !important;padding-top: 20px !important;padding-bottom: 1px !important;}&#8221;]eBay ve hukukun konu alan\u0131 \u00f6ncelikle eBay kullan\u0131c\u0131lar\u0131 aras\u0131ndaki ve eBay&#8217;e y\u00f6nelik hukuki ili\u015fkilerle ilgilidir.[\/vc_column_text][vc_column_text css=&#8221;.vc_custom_1697523441036{margin-bottom: 0px !important;padding-top: 20px !important;padding-bottom: 1px !important;}&#8221;]\u00c7evrimi\u00e7i platform eBay, yasal a\u00e7\u0131dan bir\u00e7ok soruyu g\u00fcndeme getiren en b\u00fcy\u00fck \u0130nternet m\u00fczayede evidir. [\/vc_column_text][vc_column_text css=&#8221;.vc_custom_1697523447035{margin-bottom: 0px !important;padding-top: 20px !important;padding-bottom: 1px !important;}&#8221;]eBay ve hukuk alan\u0131nda, eBay&#8217;de bir a\u00e7\u0131k art\u0131rman\u0131n ve \u00e7evrimi\u00e7i ticaretin hukuki de\u011ferlendirmesi ile sat\u0131c\u0131 ve al\u0131c\u0131lar\u0131n ilgili hak ve y\u00fck\u00fcml\u00fcl\u00fckleri \u00fczerinde durulmaktad\u0131r. eBay ve hukuk alan\u0131nda, eBay m\u00fczayedesinde al\u0131c\u0131 ve sat\u0131c\u0131 aras\u0131nda imzalanan s\u00f6zle\u015fme, Alman Medeni Kanununun&#8230;<\/p>\n","protected":false},"author":1,"featured_media":0,"parent":0,"menu_order":0,"comment_status":"closed","ping_status":"closed","template":"","meta":{"footnotes":""},"class_list":["post-9745","page","type-page","status-publish","hentry"],"yoast_head":"<!-- This site is optimized with the Yoast SEO Premium plugin v27.2 (Yoast SEO v27.4) - https:\/\/yoast.com\/product\/yoast-seo-premium-wordpress\/ -->\n<title>Rechtsanwaltskanzlei in Hamburg Berlin Bremen Hannover L\u00fcbeck<\/title>\n<meta name=\"description\" content=\"Rechtsanwaltskanzlei f\u00fcr Arbeitsrecht, Arzthaftung, Mietrecht, Gewerbemietrecht ,Gastronomierecht, Immobilienrecht, Schadensersatz Yachtrecht\" \/>\n<meta name=\"robots\" content=\"index, follow, max-snippet:-1, max-image-preview:large, max-video-preview:-1\" \/>\n<link rel=\"canonical\" href=\"https:\/\/www.kanzlei-steinwachs.de\/tr\/ebay-ve-hukuk\/\" \/>\n<meta property=\"og:locale\" content=\"tr_TR\" \/>\n<meta property=\"og:type\" content=\"article\" \/>\n<meta property=\"og:title\" content=\"Rechtsanwaltskanzlei in Hamburg Berlin Bremen Hannover L\u00fcbeck\" \/>\n<meta property=\"og:description\" content=\"Rechtsanwaltskanzlei f\u00fcr Arbeitsrecht, Arzthaftung, Mietrecht, Gewerbemietrecht ,Gastronomierecht, Immobilienrecht, Schadensersatz Yachtrecht\" \/>\n<meta property=\"og:url\" content=\"https:\/\/www.kanzlei-steinwachs.de\/tr\/ebay-ve-hukuk\/\" \/>\n<meta property=\"og:site_name\" content=\"Rechtsanwaltskanzlei Anwalt Hamburg Berlin Bremen Hannover L\u00fcbeck\" \/>\n<meta property=\"article:publisher\" content=\"https:\/\/www.facebook.com\/STEINWACHSRechtsanwaltskanzlei\/\" \/>\n<meta property=\"article:modified_time\" content=\"2023-10-26T07:16:09+00:00\" \/>\n<meta name=\"twitter:card\" content=\"summary_large_image\" \/>\n<meta name=\"twitter:site\" content=\"@rasteinwachs\" \/>\n<meta name=\"twitter:label1\" content=\"Tahmini okuma s\u00fcresi\" \/>\n\t<meta name=\"twitter:data1\" content=\"3 dakika\" \/>\n<script type=\"application\/ld+json\" class=\"yoast-schema-graph\">{\"@context\":\"https:\\\/\\\/schema.org\",\"@graph\":[{\"@type\":\"WebPage\",\"@id\":\"https:\\\/\\\/www.kanzlei-steinwachs.de\\\/tr\\\/ebay-ve-hukuk\\\/\",\"url\":\"https:\\\/\\\/www.kanzlei-steinwachs.de\\\/tr\\\/ebay-ve-hukuk\\\/\",\"name\":\"Rechtsanwaltskanzlei in Hamburg Berlin Bremen Hannover L\u00fcbeck\",\"isPartOf\":{\"@id\":\"https:\\\/\\\/www.kanzlei-steinwachs.de\\\/tr\\\/#website\"},\"datePublished\":\"2023-10-17T06:14:49+00:00\",\"dateModified\":\"2023-10-26T07:16:09+00:00\",\"description\":\"Rechtsanwaltskanzlei f\u00fcr Arbeitsrecht, Arzthaftung, Mietrecht, Gewerbemietrecht ,Gastronomierecht, Immobilienrecht, Schadensersatz Yachtrecht\",\"inLanguage\":\"tr\",\"potentialAction\":[{\"@type\":\"ReadAction\",\"target\":[\"https:\\\/\\\/www.kanzlei-steinwachs.de\\\/tr\\\/ebay-ve-hukuk\\\/\"]}]},{\"@type\":\"WebSite\",\"@id\":\"https:\\\/\\\/www.kanzlei-steinwachs.de\\\/tr\\\/#website\",\"url\":\"https:\\\/\\\/www.kanzlei-steinwachs.de\\\/tr\\\/\",\"name\":\"Rechtsanwaltskanzlei Anwalt Hamburg Berlin Bremen Hannover L\u00fcbeck\",\"description\":\"Wir leisten mehr als Recht bietet\",\"publisher\":{\"@id\":\"https:\\\/\\\/www.kanzlei-steinwachs.de\\\/tr\\\/#organization\"},\"potentialAction\":[{\"@type\":\"SearchAction\",\"target\":{\"@type\":\"EntryPoint\",\"urlTemplate\":\"https:\\\/\\\/www.kanzlei-steinwachs.de\\\/tr\\\/?s={search_term_string}\"},\"query-input\":{\"@type\":\"PropertyValueSpecification\",\"valueRequired\":true,\"valueName\":\"search_term_string\"}}],\"inLanguage\":\"tr\"},{\"@type\":[\"Organization\",\"Place\"],\"@id\":\"https:\\\/\\\/www.kanzlei-steinwachs.de\\\/tr\\\/#organization\",\"name\":\"Rechtsanwaltskanzlei Anwalt Hamburg Berlin Bremen Hannover L\u00fcbeck\",\"url\":\"https:\\\/\\\/www.kanzlei-steinwachs.de\\\/\",\"logo\":{\"@type\":\"ImageObject\",\"inLanguage\":\"tr\",\"@id\":\"https:\\\/\\\/www.kanzlei-steinwachs.de\\\/tr\\\/#\\\/schema\\\/logo\\\/image\\\/\",\"url\":\"https:\\\/\\\/i0.wp.com\\\/www.kanzlei-steinwachs.de\\\/wp-content\\\/uploads\\\/2023\\\/12\\\/logo.webp?fit=174%2C76&quality=80&ssl=1\",\"contentUrl\":\"https:\\\/\\\/i0.wp.com\\\/www.kanzlei-steinwachs.de\\\/wp-content\\\/uploads\\\/2023\\\/12\\\/logo.webp?fit=174%2C76&quality=80&ssl=1\",\"width\":174,\"height\":76,\"caption\":\"Rechtsanwaltskanzlei Anwalt Hamburg Berlin Bremen Hannover L\u00fcbeck\"},\"image\":{\"@id\":\"https:\\\/\\\/www.kanzlei-steinwachs.de\\\/tr\\\/#\\\/schema\\\/logo\\\/image\\\/\"},\"sameAs\":[\"https:\\\/\\\/www.facebook.com\\\/STEINWACHSRechtsanwaltskanzlei\\\/\",\"https:\\\/\\\/x.com\\\/rasteinwachs\",\"https:\\\/\\\/www.instagram.com\\\/steinwachs_rechtsanwaelte\\\/\",\"https:\\\/\\\/www.linkedin.com\\\/in\\\/stephan-steinwachs-7a270197\\\/\",\"https:\\\/\\\/www.youtube.com\\\/channel\\\/UCffmodDlQx81remXm395RWA\"],\"telephone\":[]}]}<\/script>\n<!-- \/ Yoast SEO Premium plugin. -->","yoast_head_json":{"title":"Rechtsanwaltskanzlei in Hamburg Berlin Bremen Hannover L\u00fcbeck","description":"Rechtsanwaltskanzlei f\u00fcr Arbeitsrecht, Arzthaftung, Mietrecht, Gewerbemietrecht ,Gastronomierecht, Immobilienrecht, Schadensersatz Yachtrecht","robots":{"index":"index","follow":"follow","max-snippet":"max-snippet:-1","max-image-preview":"max-image-preview:large","max-video-preview":"max-video-preview:-1"},"canonical":"https:\/\/www.kanzlei-steinwachs.de\/tr\/ebay-ve-hukuk\/","og_locale":"tr_TR","og_type":"article","og_title":"Rechtsanwaltskanzlei in Hamburg Berlin Bremen Hannover L\u00fcbeck","og_description":"Rechtsanwaltskanzlei f\u00fcr Arbeitsrecht, Arzthaftung, Mietrecht, Gewerbemietrecht ,Gastronomierecht, Immobilienrecht, Schadensersatz Yachtrecht","og_url":"https:\/\/www.kanzlei-steinwachs.de\/tr\/ebay-ve-hukuk\/","og_site_name":"Rechtsanwaltskanzlei Anwalt Hamburg Berlin Bremen Hannover L\u00fcbeck","article_publisher":"https:\/\/www.facebook.com\/STEINWACHSRechtsanwaltskanzlei\/","article_modified_time":"2023-10-26T07:16:09+00:00","twitter_card":"summary_large_image","twitter_site":"@rasteinwachs","twitter_misc":{"Tahmini okuma s\u00fcresi":"3 dakika"},"schema":{"@context":"https:\/\/schema.org","@graph":[{"@type":"WebPage","@id":"https:\/\/www.kanzlei-steinwachs.de\/tr\/ebay-ve-hukuk\/","url":"https:\/\/www.kanzlei-steinwachs.de\/tr\/ebay-ve-hukuk\/","name":"Rechtsanwaltskanzlei in Hamburg Berlin Bremen Hannover L\u00fcbeck","isPartOf":{"@id":"https:\/\/www.kanzlei-steinwachs.de\/tr\/#website"},"datePublished":"2023-10-17T06:14:49+00:00","dateModified":"2023-10-26T07:16:09+00:00","description":"Rechtsanwaltskanzlei f\u00fcr Arbeitsrecht, Arzthaftung, Mietrecht, Gewerbemietrecht ,Gastronomierecht, Immobilienrecht, Schadensersatz Yachtrecht","inLanguage":"tr","potentialAction":[{"@type":"ReadAction","target":["https:\/\/www.kanzlei-steinwachs.de\/tr\/ebay-ve-hukuk\/"]}]},{"@type":"WebSite","@id":"https:\/\/www.kanzlei-steinwachs.de\/tr\/#website","url":"https:\/\/www.kanzlei-steinwachs.de\/tr\/","name":"Rechtsanwaltskanzlei Anwalt Hamburg Berlin Bremen Hannover L\u00fcbeck","description":"Wir leisten mehr als Recht bietet","publisher":{"@id":"https:\/\/www.kanzlei-steinwachs.de\/tr\/#organization"},"potentialAction":[{"@type":"SearchAction","target":{"@type":"EntryPoint","urlTemplate":"https:\/\/www.kanzlei-steinwachs.de\/tr\/?s={search_term_string}"},"query-input":{"@type":"PropertyValueSpecification","valueRequired":true,"valueName":"search_term_string"}}],"inLanguage":"tr"},{"@type":["Organization","Place"],"@id":"https:\/\/www.kanzlei-steinwachs.de\/tr\/#organization","name":"Rechtsanwaltskanzlei Anwalt Hamburg Berlin Bremen Hannover L\u00fcbeck","url":"https:\/\/www.kanzlei-steinwachs.de\/","logo":{"@type":"ImageObject","inLanguage":"tr","@id":"https:\/\/www.kanzlei-steinwachs.de\/tr\/#\/schema\/logo\/image\/","url":"https:\/\/i0.wp.com\/www.kanzlei-steinwachs.de\/wp-content\/uploads\/2023\/12\/logo.webp?fit=174%2C76&quality=80&ssl=1","contentUrl":"https:\/\/i0.wp.com\/www.kanzlei-steinwachs.de\/wp-content\/uploads\/2023\/12\/logo.webp?fit=174%2C76&quality=80&ssl=1","width":174,"height":76,"caption":"Rechtsanwaltskanzlei Anwalt Hamburg Berlin Bremen Hannover L\u00fcbeck"},"image":{"@id":"https:\/\/www.kanzlei-steinwachs.de\/tr\/#\/schema\/logo\/image\/"},"sameAs":["https:\/\/www.facebook.com\/STEINWACHSRechtsanwaltskanzlei\/","https:\/\/x.com\/rasteinwachs","https:\/\/www.instagram.com\/steinwachs_rechtsanwaelte\/","https:\/\/www.linkedin.com\/in\/stephan-steinwachs-7a270197\/","https:\/\/www.youtube.com\/channel\/UCffmodDlQx81remXm395RWA"],"telephone":[]}]}},"jetpack_sharing_enabled":true,"_links":{"self":[{"href":"https:\/\/www.kanzlei-steinwachs.de\/tr\/wp-json\/wp\/v2\/pages\/9745","targetHints":{"allow":["GET"]}}],"collection":[{"href":"https:\/\/www.kanzlei-steinwachs.de\/tr\/wp-json\/wp\/v2\/pages"}],"about":[{"href":"https:\/\/www.kanzlei-steinwachs.de\/tr\/wp-json\/wp\/v2\/types\/page"}],"author":[{"embeddable":true,"href":"https:\/\/www.kanzlei-steinwachs.de\/tr\/wp-json\/wp\/v2\/users\/1"}],"replies":[{"embeddable":true,"href":"https:\/\/www.kanzlei-steinwachs.de\/tr\/wp-json\/wp\/v2\/comments?post=9745"}],"version-history":[{"count":0,"href":"https:\/\/www.kanzlei-steinwachs.de\/tr\/wp-json\/wp\/v2\/pages\/9745\/revisions"}],"wp:attachment":[{"href":"https:\/\/www.kanzlei-steinwachs.de\/tr\/wp-json\/wp\/v2\/media?parent=9745"}],"curies":[{"name":"wp","href":"https:\/\/api.w.org\/{rel}","templated":true}]}}