{"id":9614,"date":"2023-09-22T08:51:45","date_gmt":"2023-09-22T06:51:45","guid":{"rendered":"https:\/\/www.kanzlei-steinwachs.de\/yatirimci-koruma-kanunu\/"},"modified":"2023-10-26T07:47:13","modified_gmt":"2023-10-26T05:47:13","slug":"yatirimci-koruma-kanunu","status":"publish","type":"page","link":"https:\/\/www.kanzlei-steinwachs.de\/tr\/yatirimci-koruma-kanunu\/","title":{"rendered":"Yat\u0131r\u0131mc\u0131 koruma kanunu"},"content":{"rendered":"<div class=\"wpb-content-wrapper\"><p>[vc_row triangle_shape=&#8221;no&#8221; css=&#8221;.vc_custom_1695367534935{padding-bottom: 20px !important;}&#8221;][vc_column][vc_column_text]Mali kriz, g\u00fcvenli hale gelene kadar tersine d\u00f6nmeyece\u011fini h\u0131zla g\u00f6stermeye ba\u015flad\u0131. Dolay\u0131s\u0131yla, invert\u00f6rlere y\u00f6nelik \u00f6zel olarak tasarlanm\u0131\u015f bir koruman\u0131n bir par\u00e7as\u0131 olarak invert\u00f6rlerin etkili bir \u015fekilde korunmas\u0131 her zamankinden daha \u00f6nemlidir. \u00c7ok zaman s\u00fcren ters \u00e7evirme gayrimenkul\u00fc Adem\u00e1s, g\u00fcvenli bir ters \u00e7evirme olarak kabul edildi, d\u00f6n\u00fc\u015ft\u00fcr\u00fcld\u00fc ve bir\u00e7oklar\u0131 i\u00e7in bir trampa deuda para&#8217;ya d\u00f6n\u00fc\u015ft\u00fcr\u00fcld\u00fc.<\/p>\n<p>[\/vc_column_text][\/vc_column][\/vc_row][vc_row triangle_shape=&#8221;no&#8221; css=&#8221;.vc_custom_1695367544870{padding-bottom: 20px !important;}&#8221;][vc_column][vc_column_text]Bu \u00e7ok \u00e7e\u015fitli se\u00e7enekler. Bir yandan da, hedefledi\u011fi nesne\/\u00fcr\u00fcn i\u00e7in finansman limitlerini a\u015fan bir t\u00fcketici var ya da medyadan \u00fcst\u00fcn kazan\u00e7 elde etme eforunun tersine \u00e7evrilmesiyle ili\u015fkili getirileri yeterince de\u011ferlendirmemi\u015f durumda. Kurbanlar\u0131n\u0131 sahte vaatler ve s\u00fcsl\u00fc bilgilerle ya da tamamen sahte bilgilerle kand\u0131ran kan\u0131tlanm\u0131\u015f \u00f6nc\u00fc gruplar ve iki \u00f6rg\u00fct. T\u00fcketicilerin kendi ki\u015fisel e\u015fyalar\u0131na \u00f6zel oldu\u011fu modeller ve, prosed\u00fcrlerin her zaman daha da g\u00fcvenilir olmas\u0131 nedeniyle, sadece yenilmez olmayan, b\u00fcy\u00fck miktarlardaki ticari markalarda sevin\u00e7 garantili bir men\u00fc.<\/p>\n<p>[\/vc_column_text][\/vc_column][\/vc_row][vc_row triangle_shape=&#8221;no&#8221; css=&#8221;.vc_custom_1695367576149{padding-bottom: 20px !important;}&#8221;][vc_column][vc_column_text]Distrib\u00fct\u00f6rler ama\u00e7lar\u0131na ula\u015fmak i\u00e7in \u00e7o\u011fu zaman vicdans\u0131z noterler ve yat\u0131r\u0131mc\u0131lar\u0131n temelde g\u00fcvendi\u011fi bankalar ile \u00e7al\u0131\u015fmakta ve bu \u015fekilde ma\u011fdurlar\u0131n\u0131n korunmas\u0131n\u0131 tamamen atlatabilmektedirler.<\/p>\n<p>[\/vc_column_text][\/vc_column][\/vc_row][vc_row triangle_shape=&#8221;no&#8221; css=&#8221;.vc_custom_1695367583253{padding-bottom: 20px !important;}&#8221;][vc_column][vc_column_text]Tavsiyelerdeki hatalardan veya kas\u0131tl\u0131 yanl\u0131\u015f tavsiyelerden kaynaklanan hasarlar genellikle ancak birka\u00e7 y\u0131l sonra ortaya \u00e7\u0131kar. Yat\u0131r\u0131mc\u0131 ki\u015fisel sorumlulukla ve hatta \u00e7o\u011fu zaman ki\u015fisel iflasla tehdit edildi\u011finde, acil eylem ihtiyac\u0131 ortaya \u00e7\u0131kar. Bu durumda, yat\u0131r\u0131lan sermayenin geri kazan\u0131lmas\u0131na y\u00f6nelik se\u00e7eneklerin belirlenebilmesi ve uygulanabilmesi i\u00e7in yat\u0131r\u0131mc\u0131 korumas\u0131 konusunda deneyimli bir avukat\u0131n derinlemesine bilgisine ihtiya\u00e7 vard\u0131r.<\/p>\n<p>[\/vc_column_text][\/vc_column][\/vc_row][vc_row triangle_shape=&#8221;no&#8221; css=&#8221;.vc_custom_1695367589669{padding-bottom: 20px !important;}&#8221;][vc_column][vc_column_text]STEINWACHS hukuk firmas\u0131n\u0131n \u00e7al\u0131\u015fmalar\u0131n\u0131n amac\u0131, temel s\u00f6zle\u015fmeleri tersine \u00e7evirerek ve zararlar\u0131 tazmin ederek d\u00fczenli olarak yat\u0131r\u0131mc\u0131lar\u0131 &#8220;yat\u0131r\u0131mlar\u0131n\u0131&#8221; hi\u00e7 elde etmemi\u015f gibi bir konuma getirmektir. Bu ama\u00e7la kendi ara\u015ft\u0131rmalar\u0131m\u0131z m\u00fcmk\u00fcn oldu\u011fu \u00f6l\u00e7\u00fcde y\u00fcr\u00fct\u00fclmekte, \u00e7o\u011fu zaman zaten m\u00fcdahil olan savc\u0131l\u0131klar\u0131n soru\u015fturmalar\u0131 takip edilip desteklenmekte, ilgili t\u00fcketiciyi koruma dernekleri ve konuyla ilgili \u00e7al\u0131\u015fan meslekta\u015flar\u0131m\u0131zla ileti\u015fim s\u00fcrd\u00fcr\u00fclmektedir. ayn\u0131 konu. Ayr\u0131ca, di\u011fer zarar g\u00f6ren yat\u0131r\u0131mc\u0131lar\u0131n bilgi ve kan\u0131tlar\u0131ndan da ideal olarak yararlan\u0131labilir.<\/p>\n<p>[\/vc_column_text][\/vc_column][\/vc_row][vc_row triangle_shape=&#8221;no&#8221; css=&#8221;.vc_custom_1695367594597{padding-bottom: 20px !important;}&#8221;][vc_column][vc_column_text]\u00d6zellikle a\u015f\u0131r\u0131 fiyatl\u0131 ve s\u00f6zde &#8220;\u00e7\u00f6p m\u00fclklerin&#8221; sat\u0131\u015f\u0131 alan\u0131nda, halihaz\u0131rda a\u00e7\u0131lm\u0131\u015f binlerce davaya ra\u011fmen say\u0131s\u0131z ma\u011fdur i\u00e7in &#8220;kaba uyan\u0131\u015f\u0131n&#8221; h\u00e2l\u00e2 ya\u015fanaca\u011f\u0131 korkusu var.<\/p>\n<p>[\/vc_column_text][\/vc_column][\/vc_row][vc_row triangle_shape=&#8221;no&#8221; css=&#8221;.vc_custom_1695367601661{padding-bottom: 20px !important;}&#8221;][vc_column][vc_column_text]L\u00fctfen konuyla ilgili blogumuza da dikkat edin: www.schrottimmobilien.net<\/p>\n<p>[\/vc_column_text][\/vc_column][\/vc_row][vc_row triangle_shape=&#8221;no&#8221;][vc_column][vc_column_text]Avukat Yat\u0131r\u0131mc\u0131y\u0131 Koruma Kanunu Hamburg Berlin Bremen sayfas\u0131n\u0131n i\u00e7eri\u011finden sorumludur: Avukat Stephan Steinwachs (Avukat Hamburg Berlin Bremen)<br \/>\n[\/vc_column_text][\/vc_column][\/vc_row]<\/p>\n<\/div>","protected":false},"excerpt":{"rendered":"<p>[vc_row triangle_shape=&#8221;no&#8221; css=&#8221;.vc_custom_1695367534935{padding-bottom: 20px !important;}&#8221;][vc_column][vc_column_text]Mali kriz, g\u00fcvenli hale gelene kadar tersine d\u00f6nmeyece\u011fini h\u0131zla g\u00f6stermeye ba\u015flad\u0131. Dolay\u0131s\u0131yla, invert\u00f6rlere y\u00f6nelik \u00f6zel olarak tasarlanm\u0131\u015f bir koruman\u0131n bir par\u00e7as\u0131 olarak invert\u00f6rlerin etkili bir \u015fekilde korunmas\u0131 her zamankinden daha \u00f6nemlidir. \u00c7ok zaman s\u00fcren ters \u00e7evirme gayrimenkul\u00fc Adem\u00e1s, g\u00fcvenli bir ters \u00e7evirme olarak kabul edildi, d\u00f6n\u00fc\u015ft\u00fcr\u00fcld\u00fc ve bir\u00e7oklar\u0131 i\u00e7in bir trampa deuda para&#8217;ya d\u00f6n\u00fc\u015ft\u00fcr\u00fcld\u00fc. [\/vc_column_text][\/vc_column][\/vc_row][vc_row triangle_shape=&#8221;no&#8221; css=&#8221;.vc_custom_1695367544870{padding-bottom: 20px !important;}&#8221;][vc_column][vc_column_text]Bu \u00e7ok \u00e7e\u015fitli se\u00e7enekler. Bir yandan da, hedefledi\u011fi nesne\/\u00fcr\u00fcn i\u00e7in finansman limitlerini a\u015fan bir t\u00fcketici var ya da medyadan \u00fcst\u00fcn kazan\u00e7 elde etme eforunun tersine \u00e7evrilmesiyle ili\u015fkili getirileri yeterince de\u011ferlendirmemi\u015f durumda. Kurbanlar\u0131n\u0131 sahte vaatler ve s\u00fcsl\u00fc bilgilerle ya&#8230;<\/p>\n","protected":false},"author":1,"featured_media":0,"parent":0,"menu_order":0,"comment_status":"closed","ping_status":"closed","template":"","meta":{"footnotes":""},"class_list":["post-9614","page","type-page","status-publish","hentry"],"yoast_head":"<!-- This site is optimized with the Yoast SEO Premium plugin v27.2 (Yoast SEO v27.3) - https:\/\/yoast.com\/product\/yoast-seo-premium-wordpress\/ -->\n<title>Rechtsanwaltskanzlei in Hamburg Berlin Bremen Hannover L\u00fcbeck<\/title>\n<meta name=\"description\" content=\"Rechtsanwaltskanzlei f\u00fcr Arbeitsrecht, Arzthaftung, Mietrecht, Gewerbemietrecht ,Gastronomierecht, Immobilienrecht, Schadensersatz Yachtrecht\" \/>\n<meta name=\"robots\" content=\"index, follow, max-snippet:-1, max-image-preview:large, max-video-preview:-1\" \/>\n<link rel=\"canonical\" href=\"https:\/\/www.kanzlei-steinwachs.de\/tr\/yatirimci-koruma-kanunu\/\" \/>\n<meta property=\"og:locale\" content=\"tr_TR\" \/>\n<meta property=\"og:type\" content=\"article\" \/>\n<meta property=\"og:title\" content=\"Rechtsanwaltskanzlei in Hamburg Berlin Bremen Hannover L\u00fcbeck\" \/>\n<meta property=\"og:description\" content=\"Rechtsanwaltskanzlei f\u00fcr Arbeitsrecht, Arzthaftung, Mietrecht, Gewerbemietrecht ,Gastronomierecht, Immobilienrecht, Schadensersatz Yachtrecht\" \/>\n<meta property=\"og:url\" content=\"https:\/\/www.kanzlei-steinwachs.de\/tr\/yatirimci-koruma-kanunu\/\" \/>\n<meta property=\"og:site_name\" content=\"Rechtsanwaltskanzlei Anwalt Hamburg Berlin Bremen Hannover L\u00fcbeck\" \/>\n<meta property=\"article:publisher\" content=\"https:\/\/www.facebook.com\/STEINWACHSRechtsanwaltskanzlei\/\" \/>\n<meta property=\"article:modified_time\" content=\"2023-10-26T05:47:13+00:00\" \/>\n<meta name=\"twitter:card\" content=\"summary_large_image\" \/>\n<meta name=\"twitter:site\" content=\"@rasteinwachs\" \/>\n<meta name=\"twitter:label1\" content=\"Tahmini okuma s\u00fcresi\" \/>\n\t<meta name=\"twitter:data1\" content=\"3 dakika\" \/>\n<script type=\"application\/ld+json\" class=\"yoast-schema-graph\">{\"@context\":\"https:\\\/\\\/schema.org\",\"@graph\":[{\"@type\":\"WebPage\",\"@id\":\"https:\\\/\\\/www.kanzlei-steinwachs.de\\\/tr\\\/yatirimci-koruma-kanunu\\\/\",\"url\":\"https:\\\/\\\/www.kanzlei-steinwachs.de\\\/tr\\\/yatirimci-koruma-kanunu\\\/\",\"name\":\"Rechtsanwaltskanzlei in Hamburg Berlin Bremen Hannover L\u00fcbeck\",\"isPartOf\":{\"@id\":\"https:\\\/\\\/www.kanzlei-steinwachs.de\\\/tr\\\/#website\"},\"datePublished\":\"2023-09-22T06:51:45+00:00\",\"dateModified\":\"2023-10-26T05:47:13+00:00\",\"description\":\"Rechtsanwaltskanzlei f\u00fcr Arbeitsrecht, Arzthaftung, Mietrecht, Gewerbemietrecht ,Gastronomierecht, Immobilienrecht, Schadensersatz Yachtrecht\",\"inLanguage\":\"tr\",\"potentialAction\":[{\"@type\":\"ReadAction\",\"target\":[\"https:\\\/\\\/www.kanzlei-steinwachs.de\\\/tr\\\/yatirimci-koruma-kanunu\\\/\"]}]},{\"@type\":\"WebSite\",\"@id\":\"https:\\\/\\\/www.kanzlei-steinwachs.de\\\/tr\\\/#website\",\"url\":\"https:\\\/\\\/www.kanzlei-steinwachs.de\\\/tr\\\/\",\"name\":\"Rechtsanwaltskanzlei Anwalt Hamburg Berlin Bremen Hannover L\u00fcbeck\",\"description\":\"Wir leisten mehr als Recht bietet\",\"publisher\":{\"@id\":\"https:\\\/\\\/www.kanzlei-steinwachs.de\\\/tr\\\/#organization\"},\"potentialAction\":[{\"@type\":\"SearchAction\",\"target\":{\"@type\":\"EntryPoint\",\"urlTemplate\":\"https:\\\/\\\/www.kanzlei-steinwachs.de\\\/tr\\\/?s={search_term_string}\"},\"query-input\":{\"@type\":\"PropertyValueSpecification\",\"valueRequired\":true,\"valueName\":\"search_term_string\"}}],\"inLanguage\":\"tr\"},{\"@type\":[\"Organization\",\"Place\"],\"@id\":\"https:\\\/\\\/www.kanzlei-steinwachs.de\\\/tr\\\/#organization\",\"name\":\"Rechtsanwaltskanzlei Anwalt Hamburg Berlin Bremen Hannover L\u00fcbeck\",\"url\":\"https:\\\/\\\/www.kanzlei-steinwachs.de\\\/\",\"logo\":{\"@type\":\"ImageObject\",\"inLanguage\":\"tr\",\"@id\":\"https:\\\/\\\/www.kanzlei-steinwachs.de\\\/tr\\\/#\\\/schema\\\/logo\\\/image\\\/\",\"url\":\"https:\\\/\\\/i0.wp.com\\\/www.kanzlei-steinwachs.de\\\/wp-content\\\/uploads\\\/2023\\\/12\\\/logo.webp?fit=174%2C76&quality=80&ssl=1\",\"contentUrl\":\"https:\\\/\\\/i0.wp.com\\\/www.kanzlei-steinwachs.de\\\/wp-content\\\/uploads\\\/2023\\\/12\\\/logo.webp?fit=174%2C76&quality=80&ssl=1\",\"width\":174,\"height\":76,\"caption\":\"Rechtsanwaltskanzlei Anwalt Hamburg Berlin Bremen Hannover L\u00fcbeck\"},\"image\":{\"@id\":\"https:\\\/\\\/www.kanzlei-steinwachs.de\\\/tr\\\/#\\\/schema\\\/logo\\\/image\\\/\"},\"sameAs\":[\"https:\\\/\\\/www.facebook.com\\\/STEINWACHSRechtsanwaltskanzlei\\\/\",\"https:\\\/\\\/x.com\\\/rasteinwachs\",\"https:\\\/\\\/www.instagram.com\\\/steinwachs_rechtsanwaelte\\\/\",\"https:\\\/\\\/www.linkedin.com\\\/in\\\/stephan-steinwachs-7a270197\\\/\",\"https:\\\/\\\/www.youtube.com\\\/channel\\\/UCffmodDlQx81remXm395RWA\"],\"telephone\":[]}]}<\/script>\n<!-- \/ Yoast SEO Premium plugin. -->","yoast_head_json":{"title":"Rechtsanwaltskanzlei in Hamburg Berlin Bremen Hannover L\u00fcbeck","description":"Rechtsanwaltskanzlei f\u00fcr Arbeitsrecht, Arzthaftung, Mietrecht, Gewerbemietrecht ,Gastronomierecht, Immobilienrecht, Schadensersatz Yachtrecht","robots":{"index":"index","follow":"follow","max-snippet":"max-snippet:-1","max-image-preview":"max-image-preview:large","max-video-preview":"max-video-preview:-1"},"canonical":"https:\/\/www.kanzlei-steinwachs.de\/tr\/yatirimci-koruma-kanunu\/","og_locale":"tr_TR","og_type":"article","og_title":"Rechtsanwaltskanzlei in Hamburg Berlin Bremen Hannover L\u00fcbeck","og_description":"Rechtsanwaltskanzlei f\u00fcr Arbeitsrecht, Arzthaftung, Mietrecht, Gewerbemietrecht ,Gastronomierecht, Immobilienrecht, Schadensersatz Yachtrecht","og_url":"https:\/\/www.kanzlei-steinwachs.de\/tr\/yatirimci-koruma-kanunu\/","og_site_name":"Rechtsanwaltskanzlei Anwalt Hamburg Berlin Bremen Hannover L\u00fcbeck","article_publisher":"https:\/\/www.facebook.com\/STEINWACHSRechtsanwaltskanzlei\/","article_modified_time":"2023-10-26T05:47:13+00:00","twitter_card":"summary_large_image","twitter_site":"@rasteinwachs","twitter_misc":{"Tahmini okuma s\u00fcresi":"3 dakika"},"schema":{"@context":"https:\/\/schema.org","@graph":[{"@type":"WebPage","@id":"https:\/\/www.kanzlei-steinwachs.de\/tr\/yatirimci-koruma-kanunu\/","url":"https:\/\/www.kanzlei-steinwachs.de\/tr\/yatirimci-koruma-kanunu\/","name":"Rechtsanwaltskanzlei in Hamburg Berlin Bremen Hannover L\u00fcbeck","isPartOf":{"@id":"https:\/\/www.kanzlei-steinwachs.de\/tr\/#website"},"datePublished":"2023-09-22T06:51:45+00:00","dateModified":"2023-10-26T05:47:13+00:00","description":"Rechtsanwaltskanzlei f\u00fcr Arbeitsrecht, Arzthaftung, Mietrecht, Gewerbemietrecht ,Gastronomierecht, Immobilienrecht, Schadensersatz Yachtrecht","inLanguage":"tr","potentialAction":[{"@type":"ReadAction","target":["https:\/\/www.kanzlei-steinwachs.de\/tr\/yatirimci-koruma-kanunu\/"]}]},{"@type":"WebSite","@id":"https:\/\/www.kanzlei-steinwachs.de\/tr\/#website","url":"https:\/\/www.kanzlei-steinwachs.de\/tr\/","name":"Rechtsanwaltskanzlei Anwalt Hamburg Berlin Bremen Hannover L\u00fcbeck","description":"Wir leisten mehr als Recht bietet","publisher":{"@id":"https:\/\/www.kanzlei-steinwachs.de\/tr\/#organization"},"potentialAction":[{"@type":"SearchAction","target":{"@type":"EntryPoint","urlTemplate":"https:\/\/www.kanzlei-steinwachs.de\/tr\/?s={search_term_string}"},"query-input":{"@type":"PropertyValueSpecification","valueRequired":true,"valueName":"search_term_string"}}],"inLanguage":"tr"},{"@type":["Organization","Place"],"@id":"https:\/\/www.kanzlei-steinwachs.de\/tr\/#organization","name":"Rechtsanwaltskanzlei Anwalt Hamburg Berlin Bremen Hannover L\u00fcbeck","url":"https:\/\/www.kanzlei-steinwachs.de\/","logo":{"@type":"ImageObject","inLanguage":"tr","@id":"https:\/\/www.kanzlei-steinwachs.de\/tr\/#\/schema\/logo\/image\/","url":"https:\/\/i0.wp.com\/www.kanzlei-steinwachs.de\/wp-content\/uploads\/2023\/12\/logo.webp?fit=174%2C76&quality=80&ssl=1","contentUrl":"https:\/\/i0.wp.com\/www.kanzlei-steinwachs.de\/wp-content\/uploads\/2023\/12\/logo.webp?fit=174%2C76&quality=80&ssl=1","width":174,"height":76,"caption":"Rechtsanwaltskanzlei Anwalt Hamburg Berlin Bremen Hannover L\u00fcbeck"},"image":{"@id":"https:\/\/www.kanzlei-steinwachs.de\/tr\/#\/schema\/logo\/image\/"},"sameAs":["https:\/\/www.facebook.com\/STEINWACHSRechtsanwaltskanzlei\/","https:\/\/x.com\/rasteinwachs","https:\/\/www.instagram.com\/steinwachs_rechtsanwaelte\/","https:\/\/www.linkedin.com\/in\/stephan-steinwachs-7a270197\/","https:\/\/www.youtube.com\/channel\/UCffmodDlQx81remXm395RWA"],"telephone":[]}]}},"jetpack_sharing_enabled":true,"_links":{"self":[{"href":"https:\/\/www.kanzlei-steinwachs.de\/tr\/wp-json\/wp\/v2\/pages\/9614","targetHints":{"allow":["GET"]}}],"collection":[{"href":"https:\/\/www.kanzlei-steinwachs.de\/tr\/wp-json\/wp\/v2\/pages"}],"about":[{"href":"https:\/\/www.kanzlei-steinwachs.de\/tr\/wp-json\/wp\/v2\/types\/page"}],"author":[{"embeddable":true,"href":"https:\/\/www.kanzlei-steinwachs.de\/tr\/wp-json\/wp\/v2\/users\/1"}],"replies":[{"embeddable":true,"href":"https:\/\/www.kanzlei-steinwachs.de\/tr\/wp-json\/wp\/v2\/comments?post=9614"}],"version-history":[{"count":0,"href":"https:\/\/www.kanzlei-steinwachs.de\/tr\/wp-json\/wp\/v2\/pages\/9614\/revisions"}],"wp:attachment":[{"href":"https:\/\/www.kanzlei-steinwachs.de\/tr\/wp-json\/wp\/v2\/media?parent=9614"}],"curies":[{"name":"wp","href":"https:\/\/api.w.org\/{rel}","templated":true}]}}