{"id":15318,"date":"2023-11-20T15:15:25","date_gmt":"2023-11-20T14:15:25","guid":{"rendered":"https:\/\/www.kanzlei-steinwachs.de\/ticari-kiracilik-kanunu\/ticari-kira-avukati-luebeck\/"},"modified":"2023-12-06T04:59:31","modified_gmt":"2023-12-06T03:59:31","slug":"ticari-kira-avukati-luebeck","status":"publish","type":"page","link":"https:\/\/www.kanzlei-steinwachs.de\/tr\/ticari-kiracilik-kanunu\/ticari-kira-avukati-luebeck\/","title":{"rendered":"Ticari Kira Avukat\u0131 Luebeck"},"content":{"rendered":"<div class=\"wpb-content-wrapper\"><p>[vc_row content_width=&#8221;grid&#8221; content_aligment=&#8221;center&#8221; triangle_shape=&#8221;no&#8221; css=&#8221;.vc_custom_1696926719838{padding-bottom: 10px !important;background-position: center !important;background-repeat: no-repeat !important;background-size: cover !important;}&#8221;][vc_column]<div class=\"mkd-separator-holder clearfix  mkd-separator-center mkd-separator-with-icon mkd-animate\" style=\"margin-top: 20px; margin-bottom: 30px\">\n\t<div class=\"mkd-separator\" style=\"border-color: #c18f59;border-style: solid;width: 97.5px\"><\/div>\n\t\t<div class=\"mkd-separator-icon\">\n\t\t\t                    \t\t\t\t\t\t<\/div>\n\t<div class=\"mkd-separator\" style=\"border-color: #c18f59;border-style: solid;width: 97.5px\"><\/div>\n<\/div>\n[\/vc_column][\/vc_row][vc_row triangle_shape=&#8221;no&#8221; css=&#8221;.vc_custom_1700489315791{padding-bottom: 20px !important;}&#8221;][vc_column][vc_column_text css=&#8221;.vc_custom_1700489303234{margin-bottom: 0px !important;padding-top: 20px !important;padding-bottom: 1px !important;}&#8221;]Bremen&#8217;dek<strong>i ticari<\/strong> kira <strong>hukuku<\/strong> avukatlar\u0131m\u0131z, <strong>ticar<\/strong>i kira hukuku ile ilgili sorular\u0131n\u0131z\u0131 yan\u0131tlayacak ve size ticari kira hukuku konusunda kapsaml\u0131 tavsiyelerde bulunacakt\u0131r. Ticari kira s\u00f6zle\u015fmeniz ve kira s\u00f6zle\u015fmeniz i\u00e7in ticari kira hukuku ve leasing hukuku konusunda sizi ilgilendiren \u00e7\u00f6z\u00fcmleri sunuyoruz. <\/p>\n<div id=\"gtx-trans\" style=\"position: absolute; left: 253px; top: 110px;\">\n<div class=\"gtx-trans-icon\"><\/div>\n<\/div>\n<p>[\/vc_column_text][vc_column_text css=&#8221;.vc_custom_1700489308721{padding-top: 10px !important;}&#8221;]\u00d6zel gereksinimlerinize g\u00f6re uyarlanm\u0131\u015f bir ticari kiralama s\u00f6zle\u015fmesi veya kira s\u00f6zle\u015fmesi haz\u0131rlamaktan mutluluk duyar\u0131z. Elbette ticari kira s\u00f6zle\u015fmenizi bir b\u00fct\u00fcn olarak veya yaln\u0131zca ticari kira s\u00f6zle\u015fmeniz ve ticari kira hukuku ile ilgili sordu\u011funuz spesifik sorular\u0131 da inceleyece\u011fiz. <\/p>\n<div id=\"gtx-trans\" style=\"position: absolute; left: 146px; top: 110px;\">\n<div class=\"gtx-trans-icon\"><\/div>\n<\/div>\n<p>[\/vc_column_text][\/vc_column][\/vc_row][vc_row triangle_shape=&#8221;no&#8221; css=&#8221;.vc_custom_1700489315791{padding-bottom: 20px !important;}&#8221;][vc_column]\n<h2 class=\"mkd-custom-font-holder\" style=\"font-size: 20px;line-height: 30px;font-weight: 700\" data-font-size= 20 data-line-height= 30>\n\tIn diesem Bereich bieten unsere Anw\u00e4lte f\u00fcr Gewerbemietrecht in Bremen Ihnen insbesondere folgende, in der Praxis h\u00e4ufig vorkommende, Leistungen an:<\/h2><div class=\"mkd-unordered-list \" ><ul>\n<li>Ticari kira s\u00f6zle\u015fmesinin incelenmesi<\/li>\n<li>Ticari kira s\u00f6zle\u015fmesinin feshi<\/li>\n<li>Ticari alan kiralama s\u00f6zle\u015fmesinin erken feshi<\/li>\n<li>S\u00f6zle\u015fme s\u00fcresine ili\u015fkin belirsizlikler<\/li>\n<li>Ticari kira s\u00f6zle\u015fmesinin imzalanmas\u0131<\/li>\n<li>Yan anla\u015fmalar<\/li>\n<li>Vekaletname h\u00fck\u00fcmleri<\/li>\n<li>Ticari kirac\u0131l\u0131k hukukunda i\u015fletme maliyetleri<\/li>\n<li>Kiralama amac\u0131<\/li>\n<li>Ticari bir kira s\u00f6zle\u015fmesi imzalarken resmi gereksinimler<\/li>\n<li>ola\u011fan fesih hakk\u0131<\/li>\n<li>\u0130\u00e7 k\u0131s\u0131mlar<\/li>\n<li>ama\u00e7lanan amaca ve resmi gerekliliklere\/izinlere yap\u0131sal uygunluk<\/li>\n<li>Kiralama limitleri<\/li>\n<li>Kira son tarihi<\/li>\n<li>Kira g\u00fcvencesi (depozito)<\/li>\n<li>Rekabetin korunmas\u0131\/rekabet etmeme h\u00fck\u00fcmleri<\/li>\n<li>Ev sahiplerinin \u00e7o\u011funlu\u011fu<\/li>\n<li>Hissedarlar\u0131n m\u00fcteakip sorumlulu\u011fu<\/li>\n<li>Ticari kirac\u0131l\u0131klarda devren kiralama<\/li>\n<li>Ticari devren kiralama<\/li>\n<li>Kira art\u0131\u015f\u0131\/de\u011fer korumas\u0131<\/li>\n<li>Mahsup yasa\u011f\u0131<\/li>\n<li>Kira indiriminin hari\u00e7 tutulmas\u0131 veya s\u0131n\u0131rland\u0131r\u0131lmas\u0131<\/li>\n<li>Kira taleplerinin devri<\/li>\n<li>Belgesel prosed\u00fcrde \u015fikayet<\/li>\n<li>Kirac\u0131n\u0131n kiral\u0131k m\u00fclkte tasarruf hakk\u0131<\/li>\n<li>Ev sahibinin teslim olma hakk\u0131<\/li>\n<li>Yasak ki\u015fisel g\u00fc\u00e7<\/li>\n<li>ge\u00e7ici elden \u00e7\u0131karma<\/li>\n<li>Elektri\u011fin ve di\u011fer hizmetlerin kapat\u0131lmas\u0131<\/li>\n<\/ul>\n<\/div>[\/vc_column][\/vc_row][vc_row triangle_shape=&#8221;no&#8221; css=&#8221;.vc_custom_1700489315791{padding-bottom: 20px !important;}&#8221;][vc_column][vc_column_text css=&#8221;.vc_custom_1700489376920{padding-top: 10px !important;}&#8221;]L\u00fctfen bizi hi\u00e7bir y\u00fck\u00fcml\u00fcl\u00fck alt\u0131na girmeden aray\u0131n. Bremen&#8217;deki ticari kira hukuku avukatlar\u0131m\u0131z size yard\u0131mc\u0131 olmaktan mutluluk duyacakt\u0131r.<\/p>\n<p>Avukat Stephan Steinwachs, <strong>Avukat Ticari Kirac\u0131l\u0131k Kanunu Bremen<\/strong> sayfas\u0131ndan sorumludur.[\/vc_column_text][\/vc_column][\/vc_row]<\/p>\n<\/div>","protected":false},"excerpt":{"rendered":"<p>[vc_row content_width=&#8221;grid&#8221; content_aligment=&#8221;center&#8221; triangle_shape=&#8221;no&#8221; css=&#8221;.vc_custom_1696926719838{padding-bottom: 10px !important;background-position: center !important;background-repeat: no-repeat !important;background-size: cover !important;}&#8221;][vc_column][\/vc_column][\/vc_row][vc_row triangle_shape=&#8221;no&#8221; css=&#8221;.vc_custom_1700489315791{padding-bottom: 20px !important;}&#8221;][vc_column][vc_column_text css=&#8221;.vc_custom_1700489303234{margin-bottom: 0px !important;padding-top: 20px !important;padding-bottom: 1px !important;}&#8221;]Bremen&#8217;deki ticari kira hukuku avukatlar\u0131m\u0131z, ticari kira hukuku ile ilgili sorular\u0131n\u0131z\u0131 yan\u0131tlayacak ve size ticari kira hukuku konusunda kapsaml\u0131 tavsiyelerde bulunacakt\u0131r. Ticari kira s\u00f6zle\u015fmeniz ve kira s\u00f6zle\u015fmeniz i\u00e7in ticari kira hukuku ve leasing hukuku konusunda sizi ilgilendiren \u00e7\u00f6z\u00fcmleri sunuyoruz. [\/vc_column_text][vc_column_text css=&#8221;.vc_custom_1700489308721{padding-top: 10px !important;}&#8221;]\u00d6zel gereksinimlerinize g\u00f6re uyarlanm\u0131\u015f bir ticari kiralama s\u00f6zle\u015fmesi veya kira s\u00f6zle\u015fmesi haz\u0131rlamaktan mutluluk duyar\u0131z. Elbette ticari kira s\u00f6zle\u015fmenizi bir b\u00fct\u00fcn olarak veya yaln\u0131zca ticari kira s\u00f6zle\u015fmeniz ve ticari kira hukuku ile ilgili sordu\u011funuz spesifik sorular\u0131&#8230;<\/p>\n","protected":false},"author":1,"featured_media":0,"parent":9816,"menu_order":0,"comment_status":"closed","ping_status":"closed","template":"","meta":{"footnotes":""},"class_list":["post-15318","page","type-page","status-publish","hentry"],"yoast_head":"<!-- This site is optimized with the Yoast SEO Premium plugin v27.2 (Yoast SEO v27.3) - https:\/\/yoast.com\/product\/yoast-seo-premium-wordpress\/ -->\n<title>Rechtsanwaltskanzlei in Hamburg Berlin Bremen Hannover L\u00fcbeck<\/title>\n<meta name=\"description\" content=\"Rechtsanwaltskanzlei f\u00fcr Arbeitsrecht, Arzthaftung, Mietrecht, Gewerbemietrecht ,Gastronomierecht, Immobilienrecht, Schadensersatz Yachtrecht\" \/>\n<meta name=\"robots\" content=\"index, follow, max-snippet:-1, max-image-preview:large, max-video-preview:-1\" \/>\n<link rel=\"canonical\" href=\"https:\/\/www.kanzlei-steinwachs.de\/tr\/ticari-kiracilik-kanunu\/ticari-kira-avukati-luebeck\/\" \/>\n<meta property=\"og:locale\" content=\"tr_TR\" \/>\n<meta property=\"og:type\" content=\"article\" \/>\n<meta property=\"og:title\" content=\"Rechtsanwaltskanzlei in Hamburg Berlin Bremen Hannover L\u00fcbeck\" \/>\n<meta property=\"og:description\" content=\"Rechtsanwaltskanzlei f\u00fcr Arbeitsrecht, Arzthaftung, Mietrecht, Gewerbemietrecht ,Gastronomierecht, Immobilienrecht, Schadensersatz Yachtrecht\" \/>\n<meta property=\"og:url\" content=\"https:\/\/www.kanzlei-steinwachs.de\/tr\/ticari-kiracilik-kanunu\/ticari-kira-avukati-luebeck\/\" \/>\n<meta property=\"og:site_name\" content=\"Rechtsanwaltskanzlei Anwalt Hamburg Berlin Bremen Hannover L\u00fcbeck\" \/>\n<meta property=\"article:publisher\" content=\"https:\/\/www.facebook.com\/STEINWACHSRechtsanwaltskanzlei\/\" \/>\n<meta property=\"article:modified_time\" content=\"2023-12-06T03:59:31+00:00\" \/>\n<meta name=\"twitter:card\" content=\"summary_large_image\" \/>\n<meta name=\"twitter:site\" content=\"@rasteinwachs\" \/>\n<meta name=\"twitter:label1\" content=\"Tahmini okuma s\u00fcresi\" \/>\n\t<meta name=\"twitter:data1\" content=\"3 dakika\" \/>\n<script type=\"application\/ld+json\" class=\"yoast-schema-graph\">{\"@context\":\"https:\\\/\\\/schema.org\",\"@graph\":[{\"@type\":\"WebPage\",\"@id\":\"https:\\\/\\\/www.kanzlei-steinwachs.de\\\/tr\\\/ticari-kiracilik-kanunu\\\/ticari-kira-avukati-luebeck\\\/\",\"url\":\"https:\\\/\\\/www.kanzlei-steinwachs.de\\\/tr\\\/ticari-kiracilik-kanunu\\\/ticari-kira-avukati-luebeck\\\/\",\"name\":\"Rechtsanwaltskanzlei in Hamburg Berlin Bremen Hannover L\u00fcbeck\",\"isPartOf\":{\"@id\":\"https:\\\/\\\/www.kanzlei-steinwachs.de\\\/tr\\\/#website\"},\"datePublished\":\"2023-11-20T14:15:25+00:00\",\"dateModified\":\"2023-12-06T03:59:31+00:00\",\"description\":\"Rechtsanwaltskanzlei f\u00fcr Arbeitsrecht, Arzthaftung, Mietrecht, Gewerbemietrecht ,Gastronomierecht, Immobilienrecht, Schadensersatz Yachtrecht\",\"breadcrumb\":{\"@id\":\"https:\\\/\\\/www.kanzlei-steinwachs.de\\\/tr\\\/ticari-kiracilik-kanunu\\\/ticari-kira-avukati-luebeck\\\/#breadcrumb\"},\"inLanguage\":\"tr\",\"potentialAction\":[{\"@type\":\"ReadAction\",\"target\":[\"https:\\\/\\\/www.kanzlei-steinwachs.de\\\/tr\\\/ticari-kiracilik-kanunu\\\/ticari-kira-avukati-luebeck\\\/\"]}]},{\"@type\":\"BreadcrumbList\",\"@id\":\"https:\\\/\\\/www.kanzlei-steinwachs.de\\\/tr\\\/ticari-kiracilik-kanunu\\\/ticari-kira-avukati-luebeck\\\/#breadcrumb\",\"itemListElement\":[{\"@type\":\"ListItem\",\"position\":1,\"name\":\"Ticari kirac\u0131l\u0131k kanunu\",\"item\":\"https:\\\/\\\/www.kanzlei-steinwachs.de\\\/tr\\\/ticari-kiracilik-kanunu\\\/\"},{\"@type\":\"ListItem\",\"position\":2,\"name\":\"Ticari Kira Avukat\u0131 Luebeck\"}]},{\"@type\":\"WebSite\",\"@id\":\"https:\\\/\\\/www.kanzlei-steinwachs.de\\\/tr\\\/#website\",\"url\":\"https:\\\/\\\/www.kanzlei-steinwachs.de\\\/tr\\\/\",\"name\":\"Rechtsanwaltskanzlei Anwalt Hamburg Berlin Bremen Hannover L\u00fcbeck\",\"description\":\"Wir leisten mehr als Recht bietet\",\"publisher\":{\"@id\":\"https:\\\/\\\/www.kanzlei-steinwachs.de\\\/tr\\\/#organization\"},\"potentialAction\":[{\"@type\":\"SearchAction\",\"target\":{\"@type\":\"EntryPoint\",\"urlTemplate\":\"https:\\\/\\\/www.kanzlei-steinwachs.de\\\/tr\\\/?s={search_term_string}\"},\"query-input\":{\"@type\":\"PropertyValueSpecification\",\"valueRequired\":true,\"valueName\":\"search_term_string\"}}],\"inLanguage\":\"tr\"},{\"@type\":[\"Organization\",\"Place\"],\"@id\":\"https:\\\/\\\/www.kanzlei-steinwachs.de\\\/tr\\\/#organization\",\"name\":\"Rechtsanwaltskanzlei Anwalt Hamburg Berlin Bremen Hannover L\u00fcbeck\",\"url\":\"https:\\\/\\\/www.kanzlei-steinwachs.de\\\/\",\"logo\":{\"@type\":\"ImageObject\",\"inLanguage\":\"tr\",\"@id\":\"https:\\\/\\\/www.kanzlei-steinwachs.de\\\/tr\\\/#\\\/schema\\\/logo\\\/image\\\/\",\"url\":\"https:\\\/\\\/i0.wp.com\\\/www.kanzlei-steinwachs.de\\\/wp-content\\\/uploads\\\/2023\\\/12\\\/logo.webp?fit=174%2C76&quality=80&ssl=1\",\"contentUrl\":\"https:\\\/\\\/i0.wp.com\\\/www.kanzlei-steinwachs.de\\\/wp-content\\\/uploads\\\/2023\\\/12\\\/logo.webp?fit=174%2C76&quality=80&ssl=1\",\"width\":174,\"height\":76,\"caption\":\"Rechtsanwaltskanzlei Anwalt Hamburg Berlin Bremen Hannover L\u00fcbeck\"},\"image\":{\"@id\":\"https:\\\/\\\/www.kanzlei-steinwachs.de\\\/tr\\\/#\\\/schema\\\/logo\\\/image\\\/\"},\"sameAs\":[\"https:\\\/\\\/www.facebook.com\\\/STEINWACHSRechtsanwaltskanzlei\\\/\",\"https:\\\/\\\/x.com\\\/rasteinwachs\",\"https:\\\/\\\/www.instagram.com\\\/steinwachs_rechtsanwaelte\\\/\",\"https:\\\/\\\/www.linkedin.com\\\/in\\\/stephan-steinwachs-7a270197\\\/\",\"https:\\\/\\\/www.youtube.com\\\/channel\\\/UCffmodDlQx81remXm395RWA\"],\"telephone\":[]}]}<\/script>\n<!-- \/ Yoast SEO Premium plugin. -->","yoast_head_json":{"title":"Rechtsanwaltskanzlei in Hamburg Berlin Bremen Hannover L\u00fcbeck","description":"Rechtsanwaltskanzlei f\u00fcr Arbeitsrecht, Arzthaftung, Mietrecht, Gewerbemietrecht ,Gastronomierecht, Immobilienrecht, Schadensersatz Yachtrecht","robots":{"index":"index","follow":"follow","max-snippet":"max-snippet:-1","max-image-preview":"max-image-preview:large","max-video-preview":"max-video-preview:-1"},"canonical":"https:\/\/www.kanzlei-steinwachs.de\/tr\/ticari-kiracilik-kanunu\/ticari-kira-avukati-luebeck\/","og_locale":"tr_TR","og_type":"article","og_title":"Rechtsanwaltskanzlei in Hamburg Berlin Bremen Hannover L\u00fcbeck","og_description":"Rechtsanwaltskanzlei f\u00fcr Arbeitsrecht, Arzthaftung, Mietrecht, Gewerbemietrecht ,Gastronomierecht, Immobilienrecht, Schadensersatz Yachtrecht","og_url":"https:\/\/www.kanzlei-steinwachs.de\/tr\/ticari-kiracilik-kanunu\/ticari-kira-avukati-luebeck\/","og_site_name":"Rechtsanwaltskanzlei Anwalt Hamburg Berlin Bremen Hannover L\u00fcbeck","article_publisher":"https:\/\/www.facebook.com\/STEINWACHSRechtsanwaltskanzlei\/","article_modified_time":"2023-12-06T03:59:31+00:00","twitter_card":"summary_large_image","twitter_site":"@rasteinwachs","twitter_misc":{"Tahmini okuma s\u00fcresi":"3 dakika"},"schema":{"@context":"https:\/\/schema.org","@graph":[{"@type":"WebPage","@id":"https:\/\/www.kanzlei-steinwachs.de\/tr\/ticari-kiracilik-kanunu\/ticari-kira-avukati-luebeck\/","url":"https:\/\/www.kanzlei-steinwachs.de\/tr\/ticari-kiracilik-kanunu\/ticari-kira-avukati-luebeck\/","name":"Rechtsanwaltskanzlei in Hamburg Berlin Bremen Hannover L\u00fcbeck","isPartOf":{"@id":"https:\/\/www.kanzlei-steinwachs.de\/tr\/#website"},"datePublished":"2023-11-20T14:15:25+00:00","dateModified":"2023-12-06T03:59:31+00:00","description":"Rechtsanwaltskanzlei f\u00fcr Arbeitsrecht, Arzthaftung, Mietrecht, Gewerbemietrecht ,Gastronomierecht, Immobilienrecht, Schadensersatz Yachtrecht","breadcrumb":{"@id":"https:\/\/www.kanzlei-steinwachs.de\/tr\/ticari-kiracilik-kanunu\/ticari-kira-avukati-luebeck\/#breadcrumb"},"inLanguage":"tr","potentialAction":[{"@type":"ReadAction","target":["https:\/\/www.kanzlei-steinwachs.de\/tr\/ticari-kiracilik-kanunu\/ticari-kira-avukati-luebeck\/"]}]},{"@type":"BreadcrumbList","@id":"https:\/\/www.kanzlei-steinwachs.de\/tr\/ticari-kiracilik-kanunu\/ticari-kira-avukati-luebeck\/#breadcrumb","itemListElement":[{"@type":"ListItem","position":1,"name":"Ticari kirac\u0131l\u0131k kanunu","item":"https:\/\/www.kanzlei-steinwachs.de\/tr\/ticari-kiracilik-kanunu\/"},{"@type":"ListItem","position":2,"name":"Ticari Kira Avukat\u0131 Luebeck"}]},{"@type":"WebSite","@id":"https:\/\/www.kanzlei-steinwachs.de\/tr\/#website","url":"https:\/\/www.kanzlei-steinwachs.de\/tr\/","name":"Rechtsanwaltskanzlei Anwalt Hamburg Berlin Bremen Hannover L\u00fcbeck","description":"Wir leisten mehr als Recht bietet","publisher":{"@id":"https:\/\/www.kanzlei-steinwachs.de\/tr\/#organization"},"potentialAction":[{"@type":"SearchAction","target":{"@type":"EntryPoint","urlTemplate":"https:\/\/www.kanzlei-steinwachs.de\/tr\/?s={search_term_string}"},"query-input":{"@type":"PropertyValueSpecification","valueRequired":true,"valueName":"search_term_string"}}],"inLanguage":"tr"},{"@type":["Organization","Place"],"@id":"https:\/\/www.kanzlei-steinwachs.de\/tr\/#organization","name":"Rechtsanwaltskanzlei Anwalt Hamburg Berlin Bremen Hannover L\u00fcbeck","url":"https:\/\/www.kanzlei-steinwachs.de\/","logo":{"@type":"ImageObject","inLanguage":"tr","@id":"https:\/\/www.kanzlei-steinwachs.de\/tr\/#\/schema\/logo\/image\/","url":"https:\/\/i0.wp.com\/www.kanzlei-steinwachs.de\/wp-content\/uploads\/2023\/12\/logo.webp?fit=174%2C76&quality=80&ssl=1","contentUrl":"https:\/\/i0.wp.com\/www.kanzlei-steinwachs.de\/wp-content\/uploads\/2023\/12\/logo.webp?fit=174%2C76&quality=80&ssl=1","width":174,"height":76,"caption":"Rechtsanwaltskanzlei Anwalt Hamburg Berlin Bremen Hannover L\u00fcbeck"},"image":{"@id":"https:\/\/www.kanzlei-steinwachs.de\/tr\/#\/schema\/logo\/image\/"},"sameAs":["https:\/\/www.facebook.com\/STEINWACHSRechtsanwaltskanzlei\/","https:\/\/x.com\/rasteinwachs","https:\/\/www.instagram.com\/steinwachs_rechtsanwaelte\/","https:\/\/www.linkedin.com\/in\/stephan-steinwachs-7a270197\/","https:\/\/www.youtube.com\/channel\/UCffmodDlQx81remXm395RWA"],"telephone":[]}]}},"jetpack_sharing_enabled":true,"_links":{"self":[{"href":"https:\/\/www.kanzlei-steinwachs.de\/tr\/wp-json\/wp\/v2\/pages\/15318","targetHints":{"allow":["GET"]}}],"collection":[{"href":"https:\/\/www.kanzlei-steinwachs.de\/tr\/wp-json\/wp\/v2\/pages"}],"about":[{"href":"https:\/\/www.kanzlei-steinwachs.de\/tr\/wp-json\/wp\/v2\/types\/page"}],"author":[{"embeddable":true,"href":"https:\/\/www.kanzlei-steinwachs.de\/tr\/wp-json\/wp\/v2\/users\/1"}],"replies":[{"embeddable":true,"href":"https:\/\/www.kanzlei-steinwachs.de\/tr\/wp-json\/wp\/v2\/comments?post=15318"}],"version-history":[{"count":0,"href":"https:\/\/www.kanzlei-steinwachs.de\/tr\/wp-json\/wp\/v2\/pages\/15318\/revisions"}],"up":[{"embeddable":true,"href":"https:\/\/www.kanzlei-steinwachs.de\/tr\/wp-json\/wp\/v2\/pages\/9816"}],"wp:attachment":[{"href":"https:\/\/www.kanzlei-steinwachs.de\/tr\/wp-json\/wp\/v2\/media?parent=15318"}],"curies":[{"name":"wp","href":"https:\/\/api.w.org\/{rel}","templated":true}]}}