{"id":15171,"date":"2023-11-20T12:12:39","date_gmt":"2023-11-20T11:12:39","guid":{"rendered":"https:\/\/www.kanzlei-steinwachs.de\/is-hukuku-kararlari\/bag-kararlari-2009\/tatil\/"},"modified":"2023-12-05T07:21:28","modified_gmt":"2023-12-05T06:21:28","slug":"tatil","status":"publish","type":"page","link":"https:\/\/www.kanzlei-steinwachs.de\/tr\/is-hukuku-kararlari\/bag-kararlari-2009\/tatil\/","title":{"rendered":"Tatil"},"content":{"rendered":"<div class=\"wpb-content-wrapper\"><p>[vc_row triangle_shape=&#8221;no&#8221; css=&#8221;.vc_custom_1700478828900{margin-bottom: 50px !important;}&#8221;][vc_column][vc_column_text]Tatil s\u00fcresini mevzuata uygun olarak belirleyerek \u00a7 7 Abs. 1 BUrlG, i\u015fveren izin hakk\u0131n\u0131n bor\u00e7lusu olarak gere\u011fini yapm\u0131\u015ft\u0131r. Daha sonra muafiyet elde edilmesi m\u00fcmk\u00fcn de\u011filse, i\u015fveren taraf\u0131ndan 243. maddenin 1. f\u0131kras\u0131 uyar\u0131nca belirtilen muafiyet talebi. 2, \u00a7 275 paragraf. 1 BGB a\u015fa\u011f\u0131da.<\/p>\n<p>Dokuzuncu Senato&#8217;nun 16 Aral\u0131k 2008 tarihli (9 AZR 164\/08) karar\u0131na g\u00f6re, \u00e7al\u0131\u015fma saatlerini s\u0131f\u0131ra indiren k\u0131sa s\u00fcreli \u00e7al\u0131\u015fmaya ili\u015fkin bir \u015firket s\u00f6zle\u015fmesi, i\u015fveren daha \u00f6nceki d\u00f6nem i\u00e7in ge\u00e7erli olsa dahi, \u00e7al\u0131\u015fan\u0131 \u00e7al\u0131\u015fma y\u00fck\u00fcml\u00fcl\u00fc\u011f\u00fcnden muaf tutmaktad\u0131r. K\u0131sa \u00e7al\u0131\u015fma izni verenlere k\u0131sa \u00e7al\u0131\u015fma uygulamas\u0131n\u0131n getirilmesi. Bu durumda, izin s\u00fcresinin belirlenmesiyle ama\u00e7lanan kazan\u0131m, yani i\u015f\u00e7inin tatil s\u00fcresi boyunca \u00e7al\u0131\u015fma y\u00fck\u00fcml\u00fcl\u00fc\u011f\u00fcnden muaf tutulmas\u0131, i\u015f anayasas\u0131 normu gere\u011fi \u00e7al\u0131\u015fma y\u00fck\u00fcml\u00fcl\u00fc\u011f\u00fcn\u00fcn ortadan kalkmas\u0131 nedeniyle ger\u00e7ekle\u015femez.<\/p>\n<p>\u0130\u015fveren operasyonel nedenlerden dolay\u0131 k\u0131sa \u00e7al\u0131\u015fma ba\u015flat\u0131rsa, bunun sonucunda sonradan ortaya \u00e7\u0131kan imkans\u0131zl\u0131ktan sorumludur ve bu nedenle Alman Medeni Kanunu&#8217;nun (BGB) 280 ve 283. maddeleri uyar\u0131nca zararlar\u0131n telafisi olarak yedek izin vermekle y\u00fck\u00fcml\u00fcd\u00fcr. ). Avrupa Adalet Divan\u0131&#8217;n\u0131n 20 Ocak 2009 tarihli SchultzHoff davas\u0131ndaki karar\u0131na g\u00f6re, Madde 7 paragraf. 2003\/88\/EC say\u0131l\u0131 Direktifin 2. maddesi, hastal\u0131k nedeniyle y\u0131ll\u0131k izne \u00e7\u0131kamayan i\u015f\u00e7ilere i\u015f ili\u015fkisi sonunda hi\u00e7bir &#8216;mali \u00fccret&#8217; \u00f6denmemesini \u00f6ng\u00f6ren ulusal mevzuata ayk\u0131r\u0131d\u0131r. Dokuzuncu Senato, 24 Mart 2009 tarihli bir kararla (9 AZR 983\/07) \u00f6nceki i\u00e7tihad\u0131n\u0131 terk etti.<\/p>\n<p>Bundan sonra B\u00f6l\u00fcm 7 Para. 3 ve 4 BUrlG, i\u015f\u00e7inin hastal\u0131k nedeniyle \u00e7al\u0131\u015famamas\u0131 nedeniyle izin hakk\u0131n\u0131n transfer s\u00fcresi sonunda yerine getirilememesi durumunda izin tazminat\u0131 hakk\u0131n\u0131n sona erece\u011fi \u015fekilde yorumlanmal\u0131d\u0131r. \u00a7 7 Abs. \u00d6zel i\u015fverenlerle ilgili 3 ve 4 BUrlG&#8217;nin, 2003\/88\/EC say\u0131l\u0131 Direktifin 7. maddesinin gereklilikleri uyar\u0131nca Topluluk hukuku uyar\u0131nca s\u00fcrd\u00fcr\u00fclmesi gerekmektedir. Yasal tatilin bir k\u0131sm\u0131 veya tam tatili i\u00e7in tazminat talepleri, \u00e7al\u0131\u015fan\u0131n hastalanmas\u0131 ve bu nedenle tatil y\u0131l\u0131n\u0131n ve\/veya transfer d\u00f6neminin sonuna kadar \u00e7al\u0131\u015famamas\u0131 durumunda sona ermez. Her hal\u00fckarda, D\u00fcsseldorf B\u00f6lge \u0130\u015f Mahkemesi&#8217;nin 2 A\u011fustos 2006&#8217;dan itibaren SchultzHoff davas\u0131na ili\u015fkin \u00f6n karar talebinin \u00f6\u011frenilmesinden bu yana, \u00f6nceki Senato i\u00e7tihatlar\u0131n\u0131n devam eden varl\u0131\u011f\u0131na dair korunmaya de\u011fer hi\u00e7bir g\u00fcven kalmam\u0131\u015ft\u0131r. ABAD&#8217;a ba\u015fvuru hukuki geli\u015fmeler a\u00e7\u0131s\u0131ndan bir d\u00f6n\u00fcm noktas\u0131d\u0131r. Bireysel i\u015f s\u00f6zle\u015fmesinin taraflar\u0131, asgari y\u0131ll\u0131k izin hakk\u0131n\u0131 a\u015fan tatil ve tatil tazminat\u0131 taleplerini serbest\u00e7e d\u00fczenleyebilir.<\/p>\n<p>Yerle\u015fik i\u00e7tihatlara g\u00f6re izin hakk\u0131n\u0131n kullan\u0131labilmesi i\u00e7in i\u015fverenden muafiyet beyan\u0131 al\u0131nmas\u0131 gerekmektedir. Dokuzuncu Senato, 19 May\u0131s 2009 (9 AZR 433\/08) tarihli karar\u0131yla, i\u015fverenin, \u00e7al\u0131\u015fan\u0131n tatil hakk\u0131n\u0131 ancak nihayet \u00e7al\u0131\u015fan\u0131 \u00e7al\u0131\u015fma y\u00fck\u00fcml\u00fcl\u00fc\u011f\u00fcnden kurtard\u0131\u011f\u0131 ve tabi olmad\u0131\u011f\u0131 takdirde yerine getirebilece\u011fini \u00f6ng\u00f6ren \u00f6nceki i\u00e7tihad\u0131n\u0131 do\u011frulad\u0131. iptaline. Ancak o zaman \u00e7al\u0131\u015fan\u0131n izin hakk\u0131na dayanarak hak etti\u011fi bo\u015f zaman\u0131 serbest\u00e7e ve ba\u011f\u0131ms\u0131z olarak kullanmas\u0131 m\u00fcmk\u00fcn olacakt\u0131r.<\/p>\n<p>\u00d6te yandan i\u015fveren, \u00e7al\u0131\u015fma s\u00fcresi hesab\u0131ndan kaynaklanan telafi edici bo\u015f zaman talebini, i\u015f\u00e7iyi i\u015fi yapma y\u00fck\u00fcml\u00fcl\u00fc\u011f\u00fcnden geri d\u00f6n\u00fclemez bir \u015fekilde kurtarmak suretiyle de yerine getirir. \u0130zin hakk\u0131ndan farkl\u0131 olarak, \u00e7al\u0131\u015fan lehine var olan zaman dengesini azaltmak amac\u0131yla telafi edici izin verilmesi, genellikle sadece \u00e7al\u0131\u015fma saatlerinin da\u011f\u0131l\u0131m\u0131 anlam\u0131nda bir talimatt\u0131r. \u00a7 106 c\u00fcmle 1 GewO. Ancak i\u015fveren, talimat verme hakk\u0131n\u0131 kullan\u0131rken, Madde 315 Paragraf uyar\u0131nca makul takdir yetkisinin s\u0131n\u0131rlar\u0131na sayg\u0131 duymal\u0131d\u0131r. 3 BGB&#8217;ye uyun.[\/vc_column_text][\/vc_column][\/vc_row]<\/p>\n<\/div>","protected":false},"excerpt":{"rendered":"<p>[vc_row triangle_shape=&#8221;no&#8221; css=&#8221;.vc_custom_1700478828900{margin-bottom: 50px !important;}&#8221;][vc_column][vc_column_text]Tatil s\u00fcresini mevzuata uygun olarak belirleyerek \u00a7 7 Abs. 1 BUrlG, i\u015fveren izin hakk\u0131n\u0131n bor\u00e7lusu olarak gere\u011fini yapm\u0131\u015ft\u0131r. Daha sonra muafiyet elde edilmesi m\u00fcmk\u00fcn de\u011filse, i\u015fveren taraf\u0131ndan 243. maddenin 1. f\u0131kras\u0131 uyar\u0131nca belirtilen muafiyet talebi. 2, \u00a7 275 paragraf. 1 BGB a\u015fa\u011f\u0131da. Dokuzuncu Senato&#8217;nun 16 Aral\u0131k 2008 tarihli (9 AZR 164\/08) karar\u0131na g\u00f6re, \u00e7al\u0131\u015fma saatlerini s\u0131f\u0131ra indiren k\u0131sa s\u00fcreli \u00e7al\u0131\u015fmaya ili\u015fkin bir \u015firket s\u00f6zle\u015fmesi, i\u015fveren daha \u00f6nceki d\u00f6nem i\u00e7in ge\u00e7erli olsa dahi, \u00e7al\u0131\u015fan\u0131 \u00e7al\u0131\u015fma y\u00fck\u00fcml\u00fcl\u00fc\u011f\u00fcnden muaf tutmaktad\u0131r. K\u0131sa \u00e7al\u0131\u015fma izni verenlere k\u0131sa \u00e7al\u0131\u015fma uygulamas\u0131n\u0131n getirilmesi. Bu durumda, izin s\u00fcresinin belirlenmesiyle ama\u00e7lanan kazan\u0131m, yani i\u015f\u00e7inin tatil s\u00fcresi&#8230;<\/p>\n","protected":false},"author":1,"featured_media":0,"parent":14929,"menu_order":0,"comment_status":"closed","ping_status":"closed","template":"","meta":{"footnotes":""},"class_list":["post-15171","page","type-page","status-publish","hentry"],"yoast_head":"<!-- This site is optimized with the Yoast SEO Premium plugin v27.2 (Yoast SEO v27.4) - https:\/\/yoast.com\/product\/yoast-seo-premium-wordpress\/ -->\n<title>Rechtsanwaltskanzlei in Hamburg Berlin Bremen Hannover L\u00fcbeck<\/title>\n<meta name=\"description\" content=\"Rechtsanwaltskanzlei f\u00fcr Arbeitsrecht, Arzthaftung, Mietrecht, Gewerbemietrecht ,Gastronomierecht, Immobilienrecht, Schadensersatz Yachtrecht\" \/>\n<meta name=\"robots\" content=\"index, follow, max-snippet:-1, max-image-preview:large, max-video-preview:-1\" \/>\n<link rel=\"canonical\" href=\"https:\/\/www.kanzlei-steinwachs.de\/tr\/is-hukuku-kararlari\/bag-kararlari-2009\/tatil\/\" \/>\n<meta property=\"og:locale\" content=\"tr_TR\" \/>\n<meta property=\"og:type\" content=\"article\" \/>\n<meta property=\"og:title\" content=\"Rechtsanwaltskanzlei in Hamburg Berlin Bremen Hannover L\u00fcbeck\" \/>\n<meta property=\"og:description\" content=\"Rechtsanwaltskanzlei f\u00fcr Arbeitsrecht, Arzthaftung, Mietrecht, Gewerbemietrecht ,Gastronomierecht, Immobilienrecht, Schadensersatz Yachtrecht\" \/>\n<meta property=\"og:url\" content=\"https:\/\/www.kanzlei-steinwachs.de\/tr\/is-hukuku-kararlari\/bag-kararlari-2009\/tatil\/\" \/>\n<meta property=\"og:site_name\" content=\"Rechtsanwaltskanzlei Anwalt Hamburg Berlin Bremen Hannover L\u00fcbeck\" \/>\n<meta property=\"article:publisher\" content=\"https:\/\/www.facebook.com\/STEINWACHSRechtsanwaltskanzlei\/\" \/>\n<meta property=\"article:modified_time\" content=\"2023-12-05T06:21:28+00:00\" \/>\n<meta name=\"twitter:card\" content=\"summary_large_image\" \/>\n<meta name=\"twitter:site\" content=\"@rasteinwachs\" \/>\n<meta name=\"twitter:label1\" content=\"Tahmini okuma s\u00fcresi\" \/>\n\t<meta name=\"twitter:data1\" content=\"3 dakika\" \/>\n<script type=\"application\/ld+json\" class=\"yoast-schema-graph\">{\"@context\":\"https:\\\/\\\/schema.org\",\"@graph\":[{\"@type\":\"WebPage\",\"@id\":\"https:\\\/\\\/www.kanzlei-steinwachs.de\\\/tr\\\/is-hukuku-kararlari\\\/bag-kararlari-2009\\\/tatil\\\/\",\"url\":\"https:\\\/\\\/www.kanzlei-steinwachs.de\\\/tr\\\/is-hukuku-kararlari\\\/bag-kararlari-2009\\\/tatil\\\/\",\"name\":\"Rechtsanwaltskanzlei in Hamburg Berlin Bremen Hannover L\u00fcbeck\",\"isPartOf\":{\"@id\":\"https:\\\/\\\/www.kanzlei-steinwachs.de\\\/tr\\\/#website\"},\"datePublished\":\"2023-11-20T11:12:39+00:00\",\"dateModified\":\"2023-12-05T06:21:28+00:00\",\"description\":\"Rechtsanwaltskanzlei f\u00fcr Arbeitsrecht, Arzthaftung, Mietrecht, Gewerbemietrecht ,Gastronomierecht, Immobilienrecht, Schadensersatz Yachtrecht\",\"breadcrumb\":{\"@id\":\"https:\\\/\\\/www.kanzlei-steinwachs.de\\\/tr\\\/is-hukuku-kararlari\\\/bag-kararlari-2009\\\/tatil\\\/#breadcrumb\"},\"inLanguage\":\"tr\",\"potentialAction\":[{\"@type\":\"ReadAction\",\"target\":[\"https:\\\/\\\/www.kanzlei-steinwachs.de\\\/tr\\\/is-hukuku-kararlari\\\/bag-kararlari-2009\\\/tatil\\\/\"]}]},{\"@type\":\"BreadcrumbList\",\"@id\":\"https:\\\/\\\/www.kanzlei-steinwachs.de\\\/tr\\\/is-hukuku-kararlari\\\/bag-kararlari-2009\\\/tatil\\\/#breadcrumb\",\"itemListElement\":[{\"@type\":\"ListItem\",\"position\":1,\"name\":\"\u0130\u015f hukuku kararlar\u0131\",\"item\":\"https:\\\/\\\/www.kanzlei-steinwachs.de\\\/tr\\\/is-hukuku-kararlari\\\/\"},{\"@type\":\"ListItem\",\"position\":2,\"name\":\"BAG kararlar\u0131 2009\",\"item\":\"https:\\\/\\\/www.kanzlei-steinwachs.de\\\/tr\\\/is-hukuku-kararlari\\\/bag-kararlari-2009\\\/\"},{\"@type\":\"ListItem\",\"position\":3,\"name\":\"Tatil\"}]},{\"@type\":\"WebSite\",\"@id\":\"https:\\\/\\\/www.kanzlei-steinwachs.de\\\/tr\\\/#website\",\"url\":\"https:\\\/\\\/www.kanzlei-steinwachs.de\\\/tr\\\/\",\"name\":\"Rechtsanwaltskanzlei Anwalt Hamburg Berlin Bremen Hannover L\u00fcbeck\",\"description\":\"Wir leisten mehr als Recht bietet\",\"publisher\":{\"@id\":\"https:\\\/\\\/www.kanzlei-steinwachs.de\\\/tr\\\/#organization\"},\"potentialAction\":[{\"@type\":\"SearchAction\",\"target\":{\"@type\":\"EntryPoint\",\"urlTemplate\":\"https:\\\/\\\/www.kanzlei-steinwachs.de\\\/tr\\\/?s={search_term_string}\"},\"query-input\":{\"@type\":\"PropertyValueSpecification\",\"valueRequired\":true,\"valueName\":\"search_term_string\"}}],\"inLanguage\":\"tr\"},{\"@type\":[\"Organization\",\"Place\"],\"@id\":\"https:\\\/\\\/www.kanzlei-steinwachs.de\\\/tr\\\/#organization\",\"name\":\"Rechtsanwaltskanzlei Anwalt Hamburg Berlin Bremen Hannover L\u00fcbeck\",\"url\":\"https:\\\/\\\/www.kanzlei-steinwachs.de\\\/\",\"logo\":{\"@type\":\"ImageObject\",\"inLanguage\":\"tr\",\"@id\":\"https:\\\/\\\/www.kanzlei-steinwachs.de\\\/tr\\\/#\\\/schema\\\/logo\\\/image\\\/\",\"url\":\"https:\\\/\\\/i0.wp.com\\\/www.kanzlei-steinwachs.de\\\/wp-content\\\/uploads\\\/2023\\\/12\\\/logo.webp?fit=174%2C76&quality=80&ssl=1\",\"contentUrl\":\"https:\\\/\\\/i0.wp.com\\\/www.kanzlei-steinwachs.de\\\/wp-content\\\/uploads\\\/2023\\\/12\\\/logo.webp?fit=174%2C76&quality=80&ssl=1\",\"width\":174,\"height\":76,\"caption\":\"Rechtsanwaltskanzlei Anwalt Hamburg Berlin Bremen Hannover L\u00fcbeck\"},\"image\":{\"@id\":\"https:\\\/\\\/www.kanzlei-steinwachs.de\\\/tr\\\/#\\\/schema\\\/logo\\\/image\\\/\"},\"sameAs\":[\"https:\\\/\\\/www.facebook.com\\\/STEINWACHSRechtsanwaltskanzlei\\\/\",\"https:\\\/\\\/x.com\\\/rasteinwachs\",\"https:\\\/\\\/www.instagram.com\\\/steinwachs_rechtsanwaelte\\\/\",\"https:\\\/\\\/www.linkedin.com\\\/in\\\/stephan-steinwachs-7a270197\\\/\",\"https:\\\/\\\/www.youtube.com\\\/channel\\\/UCffmodDlQx81remXm395RWA\"],\"telephone\":[]}]}<\/script>\n<!-- \/ Yoast SEO Premium plugin. -->","yoast_head_json":{"title":"Rechtsanwaltskanzlei in Hamburg Berlin Bremen Hannover L\u00fcbeck","description":"Rechtsanwaltskanzlei f\u00fcr Arbeitsrecht, Arzthaftung, Mietrecht, Gewerbemietrecht ,Gastronomierecht, Immobilienrecht, Schadensersatz Yachtrecht","robots":{"index":"index","follow":"follow","max-snippet":"max-snippet:-1","max-image-preview":"max-image-preview:large","max-video-preview":"max-video-preview:-1"},"canonical":"https:\/\/www.kanzlei-steinwachs.de\/tr\/is-hukuku-kararlari\/bag-kararlari-2009\/tatil\/","og_locale":"tr_TR","og_type":"article","og_title":"Rechtsanwaltskanzlei in Hamburg Berlin Bremen Hannover L\u00fcbeck","og_description":"Rechtsanwaltskanzlei f\u00fcr Arbeitsrecht, Arzthaftung, Mietrecht, Gewerbemietrecht ,Gastronomierecht, Immobilienrecht, Schadensersatz Yachtrecht","og_url":"https:\/\/www.kanzlei-steinwachs.de\/tr\/is-hukuku-kararlari\/bag-kararlari-2009\/tatil\/","og_site_name":"Rechtsanwaltskanzlei Anwalt Hamburg Berlin Bremen Hannover L\u00fcbeck","article_publisher":"https:\/\/www.facebook.com\/STEINWACHSRechtsanwaltskanzlei\/","article_modified_time":"2023-12-05T06:21:28+00:00","twitter_card":"summary_large_image","twitter_site":"@rasteinwachs","twitter_misc":{"Tahmini okuma s\u00fcresi":"3 dakika"},"schema":{"@context":"https:\/\/schema.org","@graph":[{"@type":"WebPage","@id":"https:\/\/www.kanzlei-steinwachs.de\/tr\/is-hukuku-kararlari\/bag-kararlari-2009\/tatil\/","url":"https:\/\/www.kanzlei-steinwachs.de\/tr\/is-hukuku-kararlari\/bag-kararlari-2009\/tatil\/","name":"Rechtsanwaltskanzlei in Hamburg Berlin Bremen Hannover L\u00fcbeck","isPartOf":{"@id":"https:\/\/www.kanzlei-steinwachs.de\/tr\/#website"},"datePublished":"2023-11-20T11:12:39+00:00","dateModified":"2023-12-05T06:21:28+00:00","description":"Rechtsanwaltskanzlei f\u00fcr Arbeitsrecht, Arzthaftung, Mietrecht, Gewerbemietrecht ,Gastronomierecht, Immobilienrecht, Schadensersatz Yachtrecht","breadcrumb":{"@id":"https:\/\/www.kanzlei-steinwachs.de\/tr\/is-hukuku-kararlari\/bag-kararlari-2009\/tatil\/#breadcrumb"},"inLanguage":"tr","potentialAction":[{"@type":"ReadAction","target":["https:\/\/www.kanzlei-steinwachs.de\/tr\/is-hukuku-kararlari\/bag-kararlari-2009\/tatil\/"]}]},{"@type":"BreadcrumbList","@id":"https:\/\/www.kanzlei-steinwachs.de\/tr\/is-hukuku-kararlari\/bag-kararlari-2009\/tatil\/#breadcrumb","itemListElement":[{"@type":"ListItem","position":1,"name":"\u0130\u015f hukuku kararlar\u0131","item":"https:\/\/www.kanzlei-steinwachs.de\/tr\/is-hukuku-kararlari\/"},{"@type":"ListItem","position":2,"name":"BAG kararlar\u0131 2009","item":"https:\/\/www.kanzlei-steinwachs.de\/tr\/is-hukuku-kararlari\/bag-kararlari-2009\/"},{"@type":"ListItem","position":3,"name":"Tatil"}]},{"@type":"WebSite","@id":"https:\/\/www.kanzlei-steinwachs.de\/tr\/#website","url":"https:\/\/www.kanzlei-steinwachs.de\/tr\/","name":"Rechtsanwaltskanzlei Anwalt Hamburg Berlin Bremen Hannover L\u00fcbeck","description":"Wir leisten mehr als Recht bietet","publisher":{"@id":"https:\/\/www.kanzlei-steinwachs.de\/tr\/#organization"},"potentialAction":[{"@type":"SearchAction","target":{"@type":"EntryPoint","urlTemplate":"https:\/\/www.kanzlei-steinwachs.de\/tr\/?s={search_term_string}"},"query-input":{"@type":"PropertyValueSpecification","valueRequired":true,"valueName":"search_term_string"}}],"inLanguage":"tr"},{"@type":["Organization","Place"],"@id":"https:\/\/www.kanzlei-steinwachs.de\/tr\/#organization","name":"Rechtsanwaltskanzlei Anwalt Hamburg Berlin Bremen Hannover L\u00fcbeck","url":"https:\/\/www.kanzlei-steinwachs.de\/","logo":{"@type":"ImageObject","inLanguage":"tr","@id":"https:\/\/www.kanzlei-steinwachs.de\/tr\/#\/schema\/logo\/image\/","url":"https:\/\/i0.wp.com\/www.kanzlei-steinwachs.de\/wp-content\/uploads\/2023\/12\/logo.webp?fit=174%2C76&quality=80&ssl=1","contentUrl":"https:\/\/i0.wp.com\/www.kanzlei-steinwachs.de\/wp-content\/uploads\/2023\/12\/logo.webp?fit=174%2C76&quality=80&ssl=1","width":174,"height":76,"caption":"Rechtsanwaltskanzlei Anwalt Hamburg Berlin Bremen Hannover L\u00fcbeck"},"image":{"@id":"https:\/\/www.kanzlei-steinwachs.de\/tr\/#\/schema\/logo\/image\/"},"sameAs":["https:\/\/www.facebook.com\/STEINWACHSRechtsanwaltskanzlei\/","https:\/\/x.com\/rasteinwachs","https:\/\/www.instagram.com\/steinwachs_rechtsanwaelte\/","https:\/\/www.linkedin.com\/in\/stephan-steinwachs-7a270197\/","https:\/\/www.youtube.com\/channel\/UCffmodDlQx81remXm395RWA"],"telephone":[]}]}},"jetpack_sharing_enabled":true,"_links":{"self":[{"href":"https:\/\/www.kanzlei-steinwachs.de\/tr\/wp-json\/wp\/v2\/pages\/15171","targetHints":{"allow":["GET"]}}],"collection":[{"href":"https:\/\/www.kanzlei-steinwachs.de\/tr\/wp-json\/wp\/v2\/pages"}],"about":[{"href":"https:\/\/www.kanzlei-steinwachs.de\/tr\/wp-json\/wp\/v2\/types\/page"}],"author":[{"embeddable":true,"href":"https:\/\/www.kanzlei-steinwachs.de\/tr\/wp-json\/wp\/v2\/users\/1"}],"replies":[{"embeddable":true,"href":"https:\/\/www.kanzlei-steinwachs.de\/tr\/wp-json\/wp\/v2\/comments?post=15171"}],"version-history":[{"count":0,"href":"https:\/\/www.kanzlei-steinwachs.de\/tr\/wp-json\/wp\/v2\/pages\/15171\/revisions"}],"up":[{"embeddable":true,"href":"https:\/\/www.kanzlei-steinwachs.de\/tr\/wp-json\/wp\/v2\/pages\/14929"}],"wp:attachment":[{"href":"https:\/\/www.kanzlei-steinwachs.de\/tr\/wp-json\/wp\/v2\/media?parent=15171"}],"curies":[{"name":"wp","href":"https:\/\/api.w.org\/{rel}","templated":true}]}}