{"id":15124,"date":"2023-11-20T14:54:02","date_gmt":"2023-11-20T13:54:02","guid":{"rendered":"https:\/\/www.kanzlei-steinwachs.de\/oynat\/modernizasyon-ihtiyaci\/"},"modified":"2023-12-05T06:54:35","modified_gmt":"2023-12-05T05:54:35","slug":"modernizasyon-ihtiyaci","status":"publish","type":"page","link":"https:\/\/www.kanzlei-steinwachs.de\/tr\/oynat\/modernizasyon-ihtiyaci\/","title":{"rendered":"Modernizasyon ihtiyac\u0131"},"content":{"rendered":"<div class=\"wpb-content-wrapper\"><p>[vc_row content_width=&#8221;grid&#8221; content_aligment=&#8221;center&#8221; triangle_shape=&#8221;no&#8221; css=&#8221;.vc_custom_1696926719838{padding-bottom: 10px !important;background-position: center !important;background-repeat: no-repeat !important;background-size: cover !important;}&#8221;][vc_column]<div class=\"mkd-separator-holder clearfix  mkd-separator-center mkd-separator-with-icon mkd-animate\" style=\"margin-top: 20px; margin-bottom: 30px\">\n\t<div class=\"mkd-separator\" style=\"border-color: #c18f59;border-style: solid;width: 97.5px\"><\/div>\n\t\t<div class=\"mkd-separator-icon\">\n\t\t\t                    \t\t\t\t\t\t<\/div>\n\t<div class=\"mkd-separator\" style=\"border-color: #c18f59;border-style: solid;width: 97.5px\"><\/div>\n<\/div>\n[\/vc_column][\/vc_row][vc_row triangle_shape=&#8221;no&#8221; css=&#8221;.vc_custom_1697455870159{padding-bottom: 50px !important;}&#8221;][vc_column][vc_column_text css=&#8221;.vc_custom_1700488589505{padding-top: 10px !important;}&#8221;]Hukuki &#8220;Modernizasyon ihtiyac\u0131&#8221; terimi genellikle bir m\u00fclk\u00fcn mevcut teknik standartlara veya de\u011fi\u015fen ihtiya\u00e7lara uyarlanmas\u0131 amac\u0131yla modernle\u015ftirilmesi ihtiyac\u0131 anlam\u0131na gelir. Modernizasyon ihtiyac\u0131, enerji tasarrufu sa\u011flayan yenileme, tesislerin d\u00f6n\u00fc\u015ft\u00fcr\u00fclmesi veya teknik sistemlerin yenilenmesi gibi \u00e7e\u015fitli hususlar\u0131 i\u00e7erebilir.<\/p>\n<p>[\/vc_column_text][vc_column_text css=&#8221;.vc_custom_1700488598559{padding-top: 10px !important;}&#8221;]Kira hukukunda modernizasyon ihtiyac\u0131, ev sahibinin kiral\u0131k daireyi veya m\u00fclk\u00fc modernize etmek i\u00e7in \u00f6nlem almak istemesine yol a\u00e7abilir. Bu t\u00fcr modernizasyon \u00f6nlemleri, \u00f6rne\u011fin yeni bir \u0131s\u0131tma sisteminin kurulmas\u0131n\u0131, pencerelerin de\u011fi\u015ftirilmesini veya cephenin yal\u0131t\u0131lmas\u0131n\u0131 i\u00e7erebilir. Ev sahibi genellikle belirli gereksinimleri kar\u015f\u0131lamas\u0131 ve kirac\u0131n\u0131n \u00e7\u0131karlar\u0131n\u0131 uygun \u015fekilde dikkate almas\u0131 ko\u015fuluyla bu t\u00fcr modernizasyonlar\u0131 yapma hakk\u0131na sahiptir.<\/p>\n<p>[\/vc_column_text][vc_column_text css=&#8221;.vc_custom_1700488606399{padding-top: 10px !important;}&#8221;]\u0130n\u015faat hukukunda modernizasyon ihtiyac\u0131, bir binan\u0131n veya m\u00fclk\u00fcn art\u0131k mevcut in\u015faat standartlar\u0131n\u0131 veya yasal gereklilikleri kar\u015f\u0131lamad\u0131\u011f\u0131 anlam\u0131na gelebilir. Bu gibi durumlarda, \u00f6rne\u011fin modern yang\u0131ndan korunma cihazlar\u0131n\u0131n kurulmas\u0131, eri\u015filebilirli\u011fin iyile\u015ftirilmesi veya \u00e7evre d\u00fczenlemelerine uyum sa\u011flanmas\u0131 gibi, binan\u0131n g\u00fcncel hale getirilmesi i\u00e7in \u00f6nlemler gerekli olabilir.<\/p>\n<p>[\/vc_column_text][vc_column_text css=&#8221;.vc_custom_1700488618952{padding-top: 10px !important;}&#8221;]Modernizasyon ihtiyac\u0131n\u0131n tam kapsam\u0131 ve hukuki sonu\u00e7lar\u0131, ba\u011flama, \u00f6zellikle de y\u00fcr\u00fcrl\u00fckteki yasalara ve taraflar aras\u0131ndaki bireysel anla\u015fmalara ba\u011fl\u0131 olarak de\u011fi\u015fiklik g\u00f6sterebilir. Belirli durumlarda, do\u011fru bir hukuki de\u011ferlendirme almak i\u00e7in bir avukatla veya ba\u015fka bir kalifiye profesyonelle ileti\u015fime ge\u00e7meniz tavsiye edilir.<\/p>\n<p>[\/vc_column_text][\/vc_column][\/vc_row]<\/p>\n<\/div>","protected":false},"excerpt":{"rendered":"<p>[vc_row content_width=&#8221;grid&#8221; content_aligment=&#8221;center&#8221; triangle_shape=&#8221;no&#8221; css=&#8221;.vc_custom_1696926719838{padding-bottom: 10px !important;background-position: center !important;background-repeat: no-repeat !important;background-size: cover !important;}&#8221;][vc_column][\/vc_column][\/vc_row][vc_row triangle_shape=&#8221;no&#8221; css=&#8221;.vc_custom_1697455870159{padding-bottom: 50px !important;}&#8221;][vc_column][vc_column_text css=&#8221;.vc_custom_1700488589505{padding-top: 10px !important;}&#8221;]Hukuki &#8220;Modernizasyon ihtiyac\u0131&#8221; terimi genellikle bir m\u00fclk\u00fcn mevcut teknik standartlara veya de\u011fi\u015fen ihtiya\u00e7lara uyarlanmas\u0131 amac\u0131yla modernle\u015ftirilmesi ihtiyac\u0131 anlam\u0131na gelir. Modernizasyon ihtiyac\u0131, enerji tasarrufu sa\u011flayan yenileme, tesislerin d\u00f6n\u00fc\u015ft\u00fcr\u00fclmesi veya teknik sistemlerin yenilenmesi gibi \u00e7e\u015fitli hususlar\u0131 i\u00e7erebilir. [\/vc_column_text][vc_column_text css=&#8221;.vc_custom_1700488598559{padding-top: 10px !important;}&#8221;]Kira hukukunda modernizasyon ihtiyac\u0131, ev sahibinin kiral\u0131k daireyi veya m\u00fclk\u00fc modernize etmek i\u00e7in \u00f6nlem almak istemesine yol a\u00e7abilir. Bu t\u00fcr modernizasyon \u00f6nlemleri, \u00f6rne\u011fin yeni bir \u0131s\u0131tma sisteminin kurulmas\u0131n\u0131, pencerelerin de\u011fi\u015ftirilmesini veya cephenin yal\u0131t\u0131lmas\u0131n\u0131 i\u00e7erebilir. Ev sahibi genellikle belirli gereksinimleri kar\u015f\u0131lamas\u0131 ve kirac\u0131n\u0131n \u00e7\u0131karlar\u0131n\u0131&#8230;<\/p>\n","protected":false},"author":1,"featured_media":0,"parent":9907,"menu_order":0,"comment_status":"closed","ping_status":"closed","template":"","meta":{"footnotes":""},"class_list":["post-15124","page","type-page","status-publish","hentry"],"yoast_head":"<!-- This site is optimized with the Yoast SEO Premium plugin v27.2 (Yoast SEO v27.3) - https:\/\/yoast.com\/product\/yoast-seo-premium-wordpress\/ -->\n<title>Rechtsanwaltskanzlei in Hamburg Berlin Bremen Hannover L\u00fcbeck<\/title>\n<meta name=\"description\" content=\"Rechtsanwaltskanzlei f\u00fcr Arbeitsrecht, Arzthaftung, Mietrecht, Gewerbemietrecht ,Gastronomierecht, Immobilienrecht, Schadensersatz Yachtrecht\" \/>\n<meta name=\"robots\" content=\"index, follow, max-snippet:-1, max-image-preview:large, max-video-preview:-1\" \/>\n<link rel=\"canonical\" href=\"https:\/\/www.kanzlei-steinwachs.de\/tr\/oynat\/modernizasyon-ihtiyaci\/\" \/>\n<meta property=\"og:locale\" content=\"tr_TR\" \/>\n<meta property=\"og:type\" content=\"article\" \/>\n<meta property=\"og:title\" content=\"Rechtsanwaltskanzlei in Hamburg Berlin Bremen Hannover L\u00fcbeck\" \/>\n<meta property=\"og:description\" content=\"Rechtsanwaltskanzlei f\u00fcr Arbeitsrecht, Arzthaftung, Mietrecht, Gewerbemietrecht ,Gastronomierecht, Immobilienrecht, Schadensersatz Yachtrecht\" \/>\n<meta property=\"og:url\" content=\"https:\/\/www.kanzlei-steinwachs.de\/tr\/oynat\/modernizasyon-ihtiyaci\/\" \/>\n<meta property=\"og:site_name\" content=\"Rechtsanwaltskanzlei Anwalt Hamburg Berlin Bremen Hannover L\u00fcbeck\" \/>\n<meta property=\"article:publisher\" content=\"https:\/\/www.facebook.com\/STEINWACHSRechtsanwaltskanzlei\/\" \/>\n<meta property=\"article:modified_time\" content=\"2023-12-05T05:54:35+00:00\" \/>\n<meta name=\"twitter:card\" content=\"summary_large_image\" \/>\n<meta name=\"twitter:site\" content=\"@rasteinwachs\" \/>\n<meta name=\"twitter:label1\" content=\"Tahmini okuma s\u00fcresi\" \/>\n\t<meta name=\"twitter:data1\" content=\"2 dakika\" \/>\n<script type=\"application\/ld+json\" class=\"yoast-schema-graph\">{\"@context\":\"https:\\\/\\\/schema.org\",\"@graph\":[{\"@type\":\"WebPage\",\"@id\":\"https:\\\/\\\/www.kanzlei-steinwachs.de\\\/tr\\\/oynat\\\/modernizasyon-ihtiyaci\\\/\",\"url\":\"https:\\\/\\\/www.kanzlei-steinwachs.de\\\/tr\\\/oynat\\\/modernizasyon-ihtiyaci\\\/\",\"name\":\"Rechtsanwaltskanzlei in Hamburg Berlin Bremen Hannover L\u00fcbeck\",\"isPartOf\":{\"@id\":\"https:\\\/\\\/www.kanzlei-steinwachs.de\\\/tr\\\/#website\"},\"datePublished\":\"2023-11-20T13:54:02+00:00\",\"dateModified\":\"2023-12-05T05:54:35+00:00\",\"description\":\"Rechtsanwaltskanzlei f\u00fcr Arbeitsrecht, Arzthaftung, Mietrecht, Gewerbemietrecht ,Gastronomierecht, Immobilienrecht, Schadensersatz Yachtrecht\",\"breadcrumb\":{\"@id\":\"https:\\\/\\\/www.kanzlei-steinwachs.de\\\/tr\\\/oynat\\\/modernizasyon-ihtiyaci\\\/#breadcrumb\"},\"inLanguage\":\"tr\",\"potentialAction\":[{\"@type\":\"ReadAction\",\"target\":[\"https:\\\/\\\/www.kanzlei-steinwachs.de\\\/tr\\\/oynat\\\/modernizasyon-ihtiyaci\\\/\"]}]},{\"@type\":\"BreadcrumbList\",\"@id\":\"https:\\\/\\\/www.kanzlei-steinwachs.de\\\/tr\\\/oynat\\\/modernizasyon-ihtiyaci\\\/#breadcrumb\",\"itemListElement\":[{\"@type\":\"ListItem\",\"position\":1,\"name\":\"Oynat\",\"item\":\"https:\\\/\\\/www.kanzlei-steinwachs.de\\\/tr\\\/oynat\\\/\"},{\"@type\":\"ListItem\",\"position\":2,\"name\":\"Modernizasyon ihtiyac\u0131\"}]},{\"@type\":\"WebSite\",\"@id\":\"https:\\\/\\\/www.kanzlei-steinwachs.de\\\/tr\\\/#website\",\"url\":\"https:\\\/\\\/www.kanzlei-steinwachs.de\\\/tr\\\/\",\"name\":\"Rechtsanwaltskanzlei Anwalt Hamburg Berlin Bremen Hannover L\u00fcbeck\",\"description\":\"Wir leisten mehr als Recht bietet\",\"publisher\":{\"@id\":\"https:\\\/\\\/www.kanzlei-steinwachs.de\\\/tr\\\/#organization\"},\"potentialAction\":[{\"@type\":\"SearchAction\",\"target\":{\"@type\":\"EntryPoint\",\"urlTemplate\":\"https:\\\/\\\/www.kanzlei-steinwachs.de\\\/tr\\\/?s={search_term_string}\"},\"query-input\":{\"@type\":\"PropertyValueSpecification\",\"valueRequired\":true,\"valueName\":\"search_term_string\"}}],\"inLanguage\":\"tr\"},{\"@type\":[\"Organization\",\"Place\"],\"@id\":\"https:\\\/\\\/www.kanzlei-steinwachs.de\\\/tr\\\/#organization\",\"name\":\"Rechtsanwaltskanzlei Anwalt Hamburg Berlin Bremen Hannover L\u00fcbeck\",\"url\":\"https:\\\/\\\/www.kanzlei-steinwachs.de\\\/\",\"logo\":{\"@type\":\"ImageObject\",\"inLanguage\":\"tr\",\"@id\":\"https:\\\/\\\/www.kanzlei-steinwachs.de\\\/tr\\\/#\\\/schema\\\/logo\\\/image\\\/\",\"url\":\"https:\\\/\\\/i0.wp.com\\\/www.kanzlei-steinwachs.de\\\/wp-content\\\/uploads\\\/2023\\\/12\\\/logo.webp?fit=174%2C76&quality=80&ssl=1\",\"contentUrl\":\"https:\\\/\\\/i0.wp.com\\\/www.kanzlei-steinwachs.de\\\/wp-content\\\/uploads\\\/2023\\\/12\\\/logo.webp?fit=174%2C76&quality=80&ssl=1\",\"width\":174,\"height\":76,\"caption\":\"Rechtsanwaltskanzlei Anwalt Hamburg Berlin Bremen Hannover L\u00fcbeck\"},\"image\":{\"@id\":\"https:\\\/\\\/www.kanzlei-steinwachs.de\\\/tr\\\/#\\\/schema\\\/logo\\\/image\\\/\"},\"sameAs\":[\"https:\\\/\\\/www.facebook.com\\\/STEINWACHSRechtsanwaltskanzlei\\\/\",\"https:\\\/\\\/x.com\\\/rasteinwachs\",\"https:\\\/\\\/www.instagram.com\\\/steinwachs_rechtsanwaelte\\\/\",\"https:\\\/\\\/www.linkedin.com\\\/in\\\/stephan-steinwachs-7a270197\\\/\",\"https:\\\/\\\/www.youtube.com\\\/channel\\\/UCffmodDlQx81remXm395RWA\"],\"telephone\":[]}]}<\/script>\n<!-- \/ Yoast SEO Premium plugin. -->","yoast_head_json":{"title":"Rechtsanwaltskanzlei in Hamburg Berlin Bremen Hannover L\u00fcbeck","description":"Rechtsanwaltskanzlei f\u00fcr Arbeitsrecht, Arzthaftung, Mietrecht, Gewerbemietrecht ,Gastronomierecht, Immobilienrecht, Schadensersatz Yachtrecht","robots":{"index":"index","follow":"follow","max-snippet":"max-snippet:-1","max-image-preview":"max-image-preview:large","max-video-preview":"max-video-preview:-1"},"canonical":"https:\/\/www.kanzlei-steinwachs.de\/tr\/oynat\/modernizasyon-ihtiyaci\/","og_locale":"tr_TR","og_type":"article","og_title":"Rechtsanwaltskanzlei in Hamburg Berlin Bremen Hannover L\u00fcbeck","og_description":"Rechtsanwaltskanzlei f\u00fcr Arbeitsrecht, Arzthaftung, Mietrecht, Gewerbemietrecht ,Gastronomierecht, Immobilienrecht, Schadensersatz Yachtrecht","og_url":"https:\/\/www.kanzlei-steinwachs.de\/tr\/oynat\/modernizasyon-ihtiyaci\/","og_site_name":"Rechtsanwaltskanzlei Anwalt Hamburg Berlin Bremen Hannover L\u00fcbeck","article_publisher":"https:\/\/www.facebook.com\/STEINWACHSRechtsanwaltskanzlei\/","article_modified_time":"2023-12-05T05:54:35+00:00","twitter_card":"summary_large_image","twitter_site":"@rasteinwachs","twitter_misc":{"Tahmini okuma s\u00fcresi":"2 dakika"},"schema":{"@context":"https:\/\/schema.org","@graph":[{"@type":"WebPage","@id":"https:\/\/www.kanzlei-steinwachs.de\/tr\/oynat\/modernizasyon-ihtiyaci\/","url":"https:\/\/www.kanzlei-steinwachs.de\/tr\/oynat\/modernizasyon-ihtiyaci\/","name":"Rechtsanwaltskanzlei in Hamburg Berlin Bremen Hannover L\u00fcbeck","isPartOf":{"@id":"https:\/\/www.kanzlei-steinwachs.de\/tr\/#website"},"datePublished":"2023-11-20T13:54:02+00:00","dateModified":"2023-12-05T05:54:35+00:00","description":"Rechtsanwaltskanzlei f\u00fcr Arbeitsrecht, Arzthaftung, Mietrecht, Gewerbemietrecht ,Gastronomierecht, Immobilienrecht, Schadensersatz Yachtrecht","breadcrumb":{"@id":"https:\/\/www.kanzlei-steinwachs.de\/tr\/oynat\/modernizasyon-ihtiyaci\/#breadcrumb"},"inLanguage":"tr","potentialAction":[{"@type":"ReadAction","target":["https:\/\/www.kanzlei-steinwachs.de\/tr\/oynat\/modernizasyon-ihtiyaci\/"]}]},{"@type":"BreadcrumbList","@id":"https:\/\/www.kanzlei-steinwachs.de\/tr\/oynat\/modernizasyon-ihtiyaci\/#breadcrumb","itemListElement":[{"@type":"ListItem","position":1,"name":"Oynat","item":"https:\/\/www.kanzlei-steinwachs.de\/tr\/oynat\/"},{"@type":"ListItem","position":2,"name":"Modernizasyon ihtiyac\u0131"}]},{"@type":"WebSite","@id":"https:\/\/www.kanzlei-steinwachs.de\/tr\/#website","url":"https:\/\/www.kanzlei-steinwachs.de\/tr\/","name":"Rechtsanwaltskanzlei Anwalt Hamburg Berlin Bremen Hannover L\u00fcbeck","description":"Wir leisten mehr als Recht bietet","publisher":{"@id":"https:\/\/www.kanzlei-steinwachs.de\/tr\/#organization"},"potentialAction":[{"@type":"SearchAction","target":{"@type":"EntryPoint","urlTemplate":"https:\/\/www.kanzlei-steinwachs.de\/tr\/?s={search_term_string}"},"query-input":{"@type":"PropertyValueSpecification","valueRequired":true,"valueName":"search_term_string"}}],"inLanguage":"tr"},{"@type":["Organization","Place"],"@id":"https:\/\/www.kanzlei-steinwachs.de\/tr\/#organization","name":"Rechtsanwaltskanzlei Anwalt Hamburg Berlin Bremen Hannover L\u00fcbeck","url":"https:\/\/www.kanzlei-steinwachs.de\/","logo":{"@type":"ImageObject","inLanguage":"tr","@id":"https:\/\/www.kanzlei-steinwachs.de\/tr\/#\/schema\/logo\/image\/","url":"https:\/\/i0.wp.com\/www.kanzlei-steinwachs.de\/wp-content\/uploads\/2023\/12\/logo.webp?fit=174%2C76&quality=80&ssl=1","contentUrl":"https:\/\/i0.wp.com\/www.kanzlei-steinwachs.de\/wp-content\/uploads\/2023\/12\/logo.webp?fit=174%2C76&quality=80&ssl=1","width":174,"height":76,"caption":"Rechtsanwaltskanzlei Anwalt Hamburg Berlin Bremen Hannover L\u00fcbeck"},"image":{"@id":"https:\/\/www.kanzlei-steinwachs.de\/tr\/#\/schema\/logo\/image\/"},"sameAs":["https:\/\/www.facebook.com\/STEINWACHSRechtsanwaltskanzlei\/","https:\/\/x.com\/rasteinwachs","https:\/\/www.instagram.com\/steinwachs_rechtsanwaelte\/","https:\/\/www.linkedin.com\/in\/stephan-steinwachs-7a270197\/","https:\/\/www.youtube.com\/channel\/UCffmodDlQx81remXm395RWA"],"telephone":[]}]}},"jetpack_sharing_enabled":true,"_links":{"self":[{"href":"https:\/\/www.kanzlei-steinwachs.de\/tr\/wp-json\/wp\/v2\/pages\/15124","targetHints":{"allow":["GET"]}}],"collection":[{"href":"https:\/\/www.kanzlei-steinwachs.de\/tr\/wp-json\/wp\/v2\/pages"}],"about":[{"href":"https:\/\/www.kanzlei-steinwachs.de\/tr\/wp-json\/wp\/v2\/types\/page"}],"author":[{"embeddable":true,"href":"https:\/\/www.kanzlei-steinwachs.de\/tr\/wp-json\/wp\/v2\/users\/1"}],"replies":[{"embeddable":true,"href":"https:\/\/www.kanzlei-steinwachs.de\/tr\/wp-json\/wp\/v2\/comments?post=15124"}],"version-history":[{"count":0,"href":"https:\/\/www.kanzlei-steinwachs.de\/tr\/wp-json\/wp\/v2\/pages\/15124\/revisions"}],"up":[{"embeddable":true,"href":"https:\/\/www.kanzlei-steinwachs.de\/tr\/wp-json\/wp\/v2\/pages\/9907"}],"wp:attachment":[{"href":"https:\/\/www.kanzlei-steinwachs.de\/tr\/wp-json\/wp\/v2\/media?parent=15124"}],"curies":[{"name":"wp","href":"https:\/\/api.w.org\/{rel}","templated":true}]}}