{"id":14804,"date":"2023-11-15T07:46:08","date_gmt":"2023-11-15T06:46:08","guid":{"rendered":"https:\/\/www.kanzlei-steinwachs.de\/hizmetler\/"},"modified":"2023-12-04T14:27:37","modified_gmt":"2023-12-04T13:27:37","slug":"hizmetler","status":"publish","type":"page","link":"https:\/\/www.kanzlei-steinwachs.de\/tr\/hizmetler\/","title":{"rendered":"Hizmetler"},"content":{"rendered":"<div class=\"wpb-content-wrapper\"><p>[vc_row triangle_shape=&#8221;no&#8221;][vc_column][vc_column_text]<\/p>\n<h4>Hukuk firmas\u0131 a\u015fa\u011f\u0131daki konularda hizmet vermektedir:<\/h4>\n<ul>\n<li><strong><a title=\"Giri\u015fimciler i\u00e7in avukat\" href=\"https:\/\/www.kanzlei-steinwachs.de\/leistungen\/unternehmen\" target=\"_self\" rel=\"noopener\">k\u00fc\u00e7\u00fck ve orta \u00f6l\u00e7ekli \u015firketler<\/a><\/strong><\/li>\n<li><strong><a title=\"\u00d6zel ki\u015filer i\u00e7in avukat\" href=\"https:\/\/www.kanzlei-steinwachs.de\/leistungen\/privatpersonen\" target=\"_self\" rel=\"noopener\">\u00d6zel ki\u015filer<\/a><\/strong><\/li>\n<li><strong><a title=\"Restoran i\u015fletmecileri i\u00e7in avukat\" href=\"https:\/\/www.kanzlei-steinwachs.de\/leistungen\/gastronomen\" target=\"_self\" rel=\"noopener\">Otelciler ve restoran i\u015fletmecileri<\/a><\/strong><\/li>\n<li><strong><a title=\"Medya, spor ve modelleme end\u00fcstrisi\" href=\"https:\/\/www.kanzlei-steinwachs.de\/leistungen\/mediensportfashion\" target=\"_self\" rel=\"noopener\">Foto\u011fraf modelleri, sporcular ve ajanslar\u0131<\/a><\/strong><\/li>\n<\/ul>\n<p>[\/vc_column_text][\/vc_column][\/vc_row][vc_row triangle_shape=&#8221;no&#8221;][vc_column][vc_empty_space][vc_column_text]Size uygun olan alt maddeye t\u0131klayarak faaliyet kapsam\u0131n\u0131 \u00f6\u011frenebilirsiniz.<\/p>\n<h4>Alanda<\/h4>\n<ul>\n<li><strong><a title=\"Hukuk alanlar\u0131\" href=\"https:\/\/www.kanzlei-steinwachs.de\/leistungen\/rechtsgebiete\">Hukuk alanlar\u0131<\/a><\/strong><\/li>\n<\/ul>\n<p>Belirli sorun alanlar\u0131na ili\u015fkin a\u00e7\u0131klamalar ve ipu\u00e7lar\u0131 bulacaks\u0131n\u0131z. Hukuk b\u00fcrosunun faaliyetlerinin temelini <a title=\"\u0130\u015f kanunu\" href=\"https:\/\/www.kanzlei-steinwachs.de\/rechtsanwalt-anlegerschutzrecht-hamburg-berlin\">i\u015f hukuku<\/a>, <a title=\"Oynat\" href=\"https:\/\/www.kanzlei-steinwachs.de\/rechtsanwalt-mietrecht-hamburg-berlin\">kira hukuku ve<\/a> <a title=\"Gayrimenkul hukuku\" href=\"https:\/\/www.kanzlei-steinwachs.de\/rechtsanwalt-immobilienrecht-hamburg-berlin\">gayrimenkul hukuku<\/a>, <a title=\"Gastronomi hukuku\" href=\"https:\/\/www.kanzlei-steinwachs.de\/rechtsanwalt-gastronomierecht-hamburg-berlin\">yemek hizmetleri hukuku<\/a>, <a title=\"Yat\u0131r\u0131mc\u0131 koruma kanunu\" href=\"https:\/\/www.kanzlei-steinwachs.de\/rechtsanwalt-anlegerschutzrecht-hamburg-berlin\">yat\u0131r\u0131mc\u0131 koruma hukuku<\/a> ve <a title=\"Trafik kanunu\" href=\"https:\/\/www.kanzlei-steinwachs.de\/rechtsanwalt-verkehrsrecht-hamburg-berlin\">trafik hukuku olu\u015fturmaktad\u0131r.<\/a><\/p>\n<p>Anla\u015fmazl\u0131klardan ka\u00e7\u0131nmak veya bunlar\u0131 mahkeme d\u0131\u015f\u0131nda \u00e7\u00f6zmek \u00e7o\u011fu zaman m\u00fcmk\u00fcnd\u00fcr<\/p>\n<ul>\n<li><strong><a title=\"Arabuluculuk\" href=\"https:\/\/www.kanzlei-steinwachs.de\/leistungen\/mediation\">Arabuluculuk<\/a><br \/>\n<\/strong><\/li>\n<\/ul>\n<p>Hukuk b\u00fcrosunun sundu\u011fu \u00f6zel bir hizmet, i\u015fyerindeki \u00e7at\u0131\u015fmalar konusunda uzmanla\u015fm\u0131\u015f nitelikli psikolog Andrea Danker ile yap\u0131lan i\u015fbirli\u011fidir. Bayan Danker, di\u011fer \u015feylerin yan\u0131 s\u0131ra, \u00f6zellikle zorunlu i\u015ften \u00e7\u0131karma durumlar\u0131nda ve ticari \u015firketlerdeki sosyal plan g\u00f6r\u00fc\u015fmelerinde de\u011fi\u015fim s\u00fcre\u00e7lerini destekleme konusunda deneyimli olup, i\u015ften \u00e7\u0131karmalar\u0131n herkes i\u00e7in sosyal olarak kabul edilebilir bir \u015fekilde uygulanmas\u0131 amac\u0131yla m\u00fczakereci taraflara s\u00fcre\u00e7 hakk\u0131nda tavsiyelerde bulunmaktad\u0131r. dahil olmak ve \u015firket \u00f6nlemlerinin uygulanmas\u0131 i\u00e7in dan\u0131\u015fmanl\u0131k yapmak ve konseptler geli\u015ftirmek. Hukuk firmas\u0131, Bayan Danker ile birlikte, \u015firketlerdeki tipik \u00e7at\u0131\u015fma senaryolar\u0131n\u0131n yan\u0131 s\u0131ra ortak arabuluculu\u011fun (Steinwachs\/Danker) bir par\u00e7as\u0131 olarak mahkeme d\u0131\u015f\u0131 arabuluculuklar\u0131 \u00f6nlemek veya hafifletmek i\u00e7in \u00e7\u00f6z\u00fcm stratejileri sunmaktad\u0131r.[\/vc_column_text][\/vc_column][\/vc_row]<\/p>\n<\/div>","protected":false},"excerpt":{"rendered":"<p>[vc_row triangle_shape=&#8221;no&#8221;][vc_column][vc_column_text] Hukuk firmas\u0131 a\u015fa\u011f\u0131daki konularda hizmet vermektedir: k\u00fc\u00e7\u00fck ve orta \u00f6l\u00e7ekli \u015firketler \u00d6zel ki\u015filer Otelciler ve restoran i\u015fletmecileri Foto\u011fraf modelleri, sporcular ve ajanslar\u0131 [\/vc_column_text][\/vc_column][\/vc_row][vc_row triangle_shape=&#8221;no&#8221;][vc_column][vc_empty_space][vc_column_text]Size uygun olan alt maddeye t\u0131klayarak faaliyet kapsam\u0131n\u0131 \u00f6\u011frenebilirsiniz. Alanda Hukuk alanlar\u0131 Belirli sorun alanlar\u0131na ili\u015fkin a\u00e7\u0131klamalar ve ipu\u00e7lar\u0131 bulacaks\u0131n\u0131z. Hukuk b\u00fcrosunun faaliyetlerinin temelini i\u015f hukuku, kira hukuku ve gayrimenkul hukuku, yemek hizmetleri hukuku, yat\u0131r\u0131mc\u0131 koruma hukuku ve trafik hukuku olu\u015fturmaktad\u0131r. Anla\u015fmazl\u0131klardan ka\u00e7\u0131nmak veya bunlar\u0131 mahkeme d\u0131\u015f\u0131nda \u00e7\u00f6zmek \u00e7o\u011fu zaman m\u00fcmk\u00fcnd\u00fcr Arabuluculuk Hukuk b\u00fcrosunun sundu\u011fu \u00f6zel bir hizmet, i\u015fyerindeki \u00e7at\u0131\u015fmalar konusunda uzmanla\u015fm\u0131\u015f nitelikli psikolog Andrea Danker ile yap\u0131lan i\u015fbirli\u011fidir. Bayan Danker, di\u011fer \u015feylerin yan\u0131 s\u0131ra,&#8230;<\/p>\n","protected":false},"author":1,"featured_media":0,"parent":0,"menu_order":0,"comment_status":"closed","ping_status":"closed","template":"","meta":{"footnotes":""},"class_list":["post-14804","page","type-page","status-publish","hentry"],"yoast_head":"<!-- This site is optimized with the Yoast SEO Premium plugin v27.2 (Yoast SEO v27.5) - https:\/\/yoast.com\/product\/yoast-seo-premium-wordpress\/ -->\n<title>Rechtsanwaltskanzlei in Hamburg Berlin Bremen Hannover L\u00fcbeck<\/title>\n<meta name=\"description\" content=\"Rechtsanwaltskanzlei f\u00fcr Arbeitsrecht, Arzthaftung, Mietrecht, Gewerbemietrecht ,Gastronomierecht, Immobilienrecht, Schadensersatz Yachtrecht\" \/>\n<meta name=\"robots\" content=\"index, follow, max-snippet:-1, max-image-preview:large, max-video-preview:-1\" \/>\n<link rel=\"canonical\" href=\"https:\/\/www.kanzlei-steinwachs.de\/tr\/hizmetler\/\" \/>\n<meta property=\"og:locale\" content=\"tr_TR\" \/>\n<meta property=\"og:type\" content=\"article\" \/>\n<meta property=\"og:title\" content=\"Rechtsanwaltskanzlei in Hamburg Berlin Bremen Hannover L\u00fcbeck\" \/>\n<meta property=\"og:description\" content=\"Rechtsanwaltskanzlei f\u00fcr Arbeitsrecht, Arzthaftung, Mietrecht, Gewerbemietrecht ,Gastronomierecht, Immobilienrecht, Schadensersatz Yachtrecht\" \/>\n<meta property=\"og:url\" content=\"https:\/\/www.kanzlei-steinwachs.de\/tr\/hizmetler\/\" \/>\n<meta property=\"og:site_name\" content=\"Rechtsanwaltskanzlei Anwalt Hamburg Berlin Bremen Hannover L\u00fcbeck\" \/>\n<meta property=\"article:publisher\" content=\"https:\/\/www.facebook.com\/STEINWACHSRechtsanwaltskanzlei\/\" \/>\n<meta property=\"article:modified_time\" content=\"2023-12-04T13:27:37+00:00\" \/>\n<meta name=\"twitter:card\" content=\"summary_large_image\" \/>\n<meta name=\"twitter:site\" content=\"@rasteinwachs\" \/>\n<meta name=\"twitter:label1\" content=\"Tahmini okuma s\u00fcresi\" \/>\n\t<meta name=\"twitter:data1\" content=\"1 dakika\" \/>\n<script type=\"application\/ld+json\" class=\"yoast-schema-graph\">{\"@context\":\"https:\\\/\\\/schema.org\",\"@graph\":[{\"@type\":\"WebPage\",\"@id\":\"https:\\\/\\\/www.kanzlei-steinwachs.de\\\/tr\\\/hizmetler\\\/\",\"url\":\"https:\\\/\\\/www.kanzlei-steinwachs.de\\\/tr\\\/hizmetler\\\/\",\"name\":\"Rechtsanwaltskanzlei in Hamburg Berlin Bremen Hannover L\u00fcbeck\",\"isPartOf\":{\"@id\":\"https:\\\/\\\/www.kanzlei-steinwachs.de\\\/tr\\\/#website\"},\"datePublished\":\"2023-11-15T06:46:08+00:00\",\"dateModified\":\"2023-12-04T13:27:37+00:00\",\"description\":\"Rechtsanwaltskanzlei f\u00fcr Arbeitsrecht, Arzthaftung, Mietrecht, Gewerbemietrecht ,Gastronomierecht, Immobilienrecht, Schadensersatz Yachtrecht\",\"inLanguage\":\"tr\",\"potentialAction\":[{\"@type\":\"ReadAction\",\"target\":[\"https:\\\/\\\/www.kanzlei-steinwachs.de\\\/tr\\\/hizmetler\\\/\"]}]},{\"@type\":\"WebSite\",\"@id\":\"https:\\\/\\\/www.kanzlei-steinwachs.de\\\/tr\\\/#website\",\"url\":\"https:\\\/\\\/www.kanzlei-steinwachs.de\\\/tr\\\/\",\"name\":\"Rechtsanwaltskanzlei Anwalt Hamburg Berlin Bremen Hannover L\u00fcbeck\",\"description\":\"Wir leisten mehr als Recht bietet\",\"publisher\":{\"@id\":\"https:\\\/\\\/www.kanzlei-steinwachs.de\\\/tr\\\/#organization\"},\"potentialAction\":[{\"@type\":\"SearchAction\",\"target\":{\"@type\":\"EntryPoint\",\"urlTemplate\":\"https:\\\/\\\/www.kanzlei-steinwachs.de\\\/tr\\\/?s={search_term_string}\"},\"query-input\":{\"@type\":\"PropertyValueSpecification\",\"valueRequired\":true,\"valueName\":\"search_term_string\"}}],\"inLanguage\":\"tr\"},{\"@type\":[\"Organization\",\"Place\"],\"@id\":\"https:\\\/\\\/www.kanzlei-steinwachs.de\\\/tr\\\/#organization\",\"name\":\"Rechtsanwaltskanzlei Anwalt Hamburg Berlin Bremen Hannover L\u00fcbeck\",\"url\":\"https:\\\/\\\/www.kanzlei-steinwachs.de\\\/\",\"logo\":{\"@type\":\"ImageObject\",\"inLanguage\":\"tr\",\"@id\":\"https:\\\/\\\/www.kanzlei-steinwachs.de\\\/tr\\\/#\\\/schema\\\/logo\\\/image\\\/\",\"url\":\"https:\\\/\\\/i0.wp.com\\\/www.kanzlei-steinwachs.de\\\/wp-content\\\/uploads\\\/2023\\\/12\\\/logo.webp?fit=174%2C76&quality=80&ssl=1\",\"contentUrl\":\"https:\\\/\\\/i0.wp.com\\\/www.kanzlei-steinwachs.de\\\/wp-content\\\/uploads\\\/2023\\\/12\\\/logo.webp?fit=174%2C76&quality=80&ssl=1\",\"width\":174,\"height\":76,\"caption\":\"Rechtsanwaltskanzlei Anwalt Hamburg Berlin Bremen Hannover L\u00fcbeck\"},\"image\":{\"@id\":\"https:\\\/\\\/www.kanzlei-steinwachs.de\\\/tr\\\/#\\\/schema\\\/logo\\\/image\\\/\"},\"sameAs\":[\"https:\\\/\\\/www.facebook.com\\\/STEINWACHSRechtsanwaltskanzlei\\\/\",\"https:\\\/\\\/x.com\\\/rasteinwachs\",\"https:\\\/\\\/www.instagram.com\\\/steinwachs_rechtsanwaelte\\\/\",\"https:\\\/\\\/www.linkedin.com\\\/in\\\/stephan-steinwachs-7a270197\\\/\",\"https:\\\/\\\/www.youtube.com\\\/channel\\\/UCffmodDlQx81remXm395RWA\"],\"telephone\":[]}]}<\/script>\n<!-- \/ Yoast SEO Premium plugin. -->","yoast_head_json":{"title":"Rechtsanwaltskanzlei in Hamburg Berlin Bremen Hannover L\u00fcbeck","description":"Rechtsanwaltskanzlei f\u00fcr Arbeitsrecht, Arzthaftung, Mietrecht, Gewerbemietrecht ,Gastronomierecht, Immobilienrecht, Schadensersatz Yachtrecht","robots":{"index":"index","follow":"follow","max-snippet":"max-snippet:-1","max-image-preview":"max-image-preview:large","max-video-preview":"max-video-preview:-1"},"canonical":"https:\/\/www.kanzlei-steinwachs.de\/tr\/hizmetler\/","og_locale":"tr_TR","og_type":"article","og_title":"Rechtsanwaltskanzlei in Hamburg Berlin Bremen Hannover L\u00fcbeck","og_description":"Rechtsanwaltskanzlei f\u00fcr Arbeitsrecht, Arzthaftung, Mietrecht, Gewerbemietrecht ,Gastronomierecht, Immobilienrecht, Schadensersatz Yachtrecht","og_url":"https:\/\/www.kanzlei-steinwachs.de\/tr\/hizmetler\/","og_site_name":"Rechtsanwaltskanzlei Anwalt Hamburg Berlin Bremen Hannover L\u00fcbeck","article_publisher":"https:\/\/www.facebook.com\/STEINWACHSRechtsanwaltskanzlei\/","article_modified_time":"2023-12-04T13:27:37+00:00","twitter_card":"summary_large_image","twitter_site":"@rasteinwachs","twitter_misc":{"Tahmini okuma s\u00fcresi":"1 dakika"},"schema":{"@context":"https:\/\/schema.org","@graph":[{"@type":"WebPage","@id":"https:\/\/www.kanzlei-steinwachs.de\/tr\/hizmetler\/","url":"https:\/\/www.kanzlei-steinwachs.de\/tr\/hizmetler\/","name":"Rechtsanwaltskanzlei in Hamburg Berlin Bremen Hannover L\u00fcbeck","isPartOf":{"@id":"https:\/\/www.kanzlei-steinwachs.de\/tr\/#website"},"datePublished":"2023-11-15T06:46:08+00:00","dateModified":"2023-12-04T13:27:37+00:00","description":"Rechtsanwaltskanzlei f\u00fcr Arbeitsrecht, Arzthaftung, Mietrecht, Gewerbemietrecht ,Gastronomierecht, Immobilienrecht, Schadensersatz Yachtrecht","inLanguage":"tr","potentialAction":[{"@type":"ReadAction","target":["https:\/\/www.kanzlei-steinwachs.de\/tr\/hizmetler\/"]}]},{"@type":"WebSite","@id":"https:\/\/www.kanzlei-steinwachs.de\/tr\/#website","url":"https:\/\/www.kanzlei-steinwachs.de\/tr\/","name":"Rechtsanwaltskanzlei Anwalt Hamburg Berlin Bremen Hannover L\u00fcbeck","description":"Wir leisten mehr als Recht bietet","publisher":{"@id":"https:\/\/www.kanzlei-steinwachs.de\/tr\/#organization"},"potentialAction":[{"@type":"SearchAction","target":{"@type":"EntryPoint","urlTemplate":"https:\/\/www.kanzlei-steinwachs.de\/tr\/?s={search_term_string}"},"query-input":{"@type":"PropertyValueSpecification","valueRequired":true,"valueName":"search_term_string"}}],"inLanguage":"tr"},{"@type":["Organization","Place"],"@id":"https:\/\/www.kanzlei-steinwachs.de\/tr\/#organization","name":"Rechtsanwaltskanzlei Anwalt Hamburg Berlin Bremen Hannover L\u00fcbeck","url":"https:\/\/www.kanzlei-steinwachs.de\/","logo":{"@type":"ImageObject","inLanguage":"tr","@id":"https:\/\/www.kanzlei-steinwachs.de\/tr\/#\/schema\/logo\/image\/","url":"https:\/\/i0.wp.com\/www.kanzlei-steinwachs.de\/wp-content\/uploads\/2023\/12\/logo.webp?fit=174%2C76&quality=80&ssl=1","contentUrl":"https:\/\/i0.wp.com\/www.kanzlei-steinwachs.de\/wp-content\/uploads\/2023\/12\/logo.webp?fit=174%2C76&quality=80&ssl=1","width":174,"height":76,"caption":"Rechtsanwaltskanzlei Anwalt Hamburg Berlin Bremen Hannover L\u00fcbeck"},"image":{"@id":"https:\/\/www.kanzlei-steinwachs.de\/tr\/#\/schema\/logo\/image\/"},"sameAs":["https:\/\/www.facebook.com\/STEINWACHSRechtsanwaltskanzlei\/","https:\/\/x.com\/rasteinwachs","https:\/\/www.instagram.com\/steinwachs_rechtsanwaelte\/","https:\/\/www.linkedin.com\/in\/stephan-steinwachs-7a270197\/","https:\/\/www.youtube.com\/channel\/UCffmodDlQx81remXm395RWA"],"telephone":[]}]}},"jetpack_sharing_enabled":true,"_links":{"self":[{"href":"https:\/\/www.kanzlei-steinwachs.de\/tr\/wp-json\/wp\/v2\/pages\/14804","targetHints":{"allow":["GET"]}}],"collection":[{"href":"https:\/\/www.kanzlei-steinwachs.de\/tr\/wp-json\/wp\/v2\/pages"}],"about":[{"href":"https:\/\/www.kanzlei-steinwachs.de\/tr\/wp-json\/wp\/v2\/types\/page"}],"author":[{"embeddable":true,"href":"https:\/\/www.kanzlei-steinwachs.de\/tr\/wp-json\/wp\/v2\/users\/1"}],"replies":[{"embeddable":true,"href":"https:\/\/www.kanzlei-steinwachs.de\/tr\/wp-json\/wp\/v2\/comments?post=14804"}],"version-history":[{"count":0,"href":"https:\/\/www.kanzlei-steinwachs.de\/tr\/wp-json\/wp\/v2\/pages\/14804\/revisions"}],"wp:attachment":[{"href":"https:\/\/www.kanzlei-steinwachs.de\/tr\/wp-json\/wp\/v2\/media?parent=14804"}],"curies":[{"name":"wp","href":"https:\/\/api.w.org\/{rel}","templated":true}]}}