{"id":14722,"date":"2023-11-21T05:11:32","date_gmt":"2023-11-21T04:11:32","guid":{"rendered":"https:\/\/www.kanzlei-steinwachs.de\/hamburgdaki-tueccarlara-esit-muamele\/"},"modified":"2023-12-04T12:24:56","modified_gmt":"2023-12-04T11:24:56","slug":"hamburgdaki-tueccarlara-esit-muamele","status":"publish","type":"page","link":"https:\/\/www.kanzlei-steinwachs.de\/tr\/hamburgdaki-tueccarlara-esit-muamele\/","title":{"rendered":"Hamburg&#8217;daki t\u00fcccarlara e\u015fit muamele"},"content":{"rendered":"<div class=\"wpb-content-wrapper\"><p>[vc_row triangle_shape=&#8221;no&#8221; css=&#8221;.vc_custom_1700539938483{margin-bottom: 50px !important;}&#8221;][vc_column][vc_column_text]<strong>Hamburg \u015fehri, \u015fehir m\u00fclklerindeki ticari kirac\u0131lara faizsiz kira kredisi veriyor.<\/strong><\/p>\n<p>Veya Finans Senat\u00f6r\u00fcm\u00fcz Dr. Dressel&#8217;in a\u00e7\u0131klamas\u0131 \u015fu \u015fekilde:<\/p>\n<p><em data-stringify-type=\"italic\">\u201cBug\u00fcn verdikleri erteleme taahh\u00fcd\u00fcyle \u00f6zel \u015firket ve kurumlara \u00f6nemli bir katk\u0131 sa\u011flayan kamuya ait emlak \u015firketlerimiz Sprinkenhof, GMH, HHLA ve LIG&#8217;ye te\u015fekk\u00fcr ediyorum.\u201d<\/em><br \/>\n(<a href=\"https:\/\/www.hamburg.de\/coronavirus\/13727816\/2020-03-17-fb-schutzschirm\/\" aria-describedby=\"slack-kit-tooltip\">https:\/\/www.hamburg.de\/coronavirus\/13727816\/2020-03-17-fb-schutzschirm\/<\/a>)<\/p>\n<p><strong data-stringify-type=\"bold\">Giri\u015fimcilerin kentsel gayrimenkulde hedefledi\u011fi ekonomik avantaj\u0131<\/strong> hukuka ayk\u0131r\u0131 <strong data-stringify-type=\"bold\">buluyoruz.<\/strong> <strong data-stringify-type=\"bold\">Haks\u0131z<\/strong> oldu\u011fu \u00e7ok a\u00e7\u0131k.<\/p>\n<p>Kiray\u0131 erteleyenin belediye de\u011fil, emlak \u015firketi oldu\u011funun s\u00fcrekli vurgulanmas\u0131, sorumlular\u0131n da bunu fark etti\u011fini g\u00f6steriyor. \u00c7\u00fcnk\u00fc %100 belediyeye ait olan bir \u015firket, \u015fehrin ona yapmas\u0131n\u0131 s\u00f6yledi\u011fi \u015feyleri do\u011fru bir \u015fekilde yapar. Burada yard\u0131m olarak an\u0131lan \u015fey, e\u011fer d\u00fczenleme y\u00fcr\u00fcrl\u00fckte kal\u0131rsa, di\u011fer yat\u0131r\u0131mc\u0131lar i\u00e7in b\u00fcy\u00fck bir rekabet dezavantaj\u0131d\u0131r. Sadece kiralar\u0131n\u0131 \u00f6demeye devam etmek zorunda de\u011filler, ayn\u0131 zamanda rakiplerinin art\u0131k \u00f6demek zorunda kalmamas\u0131 i\u00e7in de sonu\u00e7ta \u00f6deme yap\u0131yorlar. <\/p>\n<p><strong data-stringify-type=\"bold\">Bu nedenle t\u00fcm yat\u0131r\u0131mc\u0131lara e\u015fit davran\u0131lmas\u0131n\u0131 talep ediyoruz.<\/strong><\/p>\n<p>Elbette ertelemeleri ortadan kald\u0131rarak de\u011fil, e\u015fde\u011fer destek yaratarak. \u015eekil a\u00e7\u0131kt\u0131r. Kentsel m\u00fclk kirac\u0131lar\u0131n\u0131n faydaland\u0131\u011f\u0131, ayn\u0131 s\u00fcre i\u00e7in kira bedeli tutar\u0131nda kademeli olarak verilen faizsiz kredi. Hukuki durum zor olsa ve e\u015fitlik hakk\u0131 konusunda kayg\u0131lar\u0131m\u0131z olsa da \u015fehrin bir g\u00f6revi oldu\u011funa inan\u0131yoruz. Di\u011ferleri i\u015fletme maliyetleriyle ba\u015f ba\u015fa kal\u0131rken, kendi kirac\u0131lar\u0131n\u0131z\u0131 halktan gelen parayla \u00f6deme g\u00fcc\u00fcnde tutman\u0131z s\u00f6z konusu olamaz. Yasal olarak uygulanabilirli\u011fi garanti edilmese bile, \u015fu anda yapt\u0131\u011f\u0131m\u0131z gibi, <strong>e\u015fit muamele i\u00e7in ba\u015fvuruda bulunman\u0131z\u0131<\/strong> te\u015fvik ediyoruz. \u00c7\u00fcnk\u00fc ba\u015fvurular etkili olsa bile genellikle yaln\u0131zca ba\u015fvuru yap\u0131ld\u0131ktan sonra y\u00fcr\u00fcrl\u00fc\u011fe girer. Hukuk b\u00fcromuzu g\u00f6revlendirmek istiyorsan\u0131z: Ba\u015fvurunuzu, harcamalar ve koruma i\u00e7in tek seferlik br\u00fct 50 \u20ac tutar\u0131nda bir \u00fccret kar\u015f\u0131l\u0131\u011f\u0131nda sunuyoruz.[\/vc_column_text][\/vc_column][\/vc_row]<\/p>\n<\/div>","protected":false},"excerpt":{"rendered":"<p>[vc_row triangle_shape=&#8221;no&#8221; css=&#8221;.vc_custom_1700539938483{margin-bottom: 50px !important;}&#8221;][vc_column][vc_column_text]Hamburg \u015fehri, \u015fehir m\u00fclklerindeki ticari kirac\u0131lara faizsiz kira kredisi veriyor. Veya Finans Senat\u00f6r\u00fcm\u00fcz Dr. Dressel&#8217;in a\u00e7\u0131klamas\u0131 \u015fu \u015fekilde: \u201cBug\u00fcn verdikleri erteleme taahh\u00fcd\u00fcyle \u00f6zel \u015firket ve kurumlara \u00f6nemli bir katk\u0131 sa\u011flayan kamuya ait emlak \u015firketlerimiz Sprinkenhof, GMH, HHLA ve LIG&#8217;ye te\u015fekk\u00fcr ediyorum.\u201d (https:\/\/www.hamburg.de\/coronavirus\/13727816\/2020-03-17-fb-schutzschirm\/) Giri\u015fimcilerin kentsel gayrimenkulde hedefledi\u011fi ekonomik avantaj\u0131 hukuka ayk\u0131r\u0131 buluyoruz. Haks\u0131z oldu\u011fu \u00e7ok a\u00e7\u0131k. Kiray\u0131 erteleyenin belediye de\u011fil, emlak \u015firketi oldu\u011funun s\u00fcrekli vurgulanmas\u0131, sorumlular\u0131n da bunu fark etti\u011fini g\u00f6steriyor. \u00c7\u00fcnk\u00fc %100 belediyeye ait olan bir \u015firket, \u015fehrin ona yapmas\u0131n\u0131 s\u00f6yledi\u011fi \u015feyleri do\u011fru bir \u015fekilde yapar. Burada yard\u0131m olarak an\u0131lan \u015fey, e\u011fer d\u00fczenleme y\u00fcr\u00fcrl\u00fckte kal\u0131rsa, di\u011fer&#8230;<\/p>\n","protected":false},"author":1,"featured_media":0,"parent":0,"menu_order":0,"comment_status":"closed","ping_status":"closed","template":"","meta":{"footnotes":""},"class_list":["post-14722","page","type-page","status-publish","hentry"],"yoast_head":"<!-- This site is optimized with the Yoast SEO Premium plugin v27.2 (Yoast SEO v27.3) - https:\/\/yoast.com\/product\/yoast-seo-premium-wordpress\/ -->\n<title>Rechtsanwaltskanzlei in Hamburg Berlin Bremen Hannover L\u00fcbeck<\/title>\n<meta name=\"description\" content=\"Rechtsanwaltskanzlei f\u00fcr Arbeitsrecht, Arzthaftung, Mietrecht, Gewerbemietrecht ,Gastronomierecht, Immobilienrecht, Schadensersatz Yachtrecht\" \/>\n<meta name=\"robots\" content=\"index, follow, max-snippet:-1, max-image-preview:large, max-video-preview:-1\" \/>\n<link rel=\"canonical\" href=\"https:\/\/www.kanzlei-steinwachs.de\/tr\/hamburgdaki-tueccarlara-esit-muamele\/\" \/>\n<meta property=\"og:locale\" content=\"tr_TR\" \/>\n<meta property=\"og:type\" content=\"article\" \/>\n<meta property=\"og:title\" content=\"Rechtsanwaltskanzlei in Hamburg Berlin Bremen Hannover L\u00fcbeck\" \/>\n<meta property=\"og:description\" content=\"Rechtsanwaltskanzlei f\u00fcr Arbeitsrecht, Arzthaftung, Mietrecht, Gewerbemietrecht ,Gastronomierecht, Immobilienrecht, Schadensersatz Yachtrecht\" \/>\n<meta property=\"og:url\" content=\"https:\/\/www.kanzlei-steinwachs.de\/tr\/hamburgdaki-tueccarlara-esit-muamele\/\" \/>\n<meta property=\"og:site_name\" content=\"Rechtsanwaltskanzlei Anwalt Hamburg Berlin Bremen Hannover L\u00fcbeck\" \/>\n<meta property=\"article:publisher\" content=\"https:\/\/www.facebook.com\/STEINWACHSRechtsanwaltskanzlei\/\" \/>\n<meta property=\"article:modified_time\" content=\"2023-12-04T11:24:56+00:00\" \/>\n<meta name=\"twitter:card\" content=\"summary_large_image\" \/>\n<meta name=\"twitter:site\" content=\"@rasteinwachs\" \/>\n<meta name=\"twitter:label1\" content=\"Tahmini okuma s\u00fcresi\" \/>\n\t<meta name=\"twitter:data1\" content=\"2 dakika\" \/>\n<script type=\"application\/ld+json\" class=\"yoast-schema-graph\">{\"@context\":\"https:\\\/\\\/schema.org\",\"@graph\":[{\"@type\":\"WebPage\",\"@id\":\"https:\\\/\\\/www.kanzlei-steinwachs.de\\\/tr\\\/hamburgdaki-tueccarlara-esit-muamele\\\/\",\"url\":\"https:\\\/\\\/www.kanzlei-steinwachs.de\\\/tr\\\/hamburgdaki-tueccarlara-esit-muamele\\\/\",\"name\":\"Rechtsanwaltskanzlei in Hamburg Berlin Bremen Hannover L\u00fcbeck\",\"isPartOf\":{\"@id\":\"https:\\\/\\\/www.kanzlei-steinwachs.de\\\/tr\\\/#website\"},\"datePublished\":\"2023-11-21T04:11:32+00:00\",\"dateModified\":\"2023-12-04T11:24:56+00:00\",\"description\":\"Rechtsanwaltskanzlei f\u00fcr Arbeitsrecht, Arzthaftung, Mietrecht, Gewerbemietrecht ,Gastronomierecht, Immobilienrecht, Schadensersatz Yachtrecht\",\"inLanguage\":\"tr\",\"potentialAction\":[{\"@type\":\"ReadAction\",\"target\":[\"https:\\\/\\\/www.kanzlei-steinwachs.de\\\/tr\\\/hamburgdaki-tueccarlara-esit-muamele\\\/\"]}]},{\"@type\":\"WebSite\",\"@id\":\"https:\\\/\\\/www.kanzlei-steinwachs.de\\\/tr\\\/#website\",\"url\":\"https:\\\/\\\/www.kanzlei-steinwachs.de\\\/tr\\\/\",\"name\":\"Rechtsanwaltskanzlei Anwalt Hamburg Berlin Bremen Hannover L\u00fcbeck\",\"description\":\"Wir leisten mehr als Recht bietet\",\"publisher\":{\"@id\":\"https:\\\/\\\/www.kanzlei-steinwachs.de\\\/tr\\\/#organization\"},\"potentialAction\":[{\"@type\":\"SearchAction\",\"target\":{\"@type\":\"EntryPoint\",\"urlTemplate\":\"https:\\\/\\\/www.kanzlei-steinwachs.de\\\/tr\\\/?s={search_term_string}\"},\"query-input\":{\"@type\":\"PropertyValueSpecification\",\"valueRequired\":true,\"valueName\":\"search_term_string\"}}],\"inLanguage\":\"tr\"},{\"@type\":[\"Organization\",\"Place\"],\"@id\":\"https:\\\/\\\/www.kanzlei-steinwachs.de\\\/tr\\\/#organization\",\"name\":\"Rechtsanwaltskanzlei Anwalt Hamburg Berlin Bremen Hannover L\u00fcbeck\",\"url\":\"https:\\\/\\\/www.kanzlei-steinwachs.de\\\/\",\"logo\":{\"@type\":\"ImageObject\",\"inLanguage\":\"tr\",\"@id\":\"https:\\\/\\\/www.kanzlei-steinwachs.de\\\/tr\\\/#\\\/schema\\\/logo\\\/image\\\/\",\"url\":\"https:\\\/\\\/i0.wp.com\\\/www.kanzlei-steinwachs.de\\\/wp-content\\\/uploads\\\/2023\\\/12\\\/logo.webp?fit=174%2C76&quality=80&ssl=1\",\"contentUrl\":\"https:\\\/\\\/i0.wp.com\\\/www.kanzlei-steinwachs.de\\\/wp-content\\\/uploads\\\/2023\\\/12\\\/logo.webp?fit=174%2C76&quality=80&ssl=1\",\"width\":174,\"height\":76,\"caption\":\"Rechtsanwaltskanzlei Anwalt Hamburg Berlin Bremen Hannover L\u00fcbeck\"},\"image\":{\"@id\":\"https:\\\/\\\/www.kanzlei-steinwachs.de\\\/tr\\\/#\\\/schema\\\/logo\\\/image\\\/\"},\"sameAs\":[\"https:\\\/\\\/www.facebook.com\\\/STEINWACHSRechtsanwaltskanzlei\\\/\",\"https:\\\/\\\/x.com\\\/rasteinwachs\",\"https:\\\/\\\/www.instagram.com\\\/steinwachs_rechtsanwaelte\\\/\",\"https:\\\/\\\/www.linkedin.com\\\/in\\\/stephan-steinwachs-7a270197\\\/\",\"https:\\\/\\\/www.youtube.com\\\/channel\\\/UCffmodDlQx81remXm395RWA\"],\"telephone\":[]}]}<\/script>\n<!-- \/ Yoast SEO Premium plugin. -->","yoast_head_json":{"title":"Rechtsanwaltskanzlei in Hamburg Berlin Bremen Hannover L\u00fcbeck","description":"Rechtsanwaltskanzlei f\u00fcr Arbeitsrecht, Arzthaftung, Mietrecht, Gewerbemietrecht ,Gastronomierecht, Immobilienrecht, Schadensersatz Yachtrecht","robots":{"index":"index","follow":"follow","max-snippet":"max-snippet:-1","max-image-preview":"max-image-preview:large","max-video-preview":"max-video-preview:-1"},"canonical":"https:\/\/www.kanzlei-steinwachs.de\/tr\/hamburgdaki-tueccarlara-esit-muamele\/","og_locale":"tr_TR","og_type":"article","og_title":"Rechtsanwaltskanzlei in Hamburg Berlin Bremen Hannover L\u00fcbeck","og_description":"Rechtsanwaltskanzlei f\u00fcr Arbeitsrecht, Arzthaftung, Mietrecht, Gewerbemietrecht ,Gastronomierecht, Immobilienrecht, Schadensersatz Yachtrecht","og_url":"https:\/\/www.kanzlei-steinwachs.de\/tr\/hamburgdaki-tueccarlara-esit-muamele\/","og_site_name":"Rechtsanwaltskanzlei Anwalt Hamburg Berlin Bremen Hannover L\u00fcbeck","article_publisher":"https:\/\/www.facebook.com\/STEINWACHSRechtsanwaltskanzlei\/","article_modified_time":"2023-12-04T11:24:56+00:00","twitter_card":"summary_large_image","twitter_site":"@rasteinwachs","twitter_misc":{"Tahmini okuma s\u00fcresi":"2 dakika"},"schema":{"@context":"https:\/\/schema.org","@graph":[{"@type":"WebPage","@id":"https:\/\/www.kanzlei-steinwachs.de\/tr\/hamburgdaki-tueccarlara-esit-muamele\/","url":"https:\/\/www.kanzlei-steinwachs.de\/tr\/hamburgdaki-tueccarlara-esit-muamele\/","name":"Rechtsanwaltskanzlei in Hamburg Berlin Bremen Hannover L\u00fcbeck","isPartOf":{"@id":"https:\/\/www.kanzlei-steinwachs.de\/tr\/#website"},"datePublished":"2023-11-21T04:11:32+00:00","dateModified":"2023-12-04T11:24:56+00:00","description":"Rechtsanwaltskanzlei f\u00fcr Arbeitsrecht, Arzthaftung, Mietrecht, Gewerbemietrecht ,Gastronomierecht, Immobilienrecht, Schadensersatz Yachtrecht","inLanguage":"tr","potentialAction":[{"@type":"ReadAction","target":["https:\/\/www.kanzlei-steinwachs.de\/tr\/hamburgdaki-tueccarlara-esit-muamele\/"]}]},{"@type":"WebSite","@id":"https:\/\/www.kanzlei-steinwachs.de\/tr\/#website","url":"https:\/\/www.kanzlei-steinwachs.de\/tr\/","name":"Rechtsanwaltskanzlei Anwalt Hamburg Berlin Bremen Hannover L\u00fcbeck","description":"Wir leisten mehr als Recht bietet","publisher":{"@id":"https:\/\/www.kanzlei-steinwachs.de\/tr\/#organization"},"potentialAction":[{"@type":"SearchAction","target":{"@type":"EntryPoint","urlTemplate":"https:\/\/www.kanzlei-steinwachs.de\/tr\/?s={search_term_string}"},"query-input":{"@type":"PropertyValueSpecification","valueRequired":true,"valueName":"search_term_string"}}],"inLanguage":"tr"},{"@type":["Organization","Place"],"@id":"https:\/\/www.kanzlei-steinwachs.de\/tr\/#organization","name":"Rechtsanwaltskanzlei Anwalt Hamburg Berlin Bremen Hannover L\u00fcbeck","url":"https:\/\/www.kanzlei-steinwachs.de\/","logo":{"@type":"ImageObject","inLanguage":"tr","@id":"https:\/\/www.kanzlei-steinwachs.de\/tr\/#\/schema\/logo\/image\/","url":"https:\/\/i0.wp.com\/www.kanzlei-steinwachs.de\/wp-content\/uploads\/2023\/12\/logo.webp?fit=174%2C76&quality=80&ssl=1","contentUrl":"https:\/\/i0.wp.com\/www.kanzlei-steinwachs.de\/wp-content\/uploads\/2023\/12\/logo.webp?fit=174%2C76&quality=80&ssl=1","width":174,"height":76,"caption":"Rechtsanwaltskanzlei Anwalt Hamburg Berlin Bremen Hannover L\u00fcbeck"},"image":{"@id":"https:\/\/www.kanzlei-steinwachs.de\/tr\/#\/schema\/logo\/image\/"},"sameAs":["https:\/\/www.facebook.com\/STEINWACHSRechtsanwaltskanzlei\/","https:\/\/x.com\/rasteinwachs","https:\/\/www.instagram.com\/steinwachs_rechtsanwaelte\/","https:\/\/www.linkedin.com\/in\/stephan-steinwachs-7a270197\/","https:\/\/www.youtube.com\/channel\/UCffmodDlQx81remXm395RWA"],"telephone":[]}]}},"jetpack_sharing_enabled":true,"_links":{"self":[{"href":"https:\/\/www.kanzlei-steinwachs.de\/tr\/wp-json\/wp\/v2\/pages\/14722","targetHints":{"allow":["GET"]}}],"collection":[{"href":"https:\/\/www.kanzlei-steinwachs.de\/tr\/wp-json\/wp\/v2\/pages"}],"about":[{"href":"https:\/\/www.kanzlei-steinwachs.de\/tr\/wp-json\/wp\/v2\/types\/page"}],"author":[{"embeddable":true,"href":"https:\/\/www.kanzlei-steinwachs.de\/tr\/wp-json\/wp\/v2\/users\/1"}],"replies":[{"embeddable":true,"href":"https:\/\/www.kanzlei-steinwachs.de\/tr\/wp-json\/wp\/v2\/comments?post=14722"}],"version-history":[{"count":0,"href":"https:\/\/www.kanzlei-steinwachs.de\/tr\/wp-json\/wp\/v2\/pages\/14722\/revisions"}],"wp:attachment":[{"href":"https:\/\/www.kanzlei-steinwachs.de\/tr\/wp-json\/wp\/v2\/media?parent=14722"}],"curies":[{"name":"wp","href":"https:\/\/api.w.org\/{rel}","templated":true}]}}