{"id":14635,"date":"2023-11-20T14:12:49","date_gmt":"2023-11-20T13:12:49","guid":{"rendered":"https:\/\/www.kanzlei-steinwachs.de\/ticari-kiracilik-kanunu\/ticari-kira-soezlesmesi\/"},"modified":"2023-12-04T11:32:26","modified_gmt":"2023-12-04T10:32:26","slug":"ticari-kira-soezlesmesi","status":"publish","type":"page","link":"https:\/\/www.kanzlei-steinwachs.de\/tr\/ticari-kiracilik-kanunu\/ticari-kira-soezlesmesi\/","title":{"rendered":"Ticari kira s\u00f6zle\u015fmesi"},"content":{"rendered":"<div class=\"wpb-content-wrapper\"><p>[vc_row content_width=&#8221;grid&#8221; content_aligment=&#8221;center&#8221; triangle_shape=&#8221;no&#8221; css=&#8221;.vc_custom_1696926719838{padding-bottom: 10px !important;background-position: center !important;background-repeat: no-repeat !important;background-size: cover !important;}&#8221;][vc_column]<div class=\"mkd-separator-holder clearfix  mkd-separator-center mkd-separator-with-icon mkd-animate\" style=\"margin-top: 20px; margin-bottom: 30px\">\n\t<div class=\"mkd-separator\" style=\"border-color: #c18f59;border-style: solid;width: 97.5px\"><\/div>\n\t\t<div class=\"mkd-separator-icon\">\n\t\t\t                    \t\t\t\t\t\t<\/div>\n\t<div class=\"mkd-separator\" style=\"border-color: #c18f59;border-style: solid;width: 97.5px\"><\/div>\n<\/div>\n[\/vc_column][\/vc_row][vc_row triangle_shape=&#8221;no&#8221; css=&#8221;.vc_custom_1700486319478{padding-bottom: 20px !important;}&#8221;][vc_column][vc_column_text css=&#8221;.vc_custom_1700486328943{margin-bottom: 0px !important;padding-top: 20px !important;padding-bottom: 1px !important;}&#8221;]Ticari kiralama, ev sahibi ile kirac\u0131 aras\u0131ndaki ba\u015far\u0131l\u0131 ticari i\u015fbirli\u011finin temelini temsil eder. Bu makale, ticari kiralaman\u0131n en \u00f6nemli y\u00f6nlerine kapsaml\u0131 bir genel bak\u0131\u015f sunar ve her iki taraf i\u00e7in de yararl\u0131 ipu\u00e7lar\u0131 sa\u011flar. <\/p>\n<div id=\"gtx-trans\" style=\"position: absolute; left: 78px; top: 113px;\">\n<div class=\"gtx-trans-icon\"><\/div>\n<\/div>\n<p>[\/vc_column_text][\/vc_column][\/vc_row][vc_row triangle_shape=&#8221;no&#8221; css=&#8221;.vc_custom_1700486319478{padding-bottom: 20px !important;}&#8221;][vc_column]\n<h2 class=\"mkd-custom-font-holder\" style=\"font-size: 20px;line-height: 30px;font-weight: 700\" data-font-size= 20 data-line-height= 30>\n\t1. Einleitung<\/h2>[vc_column_text css=&#8221;.vc_custom_1700486369175{margin-bottom: 0px !important;padding-top: 20px !important;padding-bottom: 1px !important;}&#8221;]Ticari bir kira s\u00f6zle\u015fmesi, ister ofisler, ma\u011fazalar veya \u00fcretim tesisleri olsun, ticari binalar\u0131n kiralanmas\u0131n\u0131 d\u00fczenler. Gelecekte olas\u0131 anla\u015fmazl\u0131klar\u0131 \u00f6nlemek i\u00e7in, hem ev sahiplerinin hem de kirac\u0131lar\u0131n t\u00fcm s\u00f6zle\u015fme anla\u015fmalar\u0131n\u0131 a\u00e7\u0131k ve net bir \u015fekilde kaydetmeleri \u00e7ok \u00f6nemlidir.[\/vc_column_text][\/vc_column][\/vc_row][vc_row triangle_shape=&#8221;no&#8221; css=&#8221;.vc_custom_1700486319478{padding-bottom: 20px !important;}&#8221;][vc_column]\n<h2 class=\"mkd-custom-font-holder\" style=\"font-size: 20px;line-height: 30px;font-weight: 700\" data-font-size= 20 data-line-height= 30>\n\t2. Wesentliche Bestandteile<\/h2>[vc_column_text css=&#8221;.vc_custom_1700486405311{margin-bottom: 0px !important;padding-top: 20px !important;padding-bottom: 1px !important;}&#8221;]Ticari kira s\u00f6zle\u015fmesi a\u015fa\u011f\u0131daki temel bilgileri i\u00e7ermelidir:[\/vc_column_text]<div class=\"mkd-unordered-list \" ><ul>\n<li><strong>Mietgegenstand:<\/strong>\u00a0Beschreibung der gemieteten R\u00e4umlichkeiten inklusive Gr\u00f6\u00dfe, Lage und eventueller Sonderausstattungen.<\/li>\n<li><strong>Mietdauer:<\/strong>\u00a0Festlegung der Vertragslaufzeit sowie M\u00f6glichkeiten zur Verl\u00e4ngerung oder K\u00fcndigung.<\/li>\n<li><strong>Mietzins:<\/strong>\u00a0Festsetzung der monatlichen Miete sowie Regelungen zu Nebenkosten, Instandhaltungskosten und eventuellen Mieterh\u00f6hungen.<\/li>\n<li><strong>Nutzungszweck:<\/strong>\u00a0Klare Definition, wie die R\u00e4umlichkeiten genutzt werden d\u00fcrfen. Hierbei ist es wichtig, m\u00f6gliche Einschr\u00e4nkungen oder Vorgaben festzuhalten.<\/li>\n<li><strong>Instandhaltung und Reparaturen:<\/strong>\u00a0Aufteilung der Verantwortlichkeiten f\u00fcr Instandhaltung, Reparaturen und Renovierungen zwischen Vermieter und Mieter.<\/li>\n<li><strong>Kaution:<\/strong>\u00a0Festlegung der H\u00f6he der Kaution sowie Regelungen zur R\u00fcckzahlung am Ende des Mietverh\u00e4ltnisses.<\/li>\n<li id=\"gtx-trans\" style=\"position: absolute; left: 8px; top: -10px;\">\n<div class=\"gtx-trans-icon\"><\/div>\n<\/li>\n<\/ul>\n<\/div>[\/vc_column][\/vc_row][vc_row triangle_shape=&#8221;no&#8221; css=&#8221;.vc_custom_1700486319478{padding-bottom: 20px !important;}&#8221;][vc_column]\n<h2 class=\"mkd-custom-font-holder\" style=\"font-size: 20px;line-height: 30px;font-weight: 700\" data-font-size= 20 data-line-height= 30>\n\t3. Verhandlung und Anpassung<\/h2>[vc_column_text css=&#8221;.vc_custom_1700486432632{margin-bottom: 0px !important;padding-top: 20px !important;padding-bottom: 1px !important;}&#8221;]Ev sahipleri ve kirac\u0131lar kira s\u00f6zle\u015fmesini birlikte m\u00fczakere etmeli ve bireysel ihtiya\u00e7lar\u0131 dikkate almal\u0131d\u0131r. Yanl\u0131\u015f anla\u015f\u0131lmalar\u0131 \u00f6nlemek i\u00e7in a\u00e7\u0131k ileti\u015fim \u00f6nemlidir. Her iki taraf\u0131n da de\u011fi\u015fiklik \u00f6nerme ve gerekirse kazan-kazan durumu yaratmak i\u00e7in m\u00fczakere etme hakk\u0131 vard\u0131r.  <\/p>\n<div id=\"gtx-trans\" style=\"position: absolute; left: 111px; top: 38px;\">\n<div class=\"gtx-trans-icon\"><\/div>\n<\/div>\n<p>[\/vc_column_text][\/vc_column][\/vc_row][vc_row triangle_shape=&#8221;no&#8221; css=&#8221;.vc_custom_1700486319478{padding-bottom: 20px !important;}&#8221;][vc_column]\n<h2 class=\"mkd-custom-font-holder\" style=\"font-size: 20px;line-height: 30px;font-weight: 700\" data-font-size= 20 data-line-height= 30>\n\t4. Rechtliche Aspekte<\/h2>[vc_column_text css=&#8221;.vc_custom_1700486453512{margin-bottom: 0px !important;padding-top: 20px !important;padding-bottom: 1px !important;}&#8221;]<\/p>\n<div class=\"art-content\">\n<div class=\"art-Post\">\n<div class=\"art-Post-body\">\n<div class=\"art-Post-inner art-article\">\n<div class=\"art-PostContent\">\n<p>Kira s\u00f6zle\u015fmesinin yasal olarak sa\u011flam oldu\u011fundan ve gerekli t\u00fcm maddeleri i\u00e7erdi\u011finden emin olmak i\u00e7in bir avukata veya profesyonel bir uzmana dan\u0131\u015fman\u0131z tavsiye edilir. Bu, daha sonra olu\u015fabilecek hukuki anla\u015fmazl\u0131klar\u0131n \u00f6nlenmesine yard\u0131mc\u0131 olacakt\u0131r. <\/p>\n<\/div>\n<div class=\"cleared\"><\/div>\n<\/div>\n<\/div>\n<\/div>\n<\/div>\n<div class=\"art-sidebar2\">\n<div id=\"custom_html-12\" class=\"widget_text widget widget_custom_html\">\n<div class=\"art-Block\"><\/div>\n<\/div>\n<\/div>\n<div id=\"gtx-trans\" style=\"position: absolute; left: 133px; top: 38px;\">\n<div class=\"gtx-trans-icon\"><\/div>\n<\/div>\n<p>[\/vc_column_text][\/vc_column][\/vc_row]<\/p>\n<\/div>","protected":false},"excerpt":{"rendered":"<p>[vc_row content_width=&#8221;grid&#8221; content_aligment=&#8221;center&#8221; triangle_shape=&#8221;no&#8221; css=&#8221;.vc_custom_1696926719838{padding-bottom: 10px !important;background-position: center !important;background-repeat: no-repeat !important;background-size: cover !important;}&#8221;][vc_column][\/vc_column][\/vc_row][vc_row triangle_shape=&#8221;no&#8221; css=&#8221;.vc_custom_1700486319478{padding-bottom: 20px !important;}&#8221;][vc_column][vc_column_text css=&#8221;.vc_custom_1700486328943{margin-bottom: 0px !important;padding-top: 20px !important;padding-bottom: 1px !important;}&#8221;]Ticari kiralama, ev sahibi ile kirac\u0131 aras\u0131ndaki ba\u015far\u0131l\u0131 ticari i\u015fbirli\u011finin temelini temsil eder. Bu makale, ticari kiralaman\u0131n en \u00f6nemli y\u00f6nlerine kapsaml\u0131 bir genel bak\u0131\u015f sunar ve her iki taraf i\u00e7in de yararl\u0131 ipu\u00e7lar\u0131 sa\u011flar. [\/vc_column_text][\/vc_column][\/vc_row][vc_row triangle_shape=&#8221;no&#8221; css=&#8221;.vc_custom_1700486319478{padding-bottom: 20px !important;}&#8221;][vc_column][vc_column_text css=&#8221;.vc_custom_1700486369175{margin-bottom: 0px !important;padding-top: 20px !important;padding-bottom: 1px !important;}&#8221;]Ticari bir kira s\u00f6zle\u015fmesi, ister ofisler, ma\u011fazalar veya \u00fcretim tesisleri olsun, ticari binalar\u0131n kiralanmas\u0131n\u0131 d\u00fczenler. Gelecekte olas\u0131 anla\u015fmazl\u0131klar\u0131 \u00f6nlemek i\u00e7in, hem ev sahiplerinin hem de kirac\u0131lar\u0131n t\u00fcm s\u00f6zle\u015fme anla\u015fmalar\u0131n\u0131 a\u00e7\u0131k ve net&#8230;<\/p>\n","protected":false},"author":1,"featured_media":15787,"parent":9816,"menu_order":0,"comment_status":"closed","ping_status":"closed","template":"","meta":{"footnotes":""},"class_list":["post-14635","page","type-page","status-publish","has-post-thumbnail","hentry"],"yoast_head":"<!-- This site is optimized with the Yoast SEO Premium plugin v27.2 (Yoast SEO v27.3) - https:\/\/yoast.com\/product\/yoast-seo-premium-wordpress\/ -->\n<title>Rechtsanwaltskanzlei in Hamburg Berlin Bremen Hannover L\u00fcbeck<\/title>\n<meta name=\"description\" content=\"Rechtsanwaltskanzlei f\u00fcr Arbeitsrecht, Arzthaftung, Mietrecht, Gewerbemietrecht ,Gastronomierecht, Immobilienrecht, Schadensersatz Yachtrecht\" \/>\n<meta name=\"robots\" content=\"index, follow, max-snippet:-1, max-image-preview:large, max-video-preview:-1\" \/>\n<link rel=\"canonical\" href=\"https:\/\/www.kanzlei-steinwachs.de\/tr\/ticari-kiracilik-kanunu\/ticari-kira-soezlesmesi\/\" \/>\n<meta property=\"og:locale\" content=\"tr_TR\" \/>\n<meta property=\"og:type\" content=\"article\" \/>\n<meta property=\"og:title\" content=\"Rechtsanwaltskanzlei in Hamburg Berlin Bremen Hannover L\u00fcbeck\" \/>\n<meta property=\"og:description\" content=\"Rechtsanwaltskanzlei f\u00fcr Arbeitsrecht, Arzthaftung, Mietrecht, Gewerbemietrecht ,Gastronomierecht, Immobilienrecht, Schadensersatz Yachtrecht\" \/>\n<meta property=\"og:url\" content=\"https:\/\/www.kanzlei-steinwachs.de\/tr\/ticari-kiracilik-kanunu\/ticari-kira-soezlesmesi\/\" \/>\n<meta property=\"og:site_name\" content=\"Rechtsanwaltskanzlei Anwalt Hamburg Berlin Bremen Hannover L\u00fcbeck\" \/>\n<meta property=\"article:publisher\" content=\"https:\/\/www.facebook.com\/STEINWACHSRechtsanwaltskanzlei\/\" \/>\n<meta property=\"article:modified_time\" content=\"2023-12-04T10:32:26+00:00\" \/>\n<meta name=\"twitter:card\" content=\"summary_large_image\" \/>\n<meta name=\"twitter:site\" content=\"@rasteinwachs\" \/>\n<meta name=\"twitter:label1\" content=\"Tahmini okuma s\u00fcresi\" \/>\n\t<meta name=\"twitter:data1\" content=\"3 dakika\" \/>\n<script type=\"application\/ld+json\" class=\"yoast-schema-graph\">{\"@context\":\"https:\\\/\\\/schema.org\",\"@graph\":[{\"@type\":\"WebPage\",\"@id\":\"https:\\\/\\\/www.kanzlei-steinwachs.de\\\/tr\\\/ticari-kiracilik-kanunu\\\/ticari-kira-soezlesmesi\\\/\",\"url\":\"https:\\\/\\\/www.kanzlei-steinwachs.de\\\/tr\\\/ticari-kiracilik-kanunu\\\/ticari-kira-soezlesmesi\\\/\",\"name\":\"Rechtsanwaltskanzlei in Hamburg Berlin Bremen Hannover L\u00fcbeck\",\"isPartOf\":{\"@id\":\"https:\\\/\\\/www.kanzlei-steinwachs.de\\\/tr\\\/#website\"},\"primaryImageOfPage\":{\"@id\":\"https:\\\/\\\/www.kanzlei-steinwachs.de\\\/tr\\\/ticari-kiracilik-kanunu\\\/ticari-kira-soezlesmesi\\\/#primaryimage\"},\"image\":{\"@id\":\"https:\\\/\\\/www.kanzlei-steinwachs.de\\\/tr\\\/ticari-kiracilik-kanunu\\\/ticari-kira-soezlesmesi\\\/#primaryimage\"},\"thumbnailUrl\":\"https:\\\/\\\/i0.wp.com\\\/www.kanzlei-steinwachs.de\\\/wp-content\\\/uploads\\\/2023\\\/12\\\/logo.webp?fit=174%2C76&quality=20&ssl=1\",\"datePublished\":\"2023-11-20T13:12:49+00:00\",\"dateModified\":\"2023-12-04T10:32:26+00:00\",\"description\":\"Rechtsanwaltskanzlei f\u00fcr Arbeitsrecht, Arzthaftung, Mietrecht, Gewerbemietrecht ,Gastronomierecht, Immobilienrecht, Schadensersatz Yachtrecht\",\"breadcrumb\":{\"@id\":\"https:\\\/\\\/www.kanzlei-steinwachs.de\\\/tr\\\/ticari-kiracilik-kanunu\\\/ticari-kira-soezlesmesi\\\/#breadcrumb\"},\"inLanguage\":\"tr\",\"potentialAction\":[{\"@type\":\"ReadAction\",\"target\":[\"https:\\\/\\\/www.kanzlei-steinwachs.de\\\/tr\\\/ticari-kiracilik-kanunu\\\/ticari-kira-soezlesmesi\\\/\"]}]},{\"@type\":\"ImageObject\",\"inLanguage\":\"tr\",\"@id\":\"https:\\\/\\\/www.kanzlei-steinwachs.de\\\/tr\\\/ticari-kiracilik-kanunu\\\/ticari-kira-soezlesmesi\\\/#primaryimage\",\"url\":\"https:\\\/\\\/i0.wp.com\\\/www.kanzlei-steinwachs.de\\\/wp-content\\\/uploads\\\/2023\\\/12\\\/logo.webp?fit=174%2C76&quality=20&ssl=1\",\"contentUrl\":\"https:\\\/\\\/i0.wp.com\\\/www.kanzlei-steinwachs.de\\\/wp-content\\\/uploads\\\/2023\\\/12\\\/logo.webp?fit=174%2C76&quality=20&ssl=1\",\"width\":174,\"height\":76,\"caption\":\"Kanzlei Steinwachs\"},{\"@type\":\"BreadcrumbList\",\"@id\":\"https:\\\/\\\/www.kanzlei-steinwachs.de\\\/tr\\\/ticari-kiracilik-kanunu\\\/ticari-kira-soezlesmesi\\\/#breadcrumb\",\"itemListElement\":[{\"@type\":\"ListItem\",\"position\":1,\"name\":\"Ticari kirac\u0131l\u0131k kanunu\",\"item\":\"https:\\\/\\\/www.kanzlei-steinwachs.de\\\/tr\\\/ticari-kiracilik-kanunu\\\/\"},{\"@type\":\"ListItem\",\"position\":2,\"name\":\"Ticari kira s\u00f6zle\u015fmesi\"}]},{\"@type\":\"WebSite\",\"@id\":\"https:\\\/\\\/www.kanzlei-steinwachs.de\\\/tr\\\/#website\",\"url\":\"https:\\\/\\\/www.kanzlei-steinwachs.de\\\/tr\\\/\",\"name\":\"Rechtsanwaltskanzlei Anwalt Hamburg Berlin Bremen Hannover L\u00fcbeck\",\"description\":\"Wir leisten mehr als Recht bietet\",\"publisher\":{\"@id\":\"https:\\\/\\\/www.kanzlei-steinwachs.de\\\/tr\\\/#organization\"},\"potentialAction\":[{\"@type\":\"SearchAction\",\"target\":{\"@type\":\"EntryPoint\",\"urlTemplate\":\"https:\\\/\\\/www.kanzlei-steinwachs.de\\\/tr\\\/?s={search_term_string}\"},\"query-input\":{\"@type\":\"PropertyValueSpecification\",\"valueRequired\":true,\"valueName\":\"search_term_string\"}}],\"inLanguage\":\"tr\"},{\"@type\":[\"Organization\",\"Place\"],\"@id\":\"https:\\\/\\\/www.kanzlei-steinwachs.de\\\/tr\\\/#organization\",\"name\":\"Rechtsanwaltskanzlei Anwalt Hamburg Berlin Bremen Hannover L\u00fcbeck\",\"url\":\"https:\\\/\\\/www.kanzlei-steinwachs.de\\\/\",\"logo\":{\"@type\":\"ImageObject\",\"inLanguage\":\"tr\",\"@id\":\"https:\\\/\\\/www.kanzlei-steinwachs.de\\\/tr\\\/#\\\/schema\\\/logo\\\/image\\\/\",\"url\":\"https:\\\/\\\/i0.wp.com\\\/www.kanzlei-steinwachs.de\\\/wp-content\\\/uploads\\\/2023\\\/12\\\/logo.webp?fit=174%2C76&quality=80&ssl=1\",\"contentUrl\":\"https:\\\/\\\/i0.wp.com\\\/www.kanzlei-steinwachs.de\\\/wp-content\\\/uploads\\\/2023\\\/12\\\/logo.webp?fit=174%2C76&quality=80&ssl=1\",\"width\":174,\"height\":76,\"caption\":\"Rechtsanwaltskanzlei Anwalt Hamburg Berlin Bremen Hannover L\u00fcbeck\"},\"image\":{\"@id\":\"https:\\\/\\\/www.kanzlei-steinwachs.de\\\/tr\\\/#\\\/schema\\\/logo\\\/image\\\/\"},\"sameAs\":[\"https:\\\/\\\/www.facebook.com\\\/STEINWACHSRechtsanwaltskanzlei\\\/\",\"https:\\\/\\\/x.com\\\/rasteinwachs\",\"https:\\\/\\\/www.instagram.com\\\/steinwachs_rechtsanwaelte\\\/\",\"https:\\\/\\\/www.linkedin.com\\\/in\\\/stephan-steinwachs-7a270197\\\/\",\"https:\\\/\\\/www.youtube.com\\\/channel\\\/UCffmodDlQx81remXm395RWA\"],\"telephone\":[]}]}<\/script>\n<!-- \/ Yoast SEO Premium plugin. -->","yoast_head_json":{"title":"Rechtsanwaltskanzlei in Hamburg Berlin Bremen Hannover L\u00fcbeck","description":"Rechtsanwaltskanzlei f\u00fcr Arbeitsrecht, Arzthaftung, Mietrecht, Gewerbemietrecht ,Gastronomierecht, Immobilienrecht, Schadensersatz Yachtrecht","robots":{"index":"index","follow":"follow","max-snippet":"max-snippet:-1","max-image-preview":"max-image-preview:large","max-video-preview":"max-video-preview:-1"},"canonical":"https:\/\/www.kanzlei-steinwachs.de\/tr\/ticari-kiracilik-kanunu\/ticari-kira-soezlesmesi\/","og_locale":"tr_TR","og_type":"article","og_title":"Rechtsanwaltskanzlei in Hamburg Berlin Bremen Hannover L\u00fcbeck","og_description":"Rechtsanwaltskanzlei f\u00fcr Arbeitsrecht, Arzthaftung, Mietrecht, Gewerbemietrecht ,Gastronomierecht, Immobilienrecht, Schadensersatz Yachtrecht","og_url":"https:\/\/www.kanzlei-steinwachs.de\/tr\/ticari-kiracilik-kanunu\/ticari-kira-soezlesmesi\/","og_site_name":"Rechtsanwaltskanzlei Anwalt Hamburg Berlin Bremen Hannover L\u00fcbeck","article_publisher":"https:\/\/www.facebook.com\/STEINWACHSRechtsanwaltskanzlei\/","article_modified_time":"2023-12-04T10:32:26+00:00","twitter_card":"summary_large_image","twitter_site":"@rasteinwachs","twitter_misc":{"Tahmini okuma s\u00fcresi":"3 dakika"},"schema":{"@context":"https:\/\/schema.org","@graph":[{"@type":"WebPage","@id":"https:\/\/www.kanzlei-steinwachs.de\/tr\/ticari-kiracilik-kanunu\/ticari-kira-soezlesmesi\/","url":"https:\/\/www.kanzlei-steinwachs.de\/tr\/ticari-kiracilik-kanunu\/ticari-kira-soezlesmesi\/","name":"Rechtsanwaltskanzlei in Hamburg Berlin Bremen Hannover L\u00fcbeck","isPartOf":{"@id":"https:\/\/www.kanzlei-steinwachs.de\/tr\/#website"},"primaryImageOfPage":{"@id":"https:\/\/www.kanzlei-steinwachs.de\/tr\/ticari-kiracilik-kanunu\/ticari-kira-soezlesmesi\/#primaryimage"},"image":{"@id":"https:\/\/www.kanzlei-steinwachs.de\/tr\/ticari-kiracilik-kanunu\/ticari-kira-soezlesmesi\/#primaryimage"},"thumbnailUrl":"https:\/\/i0.wp.com\/www.kanzlei-steinwachs.de\/wp-content\/uploads\/2023\/12\/logo.webp?fit=174%2C76&quality=20&ssl=1","datePublished":"2023-11-20T13:12:49+00:00","dateModified":"2023-12-04T10:32:26+00:00","description":"Rechtsanwaltskanzlei f\u00fcr Arbeitsrecht, Arzthaftung, Mietrecht, Gewerbemietrecht ,Gastronomierecht, Immobilienrecht, Schadensersatz Yachtrecht","breadcrumb":{"@id":"https:\/\/www.kanzlei-steinwachs.de\/tr\/ticari-kiracilik-kanunu\/ticari-kira-soezlesmesi\/#breadcrumb"},"inLanguage":"tr","potentialAction":[{"@type":"ReadAction","target":["https:\/\/www.kanzlei-steinwachs.de\/tr\/ticari-kiracilik-kanunu\/ticari-kira-soezlesmesi\/"]}]},{"@type":"ImageObject","inLanguage":"tr","@id":"https:\/\/www.kanzlei-steinwachs.de\/tr\/ticari-kiracilik-kanunu\/ticari-kira-soezlesmesi\/#primaryimage","url":"https:\/\/i0.wp.com\/www.kanzlei-steinwachs.de\/wp-content\/uploads\/2023\/12\/logo.webp?fit=174%2C76&quality=20&ssl=1","contentUrl":"https:\/\/i0.wp.com\/www.kanzlei-steinwachs.de\/wp-content\/uploads\/2023\/12\/logo.webp?fit=174%2C76&quality=20&ssl=1","width":174,"height":76,"caption":"Kanzlei Steinwachs"},{"@type":"BreadcrumbList","@id":"https:\/\/www.kanzlei-steinwachs.de\/tr\/ticari-kiracilik-kanunu\/ticari-kira-soezlesmesi\/#breadcrumb","itemListElement":[{"@type":"ListItem","position":1,"name":"Ticari kirac\u0131l\u0131k kanunu","item":"https:\/\/www.kanzlei-steinwachs.de\/tr\/ticari-kiracilik-kanunu\/"},{"@type":"ListItem","position":2,"name":"Ticari kira s\u00f6zle\u015fmesi"}]},{"@type":"WebSite","@id":"https:\/\/www.kanzlei-steinwachs.de\/tr\/#website","url":"https:\/\/www.kanzlei-steinwachs.de\/tr\/","name":"Rechtsanwaltskanzlei Anwalt Hamburg Berlin Bremen Hannover L\u00fcbeck","description":"Wir leisten mehr als Recht bietet","publisher":{"@id":"https:\/\/www.kanzlei-steinwachs.de\/tr\/#organization"},"potentialAction":[{"@type":"SearchAction","target":{"@type":"EntryPoint","urlTemplate":"https:\/\/www.kanzlei-steinwachs.de\/tr\/?s={search_term_string}"},"query-input":{"@type":"PropertyValueSpecification","valueRequired":true,"valueName":"search_term_string"}}],"inLanguage":"tr"},{"@type":["Organization","Place"],"@id":"https:\/\/www.kanzlei-steinwachs.de\/tr\/#organization","name":"Rechtsanwaltskanzlei Anwalt Hamburg Berlin Bremen Hannover L\u00fcbeck","url":"https:\/\/www.kanzlei-steinwachs.de\/","logo":{"@type":"ImageObject","inLanguage":"tr","@id":"https:\/\/www.kanzlei-steinwachs.de\/tr\/#\/schema\/logo\/image\/","url":"https:\/\/i0.wp.com\/www.kanzlei-steinwachs.de\/wp-content\/uploads\/2023\/12\/logo.webp?fit=174%2C76&quality=80&ssl=1","contentUrl":"https:\/\/i0.wp.com\/www.kanzlei-steinwachs.de\/wp-content\/uploads\/2023\/12\/logo.webp?fit=174%2C76&quality=80&ssl=1","width":174,"height":76,"caption":"Rechtsanwaltskanzlei Anwalt Hamburg Berlin Bremen Hannover L\u00fcbeck"},"image":{"@id":"https:\/\/www.kanzlei-steinwachs.de\/tr\/#\/schema\/logo\/image\/"},"sameAs":["https:\/\/www.facebook.com\/STEINWACHSRechtsanwaltskanzlei\/","https:\/\/x.com\/rasteinwachs","https:\/\/www.instagram.com\/steinwachs_rechtsanwaelte\/","https:\/\/www.linkedin.com\/in\/stephan-steinwachs-7a270197\/","https:\/\/www.youtube.com\/channel\/UCffmodDlQx81remXm395RWA"],"telephone":[]}]}},"jetpack_sharing_enabled":true,"_links":{"self":[{"href":"https:\/\/www.kanzlei-steinwachs.de\/tr\/wp-json\/wp\/v2\/pages\/14635","targetHints":{"allow":["GET"]}}],"collection":[{"href":"https:\/\/www.kanzlei-steinwachs.de\/tr\/wp-json\/wp\/v2\/pages"}],"about":[{"href":"https:\/\/www.kanzlei-steinwachs.de\/tr\/wp-json\/wp\/v2\/types\/page"}],"author":[{"embeddable":true,"href":"https:\/\/www.kanzlei-steinwachs.de\/tr\/wp-json\/wp\/v2\/users\/1"}],"replies":[{"embeddable":true,"href":"https:\/\/www.kanzlei-steinwachs.de\/tr\/wp-json\/wp\/v2\/comments?post=14635"}],"version-history":[{"count":0,"href":"https:\/\/www.kanzlei-steinwachs.de\/tr\/wp-json\/wp\/v2\/pages\/14635\/revisions"}],"up":[{"embeddable":true,"href":"https:\/\/www.kanzlei-steinwachs.de\/tr\/wp-json\/wp\/v2\/pages\/9816"}],"wp:featuredmedia":[{"embeddable":true,"href":"https:\/\/www.kanzlei-steinwachs.de\/tr\/wp-json\/wp\/v2\/media\/15787"}],"wp:attachment":[{"href":"https:\/\/www.kanzlei-steinwachs.de\/tr\/wp-json\/wp\/v2\/media?parent=14635"}],"curies":[{"name":"wp","href":"https:\/\/api.w.org\/{rel}","templated":true}]}}