{"id":14560,"date":"2023-11-15T11:05:47","date_gmt":"2023-11-15T10:05:47","guid":{"rendered":"https:\/\/www.kanzlei-steinwachs.de\/mevzuat\/"},"modified":"2023-12-04T10:29:05","modified_gmt":"2023-12-04T09:29:05","slug":"mevzuat","status":"publish","type":"page","link":"https:\/\/www.kanzlei-steinwachs.de\/tr\/mevzuat\/","title":{"rendered":"mevzuat"},"content":{"rendered":"<div class=\"wpb-content-wrapper\"><p>[vc_row content_width=&#8221;grid&#8221; content_aligment=&#8221;center&#8221; triangle_shape=&#8221;no&#8221; css=&#8221;.vc_custom_1696926719838{padding-bottom: 10px !important;background-position: center !important;background-repeat: no-repeat !important;background-size: cover !important;}&#8221;][vc_column]<div class=\"mkd-separator-holder clearfix  mkd-separator-center mkd-separator-with-icon mkd-animate\" style=\"margin-top: 20px; margin-bottom: 30px\">\n\t<div class=\"mkd-separator\" style=\"border-color: #c18f59;border-style: solid;width: 97.5px\"><\/div>\n\t\t<div class=\"mkd-separator-icon\">\n\t\t\t                    \t\t\t\t\t\t<\/div>\n\t<div class=\"mkd-separator\" style=\"border-color: #c18f59;border-style: solid;width: 97.5px\"><\/div>\n<\/div>\n[\/vc_column][\/vc_row][vc_row triangle_shape=&#8221;no&#8221; css=&#8221;.vc_custom_1700480366669{padding-bottom: 20px !important;}&#8221;][vc_column][vc_column_text css=&#8221;.vc_custom_1700480292174{margin-bottom: 0px !important;padding-top: 20px !important;padding-bottom: 1px !important;}&#8221;]Federal Almanya Cumhuriyeti&#8217;nde yasama parlamentolar\u0131n g\u00f6revidir; Alman Federal Meclisi bu nedenle en \u00f6nemli yasama organ\u0131d\u0131r. Federal Konseyin kat\u0131l\u0131m\u0131yla, federal h\u00fck\u00fcmetin yetki alan\u0131na giren t\u00fcm yasalara karar verir. Federal Meclis ve parlamento gruplar\u0131n\u0131n \u00fcyeleri, t\u0131pk\u0131 Federal H\u00fck\u00fcmet ve Federal H\u00fck\u00fcmet gibi, yeni veya revize edilmi\u015f yasalar\u0131 taslak olarak Federal Meclis&#8217;e sunabilir. Yasa tasla\u011f\u0131na ili\u015fkin tart\u0131\u015fma, isti\u015fare ve oylama burada kesin olarak tan\u0131mlanm\u0131\u015f bir s\u00fcrece g\u00f6re ger\u00e7ekle\u015fir. Federal sistemdeki eyaletler, devlet iktidar\u0131nda \u00f6nemli bir paya sahip oldu\u011fundan Federal Konsey de yasama s\u00fcrecine dahil olmaktad\u0131r. T\u00fcm yasalar\u0131n oylanmas\u0131n\u0131 sa\u011fl\u0131yor ve yasan\u0131n t\u00fcr\u00fcne ba\u011fl\u0131 olarak bir yasa tasar\u0131s\u0131n\u0131n ba\u015far\u0131s\u0131z olmas\u0131na bile neden olabiliyor.[\/vc_column_text][vc_column_text css=&#8221;.vc_custom_1700480285055{padding-top: 10px !important;}&#8221;]Temel Kanunun 70. maddesine g\u00f6re, Anayasa ile m\u00fcnferit durumlarda federal h\u00fck\u00fcmete yasama yetkisi verilmedi\u011fi s\u00fcrece, yasama hakk\u0131 genel olarak eyaletlere aittir. Asl\u0131nda yasama yetkilerinin \u00e7o\u011funlu\u011fu federal h\u00fck\u00fcmete aittir. Mevzuat sorumluluklar\u0131n\u0131n da\u011f\u0131t\u0131m\u0131 konu alanlar\u0131na g\u00f6re yap\u0131lmaktad\u0131r. \u00c7o\u011fu konu alan\u0131 Madde 72 ve GG&#8217;de listelenmi\u015ftir; Ancak sorumluluk atamalar\u0131na Temel Kanun&#8217;un bir\u00e7ok ba\u015fka h\u00fckm\u00fcnde de rastlamak m\u00fcmk\u00fcnd\u00fcr. 28 A\u011fustos 2006 tarihli Temel Kanunda de\u011fi\u015fiklik yapan kanun (BGBl. I s. 2034) 1 Eyl\u00fcl 2006&#8217;da (\u201cfederalizm reformu\u201d) y\u00fcr\u00fcrl\u00fc\u011fe girene kadar, Temel Kanun, Temel Kanun&#8217;un 70 ila 75. maddelerinde farkl\u0131la\u015ft\u0131r\u0131lm\u0131\u015ft\u0131r. m\u00fcnhas\u0131r, rakip ve Federal \u00e7er\u00e7eve mevzuat\u0131. Federalizm reformu ile federal \u00e7er\u00e7eve mevzuat\u0131 kald\u0131r\u0131larak konusu yeniden belirlendi. Temel Kanun art\u0131k Temel Kanunun 70 ila 73. Maddelerinde m\u00fcnhas\u0131r ve rakip federal mevzuat aras\u0131nda ayr\u0131m yapmaktad\u0131r.[\/vc_column_text][\/vc_column][\/vc_row][vc_row triangle_shape=&#8221;no&#8221; css=&#8221;.vc_custom_1700480453302{padding-bottom: 20px !important;}&#8221;][vc_column]\n<h2 class=\"mkd-custom-font-holder\" style=\"font-size: 20px;line-height: 20px;font-weight: 700\" data-font-size= 20 data-line-height= 20>\n\tInitiativen von Bundesregierung oder Bundesrat<\/h2>[vc_column_text css=&#8221;.vc_custom_1700480326655{padding-top: 10px !important;}&#8221;]Federal h\u00fck\u00fcmet bir yasay\u0131 de\u011fi\u015ftirmek veya y\u00fcr\u00fcrl\u00fc\u011fe koymak isterse, \u015eans\u00f6lye ilk olarak yasa tasla\u011f\u0131n\u0131 Federal Meclis&#8217;e sunmal\u0131d\u0131r. Federal Konsey&#8217;in daha sonra h\u00fck\u00fcmetin yaz\u0131l\u0131 olarak yan\u0131t verebilece\u011fi bir bildiri yay\u0131nlamak i\u00e7in genellikle alt\u0131 haftas\u0131 vard\u0131r. \u015eans\u00f6lye daha sonra tasla\u011f\u0131 ve a\u00e7\u0131klamay\u0131 Federal Meclis&#8217;e iletir. B\u00fct\u00e7e kanunu bu s\u00fcrecin bir istisnas\u0131d\u0131r: kanun tasar\u0131lar\u0131 Federal Meclis ve Federal Meclis&#8217;e ayn\u0131 anda g\u00f6nderilir. Benzer bir prosed\u00fcr Federal Konseyin yasama giri\u015fimleri i\u00e7in de ge\u00e7erlidir. Federal Konsey \u00fcyelerinin \u00e7o\u011funlu\u011fu yasa tasla\u011f\u0131n\u0131 kararla\u015ft\u0131rd\u0131ktan sonra taslak ilk olarak federal h\u00fck\u00fcmete g\u00f6nderilir. Alt\u0131 hafta i\u00e7inde kendisine bir beyanda bulunur ve ard\u0131ndan bunu Federal Meclis&#8217;e iletir.[\/vc_column_text][\/vc_column][\/vc_row][vc_row triangle_shape=&#8221;no&#8221; css=&#8221;.vc_custom_1700480460405{padding-bottom: 20px !important;}&#8221;][vc_column]\n<h2 class=\"mkd-custom-font-holder\" style=\"font-size: 20px;line-height: 20px;font-weight: 700\" data-font-size= 20 data-line-height= 20>\n\tInitiativen aus der Mitte des Parlaments<\/h2>[vc_column_text css=&#8221;.vc_custom_1700480426287{padding-top: 10px !important;}&#8221;]Kanun tasar\u0131lar\u0131 milletvekilleri taraf\u0131ndan da ba\u015flat\u0131labilir: ya en az bir parlamento grubu taraf\u0131ndan ya da \u015fu anda 31 milletvekiline kar\u015f\u0131l\u0131k gelen Federal Meclis \u00fcyelerinin en az y\u00fczde be\u015fi taraf\u0131ndan. Bu t\u00fcr taslaklar\u0131n \u00f6ncelikle Federal Konseye sunulmas\u0131na gerek yoktur. Bu nedenle h\u00fck\u00fcmet parlamento gruplar\u0131 arac\u0131l\u0131\u011f\u0131yla \u00f6zellikle acil yasa tasar\u0131lar\u0131 sunuyor.  <\/p>\n<div id=\"gtx-trans\" style=\"position: absolute; left: 131px; top: 38px;\">\n<div class=\"gtx-trans-icon\"><\/div>\n<\/div>\n<p>[\/vc_column_text][\/vc_column][\/vc_row][vc_row triangle_shape=&#8221;no&#8221; css=&#8221;.vc_custom_1700480460405{padding-bottom: 20px !important;}&#8221;][vc_column]\n<h2 class=\"mkd-custom-font-holder\" style=\"font-size: 20px;line-height: 20px;font-weight: 700\" data-font-size= 20 data-line-height= 20>\n\tVerteilung der Drucksache<\/h2>[vc_column_text css=&#8221;.vc_custom_1700480485830{padding-top: 10px !important;}&#8221;]Bir yasa tasar\u0131s\u0131n\u0131n Federal Meclis&#8217;te g\u00f6r\u00fc\u015f\u00fclebilmesi i\u00e7in \u00f6ncelikle Federal Meclis Ba\u015fkan\u0131na g\u00f6nderilmesi ve idare taraf\u0131ndan kaydedilip bas\u0131lmas\u0131 gerekiyor. Daha sonra Federal Meclis&#8217;in bas\u0131l\u0131 materyali olarak Federal Meclis&#8217;in t\u00fcm \u00fcyelerine, Federal Konsey&#8217;e ve federal bakanl\u0131klara da\u011f\u0131t\u0131l\u0131r. Tasar\u0131 genel kurul g\u00fcndemine girer girmez yolculu\u011funun ilk b\u00f6l\u00fcm\u00fcn\u00fc tamamlam\u0131\u015f oldu: Art\u0131k Federal Meclis&#8217;te kamuoyuna ve resmi olarak ortaya \u00e7\u0131kmak \u00fczere.[\/vc_column_text][\/vc_column][\/vc_row][vc_row triangle_shape=&#8221;no&#8221; css=&#8221;.vc_custom_1700480460405{padding-bottom: 20px !important;}&#8221;][vc_column]\n<h2 class=\"mkd-custom-font-holder\" style=\"font-size: 20px;line-height: 20px;font-weight: 700\" data-font-size= 20 data-line-height= 20>\n\tDrei Lesungen im Plenum<\/h2>[vc_column_text css=&#8221;.vc_custom_1700480511822{padding-top: 10px !important;}&#8221;]Kural olarak, yasa tasar\u0131lar\u0131 Federal Meclis&#8217;in genel kurul toplant\u0131s\u0131nda \u00fc\u00e7 kez tart\u0131\u015f\u0131l\u0131yor; buna okumalar da deniyor. \u0130htiyarlar Kurulu&#8217;nun kabul etmesi veya milletvekillerinin en az y\u00fczde be\u015finin talep etmesi halinde ilk okumada tart\u0131\u015fma yap\u0131lacak. Bu genellikle yasa tekliflerinin \u00f6zellikle tart\u0131\u015fmal\u0131 oldu\u011fu veya kamuoyunun ilgisini \u00e7ekti\u011fi durumlarda meydana gelir. \u0130lk okuman\u0131n temel amac\u0131, Kanun Tasar\u0131s\u0131n\u0131 teknik a\u00e7\u0131dan ele almak ve ikinci okumaya haz\u0131rlamak \u00fczere \u0130htiyarlar Kurulunun \u00f6nerileri do\u011frultusunda bir veya daha fazla komitenin atanmas\u0131d\u0131r. Birden fazla komitenin g\u00f6revlendirilmesi durumunda bir komite g\u00f6rev alacakt\u0131r. Bu nedenle prosed\u00fcr\u00fcn ilerlemesinden kendisi sorumludur. Di\u011fer komitelerin dan\u0131\u015fmanl\u0131k g\u00f6revi vard\u0131r.[\/vc_column_text][\/vc_column][\/vc_row][vc_row triangle_shape=&#8221;no&#8221; css=&#8221;.vc_custom_1700480460405{padding-bottom: 20px !important;}&#8221;][vc_column]\n<h2 class=\"mkd-custom-font-holder\" style=\"font-size: 20px;line-height: 20px;font-weight: 700\" data-font-size= 20 data-line-height= 20>\n\tArbeit in den Aussch\u00fcssen<\/h2>[vc_column_text css=&#8221;.vc_custom_1700480542206{padding-top: 10px !important;}&#8221;]Mevzuata ili\u015fkin ayr\u0131nt\u0131l\u0131 \u00e7al\u0131\u015fma, t\u00fcm parlamento gruplar\u0131n\u0131n temsilcilerinden olu\u015fan daimi komitelerde y\u00fcr\u00fct\u00fcl\u00fcr. Komite \u00fcyeleri konuya a\u015finad\u0131r ve toplant\u0131larda isti\u015farelerde bulunur. Ayr\u0131ca payda\u015flar\u0131 ve uzmanlar\u0131 kamuya a\u00e7\u0131k oturumlara davet edebilirsiniz. Komisyon \u00e7al\u0131\u015fmalar\u0131na paralel olarak parlamento gruplar\u0131, kendi konumlar\u0131n\u0131 geli\u015ftirip tan\u0131mlad\u0131klar\u0131 \u00e7al\u0131\u015fma gruplar\u0131 ve \u00e7al\u0131\u015fma gruplar\u0131 olu\u015ftururlar. Komitelerdeki gruplar aras\u0131nda k\u00f6pr\u00fcler kurulmas\u0131 al\u0131\u015f\u0131lmad\u0131k bir durum de\u011fil. H\u00fck\u00fcmet ve muhalefet gruplar\u0131 aras\u0131ndaki etkile\u015fim nedeniyle \u00e7o\u011fu yasa tasar\u0131s\u0131 az ya da \u00e7ok revize ediliyor. M\u00fczakerelerin sonu\u00e7lanmas\u0131n\u0131n ard\u0131ndan, lider komite genel kurul oturumuna m\u00fczakerelerin seyri ve sonu\u00e7lar\u0131 hakk\u0131nda bir rapor sunar. Kararlara ili\u015fkin tavsiyeleri, genel kurul oturumunda yap\u0131lacak bir sonraki ikinci okuman\u0131n temelini olu\u015fturmaktad\u0131r.[\/vc_column_text][\/vc_column][\/vc_row][vc_row triangle_shape=&#8221;no&#8221; css=&#8221;.vc_custom_1700480460405{padding-bottom: 20px !important;}&#8221;][vc_column]\n<h2 class=\"mkd-custom-font-holder\" style=\"font-size: 20px;line-height: 20px;font-weight: 700\" data-font-size= 20 data-line-height= 20>\n\tAussprache in der zweiten Lesung<\/h2>[vc_column_text css=&#8221;.vc_custom_1700480564366{padding-top: 10px !important;}&#8221;]\u0130kinci okumadan \u00f6nce t\u00fcm milletvekilleri, yay\u0131nlanan karar \u00f6nerisini bas\u0131l\u0131 olarak ald\u0131. Bu \u015fekilde tart\u0131\u015fmaya iyi haz\u0131rlanm\u0131\u015f olursunuz. Ayr\u0131ca parlamento gruplar\u0131 daha \u00f6nce i\u00e7 toplant\u0131larda kendi tutumlar\u0131na ili\u015fkin oylama yapm\u0131\u015ft\u0131. \u00c7\u00fcnk\u00fc halka a\u00e7\u0131k ikinci toplant\u0131da birli\u011fin ortaya konulmas\u0131 \u00f6nemlidir. Genel g\u00f6r\u00fc\u015fme sonras\u0131nda tasar\u0131n\u0131n t\u00fcm h\u00fck\u00fcmlerine tek tek ula\u015f\u0131labilmektedir. Kural olarak tasar\u0131n\u0131n tamam\u0131 do\u011frudan oylan\u0131yor. Herhangi bir Parlamento \u00fcyesi, daha sonra do\u011frudan genel kurul toplant\u0131s\u0131nda ele al\u0131nan de\u011fi\u015fiklik teklifinde bulunabilir. Genel kurulda de\u011fi\u015fiklik yap\u0131lmas\u0131na karar verilmesi halinde, \u00f6ncelikle tasar\u0131n\u0131n yeni versiyonunun bas\u0131lmas\u0131 ve da\u011f\u0131t\u0131lmas\u0131 gerekiyor. Ancak haz\u0131r bulunan \u00fcyelerin \u00fc\u00e7te ikisinin muvafakati ile bu prosed\u00fcr k\u0131salt\u0131labilir. \u00dc\u00e7\u00fcnc\u00fc okuma daha sonra hemen ba\u015flayabilir.[\/vc_column_text][\/vc_column][\/vc_row][vc_row triangle_shape=&#8221;no&#8221; css=&#8221;.vc_custom_1700480460405{padding-bottom: 20px !important;}&#8221;][vc_column]\n<h2 class=\"mkd-custom-font-holder\" style=\"font-size: 20px;line-height: 20px;font-weight: 700\" data-font-size= 20 data-line-height= 20>\n\tAbstimmung in der dritten Lesung<\/h2>[vc_column_text css=&#8221;.vc_custom_1700480593538{padding-top: 10px !important;}&#8221;]\u00dc\u00e7\u00fcnc\u00fc okumada ise ancak bir siyasi grubun veya milletvekillerinin en az y\u00fczde be\u015finin talep etmesi halinde yeni bir tart\u0131\u015fma yap\u0131labilecek. Art\u0131k tek tek milletvekillerinin de\u011fi\u015fiklik yapmas\u0131na izin verilmiyor, yaln\u0131zca parlamento gruplar\u0131n\u0131n veya Federal Meclis \u00fcyelerinin y\u00fczde be\u015finin ve yaln\u0131zca ikinci okumada yap\u0131lan de\u011fi\u015fikliklere izin veriliyor. Son oylama \u00fc\u00e7\u00fcnc\u00fc okuman\u0131n sonunda yap\u0131l\u0131r. Federal Meclis Ba\u015fkan\u0131&#8217;n\u0131n onay, aleyhte oylar ve \u00e7ekimser oylarla ilgili sorusu \u00fczerine milletvekilleri koltuklar\u0131ndan kalkt\u0131. Tasar\u0131 Federal Meclis&#8217;te gerekli \u00e7o\u011funlu\u011fu al\u0131rsa kanun olarak Federal Meclis&#8217;e g\u00f6nderilecek.    <\/p>\n<div id=\"gtx-trans\" style=\"position: absolute; left: 88px; top: 38px;\">\n<div class=\"gtx-trans-icon\"><\/div>\n<\/div>\n<p>[\/vc_column_text][\/vc_column][\/vc_row][vc_row triangle_shape=&#8221;no&#8221; css=&#8221;.vc_custom_1700480460405{padding-bottom: 20px !important;}&#8221;][vc_column]\n<h2 class=\"mkd-custom-font-holder\" style=\"font-size: 20px;line-height: 20px;font-weight: 700\" data-font-size= 20 data-line-height= 20>\n\tZustimmung des Bundesrates<\/h2>[vc_column_text css=&#8221;.vc_custom_1700480612355{padding-top: 10px !important;}&#8221;]Federal Konsey arac\u0131l\u0131\u011f\u0131yla eyaletler her yasaya kat\u0131l\u0131r. Kat\u0131l\u0131m haklar\u0131n\u0131z kesin olarak tan\u0131mlanm\u0131\u015ft\u0131r. Federal Meclis, Federal Meclis taraf\u0131ndan kabul edilen yasada herhangi bir de\u011fi\u015fiklik yapamaz. Ancak kanuna uymamas\u0131 halinde arabuluculuk komisyonuna itirazda bulunabilir. Arabuluculuk Komitesi&#8217;nde Federal Meclis ve Federal Konsey&#8217;in e\u015fit say\u0131da \u00fcyesi yer al\u0131r. Yasalar\u0131n onaylanmas\u0131 i\u00e7in Federal Konseyin onay\u0131 zorunludur. Bunlar \u00f6rne\u011fin devletlerin maliyesini ve idari sorumlulu\u011funu etkileyen yasalard\u0131r. \u00d6zellikle Temel Kanun&#8217;un 79. maddesinin 2. f\u0131kras\u0131 anlam\u0131nda anayasada de\u011fi\u015fiklik yapan kanunlar\u0131n onaylanmas\u0131 gerekmektedir. \u0130tiraz yasalar\u0131nda Federal Meclis, arabuluculuk komitesinde herhangi bir anla\u015fmaya var\u0131lmasa bile yasan\u0131n y\u00fcr\u00fcrl\u00fc\u011fe girmesine izin verebilir. Ancak Federal Meclis&#8217;te yeni bir oylama i\u00e7in salt \u00e7o\u011funluk gerekiyor.[\/vc_column_text][\/vc_column][\/vc_row][vc_row triangle_shape=&#8221;no&#8221; css=&#8221;.vc_custom_1700480684526{padding-bottom: 50px !important;}&#8221;][vc_column]\n<h2 class=\"mkd-custom-font-holder\" style=\"font-size: 20px;line-height: 20px;font-weight: 700\" data-font-size= 20 data-line-height= 20>\n\tIn-Kraft-Treten des Gesetzes<\/h2>[vc_column_text css=&#8221;.vc_custom_1700480643661{padding-top: 10px !important;}&#8221;]Tasar\u0131n\u0131n Federal Meclis ve Federal Meclis&#8217;ten ge\u00e7mesinin ard\u0131ndan kanun olarak y\u00fcr\u00fcrl\u00fc\u011fe girmesi i\u00e7in daha ileri a\u015famalardan ge\u00e7mesi gerekiyor. Kabul edilen yasa ilk olarak bas\u0131larak Federal \u015eans\u00f6lye&#8217;ye ve kar\u015f\u0131 imzadan sorumlu bakana g\u00f6nderilir. Federal Ba\u015fkan daha sonra haz\u0131rlanacak yasay\u0131 al\u0131r. Anayasaya uygun olup olmad\u0131\u011f\u0131n\u0131, i\u00e7eri\u011finin a\u00e7\u0131k\u00e7a Anayasa&#8217;ya ayk\u0131r\u0131 olup olmad\u0131\u011f\u0131n\u0131 kontrol ediyor. Daha sonra bunu imzalar ve Federal Kanun Gazetesinde yay\u0131nlar. Kanun b\u00f6ylece ilan edilmi\u015f olur. Kanunda belirli bir y\u00fcr\u00fcrl\u00fc\u011fe giri\u015f tarihi belirtilmemi\u015fse, Federal Kanun Gazetesi&#8217;nin yay\u0131m\u0131n\u0131 takip eden 14&#8217;\u00fcnc\u00fc g\u00fcnden itibaren otomatik olarak uygulan\u0131r.      <\/p>\n<p>[\/vc_column_text][\/vc_column][\/vc_row]<\/p>\n<\/div>","protected":false},"excerpt":{"rendered":"<p>[vc_row content_width=&#8221;grid&#8221; content_aligment=&#8221;center&#8221; triangle_shape=&#8221;no&#8221; css=&#8221;.vc_custom_1696926719838{padding-bottom: 10px !important;background-position: center !important;background-repeat: no-repeat !important;background-size: cover !important;}&#8221;][vc_column][\/vc_column][\/vc_row][vc_row triangle_shape=&#8221;no&#8221; css=&#8221;.vc_custom_1700480366669{padding-bottom: 20px !important;}&#8221;][vc_column][vc_column_text css=&#8221;.vc_custom_1700480292174{margin-bottom: 0px !important;padding-top: 20px !important;padding-bottom: 1px !important;}&#8221;]Federal Almanya Cumhuriyeti&#8217;nde yasama parlamentolar\u0131n g\u00f6revidir; Alman Federal Meclisi bu nedenle en \u00f6nemli yasama organ\u0131d\u0131r. Federal Konseyin kat\u0131l\u0131m\u0131yla, federal h\u00fck\u00fcmetin yetki alan\u0131na giren t\u00fcm yasalara karar verir. Federal Meclis ve parlamento gruplar\u0131n\u0131n \u00fcyeleri, t\u0131pk\u0131 Federal H\u00fck\u00fcmet ve Federal H\u00fck\u00fcmet gibi, yeni veya revize edilmi\u015f yasalar\u0131 taslak olarak Federal Meclis&#8217;e sunabilir. Yasa tasla\u011f\u0131na ili\u015fkin tart\u0131\u015fma, isti\u015fare ve oylama burada kesin olarak tan\u0131mlanm\u0131\u015f bir s\u00fcrece g\u00f6re ger\u00e7ekle\u015fir. Federal sistemdeki eyaletler, devlet iktidar\u0131nda \u00f6nemli bir paya sahip oldu\u011fundan Federal Konsey&#8230;<\/p>\n","protected":false},"author":1,"featured_media":0,"parent":0,"menu_order":0,"comment_status":"closed","ping_status":"closed","template":"","meta":{"footnotes":""},"class_list":["post-14560","page","type-page","status-publish","hentry"],"yoast_head":"<!-- This site is optimized with the Yoast SEO Premium plugin v27.2 (Yoast SEO v27.3) - https:\/\/yoast.com\/product\/yoast-seo-premium-wordpress\/ -->\n<title>Rechtsanwaltskanzlei in Hamburg Berlin Bremen Hannover L\u00fcbeck<\/title>\n<meta name=\"description\" content=\"Rechtsanwaltskanzlei f\u00fcr Arbeitsrecht, Arzthaftung, Mietrecht, Gewerbemietrecht ,Gastronomierecht, Immobilienrecht, Schadensersatz Yachtrecht\" \/>\n<meta name=\"robots\" content=\"index, follow, max-snippet:-1, max-image-preview:large, max-video-preview:-1\" \/>\n<link rel=\"canonical\" href=\"https:\/\/www.kanzlei-steinwachs.de\/tr\/mevzuat\/\" \/>\n<meta property=\"og:locale\" content=\"tr_TR\" \/>\n<meta property=\"og:type\" content=\"article\" \/>\n<meta property=\"og:title\" content=\"Rechtsanwaltskanzlei in Hamburg Berlin Bremen Hannover L\u00fcbeck\" \/>\n<meta property=\"og:description\" content=\"Rechtsanwaltskanzlei f\u00fcr Arbeitsrecht, Arzthaftung, Mietrecht, Gewerbemietrecht ,Gastronomierecht, Immobilienrecht, Schadensersatz Yachtrecht\" \/>\n<meta property=\"og:url\" content=\"https:\/\/www.kanzlei-steinwachs.de\/tr\/mevzuat\/\" \/>\n<meta property=\"og:site_name\" content=\"Rechtsanwaltskanzlei Anwalt Hamburg Berlin Bremen Hannover L\u00fcbeck\" \/>\n<meta property=\"article:publisher\" content=\"https:\/\/www.facebook.com\/STEINWACHSRechtsanwaltskanzlei\/\" \/>\n<meta property=\"article:modified_time\" content=\"2023-12-04T09:29:05+00:00\" \/>\n<meta name=\"twitter:card\" content=\"summary_large_image\" \/>\n<meta name=\"twitter:site\" content=\"@rasteinwachs\" \/>\n<meta name=\"twitter:label1\" content=\"Tahmini okuma s\u00fcresi\" \/>\n\t<meta name=\"twitter:data1\" content=\"10 dakika\" \/>\n<script type=\"application\/ld+json\" class=\"yoast-schema-graph\">{\"@context\":\"https:\\\/\\\/schema.org\",\"@graph\":[{\"@type\":\"WebPage\",\"@id\":\"https:\\\/\\\/www.kanzlei-steinwachs.de\\\/tr\\\/mevzuat\\\/\",\"url\":\"https:\\\/\\\/www.kanzlei-steinwachs.de\\\/tr\\\/mevzuat\\\/\",\"name\":\"Rechtsanwaltskanzlei in Hamburg Berlin Bremen Hannover L\u00fcbeck\",\"isPartOf\":{\"@id\":\"https:\\\/\\\/www.kanzlei-steinwachs.de\\\/tr\\\/#website\"},\"datePublished\":\"2023-11-15T10:05:47+00:00\",\"dateModified\":\"2023-12-04T09:29:05+00:00\",\"description\":\"Rechtsanwaltskanzlei f\u00fcr Arbeitsrecht, Arzthaftung, Mietrecht, Gewerbemietrecht ,Gastronomierecht, Immobilienrecht, Schadensersatz Yachtrecht\",\"inLanguage\":\"tr\",\"potentialAction\":[{\"@type\":\"ReadAction\",\"target\":[\"https:\\\/\\\/www.kanzlei-steinwachs.de\\\/tr\\\/mevzuat\\\/\"]}]},{\"@type\":\"WebSite\",\"@id\":\"https:\\\/\\\/www.kanzlei-steinwachs.de\\\/tr\\\/#website\",\"url\":\"https:\\\/\\\/www.kanzlei-steinwachs.de\\\/tr\\\/\",\"name\":\"Rechtsanwaltskanzlei Anwalt Hamburg Berlin Bremen Hannover L\u00fcbeck\",\"description\":\"Wir leisten mehr als Recht bietet\",\"publisher\":{\"@id\":\"https:\\\/\\\/www.kanzlei-steinwachs.de\\\/tr\\\/#organization\"},\"potentialAction\":[{\"@type\":\"SearchAction\",\"target\":{\"@type\":\"EntryPoint\",\"urlTemplate\":\"https:\\\/\\\/www.kanzlei-steinwachs.de\\\/tr\\\/?s={search_term_string}\"},\"query-input\":{\"@type\":\"PropertyValueSpecification\",\"valueRequired\":true,\"valueName\":\"search_term_string\"}}],\"inLanguage\":\"tr\"},{\"@type\":[\"Organization\",\"Place\"],\"@id\":\"https:\\\/\\\/www.kanzlei-steinwachs.de\\\/tr\\\/#organization\",\"name\":\"Rechtsanwaltskanzlei Anwalt Hamburg Berlin Bremen Hannover L\u00fcbeck\",\"url\":\"https:\\\/\\\/www.kanzlei-steinwachs.de\\\/\",\"logo\":{\"@type\":\"ImageObject\",\"inLanguage\":\"tr\",\"@id\":\"https:\\\/\\\/www.kanzlei-steinwachs.de\\\/tr\\\/#\\\/schema\\\/logo\\\/image\\\/\",\"url\":\"https:\\\/\\\/i0.wp.com\\\/www.kanzlei-steinwachs.de\\\/wp-content\\\/uploads\\\/2023\\\/12\\\/logo.webp?fit=174%2C76&quality=80&ssl=1\",\"contentUrl\":\"https:\\\/\\\/i0.wp.com\\\/www.kanzlei-steinwachs.de\\\/wp-content\\\/uploads\\\/2023\\\/12\\\/logo.webp?fit=174%2C76&quality=80&ssl=1\",\"width\":174,\"height\":76,\"caption\":\"Rechtsanwaltskanzlei Anwalt Hamburg Berlin Bremen Hannover L\u00fcbeck\"},\"image\":{\"@id\":\"https:\\\/\\\/www.kanzlei-steinwachs.de\\\/tr\\\/#\\\/schema\\\/logo\\\/image\\\/\"},\"sameAs\":[\"https:\\\/\\\/www.facebook.com\\\/STEINWACHSRechtsanwaltskanzlei\\\/\",\"https:\\\/\\\/x.com\\\/rasteinwachs\",\"https:\\\/\\\/www.instagram.com\\\/steinwachs_rechtsanwaelte\\\/\",\"https:\\\/\\\/www.linkedin.com\\\/in\\\/stephan-steinwachs-7a270197\\\/\",\"https:\\\/\\\/www.youtube.com\\\/channel\\\/UCffmodDlQx81remXm395RWA\"],\"telephone\":[]}]}<\/script>\n<!-- \/ Yoast SEO Premium plugin. -->","yoast_head_json":{"title":"Rechtsanwaltskanzlei in Hamburg Berlin Bremen Hannover L\u00fcbeck","description":"Rechtsanwaltskanzlei f\u00fcr Arbeitsrecht, Arzthaftung, Mietrecht, Gewerbemietrecht ,Gastronomierecht, Immobilienrecht, Schadensersatz Yachtrecht","robots":{"index":"index","follow":"follow","max-snippet":"max-snippet:-1","max-image-preview":"max-image-preview:large","max-video-preview":"max-video-preview:-1"},"canonical":"https:\/\/www.kanzlei-steinwachs.de\/tr\/mevzuat\/","og_locale":"tr_TR","og_type":"article","og_title":"Rechtsanwaltskanzlei in Hamburg Berlin Bremen Hannover L\u00fcbeck","og_description":"Rechtsanwaltskanzlei f\u00fcr Arbeitsrecht, Arzthaftung, Mietrecht, Gewerbemietrecht ,Gastronomierecht, Immobilienrecht, Schadensersatz Yachtrecht","og_url":"https:\/\/www.kanzlei-steinwachs.de\/tr\/mevzuat\/","og_site_name":"Rechtsanwaltskanzlei Anwalt Hamburg Berlin Bremen Hannover L\u00fcbeck","article_publisher":"https:\/\/www.facebook.com\/STEINWACHSRechtsanwaltskanzlei\/","article_modified_time":"2023-12-04T09:29:05+00:00","twitter_card":"summary_large_image","twitter_site":"@rasteinwachs","twitter_misc":{"Tahmini okuma s\u00fcresi":"10 dakika"},"schema":{"@context":"https:\/\/schema.org","@graph":[{"@type":"WebPage","@id":"https:\/\/www.kanzlei-steinwachs.de\/tr\/mevzuat\/","url":"https:\/\/www.kanzlei-steinwachs.de\/tr\/mevzuat\/","name":"Rechtsanwaltskanzlei in Hamburg Berlin Bremen Hannover L\u00fcbeck","isPartOf":{"@id":"https:\/\/www.kanzlei-steinwachs.de\/tr\/#website"},"datePublished":"2023-11-15T10:05:47+00:00","dateModified":"2023-12-04T09:29:05+00:00","description":"Rechtsanwaltskanzlei f\u00fcr Arbeitsrecht, Arzthaftung, Mietrecht, Gewerbemietrecht ,Gastronomierecht, Immobilienrecht, Schadensersatz Yachtrecht","inLanguage":"tr","potentialAction":[{"@type":"ReadAction","target":["https:\/\/www.kanzlei-steinwachs.de\/tr\/mevzuat\/"]}]},{"@type":"WebSite","@id":"https:\/\/www.kanzlei-steinwachs.de\/tr\/#website","url":"https:\/\/www.kanzlei-steinwachs.de\/tr\/","name":"Rechtsanwaltskanzlei Anwalt Hamburg Berlin Bremen Hannover L\u00fcbeck","description":"Wir leisten mehr als Recht bietet","publisher":{"@id":"https:\/\/www.kanzlei-steinwachs.de\/tr\/#organization"},"potentialAction":[{"@type":"SearchAction","target":{"@type":"EntryPoint","urlTemplate":"https:\/\/www.kanzlei-steinwachs.de\/tr\/?s={search_term_string}"},"query-input":{"@type":"PropertyValueSpecification","valueRequired":true,"valueName":"search_term_string"}}],"inLanguage":"tr"},{"@type":["Organization","Place"],"@id":"https:\/\/www.kanzlei-steinwachs.de\/tr\/#organization","name":"Rechtsanwaltskanzlei Anwalt Hamburg Berlin Bremen Hannover L\u00fcbeck","url":"https:\/\/www.kanzlei-steinwachs.de\/","logo":{"@type":"ImageObject","inLanguage":"tr","@id":"https:\/\/www.kanzlei-steinwachs.de\/tr\/#\/schema\/logo\/image\/","url":"https:\/\/i0.wp.com\/www.kanzlei-steinwachs.de\/wp-content\/uploads\/2023\/12\/logo.webp?fit=174%2C76&quality=80&ssl=1","contentUrl":"https:\/\/i0.wp.com\/www.kanzlei-steinwachs.de\/wp-content\/uploads\/2023\/12\/logo.webp?fit=174%2C76&quality=80&ssl=1","width":174,"height":76,"caption":"Rechtsanwaltskanzlei Anwalt Hamburg Berlin Bremen Hannover L\u00fcbeck"},"image":{"@id":"https:\/\/www.kanzlei-steinwachs.de\/tr\/#\/schema\/logo\/image\/"},"sameAs":["https:\/\/www.facebook.com\/STEINWACHSRechtsanwaltskanzlei\/","https:\/\/x.com\/rasteinwachs","https:\/\/www.instagram.com\/steinwachs_rechtsanwaelte\/","https:\/\/www.linkedin.com\/in\/stephan-steinwachs-7a270197\/","https:\/\/www.youtube.com\/channel\/UCffmodDlQx81remXm395RWA"],"telephone":[]}]}},"jetpack_sharing_enabled":true,"_links":{"self":[{"href":"https:\/\/www.kanzlei-steinwachs.de\/tr\/wp-json\/wp\/v2\/pages\/14560","targetHints":{"allow":["GET"]}}],"collection":[{"href":"https:\/\/www.kanzlei-steinwachs.de\/tr\/wp-json\/wp\/v2\/pages"}],"about":[{"href":"https:\/\/www.kanzlei-steinwachs.de\/tr\/wp-json\/wp\/v2\/types\/page"}],"author":[{"embeddable":true,"href":"https:\/\/www.kanzlei-steinwachs.de\/tr\/wp-json\/wp\/v2\/users\/1"}],"replies":[{"embeddable":true,"href":"https:\/\/www.kanzlei-steinwachs.de\/tr\/wp-json\/wp\/v2\/comments?post=14560"}],"version-history":[{"count":0,"href":"https:\/\/www.kanzlei-steinwachs.de\/tr\/wp-json\/wp\/v2\/pages\/14560\/revisions"}],"wp:attachment":[{"href":"https:\/\/www.kanzlei-steinwachs.de\/tr\/wp-json\/wp\/v2\/media?parent=14560"}],"curies":[{"name":"wp","href":"https:\/\/api.w.org\/{rel}","templated":true}]}}