{"id":14496,"date":"2023-11-15T11:11:49","date_gmt":"2023-11-15T10:11:49","guid":{"rendered":"https:\/\/www.kanzlei-steinwachs.de\/bulasiklar\/"},"modified":"2023-12-04T07:37:57","modified_gmt":"2023-12-04T06:37:57","slug":"bulasiklar","status":"publish","type":"page","link":"https:\/\/www.kanzlei-steinwachs.de\/tr\/bulasiklar\/","title":{"rendered":"bula\u015f\u0131klar"},"content":{"rendered":"<div class=\"wpb-content-wrapper\"><p>[vc_row content_width=&#8221;grid&#8221; content_aligment=&#8221;center&#8221; triangle_shape=&#8221;no&#8221; css=&#8221;.vc_custom_1696926719838{padding-bottom: 10px !important;background-position: center !important;background-repeat: no-repeat !important;background-size: cover !important;}&#8221;][vc_column]<div class=\"mkd-separator-holder clearfix  mkd-separator-center mkd-separator-with-icon mkd-animate\" style=\"margin-top: 20px; margin-bottom: 30px\">\n\t<div class=\"mkd-separator\" style=\"border-color: #c18f59;border-style: solid;width: 97.5px\"><\/div>\n\t\t<div class=\"mkd-separator-icon\">\n\t\t\t                    \t\t\t\t\t\t<\/div>\n\t<div class=\"mkd-separator\" style=\"border-color: #c18f59;border-style: solid;width: 97.5px\"><\/div>\n<\/div>\n[\/vc_column][\/vc_row][vc_row triangle_shape=&#8221;no&#8221; css=&#8221;.vc_custom_1700481456597{padding-bottom: 20px !important;}&#8221;][vc_column]\n<h2 class=\"mkd-custom-font-holder\" style=\"font-size: 20px;line-height: 30px;font-weight: 700\" data-font-size= 20 data-line-height= 30>\n\tDieser Abschnitt gibt einen \u00dcberblick \u00fcber das Gerichtssystem in Deutschland.<\/h2>[vc_column_text css=&#8221;.vc_custom_1700481415304{padding-top: 10px !important;}&#8221;]<\/p>\n<p style=\"text-align: left;\">Genel s\u00f6zle\u015fme hukuku, her t\u00fcrl\u00fc \u00f6zel hukukun s\u00f6zle\u015fmelerini ve s\u00f6zle\u015fmeye dayal\u0131 y\u00f6ntemlerini ve s\u00f6zle\u015fme taraflar\u0131 aras\u0131ndaki hukuki ili\u015fkileri ele alan bir dizi yasal h\u00fck\u00fcm olarak anla\u015f\u0131lmaktad\u0131r.<\/p>\n<div id=\"gtx-trans\" style=\"position: absolute; left: 72px; top: 113px;\">\n<div class=\"gtx-trans-icon\"><\/div>\n<\/div>\n<p>[\/vc_column_text][\/vc_column][\/vc_row][vc_row triangle_shape=&#8221;no&#8221; css=&#8221;.vc_custom_1700481456597{padding-bottom: 20px !important;}&#8221;][vc_column][vc_column_text css=&#8221;.vc_custom_1700481501191{padding-top: 10px !important;}&#8221;]Almanya&#8217;daki yarg\u0131 yetkisi be\u015f <strong>ba\u011f\u0131ms\u0131z, uzmanla\u015fm\u0131\u015f mahkeme \u015fubesine ayr\u0131lm\u0131\u015ft\u0131r<\/strong><strong>:<\/strong>[\/vc_column_text]<div class=\"mkd-unordered-list \" ><ul>\n<li>Ordentliche Gerichtsbarkeit<\/li>\n<li>Arbeitsgerichtsbarkeit<\/li>\n<li>Allgemeine Verwaltungsgerichtsbarkeit<\/li>\n<li>Finanzgerichtsbarkeit<\/li>\n<li>Sozialgerichtsbarkeit<\/li>\n<\/ul>\n<\/div>[vc_column_text css=&#8221;.vc_custom_1700481559519{padding-top: 10px !important;}&#8221;]Bu yarg\u0131 yetkisine ek olarak, <strong>Federal Anayasa Mahkemesi<\/strong> ve <strong>federal eyaletlerin anayasa mahkemelerini<\/strong> de kapsayan anayasal yarg\u0131 yetkisi de bulunmaktad\u0131r.[\/vc_column_text][vc_column_text css=&#8221;.vc_custom_1700481540103{padding-top: 10px !important;}&#8221;]<a href=\"http:\/\/www.bmj.de\/\" target=\"_blank\" rel=\"noopener\">Federal Adalet Bakanl\u0131\u011f\u0131<\/a>&#8216;n\u0131n internet sitesinde Almanya&#8217;daki mahkeme yap\u0131s\u0131na ili\u015fkin bir genel bak\u0131\u015f bulunmaktad\u0131r.[\/vc_column_text][\/vc_column][\/vc_row][vc_row triangle_shape=&#8221;no&#8221; css=&#8221;.vc_custom_1700481456597{padding-bottom: 20px !important;}&#8221;][vc_column]\n<h2 class=\"mkd-custom-font-holder\" style=\"font-size: 20px;line-height: 20px;font-weight: 700\" data-font-size= 20 data-line-height= 20>\n\tVerwaltung der Gerichte<\/h2>[vc_column_text css=&#8221;.vc_custom_1700481692766{padding-top: 10px !important;}&#8221;]Eyalet mahkemeleri adalet bakanl\u0131klar\u0131 taraf\u0131ndan y\u00f6netilir. Federal d\u00fczeyde Federal Adalet Bakanl\u0131\u011f\u0131, <a href=\"http:\/\/www.bundesgerichtshof.de\/\" target=\"_blank\" rel=\"noopener\">Federal Adalet Divan\u0131<\/a>, <a href=\"http:\/\/www.bverwg.de\/\" target=\"_blank\" rel=\"noopener\">Federal \u0130dare Mahkemesi<\/a> ve <a href=\"http:\/\/www.bundesfinanzhof.de\/\" target=\"_blank\" rel=\"noopener\">Federal Maliye Mahkemesinden<\/a> sorumludur.  Federal \u00c7al\u0131\u015fma ve Sosyal \u0130\u015fler Bakanl\u0131\u011f\u0131, <a href=\"http:\/\/www.bundesarbeitsgericht.de\/\" target=\"_blank\" rel=\"noopener\">Federal \u0130\u015f Mahkemesi<\/a> ve <a href=\"http:\/\/www.bundessozialgericht.de\/\" target=\"_blank\" rel=\"noopener\">Federal Sosyal Mahkemeden<\/a> sorumludur.[\/vc_column_text][vc_column_text css=&#8221;.vc_custom_1700481683847{padding-top: 10px !important;}&#8221;]B\u00fct\u00e7eyi de ilgili bakanl\u0131klar y\u00f6netiyor. Bunun tek istisnas\u0131, ba\u011f\u0131ms\u0131z bir anayasal organ olarak idari \u00f6zerkli\u011fe sahip olan <a href=\"http:\/\/www.bundesverfassungsgericht.de\/\" target=\"_blank\" rel=\"noopener\">Federal Anayasa Mahkemesi<\/a>&#8216;dir.  Kendi b\u00fct\u00e7esini haz\u0131rlar ve onaya sunar.[\/vc_column_text][\/vc_column][\/vc_row][vc_row triangle_shape=&#8221;no&#8221; css=&#8221;.vc_custom_1700481456597{padding-bottom: 20px !important;}&#8221;][vc_column]\n<h2 class=\"mkd-custom-font-holder\" style=\"font-size: 20px;line-height: 20px;font-weight: 700\" data-font-size= 20 data-line-height= 20>\n\tGerichtsbarkeiten \u2013 kurze Beschreibung<\/h2>[vc_column_text css=&#8221;.vc_custom_1700481726343{padding-top: 10px !important;}&#8221;]Almanya&#8217;da ola\u011fan yarg\u0131 yetkisi ve uzman yarg\u0131 yetkisi bulunmaktad\u0131r. Ola\u011fan yarg\u0131 yetkisi, hukuki ve cezai yarg\u0131 yetkisini i\u00e7erir. Uzmanla\u015fm\u0131\u015f yarg\u0131 yetkisi idari, mali, i\u015f ve sosyal mahkemeleri i\u00e7ermektedir. Ayr\u0131ca Federal Anayasa Mahkemesi ve eyaletlerin anayasa mahkemelerinin anayasal yarg\u0131 yetkisi bulunmaktad\u0131r.[\/vc_column_text][\/vc_column][\/vc_row][vc_row triangle_shape=&#8221;no&#8221; css=&#8221;.vc_custom_1700481456597{padding-bottom: 20px !important;}&#8221;][vc_column]\n<h2 class=\"mkd-custom-font-holder\" style=\"font-size: 20px;line-height: 20px;font-weight: 700\" data-font-size= 20 data-line-height= 20>\n\tGerichtshierarchie<\/h2>[vc_column_text css=&#8221;.vc_custom_1700481755903{padding-top: 10px !important;}&#8221;]Federal Adalet Bakanl\u0131\u011f\u0131 taraf\u0131ndan sa\u011flanan <a href=\"http:\/\/www.bmjv.de\/SharedDocs\/Archiv\/Downloads\/Schaubild_Gerichtsaufbau_Deutsch.pdf;jsessionid=720F1B8B4C70A7B6CA83BC98C5FB22A9.1_cid289?__blob=publicationFile&amp;v=3\" target=\"_blank\" rel=\"noopener\">mahkeme hiyerar\u015fisine<\/a> bak\u0131n.<\/p>\n<p>T\u00fcm mahkemelere genel bir bak\u0131\u015f\u0131 burada bulabilirsiniz: Mahkemelerin adres listesi[\/vc_column_text][\/vc_column][\/vc_row][vc_row triangle_shape=&#8221;no&#8221; css=&#8221;.vc_custom_1697455870159{padding-bottom: 50px !important;}&#8221;][vc_column]\n<h2 class=\"mkd-custom-font-holder\" style=\"font-size: 20px;line-height: 20px;font-weight: 700\" data-font-size= 20 data-line-height= 20>\n\tLinks zum Thema<\/h2>[vc_column_text css=&#8221;.vc_custom_1700481629550{padding-top: 10px !important;}&#8221;]<\/p>\n<p><a href=\"http:\/\/www.bundesgerichtshof.de\/\" target=\"_blank\" rel=\"noopener\">Federal Adalet Divan\u0131<\/a><\/p>\n<p><a href=\"http:\/\/www.bverwg.de\/\" target=\"_blank\" rel=\"noopener\">Federal \u0130dare Mahkemesi<\/a><\/p>\n<p><a href=\"http:\/\/www.bundesfinanzhof.de\/\" target=\"_blank\" rel=\"noopener\">Federal Maliye Mahkemesi<\/a><\/p>\n<p><a href=\"http:\/\/www.bundesarbeitsgericht.de\/\" target=\"_blank\" rel=\"noopener\">Federal \u0130\u015f Mahkemesi<\/a><\/p>\n<p><a href=\"http:\/\/www.bundessozialgericht.de\/\" target=\"_blank\" rel=\"noopener\">Federal Sosyal Mahkeme<\/a><\/p>\n<p><a href=\"http:\/\/www.bundesverfassungsgericht.de\/\" target=\"_blank\" rel=\"noopener\">Federal Anayasa Mahkemesi<\/a><\/p>\n<p><a href=\"http:\/\/www.bmj.de\/SharedDocs\/Downloads\/DE\/Organisationsplan\">Federal Adalet Bakanl\u0131\u011f\u0131<\/a><\/p>\n<p>[\/vc_column_text][\/vc_column][\/vc_row]<\/p>\n<\/div>","protected":false},"excerpt":{"rendered":"<p>[vc_row content_width=&#8221;grid&#8221; content_aligment=&#8221;center&#8221; triangle_shape=&#8221;no&#8221; css=&#8221;.vc_custom_1696926719838{padding-bottom: 10px !important;background-position: center !important;background-repeat: no-repeat !important;background-size: cover !important;}&#8221;][vc_column][\/vc_column][\/vc_row][vc_row triangle_shape=&#8221;no&#8221; css=&#8221;.vc_custom_1700481456597{padding-bottom: 20px !important;}&#8221;][vc_column][vc_column_text css=&#8221;.vc_custom_1700481415304{padding-top: 10px !important;}&#8221;] Genel s\u00f6zle\u015fme hukuku, her t\u00fcrl\u00fc \u00f6zel hukukun s\u00f6zle\u015fmelerini ve s\u00f6zle\u015fmeye dayal\u0131 y\u00f6ntemlerini ve s\u00f6zle\u015fme taraflar\u0131 aras\u0131ndaki hukuki ili\u015fkileri ele alan bir dizi yasal h\u00fck\u00fcm olarak anla\u015f\u0131lmaktad\u0131r. [\/vc_column_text][\/vc_column][\/vc_row][vc_row triangle_shape=&#8221;no&#8221; css=&#8221;.vc_custom_1700481456597{padding-bottom: 20px !important;}&#8221;][vc_column][vc_column_text css=&#8221;.vc_custom_1700481501191{padding-top: 10px !important;}&#8221;]Almanya&#8217;daki yarg\u0131 yetkisi be\u015f ba\u011f\u0131ms\u0131z, uzmanla\u015fm\u0131\u015f mahkeme \u015fubesine ayr\u0131lm\u0131\u015ft\u0131r:[\/vc_column_text][vc_column_text css=&#8221;.vc_custom_1700481559519{padding-top: 10px !important;}&#8221;]Bu yarg\u0131 yetkisine ek olarak, Federal Anayasa Mahkemesi ve federal eyaletlerin anayasa mahkemelerini de kapsayan anayasal yarg\u0131 yetkisi de bulunmaktad\u0131r.[\/vc_column_text][vc_column_text css=&#8221;.vc_custom_1700481540103{padding-top: 10px !important;}&#8221;]Federal Adalet Bakanl\u0131\u011f\u0131&#8216;n\u0131n internet sitesinde Almanya&#8217;daki mahkeme yap\u0131s\u0131na ili\u015fkin bir genel bak\u0131\u015f bulunmaktad\u0131r.[\/vc_column_text][\/vc_column][\/vc_row][vc_row triangle_shape=&#8221;no&#8221;&#8230;<\/p>\n","protected":false},"author":1,"featured_media":0,"parent":0,"menu_order":0,"comment_status":"closed","ping_status":"closed","template":"","meta":{"footnotes":""},"class_list":["post-14496","page","type-page","status-publish","hentry"],"yoast_head":"<!-- This site is optimized with the Yoast SEO Premium plugin v27.2 (Yoast SEO v27.3) - https:\/\/yoast.com\/product\/yoast-seo-premium-wordpress\/ -->\n<title>Rechtsanwaltskanzlei in Hamburg Berlin Bremen Hannover L\u00fcbeck<\/title>\n<meta name=\"description\" content=\"Rechtsanwaltskanzlei f\u00fcr Arbeitsrecht, Arzthaftung, Mietrecht, Gewerbemietrecht ,Gastronomierecht, Immobilienrecht, Schadensersatz Yachtrecht\" \/>\n<meta name=\"robots\" content=\"index, follow, max-snippet:-1, max-image-preview:large, max-video-preview:-1\" \/>\n<link rel=\"canonical\" href=\"https:\/\/www.kanzlei-steinwachs.de\/tr\/bulasiklar\/\" \/>\n<meta property=\"og:locale\" content=\"tr_TR\" \/>\n<meta property=\"og:type\" content=\"article\" \/>\n<meta property=\"og:title\" content=\"Rechtsanwaltskanzlei in Hamburg Berlin Bremen Hannover L\u00fcbeck\" \/>\n<meta property=\"og:description\" content=\"Rechtsanwaltskanzlei f\u00fcr Arbeitsrecht, Arzthaftung, Mietrecht, Gewerbemietrecht ,Gastronomierecht, Immobilienrecht, Schadensersatz Yachtrecht\" \/>\n<meta property=\"og:url\" content=\"https:\/\/www.kanzlei-steinwachs.de\/tr\/bulasiklar\/\" \/>\n<meta property=\"og:site_name\" content=\"Rechtsanwaltskanzlei Anwalt Hamburg Berlin Bremen Hannover L\u00fcbeck\" \/>\n<meta property=\"article:publisher\" content=\"https:\/\/www.facebook.com\/STEINWACHSRechtsanwaltskanzlei\/\" \/>\n<meta property=\"article:modified_time\" content=\"2023-12-04T06:37:57+00:00\" \/>\n<meta name=\"twitter:card\" content=\"summary_large_image\" \/>\n<meta name=\"twitter:site\" content=\"@rasteinwachs\" \/>\n<meta name=\"twitter:label1\" content=\"Tahmini okuma s\u00fcresi\" \/>\n\t<meta name=\"twitter:data1\" content=\"3 dakika\" \/>\n<script type=\"application\/ld+json\" class=\"yoast-schema-graph\">{\"@context\":\"https:\\\/\\\/schema.org\",\"@graph\":[{\"@type\":\"WebPage\",\"@id\":\"https:\\\/\\\/www.kanzlei-steinwachs.de\\\/tr\\\/bulasiklar\\\/\",\"url\":\"https:\\\/\\\/www.kanzlei-steinwachs.de\\\/tr\\\/bulasiklar\\\/\",\"name\":\"Rechtsanwaltskanzlei in Hamburg Berlin Bremen Hannover L\u00fcbeck\",\"isPartOf\":{\"@id\":\"https:\\\/\\\/www.kanzlei-steinwachs.de\\\/tr\\\/#website\"},\"datePublished\":\"2023-11-15T10:11:49+00:00\",\"dateModified\":\"2023-12-04T06:37:57+00:00\",\"description\":\"Rechtsanwaltskanzlei f\u00fcr Arbeitsrecht, Arzthaftung, Mietrecht, Gewerbemietrecht ,Gastronomierecht, Immobilienrecht, Schadensersatz Yachtrecht\",\"inLanguage\":\"tr\",\"potentialAction\":[{\"@type\":\"ReadAction\",\"target\":[\"https:\\\/\\\/www.kanzlei-steinwachs.de\\\/tr\\\/bulasiklar\\\/\"]}]},{\"@type\":\"WebSite\",\"@id\":\"https:\\\/\\\/www.kanzlei-steinwachs.de\\\/tr\\\/#website\",\"url\":\"https:\\\/\\\/www.kanzlei-steinwachs.de\\\/tr\\\/\",\"name\":\"Rechtsanwaltskanzlei Anwalt Hamburg Berlin Bremen Hannover L\u00fcbeck\",\"description\":\"Wir leisten mehr als Recht bietet\",\"publisher\":{\"@id\":\"https:\\\/\\\/www.kanzlei-steinwachs.de\\\/tr\\\/#organization\"},\"potentialAction\":[{\"@type\":\"SearchAction\",\"target\":{\"@type\":\"EntryPoint\",\"urlTemplate\":\"https:\\\/\\\/www.kanzlei-steinwachs.de\\\/tr\\\/?s={search_term_string}\"},\"query-input\":{\"@type\":\"PropertyValueSpecification\",\"valueRequired\":true,\"valueName\":\"search_term_string\"}}],\"inLanguage\":\"tr\"},{\"@type\":[\"Organization\",\"Place\"],\"@id\":\"https:\\\/\\\/www.kanzlei-steinwachs.de\\\/tr\\\/#organization\",\"name\":\"Rechtsanwaltskanzlei Anwalt Hamburg Berlin Bremen Hannover L\u00fcbeck\",\"url\":\"https:\\\/\\\/www.kanzlei-steinwachs.de\\\/\",\"logo\":{\"@type\":\"ImageObject\",\"inLanguage\":\"tr\",\"@id\":\"https:\\\/\\\/www.kanzlei-steinwachs.de\\\/tr\\\/#\\\/schema\\\/logo\\\/image\\\/\",\"url\":\"https:\\\/\\\/i0.wp.com\\\/www.kanzlei-steinwachs.de\\\/wp-content\\\/uploads\\\/2023\\\/12\\\/logo.webp?fit=174%2C76&quality=80&ssl=1\",\"contentUrl\":\"https:\\\/\\\/i0.wp.com\\\/www.kanzlei-steinwachs.de\\\/wp-content\\\/uploads\\\/2023\\\/12\\\/logo.webp?fit=174%2C76&quality=80&ssl=1\",\"width\":174,\"height\":76,\"caption\":\"Rechtsanwaltskanzlei Anwalt Hamburg Berlin Bremen Hannover L\u00fcbeck\"},\"image\":{\"@id\":\"https:\\\/\\\/www.kanzlei-steinwachs.de\\\/tr\\\/#\\\/schema\\\/logo\\\/image\\\/\"},\"sameAs\":[\"https:\\\/\\\/www.facebook.com\\\/STEINWACHSRechtsanwaltskanzlei\\\/\",\"https:\\\/\\\/x.com\\\/rasteinwachs\",\"https:\\\/\\\/www.instagram.com\\\/steinwachs_rechtsanwaelte\\\/\",\"https:\\\/\\\/www.linkedin.com\\\/in\\\/stephan-steinwachs-7a270197\\\/\",\"https:\\\/\\\/www.youtube.com\\\/channel\\\/UCffmodDlQx81remXm395RWA\"],\"telephone\":[]}]}<\/script>\n<!-- \/ Yoast SEO Premium plugin. -->","yoast_head_json":{"title":"Rechtsanwaltskanzlei in Hamburg Berlin Bremen Hannover L\u00fcbeck","description":"Rechtsanwaltskanzlei f\u00fcr Arbeitsrecht, Arzthaftung, Mietrecht, Gewerbemietrecht ,Gastronomierecht, Immobilienrecht, Schadensersatz Yachtrecht","robots":{"index":"index","follow":"follow","max-snippet":"max-snippet:-1","max-image-preview":"max-image-preview:large","max-video-preview":"max-video-preview:-1"},"canonical":"https:\/\/www.kanzlei-steinwachs.de\/tr\/bulasiklar\/","og_locale":"tr_TR","og_type":"article","og_title":"Rechtsanwaltskanzlei in Hamburg Berlin Bremen Hannover L\u00fcbeck","og_description":"Rechtsanwaltskanzlei f\u00fcr Arbeitsrecht, Arzthaftung, Mietrecht, Gewerbemietrecht ,Gastronomierecht, Immobilienrecht, Schadensersatz Yachtrecht","og_url":"https:\/\/www.kanzlei-steinwachs.de\/tr\/bulasiklar\/","og_site_name":"Rechtsanwaltskanzlei Anwalt Hamburg Berlin Bremen Hannover L\u00fcbeck","article_publisher":"https:\/\/www.facebook.com\/STEINWACHSRechtsanwaltskanzlei\/","article_modified_time":"2023-12-04T06:37:57+00:00","twitter_card":"summary_large_image","twitter_site":"@rasteinwachs","twitter_misc":{"Tahmini okuma s\u00fcresi":"3 dakika"},"schema":{"@context":"https:\/\/schema.org","@graph":[{"@type":"WebPage","@id":"https:\/\/www.kanzlei-steinwachs.de\/tr\/bulasiklar\/","url":"https:\/\/www.kanzlei-steinwachs.de\/tr\/bulasiklar\/","name":"Rechtsanwaltskanzlei in Hamburg Berlin Bremen Hannover L\u00fcbeck","isPartOf":{"@id":"https:\/\/www.kanzlei-steinwachs.de\/tr\/#website"},"datePublished":"2023-11-15T10:11:49+00:00","dateModified":"2023-12-04T06:37:57+00:00","description":"Rechtsanwaltskanzlei f\u00fcr Arbeitsrecht, Arzthaftung, Mietrecht, Gewerbemietrecht ,Gastronomierecht, Immobilienrecht, Schadensersatz Yachtrecht","inLanguage":"tr","potentialAction":[{"@type":"ReadAction","target":["https:\/\/www.kanzlei-steinwachs.de\/tr\/bulasiklar\/"]}]},{"@type":"WebSite","@id":"https:\/\/www.kanzlei-steinwachs.de\/tr\/#website","url":"https:\/\/www.kanzlei-steinwachs.de\/tr\/","name":"Rechtsanwaltskanzlei Anwalt Hamburg Berlin Bremen Hannover L\u00fcbeck","description":"Wir leisten mehr als Recht bietet","publisher":{"@id":"https:\/\/www.kanzlei-steinwachs.de\/tr\/#organization"},"potentialAction":[{"@type":"SearchAction","target":{"@type":"EntryPoint","urlTemplate":"https:\/\/www.kanzlei-steinwachs.de\/tr\/?s={search_term_string}"},"query-input":{"@type":"PropertyValueSpecification","valueRequired":true,"valueName":"search_term_string"}}],"inLanguage":"tr"},{"@type":["Organization","Place"],"@id":"https:\/\/www.kanzlei-steinwachs.de\/tr\/#organization","name":"Rechtsanwaltskanzlei Anwalt Hamburg Berlin Bremen Hannover L\u00fcbeck","url":"https:\/\/www.kanzlei-steinwachs.de\/","logo":{"@type":"ImageObject","inLanguage":"tr","@id":"https:\/\/www.kanzlei-steinwachs.de\/tr\/#\/schema\/logo\/image\/","url":"https:\/\/i0.wp.com\/www.kanzlei-steinwachs.de\/wp-content\/uploads\/2023\/12\/logo.webp?fit=174%2C76&quality=80&ssl=1","contentUrl":"https:\/\/i0.wp.com\/www.kanzlei-steinwachs.de\/wp-content\/uploads\/2023\/12\/logo.webp?fit=174%2C76&quality=80&ssl=1","width":174,"height":76,"caption":"Rechtsanwaltskanzlei Anwalt Hamburg Berlin Bremen Hannover L\u00fcbeck"},"image":{"@id":"https:\/\/www.kanzlei-steinwachs.de\/tr\/#\/schema\/logo\/image\/"},"sameAs":["https:\/\/www.facebook.com\/STEINWACHSRechtsanwaltskanzlei\/","https:\/\/x.com\/rasteinwachs","https:\/\/www.instagram.com\/steinwachs_rechtsanwaelte\/","https:\/\/www.linkedin.com\/in\/stephan-steinwachs-7a270197\/","https:\/\/www.youtube.com\/channel\/UCffmodDlQx81remXm395RWA"],"telephone":[]}]}},"jetpack_sharing_enabled":true,"_links":{"self":[{"href":"https:\/\/www.kanzlei-steinwachs.de\/tr\/wp-json\/wp\/v2\/pages\/14496","targetHints":{"allow":["GET"]}}],"collection":[{"href":"https:\/\/www.kanzlei-steinwachs.de\/tr\/wp-json\/wp\/v2\/pages"}],"about":[{"href":"https:\/\/www.kanzlei-steinwachs.de\/tr\/wp-json\/wp\/v2\/types\/page"}],"author":[{"embeddable":true,"href":"https:\/\/www.kanzlei-steinwachs.de\/tr\/wp-json\/wp\/v2\/users\/1"}],"replies":[{"embeddable":true,"href":"https:\/\/www.kanzlei-steinwachs.de\/tr\/wp-json\/wp\/v2\/comments?post=14496"}],"version-history":[{"count":0,"href":"https:\/\/www.kanzlei-steinwachs.de\/tr\/wp-json\/wp\/v2\/pages\/14496\/revisions"}],"wp:attachment":[{"href":"https:\/\/www.kanzlei-steinwachs.de\/tr\/wp-json\/wp\/v2\/media?parent=14496"}],"curies":[{"name":"wp","href":"https:\/\/api.w.org\/{rel}","templated":true}]}}