{"id":14107,"date":"2023-11-20T15:01:37","date_gmt":"2023-11-20T14:01:37","guid":{"rendered":"https:\/\/www.kanzlei-steinwachs.de\/tibbi-sorumluluk-hukuku\/tibbi-sorumluluk\/"},"modified":"2023-12-01T13:41:57","modified_gmt":"2023-12-01T12:41:57","slug":"tibbi-sorumluluk","status":"publish","type":"page","link":"https:\/\/www.kanzlei-steinwachs.de\/tr\/tibbi-sorumluluk-hukuku\/tibbi-sorumluluk\/","title":{"rendered":"T\u0131bbi sorumluluk"},"content":{"rendered":"<div class=\"wpb-content-wrapper\"><p>[vc_row content_width=&#8221;grid&#8221; content_aligment=&#8221;center&#8221; triangle_shape=&#8221;no&#8221; css=&#8221;.vc_custom_1696926719838{padding-bottom: 10px !important;background-position: center !important;background-repeat: no-repeat !important;background-size: cover !important;}&#8221;][vc_column]<div class=\"mkd-separator-holder clearfix  mkd-separator-center mkd-separator-with-icon mkd-animate\" style=\"margin-top: 20px; margin-bottom: 30px\">\n\t<div class=\"mkd-separator\" style=\"border-color: #c18f59;border-style: solid;width: 97.5px\"><\/div>\n\t\t<div class=\"mkd-separator-icon\">\n\t\t\t                    \t\t\t\t\t\t<\/div>\n\t<div class=\"mkd-separator\" style=\"border-color: #c18f59;border-style: solid;width: 97.5px\"><\/div>\n<\/div>\n[\/vc_column][\/vc_row][vc_row triangle_shape=&#8221;no&#8221; css=&#8221;.vc_custom_1700489067823{padding-bottom: 20px !important;}&#8221;][vc_column][vc_column_text css=&#8221;.vc_custom_1700489046177{margin-bottom: 0px !important;padding-top: 20px !important;padding-bottom: 1px !important;}&#8221;]T\u0131bbi uygulama hatas\u0131, sa\u011fl\u0131k mesle\u011fi mensubunun t\u0131bbi tedavi s\u0131ras\u0131nda yapt\u0131\u011f\u0131 hata veya yanl\u0131\u015f eylemdir. B\u00f6yle bir hata, t\u0131bbi bak\u0131m\u0131n kabul edilen bak\u0131m veya beceri standard\u0131n\u0131n alt\u0131na d\u00fc\u015fmesi ve dolay\u0131s\u0131yla hastaya zarar verilmesi durumunda ortaya \u00e7\u0131kar. T\u0131bbi hatalar, te\u015fhis hatalar\u0131, ila\u00e7 hatalar\u0131, cerrahi hatalar, ileti\u015fim hatalar\u0131 veya takip bak\u0131m\u0131n\u0131n eksikli\u011fi dahil olmak \u00fczere t\u0131bbi bak\u0131m\u0131n \u00e7e\u015fitli alanlar\u0131nda meydana gelebilir.[\/vc_column_text][vc_column_text css=&#8221;.vc_custom_1700489051513{margin-bottom: 0px !important;padding-top: 20px !important;padding-bottom: 1px !important;}&#8221;]T\u0131bbi tedaviden kaynaklanan t\u00fcm olumsuz sonu\u00e7lar\u0131n veya komplikasyonlar\u0131n otomatik olarak t\u0131bbi uygulama hatas\u0131 olarak de\u011ferlendirilmedi\u011fini belirtmek \u00f6nemlidir. Her olumsuz t\u0131bbi sonu\u00e7 bir hatadan kaynaklanmaz. T\u0131bbi hata, yaln\u0131zca t\u0131bbi bak\u0131m\u0131n kabul edilen standard\u0131n alt\u0131nda olmas\u0131 durumunda ortaya \u00e7\u0131kar ve bu, \u00f6nlenebilecek bir hasara neden olur.[\/vc_column_text][vc_column_text css=&#8221;.vc_custom_1700489060079{padding-top: 10px !important;}&#8221;]Bir hasta t\u0131bbi bir uygulama hatas\u0131n\u0131n meydana geldi\u011finden \u015f\u00fcpheleniyorsa, iddialar\u0131n\u0131 incelemek ve gerekirse yasal yollara ba\u015fvurmak i\u00e7in hukuk b\u00fcromuzla ileti\u015fime ge\u00e7ebilir. Baz\u0131 \u00fclkelerde bu t\u00fcr davalarla ilgilenen ve tedavi hatalar\u0131n\u0131n a\u00e7\u0131kl\u0131\u011fa kavu\u015fturulmas\u0131 ve de\u011ferlendirilmesinde destek sa\u011flayabilecek \u00f6zel hakem kurullar\u0131 veya uzman komisyonlar\u0131 da bulunmaktad\u0131r.<\/p>\n<p>[\/vc_column_text][\/vc_column][\/vc_row][vc_row triangle_shape=&#8221;no&#8221; css=&#8221;.vc_custom_1700489067823{padding-bottom: 20px !important;}&#8221;][vc_column]<div class=\"mkd-unordered-list \" ><ul>\n<li>BGH, 20 \u015eubat 2018 tarihli karar &#8211; VI ZR 30\/17: Bu kararda BGH, i\u015flem hatalar\u0131 durumunda ispat y\u00fck\u00fcn\u00fcn da\u011f\u0131l\u0131m\u0131 sorununu ele almaktad\u0131r. BGH, hastan\u0131n genel olarak bir tedavi hatas\u0131 oldu\u011funa dair kan\u0131t sunmas\u0131 gerekti\u011fine karar verir. <\/li>\n<li>BGH, 23 Ekim 2012 tarihli karar &#8211; VI ZR 74\/12: Bu karar, doktorun t\u0131bbi tedavinin olas\u0131 riskleri hakk\u0131nda bilgilendirme g\u00f6reviyle ilgilidir. BGH, hastan\u0131n bilin\u00e7li bir karar verebilmesi i\u00e7in doktorun hastay\u0131 olas\u0131 riskler konusunda tam olarak bilgilendirmesi gerekti\u011fini a\u00e7\u0131k\u00e7a belirtmektedir. <\/li>\n<li>BGH, 29 Nisan 2003 tarihli karar &#8211; VI ZR 398\/02: Bu karar, tedavi hatalar\u0131na ili\u015fkin zamana\u015f\u0131m\u0131na ili\u015fkindir. BGH, tedavi hatalar\u0131 durumunda tazminat talepleri i\u00e7in normal zaman a\u015f\u0131m\u0131 s\u00fcresinin \u00fc\u00e7 y\u0131l oldu\u011funu ve ancak hastan\u0131n tedavi hatas\u0131n\u0131n fark\u0131na vard\u0131\u011f\u0131 andan itibaren ba\u015flad\u0131\u011f\u0131n\u0131 belirtmektedir. <\/li>\n<li>BGH, 16 Temmuz 2002 tarihli karar &#8211; VI ZR 331\/01: Burada BGH, a\u011f\u0131r i\u015flem hatalar\u0131 durumunda ispat y\u00fck\u00fcn\u00fcn tersine \u00e7evrilmesi sorununu ele almaktad\u0131r. Federal Adalet Divan\u0131, a\u011f\u0131r bir tedavi hatas\u0131 olmas\u0131 durumunda ispat y\u00fck\u00fcn\u00fcn hasta lehine tersine \u00e7evrilebilece\u011fine, yani doktorun bu durumda hatan\u0131n neden olunan zarar\u0131n nedeni olmad\u0131\u011f\u0131n\u0131 kan\u0131tlamas\u0131 gerekti\u011fine karar verir. <\/li>\n<\/ul>\n<\/div>[\/vc_column][\/vc_row]<\/p>\n<\/div>","protected":false},"excerpt":{"rendered":"<p>[vc_row content_width=&#8221;grid&#8221; content_aligment=&#8221;center&#8221; triangle_shape=&#8221;no&#8221; css=&#8221;.vc_custom_1696926719838{padding-bottom: 10px !important;background-position: center !important;background-repeat: no-repeat !important;background-size: cover !important;}&#8221;][vc_column][\/vc_column][\/vc_row][vc_row triangle_shape=&#8221;no&#8221; css=&#8221;.vc_custom_1700489067823{padding-bottom: 20px !important;}&#8221;][vc_column][vc_column_text css=&#8221;.vc_custom_1700489046177{margin-bottom: 0px !important;padding-top: 20px !important;padding-bottom: 1px !important;}&#8221;]T\u0131bbi uygulama hatas\u0131, sa\u011fl\u0131k mesle\u011fi mensubunun t\u0131bbi tedavi s\u0131ras\u0131nda yapt\u0131\u011f\u0131 hata veya yanl\u0131\u015f eylemdir. B\u00f6yle bir hata, t\u0131bbi bak\u0131m\u0131n kabul edilen bak\u0131m veya beceri standard\u0131n\u0131n alt\u0131na d\u00fc\u015fmesi ve dolay\u0131s\u0131yla hastaya zarar verilmesi durumunda ortaya \u00e7\u0131kar. T\u0131bbi hatalar, te\u015fhis hatalar\u0131, ila\u00e7 hatalar\u0131, cerrahi hatalar, ileti\u015fim hatalar\u0131 veya takip bak\u0131m\u0131n\u0131n eksikli\u011fi dahil olmak \u00fczere t\u0131bbi bak\u0131m\u0131n \u00e7e\u015fitli alanlar\u0131nda meydana gelebilir.[\/vc_column_text][vc_column_text css=&#8221;.vc_custom_1700489051513{margin-bottom: 0px !important;padding-top: 20px !important;padding-bottom: 1px !important;}&#8221;]T\u0131bbi tedaviden kaynaklanan t\u00fcm olumsuz sonu\u00e7lar\u0131n veya komplikasyonlar\u0131n otomatik olarak t\u0131bbi uygulama hatas\u0131&#8230;<\/p>\n","protected":false},"author":1,"featured_media":0,"parent":9647,"menu_order":0,"comment_status":"closed","ping_status":"closed","template":"","meta":{"footnotes":""},"class_list":["post-14107","page","type-page","status-publish","hentry"],"yoast_head":"<!-- This site is optimized with the Yoast SEO Premium plugin v27.2 (Yoast SEO v27.3) - https:\/\/yoast.com\/product\/yoast-seo-premium-wordpress\/ -->\n<title>Rechtsanwaltskanzlei in Hamburg Berlin Bremen Hannover L\u00fcbeck<\/title>\n<meta name=\"description\" content=\"Rechtsanwaltskanzlei f\u00fcr Arbeitsrecht, Arzthaftung, Mietrecht, Gewerbemietrecht ,Gastronomierecht, Immobilienrecht, Schadensersatz Yachtrecht\" \/>\n<meta name=\"robots\" content=\"index, follow, max-snippet:-1, max-image-preview:large, max-video-preview:-1\" \/>\n<link rel=\"canonical\" href=\"https:\/\/www.kanzlei-steinwachs.de\/tr\/tibbi-sorumluluk-hukuku\/tibbi-sorumluluk\/\" \/>\n<meta property=\"og:locale\" content=\"tr_TR\" \/>\n<meta property=\"og:type\" content=\"article\" \/>\n<meta property=\"og:title\" content=\"Rechtsanwaltskanzlei in Hamburg Berlin Bremen Hannover L\u00fcbeck\" \/>\n<meta property=\"og:description\" content=\"Rechtsanwaltskanzlei f\u00fcr Arbeitsrecht, Arzthaftung, Mietrecht, Gewerbemietrecht ,Gastronomierecht, Immobilienrecht, Schadensersatz Yachtrecht\" \/>\n<meta property=\"og:url\" content=\"https:\/\/www.kanzlei-steinwachs.de\/tr\/tibbi-sorumluluk-hukuku\/tibbi-sorumluluk\/\" \/>\n<meta property=\"og:site_name\" content=\"Rechtsanwaltskanzlei Anwalt Hamburg Berlin Bremen Hannover L\u00fcbeck\" \/>\n<meta property=\"article:publisher\" content=\"https:\/\/www.facebook.com\/STEINWACHSRechtsanwaltskanzlei\/\" \/>\n<meta property=\"article:modified_time\" content=\"2023-12-01T12:41:57+00:00\" \/>\n<meta name=\"twitter:card\" content=\"summary_large_image\" \/>\n<meta name=\"twitter:site\" content=\"@rasteinwachs\" \/>\n<meta name=\"twitter:label1\" content=\"Tahmini okuma s\u00fcresi\" \/>\n\t<meta name=\"twitter:data1\" content=\"3 dakika\" \/>\n<script type=\"application\/ld+json\" class=\"yoast-schema-graph\">{\"@context\":\"https:\\\/\\\/schema.org\",\"@graph\":[{\"@type\":\"WebPage\",\"@id\":\"https:\\\/\\\/www.kanzlei-steinwachs.de\\\/tr\\\/tibbi-sorumluluk-hukuku\\\/tibbi-sorumluluk\\\/\",\"url\":\"https:\\\/\\\/www.kanzlei-steinwachs.de\\\/tr\\\/tibbi-sorumluluk-hukuku\\\/tibbi-sorumluluk\\\/\",\"name\":\"Rechtsanwaltskanzlei in Hamburg Berlin Bremen Hannover L\u00fcbeck\",\"isPartOf\":{\"@id\":\"https:\\\/\\\/www.kanzlei-steinwachs.de\\\/tr\\\/#website\"},\"datePublished\":\"2023-11-20T14:01:37+00:00\",\"dateModified\":\"2023-12-01T12:41:57+00:00\",\"description\":\"Rechtsanwaltskanzlei f\u00fcr Arbeitsrecht, Arzthaftung, Mietrecht, Gewerbemietrecht ,Gastronomierecht, Immobilienrecht, Schadensersatz Yachtrecht\",\"breadcrumb\":{\"@id\":\"https:\\\/\\\/www.kanzlei-steinwachs.de\\\/tr\\\/tibbi-sorumluluk-hukuku\\\/tibbi-sorumluluk\\\/#breadcrumb\"},\"inLanguage\":\"tr\",\"potentialAction\":[{\"@type\":\"ReadAction\",\"target\":[\"https:\\\/\\\/www.kanzlei-steinwachs.de\\\/tr\\\/tibbi-sorumluluk-hukuku\\\/tibbi-sorumluluk\\\/\"]}]},{\"@type\":\"BreadcrumbList\",\"@id\":\"https:\\\/\\\/www.kanzlei-steinwachs.de\\\/tr\\\/tibbi-sorumluluk-hukuku\\\/tibbi-sorumluluk\\\/#breadcrumb\",\"itemListElement\":[{\"@type\":\"ListItem\",\"position\":1,\"name\":\"T\u0131bbi sorumluluk hukuku\",\"item\":\"https:\\\/\\\/www.kanzlei-steinwachs.de\\\/tr\\\/tibbi-sorumluluk-hukuku\\\/\"},{\"@type\":\"ListItem\",\"position\":2,\"name\":\"T\u0131bbi sorumluluk\"}]},{\"@type\":\"WebSite\",\"@id\":\"https:\\\/\\\/www.kanzlei-steinwachs.de\\\/tr\\\/#website\",\"url\":\"https:\\\/\\\/www.kanzlei-steinwachs.de\\\/tr\\\/\",\"name\":\"Rechtsanwaltskanzlei Anwalt Hamburg Berlin Bremen Hannover L\u00fcbeck\",\"description\":\"Wir leisten mehr als Recht bietet\",\"publisher\":{\"@id\":\"https:\\\/\\\/www.kanzlei-steinwachs.de\\\/tr\\\/#organization\"},\"potentialAction\":[{\"@type\":\"SearchAction\",\"target\":{\"@type\":\"EntryPoint\",\"urlTemplate\":\"https:\\\/\\\/www.kanzlei-steinwachs.de\\\/tr\\\/?s={search_term_string}\"},\"query-input\":{\"@type\":\"PropertyValueSpecification\",\"valueRequired\":true,\"valueName\":\"search_term_string\"}}],\"inLanguage\":\"tr\"},{\"@type\":[\"Organization\",\"Place\"],\"@id\":\"https:\\\/\\\/www.kanzlei-steinwachs.de\\\/tr\\\/#organization\",\"name\":\"Rechtsanwaltskanzlei Anwalt Hamburg Berlin Bremen Hannover L\u00fcbeck\",\"url\":\"https:\\\/\\\/www.kanzlei-steinwachs.de\\\/\",\"logo\":{\"@type\":\"ImageObject\",\"inLanguage\":\"tr\",\"@id\":\"https:\\\/\\\/www.kanzlei-steinwachs.de\\\/tr\\\/#\\\/schema\\\/logo\\\/image\\\/\",\"url\":\"https:\\\/\\\/i0.wp.com\\\/www.kanzlei-steinwachs.de\\\/wp-content\\\/uploads\\\/2023\\\/12\\\/logo.webp?fit=174%2C76&quality=80&ssl=1\",\"contentUrl\":\"https:\\\/\\\/i0.wp.com\\\/www.kanzlei-steinwachs.de\\\/wp-content\\\/uploads\\\/2023\\\/12\\\/logo.webp?fit=174%2C76&quality=80&ssl=1\",\"width\":174,\"height\":76,\"caption\":\"Rechtsanwaltskanzlei Anwalt Hamburg Berlin Bremen Hannover L\u00fcbeck\"},\"image\":{\"@id\":\"https:\\\/\\\/www.kanzlei-steinwachs.de\\\/tr\\\/#\\\/schema\\\/logo\\\/image\\\/\"},\"sameAs\":[\"https:\\\/\\\/www.facebook.com\\\/STEINWACHSRechtsanwaltskanzlei\\\/\",\"https:\\\/\\\/x.com\\\/rasteinwachs\",\"https:\\\/\\\/www.instagram.com\\\/steinwachs_rechtsanwaelte\\\/\",\"https:\\\/\\\/www.linkedin.com\\\/in\\\/stephan-steinwachs-7a270197\\\/\",\"https:\\\/\\\/www.youtube.com\\\/channel\\\/UCffmodDlQx81remXm395RWA\"],\"telephone\":[]}]}<\/script>\n<!-- \/ Yoast SEO Premium plugin. -->","yoast_head_json":{"title":"Rechtsanwaltskanzlei in Hamburg Berlin Bremen Hannover L\u00fcbeck","description":"Rechtsanwaltskanzlei f\u00fcr Arbeitsrecht, Arzthaftung, Mietrecht, Gewerbemietrecht ,Gastronomierecht, Immobilienrecht, Schadensersatz Yachtrecht","robots":{"index":"index","follow":"follow","max-snippet":"max-snippet:-1","max-image-preview":"max-image-preview:large","max-video-preview":"max-video-preview:-1"},"canonical":"https:\/\/www.kanzlei-steinwachs.de\/tr\/tibbi-sorumluluk-hukuku\/tibbi-sorumluluk\/","og_locale":"tr_TR","og_type":"article","og_title":"Rechtsanwaltskanzlei in Hamburg Berlin Bremen Hannover L\u00fcbeck","og_description":"Rechtsanwaltskanzlei f\u00fcr Arbeitsrecht, Arzthaftung, Mietrecht, Gewerbemietrecht ,Gastronomierecht, Immobilienrecht, Schadensersatz Yachtrecht","og_url":"https:\/\/www.kanzlei-steinwachs.de\/tr\/tibbi-sorumluluk-hukuku\/tibbi-sorumluluk\/","og_site_name":"Rechtsanwaltskanzlei Anwalt Hamburg Berlin Bremen Hannover L\u00fcbeck","article_publisher":"https:\/\/www.facebook.com\/STEINWACHSRechtsanwaltskanzlei\/","article_modified_time":"2023-12-01T12:41:57+00:00","twitter_card":"summary_large_image","twitter_site":"@rasteinwachs","twitter_misc":{"Tahmini okuma s\u00fcresi":"3 dakika"},"schema":{"@context":"https:\/\/schema.org","@graph":[{"@type":"WebPage","@id":"https:\/\/www.kanzlei-steinwachs.de\/tr\/tibbi-sorumluluk-hukuku\/tibbi-sorumluluk\/","url":"https:\/\/www.kanzlei-steinwachs.de\/tr\/tibbi-sorumluluk-hukuku\/tibbi-sorumluluk\/","name":"Rechtsanwaltskanzlei in Hamburg Berlin Bremen Hannover L\u00fcbeck","isPartOf":{"@id":"https:\/\/www.kanzlei-steinwachs.de\/tr\/#website"},"datePublished":"2023-11-20T14:01:37+00:00","dateModified":"2023-12-01T12:41:57+00:00","description":"Rechtsanwaltskanzlei f\u00fcr Arbeitsrecht, Arzthaftung, Mietrecht, Gewerbemietrecht ,Gastronomierecht, Immobilienrecht, Schadensersatz Yachtrecht","breadcrumb":{"@id":"https:\/\/www.kanzlei-steinwachs.de\/tr\/tibbi-sorumluluk-hukuku\/tibbi-sorumluluk\/#breadcrumb"},"inLanguage":"tr","potentialAction":[{"@type":"ReadAction","target":["https:\/\/www.kanzlei-steinwachs.de\/tr\/tibbi-sorumluluk-hukuku\/tibbi-sorumluluk\/"]}]},{"@type":"BreadcrumbList","@id":"https:\/\/www.kanzlei-steinwachs.de\/tr\/tibbi-sorumluluk-hukuku\/tibbi-sorumluluk\/#breadcrumb","itemListElement":[{"@type":"ListItem","position":1,"name":"T\u0131bbi sorumluluk hukuku","item":"https:\/\/www.kanzlei-steinwachs.de\/tr\/tibbi-sorumluluk-hukuku\/"},{"@type":"ListItem","position":2,"name":"T\u0131bbi sorumluluk"}]},{"@type":"WebSite","@id":"https:\/\/www.kanzlei-steinwachs.de\/tr\/#website","url":"https:\/\/www.kanzlei-steinwachs.de\/tr\/","name":"Rechtsanwaltskanzlei Anwalt Hamburg Berlin Bremen Hannover L\u00fcbeck","description":"Wir leisten mehr als Recht bietet","publisher":{"@id":"https:\/\/www.kanzlei-steinwachs.de\/tr\/#organization"},"potentialAction":[{"@type":"SearchAction","target":{"@type":"EntryPoint","urlTemplate":"https:\/\/www.kanzlei-steinwachs.de\/tr\/?s={search_term_string}"},"query-input":{"@type":"PropertyValueSpecification","valueRequired":true,"valueName":"search_term_string"}}],"inLanguage":"tr"},{"@type":["Organization","Place"],"@id":"https:\/\/www.kanzlei-steinwachs.de\/tr\/#organization","name":"Rechtsanwaltskanzlei Anwalt Hamburg Berlin Bremen Hannover L\u00fcbeck","url":"https:\/\/www.kanzlei-steinwachs.de\/","logo":{"@type":"ImageObject","inLanguage":"tr","@id":"https:\/\/www.kanzlei-steinwachs.de\/tr\/#\/schema\/logo\/image\/","url":"https:\/\/i0.wp.com\/www.kanzlei-steinwachs.de\/wp-content\/uploads\/2023\/12\/logo.webp?fit=174%2C76&quality=80&ssl=1","contentUrl":"https:\/\/i0.wp.com\/www.kanzlei-steinwachs.de\/wp-content\/uploads\/2023\/12\/logo.webp?fit=174%2C76&quality=80&ssl=1","width":174,"height":76,"caption":"Rechtsanwaltskanzlei Anwalt Hamburg Berlin Bremen Hannover L\u00fcbeck"},"image":{"@id":"https:\/\/www.kanzlei-steinwachs.de\/tr\/#\/schema\/logo\/image\/"},"sameAs":["https:\/\/www.facebook.com\/STEINWACHSRechtsanwaltskanzlei\/","https:\/\/x.com\/rasteinwachs","https:\/\/www.instagram.com\/steinwachs_rechtsanwaelte\/","https:\/\/www.linkedin.com\/in\/stephan-steinwachs-7a270197\/","https:\/\/www.youtube.com\/channel\/UCffmodDlQx81remXm395RWA"],"telephone":[]}]}},"jetpack_sharing_enabled":true,"_links":{"self":[{"href":"https:\/\/www.kanzlei-steinwachs.de\/tr\/wp-json\/wp\/v2\/pages\/14107","targetHints":{"allow":["GET"]}}],"collection":[{"href":"https:\/\/www.kanzlei-steinwachs.de\/tr\/wp-json\/wp\/v2\/pages"}],"about":[{"href":"https:\/\/www.kanzlei-steinwachs.de\/tr\/wp-json\/wp\/v2\/types\/page"}],"author":[{"embeddable":true,"href":"https:\/\/www.kanzlei-steinwachs.de\/tr\/wp-json\/wp\/v2\/users\/1"}],"replies":[{"embeddable":true,"href":"https:\/\/www.kanzlei-steinwachs.de\/tr\/wp-json\/wp\/v2\/comments?post=14107"}],"version-history":[{"count":0,"href":"https:\/\/www.kanzlei-steinwachs.de\/tr\/wp-json\/wp\/v2\/pages\/14107\/revisions"}],"up":[{"embeddable":true,"href":"https:\/\/www.kanzlei-steinwachs.de\/tr\/wp-json\/wp\/v2\/pages\/9647"}],"wp:attachment":[{"href":"https:\/\/www.kanzlei-steinwachs.de\/tr\/wp-json\/wp\/v2\/media?parent=14107"}],"curies":[{"name":"wp","href":"https:\/\/api.w.org\/{rel}","templated":true}]}}