{"id":14052,"date":"2023-11-20T08:42:52","date_gmt":"2023-11-20T07:42:52","guid":{"rendered":"https:\/\/www.kanzlei-steinwachs.de\/is-hukuku-kararlari\/bag-kararlari-2006\/hasarlar\/"},"modified":"2023-12-01T13:07:39","modified_gmt":"2023-12-01T12:07:39","slug":"hasarlar","status":"publish","type":"page","link":"https:\/\/www.kanzlei-steinwachs.de\/tr\/is-hukuku-kararlari\/bag-kararlari-2006\/hasarlar\/","title":{"rendered":"hasarlar"},"content":{"rendered":"<div class=\"wpb-content-wrapper\"><p>[vc_row triangle_shape=&#8221;no&#8221;][vc_column][vc_column_text]Sekizinci Senato, bir \u00e7al\u0131\u015fan\u0131n eski i\u015fvereninin i\u015f konseyi avukat\u0131na kar\u015f\u0131 tazminat talebi hakk\u0131nda karar vermek zorundayd\u0131. \u00c7al\u0131\u015fan, i\u015fverenin daha sonra iflas etmesinden sonra sosyal plandan k\u0131dem tazminat\u0131 taleplerini b\u00fcy\u00fck \u00f6l\u00e7\u00fcde kar\u015f\u0131layamad\u0131 ve i\u015f konseyi ile imzalanan yasal s\u00f6zle\u015fme kapsam\u0131ndaki y\u00fck\u00fcml\u00fcl\u00fcklerini ihlal etti\u011fi gerek\u00e7esiyle avukatla temasa ge\u00e7ti. 24 A\u011fustos 2006 (8 AZR 414\/05) tarihli karar\u0131nda, Sekizinci Senato, bir i\u015f konseyi avukat\u0131n\u0131n, avukatl\u0131k s\u00f6zle\u015fmesinin k\u00f6t\u00fc performans\u0131 nedeniyle \u00e7al\u0131\u015fanlara kar\u015f\u0131 sorumlu olmayaca\u011f\u0131na karar verdi. Bir avukat, i\u015f konseyi taraf\u0131ndan \u00e7\u0131karlar\u0131n uzla\u015ft\u0131r\u0131lmas\u0131 ve bir sosyal plan \u00fczerinde m\u00fczakere yapmak \u00fczere g\u00f6revlendirilirse, bu avukat, BetrVG&#8217;nin 111 ve sonraki b\u00f6l\u00fcmleri uyar\u0131nca toplu hukuk g\u00f6revlerinde i\u015f konseyine tavsiyelerde bulunmal\u0131 ve onu temsil etmelidir. Bu, \u00e7al\u0131\u015fanlar\u0131n bireysel \u00e7\u0131karlar\u0131n\u0131 temsil etme yetkisi ile sonu\u00e7lanmaz. Bu nedenlerden dolay\u0131 i\u015f konseyi taraf\u0131ndan akdedilen yasal s\u00f6zle\u015fme genellikle \u00e7al\u0131\u015fanlar lehine koruyucu nitelikte bir s\u00f6zle\u015fme de\u011fildir.[\/vc_column_text][\/vc_column][\/vc_row][vc_row triangle_shape=&#8221;no&#8221;][vc_column][vc_empty_space][\/vc_column][\/vc_row]<\/p>\n<\/div>","protected":false},"excerpt":{"rendered":"<p>[vc_row triangle_shape=&#8221;no&#8221;][vc_column][vc_column_text]Sekizinci Senato, bir \u00e7al\u0131\u015fan\u0131n eski i\u015fvereninin i\u015f konseyi avukat\u0131na kar\u015f\u0131 tazminat talebi hakk\u0131nda karar vermek zorundayd\u0131. \u00c7al\u0131\u015fan, i\u015fverenin daha sonra iflas etmesinden sonra sosyal plandan k\u0131dem tazminat\u0131 taleplerini b\u00fcy\u00fck \u00f6l\u00e7\u00fcde kar\u015f\u0131layamad\u0131 ve i\u015f konseyi ile imzalanan yasal s\u00f6zle\u015fme kapsam\u0131ndaki y\u00fck\u00fcml\u00fcl\u00fcklerini ihlal etti\u011fi gerek\u00e7esiyle avukatla temasa ge\u00e7ti. 24 A\u011fustos 2006 (8 AZR 414\/05) tarihli karar\u0131nda, Sekizinci Senato, bir i\u015f konseyi avukat\u0131n\u0131n, avukatl\u0131k s\u00f6zle\u015fmesinin k\u00f6t\u00fc performans\u0131 nedeniyle \u00e7al\u0131\u015fanlara kar\u015f\u0131 sorumlu olmayaca\u011f\u0131na karar verdi. Bir avukat, i\u015f konseyi taraf\u0131ndan \u00e7\u0131karlar\u0131n uzla\u015ft\u0131r\u0131lmas\u0131 ve bir sosyal plan \u00fczerinde m\u00fczakere yapmak \u00fczere g\u00f6revlendirilirse, bu avukat, BetrVG&#8217;nin 111 ve sonraki b\u00f6l\u00fcmleri uyar\u0131nca toplu hukuk g\u00f6revlerinde i\u015f&#8230;<\/p>\n","protected":false},"author":1,"featured_media":10685,"parent":13703,"menu_order":0,"comment_status":"closed","ping_status":"closed","template":"","meta":{"footnotes":""},"class_list":["post-14052","page","type-page","status-publish","has-post-thumbnail","hentry"],"yoast_head":"<!-- This site is optimized with the Yoast SEO Premium plugin v27.2 (Yoast SEO v27.4) - https:\/\/yoast.com\/product\/yoast-seo-premium-wordpress\/ -->\n<title>Rechtsanwaltskanzlei in Hamburg Berlin Bremen Hannover L\u00fcbeck<\/title>\n<meta name=\"description\" content=\"Rechtsanwaltskanzlei f\u00fcr Arbeitsrecht, Arzthaftung, Mietrecht, Gewerbemietrecht ,Gastronomierecht, Immobilienrecht, Schadensersatz Yachtrecht\" \/>\n<meta name=\"robots\" content=\"index, follow, max-snippet:-1, max-image-preview:large, max-video-preview:-1\" \/>\n<link rel=\"canonical\" href=\"https:\/\/www.kanzlei-steinwachs.de\/tr\/is-hukuku-kararlari\/bag-kararlari-2006\/hasarlar\/\" \/>\n<meta property=\"og:locale\" content=\"tr_TR\" \/>\n<meta property=\"og:type\" content=\"article\" \/>\n<meta property=\"og:title\" content=\"Rechtsanwaltskanzlei in Hamburg Berlin Bremen Hannover L\u00fcbeck\" \/>\n<meta property=\"og:description\" content=\"Rechtsanwaltskanzlei f\u00fcr Arbeitsrecht, Arzthaftung, Mietrecht, Gewerbemietrecht ,Gastronomierecht, Immobilienrecht, Schadensersatz Yachtrecht\" \/>\n<meta property=\"og:url\" content=\"https:\/\/www.kanzlei-steinwachs.de\/tr\/is-hukuku-kararlari\/bag-kararlari-2006\/hasarlar\/\" \/>\n<meta property=\"og:site_name\" content=\"Rechtsanwaltskanzlei Anwalt Hamburg Berlin Bremen Hannover L\u00fcbeck\" \/>\n<meta property=\"article:publisher\" content=\"https:\/\/www.facebook.com\/STEINWACHSRechtsanwaltskanzlei\/\" \/>\n<meta property=\"article:modified_time\" content=\"2023-12-01T12:07:39+00:00\" \/>\n<meta name=\"twitter:card\" content=\"summary_large_image\" \/>\n<meta name=\"twitter:site\" content=\"@rasteinwachs\" \/>\n<meta name=\"twitter:label1\" content=\"Tahmini okuma s\u00fcresi\" \/>\n\t<meta name=\"twitter:data1\" content=\"1 dakika\" \/>\n<script type=\"application\/ld+json\" class=\"yoast-schema-graph\">{\"@context\":\"https:\\\/\\\/schema.org\",\"@graph\":[{\"@type\":\"WebPage\",\"@id\":\"https:\\\/\\\/www.kanzlei-steinwachs.de\\\/tr\\\/is-hukuku-kararlari\\\/bag-kararlari-2006\\\/hasarlar\\\/\",\"url\":\"https:\\\/\\\/www.kanzlei-steinwachs.de\\\/tr\\\/is-hukuku-kararlari\\\/bag-kararlari-2006\\\/hasarlar\\\/\",\"name\":\"Rechtsanwaltskanzlei in Hamburg Berlin Bremen Hannover L\u00fcbeck\",\"isPartOf\":{\"@id\":\"https:\\\/\\\/www.kanzlei-steinwachs.de\\\/tr\\\/#website\"},\"primaryImageOfPage\":{\"@id\":\"https:\\\/\\\/www.kanzlei-steinwachs.de\\\/tr\\\/is-hukuku-kararlari\\\/bag-kararlari-2006\\\/hasarlar\\\/#primaryimage\"},\"image\":{\"@id\":\"https:\\\/\\\/www.kanzlei-steinwachs.de\\\/tr\\\/is-hukuku-kararlari\\\/bag-kararlari-2006\\\/hasarlar\\\/#primaryimage\"},\"thumbnailUrl\":\"https:\\\/\\\/i0.wp.com\\\/www.kanzlei-steinwachs.de\\\/wp-content\\\/uploads\\\/2023\\\/11\\\/Bundesarbeitsgericht_Urteile_2006.webp?fit=200%2C100&quality=20&ssl=1\",\"datePublished\":\"2023-11-20T07:42:52+00:00\",\"dateModified\":\"2023-12-01T12:07:39+00:00\",\"description\":\"Rechtsanwaltskanzlei f\u00fcr Arbeitsrecht, Arzthaftung, Mietrecht, Gewerbemietrecht ,Gastronomierecht, Immobilienrecht, Schadensersatz Yachtrecht\",\"breadcrumb\":{\"@id\":\"https:\\\/\\\/www.kanzlei-steinwachs.de\\\/tr\\\/is-hukuku-kararlari\\\/bag-kararlari-2006\\\/hasarlar\\\/#breadcrumb\"},\"inLanguage\":\"tr\",\"potentialAction\":[{\"@type\":\"ReadAction\",\"target\":[\"https:\\\/\\\/www.kanzlei-steinwachs.de\\\/tr\\\/is-hukuku-kararlari\\\/bag-kararlari-2006\\\/hasarlar\\\/\"]}]},{\"@type\":\"ImageObject\",\"inLanguage\":\"tr\",\"@id\":\"https:\\\/\\\/www.kanzlei-steinwachs.de\\\/tr\\\/is-hukuku-kararlari\\\/bag-kararlari-2006\\\/hasarlar\\\/#primaryimage\",\"url\":\"https:\\\/\\\/i0.wp.com\\\/www.kanzlei-steinwachs.de\\\/wp-content\\\/uploads\\\/2023\\\/11\\\/Bundesarbeitsgericht_Urteile_2006.webp?fit=200%2C100&quality=20&ssl=1\",\"contentUrl\":\"https:\\\/\\\/i0.wp.com\\\/www.kanzlei-steinwachs.de\\\/wp-content\\\/uploads\\\/2023\\\/11\\\/Bundesarbeitsgericht_Urteile_2006.webp?fit=200%2C100&quality=20&ssl=1\",\"width\":200,\"height\":100,\"caption\":\"Bundesarbeitsgericht Urteile\"},{\"@type\":\"BreadcrumbList\",\"@id\":\"https:\\\/\\\/www.kanzlei-steinwachs.de\\\/tr\\\/is-hukuku-kararlari\\\/bag-kararlari-2006\\\/hasarlar\\\/#breadcrumb\",\"itemListElement\":[{\"@type\":\"ListItem\",\"position\":1,\"name\":\"\u0130\u015f hukuku kararlar\u0131\",\"item\":\"https:\\\/\\\/www.kanzlei-steinwachs.de\\\/tr\\\/is-hukuku-kararlari\\\/\"},{\"@type\":\"ListItem\",\"position\":2,\"name\":\"BAG kararlar\u0131 2006\",\"item\":\"https:\\\/\\\/www.kanzlei-steinwachs.de\\\/tr\\\/is-hukuku-kararlari\\\/bag-kararlari-2006\\\/\"},{\"@type\":\"ListItem\",\"position\":3,\"name\":\"hasarlar\"}]},{\"@type\":\"WebSite\",\"@id\":\"https:\\\/\\\/www.kanzlei-steinwachs.de\\\/tr\\\/#website\",\"url\":\"https:\\\/\\\/www.kanzlei-steinwachs.de\\\/tr\\\/\",\"name\":\"Rechtsanwaltskanzlei Anwalt Hamburg Berlin Bremen Hannover L\u00fcbeck\",\"description\":\"Wir leisten mehr als Recht bietet\",\"publisher\":{\"@id\":\"https:\\\/\\\/www.kanzlei-steinwachs.de\\\/tr\\\/#organization\"},\"potentialAction\":[{\"@type\":\"SearchAction\",\"target\":{\"@type\":\"EntryPoint\",\"urlTemplate\":\"https:\\\/\\\/www.kanzlei-steinwachs.de\\\/tr\\\/?s={search_term_string}\"},\"query-input\":{\"@type\":\"PropertyValueSpecification\",\"valueRequired\":true,\"valueName\":\"search_term_string\"}}],\"inLanguage\":\"tr\"},{\"@type\":[\"Organization\",\"Place\"],\"@id\":\"https:\\\/\\\/www.kanzlei-steinwachs.de\\\/tr\\\/#organization\",\"name\":\"Rechtsanwaltskanzlei Anwalt Hamburg Berlin Bremen Hannover L\u00fcbeck\",\"url\":\"https:\\\/\\\/www.kanzlei-steinwachs.de\\\/\",\"logo\":{\"@type\":\"ImageObject\",\"inLanguage\":\"tr\",\"@id\":\"https:\\\/\\\/www.kanzlei-steinwachs.de\\\/tr\\\/#\\\/schema\\\/logo\\\/image\\\/\",\"url\":\"https:\\\/\\\/i0.wp.com\\\/www.kanzlei-steinwachs.de\\\/wp-content\\\/uploads\\\/2023\\\/12\\\/logo.webp?fit=174%2C76&quality=80&ssl=1\",\"contentUrl\":\"https:\\\/\\\/i0.wp.com\\\/www.kanzlei-steinwachs.de\\\/wp-content\\\/uploads\\\/2023\\\/12\\\/logo.webp?fit=174%2C76&quality=80&ssl=1\",\"width\":174,\"height\":76,\"caption\":\"Rechtsanwaltskanzlei Anwalt Hamburg Berlin Bremen Hannover L\u00fcbeck\"},\"image\":{\"@id\":\"https:\\\/\\\/www.kanzlei-steinwachs.de\\\/tr\\\/#\\\/schema\\\/logo\\\/image\\\/\"},\"sameAs\":[\"https:\\\/\\\/www.facebook.com\\\/STEINWACHSRechtsanwaltskanzlei\\\/\",\"https:\\\/\\\/x.com\\\/rasteinwachs\",\"https:\\\/\\\/www.instagram.com\\\/steinwachs_rechtsanwaelte\\\/\",\"https:\\\/\\\/www.linkedin.com\\\/in\\\/stephan-steinwachs-7a270197\\\/\",\"https:\\\/\\\/www.youtube.com\\\/channel\\\/UCffmodDlQx81remXm395RWA\"],\"telephone\":[]}]}<\/script>\n<!-- \/ Yoast SEO Premium plugin. -->","yoast_head_json":{"title":"Rechtsanwaltskanzlei in Hamburg Berlin Bremen Hannover L\u00fcbeck","description":"Rechtsanwaltskanzlei f\u00fcr Arbeitsrecht, Arzthaftung, Mietrecht, Gewerbemietrecht ,Gastronomierecht, Immobilienrecht, Schadensersatz Yachtrecht","robots":{"index":"index","follow":"follow","max-snippet":"max-snippet:-1","max-image-preview":"max-image-preview:large","max-video-preview":"max-video-preview:-1"},"canonical":"https:\/\/www.kanzlei-steinwachs.de\/tr\/is-hukuku-kararlari\/bag-kararlari-2006\/hasarlar\/","og_locale":"tr_TR","og_type":"article","og_title":"Rechtsanwaltskanzlei in Hamburg Berlin Bremen Hannover L\u00fcbeck","og_description":"Rechtsanwaltskanzlei f\u00fcr Arbeitsrecht, Arzthaftung, Mietrecht, Gewerbemietrecht ,Gastronomierecht, Immobilienrecht, Schadensersatz Yachtrecht","og_url":"https:\/\/www.kanzlei-steinwachs.de\/tr\/is-hukuku-kararlari\/bag-kararlari-2006\/hasarlar\/","og_site_name":"Rechtsanwaltskanzlei Anwalt Hamburg Berlin Bremen Hannover L\u00fcbeck","article_publisher":"https:\/\/www.facebook.com\/STEINWACHSRechtsanwaltskanzlei\/","article_modified_time":"2023-12-01T12:07:39+00:00","twitter_card":"summary_large_image","twitter_site":"@rasteinwachs","twitter_misc":{"Tahmini okuma s\u00fcresi":"1 dakika"},"schema":{"@context":"https:\/\/schema.org","@graph":[{"@type":"WebPage","@id":"https:\/\/www.kanzlei-steinwachs.de\/tr\/is-hukuku-kararlari\/bag-kararlari-2006\/hasarlar\/","url":"https:\/\/www.kanzlei-steinwachs.de\/tr\/is-hukuku-kararlari\/bag-kararlari-2006\/hasarlar\/","name":"Rechtsanwaltskanzlei in Hamburg Berlin Bremen Hannover L\u00fcbeck","isPartOf":{"@id":"https:\/\/www.kanzlei-steinwachs.de\/tr\/#website"},"primaryImageOfPage":{"@id":"https:\/\/www.kanzlei-steinwachs.de\/tr\/is-hukuku-kararlari\/bag-kararlari-2006\/hasarlar\/#primaryimage"},"image":{"@id":"https:\/\/www.kanzlei-steinwachs.de\/tr\/is-hukuku-kararlari\/bag-kararlari-2006\/hasarlar\/#primaryimage"},"thumbnailUrl":"https:\/\/i0.wp.com\/www.kanzlei-steinwachs.de\/wp-content\/uploads\/2023\/11\/Bundesarbeitsgericht_Urteile_2006.webp?fit=200%2C100&quality=20&ssl=1","datePublished":"2023-11-20T07:42:52+00:00","dateModified":"2023-12-01T12:07:39+00:00","description":"Rechtsanwaltskanzlei f\u00fcr Arbeitsrecht, Arzthaftung, Mietrecht, Gewerbemietrecht ,Gastronomierecht, Immobilienrecht, Schadensersatz Yachtrecht","breadcrumb":{"@id":"https:\/\/www.kanzlei-steinwachs.de\/tr\/is-hukuku-kararlari\/bag-kararlari-2006\/hasarlar\/#breadcrumb"},"inLanguage":"tr","potentialAction":[{"@type":"ReadAction","target":["https:\/\/www.kanzlei-steinwachs.de\/tr\/is-hukuku-kararlari\/bag-kararlari-2006\/hasarlar\/"]}]},{"@type":"ImageObject","inLanguage":"tr","@id":"https:\/\/www.kanzlei-steinwachs.de\/tr\/is-hukuku-kararlari\/bag-kararlari-2006\/hasarlar\/#primaryimage","url":"https:\/\/i0.wp.com\/www.kanzlei-steinwachs.de\/wp-content\/uploads\/2023\/11\/Bundesarbeitsgericht_Urteile_2006.webp?fit=200%2C100&quality=20&ssl=1","contentUrl":"https:\/\/i0.wp.com\/www.kanzlei-steinwachs.de\/wp-content\/uploads\/2023\/11\/Bundesarbeitsgericht_Urteile_2006.webp?fit=200%2C100&quality=20&ssl=1","width":200,"height":100,"caption":"Bundesarbeitsgericht Urteile"},{"@type":"BreadcrumbList","@id":"https:\/\/www.kanzlei-steinwachs.de\/tr\/is-hukuku-kararlari\/bag-kararlari-2006\/hasarlar\/#breadcrumb","itemListElement":[{"@type":"ListItem","position":1,"name":"\u0130\u015f hukuku kararlar\u0131","item":"https:\/\/www.kanzlei-steinwachs.de\/tr\/is-hukuku-kararlari\/"},{"@type":"ListItem","position":2,"name":"BAG kararlar\u0131 2006","item":"https:\/\/www.kanzlei-steinwachs.de\/tr\/is-hukuku-kararlari\/bag-kararlari-2006\/"},{"@type":"ListItem","position":3,"name":"hasarlar"}]},{"@type":"WebSite","@id":"https:\/\/www.kanzlei-steinwachs.de\/tr\/#website","url":"https:\/\/www.kanzlei-steinwachs.de\/tr\/","name":"Rechtsanwaltskanzlei Anwalt Hamburg Berlin Bremen Hannover L\u00fcbeck","description":"Wir leisten mehr als Recht bietet","publisher":{"@id":"https:\/\/www.kanzlei-steinwachs.de\/tr\/#organization"},"potentialAction":[{"@type":"SearchAction","target":{"@type":"EntryPoint","urlTemplate":"https:\/\/www.kanzlei-steinwachs.de\/tr\/?s={search_term_string}"},"query-input":{"@type":"PropertyValueSpecification","valueRequired":true,"valueName":"search_term_string"}}],"inLanguage":"tr"},{"@type":["Organization","Place"],"@id":"https:\/\/www.kanzlei-steinwachs.de\/tr\/#organization","name":"Rechtsanwaltskanzlei Anwalt Hamburg Berlin Bremen Hannover L\u00fcbeck","url":"https:\/\/www.kanzlei-steinwachs.de\/","logo":{"@type":"ImageObject","inLanguage":"tr","@id":"https:\/\/www.kanzlei-steinwachs.de\/tr\/#\/schema\/logo\/image\/","url":"https:\/\/i0.wp.com\/www.kanzlei-steinwachs.de\/wp-content\/uploads\/2023\/12\/logo.webp?fit=174%2C76&quality=80&ssl=1","contentUrl":"https:\/\/i0.wp.com\/www.kanzlei-steinwachs.de\/wp-content\/uploads\/2023\/12\/logo.webp?fit=174%2C76&quality=80&ssl=1","width":174,"height":76,"caption":"Rechtsanwaltskanzlei Anwalt Hamburg Berlin Bremen Hannover L\u00fcbeck"},"image":{"@id":"https:\/\/www.kanzlei-steinwachs.de\/tr\/#\/schema\/logo\/image\/"},"sameAs":["https:\/\/www.facebook.com\/STEINWACHSRechtsanwaltskanzlei\/","https:\/\/x.com\/rasteinwachs","https:\/\/www.instagram.com\/steinwachs_rechtsanwaelte\/","https:\/\/www.linkedin.com\/in\/stephan-steinwachs-7a270197\/","https:\/\/www.youtube.com\/channel\/UCffmodDlQx81remXm395RWA"],"telephone":[]}]}},"jetpack_sharing_enabled":true,"_links":{"self":[{"href":"https:\/\/www.kanzlei-steinwachs.de\/tr\/wp-json\/wp\/v2\/pages\/14052","targetHints":{"allow":["GET"]}}],"collection":[{"href":"https:\/\/www.kanzlei-steinwachs.de\/tr\/wp-json\/wp\/v2\/pages"}],"about":[{"href":"https:\/\/www.kanzlei-steinwachs.de\/tr\/wp-json\/wp\/v2\/types\/page"}],"author":[{"embeddable":true,"href":"https:\/\/www.kanzlei-steinwachs.de\/tr\/wp-json\/wp\/v2\/users\/1"}],"replies":[{"embeddable":true,"href":"https:\/\/www.kanzlei-steinwachs.de\/tr\/wp-json\/wp\/v2\/comments?post=14052"}],"version-history":[{"count":0,"href":"https:\/\/www.kanzlei-steinwachs.de\/tr\/wp-json\/wp\/v2\/pages\/14052\/revisions"}],"up":[{"embeddable":true,"href":"https:\/\/www.kanzlei-steinwachs.de\/tr\/wp-json\/wp\/v2\/pages\/13703"}],"wp:featuredmedia":[{"embeddable":true,"href":"https:\/\/www.kanzlei-steinwachs.de\/tr\/wp-json\/wp\/v2\/media\/10685"}],"wp:attachment":[{"href":"https:\/\/www.kanzlei-steinwachs.de\/tr\/wp-json\/wp\/v2\/media?parent=14052"}],"curies":[{"name":"wp","href":"https:\/\/api.w.org\/{rel}","templated":true}]}}