{"id":13851,"date":"2023-11-20T10:13:13","date_gmt":"2023-11-20T09:13:13","guid":{"rendered":"https:\/\/www.kanzlei-steinwachs.de\/is-hukuku-kararlari\/bag-kararlari-2006\/kosul-coezuemleniyor\/"},"modified":"2023-11-30T06:05:00","modified_gmt":"2023-11-30T05:05:00","slug":"kosul-coezuemleniyor","status":"publish","type":"page","link":"https:\/\/www.kanzlei-steinwachs.de\/tr\/is-hukuku-kararlari\/bag-kararlari-2006\/kosul-coezuemleniyor\/","title":{"rendered":"Ko\u015ful \u00e7\u00f6z\u00fcmleniyor"},"content":{"rendered":"<div class=\"wpb-content-wrapper\"><p>[vc_row triangle_shape=&#8221;no&#8221;][vc_column][vc_column_text]B\u00f6l\u00fcm 59 Paragraf\u0131na g\u00f6re. 1 C\u00fcmle 1 BAT, bir \u00e7al\u0131\u015fan\u0131n i\u015f ili\u015fkisi, \u00e7al\u0131\u015fan\u0131n yasal emeklilik sigortas\u0131 d\u0131\u015f\u0131nda bir emekli maa\u015f\u0131 almas\u0131 ko\u015fuluyla, emeklilik sigortas\u0131 sa\u011flay\u0131c\u0131s\u0131ndan kendisine azalan kazan\u00e7 kapasitesi hakk\u0131nda bir bildirim g\u00f6nderildi\u011fi ay\u0131n sonunda sona erer, \u0130\u015fverenin katk\u0131da bulundu\u011fu. \u00c7al\u0131\u015fan\u0131n bu anlamda a\u011f\u0131r engelli olmas\u0131 durumunda SGB \u200b\u200bIX kapsam\u0131ndad\u0131r ve B\u00f6l\u00fcm 59 Para. 1 uyar\u0131nca kazan\u00e7 kapasitesinin azalmas\u0131 nedeniyle i\u015f ili\u015fkisinin sona erdirildi\u011fi noktadad\u0131r. 1 BAT, B\u00f6l\u00fcm 92 SGB IX uyar\u0131nca gerekli Entegrasyon Ofisi onay\u0131n\u0131n hen\u00fcz al\u0131nmam\u0131\u015f olmas\u0131 halinde, i\u015f ili\u015fkisi B\u00f6l\u00fcm 59 Paragraf uyar\u0131nca sona erer. Onay bildiriminin teslim edildi\u011fi g\u00fcn\u00fcn sonunda 4 BAT. Yedinci Senato, daha \u00f6nceki i\u00e7tihat\u0131n\u0131 s\u00fcrd\u00fcrerek, 15 Mart 2006 (7 AZR 332\/05) tarihli karar\u0131yla, 59. Maddenin 59. F\u0131kras\u0131 uyar\u0131nca k\u0131smi maluliyet nedeniyle s\u0131n\u0131rs\u0131z emeklilik hakk\u0131 tan\u0131yan bir emeklilik sigortas\u0131 sa\u011flay\u0131c\u0131s\u0131ndan bildirim g\u00f6nderilmesine karar vermi\u015ftir. 1 C\u00fcmle 1 BAT, kazanma kapasitesindeki k\u0131smi azalma nedeniyle s\u00fcrekli emeklili\u011fe ek olarak, \u00e7al\u0131\u015fana, kazanma kapasitesindeki tam azalma nedeniyle ge\u00e7ici emekli maa\u015f\u0131 verilmesi durumunda da i\u015f ili\u015fkisinin sona ermesine yol a\u00e7ar. B\u00f6yle bir karar, k\u0131smi i\u015f g\u00f6remezlik nedeniyle s\u00fcrekli emeklili\u011fi onaylayan karar\u0131 iptal etmez, dolay\u0131s\u0131yla bu durum, 59. Maddenin 1. F\u0131kras\u0131 uyar\u0131nca s\u00f6zle\u015fmenin feshi sonucunu do\u011furur. 1 set 1 BAT&#8217;\u0131 tetikler. \u00c7al\u0131\u015fan s\u00f6zle\u015fmeyi yaln\u0131zca resmi ve zaman\u0131nda feshedebilir. S. \u00a7 59 para. 3 son yar\u0131m c\u00fcmle BAT i\u015fverene yap\u0131lan \u00e7al\u0131\u015fmaya devam ba\u015fvurusunu engeller. \u0130\u015fveren, \u00e7al\u0131\u015fan\u0131 kendi inisiyatifiyle B\u00f6l\u00fcm 59 Paragraf h\u00fck\u00fcmlerine uyma konusunda bilgilendirmekle y\u00fck\u00fcml\u00fc de\u011fildir. 3 BAT&#8217;\u0131n \u00f6ng\u00f6rd\u00fc\u011f\u00fc ba\u015fvuru formu ve son tarihi. Prensip olarak, bir i\u015fverenin bu d\u00fczenlemelere uyulmamas\u0131na itiraz etmesi g\u00fcven ve inanc\u0131 ihlal etmez (\u00a7 242 BGB). Forma ve son teslim tarihine uyulmamas\u0131 i\u015fverenden kaynaklan\u0131yorsa farkl\u0131 bir durum ge\u00e7erlidir; B. \u0130\u015fveren, \u00e7al\u0131\u015fan\u0131n \u00e7al\u0131\u015fmaya devam etmek i\u00e7in yaz\u0131l\u0131 olarak ba\u015fvuruda bulunmas\u0131n\u0131 engellemi\u015fse. \u00c7al\u0131\u015fman\u0131n devam\u0131 i\u00e7in usul\u00fcne uygun bir ba\u015fvuru yap\u0131lmamas\u0131 durumunda, i\u015f ili\u015fkisi 59. maddenin 1. paragraf\u0131nda belirtilen ko\u015fullar nedeniyle sona erer. 1 c\u00fcmle 1 BAT \u00a7 21, \u00a7 15 para. 2 TzBfG&#8217;yi, durumun ortaya \u00e7\u0131k\u0131\u015f\u0131 hakk\u0131nda i\u015fverenden yaz\u0131l\u0131 bilgi ald\u0131ktan en erken iki hafta sonra.[\/vc_column_text][\/vc_column][\/vc_row][vc_row triangle_shape=&#8221;no&#8221;][vc_column][vc_empty_space][\/vc_column][\/vc_row]<\/p>\n<\/div>","protected":false},"excerpt":{"rendered":"<p>[vc_row triangle_shape=&#8221;no&#8221;][vc_column][vc_column_text]B\u00f6l\u00fcm 59 Paragraf\u0131na g\u00f6re. 1 C\u00fcmle 1 BAT, bir \u00e7al\u0131\u015fan\u0131n i\u015f ili\u015fkisi, \u00e7al\u0131\u015fan\u0131n yasal emeklilik sigortas\u0131 d\u0131\u015f\u0131nda bir emekli maa\u015f\u0131 almas\u0131 ko\u015fuluyla, emeklilik sigortas\u0131 sa\u011flay\u0131c\u0131s\u0131ndan kendisine azalan kazan\u00e7 kapasitesi hakk\u0131nda bir bildirim g\u00f6nderildi\u011fi ay\u0131n sonunda sona erer, \u0130\u015fverenin katk\u0131da bulundu\u011fu. \u00c7al\u0131\u015fan\u0131n bu anlamda a\u011f\u0131r engelli olmas\u0131 durumunda SGB \u200b\u200bIX kapsam\u0131ndad\u0131r ve B\u00f6l\u00fcm 59 Para. 1 uyar\u0131nca kazan\u00e7 kapasitesinin azalmas\u0131 nedeniyle i\u015f ili\u015fkisinin sona erdirildi\u011fi noktadad\u0131r. 1 BAT, B\u00f6l\u00fcm 92 SGB IX uyar\u0131nca gerekli Entegrasyon Ofisi onay\u0131n\u0131n hen\u00fcz al\u0131nmam\u0131\u015f olmas\u0131 halinde, i\u015f ili\u015fkisi B\u00f6l\u00fcm 59 Paragraf uyar\u0131nca sona erer. Onay bildiriminin teslim edildi\u011fi g\u00fcn\u00fcn sonunda 4 BAT. Yedinci Senato, daha&#8230;<\/p>\n","protected":false},"author":1,"featured_media":0,"parent":13703,"menu_order":0,"comment_status":"closed","ping_status":"closed","template":"","meta":{"footnotes":""},"class_list":["post-13851","page","type-page","status-publish","hentry"],"yoast_head":"<!-- This site is optimized with the Yoast SEO Premium plugin v27.2 (Yoast SEO v27.4) - https:\/\/yoast.com\/product\/yoast-seo-premium-wordpress\/ -->\n<title>Rechtsanwaltskanzlei in Hamburg Berlin Bremen Hannover L\u00fcbeck<\/title>\n<meta name=\"description\" content=\"Rechtsanwaltskanzlei f\u00fcr Arbeitsrecht, Arzthaftung, Mietrecht, Gewerbemietrecht ,Gastronomierecht, Immobilienrecht, Schadensersatz Yachtrecht\" \/>\n<meta name=\"robots\" content=\"index, follow, max-snippet:-1, max-image-preview:large, max-video-preview:-1\" \/>\n<link rel=\"canonical\" href=\"https:\/\/www.kanzlei-steinwachs.de\/tr\/is-hukuku-kararlari\/bag-kararlari-2006\/kosul-coezuemleniyor\/\" \/>\n<meta property=\"og:locale\" content=\"tr_TR\" \/>\n<meta property=\"og:type\" content=\"article\" \/>\n<meta property=\"og:title\" content=\"Rechtsanwaltskanzlei in Hamburg Berlin Bremen Hannover L\u00fcbeck\" \/>\n<meta property=\"og:description\" content=\"Rechtsanwaltskanzlei f\u00fcr Arbeitsrecht, Arzthaftung, Mietrecht, Gewerbemietrecht ,Gastronomierecht, Immobilienrecht, Schadensersatz Yachtrecht\" \/>\n<meta property=\"og:url\" content=\"https:\/\/www.kanzlei-steinwachs.de\/tr\/is-hukuku-kararlari\/bag-kararlari-2006\/kosul-coezuemleniyor\/\" \/>\n<meta property=\"og:site_name\" content=\"Rechtsanwaltskanzlei Anwalt Hamburg Berlin Bremen Hannover L\u00fcbeck\" \/>\n<meta property=\"article:publisher\" content=\"https:\/\/www.facebook.com\/STEINWACHSRechtsanwaltskanzlei\/\" \/>\n<meta property=\"article:modified_time\" content=\"2023-11-30T05:05:00+00:00\" \/>\n<meta name=\"twitter:card\" content=\"summary_large_image\" \/>\n<meta name=\"twitter:site\" content=\"@rasteinwachs\" \/>\n<meta name=\"twitter:label1\" content=\"Tahmini okuma s\u00fcresi\" \/>\n\t<meta name=\"twitter:data1\" content=\"2 dakika\" \/>\n<script type=\"application\/ld+json\" class=\"yoast-schema-graph\">{\"@context\":\"https:\\\/\\\/schema.org\",\"@graph\":[{\"@type\":\"WebPage\",\"@id\":\"https:\\\/\\\/www.kanzlei-steinwachs.de\\\/tr\\\/is-hukuku-kararlari\\\/bag-kararlari-2006\\\/kosul-coezuemleniyor\\\/\",\"url\":\"https:\\\/\\\/www.kanzlei-steinwachs.de\\\/tr\\\/is-hukuku-kararlari\\\/bag-kararlari-2006\\\/kosul-coezuemleniyor\\\/\",\"name\":\"Rechtsanwaltskanzlei in Hamburg Berlin Bremen Hannover L\u00fcbeck\",\"isPartOf\":{\"@id\":\"https:\\\/\\\/www.kanzlei-steinwachs.de\\\/tr\\\/#website\"},\"datePublished\":\"2023-11-20T09:13:13+00:00\",\"dateModified\":\"2023-11-30T05:05:00+00:00\",\"description\":\"Rechtsanwaltskanzlei f\u00fcr Arbeitsrecht, Arzthaftung, Mietrecht, Gewerbemietrecht ,Gastronomierecht, Immobilienrecht, Schadensersatz Yachtrecht\",\"breadcrumb\":{\"@id\":\"https:\\\/\\\/www.kanzlei-steinwachs.de\\\/tr\\\/is-hukuku-kararlari\\\/bag-kararlari-2006\\\/kosul-coezuemleniyor\\\/#breadcrumb\"},\"inLanguage\":\"tr\",\"potentialAction\":[{\"@type\":\"ReadAction\",\"target\":[\"https:\\\/\\\/www.kanzlei-steinwachs.de\\\/tr\\\/is-hukuku-kararlari\\\/bag-kararlari-2006\\\/kosul-coezuemleniyor\\\/\"]}]},{\"@type\":\"BreadcrumbList\",\"@id\":\"https:\\\/\\\/www.kanzlei-steinwachs.de\\\/tr\\\/is-hukuku-kararlari\\\/bag-kararlari-2006\\\/kosul-coezuemleniyor\\\/#breadcrumb\",\"itemListElement\":[{\"@type\":\"ListItem\",\"position\":1,\"name\":\"\u0130\u015f hukuku kararlar\u0131\",\"item\":\"https:\\\/\\\/www.kanzlei-steinwachs.de\\\/tr\\\/is-hukuku-kararlari\\\/\"},{\"@type\":\"ListItem\",\"position\":2,\"name\":\"BAG kararlar\u0131 2006\",\"item\":\"https:\\\/\\\/www.kanzlei-steinwachs.de\\\/tr\\\/is-hukuku-kararlari\\\/bag-kararlari-2006\\\/\"},{\"@type\":\"ListItem\",\"position\":3,\"name\":\"Ko\u015ful \u00e7\u00f6z\u00fcmleniyor\"}]},{\"@type\":\"WebSite\",\"@id\":\"https:\\\/\\\/www.kanzlei-steinwachs.de\\\/tr\\\/#website\",\"url\":\"https:\\\/\\\/www.kanzlei-steinwachs.de\\\/tr\\\/\",\"name\":\"Rechtsanwaltskanzlei Anwalt Hamburg Berlin Bremen Hannover L\u00fcbeck\",\"description\":\"Wir leisten mehr als Recht bietet\",\"publisher\":{\"@id\":\"https:\\\/\\\/www.kanzlei-steinwachs.de\\\/tr\\\/#organization\"},\"potentialAction\":[{\"@type\":\"SearchAction\",\"target\":{\"@type\":\"EntryPoint\",\"urlTemplate\":\"https:\\\/\\\/www.kanzlei-steinwachs.de\\\/tr\\\/?s={search_term_string}\"},\"query-input\":{\"@type\":\"PropertyValueSpecification\",\"valueRequired\":true,\"valueName\":\"search_term_string\"}}],\"inLanguage\":\"tr\"},{\"@type\":[\"Organization\",\"Place\"],\"@id\":\"https:\\\/\\\/www.kanzlei-steinwachs.de\\\/tr\\\/#organization\",\"name\":\"Rechtsanwaltskanzlei Anwalt Hamburg Berlin Bremen Hannover L\u00fcbeck\",\"url\":\"https:\\\/\\\/www.kanzlei-steinwachs.de\\\/\",\"logo\":{\"@type\":\"ImageObject\",\"inLanguage\":\"tr\",\"@id\":\"https:\\\/\\\/www.kanzlei-steinwachs.de\\\/tr\\\/#\\\/schema\\\/logo\\\/image\\\/\",\"url\":\"https:\\\/\\\/i0.wp.com\\\/www.kanzlei-steinwachs.de\\\/wp-content\\\/uploads\\\/2023\\\/12\\\/logo.webp?fit=174%2C76&quality=80&ssl=1\",\"contentUrl\":\"https:\\\/\\\/i0.wp.com\\\/www.kanzlei-steinwachs.de\\\/wp-content\\\/uploads\\\/2023\\\/12\\\/logo.webp?fit=174%2C76&quality=80&ssl=1\",\"width\":174,\"height\":76,\"caption\":\"Rechtsanwaltskanzlei Anwalt Hamburg Berlin Bremen Hannover L\u00fcbeck\"},\"image\":{\"@id\":\"https:\\\/\\\/www.kanzlei-steinwachs.de\\\/tr\\\/#\\\/schema\\\/logo\\\/image\\\/\"},\"sameAs\":[\"https:\\\/\\\/www.facebook.com\\\/STEINWACHSRechtsanwaltskanzlei\\\/\",\"https:\\\/\\\/x.com\\\/rasteinwachs\",\"https:\\\/\\\/www.instagram.com\\\/steinwachs_rechtsanwaelte\\\/\",\"https:\\\/\\\/www.linkedin.com\\\/in\\\/stephan-steinwachs-7a270197\\\/\",\"https:\\\/\\\/www.youtube.com\\\/channel\\\/UCffmodDlQx81remXm395RWA\"],\"telephone\":[]}]}<\/script>\n<!-- \/ Yoast SEO Premium plugin. -->","yoast_head_json":{"title":"Rechtsanwaltskanzlei in Hamburg Berlin Bremen Hannover L\u00fcbeck","description":"Rechtsanwaltskanzlei f\u00fcr Arbeitsrecht, Arzthaftung, Mietrecht, Gewerbemietrecht ,Gastronomierecht, Immobilienrecht, Schadensersatz Yachtrecht","robots":{"index":"index","follow":"follow","max-snippet":"max-snippet:-1","max-image-preview":"max-image-preview:large","max-video-preview":"max-video-preview:-1"},"canonical":"https:\/\/www.kanzlei-steinwachs.de\/tr\/is-hukuku-kararlari\/bag-kararlari-2006\/kosul-coezuemleniyor\/","og_locale":"tr_TR","og_type":"article","og_title":"Rechtsanwaltskanzlei in Hamburg Berlin Bremen Hannover L\u00fcbeck","og_description":"Rechtsanwaltskanzlei f\u00fcr Arbeitsrecht, Arzthaftung, Mietrecht, Gewerbemietrecht ,Gastronomierecht, Immobilienrecht, Schadensersatz Yachtrecht","og_url":"https:\/\/www.kanzlei-steinwachs.de\/tr\/is-hukuku-kararlari\/bag-kararlari-2006\/kosul-coezuemleniyor\/","og_site_name":"Rechtsanwaltskanzlei Anwalt Hamburg Berlin Bremen Hannover L\u00fcbeck","article_publisher":"https:\/\/www.facebook.com\/STEINWACHSRechtsanwaltskanzlei\/","article_modified_time":"2023-11-30T05:05:00+00:00","twitter_card":"summary_large_image","twitter_site":"@rasteinwachs","twitter_misc":{"Tahmini okuma s\u00fcresi":"2 dakika"},"schema":{"@context":"https:\/\/schema.org","@graph":[{"@type":"WebPage","@id":"https:\/\/www.kanzlei-steinwachs.de\/tr\/is-hukuku-kararlari\/bag-kararlari-2006\/kosul-coezuemleniyor\/","url":"https:\/\/www.kanzlei-steinwachs.de\/tr\/is-hukuku-kararlari\/bag-kararlari-2006\/kosul-coezuemleniyor\/","name":"Rechtsanwaltskanzlei in Hamburg Berlin Bremen Hannover L\u00fcbeck","isPartOf":{"@id":"https:\/\/www.kanzlei-steinwachs.de\/tr\/#website"},"datePublished":"2023-11-20T09:13:13+00:00","dateModified":"2023-11-30T05:05:00+00:00","description":"Rechtsanwaltskanzlei f\u00fcr Arbeitsrecht, Arzthaftung, Mietrecht, Gewerbemietrecht ,Gastronomierecht, Immobilienrecht, Schadensersatz Yachtrecht","breadcrumb":{"@id":"https:\/\/www.kanzlei-steinwachs.de\/tr\/is-hukuku-kararlari\/bag-kararlari-2006\/kosul-coezuemleniyor\/#breadcrumb"},"inLanguage":"tr","potentialAction":[{"@type":"ReadAction","target":["https:\/\/www.kanzlei-steinwachs.de\/tr\/is-hukuku-kararlari\/bag-kararlari-2006\/kosul-coezuemleniyor\/"]}]},{"@type":"BreadcrumbList","@id":"https:\/\/www.kanzlei-steinwachs.de\/tr\/is-hukuku-kararlari\/bag-kararlari-2006\/kosul-coezuemleniyor\/#breadcrumb","itemListElement":[{"@type":"ListItem","position":1,"name":"\u0130\u015f hukuku kararlar\u0131","item":"https:\/\/www.kanzlei-steinwachs.de\/tr\/is-hukuku-kararlari\/"},{"@type":"ListItem","position":2,"name":"BAG kararlar\u0131 2006","item":"https:\/\/www.kanzlei-steinwachs.de\/tr\/is-hukuku-kararlari\/bag-kararlari-2006\/"},{"@type":"ListItem","position":3,"name":"Ko\u015ful \u00e7\u00f6z\u00fcmleniyor"}]},{"@type":"WebSite","@id":"https:\/\/www.kanzlei-steinwachs.de\/tr\/#website","url":"https:\/\/www.kanzlei-steinwachs.de\/tr\/","name":"Rechtsanwaltskanzlei Anwalt Hamburg Berlin Bremen Hannover L\u00fcbeck","description":"Wir leisten mehr als Recht bietet","publisher":{"@id":"https:\/\/www.kanzlei-steinwachs.de\/tr\/#organization"},"potentialAction":[{"@type":"SearchAction","target":{"@type":"EntryPoint","urlTemplate":"https:\/\/www.kanzlei-steinwachs.de\/tr\/?s={search_term_string}"},"query-input":{"@type":"PropertyValueSpecification","valueRequired":true,"valueName":"search_term_string"}}],"inLanguage":"tr"},{"@type":["Organization","Place"],"@id":"https:\/\/www.kanzlei-steinwachs.de\/tr\/#organization","name":"Rechtsanwaltskanzlei Anwalt Hamburg Berlin Bremen Hannover L\u00fcbeck","url":"https:\/\/www.kanzlei-steinwachs.de\/","logo":{"@type":"ImageObject","inLanguage":"tr","@id":"https:\/\/www.kanzlei-steinwachs.de\/tr\/#\/schema\/logo\/image\/","url":"https:\/\/i0.wp.com\/www.kanzlei-steinwachs.de\/wp-content\/uploads\/2023\/12\/logo.webp?fit=174%2C76&quality=80&ssl=1","contentUrl":"https:\/\/i0.wp.com\/www.kanzlei-steinwachs.de\/wp-content\/uploads\/2023\/12\/logo.webp?fit=174%2C76&quality=80&ssl=1","width":174,"height":76,"caption":"Rechtsanwaltskanzlei Anwalt Hamburg Berlin Bremen Hannover L\u00fcbeck"},"image":{"@id":"https:\/\/www.kanzlei-steinwachs.de\/tr\/#\/schema\/logo\/image\/"},"sameAs":["https:\/\/www.facebook.com\/STEINWACHSRechtsanwaltskanzlei\/","https:\/\/x.com\/rasteinwachs","https:\/\/www.instagram.com\/steinwachs_rechtsanwaelte\/","https:\/\/www.linkedin.com\/in\/stephan-steinwachs-7a270197\/","https:\/\/www.youtube.com\/channel\/UCffmodDlQx81remXm395RWA"],"telephone":[]}]}},"jetpack_sharing_enabled":true,"_links":{"self":[{"href":"https:\/\/www.kanzlei-steinwachs.de\/tr\/wp-json\/wp\/v2\/pages\/13851","targetHints":{"allow":["GET"]}}],"collection":[{"href":"https:\/\/www.kanzlei-steinwachs.de\/tr\/wp-json\/wp\/v2\/pages"}],"about":[{"href":"https:\/\/www.kanzlei-steinwachs.de\/tr\/wp-json\/wp\/v2\/types\/page"}],"author":[{"embeddable":true,"href":"https:\/\/www.kanzlei-steinwachs.de\/tr\/wp-json\/wp\/v2\/users\/1"}],"replies":[{"embeddable":true,"href":"https:\/\/www.kanzlei-steinwachs.de\/tr\/wp-json\/wp\/v2\/comments?post=13851"}],"version-history":[{"count":0,"href":"https:\/\/www.kanzlei-steinwachs.de\/tr\/wp-json\/wp\/v2\/pages\/13851\/revisions"}],"up":[{"embeddable":true,"href":"https:\/\/www.kanzlei-steinwachs.de\/tr\/wp-json\/wp\/v2\/pages\/13703"}],"wp:attachment":[{"href":"https:\/\/www.kanzlei-steinwachs.de\/tr\/wp-json\/wp\/v2\/media?parent=13851"}],"curies":[{"name":"wp","href":"https:\/\/api.w.org\/{rel}","templated":true}]}}