{"id":13745,"date":"2023-11-20T08:20:14","date_gmt":"2023-11-20T07:20:14","guid":{"rendered":"https:\/\/www.kanzlei-steinwachs.de\/is-hukuku-kararlari\/bag-kararlari-2006\/aenderung-von-arbeitsbedingungen\/"},"modified":"2023-11-30T03:50:24","modified_gmt":"2023-11-30T02:50:24","slug":"aenderung-von-arbeitsbedingungen","status":"publish","type":"page","link":"https:\/\/www.kanzlei-steinwachs.de\/tr\/is-hukuku-kararlari\/bag-kararlari-2006\/aenderung-von-arbeitsbedingungen\/","title":{"rendered":"\u00c4nderung von Arbeitsbedingungen"},"content":{"rendered":"<div class=\"wpb-content-wrapper\"><p>[vc_row triangle_shape=&#8221;no&#8221;][vc_column][vc_column_text]B\u00f6l\u00fcm 106 C\u00fcmle 1 GewO&#8217;ya g\u00f6re, bu \u00e7al\u0131\u015fma ko\u015fullar\u0131n\u0131n bir i\u015f s\u00f6zle\u015fmesi, i\u015f s\u00f6zle\u015fmesi h\u00fck\u00fcmleri, ge\u00e7erli bir toplu s\u00f6zle\u015fme veya ge\u00e7erli bir toplu i\u015f s\u00f6zle\u015fmesi h\u00fck\u00fcmleri taraf\u0131ndan \u00f6ng\u00f6r\u00fclmemesi ko\u015fuluyla, i\u015fveren i\u015fin i\u00e7eri\u011fini, yerini ve zaman\u0131n\u0131 kendi makul takdirine ba\u011fl\u0131 olarak belirleyebilir. yasal d\u00fczenlemeler. Performans\u0131n belirlenmesi, davan\u0131n temel ko\u015fullar\u0131n\u0131n tart\u0131lmas\u0131 ve her iki taraf\u0131n \u00e7\u0131karlar\u0131n\u0131n dikkate al\u0131nmas\u0131 durumunda makul takdir yetkisine tekab\u00fcl eder. Dokuzuncu Senato, 11 Nisan 2006 tarihli karar\u0131nda (- 9 AZR 557\/05 -), \u00f6nceden haz\u0131rlanm\u0131\u015f bir i\u015f s\u00f6zle\u015fmesindeki devir maddesine dayanarak i\u015fverenin, i\u015fverenin i\u015f\u00e7iyi korumaktan sorumlu oldu\u011funa karar vermi\u015ftir. \u00c7al\u0131\u015fan\u0131n \u00e7\u0131karlar\u0131 (burada: edit\u00f6r) ba\u015fka bir \u00e7al\u0131\u015fma alan\u0131n\u0131 g\u00f6revlendirme hakk\u0131n\u0131 sakl\u0131 tutar, ba\u015fka bir departman\u0131 devretme hakk\u0131na sahiptir. Bir edit\u00f6r i\u00e7in bu ayn\u0131 zamanda ana yaz\u0131 i\u015fleri ofisinden yerel bir yaz\u0131 i\u015fleri ofisine ge\u00e7meyi de i\u00e7erebilir. B\u00f6yle bir devir h\u00fckm\u00fc, Alman Medeni Kanunu&#8217;nun (BGB) 308 No. 4. Maddesi uyar\u0131nca madde yasa\u011f\u0131na ayk\u0131r\u0131 de\u011fildir. Buradaki yasal d\u00fczenleme, yaln\u0131zca kullan\u0131c\u0131n\u0131n performans\u0131na ili\u015fkin tek tarafl\u0131 belirleme hakk\u0131n\u0131 kapsamakta, kendisine bor\u00e7lu olunan bedel yani i\u015fverene bor\u00e7lu olunan eser a\u00e7\u0131s\u0131ndan kapsamamaktad\u0131r. Madde 106 C\u00fcmle 1 GewO&#8217;daki d\u00fczenlemeye maddi olarak kar\u015f\u0131l\u0131k gelen ve devri \u00e7al\u0131\u015fan\u0131n \u00e7\u0131karlar\u0131n\u0131n korunmas\u0131 \u015fart\u0131na ba\u011flayan y\u00f6netim haklar\u0131 maddesi, Madde 307 Paragraf\u0131 uyar\u0131nca i\u00e7erik kontrol\u00fcne tabidir. 1 c\u00fcmle 1 BGB durdu. \u0130\u015f s\u00f6zle\u015fmesinde devrin \u00f6zel sebepleri belirtilmemi\u015f olsa bile, b\u00f6yle bir madde 307. Maddenin 307. F\u0131kras\u0131 uyar\u0131nca \u015feffafl\u0131k \u015fart\u0131n\u0131 ihlal etmez. 1 c\u00fcmle 2 BGB. Bu h\u00fckme g\u00f6re genel kullan\u0131m ko\u015fullar\u0131n\u0131 kullananlar, d\u00fcr\u00fcstl\u00fck kurallar\u0131 gere\u011fince, s\u00f6zle\u015fme ortaklar\u0131n\u0131n hak ve y\u00fck\u00fcml\u00fcl\u00fcklerini m\u00fcmk\u00fcn oldu\u011fu kadar a\u00e7\u0131k ve \u015feffaf bir \u015fekilde sunmakla y\u00fck\u00fcml\u00fcd\u00fcr. Ancak, transferin nedenlerini belirtmek, s\u00f6zle\u015fmenin imzaland\u0131\u011f\u0131 s\u0131rada i\u015f ili\u015fkisinde \u00f6ng\u00f6r\u00fclemeyen de\u011fi\u015fikliklere tepki verme ihtiyac\u0131n\u0131 kar\u015f\u0131lamamaktad\u0131r. GewO&#8217;nun \u00a7 106 C\u00fcmle 1&#8217;inde zaten ifade edildi\u011fi gibi, i\u015f s\u00f6zle\u015fmeleri genellikle yaln\u0131zca tan\u0131mlanm\u0131\u015f bir edim y\u00fck\u00fcml\u00fcl\u00fc\u011f\u00fc i\u00e7erebilir. Bu, B\u00f6l\u00fcm 310 Paragraf\u0131na g\u00f6re i\u015f hukukunun \u00f6zel bir \u00f6zelli\u011fidir. 4 C\u00fcmle 2 BGB dikkate al\u0131nmal\u0131d\u0131r.<\/p>\n<p>Be\u015finci Senato, u\u00e7u\u015f g\u00f6revlilerinin maa\u015f\u0131na etki edecek ek g\u00f6revlerinin iptaline karar vermek zorunda kald\u0131. Bu ek g\u00f6revin devrinin temeli bir i\u015f s\u00f6zle\u015fmesiydi. Ona g\u00f6re, s\u00f6z konusu ek g\u00f6revi de i\u00e7eren yetkililerin atanmas\u0131 iptale tabiydi. Be\u015finci Senato&#8217;nun 1 \u015eubat 2006 tarihli karar\u0131na g\u00f6re (- 5 AZR 187\/05 -), \u015firket s\u00f6zle\u015fmesinde d\u00fczenlenen iptal \u00e7ekincesi 310. Maddenin bendi uyar\u0131ncad\u0131r. 4 C\u00fcmle 1 BGB, B\u00f6l\u00fcm 305 ve BGB uyar\u0131nca i\u00e7erik kontrol\u00fcnden \u00e7ekilmi\u015ftir. Bu t\u00fcr bir iptal rezervasyonu yaln\u0131zca B\u00f6l\u00fcm 75 BetrVG uyar\u0131nca i\u00e7erik kontrol\u00fcne tabidir.<\/p>\n<p>Senato, bireysel anla\u015fmalar\u0131n yeterlilik incelemesine uygulanan ilkelerin bu incelemeye aktar\u0131l\u0131p aktar\u0131lamayaca\u011f\u0131 ve ne \u00f6l\u00e7\u00fcde aktar\u0131labilece\u011fi konusunu a\u00e7\u0131k b\u0131rakm\u0131\u015ft\u0131r. En az\u0131ndan, toplam kazanc\u0131n cay\u0131labilir pay\u0131 %25 ila 30&#8217;un alt\u0131nda olmas\u0131 ve toplu \u00fccretin alt\u0131na d\u00fc\u015fmemesi halinde, iptal \u00e7ekincesi \u00fczerinde anla\u015fmaya var\u0131labilir. Bu temelde ilan edilen ek bir g\u00f6revin iptali, daha sonra Madde 315 Paragraf\u0131na uygun olarak adli incelemeye tabi tutulur. 3 BGB.[\/vc_column_text][\/vc_column][\/vc_row][vc_row triangle_shape=&#8221;no&#8221;][vc_column][vc_empty_space][\/vc_column][\/vc_row]<\/p>\n<\/div>","protected":false},"excerpt":{"rendered":"<p>[vc_row triangle_shape=&#8221;no&#8221;][vc_column][vc_column_text]B\u00f6l\u00fcm 106 C\u00fcmle 1 GewO&#8217;ya g\u00f6re, bu \u00e7al\u0131\u015fma ko\u015fullar\u0131n\u0131n bir i\u015f s\u00f6zle\u015fmesi, i\u015f s\u00f6zle\u015fmesi h\u00fck\u00fcmleri, ge\u00e7erli bir toplu s\u00f6zle\u015fme veya ge\u00e7erli bir toplu i\u015f s\u00f6zle\u015fmesi h\u00fck\u00fcmleri taraf\u0131ndan \u00f6ng\u00f6r\u00fclmemesi ko\u015fuluyla, i\u015fveren i\u015fin i\u00e7eri\u011fini, yerini ve zaman\u0131n\u0131 kendi makul takdirine ba\u011fl\u0131 olarak belirleyebilir. yasal d\u00fczenlemeler. Performans\u0131n belirlenmesi, davan\u0131n temel ko\u015fullar\u0131n\u0131n tart\u0131lmas\u0131 ve her iki taraf\u0131n \u00e7\u0131karlar\u0131n\u0131n dikkate al\u0131nmas\u0131 durumunda makul takdir yetkisine tekab\u00fcl eder. Dokuzuncu Senato, 11 Nisan 2006 tarihli karar\u0131nda (- 9 AZR 557\/05 -), \u00f6nceden haz\u0131rlanm\u0131\u015f bir i\u015f s\u00f6zle\u015fmesindeki devir maddesine dayanarak i\u015fverenin, i\u015fverenin i\u015f\u00e7iyi korumaktan sorumlu oldu\u011funa karar vermi\u015ftir. \u00c7al\u0131\u015fan\u0131n \u00e7\u0131karlar\u0131 (burada: edit\u00f6r) ba\u015fka bir \u00e7al\u0131\u015fma alan\u0131n\u0131 g\u00f6revlendirme&#8230;<\/p>\n","protected":false},"author":1,"featured_media":0,"parent":13703,"menu_order":0,"comment_status":"closed","ping_status":"closed","template":"","meta":{"footnotes":""},"class_list":["post-13745","page","type-page","status-publish","hentry"],"yoast_head":"<!-- This site is optimized with the Yoast SEO Premium plugin v27.2 (Yoast SEO v27.4) - https:\/\/yoast.com\/product\/yoast-seo-premium-wordpress\/ -->\n<title>Rechtsanwaltskanzlei in Hamburg Berlin Bremen Hannover L\u00fcbeck<\/title>\n<meta name=\"description\" content=\"Rechtsanwaltskanzlei f\u00fcr Arbeitsrecht, Arzthaftung, Mietrecht, Gewerbemietrecht ,Gastronomierecht, Immobilienrecht, Schadensersatz Yachtrecht\" \/>\n<meta name=\"robots\" content=\"index, follow, max-snippet:-1, max-image-preview:large, max-video-preview:-1\" \/>\n<link rel=\"canonical\" href=\"https:\/\/www.kanzlei-steinwachs.de\/tr\/is-hukuku-kararlari\/bag-kararlari-2006\/aenderung-von-arbeitsbedingungen\/\" \/>\n<meta property=\"og:locale\" content=\"tr_TR\" \/>\n<meta property=\"og:type\" content=\"article\" \/>\n<meta property=\"og:title\" content=\"Rechtsanwaltskanzlei in Hamburg Berlin Bremen Hannover L\u00fcbeck\" \/>\n<meta property=\"og:description\" content=\"Rechtsanwaltskanzlei f\u00fcr Arbeitsrecht, Arzthaftung, Mietrecht, Gewerbemietrecht ,Gastronomierecht, Immobilienrecht, Schadensersatz Yachtrecht\" \/>\n<meta property=\"og:url\" content=\"https:\/\/www.kanzlei-steinwachs.de\/tr\/is-hukuku-kararlari\/bag-kararlari-2006\/aenderung-von-arbeitsbedingungen\/\" \/>\n<meta property=\"og:site_name\" content=\"Rechtsanwaltskanzlei Anwalt Hamburg Berlin Bremen Hannover L\u00fcbeck\" \/>\n<meta property=\"article:publisher\" content=\"https:\/\/www.facebook.com\/STEINWACHSRechtsanwaltskanzlei\/\" \/>\n<meta property=\"article:modified_time\" content=\"2023-11-30T02:50:24+00:00\" \/>\n<meta name=\"twitter:card\" content=\"summary_large_image\" \/>\n<meta name=\"twitter:site\" content=\"@rasteinwachs\" \/>\n<meta name=\"twitter:label1\" content=\"Tahmini okuma s\u00fcresi\" \/>\n\t<meta name=\"twitter:data1\" content=\"3 dakika\" \/>\n<script type=\"application\/ld+json\" class=\"yoast-schema-graph\">{\"@context\":\"https:\\\/\\\/schema.org\",\"@graph\":[{\"@type\":\"WebPage\",\"@id\":\"https:\\\/\\\/www.kanzlei-steinwachs.de\\\/tr\\\/is-hukuku-kararlari\\\/bag-kararlari-2006\\\/aenderung-von-arbeitsbedingungen\\\/\",\"url\":\"https:\\\/\\\/www.kanzlei-steinwachs.de\\\/tr\\\/is-hukuku-kararlari\\\/bag-kararlari-2006\\\/aenderung-von-arbeitsbedingungen\\\/\",\"name\":\"Rechtsanwaltskanzlei in Hamburg Berlin Bremen Hannover L\u00fcbeck\",\"isPartOf\":{\"@id\":\"https:\\\/\\\/www.kanzlei-steinwachs.de\\\/tr\\\/#website\"},\"datePublished\":\"2023-11-20T07:20:14+00:00\",\"dateModified\":\"2023-11-30T02:50:24+00:00\",\"description\":\"Rechtsanwaltskanzlei f\u00fcr Arbeitsrecht, Arzthaftung, Mietrecht, Gewerbemietrecht ,Gastronomierecht, Immobilienrecht, Schadensersatz Yachtrecht\",\"breadcrumb\":{\"@id\":\"https:\\\/\\\/www.kanzlei-steinwachs.de\\\/tr\\\/is-hukuku-kararlari\\\/bag-kararlari-2006\\\/aenderung-von-arbeitsbedingungen\\\/#breadcrumb\"},\"inLanguage\":\"tr\",\"potentialAction\":[{\"@type\":\"ReadAction\",\"target\":[\"https:\\\/\\\/www.kanzlei-steinwachs.de\\\/tr\\\/is-hukuku-kararlari\\\/bag-kararlari-2006\\\/aenderung-von-arbeitsbedingungen\\\/\"]}]},{\"@type\":\"BreadcrumbList\",\"@id\":\"https:\\\/\\\/www.kanzlei-steinwachs.de\\\/tr\\\/is-hukuku-kararlari\\\/bag-kararlari-2006\\\/aenderung-von-arbeitsbedingungen\\\/#breadcrumb\",\"itemListElement\":[{\"@type\":\"ListItem\",\"position\":1,\"name\":\"\u0130\u015f hukuku kararlar\u0131\",\"item\":\"https:\\\/\\\/www.kanzlei-steinwachs.de\\\/tr\\\/is-hukuku-kararlari\\\/\"},{\"@type\":\"ListItem\",\"position\":2,\"name\":\"BAG kararlar\u0131 2006\",\"item\":\"https:\\\/\\\/www.kanzlei-steinwachs.de\\\/tr\\\/is-hukuku-kararlari\\\/bag-kararlari-2006\\\/\"},{\"@type\":\"ListItem\",\"position\":3,\"name\":\"\u00c4nderung von Arbeitsbedingungen\"}]},{\"@type\":\"WebSite\",\"@id\":\"https:\\\/\\\/www.kanzlei-steinwachs.de\\\/tr\\\/#website\",\"url\":\"https:\\\/\\\/www.kanzlei-steinwachs.de\\\/tr\\\/\",\"name\":\"Rechtsanwaltskanzlei Anwalt Hamburg Berlin Bremen Hannover L\u00fcbeck\",\"description\":\"Wir leisten mehr als Recht bietet\",\"publisher\":{\"@id\":\"https:\\\/\\\/www.kanzlei-steinwachs.de\\\/tr\\\/#organization\"},\"potentialAction\":[{\"@type\":\"SearchAction\",\"target\":{\"@type\":\"EntryPoint\",\"urlTemplate\":\"https:\\\/\\\/www.kanzlei-steinwachs.de\\\/tr\\\/?s={search_term_string}\"},\"query-input\":{\"@type\":\"PropertyValueSpecification\",\"valueRequired\":true,\"valueName\":\"search_term_string\"}}],\"inLanguage\":\"tr\"},{\"@type\":[\"Organization\",\"Place\"],\"@id\":\"https:\\\/\\\/www.kanzlei-steinwachs.de\\\/tr\\\/#organization\",\"name\":\"Rechtsanwaltskanzlei Anwalt Hamburg Berlin Bremen Hannover L\u00fcbeck\",\"url\":\"https:\\\/\\\/www.kanzlei-steinwachs.de\\\/\",\"logo\":{\"@type\":\"ImageObject\",\"inLanguage\":\"tr\",\"@id\":\"https:\\\/\\\/www.kanzlei-steinwachs.de\\\/tr\\\/#\\\/schema\\\/logo\\\/image\\\/\",\"url\":\"https:\\\/\\\/i0.wp.com\\\/www.kanzlei-steinwachs.de\\\/wp-content\\\/uploads\\\/2023\\\/12\\\/logo.webp?fit=174%2C76&quality=80&ssl=1\",\"contentUrl\":\"https:\\\/\\\/i0.wp.com\\\/www.kanzlei-steinwachs.de\\\/wp-content\\\/uploads\\\/2023\\\/12\\\/logo.webp?fit=174%2C76&quality=80&ssl=1\",\"width\":174,\"height\":76,\"caption\":\"Rechtsanwaltskanzlei Anwalt Hamburg Berlin Bremen Hannover L\u00fcbeck\"},\"image\":{\"@id\":\"https:\\\/\\\/www.kanzlei-steinwachs.de\\\/tr\\\/#\\\/schema\\\/logo\\\/image\\\/\"},\"sameAs\":[\"https:\\\/\\\/www.facebook.com\\\/STEINWACHSRechtsanwaltskanzlei\\\/\",\"https:\\\/\\\/x.com\\\/rasteinwachs\",\"https:\\\/\\\/www.instagram.com\\\/steinwachs_rechtsanwaelte\\\/\",\"https:\\\/\\\/www.linkedin.com\\\/in\\\/stephan-steinwachs-7a270197\\\/\",\"https:\\\/\\\/www.youtube.com\\\/channel\\\/UCffmodDlQx81remXm395RWA\"],\"telephone\":[]}]}<\/script>\n<!-- \/ Yoast SEO Premium plugin. -->","yoast_head_json":{"title":"Rechtsanwaltskanzlei in Hamburg Berlin Bremen Hannover L\u00fcbeck","description":"Rechtsanwaltskanzlei f\u00fcr Arbeitsrecht, Arzthaftung, Mietrecht, Gewerbemietrecht ,Gastronomierecht, Immobilienrecht, Schadensersatz Yachtrecht","robots":{"index":"index","follow":"follow","max-snippet":"max-snippet:-1","max-image-preview":"max-image-preview:large","max-video-preview":"max-video-preview:-1"},"canonical":"https:\/\/www.kanzlei-steinwachs.de\/tr\/is-hukuku-kararlari\/bag-kararlari-2006\/aenderung-von-arbeitsbedingungen\/","og_locale":"tr_TR","og_type":"article","og_title":"Rechtsanwaltskanzlei in Hamburg Berlin Bremen Hannover L\u00fcbeck","og_description":"Rechtsanwaltskanzlei f\u00fcr Arbeitsrecht, Arzthaftung, Mietrecht, Gewerbemietrecht ,Gastronomierecht, Immobilienrecht, Schadensersatz Yachtrecht","og_url":"https:\/\/www.kanzlei-steinwachs.de\/tr\/is-hukuku-kararlari\/bag-kararlari-2006\/aenderung-von-arbeitsbedingungen\/","og_site_name":"Rechtsanwaltskanzlei Anwalt Hamburg Berlin Bremen Hannover L\u00fcbeck","article_publisher":"https:\/\/www.facebook.com\/STEINWACHSRechtsanwaltskanzlei\/","article_modified_time":"2023-11-30T02:50:24+00:00","twitter_card":"summary_large_image","twitter_site":"@rasteinwachs","twitter_misc":{"Tahmini okuma s\u00fcresi":"3 dakika"},"schema":{"@context":"https:\/\/schema.org","@graph":[{"@type":"WebPage","@id":"https:\/\/www.kanzlei-steinwachs.de\/tr\/is-hukuku-kararlari\/bag-kararlari-2006\/aenderung-von-arbeitsbedingungen\/","url":"https:\/\/www.kanzlei-steinwachs.de\/tr\/is-hukuku-kararlari\/bag-kararlari-2006\/aenderung-von-arbeitsbedingungen\/","name":"Rechtsanwaltskanzlei in Hamburg Berlin Bremen Hannover L\u00fcbeck","isPartOf":{"@id":"https:\/\/www.kanzlei-steinwachs.de\/tr\/#website"},"datePublished":"2023-11-20T07:20:14+00:00","dateModified":"2023-11-30T02:50:24+00:00","description":"Rechtsanwaltskanzlei f\u00fcr Arbeitsrecht, Arzthaftung, Mietrecht, Gewerbemietrecht ,Gastronomierecht, Immobilienrecht, Schadensersatz Yachtrecht","breadcrumb":{"@id":"https:\/\/www.kanzlei-steinwachs.de\/tr\/is-hukuku-kararlari\/bag-kararlari-2006\/aenderung-von-arbeitsbedingungen\/#breadcrumb"},"inLanguage":"tr","potentialAction":[{"@type":"ReadAction","target":["https:\/\/www.kanzlei-steinwachs.de\/tr\/is-hukuku-kararlari\/bag-kararlari-2006\/aenderung-von-arbeitsbedingungen\/"]}]},{"@type":"BreadcrumbList","@id":"https:\/\/www.kanzlei-steinwachs.de\/tr\/is-hukuku-kararlari\/bag-kararlari-2006\/aenderung-von-arbeitsbedingungen\/#breadcrumb","itemListElement":[{"@type":"ListItem","position":1,"name":"\u0130\u015f hukuku kararlar\u0131","item":"https:\/\/www.kanzlei-steinwachs.de\/tr\/is-hukuku-kararlari\/"},{"@type":"ListItem","position":2,"name":"BAG kararlar\u0131 2006","item":"https:\/\/www.kanzlei-steinwachs.de\/tr\/is-hukuku-kararlari\/bag-kararlari-2006\/"},{"@type":"ListItem","position":3,"name":"\u00c4nderung von Arbeitsbedingungen"}]},{"@type":"WebSite","@id":"https:\/\/www.kanzlei-steinwachs.de\/tr\/#website","url":"https:\/\/www.kanzlei-steinwachs.de\/tr\/","name":"Rechtsanwaltskanzlei Anwalt Hamburg Berlin Bremen Hannover L\u00fcbeck","description":"Wir leisten mehr als Recht bietet","publisher":{"@id":"https:\/\/www.kanzlei-steinwachs.de\/tr\/#organization"},"potentialAction":[{"@type":"SearchAction","target":{"@type":"EntryPoint","urlTemplate":"https:\/\/www.kanzlei-steinwachs.de\/tr\/?s={search_term_string}"},"query-input":{"@type":"PropertyValueSpecification","valueRequired":true,"valueName":"search_term_string"}}],"inLanguage":"tr"},{"@type":["Organization","Place"],"@id":"https:\/\/www.kanzlei-steinwachs.de\/tr\/#organization","name":"Rechtsanwaltskanzlei Anwalt Hamburg Berlin Bremen Hannover L\u00fcbeck","url":"https:\/\/www.kanzlei-steinwachs.de\/","logo":{"@type":"ImageObject","inLanguage":"tr","@id":"https:\/\/www.kanzlei-steinwachs.de\/tr\/#\/schema\/logo\/image\/","url":"https:\/\/i0.wp.com\/www.kanzlei-steinwachs.de\/wp-content\/uploads\/2023\/12\/logo.webp?fit=174%2C76&quality=80&ssl=1","contentUrl":"https:\/\/i0.wp.com\/www.kanzlei-steinwachs.de\/wp-content\/uploads\/2023\/12\/logo.webp?fit=174%2C76&quality=80&ssl=1","width":174,"height":76,"caption":"Rechtsanwaltskanzlei Anwalt Hamburg Berlin Bremen Hannover L\u00fcbeck"},"image":{"@id":"https:\/\/www.kanzlei-steinwachs.de\/tr\/#\/schema\/logo\/image\/"},"sameAs":["https:\/\/www.facebook.com\/STEINWACHSRechtsanwaltskanzlei\/","https:\/\/x.com\/rasteinwachs","https:\/\/www.instagram.com\/steinwachs_rechtsanwaelte\/","https:\/\/www.linkedin.com\/in\/stephan-steinwachs-7a270197\/","https:\/\/www.youtube.com\/channel\/UCffmodDlQx81remXm395RWA"],"telephone":[]}]}},"jetpack_sharing_enabled":true,"_links":{"self":[{"href":"https:\/\/www.kanzlei-steinwachs.de\/tr\/wp-json\/wp\/v2\/pages\/13745","targetHints":{"allow":["GET"]}}],"collection":[{"href":"https:\/\/www.kanzlei-steinwachs.de\/tr\/wp-json\/wp\/v2\/pages"}],"about":[{"href":"https:\/\/www.kanzlei-steinwachs.de\/tr\/wp-json\/wp\/v2\/types\/page"}],"author":[{"embeddable":true,"href":"https:\/\/www.kanzlei-steinwachs.de\/tr\/wp-json\/wp\/v2\/users\/1"}],"replies":[{"embeddable":true,"href":"https:\/\/www.kanzlei-steinwachs.de\/tr\/wp-json\/wp\/v2\/comments?post=13745"}],"version-history":[{"count":0,"href":"https:\/\/www.kanzlei-steinwachs.de\/tr\/wp-json\/wp\/v2\/pages\/13745\/revisions"}],"up":[{"embeddable":true,"href":"https:\/\/www.kanzlei-steinwachs.de\/tr\/wp-json\/wp\/v2\/pages\/13703"}],"wp:attachment":[{"href":"https:\/\/www.kanzlei-steinwachs.de\/tr\/wp-json\/wp\/v2\/media?parent=13745"}],"curies":[{"name":"wp","href":"https:\/\/api.w.org\/{rel}","templated":true}]}}