{"id":13703,"date":"2023-11-20T07:52:58","date_gmt":"2023-11-20T06:52:58","guid":{"rendered":"https:\/\/www.kanzlei-steinwachs.de\/is-hukuku-kararlari\/bag-kararlari-2006\/"},"modified":"2023-11-29T14:02:40","modified_gmt":"2023-11-29T13:02:40","slug":"bag-kararlari-2006","status":"publish","type":"page","link":"https:\/\/www.kanzlei-steinwachs.de\/tr\/is-hukuku-kararlari\/bag-kararlari-2006\/","title":{"rendered":"BAG kararlar\u0131 2006"},"content":{"rendered":"<div class=\"wpb-content-wrapper\"><p>[vc_row triangle_shape=&#8221;no&#8221;][vc_column width=&#8221;1\/2&#8243;][vc_column_text]<\/p>\n<h3>A. \u0130\u015f ili\u015fkisi hukuku<\/h3>\n<p><strong>I. \u00c7al\u0131\u015fma ko\u015fullar\u0131<\/strong><\/p>\n<ul>\n<li>1.  <a title=\"\u00e7anta-yarg\u0131lar-2006 \u00e7al\u0131\u015fma saatleri\" href=\"https:\/\/www.kanzlei-steinwachs.de\/arbeitsrecht-urteile\/bag-urteile-2006\/arbeitszeit\" target=\"_blank\" rel=\"noopener\"> \u00e7al\u0131\u015fma saatleri<\/a><\/li>\n<li>2. <a title=\"\u00e7anta-yarg\u0131lar-2006 yar\u0131 zamanl\u0131 \u00e7al\u0131\u015fma hakk\u0131\" href=\"https:\/\/www.kanzlei-steinwachs.de\/arbeitsrecht-urteile\/bag-urteile-2006\/anspruch-auf-teilzeitarbeit\" target=\"_blank\" rel=\"noopener\">Yar\u0131 zamanl\u0131 \u00e7al\u0131\u015fma hakk\u0131<\/a><\/li>\n<li>3. <a title=\"\u00e7anta-yarg\u0131lar\u0131-2006 \u00e7al\u0131\u015fma ko\u015fullar\u0131 de\u011fi\u015fikli\u011fi\" href=\"https:\/\/www.kanzlei-steinwachs.de\/arbeitsrecht-urteile\/bag-urteile-2006\/aenderung-von-arbeitsbedingungen\" target=\"_blank\" rel=\"noopener\">\u00c7al\u0131\u015fma ko\u015fullar\u0131ndaki de\u011fi\u015fiklik<\/a><\/li>\n<\/ul>\n<p><strong>II.\u0130\u015f ili\u015fkisinden do\u011fan talepler<\/strong><\/p>\n<ul>\n<li>1. <a title=\"\u00e7anta-yarg\u0131lar-2006 \u00fccreti\" href=\"https:\/\/www.kanzlei-steinwachs.de\/arbeitsrecht-urteile\/bag-urteile-2006\/verguetung\" target=\"_blank\" rel=\"noopener\">Tazminat<\/a><\/li>\n<li>2. <a title=\"\u00e7anta-kararlar-2006 \u00e7al\u0131\u015fma saatleri ve \u00fccret\" href=\"https:\/\/www.kanzlei-steinwachs.de\/arbeitsrecht-urteile\/bag-urteile-2006\/arbeitszeit-und-verguetung\" target=\"_blank\" rel=\"noopener\">\u00c7al\u0131\u015fma s\u00fcresi<\/a><\/li>\n<li>3. <a title=\"bag-judgments-2006 rekabet yasa\u011f\u0131 maddesi\" href=\"https:\/\/www.kanzlei-steinwachs.de\/arbeitsrecht-urteile\/bag-urteile-2006\/wettbewerbsverbot\" target=\"_blank\" rel=\"noopener\">Rekabet Yasa\u011f\u0131 S\u00f6zle\u015fmeleri<\/a><\/li>\n<li>4. <a title=\"i\u015f hukuku kararlar\u0131 \u00e7anta-kararlar-2006\/k\u0131smi emeklilik\" href=\"https:\/\/www.kanzlei-steinwachs.de\/arbeitsrecht-urteile\/bag-urteile-2006\/altersteilzeit\" target=\"_blank\" rel=\"noopener\">K\u0131smi emeklilik<\/a><\/li>\n<li>5. <a title=\"\u00e7anta-yarg\u0131lar\u0131-2006-e\u011fitim-masraflar\u0131n\u0131n-geri \u00f6denmesi\" href=\"https:\/\/www.kanzlei-steinwachs.de\/arbeitsrecht-urteile\/bag-urteile-2006\/ruckzahlung-von-ausbildungskosten\" target=\"_blank\" rel=\"noopener\">E\u011fitim masraflar\u0131n\u0131n geri \u00f6denmesi<\/a><\/li>\n<li>6. <a title=\"\u00e7anta-yarg\u0131lar-2006 hasarlar\" href=\"https:\/\/www.kanzlei-steinwachs.de\/arbeitsrecht-urteile\/bag-urteile-2006\/schadensersatz\" target=\"_blank\" rel=\"noopener\">Hasarlar<\/a><\/li>\n<li>7. <a title=\"\u00e7anta-yarg\u0131lar-2006 y\u00f6netim sorumlulu\u011fu\" href=\"https:\/\/www.kanzlei-steinwachs.de\/arbeitsrecht-urteile\/bag-urteile-2006\/geschaftsfuhrerhaftung\" target=\"_blank\" rel=\"noopener\">Genel m\u00fcd\u00fcr\u00fcn sorumlulu\u011fu<\/a><\/li>\n<li>8. <a title=\"\u00e7anta-yarg\u0131lar-2006 \u00f6n sorumluluk\" href=\"https:\/\/www.kanzlei-steinwachs.de\/arbeitsrecht-urteile\/bag-urteile-2006\/vorgruendungshaftung\" target=\"_blank\" rel=\"noopener\">Kurulu\u015f \u00f6ncesi sorumluluk<\/a><\/li>\n<li>9. <a title=\"bag-urteile-2006 herausgabepflicht\" href=\"https:\/\/www.kanzlei-steinwachs.de\/arbeitsrecht-urteile\/bag-urteile-2006\/herausgabepflicht\" target=\"_blank\" rel=\"noopener\">Tahliye y\u00fck\u00fcml\u00fcl\u00fc\u011f\u00fc<\/a><\/li>\n<li>10. <a title=\"\u00e7anta-yarg\u0131lar-2006 \u00f6zl\u00fck dosyas\u0131\" href=\"https:\/\/www.kanzlei-steinwachs.de\/arbeitsrecht-urteile\/bag-urteile-2006\/personalakte\" target=\"_blank\" rel=\"noopener\">Personel dosyas\u0131<\/a><\/li>\n<\/ul>\n<p><strong>III. Ayr\u0131mc\u0131l\u0131\u011fa kar\u015f\u0131 koruma ve f\u0131rsatlar\u0131n desteklenmesi<\/strong><br \/>\n<strong>e\u015fitlik <\/strong><\/p>\n<ul>\n<li>1. <a title=\"\u00e7anta-yarg\u0131lar-2006 cinsiyet\" href=\"https:\/\/www.kanzlei-steinwachs.de\/arbeitsrecht-urteile\/bag-urteile-2006\/geschlecht\" target=\"_blank\" rel=\"noopener\">Cinsiyet<\/a><\/li>\n<li>2. <a title=\"\u00e7anta-yarg\u0131lar-2006 a\u011f\u0131r sakatl\u0131k\" href=\"https:\/\/www.kanzlei-steinwachs.de\/arbeitsrecht-urteile\/bag-urteile-2006\/schwerbehinderung\" target=\"_blank\" rel=\"noopener\">A\u011f\u0131r sakatl\u0131k<\/a><\/li>\n<li>3.<a title=\"i\u015f hukuku kararlar\u0131\/\u00e7anta kararlar\u0131 2006 ya\u015f\" href=\"https:\/\/www.kanzlei-steinwachs.de\/arbeitsrecht-urteile\/bag-urteile-2006\/alter\" target=\"_blank\" rel=\"noopener\">De\u011fi\u015ftir<\/a><\/li>\n<\/ul>\n<p><strong>IV.\u0130\u015f ili\u015fkilerinin sona ermesi<\/strong><\/p>\n<ul>\n<li>1. <a title=\"\u00e7anta-yarg\u0131lar-2006 fesih s\u00f6zle\u015fmesi\" href=\"https:\/\/www.kanzlei-steinwachs.de\/arbeitsrecht-urteile\/bag-urteile-2006\/aufhebungsvereinbarung\" target=\"_blank\" rel=\"noopener\">Fesih s\u00f6zle\u015fmesi<\/a><\/li>\n<li>2. <a title=\"\u00e7anta-yarg\u0131lar-2006 zaman s\u0131n\u0131r\u0131\" href=\"https:\/\/www.kanzlei-steinwachs.de\/arbeitsrecht-urteile\/bag-urteile-2006\/befristung\" target=\"_blank\" rel=\"noopener\">Zaman s\u0131n\u0131r\u0131<\/a><\/li>\n<li>3. <a title=\"\u00e7anta-yarg\u0131lar-2006 \u00e7\u00f6z\u00fcnme-ko\u015fulu\" href=\"https:\/\/www.kanzlei-steinwachs.de\/arbeitsrecht-urteile\/bag-urteile-2006\/aufloesende-bedingung\" target=\"_blank\" rel=\"noopener\">Ko\u015fulun \u00e7\u00f6z\u00fclmesi<\/a><\/li>\n<li>4. <a title=\"\u00e7anta-yarg\u0131lar-2006 fesih\" href=\"https:\/\/www.kanzlei-steinwachs.de\/arbeitsrecht-urteile\/bag-urteile-2006\/kuendigung\" target=\"_blank\" rel=\"noopener\">Fesih<\/a><\/li>\n<li>5. <a title=\"\u00e7anta-kararlar-2006 k\u0131dem tazminat\u0131\" href=\"https:\/\/www.kanzlei-steinwachs.de\/arbeitsrecht-urteile\/bag-urteile-2006\/abfindung\" target=\"_blank\" rel=\"noopener\">K\u0131dem tazminat\u0131 \u2013 \u201cturbo ikramiyesi\u201d<\/a><\/li>\n<\/ul>\n<p>[\/vc_column_text][\/vc_column][vc_column width=&#8221;1\/2&#8243;][vc_column_text]<\/p>\n<h3>B. Toplu i\u015f hukuku<\/h3>\n<p><strong>I. Toplu i\u015f s\u00f6zle\u015fmesi hukuku <\/strong><\/p>\n<ul>\n<li>1. <a title=\"\u00e7anta-kararlar-2006 toplu i\u015f s\u00f6zle\u015fmesi kanunu\" href=\"https:\/\/www.kanzlei-steinwachs.de\/arbeitsrecht-urteile\/bag-urteile-2006\/tarifvertragsrecht\" target=\"_blank\" rel=\"noopener\">Toplu i\u015f s\u00f6zle\u015fmesi kanunu<\/a><\/li>\n<li>2. <a title=\"\u00e7anta-kararlar-2006 toplu pazarl\u0131k yarg\u0131 yetkisi\" href=\"https:\/\/www.kanzlei-steinwachs.de\/arbeitsrecht-urteile\/bag-urteile-2006\/tarifzustaendigkeit\" target=\"_blank\" rel=\"noopener\">Toplu pazarl\u0131k yetkisi<\/a><\/li>\n<li>3. <a href=\"https:\/\/www.kanzlei-steinwachs.de\/arbeitsrecht-urteile\/bag-urteile-2006\/tariffahigkeit-einer-arbeitnehmervereinigung\" target=\"_blank\" rel=\"noopener\">Bir \u00e7al\u0131\u015fan derne\u011finin toplu pazarl\u0131k yetene\u011fi<\/a><\/li>\n<\/ul>\n<p><strong>II. \u0130\u015fyeri anayasa hukuku<\/strong><\/p>\n<ul>\n<li>1. <a title=\"\u00e7anta-kararlar\u0131-2006 \u00e7al\u0131\u015fma konseyinin ortak karar\u0131 ve kat\u0131l\u0131m\u0131\" href=\"https:\/\/www.kanzlei-steinwachs.de\/arbeitsrecht-urteile\/bag-urteile-2006\/mitbestimmung-und-mitwirkung-des-betriebsrats\" target=\"_blank\" rel=\"noopener\">\u0130\u015f konseyinin ortak karar\u0131 ve kat\u0131l\u0131m\u0131<\/a><\/li>\n<li>2. <a title=\"\u00e7anta-kararlar\u0131-2006-genel-i\u015fler-konseyinin-sorumlulu\u011fu\" href=\"https:\/\/www.kanzlei-steinwachs.de\/arbeitsrecht-urteile\/bag-urteile-2006\/zustaendigkeit-des-gesamtbetriebsrats\" target=\"_blank\" rel=\"noopener\">Genel i\u015f konseyinin sorumlulu\u011fu<\/a><\/li>\n<li>3. <a title=\"\u00e7anta kararlar\u0131-2006 i\u015f maliyetleri konseyi \u00fcyeli\u011fi\" href=\"https:\/\/www.kanzlei-steinwachs.de\/arbeitsrecht-urteile\/bag-urteile-2006\/kosten-der-betriebsratstaetigkeit\" target=\"_blank\" rel=\"noopener\">\u0130\u015f konseyi faaliyetinin maliyetleri<\/a><\/li>\n<li>4. <a title=\"\u00e7anta-kararlar-2006 i\u015f anayasas\u0131 kanunu kapsam\u0131nda eri\u015fim hakk\u0131\" href=\"https:\/\/www.kanzlei-steinwachs.de\/arbeitsrecht-urteile\/bag-urteile-2006\/betriebsverfassungsrechtliches-zugangsrecht\" target=\"_blank\" rel=\"noopener\">\u0130\u015fyeri anayasas\u0131 kanunu kapsam\u0131nda eri\u015fim hakk\u0131<\/a> <\/li>\n<li>3. <a title=\"i\u015f hukuku kararlar\u0131\/torba kararlar\u0131 2006 iflas hukuku\" href=\"https:\/\/www.kanzlei-steinwachs.de\/arbeitsrecht-urteile\/bag-urteile-2006\/insolvenzrecht\" target=\"_blank\" rel=\"noopener\">\u0130flas hukuku<\/a><\/li>\n<\/ul>\n<p>[\/vc_column_text][\/vc_column][\/vc_row][vc_row triangle_shape=&#8221;no&#8221;][vc_column][vc_empty_space][\/vc_column][\/vc_row]<\/p>\n<\/div>","protected":false},"excerpt":{"rendered":"<p>[vc_row triangle_shape=&#8221;no&#8221;][vc_column width=&#8221;1\/2&#8243;][vc_column_text] A. \u0130\u015f ili\u015fkisi hukuku I. \u00c7al\u0131\u015fma ko\u015fullar\u0131 1. \u00e7al\u0131\u015fma saatleri 2. Yar\u0131 zamanl\u0131 \u00e7al\u0131\u015fma hakk\u0131 3. \u00c7al\u0131\u015fma ko\u015fullar\u0131ndaki de\u011fi\u015fiklik II.\u0130\u015f ili\u015fkisinden do\u011fan talepler 1. Tazminat 2. \u00c7al\u0131\u015fma s\u00fcresi 3. Rekabet Yasa\u011f\u0131 S\u00f6zle\u015fmeleri 4. K\u0131smi emeklilik 5. E\u011fitim masraflar\u0131n\u0131n geri \u00f6denmesi 6. Hasarlar 7. Genel m\u00fcd\u00fcr\u00fcn sorumlulu\u011fu 8. Kurulu\u015f \u00f6ncesi sorumluluk 9. Tahliye y\u00fck\u00fcml\u00fcl\u00fc\u011f\u00fc 10. Personel dosyas\u0131 III. Ayr\u0131mc\u0131l\u0131\u011fa kar\u015f\u0131 koruma ve f\u0131rsatlar\u0131n desteklenmesi e\u015fitlik 1. Cinsiyet 2. A\u011f\u0131r sakatl\u0131k 3.De\u011fi\u015ftir IV.\u0130\u015f ili\u015fkilerinin sona ermesi 1. Fesih s\u00f6zle\u015fmesi 2. Zaman s\u0131n\u0131r\u0131 3. Ko\u015fulun \u00e7\u00f6z\u00fclmesi 4. Fesih 5. K\u0131dem tazminat\u0131 \u2013 \u201cturbo ikramiyesi\u201d [\/vc_column_text][\/vc_column][vc_column width=&#8221;1\/2&#8243;][vc_column_text] B. Toplu i\u015f hukuku&#8230;<\/p>\n","protected":false},"author":1,"featured_media":10685,"parent":11553,"menu_order":0,"comment_status":"closed","ping_status":"closed","template":"","meta":{"footnotes":""},"class_list":["post-13703","page","type-page","status-publish","has-post-thumbnail","hentry"],"yoast_head":"<!-- This site is optimized with the Yoast SEO Premium plugin v27.2 (Yoast SEO v27.3) - https:\/\/yoast.com\/product\/yoast-seo-premium-wordpress\/ -->\n<title>Rechtsanwaltskanzlei in Hamburg Berlin Bremen Hannover L\u00fcbeck<\/title>\n<meta name=\"description\" content=\"Rechtsanwaltskanzlei f\u00fcr Arbeitsrecht, Arzthaftung, Mietrecht, Gewerbemietrecht ,Gastronomierecht, Immobilienrecht, Schadensersatz Yachtrecht\" \/>\n<meta name=\"robots\" content=\"index, follow, max-snippet:-1, max-image-preview:large, max-video-preview:-1\" \/>\n<link rel=\"canonical\" href=\"https:\/\/www.kanzlei-steinwachs.de\/tr\/is-hukuku-kararlari\/bag-kararlari-2006\/\" \/>\n<meta property=\"og:locale\" content=\"tr_TR\" \/>\n<meta property=\"og:type\" content=\"article\" \/>\n<meta property=\"og:title\" content=\"Rechtsanwaltskanzlei in Hamburg Berlin Bremen Hannover L\u00fcbeck\" \/>\n<meta property=\"og:description\" content=\"Rechtsanwaltskanzlei f\u00fcr Arbeitsrecht, Arzthaftung, Mietrecht, Gewerbemietrecht ,Gastronomierecht, Immobilienrecht, Schadensersatz Yachtrecht\" \/>\n<meta property=\"og:url\" content=\"https:\/\/www.kanzlei-steinwachs.de\/tr\/is-hukuku-kararlari\/bag-kararlari-2006\/\" \/>\n<meta property=\"og:site_name\" content=\"Rechtsanwaltskanzlei Anwalt Hamburg Berlin Bremen Hannover L\u00fcbeck\" \/>\n<meta property=\"article:publisher\" content=\"https:\/\/www.facebook.com\/STEINWACHSRechtsanwaltskanzlei\/\" \/>\n<meta property=\"article:modified_time\" content=\"2023-11-29T13:02:40+00:00\" \/>\n<meta name=\"twitter:card\" content=\"summary_large_image\" \/>\n<meta name=\"twitter:site\" content=\"@rasteinwachs\" \/>\n<meta name=\"twitter:label1\" content=\"Tahmini okuma s\u00fcresi\" \/>\n\t<meta name=\"twitter:data1\" content=\"1 dakika\" \/>\n<script type=\"application\/ld+json\" class=\"yoast-schema-graph\">{\"@context\":\"https:\\\/\\\/schema.org\",\"@graph\":[{\"@type\":\"WebPage\",\"@id\":\"https:\\\/\\\/www.kanzlei-steinwachs.de\\\/tr\\\/is-hukuku-kararlari\\\/bag-kararlari-2006\\\/\",\"url\":\"https:\\\/\\\/www.kanzlei-steinwachs.de\\\/tr\\\/is-hukuku-kararlari\\\/bag-kararlari-2006\\\/\",\"name\":\"Rechtsanwaltskanzlei in Hamburg Berlin Bremen Hannover L\u00fcbeck\",\"isPartOf\":{\"@id\":\"https:\\\/\\\/www.kanzlei-steinwachs.de\\\/tr\\\/#website\"},\"primaryImageOfPage\":{\"@id\":\"https:\\\/\\\/www.kanzlei-steinwachs.de\\\/tr\\\/is-hukuku-kararlari\\\/bag-kararlari-2006\\\/#primaryimage\"},\"image\":{\"@id\":\"https:\\\/\\\/www.kanzlei-steinwachs.de\\\/tr\\\/is-hukuku-kararlari\\\/bag-kararlari-2006\\\/#primaryimage\"},\"thumbnailUrl\":\"https:\\\/\\\/i0.wp.com\\\/www.kanzlei-steinwachs.de\\\/wp-content\\\/uploads\\\/2023\\\/11\\\/Bundesarbeitsgericht_Urteile_2006.webp?fit=200%2C100&quality=20&ssl=1\",\"datePublished\":\"2023-11-20T06:52:58+00:00\",\"dateModified\":\"2023-11-29T13:02:40+00:00\",\"description\":\"Rechtsanwaltskanzlei f\u00fcr Arbeitsrecht, Arzthaftung, Mietrecht, Gewerbemietrecht ,Gastronomierecht, Immobilienrecht, Schadensersatz Yachtrecht\",\"breadcrumb\":{\"@id\":\"https:\\\/\\\/www.kanzlei-steinwachs.de\\\/tr\\\/is-hukuku-kararlari\\\/bag-kararlari-2006\\\/#breadcrumb\"},\"inLanguage\":\"tr\",\"potentialAction\":[{\"@type\":\"ReadAction\",\"target\":[\"https:\\\/\\\/www.kanzlei-steinwachs.de\\\/tr\\\/is-hukuku-kararlari\\\/bag-kararlari-2006\\\/\"]}]},{\"@type\":\"ImageObject\",\"inLanguage\":\"tr\",\"@id\":\"https:\\\/\\\/www.kanzlei-steinwachs.de\\\/tr\\\/is-hukuku-kararlari\\\/bag-kararlari-2006\\\/#primaryimage\",\"url\":\"https:\\\/\\\/i0.wp.com\\\/www.kanzlei-steinwachs.de\\\/wp-content\\\/uploads\\\/2023\\\/11\\\/Bundesarbeitsgericht_Urteile_2006.webp?fit=200%2C100&quality=20&ssl=1\",\"contentUrl\":\"https:\\\/\\\/i0.wp.com\\\/www.kanzlei-steinwachs.de\\\/wp-content\\\/uploads\\\/2023\\\/11\\\/Bundesarbeitsgericht_Urteile_2006.webp?fit=200%2C100&quality=20&ssl=1\",\"width\":200,\"height\":100,\"caption\":\"Bundesarbeitsgericht Urteile\"},{\"@type\":\"BreadcrumbList\",\"@id\":\"https:\\\/\\\/www.kanzlei-steinwachs.de\\\/tr\\\/is-hukuku-kararlari\\\/bag-kararlari-2006\\\/#breadcrumb\",\"itemListElement\":[{\"@type\":\"ListItem\",\"position\":1,\"name\":\"\u0130\u015f hukuku kararlar\u0131\",\"item\":\"https:\\\/\\\/www.kanzlei-steinwachs.de\\\/tr\\\/is-hukuku-kararlari\\\/\"},{\"@type\":\"ListItem\",\"position\":2,\"name\":\"BAG kararlar\u0131 2006\"}]},{\"@type\":\"WebSite\",\"@id\":\"https:\\\/\\\/www.kanzlei-steinwachs.de\\\/tr\\\/#website\",\"url\":\"https:\\\/\\\/www.kanzlei-steinwachs.de\\\/tr\\\/\",\"name\":\"Rechtsanwaltskanzlei Anwalt Hamburg Berlin Bremen Hannover L\u00fcbeck\",\"description\":\"Wir leisten mehr als Recht bietet\",\"publisher\":{\"@id\":\"https:\\\/\\\/www.kanzlei-steinwachs.de\\\/tr\\\/#organization\"},\"potentialAction\":[{\"@type\":\"SearchAction\",\"target\":{\"@type\":\"EntryPoint\",\"urlTemplate\":\"https:\\\/\\\/www.kanzlei-steinwachs.de\\\/tr\\\/?s={search_term_string}\"},\"query-input\":{\"@type\":\"PropertyValueSpecification\",\"valueRequired\":true,\"valueName\":\"search_term_string\"}}],\"inLanguage\":\"tr\"},{\"@type\":[\"Organization\",\"Place\"],\"@id\":\"https:\\\/\\\/www.kanzlei-steinwachs.de\\\/tr\\\/#organization\",\"name\":\"Rechtsanwaltskanzlei Anwalt Hamburg Berlin Bremen Hannover L\u00fcbeck\",\"url\":\"https:\\\/\\\/www.kanzlei-steinwachs.de\\\/\",\"logo\":{\"@type\":\"ImageObject\",\"inLanguage\":\"tr\",\"@id\":\"https:\\\/\\\/www.kanzlei-steinwachs.de\\\/tr\\\/#\\\/schema\\\/logo\\\/image\\\/\",\"url\":\"https:\\\/\\\/i0.wp.com\\\/www.kanzlei-steinwachs.de\\\/wp-content\\\/uploads\\\/2023\\\/12\\\/logo.webp?fit=174%2C76&quality=80&ssl=1\",\"contentUrl\":\"https:\\\/\\\/i0.wp.com\\\/www.kanzlei-steinwachs.de\\\/wp-content\\\/uploads\\\/2023\\\/12\\\/logo.webp?fit=174%2C76&quality=80&ssl=1\",\"width\":174,\"height\":76,\"caption\":\"Rechtsanwaltskanzlei Anwalt Hamburg Berlin Bremen Hannover L\u00fcbeck\"},\"image\":{\"@id\":\"https:\\\/\\\/www.kanzlei-steinwachs.de\\\/tr\\\/#\\\/schema\\\/logo\\\/image\\\/\"},\"sameAs\":[\"https:\\\/\\\/www.facebook.com\\\/STEINWACHSRechtsanwaltskanzlei\\\/\",\"https:\\\/\\\/x.com\\\/rasteinwachs\",\"https:\\\/\\\/www.instagram.com\\\/steinwachs_rechtsanwaelte\\\/\",\"https:\\\/\\\/www.linkedin.com\\\/in\\\/stephan-steinwachs-7a270197\\\/\",\"https:\\\/\\\/www.youtube.com\\\/channel\\\/UCffmodDlQx81remXm395RWA\"],\"telephone\":[]}]}<\/script>\n<!-- \/ Yoast SEO Premium plugin. -->","yoast_head_json":{"title":"Rechtsanwaltskanzlei in Hamburg Berlin Bremen Hannover L\u00fcbeck","description":"Rechtsanwaltskanzlei f\u00fcr Arbeitsrecht, Arzthaftung, Mietrecht, Gewerbemietrecht ,Gastronomierecht, Immobilienrecht, Schadensersatz Yachtrecht","robots":{"index":"index","follow":"follow","max-snippet":"max-snippet:-1","max-image-preview":"max-image-preview:large","max-video-preview":"max-video-preview:-1"},"canonical":"https:\/\/www.kanzlei-steinwachs.de\/tr\/is-hukuku-kararlari\/bag-kararlari-2006\/","og_locale":"tr_TR","og_type":"article","og_title":"Rechtsanwaltskanzlei in Hamburg Berlin Bremen Hannover L\u00fcbeck","og_description":"Rechtsanwaltskanzlei f\u00fcr Arbeitsrecht, Arzthaftung, Mietrecht, Gewerbemietrecht ,Gastronomierecht, Immobilienrecht, Schadensersatz Yachtrecht","og_url":"https:\/\/www.kanzlei-steinwachs.de\/tr\/is-hukuku-kararlari\/bag-kararlari-2006\/","og_site_name":"Rechtsanwaltskanzlei Anwalt Hamburg Berlin Bremen Hannover L\u00fcbeck","article_publisher":"https:\/\/www.facebook.com\/STEINWACHSRechtsanwaltskanzlei\/","article_modified_time":"2023-11-29T13:02:40+00:00","twitter_card":"summary_large_image","twitter_site":"@rasteinwachs","twitter_misc":{"Tahmini okuma s\u00fcresi":"1 dakika"},"schema":{"@context":"https:\/\/schema.org","@graph":[{"@type":"WebPage","@id":"https:\/\/www.kanzlei-steinwachs.de\/tr\/is-hukuku-kararlari\/bag-kararlari-2006\/","url":"https:\/\/www.kanzlei-steinwachs.de\/tr\/is-hukuku-kararlari\/bag-kararlari-2006\/","name":"Rechtsanwaltskanzlei in Hamburg Berlin Bremen Hannover L\u00fcbeck","isPartOf":{"@id":"https:\/\/www.kanzlei-steinwachs.de\/tr\/#website"},"primaryImageOfPage":{"@id":"https:\/\/www.kanzlei-steinwachs.de\/tr\/is-hukuku-kararlari\/bag-kararlari-2006\/#primaryimage"},"image":{"@id":"https:\/\/www.kanzlei-steinwachs.de\/tr\/is-hukuku-kararlari\/bag-kararlari-2006\/#primaryimage"},"thumbnailUrl":"https:\/\/i0.wp.com\/www.kanzlei-steinwachs.de\/wp-content\/uploads\/2023\/11\/Bundesarbeitsgericht_Urteile_2006.webp?fit=200%2C100&quality=20&ssl=1","datePublished":"2023-11-20T06:52:58+00:00","dateModified":"2023-11-29T13:02:40+00:00","description":"Rechtsanwaltskanzlei f\u00fcr Arbeitsrecht, Arzthaftung, Mietrecht, Gewerbemietrecht ,Gastronomierecht, Immobilienrecht, Schadensersatz Yachtrecht","breadcrumb":{"@id":"https:\/\/www.kanzlei-steinwachs.de\/tr\/is-hukuku-kararlari\/bag-kararlari-2006\/#breadcrumb"},"inLanguage":"tr","potentialAction":[{"@type":"ReadAction","target":["https:\/\/www.kanzlei-steinwachs.de\/tr\/is-hukuku-kararlari\/bag-kararlari-2006\/"]}]},{"@type":"ImageObject","inLanguage":"tr","@id":"https:\/\/www.kanzlei-steinwachs.de\/tr\/is-hukuku-kararlari\/bag-kararlari-2006\/#primaryimage","url":"https:\/\/i0.wp.com\/www.kanzlei-steinwachs.de\/wp-content\/uploads\/2023\/11\/Bundesarbeitsgericht_Urteile_2006.webp?fit=200%2C100&quality=20&ssl=1","contentUrl":"https:\/\/i0.wp.com\/www.kanzlei-steinwachs.de\/wp-content\/uploads\/2023\/11\/Bundesarbeitsgericht_Urteile_2006.webp?fit=200%2C100&quality=20&ssl=1","width":200,"height":100,"caption":"Bundesarbeitsgericht Urteile"},{"@type":"BreadcrumbList","@id":"https:\/\/www.kanzlei-steinwachs.de\/tr\/is-hukuku-kararlari\/bag-kararlari-2006\/#breadcrumb","itemListElement":[{"@type":"ListItem","position":1,"name":"\u0130\u015f hukuku kararlar\u0131","item":"https:\/\/www.kanzlei-steinwachs.de\/tr\/is-hukuku-kararlari\/"},{"@type":"ListItem","position":2,"name":"BAG kararlar\u0131 2006"}]},{"@type":"WebSite","@id":"https:\/\/www.kanzlei-steinwachs.de\/tr\/#website","url":"https:\/\/www.kanzlei-steinwachs.de\/tr\/","name":"Rechtsanwaltskanzlei Anwalt Hamburg Berlin Bremen Hannover L\u00fcbeck","description":"Wir leisten mehr als Recht bietet","publisher":{"@id":"https:\/\/www.kanzlei-steinwachs.de\/tr\/#organization"},"potentialAction":[{"@type":"SearchAction","target":{"@type":"EntryPoint","urlTemplate":"https:\/\/www.kanzlei-steinwachs.de\/tr\/?s={search_term_string}"},"query-input":{"@type":"PropertyValueSpecification","valueRequired":true,"valueName":"search_term_string"}}],"inLanguage":"tr"},{"@type":["Organization","Place"],"@id":"https:\/\/www.kanzlei-steinwachs.de\/tr\/#organization","name":"Rechtsanwaltskanzlei Anwalt Hamburg Berlin Bremen Hannover L\u00fcbeck","url":"https:\/\/www.kanzlei-steinwachs.de\/","logo":{"@type":"ImageObject","inLanguage":"tr","@id":"https:\/\/www.kanzlei-steinwachs.de\/tr\/#\/schema\/logo\/image\/","url":"https:\/\/i0.wp.com\/www.kanzlei-steinwachs.de\/wp-content\/uploads\/2023\/12\/logo.webp?fit=174%2C76&quality=80&ssl=1","contentUrl":"https:\/\/i0.wp.com\/www.kanzlei-steinwachs.de\/wp-content\/uploads\/2023\/12\/logo.webp?fit=174%2C76&quality=80&ssl=1","width":174,"height":76,"caption":"Rechtsanwaltskanzlei Anwalt Hamburg Berlin Bremen Hannover L\u00fcbeck"},"image":{"@id":"https:\/\/www.kanzlei-steinwachs.de\/tr\/#\/schema\/logo\/image\/"},"sameAs":["https:\/\/www.facebook.com\/STEINWACHSRechtsanwaltskanzlei\/","https:\/\/x.com\/rasteinwachs","https:\/\/www.instagram.com\/steinwachs_rechtsanwaelte\/","https:\/\/www.linkedin.com\/in\/stephan-steinwachs-7a270197\/","https:\/\/www.youtube.com\/channel\/UCffmodDlQx81remXm395RWA"],"telephone":[]}]}},"jetpack_sharing_enabled":true,"_links":{"self":[{"href":"https:\/\/www.kanzlei-steinwachs.de\/tr\/wp-json\/wp\/v2\/pages\/13703","targetHints":{"allow":["GET"]}}],"collection":[{"href":"https:\/\/www.kanzlei-steinwachs.de\/tr\/wp-json\/wp\/v2\/pages"}],"about":[{"href":"https:\/\/www.kanzlei-steinwachs.de\/tr\/wp-json\/wp\/v2\/types\/page"}],"author":[{"embeddable":true,"href":"https:\/\/www.kanzlei-steinwachs.de\/tr\/wp-json\/wp\/v2\/users\/1"}],"replies":[{"embeddable":true,"href":"https:\/\/www.kanzlei-steinwachs.de\/tr\/wp-json\/wp\/v2\/comments?post=13703"}],"version-history":[{"count":0,"href":"https:\/\/www.kanzlei-steinwachs.de\/tr\/wp-json\/wp\/v2\/pages\/13703\/revisions"}],"up":[{"embeddable":true,"href":"https:\/\/www.kanzlei-steinwachs.de\/tr\/wp-json\/wp\/v2\/pages\/11553"}],"wp:featuredmedia":[{"embeddable":true,"href":"https:\/\/www.kanzlei-steinwachs.de\/tr\/wp-json\/wp\/v2\/media\/10685"}],"wp:attachment":[{"href":"https:\/\/www.kanzlei-steinwachs.de\/tr\/wp-json\/wp\/v2\/media?parent=13703"}],"curies":[{"name":"wp","href":"https:\/\/api.w.org\/{rel}","templated":true}]}}