{"id":13561,"date":"2023-11-20T07:34:06","date_gmt":"2023-11-20T06:34:06","guid":{"rendered":"https:\/\/www.kanzlei-steinwachs.de\/is-hukuku-kararlari\/sentencias-bag-2005\/ley-de-conflictos-laborales\/"},"modified":"2023-11-28T12:26:11","modified_gmt":"2023-11-28T11:26:11","slug":"ley-de-conflictos-laborales","status":"publish","type":"page","link":"https:\/\/www.kanzlei-steinwachs.de\/tr\/is-hukuku-kararlari\/sentencias-bag-2005\/ley-de-conflictos-laborales\/","title":{"rendered":"Ley de conflictos laborales"},"content":{"rendered":"<div class=\"wpb-content-wrapper\"><p>[vc_row triangle_shape=&#8221;no&#8221;][vc_column][vc_column_text]Federal \u0130\u015f Mahkemesi&#8217;nin yerle\u015fik i\u00e7tihad\u0131na g\u00f6re, bir \u00e7al\u0131\u015fan\u0131n \u00e7al\u0131\u015fma saatleri i\u00e7inde bir (uyar\u0131) grevine kat\u0131lmas\u0131 durumunda bor\u00e7lu oldu\u011fu hedef \u00e7al\u0131\u015fma s\u00fcresi azal\u0131r. Yasal greve kat\u0131lman\u0131n hukuki sonucu, i\u015f ili\u015fkisinden kaynaklanan kar\u015f\u0131l\u0131kl\u0131 ana edim y\u00fck\u00fcml\u00fcl\u00fcklerinin iptalidir. Bu durum, orant\u0131l\u0131 \u00fccret talebinin kaybedilmesine yol a\u00e7maktad\u0131r. 26 Temmuz 2005 tarihli karar\u0131nda (- 1 AZR 133\/04 -) Birinci Senato, bu yasal sonu\u00e7lar\u0131n genellikle esnek \u00e7al\u0131\u015fma d\u00fczenlemesi uyguland\u0131\u011f\u0131nda da ge\u00e7erli olaca\u011f\u0131n\u0131 do\u011frulad\u0131. Ayr\u0131ca \u015firketin esnek \u00e7al\u0131\u015fma d\u00fczenlemesi kapsam\u0131nda izin verilen s\u00fcre kay\u0131t sisteminden \u00e7\u0131k\u0131\u015f yapt\u0131ktan sonra grev mitingine kat\u0131lan bir \u00e7al\u0131\u015fan\u0131n hukuki anlamda grevde olmad\u0131\u011f\u0131na karar verdi. \u015eirket zaman kayd\u0131ndan \u00e7\u0131k\u0131\u015f yapt\u0131ktan sonra \u00e7al\u0131\u015fan\u0131n serbest zaman\u0131 vard\u0131r. Grev, s\u00f6zle\u015fmeyle kararla\u015ft\u0131r\u0131lan \u00e7al\u0131\u015fma saatlerinin toplu olarak durdurulmas\u0131 anlam\u0131na geldi\u011finden, g\u00fcnl\u00fck \u00e7al\u0131\u015fma saatleri d\u0131\u015f\u0131nda grev g\u00f6sterisine kat\u0131lan bir \u00e7al\u0131\u015fan, yasal olarak greve gidemez. Greve bu \u015fekilde fiili kat\u0131l\u0131m\u0131n \u00fccret a\u00e7\u0131s\u0131ndan hi\u00e7bir sonucu yoktur. Bu durum i\u015f uyu\u015fmazl\u0131klar\u0131 hukuku gerek\u00e7eleriyle, \u00f6zellikle de m\u00fccadele e\u015fitli\u011fiyle \u00e7eli\u015fmemektedir. \u0130\u015fverenin kesinti nedeniyle tazminat \u00f6demesi gerekmiyor. Bor\u00e7lu olunan i\u015f miktar\u0131 de\u011fi\u015fmeden kal\u0131r. \u0130zin verilen saat s\u0131n\u0131r\u0131n\u0131n 150 eksi saat olarak belirlendi\u011fi esnek \u00e7al\u0131\u015fma s\u00fcresi d\u00fczenlemesi uyar\u0131nca, birden fazla \u00e7al\u0131\u015fan toplu olarak grev mitinglerine kat\u0131lmak \u00fczere kay\u0131tlar\u0131n\u0131 iptal etse bile, i\u015fveren buna kar\u015f\u0131 savunmas\u0131z de\u011fildir. S\u00f6z konusu esnek \u00e7al\u0131\u015fma d\u00fczenlemesine g\u00f6re, \u00e7al\u0131\u015fma saatlerinin bireysel \u00e7al\u0131\u015fanlar taraf\u0131ndan \u00f6zerk olarak kontrol edilebilmesi, \u015firketin belirlenen hedeflerine ula\u015f\u0131lmas\u0131 \u015fart\u0131na ba\u011fl\u0131d\u0131r.[\/vc_column_text][\/vc_column][\/vc_row][vc_row triangle_shape=&#8221;no&#8221;][vc_column][vc_empty_space][\/vc_column][\/vc_row]<\/p>\n<\/div>","protected":false},"excerpt":{"rendered":"<p>[vc_row triangle_shape=&#8221;no&#8221;][vc_column][vc_column_text]Federal \u0130\u015f Mahkemesi&#8217;nin yerle\u015fik i\u00e7tihad\u0131na g\u00f6re, bir \u00e7al\u0131\u015fan\u0131n \u00e7al\u0131\u015fma saatleri i\u00e7inde bir (uyar\u0131) grevine kat\u0131lmas\u0131 durumunda bor\u00e7lu oldu\u011fu hedef \u00e7al\u0131\u015fma s\u00fcresi azal\u0131r. Yasal greve kat\u0131lman\u0131n hukuki sonucu, i\u015f ili\u015fkisinden kaynaklanan kar\u015f\u0131l\u0131kl\u0131 ana edim y\u00fck\u00fcml\u00fcl\u00fcklerinin iptalidir. Bu durum, orant\u0131l\u0131 \u00fccret talebinin kaybedilmesine yol a\u00e7maktad\u0131r. 26 Temmuz 2005 tarihli karar\u0131nda (- 1 AZR 133\/04 -) Birinci Senato, bu yasal sonu\u00e7lar\u0131n genellikle esnek \u00e7al\u0131\u015fma d\u00fczenlemesi uyguland\u0131\u011f\u0131nda da ge\u00e7erli olaca\u011f\u0131n\u0131 do\u011frulad\u0131. Ayr\u0131ca \u015firketin esnek \u00e7al\u0131\u015fma d\u00fczenlemesi kapsam\u0131nda izin verilen s\u00fcre kay\u0131t sisteminden \u00e7\u0131k\u0131\u015f yapt\u0131ktan sonra grev mitingine kat\u0131lan bir \u00e7al\u0131\u015fan\u0131n hukuki anlamda grevde olmad\u0131\u011f\u0131na karar verdi. \u015eirket zaman kayd\u0131ndan \u00e7\u0131k\u0131\u015f yapt\u0131ktan sonra \u00e7al\u0131\u015fan\u0131n&#8230;<\/p>\n","protected":false},"author":1,"featured_media":0,"parent":12826,"menu_order":0,"comment_status":"closed","ping_status":"closed","template":"","meta":{"footnotes":""},"class_list":["post-13561","page","type-page","status-publish","hentry"],"yoast_head":"<!-- This site is optimized with the Yoast SEO Premium plugin v27.2 (Yoast SEO v27.4) - https:\/\/yoast.com\/product\/yoast-seo-premium-wordpress\/ -->\n<title>Rechtsanwaltskanzlei in Hamburg Berlin Bremen Hannover L\u00fcbeck<\/title>\n<meta name=\"description\" content=\"Rechtsanwaltskanzlei f\u00fcr Arbeitsrecht, Arzthaftung, Mietrecht, Gewerbemietrecht ,Gastronomierecht, Immobilienrecht, Schadensersatz Yachtrecht\" \/>\n<meta name=\"robots\" content=\"index, follow, max-snippet:-1, max-image-preview:large, max-video-preview:-1\" \/>\n<link rel=\"canonical\" href=\"https:\/\/www.kanzlei-steinwachs.de\/tr\/is-hukuku-kararlari\/sentencias-bag-2005\/ley-de-conflictos-laborales\/\" \/>\n<meta property=\"og:locale\" content=\"tr_TR\" \/>\n<meta property=\"og:type\" content=\"article\" \/>\n<meta property=\"og:title\" content=\"Rechtsanwaltskanzlei in Hamburg Berlin Bremen Hannover L\u00fcbeck\" \/>\n<meta property=\"og:description\" content=\"Rechtsanwaltskanzlei f\u00fcr Arbeitsrecht, Arzthaftung, Mietrecht, Gewerbemietrecht ,Gastronomierecht, Immobilienrecht, Schadensersatz Yachtrecht\" \/>\n<meta property=\"og:url\" content=\"https:\/\/www.kanzlei-steinwachs.de\/tr\/is-hukuku-kararlari\/sentencias-bag-2005\/ley-de-conflictos-laborales\/\" \/>\n<meta property=\"og:site_name\" content=\"Rechtsanwaltskanzlei Anwalt Hamburg Berlin Bremen Hannover L\u00fcbeck\" \/>\n<meta property=\"article:publisher\" content=\"https:\/\/www.facebook.com\/STEINWACHSRechtsanwaltskanzlei\/\" \/>\n<meta property=\"article:modified_time\" content=\"2023-11-28T11:26:11+00:00\" \/>\n<meta name=\"twitter:card\" content=\"summary_large_image\" \/>\n<meta name=\"twitter:site\" content=\"@rasteinwachs\" \/>\n<meta name=\"twitter:label1\" content=\"Tahmini okuma s\u00fcresi\" \/>\n\t<meta name=\"twitter:data1\" content=\"2 dakika\" \/>\n<script type=\"application\/ld+json\" class=\"yoast-schema-graph\">{\"@context\":\"https:\\\/\\\/schema.org\",\"@graph\":[{\"@type\":\"WebPage\",\"@id\":\"https:\\\/\\\/www.kanzlei-steinwachs.de\\\/tr\\\/is-hukuku-kararlari\\\/sentencias-bag-2005\\\/ley-de-conflictos-laborales\\\/\",\"url\":\"https:\\\/\\\/www.kanzlei-steinwachs.de\\\/tr\\\/is-hukuku-kararlari\\\/sentencias-bag-2005\\\/ley-de-conflictos-laborales\\\/\",\"name\":\"Rechtsanwaltskanzlei in Hamburg Berlin Bremen Hannover L\u00fcbeck\",\"isPartOf\":{\"@id\":\"https:\\\/\\\/www.kanzlei-steinwachs.de\\\/tr\\\/#website\"},\"datePublished\":\"2023-11-20T06:34:06+00:00\",\"dateModified\":\"2023-11-28T11:26:11+00:00\",\"description\":\"Rechtsanwaltskanzlei f\u00fcr Arbeitsrecht, Arzthaftung, Mietrecht, Gewerbemietrecht ,Gastronomierecht, Immobilienrecht, Schadensersatz Yachtrecht\",\"breadcrumb\":{\"@id\":\"https:\\\/\\\/www.kanzlei-steinwachs.de\\\/tr\\\/is-hukuku-kararlari\\\/sentencias-bag-2005\\\/ley-de-conflictos-laborales\\\/#breadcrumb\"},\"inLanguage\":\"tr\",\"potentialAction\":[{\"@type\":\"ReadAction\",\"target\":[\"https:\\\/\\\/www.kanzlei-steinwachs.de\\\/tr\\\/is-hukuku-kararlari\\\/sentencias-bag-2005\\\/ley-de-conflictos-laborales\\\/\"]}]},{\"@type\":\"BreadcrumbList\",\"@id\":\"https:\\\/\\\/www.kanzlei-steinwachs.de\\\/tr\\\/is-hukuku-kararlari\\\/sentencias-bag-2005\\\/ley-de-conflictos-laborales\\\/#breadcrumb\",\"itemListElement\":[{\"@type\":\"ListItem\",\"position\":1,\"name\":\"\u0130\u015f hukuku kararlar\u0131\",\"item\":\"https:\\\/\\\/www.kanzlei-steinwachs.de\\\/tr\\\/is-hukuku-kararlari\\\/\"},{\"@type\":\"ListItem\",\"position\":2,\"name\":\"Sentencias BAG 2005\",\"item\":\"https:\\\/\\\/www.kanzlei-steinwachs.de\\\/tr\\\/arbeitsrecht-urteile\\\/bag-urteile-2005\\\/\"},{\"@type\":\"ListItem\",\"position\":3,\"name\":\"Ley de conflictos laborales\"}]},{\"@type\":\"WebSite\",\"@id\":\"https:\\\/\\\/www.kanzlei-steinwachs.de\\\/tr\\\/#website\",\"url\":\"https:\\\/\\\/www.kanzlei-steinwachs.de\\\/tr\\\/\",\"name\":\"Rechtsanwaltskanzlei Anwalt Hamburg Berlin Bremen Hannover L\u00fcbeck\",\"description\":\"Wir leisten mehr als Recht bietet\",\"publisher\":{\"@id\":\"https:\\\/\\\/www.kanzlei-steinwachs.de\\\/tr\\\/#organization\"},\"potentialAction\":[{\"@type\":\"SearchAction\",\"target\":{\"@type\":\"EntryPoint\",\"urlTemplate\":\"https:\\\/\\\/www.kanzlei-steinwachs.de\\\/tr\\\/?s={search_term_string}\"},\"query-input\":{\"@type\":\"PropertyValueSpecification\",\"valueRequired\":true,\"valueName\":\"search_term_string\"}}],\"inLanguage\":\"tr\"},{\"@type\":[\"Organization\",\"Place\"],\"@id\":\"https:\\\/\\\/www.kanzlei-steinwachs.de\\\/tr\\\/#organization\",\"name\":\"Rechtsanwaltskanzlei Anwalt Hamburg Berlin Bremen Hannover L\u00fcbeck\",\"url\":\"https:\\\/\\\/www.kanzlei-steinwachs.de\\\/\",\"logo\":{\"@type\":\"ImageObject\",\"inLanguage\":\"tr\",\"@id\":\"https:\\\/\\\/www.kanzlei-steinwachs.de\\\/tr\\\/#\\\/schema\\\/logo\\\/image\\\/\",\"url\":\"https:\\\/\\\/i0.wp.com\\\/www.kanzlei-steinwachs.de\\\/wp-content\\\/uploads\\\/2023\\\/12\\\/logo.webp?fit=174%2C76&quality=80&ssl=1\",\"contentUrl\":\"https:\\\/\\\/i0.wp.com\\\/www.kanzlei-steinwachs.de\\\/wp-content\\\/uploads\\\/2023\\\/12\\\/logo.webp?fit=174%2C76&quality=80&ssl=1\",\"width\":174,\"height\":76,\"caption\":\"Rechtsanwaltskanzlei Anwalt Hamburg Berlin Bremen Hannover L\u00fcbeck\"},\"image\":{\"@id\":\"https:\\\/\\\/www.kanzlei-steinwachs.de\\\/tr\\\/#\\\/schema\\\/logo\\\/image\\\/\"},\"sameAs\":[\"https:\\\/\\\/www.facebook.com\\\/STEINWACHSRechtsanwaltskanzlei\\\/\",\"https:\\\/\\\/x.com\\\/rasteinwachs\",\"https:\\\/\\\/www.instagram.com\\\/steinwachs_rechtsanwaelte\\\/\",\"https:\\\/\\\/www.linkedin.com\\\/in\\\/stephan-steinwachs-7a270197\\\/\",\"https:\\\/\\\/www.youtube.com\\\/channel\\\/UCffmodDlQx81remXm395RWA\"],\"telephone\":[]}]}<\/script>\n<!-- \/ Yoast SEO Premium plugin. -->","yoast_head_json":{"title":"Rechtsanwaltskanzlei in Hamburg Berlin Bremen Hannover L\u00fcbeck","description":"Rechtsanwaltskanzlei f\u00fcr Arbeitsrecht, Arzthaftung, Mietrecht, Gewerbemietrecht ,Gastronomierecht, Immobilienrecht, Schadensersatz Yachtrecht","robots":{"index":"index","follow":"follow","max-snippet":"max-snippet:-1","max-image-preview":"max-image-preview:large","max-video-preview":"max-video-preview:-1"},"canonical":"https:\/\/www.kanzlei-steinwachs.de\/tr\/is-hukuku-kararlari\/sentencias-bag-2005\/ley-de-conflictos-laborales\/","og_locale":"tr_TR","og_type":"article","og_title":"Rechtsanwaltskanzlei in Hamburg Berlin Bremen Hannover L\u00fcbeck","og_description":"Rechtsanwaltskanzlei f\u00fcr Arbeitsrecht, Arzthaftung, Mietrecht, Gewerbemietrecht ,Gastronomierecht, Immobilienrecht, Schadensersatz Yachtrecht","og_url":"https:\/\/www.kanzlei-steinwachs.de\/tr\/is-hukuku-kararlari\/sentencias-bag-2005\/ley-de-conflictos-laborales\/","og_site_name":"Rechtsanwaltskanzlei Anwalt Hamburg Berlin Bremen Hannover L\u00fcbeck","article_publisher":"https:\/\/www.facebook.com\/STEINWACHSRechtsanwaltskanzlei\/","article_modified_time":"2023-11-28T11:26:11+00:00","twitter_card":"summary_large_image","twitter_site":"@rasteinwachs","twitter_misc":{"Tahmini okuma s\u00fcresi":"2 dakika"},"schema":{"@context":"https:\/\/schema.org","@graph":[{"@type":"WebPage","@id":"https:\/\/www.kanzlei-steinwachs.de\/tr\/is-hukuku-kararlari\/sentencias-bag-2005\/ley-de-conflictos-laborales\/","url":"https:\/\/www.kanzlei-steinwachs.de\/tr\/is-hukuku-kararlari\/sentencias-bag-2005\/ley-de-conflictos-laborales\/","name":"Rechtsanwaltskanzlei in Hamburg Berlin Bremen Hannover L\u00fcbeck","isPartOf":{"@id":"https:\/\/www.kanzlei-steinwachs.de\/tr\/#website"},"datePublished":"2023-11-20T06:34:06+00:00","dateModified":"2023-11-28T11:26:11+00:00","description":"Rechtsanwaltskanzlei f\u00fcr Arbeitsrecht, Arzthaftung, Mietrecht, Gewerbemietrecht ,Gastronomierecht, Immobilienrecht, Schadensersatz Yachtrecht","breadcrumb":{"@id":"https:\/\/www.kanzlei-steinwachs.de\/tr\/is-hukuku-kararlari\/sentencias-bag-2005\/ley-de-conflictos-laborales\/#breadcrumb"},"inLanguage":"tr","potentialAction":[{"@type":"ReadAction","target":["https:\/\/www.kanzlei-steinwachs.de\/tr\/is-hukuku-kararlari\/sentencias-bag-2005\/ley-de-conflictos-laborales\/"]}]},{"@type":"BreadcrumbList","@id":"https:\/\/www.kanzlei-steinwachs.de\/tr\/is-hukuku-kararlari\/sentencias-bag-2005\/ley-de-conflictos-laborales\/#breadcrumb","itemListElement":[{"@type":"ListItem","position":1,"name":"\u0130\u015f hukuku kararlar\u0131","item":"https:\/\/www.kanzlei-steinwachs.de\/tr\/is-hukuku-kararlari\/"},{"@type":"ListItem","position":2,"name":"Sentencias BAG 2005","item":"https:\/\/www.kanzlei-steinwachs.de\/tr\/arbeitsrecht-urteile\/bag-urteile-2005\/"},{"@type":"ListItem","position":3,"name":"Ley de conflictos laborales"}]},{"@type":"WebSite","@id":"https:\/\/www.kanzlei-steinwachs.de\/tr\/#website","url":"https:\/\/www.kanzlei-steinwachs.de\/tr\/","name":"Rechtsanwaltskanzlei Anwalt Hamburg Berlin Bremen Hannover L\u00fcbeck","description":"Wir leisten mehr als Recht bietet","publisher":{"@id":"https:\/\/www.kanzlei-steinwachs.de\/tr\/#organization"},"potentialAction":[{"@type":"SearchAction","target":{"@type":"EntryPoint","urlTemplate":"https:\/\/www.kanzlei-steinwachs.de\/tr\/?s={search_term_string}"},"query-input":{"@type":"PropertyValueSpecification","valueRequired":true,"valueName":"search_term_string"}}],"inLanguage":"tr"},{"@type":["Organization","Place"],"@id":"https:\/\/www.kanzlei-steinwachs.de\/tr\/#organization","name":"Rechtsanwaltskanzlei Anwalt Hamburg Berlin Bremen Hannover L\u00fcbeck","url":"https:\/\/www.kanzlei-steinwachs.de\/","logo":{"@type":"ImageObject","inLanguage":"tr","@id":"https:\/\/www.kanzlei-steinwachs.de\/tr\/#\/schema\/logo\/image\/","url":"https:\/\/i0.wp.com\/www.kanzlei-steinwachs.de\/wp-content\/uploads\/2023\/12\/logo.webp?fit=174%2C76&quality=80&ssl=1","contentUrl":"https:\/\/i0.wp.com\/www.kanzlei-steinwachs.de\/wp-content\/uploads\/2023\/12\/logo.webp?fit=174%2C76&quality=80&ssl=1","width":174,"height":76,"caption":"Rechtsanwaltskanzlei Anwalt Hamburg Berlin Bremen Hannover L\u00fcbeck"},"image":{"@id":"https:\/\/www.kanzlei-steinwachs.de\/tr\/#\/schema\/logo\/image\/"},"sameAs":["https:\/\/www.facebook.com\/STEINWACHSRechtsanwaltskanzlei\/","https:\/\/x.com\/rasteinwachs","https:\/\/www.instagram.com\/steinwachs_rechtsanwaelte\/","https:\/\/www.linkedin.com\/in\/stephan-steinwachs-7a270197\/","https:\/\/www.youtube.com\/channel\/UCffmodDlQx81remXm395RWA"],"telephone":[]}]}},"jetpack_sharing_enabled":true,"_links":{"self":[{"href":"https:\/\/www.kanzlei-steinwachs.de\/tr\/wp-json\/wp\/v2\/pages\/13561","targetHints":{"allow":["GET"]}}],"collection":[{"href":"https:\/\/www.kanzlei-steinwachs.de\/tr\/wp-json\/wp\/v2\/pages"}],"about":[{"href":"https:\/\/www.kanzlei-steinwachs.de\/tr\/wp-json\/wp\/v2\/types\/page"}],"author":[{"embeddable":true,"href":"https:\/\/www.kanzlei-steinwachs.de\/tr\/wp-json\/wp\/v2\/users\/1"}],"replies":[{"embeddable":true,"href":"https:\/\/www.kanzlei-steinwachs.de\/tr\/wp-json\/wp\/v2\/comments?post=13561"}],"version-history":[{"count":0,"href":"https:\/\/www.kanzlei-steinwachs.de\/tr\/wp-json\/wp\/v2\/pages\/13561\/revisions"}],"up":[{"embeddable":true,"href":"https:\/\/www.kanzlei-steinwachs.de\/tr\/wp-json\/wp\/v2\/pages\/12826"}],"wp:attachment":[{"href":"https:\/\/www.kanzlei-steinwachs.de\/tr\/wp-json\/wp\/v2\/media?parent=13561"}],"curies":[{"name":"wp","href":"https:\/\/api.w.org\/{rel}","templated":true}]}}