{"id":13440,"date":"2023-11-20T07:43:56","date_gmt":"2023-11-20T06:43:56","guid":{"rendered":"https:\/\/www.kanzlei-steinwachs.de\/is-hukuku-kararlari\/sentencias-bag-2005\/yinelenen-yasal\/"},"modified":"2023-11-28T09:15:55","modified_gmt":"2023-11-28T08:15:55","slug":"yinelenen-yasal","status":"publish","type":"page","link":"https:\/\/www.kanzlei-steinwachs.de\/tr\/is-hukuku-kararlari\/sentencias-bag-2005\/yinelenen-yasal\/","title":{"rendered":"yinelenen yasal"},"content":{"rendered":"<div class=\"wpb-content-wrapper\"><p>[vc_row triangle_shape=&#8221;no&#8221;][vc_column][vc_column_text]5 Ekim 2005 tarihli karar\u0131yla (- 5 AZB 27\/05 -) Be\u015finci Senato, \u015fu anlamda herhangi bir medeni hukuk anla\u015fmazl\u0131\u011f\u0131 olmad\u0131\u011f\u0131na karar verdi: \u00a7 2 para. 1 No. 3 ArbGG, \u00e7al\u0131\u015fan\u0131n i\u015fverenden kendisini belirli bir s\u00fcre i\u00e7in sorumlu sa\u011fl\u0131k sigortas\u0131 \u015firketine kaydettirmesini talep etmesi halinde mevcuttur. Bu t\u00fcr hukuki uyu\u015fmazl\u0131klardan sosyal mahkemeler sorumlu de\u011fildir. Bir anla\u015fmazl\u0131\u011f\u0131n medeni hukuk veya kamu hukuku niteli\u011finde olup olmad\u0131\u011f\u0131, iddian\u0131n t\u00fcretildi\u011fi hukuki ili\u015fkinin niteli\u011fine ba\u011fl\u0131d\u0131r. \u0130lgili olan, davay\u0131 desteklemek i\u00e7in sunulan olgular\u0131n, bunlardan kaynaklanan hukuki sonu\u00e7lar a\u00e7\u0131s\u0131ndan medeni hukuk veya kamu hukukunun hukuki ilkelerinden etkilenip etkilenmedi\u011fidir. \u0130\u015fverenin \u00e7al\u0131\u015fan\u0131 tahsilat kurumuna bildirme y\u00fck\u00fcml\u00fcl\u00fc\u011f\u00fcn\u00fcn bulunup bulunmad\u0131\u011f\u0131 SGB IV&#8217;\u00fcn sosyal g\u00fcvenlik raporlama d\u00fczenlemelerine g\u00f6re belirlenir.Bu durum, sosyal g\u00fcvenlik d\u00fczenlemelerinin B\u00f6l\u00fcm uyar\u0131nca i\u015fverene ikincil bir y\u00fck\u00fcml\u00fcl\u00fck getirebilece\u011fi ger\u00e7e\u011fiyle \u00e7eli\u015fmez. Alman Medeni Kanunu&#8217;nun (BGB) 242&#8217;si. Bunun i\u00e7eri\u011fi SGB VI d\u00fczenlemeleri ile belirlenir. Bu t\u00fcr bir bildirimin ne zaman ve hangi i\u00e7erikle yap\u0131lmas\u0131 gerekti\u011fini belirleyen \u00f6zel bir i\u015f kanunu d\u00fczenlemesi bulunmamaktad\u0131r. \u0130\u015fverenin B\u00f6l\u00fcm 28 a Paragraf\u0131 uyar\u0131nca sundu\u011fu rapor. 1 ila 3 SGB IV sa\u011fl\u0131k sigortas\u0131 \u015firketine ibraz edilmelidir, ayn\u0131 zamanda bir \u00e7al\u0131\u015fma ka\u011f\u0131d\u0131 anlam\u0131nda da de\u011fildir. \u00a7 2 para. 1 No. 3 harf e ArbGG. \u00a7 12 a paragraf\u0131na g\u00f6re. 1 C\u00fcmle 1 ArbGG, ilk derece i\u015f mahkemesi yarg\u0131lamas\u0131nda, kazanan taraf, yasal bir temsilci tutma masraflar\u0131n\u0131n geri \u00f6denmesini talep etme hakk\u0131na sahip de\u011fildir. \u00dc\u00e7\u00fcnc\u00fc Senato, 1 Kas\u0131m 2004 (- 3 AZB 10\/04 -) tarihli karar\u0131yla, bu h\u00fckm\u00fcn, davac\u0131n\u0131n ola\u011fan yarg\u0131 mahkemesine ba\u015fvurmas\u0131 ve davac\u0131n\u0131n yasal mahkemeye ba\u015fvurmas\u0131 sonucunda daval\u0131 taraf\u0131ndan yap\u0131lan masraflar i\u00e7in ge\u00e7erli olmad\u0131\u011f\u0131na karar vermi\u015ftir. havale edilen i\u015f mahkemesine itiraz edin (B\u00f6l\u00fcm 12a Paragraf 1 C\u00fcmle 3 ArbGG). Masraflar\u0131n geri \u00f6denmesi B\u00f6l\u00fcm 46 Para. 2 C\u00fcmle 1 ArbGG, B\u00f6l\u00fcm 495 ve 91 ZPO taraf\u0131ndan d\u00fczenlenmi\u015ftir. Bu, ba\u015far\u0131l\u0131 daval\u0131n\u0131n, bu amaca uygun olarak ola\u011fan mahkeme \u00f6n\u00fcnde yap\u0131lan masraflar\u0131n geri \u00f6denmesini talep edebilece\u011fi anlam\u0131na gelir. \u00a7 91 paragraf. 2 ZPO her zaman avukat\u0131n yasal \u00fccretlerini ve masraflar\u0131n\u0131 i\u00e7erir. Ola\u011fan mahkemelerde yap\u0131lan masraflar\u0131n tamam\u0131 geri \u00f6demeye uygundur. Geri \u00f6deme olana\u011f\u0131, &#8220;ek masraflar&#8221; olarak adland\u0131r\u0131lan masraflarla, yani yaln\u0131zca ola\u011fan mahkeme \u00f6n\u00fcnde yap\u0131lan masraflarla s\u0131n\u0131rl\u0131 de\u011fildir. \u00a7 12 a paragraf\u0131n\u0131n yeni versiyonuna g\u00f6re, ek maliyet kavram\u0131 1 c\u00fcmle 3 ArbGG 1979&#8217;un art\u0131k kendi anlam\u0131 yok. Bu, sevk prosed\u00fcrlerinin tekd\u00fczeli\u011fi ilkesine ayk\u0131r\u0131 de\u011fildir. \u00a7 12 a paragraf. 1 C\u00fcmle 3 ArbGG, \u201cek maliyetleri\u201d d\u00fczenlemeyi ama\u00e7lamaz, bunun yerine sevk durumunda maliyetleri geri \u00f6deme olana\u011f\u0131n\u0131 yeniden sa\u011flamay\u0131 ama\u00e7lar. Tek tip prosed\u00fcr ilkesi, halihaz\u0131rda \u00f6denmi\u015f olan mahkeme masraflar\u0131n\u0131n art\u0131k sorumlu hale gelen mahkeme \u00f6n\u00fcndeki i\u015flemlerden mahsup edilmesi ve \u00fccretlerin her iki tarafta yetkili olan taraflar i\u00e7in yaln\u0131zca bir kez tahakkuk ettirilmesi a\u00e7\u0131s\u0131ndan bir etkiye sahiptir.[\/vc_column_text][\/vc_column][\/vc_row][vc_row triangle_shape=&#8221;no&#8221;][vc_column][vc_empty_space][\/vc_column][\/vc_row]<\/p>\n<\/div>","protected":false},"excerpt":{"rendered":"<p>[vc_row triangle_shape=&#8221;no&#8221;][vc_column][vc_column_text]5 Ekim 2005 tarihli karar\u0131yla (- 5 AZB 27\/05 -) Be\u015finci Senato, \u015fu anlamda herhangi bir medeni hukuk anla\u015fmazl\u0131\u011f\u0131 olmad\u0131\u011f\u0131na karar verdi: \u00a7 2 para. 1 No. 3 ArbGG, \u00e7al\u0131\u015fan\u0131n i\u015fverenden kendisini belirli bir s\u00fcre i\u00e7in sorumlu sa\u011fl\u0131k sigortas\u0131 \u015firketine kaydettirmesini talep etmesi halinde mevcuttur. Bu t\u00fcr hukuki uyu\u015fmazl\u0131klardan sosyal mahkemeler sorumlu de\u011fildir. Bir anla\u015fmazl\u0131\u011f\u0131n medeni hukuk veya kamu hukuku niteli\u011finde olup olmad\u0131\u011f\u0131, iddian\u0131n t\u00fcretildi\u011fi hukuki ili\u015fkinin niteli\u011fine ba\u011fl\u0131d\u0131r. \u0130lgili olan, davay\u0131 desteklemek i\u00e7in sunulan olgular\u0131n, bunlardan kaynaklanan hukuki sonu\u00e7lar a\u00e7\u0131s\u0131ndan medeni hukuk veya kamu hukukunun hukuki ilkelerinden etkilenip etkilenmedi\u011fidir. \u0130\u015fverenin \u00e7al\u0131\u015fan\u0131 tahsilat kurumuna bildirme y\u00fck\u00fcml\u00fcl\u00fc\u011f\u00fcn\u00fcn bulunup bulunmad\u0131\u011f\u0131 SGB&#8230;<\/p>\n","protected":false},"author":1,"featured_media":10678,"parent":12826,"menu_order":0,"comment_status":"closed","ping_status":"closed","template":"","meta":{"footnotes":""},"class_list":["post-13440","page","type-page","status-publish","has-post-thumbnail","hentry"],"yoast_head":"<!-- This site is optimized with the Yoast SEO Premium plugin v27.2 (Yoast SEO v27.4) - https:\/\/yoast.com\/product\/yoast-seo-premium-wordpress\/ -->\n<title>Rechtsanwaltskanzlei in Hamburg Berlin Bremen Hannover L\u00fcbeck<\/title>\n<meta name=\"description\" content=\"Rechtsanwaltskanzlei f\u00fcr Arbeitsrecht, Arzthaftung, Mietrecht, Gewerbemietrecht ,Gastronomierecht, Immobilienrecht, Schadensersatz Yachtrecht\" \/>\n<meta name=\"robots\" content=\"index, follow, max-snippet:-1, max-image-preview:large, max-video-preview:-1\" \/>\n<link rel=\"canonical\" href=\"https:\/\/www.kanzlei-steinwachs.de\/tr\/is-hukuku-kararlari\/sentencias-bag-2005\/yinelenen-yasal\/\" \/>\n<meta property=\"og:locale\" content=\"tr_TR\" \/>\n<meta property=\"og:type\" content=\"article\" \/>\n<meta property=\"og:title\" content=\"Rechtsanwaltskanzlei in Hamburg Berlin Bremen Hannover L\u00fcbeck\" \/>\n<meta property=\"og:description\" content=\"Rechtsanwaltskanzlei f\u00fcr Arbeitsrecht, Arzthaftung, Mietrecht, Gewerbemietrecht ,Gastronomierecht, Immobilienrecht, Schadensersatz Yachtrecht\" \/>\n<meta property=\"og:url\" content=\"https:\/\/www.kanzlei-steinwachs.de\/tr\/is-hukuku-kararlari\/sentencias-bag-2005\/yinelenen-yasal\/\" \/>\n<meta property=\"og:site_name\" content=\"Rechtsanwaltskanzlei Anwalt Hamburg Berlin Bremen Hannover L\u00fcbeck\" \/>\n<meta property=\"article:publisher\" content=\"https:\/\/www.facebook.com\/STEINWACHSRechtsanwaltskanzlei\/\" \/>\n<meta property=\"article:modified_time\" content=\"2023-11-28T08:15:55+00:00\" \/>\n<meta name=\"twitter:card\" content=\"summary_large_image\" \/>\n<meta name=\"twitter:site\" content=\"@rasteinwachs\" \/>\n<meta name=\"twitter:label1\" content=\"Tahmini okuma s\u00fcresi\" \/>\n\t<meta name=\"twitter:data1\" content=\"3 dakika\" \/>\n<script type=\"application\/ld+json\" class=\"yoast-schema-graph\">{\"@context\":\"https:\\\/\\\/schema.org\",\"@graph\":[{\"@type\":\"WebPage\",\"@id\":\"https:\\\/\\\/www.kanzlei-steinwachs.de\\\/tr\\\/is-hukuku-kararlari\\\/sentencias-bag-2005\\\/yinelenen-yasal\\\/\",\"url\":\"https:\\\/\\\/www.kanzlei-steinwachs.de\\\/tr\\\/is-hukuku-kararlari\\\/sentencias-bag-2005\\\/yinelenen-yasal\\\/\",\"name\":\"Rechtsanwaltskanzlei in Hamburg Berlin Bremen Hannover L\u00fcbeck\",\"isPartOf\":{\"@id\":\"https:\\\/\\\/www.kanzlei-steinwachs.de\\\/tr\\\/#website\"},\"primaryImageOfPage\":{\"@id\":\"https:\\\/\\\/www.kanzlei-steinwachs.de\\\/tr\\\/is-hukuku-kararlari\\\/sentencias-bag-2005\\\/yinelenen-yasal\\\/#primaryimage\"},\"image\":{\"@id\":\"https:\\\/\\\/www.kanzlei-steinwachs.de\\\/tr\\\/is-hukuku-kararlari\\\/sentencias-bag-2005\\\/yinelenen-yasal\\\/#primaryimage\"},\"thumbnailUrl\":\"https:\\\/\\\/i0.wp.com\\\/www.kanzlei-steinwachs.de\\\/wp-content\\\/uploads\\\/2023\\\/11\\\/Bundesarbeitsgericht_Urteile_2005.webp?fit=200%2C100&quality=20&ssl=1\",\"datePublished\":\"2023-11-20T06:43:56+00:00\",\"dateModified\":\"2023-11-28T08:15:55+00:00\",\"description\":\"Rechtsanwaltskanzlei f\u00fcr Arbeitsrecht, Arzthaftung, Mietrecht, Gewerbemietrecht ,Gastronomierecht, Immobilienrecht, Schadensersatz Yachtrecht\",\"breadcrumb\":{\"@id\":\"https:\\\/\\\/www.kanzlei-steinwachs.de\\\/tr\\\/is-hukuku-kararlari\\\/sentencias-bag-2005\\\/yinelenen-yasal\\\/#breadcrumb\"},\"inLanguage\":\"tr\",\"potentialAction\":[{\"@type\":\"ReadAction\",\"target\":[\"https:\\\/\\\/www.kanzlei-steinwachs.de\\\/tr\\\/is-hukuku-kararlari\\\/sentencias-bag-2005\\\/yinelenen-yasal\\\/\"]}]},{\"@type\":\"ImageObject\",\"inLanguage\":\"tr\",\"@id\":\"https:\\\/\\\/www.kanzlei-steinwachs.de\\\/tr\\\/is-hukuku-kararlari\\\/sentencias-bag-2005\\\/yinelenen-yasal\\\/#primaryimage\",\"url\":\"https:\\\/\\\/i0.wp.com\\\/www.kanzlei-steinwachs.de\\\/wp-content\\\/uploads\\\/2023\\\/11\\\/Bundesarbeitsgericht_Urteile_2005.webp?fit=200%2C100&quality=20&ssl=1\",\"contentUrl\":\"https:\\\/\\\/i0.wp.com\\\/www.kanzlei-steinwachs.de\\\/wp-content\\\/uploads\\\/2023\\\/11\\\/Bundesarbeitsgericht_Urteile_2005.webp?fit=200%2C100&quality=20&ssl=1\",\"width\":200,\"height\":100,\"caption\":\"Urteile im Arbeitsrecht\"},{\"@type\":\"BreadcrumbList\",\"@id\":\"https:\\\/\\\/www.kanzlei-steinwachs.de\\\/tr\\\/is-hukuku-kararlari\\\/sentencias-bag-2005\\\/yinelenen-yasal\\\/#breadcrumb\",\"itemListElement\":[{\"@type\":\"ListItem\",\"position\":1,\"name\":\"\u0130\u015f hukuku kararlar\u0131\",\"item\":\"https:\\\/\\\/www.kanzlei-steinwachs.de\\\/tr\\\/is-hukuku-kararlari\\\/\"},{\"@type\":\"ListItem\",\"position\":2,\"name\":\"Sentencias BAG 2005\",\"item\":\"https:\\\/\\\/www.kanzlei-steinwachs.de\\\/tr\\\/arbeitsrecht-urteile\\\/bag-urteile-2005\\\/\"},{\"@type\":\"ListItem\",\"position\":3,\"name\":\"yinelenen yasal\"}]},{\"@type\":\"WebSite\",\"@id\":\"https:\\\/\\\/www.kanzlei-steinwachs.de\\\/tr\\\/#website\",\"url\":\"https:\\\/\\\/www.kanzlei-steinwachs.de\\\/tr\\\/\",\"name\":\"Rechtsanwaltskanzlei Anwalt Hamburg Berlin Bremen Hannover L\u00fcbeck\",\"description\":\"Wir leisten mehr als Recht bietet\",\"publisher\":{\"@id\":\"https:\\\/\\\/www.kanzlei-steinwachs.de\\\/tr\\\/#organization\"},\"potentialAction\":[{\"@type\":\"SearchAction\",\"target\":{\"@type\":\"EntryPoint\",\"urlTemplate\":\"https:\\\/\\\/www.kanzlei-steinwachs.de\\\/tr\\\/?s={search_term_string}\"},\"query-input\":{\"@type\":\"PropertyValueSpecification\",\"valueRequired\":true,\"valueName\":\"search_term_string\"}}],\"inLanguage\":\"tr\"},{\"@type\":[\"Organization\",\"Place\"],\"@id\":\"https:\\\/\\\/www.kanzlei-steinwachs.de\\\/tr\\\/#organization\",\"name\":\"Rechtsanwaltskanzlei Anwalt Hamburg Berlin Bremen Hannover L\u00fcbeck\",\"url\":\"https:\\\/\\\/www.kanzlei-steinwachs.de\\\/\",\"logo\":{\"@type\":\"ImageObject\",\"inLanguage\":\"tr\",\"@id\":\"https:\\\/\\\/www.kanzlei-steinwachs.de\\\/tr\\\/#\\\/schema\\\/logo\\\/image\\\/\",\"url\":\"https:\\\/\\\/i0.wp.com\\\/www.kanzlei-steinwachs.de\\\/wp-content\\\/uploads\\\/2023\\\/12\\\/logo.webp?fit=174%2C76&quality=80&ssl=1\",\"contentUrl\":\"https:\\\/\\\/i0.wp.com\\\/www.kanzlei-steinwachs.de\\\/wp-content\\\/uploads\\\/2023\\\/12\\\/logo.webp?fit=174%2C76&quality=80&ssl=1\",\"width\":174,\"height\":76,\"caption\":\"Rechtsanwaltskanzlei Anwalt Hamburg Berlin Bremen Hannover L\u00fcbeck\"},\"image\":{\"@id\":\"https:\\\/\\\/www.kanzlei-steinwachs.de\\\/tr\\\/#\\\/schema\\\/logo\\\/image\\\/\"},\"sameAs\":[\"https:\\\/\\\/www.facebook.com\\\/STEINWACHSRechtsanwaltskanzlei\\\/\",\"https:\\\/\\\/x.com\\\/rasteinwachs\",\"https:\\\/\\\/www.instagram.com\\\/steinwachs_rechtsanwaelte\\\/\",\"https:\\\/\\\/www.linkedin.com\\\/in\\\/stephan-steinwachs-7a270197\\\/\",\"https:\\\/\\\/www.youtube.com\\\/channel\\\/UCffmodDlQx81remXm395RWA\"],\"telephone\":[]}]}<\/script>\n<!-- \/ Yoast SEO Premium plugin. -->","yoast_head_json":{"title":"Rechtsanwaltskanzlei in Hamburg Berlin Bremen Hannover L\u00fcbeck","description":"Rechtsanwaltskanzlei f\u00fcr Arbeitsrecht, Arzthaftung, Mietrecht, Gewerbemietrecht ,Gastronomierecht, Immobilienrecht, Schadensersatz Yachtrecht","robots":{"index":"index","follow":"follow","max-snippet":"max-snippet:-1","max-image-preview":"max-image-preview:large","max-video-preview":"max-video-preview:-1"},"canonical":"https:\/\/www.kanzlei-steinwachs.de\/tr\/is-hukuku-kararlari\/sentencias-bag-2005\/yinelenen-yasal\/","og_locale":"tr_TR","og_type":"article","og_title":"Rechtsanwaltskanzlei in Hamburg Berlin Bremen Hannover L\u00fcbeck","og_description":"Rechtsanwaltskanzlei f\u00fcr Arbeitsrecht, Arzthaftung, Mietrecht, Gewerbemietrecht ,Gastronomierecht, Immobilienrecht, Schadensersatz Yachtrecht","og_url":"https:\/\/www.kanzlei-steinwachs.de\/tr\/is-hukuku-kararlari\/sentencias-bag-2005\/yinelenen-yasal\/","og_site_name":"Rechtsanwaltskanzlei Anwalt Hamburg Berlin Bremen Hannover L\u00fcbeck","article_publisher":"https:\/\/www.facebook.com\/STEINWACHSRechtsanwaltskanzlei\/","article_modified_time":"2023-11-28T08:15:55+00:00","twitter_card":"summary_large_image","twitter_site":"@rasteinwachs","twitter_misc":{"Tahmini okuma s\u00fcresi":"3 dakika"},"schema":{"@context":"https:\/\/schema.org","@graph":[{"@type":"WebPage","@id":"https:\/\/www.kanzlei-steinwachs.de\/tr\/is-hukuku-kararlari\/sentencias-bag-2005\/yinelenen-yasal\/","url":"https:\/\/www.kanzlei-steinwachs.de\/tr\/is-hukuku-kararlari\/sentencias-bag-2005\/yinelenen-yasal\/","name":"Rechtsanwaltskanzlei in Hamburg Berlin Bremen Hannover L\u00fcbeck","isPartOf":{"@id":"https:\/\/www.kanzlei-steinwachs.de\/tr\/#website"},"primaryImageOfPage":{"@id":"https:\/\/www.kanzlei-steinwachs.de\/tr\/is-hukuku-kararlari\/sentencias-bag-2005\/yinelenen-yasal\/#primaryimage"},"image":{"@id":"https:\/\/www.kanzlei-steinwachs.de\/tr\/is-hukuku-kararlari\/sentencias-bag-2005\/yinelenen-yasal\/#primaryimage"},"thumbnailUrl":"https:\/\/i0.wp.com\/www.kanzlei-steinwachs.de\/wp-content\/uploads\/2023\/11\/Bundesarbeitsgericht_Urteile_2005.webp?fit=200%2C100&quality=20&ssl=1","datePublished":"2023-11-20T06:43:56+00:00","dateModified":"2023-11-28T08:15:55+00:00","description":"Rechtsanwaltskanzlei f\u00fcr Arbeitsrecht, Arzthaftung, Mietrecht, Gewerbemietrecht ,Gastronomierecht, Immobilienrecht, Schadensersatz Yachtrecht","breadcrumb":{"@id":"https:\/\/www.kanzlei-steinwachs.de\/tr\/is-hukuku-kararlari\/sentencias-bag-2005\/yinelenen-yasal\/#breadcrumb"},"inLanguage":"tr","potentialAction":[{"@type":"ReadAction","target":["https:\/\/www.kanzlei-steinwachs.de\/tr\/is-hukuku-kararlari\/sentencias-bag-2005\/yinelenen-yasal\/"]}]},{"@type":"ImageObject","inLanguage":"tr","@id":"https:\/\/www.kanzlei-steinwachs.de\/tr\/is-hukuku-kararlari\/sentencias-bag-2005\/yinelenen-yasal\/#primaryimage","url":"https:\/\/i0.wp.com\/www.kanzlei-steinwachs.de\/wp-content\/uploads\/2023\/11\/Bundesarbeitsgericht_Urteile_2005.webp?fit=200%2C100&quality=20&ssl=1","contentUrl":"https:\/\/i0.wp.com\/www.kanzlei-steinwachs.de\/wp-content\/uploads\/2023\/11\/Bundesarbeitsgericht_Urteile_2005.webp?fit=200%2C100&quality=20&ssl=1","width":200,"height":100,"caption":"Urteile im Arbeitsrecht"},{"@type":"BreadcrumbList","@id":"https:\/\/www.kanzlei-steinwachs.de\/tr\/is-hukuku-kararlari\/sentencias-bag-2005\/yinelenen-yasal\/#breadcrumb","itemListElement":[{"@type":"ListItem","position":1,"name":"\u0130\u015f hukuku kararlar\u0131","item":"https:\/\/www.kanzlei-steinwachs.de\/tr\/is-hukuku-kararlari\/"},{"@type":"ListItem","position":2,"name":"Sentencias BAG 2005","item":"https:\/\/www.kanzlei-steinwachs.de\/tr\/arbeitsrecht-urteile\/bag-urteile-2005\/"},{"@type":"ListItem","position":3,"name":"yinelenen yasal"}]},{"@type":"WebSite","@id":"https:\/\/www.kanzlei-steinwachs.de\/tr\/#website","url":"https:\/\/www.kanzlei-steinwachs.de\/tr\/","name":"Rechtsanwaltskanzlei Anwalt Hamburg Berlin Bremen Hannover L\u00fcbeck","description":"Wir leisten mehr als Recht bietet","publisher":{"@id":"https:\/\/www.kanzlei-steinwachs.de\/tr\/#organization"},"potentialAction":[{"@type":"SearchAction","target":{"@type":"EntryPoint","urlTemplate":"https:\/\/www.kanzlei-steinwachs.de\/tr\/?s={search_term_string}"},"query-input":{"@type":"PropertyValueSpecification","valueRequired":true,"valueName":"search_term_string"}}],"inLanguage":"tr"},{"@type":["Organization","Place"],"@id":"https:\/\/www.kanzlei-steinwachs.de\/tr\/#organization","name":"Rechtsanwaltskanzlei Anwalt Hamburg Berlin Bremen Hannover L\u00fcbeck","url":"https:\/\/www.kanzlei-steinwachs.de\/","logo":{"@type":"ImageObject","inLanguage":"tr","@id":"https:\/\/www.kanzlei-steinwachs.de\/tr\/#\/schema\/logo\/image\/","url":"https:\/\/i0.wp.com\/www.kanzlei-steinwachs.de\/wp-content\/uploads\/2023\/12\/logo.webp?fit=174%2C76&quality=80&ssl=1","contentUrl":"https:\/\/i0.wp.com\/www.kanzlei-steinwachs.de\/wp-content\/uploads\/2023\/12\/logo.webp?fit=174%2C76&quality=80&ssl=1","width":174,"height":76,"caption":"Rechtsanwaltskanzlei Anwalt Hamburg Berlin Bremen Hannover L\u00fcbeck"},"image":{"@id":"https:\/\/www.kanzlei-steinwachs.de\/tr\/#\/schema\/logo\/image\/"},"sameAs":["https:\/\/www.facebook.com\/STEINWACHSRechtsanwaltskanzlei\/","https:\/\/x.com\/rasteinwachs","https:\/\/www.instagram.com\/steinwachs_rechtsanwaelte\/","https:\/\/www.linkedin.com\/in\/stephan-steinwachs-7a270197\/","https:\/\/www.youtube.com\/channel\/UCffmodDlQx81remXm395RWA"],"telephone":[]}]}},"jetpack_sharing_enabled":true,"_links":{"self":[{"href":"https:\/\/www.kanzlei-steinwachs.de\/tr\/wp-json\/wp\/v2\/pages\/13440","targetHints":{"allow":["GET"]}}],"collection":[{"href":"https:\/\/www.kanzlei-steinwachs.de\/tr\/wp-json\/wp\/v2\/pages"}],"about":[{"href":"https:\/\/www.kanzlei-steinwachs.de\/tr\/wp-json\/wp\/v2\/types\/page"}],"author":[{"embeddable":true,"href":"https:\/\/www.kanzlei-steinwachs.de\/tr\/wp-json\/wp\/v2\/users\/1"}],"replies":[{"embeddable":true,"href":"https:\/\/www.kanzlei-steinwachs.de\/tr\/wp-json\/wp\/v2\/comments?post=13440"}],"version-history":[{"count":0,"href":"https:\/\/www.kanzlei-steinwachs.de\/tr\/wp-json\/wp\/v2\/pages\/13440\/revisions"}],"up":[{"embeddable":true,"href":"https:\/\/www.kanzlei-steinwachs.de\/tr\/wp-json\/wp\/v2\/pages\/12826"}],"wp:featuredmedia":[{"embeddable":true,"href":"https:\/\/www.kanzlei-steinwachs.de\/tr\/wp-json\/wp\/v2\/media\/10678"}],"wp:attachment":[{"href":"https:\/\/www.kanzlei-steinwachs.de\/tr\/wp-json\/wp\/v2\/media?parent=13440"}],"curies":[{"name":"wp","href":"https:\/\/api.w.org\/{rel}","templated":true}]}}