{"id":13245,"date":"2023-11-20T13:10:02","date_gmt":"2023-11-20T12:10:02","guid":{"rendered":"https:\/\/www.kanzlei-steinwachs.de\/hasarlar-ve-sorumluluk\/"},"modified":"2023-11-28T08:04:35","modified_gmt":"2023-11-28T07:04:35","slug":"hasarlar-ve-sorumluluk","status":"publish","type":"page","link":"https:\/\/www.kanzlei-steinwachs.de\/tr\/is-hukuku-kararlari\/bag-kararlari-2008\/hasarlar-ve-sorumluluk\/","title":{"rendered":"Hasarlar ve Sorumluluk"},"content":{"rendered":"<div class=\"wpb-content-wrapper\"><p>[vc_row triangle_shape=&#8221;no&#8221; css=&#8221;.vc_custom_1700482241362{padding-bottom: 50px !important;}&#8221;][vc_column][vc_column_text]\u00a7 626 BGB uyar\u0131nca bir fesih, di\u011fer taraf\u0131n s\u00f6zle\u015fmeyi ihlal eden davran\u0131\u015f\u0131ndan kaynaklan\u0131yorsa, di\u011fer taraf, \u00a7 628 paragraf 2 BGB uyar\u0131nca i\u015f ili\u015fkisinin feshedilmesinden kaynaklanan zarar\u0131 tazmin etmekle y\u00fck\u00fcml\u00fcd\u00fcr. S\u00f6zde fesih tazminat\u0131 tazminat\u0131, temel olarak, davac\u0131y\u0131 i\u015f ili\u015fkisi devam ederse olaca\u011f\u0131 duruma getirme y\u00fck\u00fcml\u00fcl\u00fc\u011f\u00fcn\u00fc i\u00e7erir; \u00e7\u00fcnk\u00fc Alman Medeni Kanunu&#8217;nun (BGB) 628. Maddesinin 2. F\u0131kras\u0131ndaki talep, i\u015f ili\u015fkisinin tam menfaatiyle ilgilidir. verim. Bu, i\u015fverenin, normal ihbar s\u00fcresinin sonuna kadar \u00e7al\u0131\u015fana kay\u0131p kazan\u00e7lar\u0131n\u0131 tazminat yoluyla tazmin etmesi gerekti\u011fi anlam\u0131na gelmektedir. Hayali ihbar s\u00fcresiyle s\u0131n\u0131rl\u0131 olan kazan\u00e7 kayb\u0131ndan kaynaklanan tazminat talebine ek olarak, B\u00f6l\u00fcm 9 uyar\u0131nca i\u015f ili\u015fkisinin s\u00fcrekli korunmas\u0131n\u0131n kayb\u0131n\u0131n telafisi i\u00e7in uygun bir tazminat talebi de olabilir. , 10 ve 13 KSchG. \u0130\u015fverenin s\u00f6zle\u015fmeyi ihlal etmesi nedeniyle i\u015ften \u00e7\u0131kan i\u015f\u00e7i, i\u015ften \u00e7\u0131kar\u0131lma korumas\u0131 h\u00fck\u00fcmlerinin sa\u011flad\u0131\u011f\u0131 korumadan feragat etmi\u015f olur. Sekizinci Senato&#8217;nun 21 May\u0131s 2008 tarihli karar\u0131na (8 AZR 623\/07) g\u00f6re, bir \u00e7al\u0131\u015fan\u0131n i\u015fini kaybetmesi nedeniyle Alman Medeni Kanunu&#8217;nun (BGB) 628. maddesinin 2. f\u0131kras\u0131 uyar\u0131nca tazminat talebi, \u0130\u015ften \u00e7\u0131kar\u0131lmaya kar\u015f\u0131 koruman\u0131n sa\u011flad\u0131\u011f\u0131 mevcut koruman\u0131n kayboldu\u011fu. Tazminat hakk\u0131, yaln\u0131zca \u0130stihdam\u0131 Koruma Yasas\u0131&#8217;n\u0131n i\u015f ili\u015fkisine uygulanmas\u0131 ve i\u015fverenin, \u00e7al\u0131\u015fan\u0131n feshi s\u0131ras\u0131nda i\u015f ili\u015fkisini kendisi feshetmemi\u015f olmas\u0131 durumunda mevcuttur. Bu ilkeler ayn\u0131 zamanda KSchG Madde 15 uyar\u0131nca i\u015ften \u00e7\u0131kar\u0131lmaya kar\u015f\u0131 \u00f6zel korumaya tabi olan i\u015f konseyi \u00fcyeleri i\u00e7in de ge\u00e7erlidir. Ba\u015fvuru sahibinin, Temel Kanun&#8217;un 33. maddesinin 2. f\u0131kras\u0131ndan kaynaklanan ilan edilen pozisyonu devretme veya se\u00e7im karar\u0131n\u0131 tekrarlama hakk\u0131, aran\u0131lan kamu g\u00f6revinin halen mevcut olmas\u0131n\u0131 gerektirir. Bu &#8220;ba\u015fvuru prosed\u00fcr\u00fc yetkisi&#8221;, ilan edilen pozisyonun ba\u011flay\u0131c\u0131 olarak ba\u015fka bir ba\u015fvuru sahibine devredilmesiyle sona erer. Ba\u015fvuru s\u00fcrecinde ba\u015far\u0131s\u0131z olan bir ba\u015fvuru sahibi, pozisyon sonras\u0131nda yanl\u0131\u015f se\u00e7ilmi\u015f bir rakiple birlikte Alman Medeni Kanunu&#8217;nun (BGB) 280. Maddesinin 1. F\u0131kras\u0131 ve Alman Medeni Kanununun (BGB) 823. Maddesinin 2. F\u0131kras\u0131 uyar\u0131nca tazminat talebinde bulunabilir. dolduruldu. Madde 33 Paragraf 2 GG. Ba\u015fvuru s\u00fcreci talebinin icras\u0131 i\u00e7in yasal s\u00fcre\u00e7 s\u0131ras\u0131nda pozisyon doldurulursa, dava tazminat talebine d\u00f6n\u00fc\u015ft\u00fcr\u00fclebilir. B\u00f6yle bir de\u011fi\u015fikli\u011fe B\u00f6l\u00fcm 264 No. 3 ZPO&#8217;ya g\u00f6re izin verilir. Tazminat talebi, ancak ba\u015far\u0131s\u0131z olan ba\u015fvuru sahibine, Temel Kanun&#8217;un 33. maddesinin 2. f\u0131kras\u0131 uyar\u0131nca en iyi se\u00e7im ilkelerine uygun olarak pozisyon verilmesi gerekti\u011fi takdirde ba\u015far\u0131l\u0131 olur. Dokuzuncu Senato taraf\u0131ndan 19 \u015eubat 2008 (9 AZR 70\/07) tarihinde kararla\u015ft\u0131r\u0131lan davada, doldurulacak bir pozisyonun gereklilik profili, bilimsel bir \u00fcniversite e\u011fitimi veya e\u015fde\u011fer beceri ve deneyim gerektiriyordu. Senato, b\u00f6yle bir durumda denklik kan\u0131t\u0131n\u0131n belirli bir forma ba\u011fl\u0131 olmad\u0131\u011f\u0131na karar verdi. E\u015fde\u011ferli\u011fin yaln\u0131zca nesnel olarak mevcut olmas\u0131 gerekir. Yasal d\u00fczenlemeler \u00f6zel bir prosed\u00fcr \u00f6ng\u00f6rmedik\u00e7e, ba\u015fvuranlar\u0131n performans\u0131n\u0131 nas\u0131l kar\u015f\u0131la\u015ft\u0131raca\u011f\u0131 i\u015fverene kalm\u0131\u015ft\u0131r. Senato ayr\u0131ca, Temel Kanun&#8217;un 33. maddesinin 2. f\u0131kras\u0131 uyar\u0131nca, personel y\u00f6netimi g\u00f6revi olan bir pozisyon i\u00e7in y\u00f6netim tarz\u0131n\u0131n uygun bir se\u00e7im kriteri te\u015fkil etti\u011fine karar verdi. \u0130\u015fbirlik\u00e7i y\u00f6netim tarz\u0131n\u0131 m\u0131 yoksa y\u00f6nlendirici y\u00f6netim tarz\u0131n\u0131 m\u0131 tercih edece\u011fine i\u015fveren tek ba\u015f\u0131na karar verir. Bu nedenle, mesleki denkli\u011fe ra\u011fmen, ba\u015fvuru sahibini tercih edilen i\u015fbirlik\u00e7i liderlik tarz\u0131yla se\u00e7erse herhangi bir sak\u0131nca yoktur.[\/vc_column_text][\/vc_column][\/vc_row]<\/p>\n<\/div>","protected":false},"excerpt":{"rendered":"<p>[vc_row triangle_shape=&#8221;no&#8221; css=&#8221;.vc_custom_1700482241362{padding-bottom: 50px !important;}&#8221;][vc_column][vc_column_text]\u00a7 626 BGB uyar\u0131nca bir fesih, di\u011fer taraf\u0131n s\u00f6zle\u015fmeyi ihlal eden davran\u0131\u015f\u0131ndan kaynaklan\u0131yorsa, di\u011fer taraf, \u00a7 628 paragraf 2 BGB uyar\u0131nca i\u015f ili\u015fkisinin feshedilmesinden kaynaklanan zarar\u0131 tazmin etmekle y\u00fck\u00fcml\u00fcd\u00fcr. S\u00f6zde fesih tazminat\u0131 tazminat\u0131, temel olarak, davac\u0131y\u0131 i\u015f ili\u015fkisi devam ederse olaca\u011f\u0131 duruma getirme y\u00fck\u00fcml\u00fcl\u00fc\u011f\u00fcn\u00fc i\u00e7erir; \u00e7\u00fcnk\u00fc Alman Medeni Kanunu&#8217;nun (BGB) 628. Maddesinin 2. F\u0131kras\u0131ndaki talep, i\u015f ili\u015fkisinin tam menfaatiyle ilgilidir. verim. Bu, i\u015fverenin, normal ihbar s\u00fcresinin sonuna kadar \u00e7al\u0131\u015fana kay\u0131p kazan\u00e7lar\u0131n\u0131 tazminat yoluyla tazmin etmesi gerekti\u011fi anlam\u0131na gelmektedir. Hayali ihbar s\u00fcresiyle s\u0131n\u0131rl\u0131 olan kazan\u00e7 kayb\u0131ndan kaynaklanan tazminat talebine ek olarak, B\u00f6l\u00fcm 9 uyar\u0131nca i\u015f ili\u015fkisinin s\u00fcrekli&#8230;<\/p>\n","protected":false},"author":1,"featured_media":10712,"parent":13293,"menu_order":0,"comment_status":"closed","ping_status":"closed","template":"","meta":{"footnotes":""},"class_list":["post-13245","page","type-page","status-publish","has-post-thumbnail","hentry"],"yoast_head":"<!-- This site is optimized with the Yoast SEO Premium plugin v27.2 (Yoast SEO v27.6) - https:\/\/yoast.com\/product\/yoast-seo-premium-wordpress\/ -->\n<title>Rechtsanwaltskanzlei in Hamburg Berlin Bremen Hannover L\u00fcbeck<\/title>\n<meta name=\"description\" content=\"Rechtsanwaltskanzlei f\u00fcr Arbeitsrecht, Arzthaftung, Mietrecht, Gewerbemietrecht ,Gastronomierecht, Immobilienrecht, Schadensersatz Yachtrecht\" \/>\n<meta name=\"robots\" content=\"index, follow, max-snippet:-1, max-image-preview:large, max-video-preview:-1\" \/>\n<link rel=\"canonical\" href=\"https:\/\/www.kanzlei-steinwachs.de\/tr\/is-hukuku-kararlari\/bag-kararlari-2008\/hasarlar-ve-sorumluluk\/\" \/>\n<meta property=\"og:locale\" content=\"tr_TR\" \/>\n<meta property=\"og:type\" content=\"article\" \/>\n<meta property=\"og:title\" content=\"Rechtsanwaltskanzlei in Hamburg Berlin Bremen Hannover L\u00fcbeck\" \/>\n<meta property=\"og:description\" content=\"Rechtsanwaltskanzlei f\u00fcr Arbeitsrecht, Arzthaftung, Mietrecht, Gewerbemietrecht ,Gastronomierecht, Immobilienrecht, Schadensersatz Yachtrecht\" \/>\n<meta property=\"og:url\" content=\"https:\/\/www.kanzlei-steinwachs.de\/tr\/is-hukuku-kararlari\/bag-kararlari-2008\/hasarlar-ve-sorumluluk\/\" \/>\n<meta property=\"og:site_name\" content=\"Rechtsanwaltskanzlei Anwalt Hamburg Berlin Bremen Hannover L\u00fcbeck\" \/>\n<meta property=\"article:publisher\" content=\"https:\/\/www.facebook.com\/STEINWACHSRechtsanwaltskanzlei\/\" \/>\n<meta property=\"article:modified_time\" content=\"2023-11-28T07:04:35+00:00\" \/>\n<meta name=\"twitter:card\" content=\"summary_large_image\" \/>\n<meta name=\"twitter:site\" content=\"@rasteinwachs\" \/>\n<meta name=\"twitter:label1\" content=\"Tahmini okuma s\u00fcresi\" \/>\n\t<meta name=\"twitter:data1\" content=\"3 dakika\" \/>\n<script type=\"application\/ld+json\" class=\"yoast-schema-graph\">{\"@context\":\"https:\\\/\\\/schema.org\",\"@graph\":[{\"@type\":\"WebPage\",\"@id\":\"https:\\\/\\\/www.kanzlei-steinwachs.de\\\/tr\\\/is-hukuku-kararlari\\\/bag-kararlari-2008\\\/hasarlar-ve-sorumluluk\\\/\",\"url\":\"https:\\\/\\\/www.kanzlei-steinwachs.de\\\/tr\\\/is-hukuku-kararlari\\\/bag-kararlari-2008\\\/hasarlar-ve-sorumluluk\\\/\",\"name\":\"Rechtsanwaltskanzlei in Hamburg Berlin Bremen Hannover L\u00fcbeck\",\"isPartOf\":{\"@id\":\"https:\\\/\\\/www.kanzlei-steinwachs.de\\\/tr\\\/#website\"},\"primaryImageOfPage\":{\"@id\":\"https:\\\/\\\/www.kanzlei-steinwachs.de\\\/tr\\\/is-hukuku-kararlari\\\/bag-kararlari-2008\\\/hasarlar-ve-sorumluluk\\\/#primaryimage\"},\"image\":{\"@id\":\"https:\\\/\\\/www.kanzlei-steinwachs.de\\\/tr\\\/is-hukuku-kararlari\\\/bag-kararlari-2008\\\/hasarlar-ve-sorumluluk\\\/#primaryimage\"},\"thumbnailUrl\":\"https:\\\/\\\/i0.wp.com\\\/www.kanzlei-steinwachs.de\\\/wp-content\\\/uploads\\\/2023\\\/11\\\/Bundesarbeitsgericht_Urteile_2008.webp?fit=200%2C100&quality=20&ssl=1\",\"datePublished\":\"2023-11-20T12:10:02+00:00\",\"dateModified\":\"2023-11-28T07:04:35+00:00\",\"description\":\"Rechtsanwaltskanzlei f\u00fcr Arbeitsrecht, Arzthaftung, Mietrecht, Gewerbemietrecht ,Gastronomierecht, Immobilienrecht, Schadensersatz Yachtrecht\",\"breadcrumb\":{\"@id\":\"https:\\\/\\\/www.kanzlei-steinwachs.de\\\/tr\\\/is-hukuku-kararlari\\\/bag-kararlari-2008\\\/hasarlar-ve-sorumluluk\\\/#breadcrumb\"},\"inLanguage\":\"tr\",\"potentialAction\":[{\"@type\":\"ReadAction\",\"target\":[\"https:\\\/\\\/www.kanzlei-steinwachs.de\\\/tr\\\/is-hukuku-kararlari\\\/bag-kararlari-2008\\\/hasarlar-ve-sorumluluk\\\/\"]}]},{\"@type\":\"ImageObject\",\"inLanguage\":\"tr\",\"@id\":\"https:\\\/\\\/www.kanzlei-steinwachs.de\\\/tr\\\/is-hukuku-kararlari\\\/bag-kararlari-2008\\\/hasarlar-ve-sorumluluk\\\/#primaryimage\",\"url\":\"https:\\\/\\\/i0.wp.com\\\/www.kanzlei-steinwachs.de\\\/wp-content\\\/uploads\\\/2023\\\/11\\\/Bundesarbeitsgericht_Urteile_2008.webp?fit=200%2C100&quality=20&ssl=1\",\"contentUrl\":\"https:\\\/\\\/i0.wp.com\\\/www.kanzlei-steinwachs.de\\\/wp-content\\\/uploads\\\/2023\\\/11\\\/Bundesarbeitsgericht_Urteile_2008.webp?fit=200%2C100&quality=20&ssl=1\",\"width\":200,\"height\":100},{\"@type\":\"BreadcrumbList\",\"@id\":\"https:\\\/\\\/www.kanzlei-steinwachs.de\\\/tr\\\/is-hukuku-kararlari\\\/bag-kararlari-2008\\\/hasarlar-ve-sorumluluk\\\/#breadcrumb\",\"itemListElement\":[{\"@type\":\"ListItem\",\"position\":1,\"name\":\"\u0130\u015f hukuku kararlar\u0131\",\"item\":\"https:\\\/\\\/www.kanzlei-steinwachs.de\\\/tr\\\/is-hukuku-kararlari\\\/\"},{\"@type\":\"ListItem\",\"position\":2,\"name\":\"BAG kararlar\u0131 2008\",\"item\":\"https:\\\/\\\/www.kanzlei-steinwachs.de\\\/tr\\\/is-hukuku-kararlari\\\/bag-kararlari-2008\\\/\"},{\"@type\":\"ListItem\",\"position\":3,\"name\":\"Hasarlar ve Sorumluluk\"}]},{\"@type\":\"WebSite\",\"@id\":\"https:\\\/\\\/www.kanzlei-steinwachs.de\\\/tr\\\/#website\",\"url\":\"https:\\\/\\\/www.kanzlei-steinwachs.de\\\/tr\\\/\",\"name\":\"Rechtsanwaltskanzlei Anwalt Hamburg Berlin Bremen Hannover L\u00fcbeck\",\"description\":\"Wir leisten mehr als Recht bietet\",\"publisher\":{\"@id\":\"https:\\\/\\\/www.kanzlei-steinwachs.de\\\/tr\\\/#organization\"},\"potentialAction\":[{\"@type\":\"SearchAction\",\"target\":{\"@type\":\"EntryPoint\",\"urlTemplate\":\"https:\\\/\\\/www.kanzlei-steinwachs.de\\\/tr\\\/?s={search_term_string}\"},\"query-input\":{\"@type\":\"PropertyValueSpecification\",\"valueRequired\":true,\"valueName\":\"search_term_string\"}}],\"inLanguage\":\"tr\"},{\"@type\":[\"Organization\",\"Place\"],\"@id\":\"https:\\\/\\\/www.kanzlei-steinwachs.de\\\/tr\\\/#organization\",\"name\":\"Rechtsanwaltskanzlei Anwalt Hamburg Berlin Bremen Hannover L\u00fcbeck\",\"url\":\"https:\\\/\\\/www.kanzlei-steinwachs.de\\\/\",\"logo\":{\"@type\":\"ImageObject\",\"inLanguage\":\"tr\",\"@id\":\"https:\\\/\\\/www.kanzlei-steinwachs.de\\\/tr\\\/#\\\/schema\\\/logo\\\/image\\\/\",\"url\":\"https:\\\/\\\/i0.wp.com\\\/www.kanzlei-steinwachs.de\\\/wp-content\\\/uploads\\\/2023\\\/12\\\/logo.webp?fit=174%2C76&quality=80&ssl=1\",\"contentUrl\":\"https:\\\/\\\/i0.wp.com\\\/www.kanzlei-steinwachs.de\\\/wp-content\\\/uploads\\\/2023\\\/12\\\/logo.webp?fit=174%2C76&quality=80&ssl=1\",\"width\":174,\"height\":76,\"caption\":\"Rechtsanwaltskanzlei Anwalt Hamburg Berlin Bremen Hannover L\u00fcbeck\"},\"image\":{\"@id\":\"https:\\\/\\\/www.kanzlei-steinwachs.de\\\/tr\\\/#\\\/schema\\\/logo\\\/image\\\/\"},\"sameAs\":[\"https:\\\/\\\/www.facebook.com\\\/STEINWACHSRechtsanwaltskanzlei\\\/\",\"https:\\\/\\\/x.com\\\/rasteinwachs\",\"https:\\\/\\\/www.instagram.com\\\/steinwachs_rechtsanwaelte\\\/\",\"https:\\\/\\\/www.linkedin.com\\\/in\\\/stephan-steinwachs-7a270197\\\/\",\"https:\\\/\\\/www.youtube.com\\\/channel\\\/UCffmodDlQx81remXm395RWA\"],\"telephone\":[]}]}<\/script>\n<!-- \/ Yoast SEO Premium plugin. -->","yoast_head_json":{"title":"Rechtsanwaltskanzlei in Hamburg Berlin Bremen Hannover L\u00fcbeck","description":"Rechtsanwaltskanzlei f\u00fcr Arbeitsrecht, Arzthaftung, Mietrecht, Gewerbemietrecht ,Gastronomierecht, Immobilienrecht, Schadensersatz Yachtrecht","robots":{"index":"index","follow":"follow","max-snippet":"max-snippet:-1","max-image-preview":"max-image-preview:large","max-video-preview":"max-video-preview:-1"},"canonical":"https:\/\/www.kanzlei-steinwachs.de\/tr\/is-hukuku-kararlari\/bag-kararlari-2008\/hasarlar-ve-sorumluluk\/","og_locale":"tr_TR","og_type":"article","og_title":"Rechtsanwaltskanzlei in Hamburg Berlin Bremen Hannover L\u00fcbeck","og_description":"Rechtsanwaltskanzlei f\u00fcr Arbeitsrecht, Arzthaftung, Mietrecht, Gewerbemietrecht ,Gastronomierecht, Immobilienrecht, Schadensersatz Yachtrecht","og_url":"https:\/\/www.kanzlei-steinwachs.de\/tr\/is-hukuku-kararlari\/bag-kararlari-2008\/hasarlar-ve-sorumluluk\/","og_site_name":"Rechtsanwaltskanzlei Anwalt Hamburg Berlin Bremen Hannover L\u00fcbeck","article_publisher":"https:\/\/www.facebook.com\/STEINWACHSRechtsanwaltskanzlei\/","article_modified_time":"2023-11-28T07:04:35+00:00","twitter_card":"summary_large_image","twitter_site":"@rasteinwachs","twitter_misc":{"Tahmini okuma s\u00fcresi":"3 dakika"},"schema":{"@context":"https:\/\/schema.org","@graph":[{"@type":"WebPage","@id":"https:\/\/www.kanzlei-steinwachs.de\/tr\/is-hukuku-kararlari\/bag-kararlari-2008\/hasarlar-ve-sorumluluk\/","url":"https:\/\/www.kanzlei-steinwachs.de\/tr\/is-hukuku-kararlari\/bag-kararlari-2008\/hasarlar-ve-sorumluluk\/","name":"Rechtsanwaltskanzlei in Hamburg Berlin Bremen Hannover L\u00fcbeck","isPartOf":{"@id":"https:\/\/www.kanzlei-steinwachs.de\/tr\/#website"},"primaryImageOfPage":{"@id":"https:\/\/www.kanzlei-steinwachs.de\/tr\/is-hukuku-kararlari\/bag-kararlari-2008\/hasarlar-ve-sorumluluk\/#primaryimage"},"image":{"@id":"https:\/\/www.kanzlei-steinwachs.de\/tr\/is-hukuku-kararlari\/bag-kararlari-2008\/hasarlar-ve-sorumluluk\/#primaryimage"},"thumbnailUrl":"https:\/\/i0.wp.com\/www.kanzlei-steinwachs.de\/wp-content\/uploads\/2023\/11\/Bundesarbeitsgericht_Urteile_2008.webp?fit=200%2C100&quality=20&ssl=1","datePublished":"2023-11-20T12:10:02+00:00","dateModified":"2023-11-28T07:04:35+00:00","description":"Rechtsanwaltskanzlei f\u00fcr Arbeitsrecht, Arzthaftung, Mietrecht, Gewerbemietrecht ,Gastronomierecht, Immobilienrecht, Schadensersatz Yachtrecht","breadcrumb":{"@id":"https:\/\/www.kanzlei-steinwachs.de\/tr\/is-hukuku-kararlari\/bag-kararlari-2008\/hasarlar-ve-sorumluluk\/#breadcrumb"},"inLanguage":"tr","potentialAction":[{"@type":"ReadAction","target":["https:\/\/www.kanzlei-steinwachs.de\/tr\/is-hukuku-kararlari\/bag-kararlari-2008\/hasarlar-ve-sorumluluk\/"]}]},{"@type":"ImageObject","inLanguage":"tr","@id":"https:\/\/www.kanzlei-steinwachs.de\/tr\/is-hukuku-kararlari\/bag-kararlari-2008\/hasarlar-ve-sorumluluk\/#primaryimage","url":"https:\/\/i0.wp.com\/www.kanzlei-steinwachs.de\/wp-content\/uploads\/2023\/11\/Bundesarbeitsgericht_Urteile_2008.webp?fit=200%2C100&quality=20&ssl=1","contentUrl":"https:\/\/i0.wp.com\/www.kanzlei-steinwachs.de\/wp-content\/uploads\/2023\/11\/Bundesarbeitsgericht_Urteile_2008.webp?fit=200%2C100&quality=20&ssl=1","width":200,"height":100},{"@type":"BreadcrumbList","@id":"https:\/\/www.kanzlei-steinwachs.de\/tr\/is-hukuku-kararlari\/bag-kararlari-2008\/hasarlar-ve-sorumluluk\/#breadcrumb","itemListElement":[{"@type":"ListItem","position":1,"name":"\u0130\u015f hukuku kararlar\u0131","item":"https:\/\/www.kanzlei-steinwachs.de\/tr\/is-hukuku-kararlari\/"},{"@type":"ListItem","position":2,"name":"BAG kararlar\u0131 2008","item":"https:\/\/www.kanzlei-steinwachs.de\/tr\/is-hukuku-kararlari\/bag-kararlari-2008\/"},{"@type":"ListItem","position":3,"name":"Hasarlar ve Sorumluluk"}]},{"@type":"WebSite","@id":"https:\/\/www.kanzlei-steinwachs.de\/tr\/#website","url":"https:\/\/www.kanzlei-steinwachs.de\/tr\/","name":"Rechtsanwaltskanzlei Anwalt Hamburg Berlin Bremen Hannover L\u00fcbeck","description":"Wir leisten mehr als Recht bietet","publisher":{"@id":"https:\/\/www.kanzlei-steinwachs.de\/tr\/#organization"},"potentialAction":[{"@type":"SearchAction","target":{"@type":"EntryPoint","urlTemplate":"https:\/\/www.kanzlei-steinwachs.de\/tr\/?s={search_term_string}"},"query-input":{"@type":"PropertyValueSpecification","valueRequired":true,"valueName":"search_term_string"}}],"inLanguage":"tr"},{"@type":["Organization","Place"],"@id":"https:\/\/www.kanzlei-steinwachs.de\/tr\/#organization","name":"Rechtsanwaltskanzlei Anwalt Hamburg Berlin Bremen Hannover L\u00fcbeck","url":"https:\/\/www.kanzlei-steinwachs.de\/","logo":{"@type":"ImageObject","inLanguage":"tr","@id":"https:\/\/www.kanzlei-steinwachs.de\/tr\/#\/schema\/logo\/image\/","url":"https:\/\/i0.wp.com\/www.kanzlei-steinwachs.de\/wp-content\/uploads\/2023\/12\/logo.webp?fit=174%2C76&quality=80&ssl=1","contentUrl":"https:\/\/i0.wp.com\/www.kanzlei-steinwachs.de\/wp-content\/uploads\/2023\/12\/logo.webp?fit=174%2C76&quality=80&ssl=1","width":174,"height":76,"caption":"Rechtsanwaltskanzlei Anwalt Hamburg Berlin Bremen Hannover L\u00fcbeck"},"image":{"@id":"https:\/\/www.kanzlei-steinwachs.de\/tr\/#\/schema\/logo\/image\/"},"sameAs":["https:\/\/www.facebook.com\/STEINWACHSRechtsanwaltskanzlei\/","https:\/\/x.com\/rasteinwachs","https:\/\/www.instagram.com\/steinwachs_rechtsanwaelte\/","https:\/\/www.linkedin.com\/in\/stephan-steinwachs-7a270197\/","https:\/\/www.youtube.com\/channel\/UCffmodDlQx81remXm395RWA"],"telephone":[]}]}},"jetpack_sharing_enabled":true,"_links":{"self":[{"href":"https:\/\/www.kanzlei-steinwachs.de\/tr\/wp-json\/wp\/v2\/pages\/13245","targetHints":{"allow":["GET"]}}],"collection":[{"href":"https:\/\/www.kanzlei-steinwachs.de\/tr\/wp-json\/wp\/v2\/pages"}],"about":[{"href":"https:\/\/www.kanzlei-steinwachs.de\/tr\/wp-json\/wp\/v2\/types\/page"}],"author":[{"embeddable":true,"href":"https:\/\/www.kanzlei-steinwachs.de\/tr\/wp-json\/wp\/v2\/users\/1"}],"replies":[{"embeddable":true,"href":"https:\/\/www.kanzlei-steinwachs.de\/tr\/wp-json\/wp\/v2\/comments?post=13245"}],"version-history":[{"count":0,"href":"https:\/\/www.kanzlei-steinwachs.de\/tr\/wp-json\/wp\/v2\/pages\/13245\/revisions"}],"up":[{"embeddable":true,"href":"https:\/\/www.kanzlei-steinwachs.de\/tr\/wp-json\/wp\/v2\/pages\/13293"}],"wp:featuredmedia":[{"embeddable":true,"href":"https:\/\/www.kanzlei-steinwachs.de\/tr\/wp-json\/wp\/v2\/media\/10712"}],"wp:attachment":[{"href":"https:\/\/www.kanzlei-steinwachs.de\/tr\/wp-json\/wp\/v2\/media?parent=13245"}],"curies":[{"name":"wp","href":"https:\/\/api.w.org\/{rel}","templated":true}]}}