{"id":13236,"date":"2023-11-20T13:01:47","date_gmt":"2023-11-20T12:01:47","guid":{"rendered":"https:\/\/www.kanzlei-steinwachs.de\/egitim-masraflarinin-geri-oedenmesi\/"},"modified":"2023-11-28T08:00:41","modified_gmt":"2023-11-28T07:00:41","slug":"egitim-masraflarinin-geri-oedenmesi","status":"publish","type":"page","link":"https:\/\/www.kanzlei-steinwachs.de\/tr\/is-hukuku-kararlari\/bag-kararlari-2008\/egitim-masraflarinin-geri-oedenmesi\/","title":{"rendered":"E\u011fitim masraflar\u0131n\u0131n geri \u00f6denmesi"},"content":{"rendered":"<div class=\"wpb-content-wrapper\"><p>[vc_row triangle_shape=&#8221;no&#8221; css=&#8221;.vc_custom_1700481770570{padding-bottom: 50px !important;}&#8221;][vc_column][vc_column_text]B\u00f6l\u00fcm 310 Paragraf 3 No. 2 BGB&#8217;ye g\u00f6re, B\u00f6l\u00fcm 307 BGB uyar\u0131nca i\u00e7erik kontrol\u00fc, yaln\u0131zca bir kerelik kullan\u0131m ama\u00e7l\u0131 olsa ve t\u00fcketicinin i\u00e7erikleri etkileyemeyece\u011fi durumlarda bile t\u00fcketiciler i\u00e7in \u00f6nceden form\u00fcle edilmi\u015f s\u00f6zle\u015fme ko\u015fullar\u0131 i\u00e7in ge\u00e7erlidir. \u00f6n form\u00fclasyona. Dokuzuncu Senato&#8217;nun 18 Mart 2008 (9 AZR 186\/07) tarihli karar\u0131na g\u00f6re t\u00fcketici s\u00f6zle\u015fmesi anlam\u0131nda bir s\u00f6zle\u015fmedir. \u00a7 310 Paragraf 3 BGB. \u0130\u015f s\u00f6zle\u015fmeleri i\u00e7in i\u00e7tihat hukuku, bunlar\u0131n giri\u015fimciler (i\u015fverenler) ve t\u00fcketiciler (\u00e7al\u0131\u015fanlar) aras\u0131ndaki s\u00f6zle\u015fmeler oldu\u011funu \u015fu anlamda kabul etmi\u015ftir: \u00a7 310 Paragraf 3 BGB kanunlar\u0131. \u201cG\u00f6n\u00fcll\u00fcl\u00fck s\u00f6zle\u015fmesi\u201d i\u00e7in farkl\u0131 bir durum ge\u00e7erli de\u011fildir. Hizmetlerin geri \u00f6denmesine ili\u015fkin bir madde, B\u00f6l\u00fcm 307 Paragraf 1 C\u00fcmle 2 BGB uyar\u0131nca geri \u00f6deme yapmakla y\u00fck\u00fcml\u00fc ki\u015fi i\u00e7in anla\u015f\u0131l\u0131r ve a\u00e7\u0131k olmal\u0131d\u0131r. &#8220;G\u00f6n\u00fcll\u00fcl\u00fck s\u00f6zle\u015fmesi&#8221;nin bir yan anla\u015fmas\u0131, salt e\u011fitim s\u00fcresi boyunca sa\u011flanacak e\u011fitim \u00f6deneklerinin ve hibelerin yaln\u0131zca &#8220;kredi&#8221; olarak ve \u00e7al\u0131\u015fmalar\u0131n 60 ay i\u00e7inde ba\u015far\u0131yla tamamlanmas\u0131n\u0131n ard\u0131ndan, Bor\u00e7 verenle gelecekteki \u201cistihdam\u0131n\u201d \u201cpar\u00e7alanaca\u011f\u0131\u201d, en az\u0131ndan s\u00f6zle\u015fmenin ne zaman akdedildi\u011fi ve bor\u00e7 verenle \u201cmesleki faaliyetin\u201d hangi ko\u015fullar alt\u0131nda ger\u00e7ekle\u015fece\u011fi bir \u00e7er\u00e7eve olarak \u00f6ng\u00f6r\u00fclmelidir. Bu, s\u00f6zle\u015fmeye dayal\u0131 ili\u015fkinin ba\u015flang\u0131c\u0131, istihdam\u0131n t\u00fcr\u00fc ve kapsam\u0131 ve ba\u015flang\u0131\u00e7 \u200b\u200b\u00fccretinin maa\u015f\u0131n\u0131n nas\u0131l belirlendi\u011fi hakk\u0131nda bilgileri i\u00e7erir. Bu konuda hi\u00e7bir bilgi i\u00e7ermeyen bir madde \u00f6\u011frenciyi karanl\u0131kta b\u0131rak\u0131yor. Bu mant\u0131ks\u0131z bir dezavantajd\u0131r. Bor\u00e7 verenin, e\u011fitiminizi tamamlad\u0131ktan sonra, s\u00f6zle\u015fme s\u00fcresinin bitiminden k\u0131sa bir s\u00fcre \u00f6nce bir i\u015f s\u00f6zle\u015fmesi akdetmek i\u00e7in yeterince spesifik bir teklifte bulunmas\u0131n\u0131n bir \u00f6nemi yoktur. B\u00f6l\u00fcm 310 Paragraf 3 No. 3 BGB&#8217;ye g\u00f6re, makul olmayan dezavantajlar\u0131n de\u011ferlendirilmesinde daha sonraki olaylar de\u011fil, yaln\u0131zca s\u00f6zle\u015fmenin metni ve s\u00f6zle\u015fmenin imzalanmas\u0131n\u0131 \u00e7evreleyen ko\u015fullar dikkate al\u0131nmal\u0131d\u0131r. Senato ayr\u0131ca, temel haklar\u0131n iyi niyetin gereklerine ayk\u0131r\u0131 olarak k\u0131s\u0131tlanmas\u0131 durumunda \u00f6\u011frenci i\u00e7in daha fazla makul olmayan dezavantaj yarat\u0131laca\u011f\u0131na dikkat \u00e7ekti. \u00d6\u011frenim s\u00fcresinin tamamlanmas\u0131ndan sonra \u00e7al\u0131\u015fma hakk\u0131 verilmeden, istihdam yoluyla \u201ckredi esas\u0131na g\u00f6re\u201d sa\u011flanan yard\u0131mlar\u0131n kademeli olarak azalt\u0131lmas\u0131n\u0131 \u00f6ng\u00f6ren madde, g\u00fcveni k\u00f6t\u00fcye kullanan s\u00f6zle\u015fme orta\u011f\u0131n\u0131n temel hakk\u0131n\u0131 k\u0131s\u0131tlamaktad\u0131r.[\/vc_column_text][\/vc_column][\/vc_row]<\/p>\n<\/div>","protected":false},"excerpt":{"rendered":"<p>[vc_row triangle_shape=&#8221;no&#8221; css=&#8221;.vc_custom_1700481770570{padding-bottom: 50px !important;}&#8221;][vc_column][vc_column_text]B\u00f6l\u00fcm 310 Paragraf 3 No. 2 BGB&#8217;ye g\u00f6re, B\u00f6l\u00fcm 307 BGB uyar\u0131nca i\u00e7erik kontrol\u00fc, yaln\u0131zca bir kerelik kullan\u0131m ama\u00e7l\u0131 olsa ve t\u00fcketicinin i\u00e7erikleri etkileyemeyece\u011fi durumlarda bile t\u00fcketiciler i\u00e7in \u00f6nceden form\u00fcle edilmi\u015f s\u00f6zle\u015fme ko\u015fullar\u0131 i\u00e7in ge\u00e7erlidir. \u00f6n form\u00fclasyona. Dokuzuncu Senato&#8217;nun 18 Mart 2008 (9 AZR 186\/07) tarihli karar\u0131na g\u00f6re t\u00fcketici s\u00f6zle\u015fmesi anlam\u0131nda bir s\u00f6zle\u015fmedir. \u00a7 310 Paragraf 3 BGB. \u0130\u015f s\u00f6zle\u015fmeleri i\u00e7in i\u00e7tihat hukuku, bunlar\u0131n giri\u015fimciler (i\u015fverenler) ve t\u00fcketiciler (\u00e7al\u0131\u015fanlar) aras\u0131ndaki s\u00f6zle\u015fmeler oldu\u011funu \u015fu anlamda kabul etmi\u015ftir: \u00a7 310 Paragraf 3 BGB kanunlar\u0131. \u201cG\u00f6n\u00fcll\u00fcl\u00fck s\u00f6zle\u015fmesi\u201d i\u00e7in farkl\u0131 bir durum ge\u00e7erli de\u011fildir. Hizmetlerin geri \u00f6denmesine ili\u015fkin bir madde,&#8230;<\/p>\n","protected":false},"author":1,"featured_media":10712,"parent":13293,"menu_order":0,"comment_status":"closed","ping_status":"closed","template":"","meta":{"footnotes":""},"class_list":["post-13236","page","type-page","status-publish","has-post-thumbnail","hentry"],"yoast_head":"<!-- This site is optimized with the Yoast SEO Premium plugin v27.2 (Yoast SEO v27.3) - https:\/\/yoast.com\/product\/yoast-seo-premium-wordpress\/ -->\n<title>Rechtsanwaltskanzlei in Hamburg Berlin Bremen Hannover L\u00fcbeck<\/title>\n<meta name=\"description\" content=\"Rechtsanwaltskanzlei f\u00fcr Arbeitsrecht, Arzthaftung, Mietrecht, Gewerbemietrecht ,Gastronomierecht, Immobilienrecht, Schadensersatz Yachtrecht\" \/>\n<meta name=\"robots\" content=\"index, follow, max-snippet:-1, max-image-preview:large, max-video-preview:-1\" \/>\n<link rel=\"canonical\" href=\"https:\/\/www.kanzlei-steinwachs.de\/tr\/is-hukuku-kararlari\/bag-kararlari-2008\/egitim-masraflarinin-geri-oedenmesi\/\" \/>\n<meta property=\"og:locale\" content=\"tr_TR\" \/>\n<meta property=\"og:type\" content=\"article\" \/>\n<meta property=\"og:title\" content=\"Rechtsanwaltskanzlei in Hamburg Berlin Bremen Hannover L\u00fcbeck\" \/>\n<meta property=\"og:description\" content=\"Rechtsanwaltskanzlei f\u00fcr Arbeitsrecht, Arzthaftung, Mietrecht, Gewerbemietrecht ,Gastronomierecht, Immobilienrecht, Schadensersatz Yachtrecht\" \/>\n<meta property=\"og:url\" content=\"https:\/\/www.kanzlei-steinwachs.de\/tr\/is-hukuku-kararlari\/bag-kararlari-2008\/egitim-masraflarinin-geri-oedenmesi\/\" \/>\n<meta property=\"og:site_name\" content=\"Rechtsanwaltskanzlei Anwalt Hamburg Berlin Bremen Hannover L\u00fcbeck\" \/>\n<meta property=\"article:publisher\" content=\"https:\/\/www.facebook.com\/STEINWACHSRechtsanwaltskanzlei\/\" \/>\n<meta property=\"article:modified_time\" content=\"2023-11-28T07:00:41+00:00\" \/>\n<meta name=\"twitter:card\" content=\"summary_large_image\" \/>\n<meta name=\"twitter:site\" content=\"@rasteinwachs\" \/>\n<meta name=\"twitter:label1\" content=\"Tahmini okuma s\u00fcresi\" \/>\n\t<meta name=\"twitter:data1\" content=\"2 dakika\" \/>\n<script type=\"application\/ld+json\" class=\"yoast-schema-graph\">{\"@context\":\"https:\\\/\\\/schema.org\",\"@graph\":[{\"@type\":\"WebPage\",\"@id\":\"https:\\\/\\\/www.kanzlei-steinwachs.de\\\/tr\\\/is-hukuku-kararlari\\\/bag-kararlari-2008\\\/egitim-masraflarinin-geri-oedenmesi\\\/\",\"url\":\"https:\\\/\\\/www.kanzlei-steinwachs.de\\\/tr\\\/is-hukuku-kararlari\\\/bag-kararlari-2008\\\/egitim-masraflarinin-geri-oedenmesi\\\/\",\"name\":\"Rechtsanwaltskanzlei in Hamburg Berlin Bremen Hannover L\u00fcbeck\",\"isPartOf\":{\"@id\":\"https:\\\/\\\/www.kanzlei-steinwachs.de\\\/tr\\\/#website\"},\"primaryImageOfPage\":{\"@id\":\"https:\\\/\\\/www.kanzlei-steinwachs.de\\\/tr\\\/is-hukuku-kararlari\\\/bag-kararlari-2008\\\/egitim-masraflarinin-geri-oedenmesi\\\/#primaryimage\"},\"image\":{\"@id\":\"https:\\\/\\\/www.kanzlei-steinwachs.de\\\/tr\\\/is-hukuku-kararlari\\\/bag-kararlari-2008\\\/egitim-masraflarinin-geri-oedenmesi\\\/#primaryimage\"},\"thumbnailUrl\":\"https:\\\/\\\/i0.wp.com\\\/www.kanzlei-steinwachs.de\\\/wp-content\\\/uploads\\\/2023\\\/11\\\/Bundesarbeitsgericht_Urteile_2008.webp?fit=200%2C100&quality=20&ssl=1\",\"datePublished\":\"2023-11-20T12:01:47+00:00\",\"dateModified\":\"2023-11-28T07:00:41+00:00\",\"description\":\"Rechtsanwaltskanzlei f\u00fcr Arbeitsrecht, Arzthaftung, Mietrecht, Gewerbemietrecht ,Gastronomierecht, Immobilienrecht, Schadensersatz Yachtrecht\",\"breadcrumb\":{\"@id\":\"https:\\\/\\\/www.kanzlei-steinwachs.de\\\/tr\\\/is-hukuku-kararlari\\\/bag-kararlari-2008\\\/egitim-masraflarinin-geri-oedenmesi\\\/#breadcrumb\"},\"inLanguage\":\"tr\",\"potentialAction\":[{\"@type\":\"ReadAction\",\"target\":[\"https:\\\/\\\/www.kanzlei-steinwachs.de\\\/tr\\\/is-hukuku-kararlari\\\/bag-kararlari-2008\\\/egitim-masraflarinin-geri-oedenmesi\\\/\"]}]},{\"@type\":\"ImageObject\",\"inLanguage\":\"tr\",\"@id\":\"https:\\\/\\\/www.kanzlei-steinwachs.de\\\/tr\\\/is-hukuku-kararlari\\\/bag-kararlari-2008\\\/egitim-masraflarinin-geri-oedenmesi\\\/#primaryimage\",\"url\":\"https:\\\/\\\/i0.wp.com\\\/www.kanzlei-steinwachs.de\\\/wp-content\\\/uploads\\\/2023\\\/11\\\/Bundesarbeitsgericht_Urteile_2008.webp?fit=200%2C100&quality=20&ssl=1\",\"contentUrl\":\"https:\\\/\\\/i0.wp.com\\\/www.kanzlei-steinwachs.de\\\/wp-content\\\/uploads\\\/2023\\\/11\\\/Bundesarbeitsgericht_Urteile_2008.webp?fit=200%2C100&quality=20&ssl=1\",\"width\":200,\"height\":100},{\"@type\":\"BreadcrumbList\",\"@id\":\"https:\\\/\\\/www.kanzlei-steinwachs.de\\\/tr\\\/is-hukuku-kararlari\\\/bag-kararlari-2008\\\/egitim-masraflarinin-geri-oedenmesi\\\/#breadcrumb\",\"itemListElement\":[{\"@type\":\"ListItem\",\"position\":1,\"name\":\"\u0130\u015f hukuku kararlar\u0131\",\"item\":\"https:\\\/\\\/www.kanzlei-steinwachs.de\\\/tr\\\/is-hukuku-kararlari\\\/\"},{\"@type\":\"ListItem\",\"position\":2,\"name\":\"BAG kararlar\u0131 2008\",\"item\":\"https:\\\/\\\/www.kanzlei-steinwachs.de\\\/tr\\\/is-hukuku-kararlari\\\/bag-kararlari-2008\\\/\"},{\"@type\":\"ListItem\",\"position\":3,\"name\":\"E\u011fitim masraflar\u0131n\u0131n geri \u00f6denmesi\"}]},{\"@type\":\"WebSite\",\"@id\":\"https:\\\/\\\/www.kanzlei-steinwachs.de\\\/tr\\\/#website\",\"url\":\"https:\\\/\\\/www.kanzlei-steinwachs.de\\\/tr\\\/\",\"name\":\"Rechtsanwaltskanzlei Anwalt Hamburg Berlin Bremen Hannover L\u00fcbeck\",\"description\":\"Wir leisten mehr als Recht bietet\",\"publisher\":{\"@id\":\"https:\\\/\\\/www.kanzlei-steinwachs.de\\\/tr\\\/#organization\"},\"potentialAction\":[{\"@type\":\"SearchAction\",\"target\":{\"@type\":\"EntryPoint\",\"urlTemplate\":\"https:\\\/\\\/www.kanzlei-steinwachs.de\\\/tr\\\/?s={search_term_string}\"},\"query-input\":{\"@type\":\"PropertyValueSpecification\",\"valueRequired\":true,\"valueName\":\"search_term_string\"}}],\"inLanguage\":\"tr\"},{\"@type\":[\"Organization\",\"Place\"],\"@id\":\"https:\\\/\\\/www.kanzlei-steinwachs.de\\\/tr\\\/#organization\",\"name\":\"Rechtsanwaltskanzlei Anwalt Hamburg Berlin Bremen Hannover L\u00fcbeck\",\"url\":\"https:\\\/\\\/www.kanzlei-steinwachs.de\\\/\",\"logo\":{\"@type\":\"ImageObject\",\"inLanguage\":\"tr\",\"@id\":\"https:\\\/\\\/www.kanzlei-steinwachs.de\\\/tr\\\/#\\\/schema\\\/logo\\\/image\\\/\",\"url\":\"https:\\\/\\\/i0.wp.com\\\/www.kanzlei-steinwachs.de\\\/wp-content\\\/uploads\\\/2023\\\/12\\\/logo.webp?fit=174%2C76&quality=80&ssl=1\",\"contentUrl\":\"https:\\\/\\\/i0.wp.com\\\/www.kanzlei-steinwachs.de\\\/wp-content\\\/uploads\\\/2023\\\/12\\\/logo.webp?fit=174%2C76&quality=80&ssl=1\",\"width\":174,\"height\":76,\"caption\":\"Rechtsanwaltskanzlei Anwalt Hamburg Berlin Bremen Hannover L\u00fcbeck\"},\"image\":{\"@id\":\"https:\\\/\\\/www.kanzlei-steinwachs.de\\\/tr\\\/#\\\/schema\\\/logo\\\/image\\\/\"},\"sameAs\":[\"https:\\\/\\\/www.facebook.com\\\/STEINWACHSRechtsanwaltskanzlei\\\/\",\"https:\\\/\\\/x.com\\\/rasteinwachs\",\"https:\\\/\\\/www.instagram.com\\\/steinwachs_rechtsanwaelte\\\/\",\"https:\\\/\\\/www.linkedin.com\\\/in\\\/stephan-steinwachs-7a270197\\\/\",\"https:\\\/\\\/www.youtube.com\\\/channel\\\/UCffmodDlQx81remXm395RWA\"],\"telephone\":[]}]}<\/script>\n<!-- \/ Yoast SEO Premium plugin. -->","yoast_head_json":{"title":"Rechtsanwaltskanzlei in Hamburg Berlin Bremen Hannover L\u00fcbeck","description":"Rechtsanwaltskanzlei f\u00fcr Arbeitsrecht, Arzthaftung, Mietrecht, Gewerbemietrecht ,Gastronomierecht, Immobilienrecht, Schadensersatz Yachtrecht","robots":{"index":"index","follow":"follow","max-snippet":"max-snippet:-1","max-image-preview":"max-image-preview:large","max-video-preview":"max-video-preview:-1"},"canonical":"https:\/\/www.kanzlei-steinwachs.de\/tr\/is-hukuku-kararlari\/bag-kararlari-2008\/egitim-masraflarinin-geri-oedenmesi\/","og_locale":"tr_TR","og_type":"article","og_title":"Rechtsanwaltskanzlei in Hamburg Berlin Bremen Hannover L\u00fcbeck","og_description":"Rechtsanwaltskanzlei f\u00fcr Arbeitsrecht, Arzthaftung, Mietrecht, Gewerbemietrecht ,Gastronomierecht, Immobilienrecht, Schadensersatz Yachtrecht","og_url":"https:\/\/www.kanzlei-steinwachs.de\/tr\/is-hukuku-kararlari\/bag-kararlari-2008\/egitim-masraflarinin-geri-oedenmesi\/","og_site_name":"Rechtsanwaltskanzlei Anwalt Hamburg Berlin Bremen Hannover L\u00fcbeck","article_publisher":"https:\/\/www.facebook.com\/STEINWACHSRechtsanwaltskanzlei\/","article_modified_time":"2023-11-28T07:00:41+00:00","twitter_card":"summary_large_image","twitter_site":"@rasteinwachs","twitter_misc":{"Tahmini okuma s\u00fcresi":"2 dakika"},"schema":{"@context":"https:\/\/schema.org","@graph":[{"@type":"WebPage","@id":"https:\/\/www.kanzlei-steinwachs.de\/tr\/is-hukuku-kararlari\/bag-kararlari-2008\/egitim-masraflarinin-geri-oedenmesi\/","url":"https:\/\/www.kanzlei-steinwachs.de\/tr\/is-hukuku-kararlari\/bag-kararlari-2008\/egitim-masraflarinin-geri-oedenmesi\/","name":"Rechtsanwaltskanzlei in Hamburg Berlin Bremen Hannover L\u00fcbeck","isPartOf":{"@id":"https:\/\/www.kanzlei-steinwachs.de\/tr\/#website"},"primaryImageOfPage":{"@id":"https:\/\/www.kanzlei-steinwachs.de\/tr\/is-hukuku-kararlari\/bag-kararlari-2008\/egitim-masraflarinin-geri-oedenmesi\/#primaryimage"},"image":{"@id":"https:\/\/www.kanzlei-steinwachs.de\/tr\/is-hukuku-kararlari\/bag-kararlari-2008\/egitim-masraflarinin-geri-oedenmesi\/#primaryimage"},"thumbnailUrl":"https:\/\/i0.wp.com\/www.kanzlei-steinwachs.de\/wp-content\/uploads\/2023\/11\/Bundesarbeitsgericht_Urteile_2008.webp?fit=200%2C100&quality=20&ssl=1","datePublished":"2023-11-20T12:01:47+00:00","dateModified":"2023-11-28T07:00:41+00:00","description":"Rechtsanwaltskanzlei f\u00fcr Arbeitsrecht, Arzthaftung, Mietrecht, Gewerbemietrecht ,Gastronomierecht, Immobilienrecht, Schadensersatz Yachtrecht","breadcrumb":{"@id":"https:\/\/www.kanzlei-steinwachs.de\/tr\/is-hukuku-kararlari\/bag-kararlari-2008\/egitim-masraflarinin-geri-oedenmesi\/#breadcrumb"},"inLanguage":"tr","potentialAction":[{"@type":"ReadAction","target":["https:\/\/www.kanzlei-steinwachs.de\/tr\/is-hukuku-kararlari\/bag-kararlari-2008\/egitim-masraflarinin-geri-oedenmesi\/"]}]},{"@type":"ImageObject","inLanguage":"tr","@id":"https:\/\/www.kanzlei-steinwachs.de\/tr\/is-hukuku-kararlari\/bag-kararlari-2008\/egitim-masraflarinin-geri-oedenmesi\/#primaryimage","url":"https:\/\/i0.wp.com\/www.kanzlei-steinwachs.de\/wp-content\/uploads\/2023\/11\/Bundesarbeitsgericht_Urteile_2008.webp?fit=200%2C100&quality=20&ssl=1","contentUrl":"https:\/\/i0.wp.com\/www.kanzlei-steinwachs.de\/wp-content\/uploads\/2023\/11\/Bundesarbeitsgericht_Urteile_2008.webp?fit=200%2C100&quality=20&ssl=1","width":200,"height":100},{"@type":"BreadcrumbList","@id":"https:\/\/www.kanzlei-steinwachs.de\/tr\/is-hukuku-kararlari\/bag-kararlari-2008\/egitim-masraflarinin-geri-oedenmesi\/#breadcrumb","itemListElement":[{"@type":"ListItem","position":1,"name":"\u0130\u015f hukuku kararlar\u0131","item":"https:\/\/www.kanzlei-steinwachs.de\/tr\/is-hukuku-kararlari\/"},{"@type":"ListItem","position":2,"name":"BAG kararlar\u0131 2008","item":"https:\/\/www.kanzlei-steinwachs.de\/tr\/is-hukuku-kararlari\/bag-kararlari-2008\/"},{"@type":"ListItem","position":3,"name":"E\u011fitim masraflar\u0131n\u0131n geri \u00f6denmesi"}]},{"@type":"WebSite","@id":"https:\/\/www.kanzlei-steinwachs.de\/tr\/#website","url":"https:\/\/www.kanzlei-steinwachs.de\/tr\/","name":"Rechtsanwaltskanzlei Anwalt Hamburg Berlin Bremen Hannover L\u00fcbeck","description":"Wir leisten mehr als Recht bietet","publisher":{"@id":"https:\/\/www.kanzlei-steinwachs.de\/tr\/#organization"},"potentialAction":[{"@type":"SearchAction","target":{"@type":"EntryPoint","urlTemplate":"https:\/\/www.kanzlei-steinwachs.de\/tr\/?s={search_term_string}"},"query-input":{"@type":"PropertyValueSpecification","valueRequired":true,"valueName":"search_term_string"}}],"inLanguage":"tr"},{"@type":["Organization","Place"],"@id":"https:\/\/www.kanzlei-steinwachs.de\/tr\/#organization","name":"Rechtsanwaltskanzlei Anwalt Hamburg Berlin Bremen Hannover L\u00fcbeck","url":"https:\/\/www.kanzlei-steinwachs.de\/","logo":{"@type":"ImageObject","inLanguage":"tr","@id":"https:\/\/www.kanzlei-steinwachs.de\/tr\/#\/schema\/logo\/image\/","url":"https:\/\/i0.wp.com\/www.kanzlei-steinwachs.de\/wp-content\/uploads\/2023\/12\/logo.webp?fit=174%2C76&quality=80&ssl=1","contentUrl":"https:\/\/i0.wp.com\/www.kanzlei-steinwachs.de\/wp-content\/uploads\/2023\/12\/logo.webp?fit=174%2C76&quality=80&ssl=1","width":174,"height":76,"caption":"Rechtsanwaltskanzlei Anwalt Hamburg Berlin Bremen Hannover L\u00fcbeck"},"image":{"@id":"https:\/\/www.kanzlei-steinwachs.de\/tr\/#\/schema\/logo\/image\/"},"sameAs":["https:\/\/www.facebook.com\/STEINWACHSRechtsanwaltskanzlei\/","https:\/\/x.com\/rasteinwachs","https:\/\/www.instagram.com\/steinwachs_rechtsanwaelte\/","https:\/\/www.linkedin.com\/in\/stephan-steinwachs-7a270197\/","https:\/\/www.youtube.com\/channel\/UCffmodDlQx81remXm395RWA"],"telephone":[]}]}},"jetpack_sharing_enabled":true,"_links":{"self":[{"href":"https:\/\/www.kanzlei-steinwachs.de\/tr\/wp-json\/wp\/v2\/pages\/13236","targetHints":{"allow":["GET"]}}],"collection":[{"href":"https:\/\/www.kanzlei-steinwachs.de\/tr\/wp-json\/wp\/v2\/pages"}],"about":[{"href":"https:\/\/www.kanzlei-steinwachs.de\/tr\/wp-json\/wp\/v2\/types\/page"}],"author":[{"embeddable":true,"href":"https:\/\/www.kanzlei-steinwachs.de\/tr\/wp-json\/wp\/v2\/users\/1"}],"replies":[{"embeddable":true,"href":"https:\/\/www.kanzlei-steinwachs.de\/tr\/wp-json\/wp\/v2\/comments?post=13236"}],"version-history":[{"count":0,"href":"https:\/\/www.kanzlei-steinwachs.de\/tr\/wp-json\/wp\/v2\/pages\/13236\/revisions"}],"up":[{"embeddable":true,"href":"https:\/\/www.kanzlei-steinwachs.de\/tr\/wp-json\/wp\/v2\/pages\/13293"}],"wp:featuredmedia":[{"embeddable":true,"href":"https:\/\/www.kanzlei-steinwachs.de\/tr\/wp-json\/wp\/v2\/media\/10712"}],"wp:attachment":[{"href":"https:\/\/www.kanzlei-steinwachs.de\/tr\/wp-json\/wp\/v2\/media?parent=13236"}],"curies":[{"name":"wp","href":"https:\/\/api.w.org\/{rel}","templated":true}]}}