{"id":13105,"date":"2023-11-20T13:23:30","date_gmt":"2023-11-20T12:23:30","guid":{"rendered":"https:\/\/www.kanzlei-steinwachs.de\/evrensel-veraset\/"},"modified":"2023-11-27T13:43:25","modified_gmt":"2023-11-27T12:43:25","slug":"evrensel-veraset","status":"publish","type":"page","link":"https:\/\/www.kanzlei-steinwachs.de\/tr\/is-hukuku-kararlari\/bag-kararlari-2008\/evrensel-veraset\/","title":{"rendered":"Evrensel veraset"},"content":{"rendered":"<div class=\"wpb-content-wrapper\"><p>[vc_row triangle_shape=&#8221;no&#8221; css=&#8221;.vc_custom_1700483063568{margin-bottom: 50px !important;}&#8221;][vc_column][vc_column_text]\u015eirketler hukukuna g\u00f6re evrensel miras halinde, yeni t\u00fczel ki\u015filik, bu bir i\u015f devri anlam\u0131na gelmeksizin i\u015fveren konumunu \u00fcstlenir. \u00a7 613a Paragraf 1 C\u00fcmle 1 BGB ge\u00e7erli olacakt\u0131r. Bir ortakl\u0131\u011f\u0131n bir \u015firketle birle\u015fmesi veya ortakl\u0131\u011f\u0131n kalan son orta\u011f\u0131 olan \u015firketin t\u00fcm hisseleri devralmas\u0131 durumunda bu, \u015firketler hukukuna g\u00f6re evrensel bir miras davas\u0131d\u0131r. Sekizinci Senato 21 \u015eubat 2008 tarihli karar\u0131yla (- 8 AZR 157\/07 -) i\u015f devri anlam\u0131nda i\u015f devri yap\u0131l\u0131p yap\u0131lmayaca\u011f\u0131n\u0131 a\u00e7\u0131k b\u0131rakabildi. \u00a7 613a BGB mevcuttu. Ancak i\u015fletme sahibinin kimli\u011finin de\u011fi\u015fti\u011fini ve bunun hukuki bir i\u015flemden kaynakland\u0131\u011f\u0131n\u0131, bunun da i\u015fletme devri oldu\u011funu g\u00f6sterdi\u011fini belirtti. Alman Medeni Kanunu&#8217;nun (BGB) 613a maddesinin 6. f\u0131kras\u0131 uyar\u0131nca, \u00f6nceki t\u00fczel ki\u015fili\u011fin sona ermesi ve yeni i\u015fverenin i\u015fe girmesi halinde, i\u015f devri sonucu i\u015f ili\u015fkisinin devrine itiraz etme hakk\u0131 yoktur. evrensel \u015firketler hukuku miras\u0131 yoluyla i\u015f ili\u015fkisine dahil edilmesi. \u00c7al\u0131\u015fan yeni i\u015fverenle i\u015f ili\u015fkisini s\u00fcrd\u00fcrmek istemezse haklar\u0131n\u0131 kaybetmeden s\u00f6zle\u015fmeyi fesih hakk\u0131n\u0131 kullanabilir. \u00d6nceki i\u015fvereninin ortadan kalkmas\u0131 halinde \u00e7al\u0131\u015fan\u0131n \u015fu anlamda \u00f6nemli bir nedeni vard\u0131r: \u00a7 626 Paragraf 1 BGB, \u00e7\u00fcnk\u00fc Madde 2 Paragraf 1 ve Madde 12 Paragraf 1 GG taraf\u0131ndan g\u00fcvence alt\u0131na al\u0131nan s\u00f6zle\u015fmeye dayal\u0131 ve mesleki \u00f6zg\u00fcrl\u00fck. Bu durumlarda, Alman Medeni Kanunu&#8217;nun (BGB) 628. maddesinin 2. f\u0131kras\u0131 uyar\u0131nca genellikle tazminat talebinde bulunulamaz. \u015eirketler hukukuna g\u00f6re \u00f6nceki i\u015fverenin ortadan kalkmas\u0131na neden olan yeniden yap\u0131lanma, i\u015fverenin s\u00f6zle\u015fmeye ayk\u0131r\u0131 davran\u0131\u015f\u0131 de\u011fildir. Eyalet yasalar\u0131, kamu hizmeti t\u00fczel ki\u015filiklerini yeniden yap\u0131land\u0131rabilir. Bu kanunlar, yeniden yap\u0131land\u0131r\u0131lan b\u00f6lgelerdeki \u00e7al\u0131\u015fanlar\u0131n i\u015f ili\u015fkilerinin, \u00e7al\u0131\u015fanlara i\u015f ili\u015fkilerinin devrine itiraz etme hakk\u0131 vermeden yeni bir t\u00fczel ki\u015fili\u011fe devredilmesini \u00f6ng\u00f6rebilir. Kanunen yeniden yap\u0131lanma hukuki bir i\u015f devri olmad\u0131\u011f\u0131ndan Medeni Kanun&#8217;dan itiraz hakk\u0131 do\u011fmaz. Avrupa Toplulu\u011fu hukuku da b\u00f6yle bir itiraz hakk\u0131n\u0131 \u00f6ng\u00f6rmemektedir. Ancak i\u015fverenin \u00f6zg\u00fcr se\u00e7imi, Temel Kanun&#8217;un 12. maddesi kapsam\u0131ndaki temel meslek \u00f6zg\u00fcrl\u00fc\u011f\u00fc hakk\u0131yla korunmaktad\u0131r. \u0130\u015fverenin de\u011fi\u015ftirildi\u011fi bir yasal d\u00fczenleme bu temel hakka tecav\u00fcz etmektedir. M\u00fcdahale, kamu yarar\u0131 nedeniyle hakl\u0131 oldu\u011fu ve orant\u0131l\u0131 oldu\u011fu \u00f6l\u00e7\u00fcde anayasaya uygundur. Sekizinci Senato, 18 Aral\u0131k 2008 tarihli karar\u0131nda (- 8 AZR 660\/07-), iki \u00fcniversite hastanesinin kamu hukuku kapsam\u0131nda yeni bir kurum olu\u015fturmak \u00fczere birle\u015ftirilmesini \u00f6ng\u00f6ren eyalet yasas\u0131na ili\u015fkin bu t\u00fcr nedenlerin varl\u0131\u011f\u0131n\u0131 do\u011frulad\u0131. Kanun gere\u011fi bilim d\u0131\u015f\u0131 \u00e7al\u0131\u015fanlar\u0131n istihdam ili\u015fkileri yeni kuruma devredildi. Federal yasama organ\u0131 yaln\u0131zca yasal ticari transferleri ve medeni hukuk d\u00f6n\u00fc\u015f\u00fcmlerini d\u00fczenledi\u011fi i\u00e7in eyalet parlamentosuna yasa \u00e7\u0131karma yetkisi verildi. Eyalet yasama organ\u0131n\u0131n, davac\u0131n\u0131n temel haklarla korunan mesle\u011fini icra etme \u00f6zg\u00fcrl\u00fc\u011f\u00fcne m\u00fcdahalesi hakl\u0131d\u0131r. Klini\u011fin faaliyetlerinin yeniden yap\u0131land\u0131r\u0131lmas\u0131 ve \u00f6zelle\u015ftirilmesi, her iki klini\u011fin de kamu yarar\u0131na korunmas\u0131na ve her iki yerde de bilimsel ara\u015ft\u0131rma ve \u00f6\u011fretimin s\u00fcrd\u00fcr\u00fclmesine hizmet etmektedir. M\u00fcdahale orant\u0131l\u0131yd\u0131 ve buna bir dizi ba\u015fka \u00f6nlem de e\u015flik ediyordu; B. \u00e7ok y\u0131ll\u0131 i\u015f g\u00fcvencesi &#8211; e\u015flik ediyor.[\/vc_column_text][\/vc_column][\/vc_row]<\/p>\n<\/div>","protected":false},"excerpt":{"rendered":"<p>[vc_row triangle_shape=&#8221;no&#8221; css=&#8221;.vc_custom_1700483063568{margin-bottom: 50px !important;}&#8221;][vc_column][vc_column_text]\u015eirketler hukukuna g\u00f6re evrensel miras halinde, yeni t\u00fczel ki\u015filik, bu bir i\u015f devri anlam\u0131na gelmeksizin i\u015fveren konumunu \u00fcstlenir. \u00a7 613a Paragraf 1 C\u00fcmle 1 BGB ge\u00e7erli olacakt\u0131r. Bir ortakl\u0131\u011f\u0131n bir \u015firketle birle\u015fmesi veya ortakl\u0131\u011f\u0131n kalan son orta\u011f\u0131 olan \u015firketin t\u00fcm hisseleri devralmas\u0131 durumunda bu, \u015firketler hukukuna g\u00f6re evrensel bir miras davas\u0131d\u0131r. Sekizinci Senato 21 \u015eubat 2008 tarihli karar\u0131yla (- 8 AZR 157\/07 -) i\u015f devri anlam\u0131nda i\u015f devri yap\u0131l\u0131p yap\u0131lmayaca\u011f\u0131n\u0131 a\u00e7\u0131k b\u0131rakabildi. \u00a7 613a BGB mevcuttu. Ancak i\u015fletme sahibinin kimli\u011finin de\u011fi\u015fti\u011fini ve bunun hukuki bir i\u015flemden kaynakland\u0131\u011f\u0131n\u0131, bunun da i\u015fletme devri oldu\u011funu g\u00f6sterdi\u011fini belirtti. Alman Medeni&#8230;<\/p>\n","protected":false},"author":1,"featured_media":0,"parent":13293,"menu_order":0,"comment_status":"closed","ping_status":"closed","template":"","meta":{"footnotes":""},"class_list":["post-13105","page","type-page","status-publish","hentry"],"yoast_head":"<!-- This site is optimized with the Yoast SEO Premium plugin v27.2 (Yoast SEO v27.3) - https:\/\/yoast.com\/product\/yoast-seo-premium-wordpress\/ -->\n<title>Rechtsanwaltskanzlei in Hamburg Berlin Bremen Hannover L\u00fcbeck<\/title>\n<meta name=\"description\" content=\"Rechtsanwaltskanzlei f\u00fcr Arbeitsrecht, Arzthaftung, Mietrecht, Gewerbemietrecht ,Gastronomierecht, Immobilienrecht, Schadensersatz Yachtrecht\" \/>\n<meta name=\"robots\" content=\"index, follow, max-snippet:-1, max-image-preview:large, max-video-preview:-1\" \/>\n<link rel=\"canonical\" href=\"https:\/\/www.kanzlei-steinwachs.de\/tr\/is-hukuku-kararlari\/bag-kararlari-2008\/evrensel-veraset\/\" \/>\n<meta property=\"og:locale\" content=\"tr_TR\" \/>\n<meta property=\"og:type\" content=\"article\" \/>\n<meta property=\"og:title\" content=\"Rechtsanwaltskanzlei in Hamburg Berlin Bremen Hannover L\u00fcbeck\" \/>\n<meta property=\"og:description\" content=\"Rechtsanwaltskanzlei f\u00fcr Arbeitsrecht, Arzthaftung, Mietrecht, Gewerbemietrecht ,Gastronomierecht, Immobilienrecht, Schadensersatz Yachtrecht\" \/>\n<meta property=\"og:url\" content=\"https:\/\/www.kanzlei-steinwachs.de\/tr\/is-hukuku-kararlari\/bag-kararlari-2008\/evrensel-veraset\/\" \/>\n<meta property=\"og:site_name\" content=\"Rechtsanwaltskanzlei Anwalt Hamburg Berlin Bremen Hannover L\u00fcbeck\" \/>\n<meta property=\"article:publisher\" content=\"https:\/\/www.facebook.com\/STEINWACHSRechtsanwaltskanzlei\/\" \/>\n<meta property=\"article:modified_time\" content=\"2023-11-27T12:43:25+00:00\" \/>\n<meta name=\"twitter:card\" content=\"summary_large_image\" \/>\n<meta name=\"twitter:site\" content=\"@rasteinwachs\" \/>\n<meta name=\"twitter:label1\" content=\"Tahmini okuma s\u00fcresi\" \/>\n\t<meta name=\"twitter:data1\" content=\"3 dakika\" \/>\n<script type=\"application\/ld+json\" class=\"yoast-schema-graph\">{\"@context\":\"https:\\\/\\\/schema.org\",\"@graph\":[{\"@type\":\"WebPage\",\"@id\":\"https:\\\/\\\/www.kanzlei-steinwachs.de\\\/tr\\\/is-hukuku-kararlari\\\/bag-kararlari-2008\\\/evrensel-veraset\\\/\",\"url\":\"https:\\\/\\\/www.kanzlei-steinwachs.de\\\/tr\\\/is-hukuku-kararlari\\\/bag-kararlari-2008\\\/evrensel-veraset\\\/\",\"name\":\"Rechtsanwaltskanzlei in Hamburg Berlin Bremen Hannover L\u00fcbeck\",\"isPartOf\":{\"@id\":\"https:\\\/\\\/www.kanzlei-steinwachs.de\\\/tr\\\/#website\"},\"datePublished\":\"2023-11-20T12:23:30+00:00\",\"dateModified\":\"2023-11-27T12:43:25+00:00\",\"description\":\"Rechtsanwaltskanzlei f\u00fcr Arbeitsrecht, Arzthaftung, Mietrecht, Gewerbemietrecht ,Gastronomierecht, Immobilienrecht, Schadensersatz Yachtrecht\",\"breadcrumb\":{\"@id\":\"https:\\\/\\\/www.kanzlei-steinwachs.de\\\/tr\\\/is-hukuku-kararlari\\\/bag-kararlari-2008\\\/evrensel-veraset\\\/#breadcrumb\"},\"inLanguage\":\"tr\",\"potentialAction\":[{\"@type\":\"ReadAction\",\"target\":[\"https:\\\/\\\/www.kanzlei-steinwachs.de\\\/tr\\\/is-hukuku-kararlari\\\/bag-kararlari-2008\\\/evrensel-veraset\\\/\"]}]},{\"@type\":\"BreadcrumbList\",\"@id\":\"https:\\\/\\\/www.kanzlei-steinwachs.de\\\/tr\\\/is-hukuku-kararlari\\\/bag-kararlari-2008\\\/evrensel-veraset\\\/#breadcrumb\",\"itemListElement\":[{\"@type\":\"ListItem\",\"position\":1,\"name\":\"\u0130\u015f hukuku kararlar\u0131\",\"item\":\"https:\\\/\\\/www.kanzlei-steinwachs.de\\\/tr\\\/is-hukuku-kararlari\\\/\"},{\"@type\":\"ListItem\",\"position\":2,\"name\":\"BAG kararlar\u0131 2008\",\"item\":\"https:\\\/\\\/www.kanzlei-steinwachs.de\\\/tr\\\/is-hukuku-kararlari\\\/bag-kararlari-2008\\\/\"},{\"@type\":\"ListItem\",\"position\":3,\"name\":\"Evrensel veraset\"}]},{\"@type\":\"WebSite\",\"@id\":\"https:\\\/\\\/www.kanzlei-steinwachs.de\\\/tr\\\/#website\",\"url\":\"https:\\\/\\\/www.kanzlei-steinwachs.de\\\/tr\\\/\",\"name\":\"Rechtsanwaltskanzlei Anwalt Hamburg Berlin Bremen Hannover L\u00fcbeck\",\"description\":\"Wir leisten mehr als Recht bietet\",\"publisher\":{\"@id\":\"https:\\\/\\\/www.kanzlei-steinwachs.de\\\/tr\\\/#organization\"},\"potentialAction\":[{\"@type\":\"SearchAction\",\"target\":{\"@type\":\"EntryPoint\",\"urlTemplate\":\"https:\\\/\\\/www.kanzlei-steinwachs.de\\\/tr\\\/?s={search_term_string}\"},\"query-input\":{\"@type\":\"PropertyValueSpecification\",\"valueRequired\":true,\"valueName\":\"search_term_string\"}}],\"inLanguage\":\"tr\"},{\"@type\":[\"Organization\",\"Place\"],\"@id\":\"https:\\\/\\\/www.kanzlei-steinwachs.de\\\/tr\\\/#organization\",\"name\":\"Rechtsanwaltskanzlei Anwalt Hamburg Berlin Bremen Hannover L\u00fcbeck\",\"url\":\"https:\\\/\\\/www.kanzlei-steinwachs.de\\\/\",\"logo\":{\"@type\":\"ImageObject\",\"inLanguage\":\"tr\",\"@id\":\"https:\\\/\\\/www.kanzlei-steinwachs.de\\\/tr\\\/#\\\/schema\\\/logo\\\/image\\\/\",\"url\":\"https:\\\/\\\/i0.wp.com\\\/www.kanzlei-steinwachs.de\\\/wp-content\\\/uploads\\\/2023\\\/12\\\/logo.webp?fit=174%2C76&quality=80&ssl=1\",\"contentUrl\":\"https:\\\/\\\/i0.wp.com\\\/www.kanzlei-steinwachs.de\\\/wp-content\\\/uploads\\\/2023\\\/12\\\/logo.webp?fit=174%2C76&quality=80&ssl=1\",\"width\":174,\"height\":76,\"caption\":\"Rechtsanwaltskanzlei Anwalt Hamburg Berlin Bremen Hannover L\u00fcbeck\"},\"image\":{\"@id\":\"https:\\\/\\\/www.kanzlei-steinwachs.de\\\/tr\\\/#\\\/schema\\\/logo\\\/image\\\/\"},\"sameAs\":[\"https:\\\/\\\/www.facebook.com\\\/STEINWACHSRechtsanwaltskanzlei\\\/\",\"https:\\\/\\\/x.com\\\/rasteinwachs\",\"https:\\\/\\\/www.instagram.com\\\/steinwachs_rechtsanwaelte\\\/\",\"https:\\\/\\\/www.linkedin.com\\\/in\\\/stephan-steinwachs-7a270197\\\/\",\"https:\\\/\\\/www.youtube.com\\\/channel\\\/UCffmodDlQx81remXm395RWA\"],\"telephone\":[]}]}<\/script>\n<!-- \/ Yoast SEO Premium plugin. -->","yoast_head_json":{"title":"Rechtsanwaltskanzlei in Hamburg Berlin Bremen Hannover L\u00fcbeck","description":"Rechtsanwaltskanzlei f\u00fcr Arbeitsrecht, Arzthaftung, Mietrecht, Gewerbemietrecht ,Gastronomierecht, Immobilienrecht, Schadensersatz Yachtrecht","robots":{"index":"index","follow":"follow","max-snippet":"max-snippet:-1","max-image-preview":"max-image-preview:large","max-video-preview":"max-video-preview:-1"},"canonical":"https:\/\/www.kanzlei-steinwachs.de\/tr\/is-hukuku-kararlari\/bag-kararlari-2008\/evrensel-veraset\/","og_locale":"tr_TR","og_type":"article","og_title":"Rechtsanwaltskanzlei in Hamburg Berlin Bremen Hannover L\u00fcbeck","og_description":"Rechtsanwaltskanzlei f\u00fcr Arbeitsrecht, Arzthaftung, Mietrecht, Gewerbemietrecht ,Gastronomierecht, Immobilienrecht, Schadensersatz Yachtrecht","og_url":"https:\/\/www.kanzlei-steinwachs.de\/tr\/is-hukuku-kararlari\/bag-kararlari-2008\/evrensel-veraset\/","og_site_name":"Rechtsanwaltskanzlei Anwalt Hamburg Berlin Bremen Hannover L\u00fcbeck","article_publisher":"https:\/\/www.facebook.com\/STEINWACHSRechtsanwaltskanzlei\/","article_modified_time":"2023-11-27T12:43:25+00:00","twitter_card":"summary_large_image","twitter_site":"@rasteinwachs","twitter_misc":{"Tahmini okuma s\u00fcresi":"3 dakika"},"schema":{"@context":"https:\/\/schema.org","@graph":[{"@type":"WebPage","@id":"https:\/\/www.kanzlei-steinwachs.de\/tr\/is-hukuku-kararlari\/bag-kararlari-2008\/evrensel-veraset\/","url":"https:\/\/www.kanzlei-steinwachs.de\/tr\/is-hukuku-kararlari\/bag-kararlari-2008\/evrensel-veraset\/","name":"Rechtsanwaltskanzlei in Hamburg Berlin Bremen Hannover L\u00fcbeck","isPartOf":{"@id":"https:\/\/www.kanzlei-steinwachs.de\/tr\/#website"},"datePublished":"2023-11-20T12:23:30+00:00","dateModified":"2023-11-27T12:43:25+00:00","description":"Rechtsanwaltskanzlei f\u00fcr Arbeitsrecht, Arzthaftung, Mietrecht, Gewerbemietrecht ,Gastronomierecht, Immobilienrecht, Schadensersatz Yachtrecht","breadcrumb":{"@id":"https:\/\/www.kanzlei-steinwachs.de\/tr\/is-hukuku-kararlari\/bag-kararlari-2008\/evrensel-veraset\/#breadcrumb"},"inLanguage":"tr","potentialAction":[{"@type":"ReadAction","target":["https:\/\/www.kanzlei-steinwachs.de\/tr\/is-hukuku-kararlari\/bag-kararlari-2008\/evrensel-veraset\/"]}]},{"@type":"BreadcrumbList","@id":"https:\/\/www.kanzlei-steinwachs.de\/tr\/is-hukuku-kararlari\/bag-kararlari-2008\/evrensel-veraset\/#breadcrumb","itemListElement":[{"@type":"ListItem","position":1,"name":"\u0130\u015f hukuku kararlar\u0131","item":"https:\/\/www.kanzlei-steinwachs.de\/tr\/is-hukuku-kararlari\/"},{"@type":"ListItem","position":2,"name":"BAG kararlar\u0131 2008","item":"https:\/\/www.kanzlei-steinwachs.de\/tr\/is-hukuku-kararlari\/bag-kararlari-2008\/"},{"@type":"ListItem","position":3,"name":"Evrensel veraset"}]},{"@type":"WebSite","@id":"https:\/\/www.kanzlei-steinwachs.de\/tr\/#website","url":"https:\/\/www.kanzlei-steinwachs.de\/tr\/","name":"Rechtsanwaltskanzlei Anwalt Hamburg Berlin Bremen Hannover L\u00fcbeck","description":"Wir leisten mehr als Recht bietet","publisher":{"@id":"https:\/\/www.kanzlei-steinwachs.de\/tr\/#organization"},"potentialAction":[{"@type":"SearchAction","target":{"@type":"EntryPoint","urlTemplate":"https:\/\/www.kanzlei-steinwachs.de\/tr\/?s={search_term_string}"},"query-input":{"@type":"PropertyValueSpecification","valueRequired":true,"valueName":"search_term_string"}}],"inLanguage":"tr"},{"@type":["Organization","Place"],"@id":"https:\/\/www.kanzlei-steinwachs.de\/tr\/#organization","name":"Rechtsanwaltskanzlei Anwalt Hamburg Berlin Bremen Hannover L\u00fcbeck","url":"https:\/\/www.kanzlei-steinwachs.de\/","logo":{"@type":"ImageObject","inLanguage":"tr","@id":"https:\/\/www.kanzlei-steinwachs.de\/tr\/#\/schema\/logo\/image\/","url":"https:\/\/i0.wp.com\/www.kanzlei-steinwachs.de\/wp-content\/uploads\/2023\/12\/logo.webp?fit=174%2C76&quality=80&ssl=1","contentUrl":"https:\/\/i0.wp.com\/www.kanzlei-steinwachs.de\/wp-content\/uploads\/2023\/12\/logo.webp?fit=174%2C76&quality=80&ssl=1","width":174,"height":76,"caption":"Rechtsanwaltskanzlei Anwalt Hamburg Berlin Bremen Hannover L\u00fcbeck"},"image":{"@id":"https:\/\/www.kanzlei-steinwachs.de\/tr\/#\/schema\/logo\/image\/"},"sameAs":["https:\/\/www.facebook.com\/STEINWACHSRechtsanwaltskanzlei\/","https:\/\/x.com\/rasteinwachs","https:\/\/www.instagram.com\/steinwachs_rechtsanwaelte\/","https:\/\/www.linkedin.com\/in\/stephan-steinwachs-7a270197\/","https:\/\/www.youtube.com\/channel\/UCffmodDlQx81remXm395RWA"],"telephone":[]}]}},"jetpack_sharing_enabled":true,"_links":{"self":[{"href":"https:\/\/www.kanzlei-steinwachs.de\/tr\/wp-json\/wp\/v2\/pages\/13105","targetHints":{"allow":["GET"]}}],"collection":[{"href":"https:\/\/www.kanzlei-steinwachs.de\/tr\/wp-json\/wp\/v2\/pages"}],"about":[{"href":"https:\/\/www.kanzlei-steinwachs.de\/tr\/wp-json\/wp\/v2\/types\/page"}],"author":[{"embeddable":true,"href":"https:\/\/www.kanzlei-steinwachs.de\/tr\/wp-json\/wp\/v2\/users\/1"}],"replies":[{"embeddable":true,"href":"https:\/\/www.kanzlei-steinwachs.de\/tr\/wp-json\/wp\/v2\/comments?post=13105"}],"version-history":[{"count":0,"href":"https:\/\/www.kanzlei-steinwachs.de\/tr\/wp-json\/wp\/v2\/pages\/13105\/revisions"}],"up":[{"embeddable":true,"href":"https:\/\/www.kanzlei-steinwachs.de\/tr\/wp-json\/wp\/v2\/pages\/13293"}],"wp:attachment":[{"href":"https:\/\/www.kanzlei-steinwachs.de\/tr\/wp-json\/wp\/v2\/media?parent=13105"}],"curies":[{"name":"wp","href":"https:\/\/api.w.org\/{rel}","templated":true}]}}