{"id":13069,"date":"2023-11-20T13:17:52","date_gmt":"2023-11-20T12:17:52","guid":{"rendered":"https:\/\/www.kanzlei-steinwachs.de\/toplu-soezlesmelerin-devami\/"},"modified":"2023-11-27T13:33:47","modified_gmt":"2023-11-27T12:33:47","slug":"toplu-soezlesmelerin-devami","status":"publish","type":"page","link":"https:\/\/www.kanzlei-steinwachs.de\/tr\/is-hukuku-kararlari\/bag-kararlari-2008\/toplu-soezlesmelerin-devami\/","title":{"rendered":"Toplu s\u00f6zle\u015fmelerin devam\u0131"},"content":{"rendered":"<div class=\"wpb-content-wrapper\"><p>[vc_row triangle_shape=&#8221;no&#8221; css=&#8221;.vc_custom_1700482716273{margin-bottom: 50px !important;}&#8221;][vc_column][vc_column_text]\u00dc\u00e7\u00fcnc\u00fc Senato&#8217;nun 13 Kas\u0131m 2007 tarihli karar\u0131na g\u00f6re (3 AZR 191\/06), 613a Madde 1 F\u0131kra 1 C\u00fcmle 2 uyar\u0131nca yeni i\u015fverenle i\u015f ili\u015fkisinin bir par\u00e7as\u0131 haline gelen toplu s\u00f6zle\u015fmelerle d\u00fczenlenen emekli maa\u015f\u0131 haklar\u0131 Alman Medeni Kanunu (BGB), \u201c\u00e7apraz \u00e7\u00f6z\u00fcmleme\u201d yoluyla de\u011fi\u015ftirilemez, al\u0131c\u0131 ile mevcut bir i\u015fletme s\u00f6zle\u015fmesi ile de\u011fi\u015ftirilmelidir. \u0130\u015f konseyinin uygulanabilir ortak belirleme alan\u0131 d\u0131\u015f\u0131nda, toplu s\u00f6zle\u015fmenin yasal normlar\u0131n\u0131n i\u015f s\u00f6zle\u015fmesi h\u00fck\u00fcmleriyle \u00e7apraz olarak de\u011fi\u015ftirilmesi m\u00fcmk\u00fcn de\u011fildir. \u0130\u015f konseyi ayn\u0131 zamanda BetrVG Madde 87 Paragraf 1 No. 8 ve No. 10 uyar\u0131nca \u015firket emeklilik yard\u0131mlar\u0131 konusunda da s\u00f6z sahibidir; Ancak \u00f6nemli olan \u201cemeklilik h\u00fckm\u00fc\u201d konusunun sadece k\u0131smen belirleniyor olmas\u0131d\u0131r. Bu, bir yanda toplu pazarl\u0131k taraflar\u0131 ile di\u011fer yanda \u015firket taraflar\u0131 aras\u0131nda &#8220;uygulanabilir&#8221; d\u00fczenleme yetkisi kapsam\u0131nda gerekli uyumun olmad\u0131\u011f\u0131 anlam\u0131na gelir.[\/vc_column_text][\/vc_column][\/vc_row]<\/p>\n<\/div>","protected":false},"excerpt":{"rendered":"<p>[vc_row triangle_shape=&#8221;no&#8221; css=&#8221;.vc_custom_1700482716273{margin-bottom: 50px !important;}&#8221;][vc_column][vc_column_text]\u00dc\u00e7\u00fcnc\u00fc Senato&#8217;nun 13 Kas\u0131m 2007 tarihli karar\u0131na g\u00f6re (3 AZR 191\/06), 613a Madde 1 F\u0131kra 1 C\u00fcmle 2 uyar\u0131nca yeni i\u015fverenle i\u015f ili\u015fkisinin bir par\u00e7as\u0131 haline gelen toplu s\u00f6zle\u015fmelerle d\u00fczenlenen emekli maa\u015f\u0131 haklar\u0131 Alman Medeni Kanunu (BGB), \u201c\u00e7apraz \u00e7\u00f6z\u00fcmleme\u201d yoluyla de\u011fi\u015ftirilemez, al\u0131c\u0131 ile mevcut bir i\u015fletme s\u00f6zle\u015fmesi ile de\u011fi\u015ftirilmelidir. \u0130\u015f konseyinin uygulanabilir ortak belirleme alan\u0131 d\u0131\u015f\u0131nda, toplu s\u00f6zle\u015fmenin yasal normlar\u0131n\u0131n i\u015f s\u00f6zle\u015fmesi h\u00fck\u00fcmleriyle \u00e7apraz olarak de\u011fi\u015ftirilmesi m\u00fcmk\u00fcn de\u011fildir. \u0130\u015f konseyi ayn\u0131 zamanda BetrVG Madde 87 Paragraf 1 No. 8 ve No. 10 uyar\u0131nca \u015firket emeklilik yard\u0131mlar\u0131 konusunda da s\u00f6z sahibidir; Ancak \u00f6nemli olan \u201cemeklilik h\u00fckm\u00fc\u201d konusunun&#8230;<\/p>\n","protected":false},"author":1,"featured_media":10712,"parent":13293,"menu_order":0,"comment_status":"closed","ping_status":"closed","template":"","meta":{"footnotes":""},"class_list":["post-13069","page","type-page","status-publish","has-post-thumbnail","hentry"],"yoast_head":"<!-- This site is optimized with the Yoast SEO Premium plugin v27.2 (Yoast SEO v27.5) - https:\/\/yoast.com\/product\/yoast-seo-premium-wordpress\/ -->\n<title>Rechtsanwaltskanzlei in Hamburg Berlin Bremen Hannover L\u00fcbeck<\/title>\n<meta name=\"description\" content=\"Rechtsanwaltskanzlei f\u00fcr Arbeitsrecht, Arzthaftung, Mietrecht, Gewerbemietrecht ,Gastronomierecht, Immobilienrecht, Schadensersatz Yachtrecht\" \/>\n<meta name=\"robots\" content=\"index, follow, max-snippet:-1, max-image-preview:large, max-video-preview:-1\" \/>\n<link rel=\"canonical\" href=\"https:\/\/www.kanzlei-steinwachs.de\/tr\/is-hukuku-kararlari\/bag-kararlari-2008\/toplu-soezlesmelerin-devami\/\" \/>\n<meta property=\"og:locale\" content=\"tr_TR\" \/>\n<meta property=\"og:type\" content=\"article\" \/>\n<meta property=\"og:title\" content=\"Rechtsanwaltskanzlei in Hamburg Berlin Bremen Hannover L\u00fcbeck\" \/>\n<meta property=\"og:description\" content=\"Rechtsanwaltskanzlei f\u00fcr Arbeitsrecht, Arzthaftung, Mietrecht, Gewerbemietrecht ,Gastronomierecht, Immobilienrecht, Schadensersatz Yachtrecht\" \/>\n<meta property=\"og:url\" content=\"https:\/\/www.kanzlei-steinwachs.de\/tr\/is-hukuku-kararlari\/bag-kararlari-2008\/toplu-soezlesmelerin-devami\/\" \/>\n<meta property=\"og:site_name\" content=\"Rechtsanwaltskanzlei Anwalt Hamburg Berlin Bremen Hannover L\u00fcbeck\" \/>\n<meta property=\"article:publisher\" content=\"https:\/\/www.facebook.com\/STEINWACHSRechtsanwaltskanzlei\/\" \/>\n<meta property=\"article:modified_time\" content=\"2023-11-27T12:33:47+00:00\" \/>\n<meta name=\"twitter:card\" content=\"summary_large_image\" \/>\n<meta name=\"twitter:site\" content=\"@rasteinwachs\" \/>\n<meta name=\"twitter:label1\" content=\"Tahmini okuma s\u00fcresi\" \/>\n\t<meta name=\"twitter:data1\" content=\"1 dakika\" \/>\n<script type=\"application\/ld+json\" class=\"yoast-schema-graph\">{\"@context\":\"https:\\\/\\\/schema.org\",\"@graph\":[{\"@type\":\"WebPage\",\"@id\":\"https:\\\/\\\/www.kanzlei-steinwachs.de\\\/tr\\\/is-hukuku-kararlari\\\/bag-kararlari-2008\\\/toplu-soezlesmelerin-devami\\\/\",\"url\":\"https:\\\/\\\/www.kanzlei-steinwachs.de\\\/tr\\\/is-hukuku-kararlari\\\/bag-kararlari-2008\\\/toplu-soezlesmelerin-devami\\\/\",\"name\":\"Rechtsanwaltskanzlei in Hamburg Berlin Bremen Hannover L\u00fcbeck\",\"isPartOf\":{\"@id\":\"https:\\\/\\\/www.kanzlei-steinwachs.de\\\/tr\\\/#website\"},\"primaryImageOfPage\":{\"@id\":\"https:\\\/\\\/www.kanzlei-steinwachs.de\\\/tr\\\/is-hukuku-kararlari\\\/bag-kararlari-2008\\\/toplu-soezlesmelerin-devami\\\/#primaryimage\"},\"image\":{\"@id\":\"https:\\\/\\\/www.kanzlei-steinwachs.de\\\/tr\\\/is-hukuku-kararlari\\\/bag-kararlari-2008\\\/toplu-soezlesmelerin-devami\\\/#primaryimage\"},\"thumbnailUrl\":\"https:\\\/\\\/i0.wp.com\\\/www.kanzlei-steinwachs.de\\\/wp-content\\\/uploads\\\/2023\\\/11\\\/Bundesarbeitsgericht_Urteile_2008.webp?fit=200%2C100&quality=20&ssl=1\",\"datePublished\":\"2023-11-20T12:17:52+00:00\",\"dateModified\":\"2023-11-27T12:33:47+00:00\",\"description\":\"Rechtsanwaltskanzlei f\u00fcr Arbeitsrecht, Arzthaftung, Mietrecht, Gewerbemietrecht ,Gastronomierecht, Immobilienrecht, Schadensersatz Yachtrecht\",\"breadcrumb\":{\"@id\":\"https:\\\/\\\/www.kanzlei-steinwachs.de\\\/tr\\\/is-hukuku-kararlari\\\/bag-kararlari-2008\\\/toplu-soezlesmelerin-devami\\\/#breadcrumb\"},\"inLanguage\":\"tr\",\"potentialAction\":[{\"@type\":\"ReadAction\",\"target\":[\"https:\\\/\\\/www.kanzlei-steinwachs.de\\\/tr\\\/is-hukuku-kararlari\\\/bag-kararlari-2008\\\/toplu-soezlesmelerin-devami\\\/\"]}]},{\"@type\":\"ImageObject\",\"inLanguage\":\"tr\",\"@id\":\"https:\\\/\\\/www.kanzlei-steinwachs.de\\\/tr\\\/is-hukuku-kararlari\\\/bag-kararlari-2008\\\/toplu-soezlesmelerin-devami\\\/#primaryimage\",\"url\":\"https:\\\/\\\/i0.wp.com\\\/www.kanzlei-steinwachs.de\\\/wp-content\\\/uploads\\\/2023\\\/11\\\/Bundesarbeitsgericht_Urteile_2008.webp?fit=200%2C100&quality=20&ssl=1\",\"contentUrl\":\"https:\\\/\\\/i0.wp.com\\\/www.kanzlei-steinwachs.de\\\/wp-content\\\/uploads\\\/2023\\\/11\\\/Bundesarbeitsgericht_Urteile_2008.webp?fit=200%2C100&quality=20&ssl=1\",\"width\":200,\"height\":100},{\"@type\":\"BreadcrumbList\",\"@id\":\"https:\\\/\\\/www.kanzlei-steinwachs.de\\\/tr\\\/is-hukuku-kararlari\\\/bag-kararlari-2008\\\/toplu-soezlesmelerin-devami\\\/#breadcrumb\",\"itemListElement\":[{\"@type\":\"ListItem\",\"position\":1,\"name\":\"\u0130\u015f hukuku kararlar\u0131\",\"item\":\"https:\\\/\\\/www.kanzlei-steinwachs.de\\\/tr\\\/is-hukuku-kararlari\\\/\"},{\"@type\":\"ListItem\",\"position\":2,\"name\":\"BAG kararlar\u0131 2008\",\"item\":\"https:\\\/\\\/www.kanzlei-steinwachs.de\\\/tr\\\/is-hukuku-kararlari\\\/bag-kararlari-2008\\\/\"},{\"@type\":\"ListItem\",\"position\":3,\"name\":\"Toplu s\u00f6zle\u015fmelerin devam\u0131\"}]},{\"@type\":\"WebSite\",\"@id\":\"https:\\\/\\\/www.kanzlei-steinwachs.de\\\/tr\\\/#website\",\"url\":\"https:\\\/\\\/www.kanzlei-steinwachs.de\\\/tr\\\/\",\"name\":\"Rechtsanwaltskanzlei Anwalt Hamburg Berlin Bremen Hannover L\u00fcbeck\",\"description\":\"Wir leisten mehr als Recht bietet\",\"publisher\":{\"@id\":\"https:\\\/\\\/www.kanzlei-steinwachs.de\\\/tr\\\/#organization\"},\"potentialAction\":[{\"@type\":\"SearchAction\",\"target\":{\"@type\":\"EntryPoint\",\"urlTemplate\":\"https:\\\/\\\/www.kanzlei-steinwachs.de\\\/tr\\\/?s={search_term_string}\"},\"query-input\":{\"@type\":\"PropertyValueSpecification\",\"valueRequired\":true,\"valueName\":\"search_term_string\"}}],\"inLanguage\":\"tr\"},{\"@type\":[\"Organization\",\"Place\"],\"@id\":\"https:\\\/\\\/www.kanzlei-steinwachs.de\\\/tr\\\/#organization\",\"name\":\"Rechtsanwaltskanzlei Anwalt Hamburg Berlin Bremen Hannover L\u00fcbeck\",\"url\":\"https:\\\/\\\/www.kanzlei-steinwachs.de\\\/\",\"logo\":{\"@type\":\"ImageObject\",\"inLanguage\":\"tr\",\"@id\":\"https:\\\/\\\/www.kanzlei-steinwachs.de\\\/tr\\\/#\\\/schema\\\/logo\\\/image\\\/\",\"url\":\"https:\\\/\\\/i0.wp.com\\\/www.kanzlei-steinwachs.de\\\/wp-content\\\/uploads\\\/2023\\\/12\\\/logo.webp?fit=174%2C76&quality=80&ssl=1\",\"contentUrl\":\"https:\\\/\\\/i0.wp.com\\\/www.kanzlei-steinwachs.de\\\/wp-content\\\/uploads\\\/2023\\\/12\\\/logo.webp?fit=174%2C76&quality=80&ssl=1\",\"width\":174,\"height\":76,\"caption\":\"Rechtsanwaltskanzlei Anwalt Hamburg Berlin Bremen Hannover L\u00fcbeck\"},\"image\":{\"@id\":\"https:\\\/\\\/www.kanzlei-steinwachs.de\\\/tr\\\/#\\\/schema\\\/logo\\\/image\\\/\"},\"sameAs\":[\"https:\\\/\\\/www.facebook.com\\\/STEINWACHSRechtsanwaltskanzlei\\\/\",\"https:\\\/\\\/x.com\\\/rasteinwachs\",\"https:\\\/\\\/www.instagram.com\\\/steinwachs_rechtsanwaelte\\\/\",\"https:\\\/\\\/www.linkedin.com\\\/in\\\/stephan-steinwachs-7a270197\\\/\",\"https:\\\/\\\/www.youtube.com\\\/channel\\\/UCffmodDlQx81remXm395RWA\"],\"telephone\":[]}]}<\/script>\n<!-- \/ Yoast SEO Premium plugin. -->","yoast_head_json":{"title":"Rechtsanwaltskanzlei in Hamburg Berlin Bremen Hannover L\u00fcbeck","description":"Rechtsanwaltskanzlei f\u00fcr Arbeitsrecht, Arzthaftung, Mietrecht, Gewerbemietrecht ,Gastronomierecht, Immobilienrecht, Schadensersatz Yachtrecht","robots":{"index":"index","follow":"follow","max-snippet":"max-snippet:-1","max-image-preview":"max-image-preview:large","max-video-preview":"max-video-preview:-1"},"canonical":"https:\/\/www.kanzlei-steinwachs.de\/tr\/is-hukuku-kararlari\/bag-kararlari-2008\/toplu-soezlesmelerin-devami\/","og_locale":"tr_TR","og_type":"article","og_title":"Rechtsanwaltskanzlei in Hamburg Berlin Bremen Hannover L\u00fcbeck","og_description":"Rechtsanwaltskanzlei f\u00fcr Arbeitsrecht, Arzthaftung, Mietrecht, Gewerbemietrecht ,Gastronomierecht, Immobilienrecht, Schadensersatz Yachtrecht","og_url":"https:\/\/www.kanzlei-steinwachs.de\/tr\/is-hukuku-kararlari\/bag-kararlari-2008\/toplu-soezlesmelerin-devami\/","og_site_name":"Rechtsanwaltskanzlei Anwalt Hamburg Berlin Bremen Hannover L\u00fcbeck","article_publisher":"https:\/\/www.facebook.com\/STEINWACHSRechtsanwaltskanzlei\/","article_modified_time":"2023-11-27T12:33:47+00:00","twitter_card":"summary_large_image","twitter_site":"@rasteinwachs","twitter_misc":{"Tahmini okuma s\u00fcresi":"1 dakika"},"schema":{"@context":"https:\/\/schema.org","@graph":[{"@type":"WebPage","@id":"https:\/\/www.kanzlei-steinwachs.de\/tr\/is-hukuku-kararlari\/bag-kararlari-2008\/toplu-soezlesmelerin-devami\/","url":"https:\/\/www.kanzlei-steinwachs.de\/tr\/is-hukuku-kararlari\/bag-kararlari-2008\/toplu-soezlesmelerin-devami\/","name":"Rechtsanwaltskanzlei in Hamburg Berlin Bremen Hannover L\u00fcbeck","isPartOf":{"@id":"https:\/\/www.kanzlei-steinwachs.de\/tr\/#website"},"primaryImageOfPage":{"@id":"https:\/\/www.kanzlei-steinwachs.de\/tr\/is-hukuku-kararlari\/bag-kararlari-2008\/toplu-soezlesmelerin-devami\/#primaryimage"},"image":{"@id":"https:\/\/www.kanzlei-steinwachs.de\/tr\/is-hukuku-kararlari\/bag-kararlari-2008\/toplu-soezlesmelerin-devami\/#primaryimage"},"thumbnailUrl":"https:\/\/i0.wp.com\/www.kanzlei-steinwachs.de\/wp-content\/uploads\/2023\/11\/Bundesarbeitsgericht_Urteile_2008.webp?fit=200%2C100&quality=20&ssl=1","datePublished":"2023-11-20T12:17:52+00:00","dateModified":"2023-11-27T12:33:47+00:00","description":"Rechtsanwaltskanzlei f\u00fcr Arbeitsrecht, Arzthaftung, Mietrecht, Gewerbemietrecht ,Gastronomierecht, Immobilienrecht, Schadensersatz Yachtrecht","breadcrumb":{"@id":"https:\/\/www.kanzlei-steinwachs.de\/tr\/is-hukuku-kararlari\/bag-kararlari-2008\/toplu-soezlesmelerin-devami\/#breadcrumb"},"inLanguage":"tr","potentialAction":[{"@type":"ReadAction","target":["https:\/\/www.kanzlei-steinwachs.de\/tr\/is-hukuku-kararlari\/bag-kararlari-2008\/toplu-soezlesmelerin-devami\/"]}]},{"@type":"ImageObject","inLanguage":"tr","@id":"https:\/\/www.kanzlei-steinwachs.de\/tr\/is-hukuku-kararlari\/bag-kararlari-2008\/toplu-soezlesmelerin-devami\/#primaryimage","url":"https:\/\/i0.wp.com\/www.kanzlei-steinwachs.de\/wp-content\/uploads\/2023\/11\/Bundesarbeitsgericht_Urteile_2008.webp?fit=200%2C100&quality=20&ssl=1","contentUrl":"https:\/\/i0.wp.com\/www.kanzlei-steinwachs.de\/wp-content\/uploads\/2023\/11\/Bundesarbeitsgericht_Urteile_2008.webp?fit=200%2C100&quality=20&ssl=1","width":200,"height":100},{"@type":"BreadcrumbList","@id":"https:\/\/www.kanzlei-steinwachs.de\/tr\/is-hukuku-kararlari\/bag-kararlari-2008\/toplu-soezlesmelerin-devami\/#breadcrumb","itemListElement":[{"@type":"ListItem","position":1,"name":"\u0130\u015f hukuku kararlar\u0131","item":"https:\/\/www.kanzlei-steinwachs.de\/tr\/is-hukuku-kararlari\/"},{"@type":"ListItem","position":2,"name":"BAG kararlar\u0131 2008","item":"https:\/\/www.kanzlei-steinwachs.de\/tr\/is-hukuku-kararlari\/bag-kararlari-2008\/"},{"@type":"ListItem","position":3,"name":"Toplu s\u00f6zle\u015fmelerin devam\u0131"}]},{"@type":"WebSite","@id":"https:\/\/www.kanzlei-steinwachs.de\/tr\/#website","url":"https:\/\/www.kanzlei-steinwachs.de\/tr\/","name":"Rechtsanwaltskanzlei Anwalt Hamburg Berlin Bremen Hannover L\u00fcbeck","description":"Wir leisten mehr als Recht bietet","publisher":{"@id":"https:\/\/www.kanzlei-steinwachs.de\/tr\/#organization"},"potentialAction":[{"@type":"SearchAction","target":{"@type":"EntryPoint","urlTemplate":"https:\/\/www.kanzlei-steinwachs.de\/tr\/?s={search_term_string}"},"query-input":{"@type":"PropertyValueSpecification","valueRequired":true,"valueName":"search_term_string"}}],"inLanguage":"tr"},{"@type":["Organization","Place"],"@id":"https:\/\/www.kanzlei-steinwachs.de\/tr\/#organization","name":"Rechtsanwaltskanzlei Anwalt Hamburg Berlin Bremen Hannover L\u00fcbeck","url":"https:\/\/www.kanzlei-steinwachs.de\/","logo":{"@type":"ImageObject","inLanguage":"tr","@id":"https:\/\/www.kanzlei-steinwachs.de\/tr\/#\/schema\/logo\/image\/","url":"https:\/\/i0.wp.com\/www.kanzlei-steinwachs.de\/wp-content\/uploads\/2023\/12\/logo.webp?fit=174%2C76&quality=80&ssl=1","contentUrl":"https:\/\/i0.wp.com\/www.kanzlei-steinwachs.de\/wp-content\/uploads\/2023\/12\/logo.webp?fit=174%2C76&quality=80&ssl=1","width":174,"height":76,"caption":"Rechtsanwaltskanzlei Anwalt Hamburg Berlin Bremen Hannover L\u00fcbeck"},"image":{"@id":"https:\/\/www.kanzlei-steinwachs.de\/tr\/#\/schema\/logo\/image\/"},"sameAs":["https:\/\/www.facebook.com\/STEINWACHSRechtsanwaltskanzlei\/","https:\/\/x.com\/rasteinwachs","https:\/\/www.instagram.com\/steinwachs_rechtsanwaelte\/","https:\/\/www.linkedin.com\/in\/stephan-steinwachs-7a270197\/","https:\/\/www.youtube.com\/channel\/UCffmodDlQx81remXm395RWA"],"telephone":[]}]}},"jetpack_sharing_enabled":true,"_links":{"self":[{"href":"https:\/\/www.kanzlei-steinwachs.de\/tr\/wp-json\/wp\/v2\/pages\/13069","targetHints":{"allow":["GET"]}}],"collection":[{"href":"https:\/\/www.kanzlei-steinwachs.de\/tr\/wp-json\/wp\/v2\/pages"}],"about":[{"href":"https:\/\/www.kanzlei-steinwachs.de\/tr\/wp-json\/wp\/v2\/types\/page"}],"author":[{"embeddable":true,"href":"https:\/\/www.kanzlei-steinwachs.de\/tr\/wp-json\/wp\/v2\/users\/1"}],"replies":[{"embeddable":true,"href":"https:\/\/www.kanzlei-steinwachs.de\/tr\/wp-json\/wp\/v2\/comments?post=13069"}],"version-history":[{"count":0,"href":"https:\/\/www.kanzlei-steinwachs.de\/tr\/wp-json\/wp\/v2\/pages\/13069\/revisions"}],"up":[{"embeddable":true,"href":"https:\/\/www.kanzlei-steinwachs.de\/tr\/wp-json\/wp\/v2\/pages\/13293"}],"wp:featuredmedia":[{"embeddable":true,"href":"https:\/\/www.kanzlei-steinwachs.de\/tr\/wp-json\/wp\/v2\/media\/10712"}],"wp:attachment":[{"href":"https:\/\/www.kanzlei-steinwachs.de\/tr\/wp-json\/wp\/v2\/media?parent=13069"}],"curies":[{"name":"wp","href":"https:\/\/api.w.org\/{rel}","templated":true}]}}