{"id":12988,"date":"2023-11-20T12:34:59","date_gmt":"2023-11-20T11:34:59","guid":{"rendered":"https:\/\/www.kanzlei-steinwachs.de\/calisma-saatleri\/"},"modified":"2023-11-27T07:00:57","modified_gmt":"2023-11-27T06:00:57","slug":"calisma-saatleri","status":"publish","type":"page","link":"https:\/\/www.kanzlei-steinwachs.de\/tr\/is-hukuku-kararlari\/bag-kararlari-2008\/calisma-saatleri\/","title":{"rendered":"\u00e7al\u0131\u015fma saatleri"},"content":{"rendered":"<div class=\"wpb-content-wrapper\"><p>[vc_row triangle_shape=&#8221;no&#8221; css=&#8221;.vc_custom_1700480169194{padding-bottom: 50px !important;}&#8221;][vc_column][vc_column_text]<strong>\u0130n\u015faat malzemeleri ticareti yapan bir i\u015fveren, i\u015fin mevsimselli\u011fi g\u00f6z \u00f6n\u00fcne al\u0131nd\u0131\u011f\u0131nda, \u00e7al\u0131\u015fma saatlerinin i\u015fverenin &#8220;\u00f6nemli gereklilikleri ve bir \u015fof\u00f6r\u00fcn i\u015finin tipik kriterlerine&#8221; dayanmas\u0131 gerekti\u011fi konusunda \u00e7al\u0131\u015fanlar\u0131yla ayn\u0131 fikirdeyse, \u00e7al\u0131\u015fma y\u00fck\u00fcml\u00fcl\u00fc\u011f\u00fc ask\u0131ya al\u0131nmaz belirli bir s\u00fcre i\u00e7in.<\/strong><\/p>\n<p>Bu, 9 Temmuz 2008&#8217;de Be\u015finci Senato taraf\u0131ndan kararla\u015ft\u0131r\u0131ld\u0131 (5 AZR 810\/07). \u0130\u015fveren \u00e7a\u011fr\u0131 \u00fczerine \u00e7al\u0131\u015fma s\u00f6zle\u015fmesine dayanamaz. \u00c7a\u011fr\u0131 \u00fczerine \u00e7al\u0131\u015fma konusunda etkili bir \u015fekilde anla\u015fmaya var\u0131lm\u0131\u015fsa ve i\u015f, i\u015f s\u00f6zle\u015fmesine ve daha \u00fcst d\u00fczeydeki yasal d\u00fczenlemelere uygun olarak iptal edilmi\u015fse, \u00e7al\u0131\u015fan yaln\u0131zca i\u015fverenin ilgili \u00e7a\u011fr\u0131y\u0131 yapt\u0131\u011f\u0131 \u00f6l\u00e7\u00fcde i\u015f yapma hakk\u0131na sahip ve y\u00fck\u00fcml\u00fcd\u00fcr. Ancak genel \u015fartlarda, i\u015fverenin i\u015f\u00e7iyi \u00fc\u00e7 aydan fazla i\u015fe \u00e7a\u011f\u0131rma veya \u00e7a\u011f\u0131rmama hakk\u0131n\u0131 sakl\u0131 tutmas\u0131 halinde, 307. Maddenin 1. F\u0131kras\u0131n\u0131n 1. C\u00fcmlesine g\u00f6re ge\u00e7ersiz oldu\u011fu h\u00fckm\u00fc bulunmaktad\u0131r. BGB. S\u00f6zle\u015fme, iyi niyet kural\u0131na ayk\u0131r\u0131 olarak i\u015f\u00e7iyi makul olmayan bir \u015fekilde dezavantajl\u0131 duruma d\u00fc\u015f\u00fcrmektedir; \u00e7\u00fcnk\u00fc i\u015f y\u00fck\u00fcml\u00fcl\u00fc\u011f\u00fc, sebep ve tutara g\u00f6re tek tarafl\u0131 olarak i\u015fverene devredilmektedir ve ne asgari i\u015f y\u00fck\u00fc ne de azami i\u015f y\u00fck\u00fc ya da uygun bir sabit ve de\u011fi\u015fken oran\u0131 bulunmamaktad\u0131r. \u00e7al\u0131\u015fma \u015fartlar\u0131. Tamamen a\u00e7\u0131k bir \u00e7al\u0131\u015fma y\u00fck\u00fcml\u00fcl\u00fc\u011f\u00fc kapsam\u0131 kabul edilemez; Bu sadece B\u00f6l\u00fcm 12 Paragraf 1 C\u00fcmle 1 ve C\u00fcmle 2 TzBfG i\u00e7in ge\u00e7erli de\u011fildir. \u0130\u015fverenin i\u015finin hava durumuna ba\u011f\u0131ml\u0131l\u0131\u011f\u0131 bunu de\u011fi\u015ftiremez.[\/vc_column_text][\/vc_column][\/vc_row]<\/p>\n<\/div>","protected":false},"excerpt":{"rendered":"<p>[vc_row triangle_shape=&#8221;no&#8221; css=&#8221;.vc_custom_1700480169194{padding-bottom: 50px !important;}&#8221;][vc_column][vc_column_text]\u0130n\u015faat malzemeleri ticareti yapan bir i\u015fveren, i\u015fin mevsimselli\u011fi g\u00f6z \u00f6n\u00fcne al\u0131nd\u0131\u011f\u0131nda, \u00e7al\u0131\u015fma saatlerinin i\u015fverenin &#8220;\u00f6nemli gereklilikleri ve bir \u015fof\u00f6r\u00fcn i\u015finin tipik kriterlerine&#8221; dayanmas\u0131 gerekti\u011fi konusunda \u00e7al\u0131\u015fanlar\u0131yla ayn\u0131 fikirdeyse, \u00e7al\u0131\u015fma y\u00fck\u00fcml\u00fcl\u00fc\u011f\u00fc ask\u0131ya al\u0131nmaz belirli bir s\u00fcre i\u00e7in. Bu, 9 Temmuz 2008&#8217;de Be\u015finci Senato taraf\u0131ndan kararla\u015ft\u0131r\u0131ld\u0131 (5 AZR 810\/07). \u0130\u015fveren \u00e7a\u011fr\u0131 \u00fczerine \u00e7al\u0131\u015fma s\u00f6zle\u015fmesine dayanamaz. \u00c7a\u011fr\u0131 \u00fczerine \u00e7al\u0131\u015fma konusunda etkili bir \u015fekilde anla\u015fmaya var\u0131lm\u0131\u015fsa ve i\u015f, i\u015f s\u00f6zle\u015fmesine ve daha \u00fcst d\u00fczeydeki yasal d\u00fczenlemelere uygun olarak iptal edilmi\u015fse, \u00e7al\u0131\u015fan yaln\u0131zca i\u015fverenin ilgili \u00e7a\u011fr\u0131y\u0131 yapt\u0131\u011f\u0131 \u00f6l\u00e7\u00fcde i\u015f yapma hakk\u0131na sahip ve y\u00fck\u00fcml\u00fcd\u00fcr. Ancak genel \u015fartlarda, i\u015fverenin i\u015f\u00e7iyi \u00fc\u00e7 aydan&#8230;<\/p>\n","protected":false},"author":1,"featured_media":10712,"parent":13293,"menu_order":0,"comment_status":"closed","ping_status":"closed","template":"","meta":{"footnotes":""},"class_list":["post-12988","page","type-page","status-publish","has-post-thumbnail","hentry"],"yoast_head":"<!-- This site is optimized with the Yoast SEO Premium plugin v27.2 (Yoast SEO v27.5) - https:\/\/yoast.com\/product\/yoast-seo-premium-wordpress\/ -->\n<title>Rechtsanwaltskanzlei in Hamburg Berlin Bremen Hannover L\u00fcbeck<\/title>\n<meta name=\"description\" content=\"Rechtsanwaltskanzlei f\u00fcr Arbeitsrecht, Arzthaftung, Mietrecht, Gewerbemietrecht ,Gastronomierecht, Immobilienrecht, Schadensersatz Yachtrecht\" \/>\n<meta name=\"robots\" content=\"index, follow, max-snippet:-1, max-image-preview:large, max-video-preview:-1\" \/>\n<link rel=\"canonical\" href=\"https:\/\/www.kanzlei-steinwachs.de\/tr\/is-hukuku-kararlari\/bag-kararlari-2008\/calisma-saatleri\/\" \/>\n<meta property=\"og:locale\" content=\"tr_TR\" \/>\n<meta property=\"og:type\" content=\"article\" \/>\n<meta property=\"og:title\" content=\"Rechtsanwaltskanzlei in Hamburg Berlin Bremen Hannover L\u00fcbeck\" \/>\n<meta property=\"og:description\" content=\"Rechtsanwaltskanzlei f\u00fcr Arbeitsrecht, Arzthaftung, Mietrecht, Gewerbemietrecht ,Gastronomierecht, Immobilienrecht, Schadensersatz Yachtrecht\" \/>\n<meta property=\"og:url\" content=\"https:\/\/www.kanzlei-steinwachs.de\/tr\/is-hukuku-kararlari\/bag-kararlari-2008\/calisma-saatleri\/\" \/>\n<meta property=\"og:site_name\" content=\"Rechtsanwaltskanzlei Anwalt Hamburg Berlin Bremen Hannover L\u00fcbeck\" \/>\n<meta property=\"article:publisher\" content=\"https:\/\/www.facebook.com\/STEINWACHSRechtsanwaltskanzlei\/\" \/>\n<meta property=\"article:modified_time\" content=\"2023-11-27T06:00:57+00:00\" \/>\n<meta name=\"twitter:card\" content=\"summary_large_image\" \/>\n<meta name=\"twitter:site\" content=\"@rasteinwachs\" \/>\n<meta name=\"twitter:label1\" content=\"Tahmini okuma s\u00fcresi\" \/>\n\t<meta name=\"twitter:data1\" content=\"2 dakika\" \/>\n<script type=\"application\/ld+json\" class=\"yoast-schema-graph\">{\"@context\":\"https:\\\/\\\/schema.org\",\"@graph\":[{\"@type\":\"WebPage\",\"@id\":\"https:\\\/\\\/www.kanzlei-steinwachs.de\\\/tr\\\/is-hukuku-kararlari\\\/bag-kararlari-2008\\\/calisma-saatleri\\\/\",\"url\":\"https:\\\/\\\/www.kanzlei-steinwachs.de\\\/tr\\\/is-hukuku-kararlari\\\/bag-kararlari-2008\\\/calisma-saatleri\\\/\",\"name\":\"Rechtsanwaltskanzlei in Hamburg Berlin Bremen Hannover L\u00fcbeck\",\"isPartOf\":{\"@id\":\"https:\\\/\\\/www.kanzlei-steinwachs.de\\\/tr\\\/#website\"},\"primaryImageOfPage\":{\"@id\":\"https:\\\/\\\/www.kanzlei-steinwachs.de\\\/tr\\\/is-hukuku-kararlari\\\/bag-kararlari-2008\\\/calisma-saatleri\\\/#primaryimage\"},\"image\":{\"@id\":\"https:\\\/\\\/www.kanzlei-steinwachs.de\\\/tr\\\/is-hukuku-kararlari\\\/bag-kararlari-2008\\\/calisma-saatleri\\\/#primaryimage\"},\"thumbnailUrl\":\"https:\\\/\\\/i0.wp.com\\\/www.kanzlei-steinwachs.de\\\/wp-content\\\/uploads\\\/2023\\\/11\\\/Bundesarbeitsgericht_Urteile_2008.webp?fit=200%2C100&quality=20&ssl=1\",\"datePublished\":\"2023-11-20T11:34:59+00:00\",\"dateModified\":\"2023-11-27T06:00:57+00:00\",\"description\":\"Rechtsanwaltskanzlei f\u00fcr Arbeitsrecht, Arzthaftung, Mietrecht, Gewerbemietrecht ,Gastronomierecht, Immobilienrecht, Schadensersatz Yachtrecht\",\"breadcrumb\":{\"@id\":\"https:\\\/\\\/www.kanzlei-steinwachs.de\\\/tr\\\/is-hukuku-kararlari\\\/bag-kararlari-2008\\\/calisma-saatleri\\\/#breadcrumb\"},\"inLanguage\":\"tr\",\"potentialAction\":[{\"@type\":\"ReadAction\",\"target\":[\"https:\\\/\\\/www.kanzlei-steinwachs.de\\\/tr\\\/is-hukuku-kararlari\\\/bag-kararlari-2008\\\/calisma-saatleri\\\/\"]}]},{\"@type\":\"ImageObject\",\"inLanguage\":\"tr\",\"@id\":\"https:\\\/\\\/www.kanzlei-steinwachs.de\\\/tr\\\/is-hukuku-kararlari\\\/bag-kararlari-2008\\\/calisma-saatleri\\\/#primaryimage\",\"url\":\"https:\\\/\\\/i0.wp.com\\\/www.kanzlei-steinwachs.de\\\/wp-content\\\/uploads\\\/2023\\\/11\\\/Bundesarbeitsgericht_Urteile_2008.webp?fit=200%2C100&quality=20&ssl=1\",\"contentUrl\":\"https:\\\/\\\/i0.wp.com\\\/www.kanzlei-steinwachs.de\\\/wp-content\\\/uploads\\\/2023\\\/11\\\/Bundesarbeitsgericht_Urteile_2008.webp?fit=200%2C100&quality=20&ssl=1\",\"width\":200,\"height\":100},{\"@type\":\"BreadcrumbList\",\"@id\":\"https:\\\/\\\/www.kanzlei-steinwachs.de\\\/tr\\\/is-hukuku-kararlari\\\/bag-kararlari-2008\\\/calisma-saatleri\\\/#breadcrumb\",\"itemListElement\":[{\"@type\":\"ListItem\",\"position\":1,\"name\":\"\u0130\u015f hukuku kararlar\u0131\",\"item\":\"https:\\\/\\\/www.kanzlei-steinwachs.de\\\/tr\\\/is-hukuku-kararlari\\\/\"},{\"@type\":\"ListItem\",\"position\":2,\"name\":\"BAG kararlar\u0131 2008\",\"item\":\"https:\\\/\\\/www.kanzlei-steinwachs.de\\\/tr\\\/is-hukuku-kararlari\\\/bag-kararlari-2008\\\/\"},{\"@type\":\"ListItem\",\"position\":3,\"name\":\"\u00e7al\u0131\u015fma saatleri\"}]},{\"@type\":\"WebSite\",\"@id\":\"https:\\\/\\\/www.kanzlei-steinwachs.de\\\/tr\\\/#website\",\"url\":\"https:\\\/\\\/www.kanzlei-steinwachs.de\\\/tr\\\/\",\"name\":\"Rechtsanwaltskanzlei Anwalt Hamburg Berlin Bremen Hannover L\u00fcbeck\",\"description\":\"Wir leisten mehr als Recht bietet\",\"publisher\":{\"@id\":\"https:\\\/\\\/www.kanzlei-steinwachs.de\\\/tr\\\/#organization\"},\"potentialAction\":[{\"@type\":\"SearchAction\",\"target\":{\"@type\":\"EntryPoint\",\"urlTemplate\":\"https:\\\/\\\/www.kanzlei-steinwachs.de\\\/tr\\\/?s={search_term_string}\"},\"query-input\":{\"@type\":\"PropertyValueSpecification\",\"valueRequired\":true,\"valueName\":\"search_term_string\"}}],\"inLanguage\":\"tr\"},{\"@type\":[\"Organization\",\"Place\"],\"@id\":\"https:\\\/\\\/www.kanzlei-steinwachs.de\\\/tr\\\/#organization\",\"name\":\"Rechtsanwaltskanzlei Anwalt Hamburg Berlin Bremen Hannover L\u00fcbeck\",\"url\":\"https:\\\/\\\/www.kanzlei-steinwachs.de\\\/\",\"logo\":{\"@type\":\"ImageObject\",\"inLanguage\":\"tr\",\"@id\":\"https:\\\/\\\/www.kanzlei-steinwachs.de\\\/tr\\\/#\\\/schema\\\/logo\\\/image\\\/\",\"url\":\"https:\\\/\\\/i0.wp.com\\\/www.kanzlei-steinwachs.de\\\/wp-content\\\/uploads\\\/2023\\\/12\\\/logo.webp?fit=174%2C76&quality=80&ssl=1\",\"contentUrl\":\"https:\\\/\\\/i0.wp.com\\\/www.kanzlei-steinwachs.de\\\/wp-content\\\/uploads\\\/2023\\\/12\\\/logo.webp?fit=174%2C76&quality=80&ssl=1\",\"width\":174,\"height\":76,\"caption\":\"Rechtsanwaltskanzlei Anwalt Hamburg Berlin Bremen Hannover L\u00fcbeck\"},\"image\":{\"@id\":\"https:\\\/\\\/www.kanzlei-steinwachs.de\\\/tr\\\/#\\\/schema\\\/logo\\\/image\\\/\"},\"sameAs\":[\"https:\\\/\\\/www.facebook.com\\\/STEINWACHSRechtsanwaltskanzlei\\\/\",\"https:\\\/\\\/x.com\\\/rasteinwachs\",\"https:\\\/\\\/www.instagram.com\\\/steinwachs_rechtsanwaelte\\\/\",\"https:\\\/\\\/www.linkedin.com\\\/in\\\/stephan-steinwachs-7a270197\\\/\",\"https:\\\/\\\/www.youtube.com\\\/channel\\\/UCffmodDlQx81remXm395RWA\"],\"telephone\":[]}]}<\/script>\n<!-- \/ Yoast SEO Premium plugin. -->","yoast_head_json":{"title":"Rechtsanwaltskanzlei in Hamburg Berlin Bremen Hannover L\u00fcbeck","description":"Rechtsanwaltskanzlei f\u00fcr Arbeitsrecht, Arzthaftung, Mietrecht, Gewerbemietrecht ,Gastronomierecht, Immobilienrecht, Schadensersatz Yachtrecht","robots":{"index":"index","follow":"follow","max-snippet":"max-snippet:-1","max-image-preview":"max-image-preview:large","max-video-preview":"max-video-preview:-1"},"canonical":"https:\/\/www.kanzlei-steinwachs.de\/tr\/is-hukuku-kararlari\/bag-kararlari-2008\/calisma-saatleri\/","og_locale":"tr_TR","og_type":"article","og_title":"Rechtsanwaltskanzlei in Hamburg Berlin Bremen Hannover L\u00fcbeck","og_description":"Rechtsanwaltskanzlei f\u00fcr Arbeitsrecht, Arzthaftung, Mietrecht, Gewerbemietrecht ,Gastronomierecht, Immobilienrecht, Schadensersatz Yachtrecht","og_url":"https:\/\/www.kanzlei-steinwachs.de\/tr\/is-hukuku-kararlari\/bag-kararlari-2008\/calisma-saatleri\/","og_site_name":"Rechtsanwaltskanzlei Anwalt Hamburg Berlin Bremen Hannover L\u00fcbeck","article_publisher":"https:\/\/www.facebook.com\/STEINWACHSRechtsanwaltskanzlei\/","article_modified_time":"2023-11-27T06:00:57+00:00","twitter_card":"summary_large_image","twitter_site":"@rasteinwachs","twitter_misc":{"Tahmini okuma s\u00fcresi":"2 dakika"},"schema":{"@context":"https:\/\/schema.org","@graph":[{"@type":"WebPage","@id":"https:\/\/www.kanzlei-steinwachs.de\/tr\/is-hukuku-kararlari\/bag-kararlari-2008\/calisma-saatleri\/","url":"https:\/\/www.kanzlei-steinwachs.de\/tr\/is-hukuku-kararlari\/bag-kararlari-2008\/calisma-saatleri\/","name":"Rechtsanwaltskanzlei in Hamburg Berlin Bremen Hannover L\u00fcbeck","isPartOf":{"@id":"https:\/\/www.kanzlei-steinwachs.de\/tr\/#website"},"primaryImageOfPage":{"@id":"https:\/\/www.kanzlei-steinwachs.de\/tr\/is-hukuku-kararlari\/bag-kararlari-2008\/calisma-saatleri\/#primaryimage"},"image":{"@id":"https:\/\/www.kanzlei-steinwachs.de\/tr\/is-hukuku-kararlari\/bag-kararlari-2008\/calisma-saatleri\/#primaryimage"},"thumbnailUrl":"https:\/\/i0.wp.com\/www.kanzlei-steinwachs.de\/wp-content\/uploads\/2023\/11\/Bundesarbeitsgericht_Urteile_2008.webp?fit=200%2C100&quality=20&ssl=1","datePublished":"2023-11-20T11:34:59+00:00","dateModified":"2023-11-27T06:00:57+00:00","description":"Rechtsanwaltskanzlei f\u00fcr Arbeitsrecht, Arzthaftung, Mietrecht, Gewerbemietrecht ,Gastronomierecht, Immobilienrecht, Schadensersatz Yachtrecht","breadcrumb":{"@id":"https:\/\/www.kanzlei-steinwachs.de\/tr\/is-hukuku-kararlari\/bag-kararlari-2008\/calisma-saatleri\/#breadcrumb"},"inLanguage":"tr","potentialAction":[{"@type":"ReadAction","target":["https:\/\/www.kanzlei-steinwachs.de\/tr\/is-hukuku-kararlari\/bag-kararlari-2008\/calisma-saatleri\/"]}]},{"@type":"ImageObject","inLanguage":"tr","@id":"https:\/\/www.kanzlei-steinwachs.de\/tr\/is-hukuku-kararlari\/bag-kararlari-2008\/calisma-saatleri\/#primaryimage","url":"https:\/\/i0.wp.com\/www.kanzlei-steinwachs.de\/wp-content\/uploads\/2023\/11\/Bundesarbeitsgericht_Urteile_2008.webp?fit=200%2C100&quality=20&ssl=1","contentUrl":"https:\/\/i0.wp.com\/www.kanzlei-steinwachs.de\/wp-content\/uploads\/2023\/11\/Bundesarbeitsgericht_Urteile_2008.webp?fit=200%2C100&quality=20&ssl=1","width":200,"height":100},{"@type":"BreadcrumbList","@id":"https:\/\/www.kanzlei-steinwachs.de\/tr\/is-hukuku-kararlari\/bag-kararlari-2008\/calisma-saatleri\/#breadcrumb","itemListElement":[{"@type":"ListItem","position":1,"name":"\u0130\u015f hukuku kararlar\u0131","item":"https:\/\/www.kanzlei-steinwachs.de\/tr\/is-hukuku-kararlari\/"},{"@type":"ListItem","position":2,"name":"BAG kararlar\u0131 2008","item":"https:\/\/www.kanzlei-steinwachs.de\/tr\/is-hukuku-kararlari\/bag-kararlari-2008\/"},{"@type":"ListItem","position":3,"name":"\u00e7al\u0131\u015fma saatleri"}]},{"@type":"WebSite","@id":"https:\/\/www.kanzlei-steinwachs.de\/tr\/#website","url":"https:\/\/www.kanzlei-steinwachs.de\/tr\/","name":"Rechtsanwaltskanzlei Anwalt Hamburg Berlin Bremen Hannover L\u00fcbeck","description":"Wir leisten mehr als Recht bietet","publisher":{"@id":"https:\/\/www.kanzlei-steinwachs.de\/tr\/#organization"},"potentialAction":[{"@type":"SearchAction","target":{"@type":"EntryPoint","urlTemplate":"https:\/\/www.kanzlei-steinwachs.de\/tr\/?s={search_term_string}"},"query-input":{"@type":"PropertyValueSpecification","valueRequired":true,"valueName":"search_term_string"}}],"inLanguage":"tr"},{"@type":["Organization","Place"],"@id":"https:\/\/www.kanzlei-steinwachs.de\/tr\/#organization","name":"Rechtsanwaltskanzlei Anwalt Hamburg Berlin Bremen Hannover L\u00fcbeck","url":"https:\/\/www.kanzlei-steinwachs.de\/","logo":{"@type":"ImageObject","inLanguage":"tr","@id":"https:\/\/www.kanzlei-steinwachs.de\/tr\/#\/schema\/logo\/image\/","url":"https:\/\/i0.wp.com\/www.kanzlei-steinwachs.de\/wp-content\/uploads\/2023\/12\/logo.webp?fit=174%2C76&quality=80&ssl=1","contentUrl":"https:\/\/i0.wp.com\/www.kanzlei-steinwachs.de\/wp-content\/uploads\/2023\/12\/logo.webp?fit=174%2C76&quality=80&ssl=1","width":174,"height":76,"caption":"Rechtsanwaltskanzlei Anwalt Hamburg Berlin Bremen Hannover L\u00fcbeck"},"image":{"@id":"https:\/\/www.kanzlei-steinwachs.de\/tr\/#\/schema\/logo\/image\/"},"sameAs":["https:\/\/www.facebook.com\/STEINWACHSRechtsanwaltskanzlei\/","https:\/\/x.com\/rasteinwachs","https:\/\/www.instagram.com\/steinwachs_rechtsanwaelte\/","https:\/\/www.linkedin.com\/in\/stephan-steinwachs-7a270197\/","https:\/\/www.youtube.com\/channel\/UCffmodDlQx81remXm395RWA"],"telephone":[]}]}},"jetpack_sharing_enabled":true,"_links":{"self":[{"href":"https:\/\/www.kanzlei-steinwachs.de\/tr\/wp-json\/wp\/v2\/pages\/12988","targetHints":{"allow":["GET"]}}],"collection":[{"href":"https:\/\/www.kanzlei-steinwachs.de\/tr\/wp-json\/wp\/v2\/pages"}],"about":[{"href":"https:\/\/www.kanzlei-steinwachs.de\/tr\/wp-json\/wp\/v2\/types\/page"}],"author":[{"embeddable":true,"href":"https:\/\/www.kanzlei-steinwachs.de\/tr\/wp-json\/wp\/v2\/users\/1"}],"replies":[{"embeddable":true,"href":"https:\/\/www.kanzlei-steinwachs.de\/tr\/wp-json\/wp\/v2\/comments?post=12988"}],"version-history":[{"count":0,"href":"https:\/\/www.kanzlei-steinwachs.de\/tr\/wp-json\/wp\/v2\/pages\/12988\/revisions"}],"up":[{"embeddable":true,"href":"https:\/\/www.kanzlei-steinwachs.de\/tr\/wp-json\/wp\/v2\/pages\/13293"}],"wp:featuredmedia":[{"embeddable":true,"href":"https:\/\/www.kanzlei-steinwachs.de\/tr\/wp-json\/wp\/v2\/media\/10712"}],"wp:attachment":[{"href":"https:\/\/www.kanzlei-steinwachs.de\/tr\/wp-json\/wp\/v2\/media?parent=12988"}],"curies":[{"name":"wp","href":"https:\/\/api.w.org\/{rel}","templated":true}]}}