{"id":12653,"date":"2023-11-20T09:08:19","date_gmt":"2023-11-20T08:08:19","guid":{"rendered":"https:\/\/www.kanzlei-steinwachs.de\/is-hukuku-kararlari\/canta-kararlari-2007\/siddetli-sakatlik\/"},"modified":"2023-11-24T06:54:18","modified_gmt":"2023-11-24T05:54:18","slug":"siddetli-sakatlik","status":"publish","type":"page","link":"https:\/\/www.kanzlei-steinwachs.de\/tr\/is-hukuku-kararlari\/canta-kararlari-2007\/siddetli-sakatlik\/","title":{"rendered":"\u015eiddetli sakatl\u0131k"},"content":{"rendered":"<div class=\"wpb-content-wrapper\"><p>[vc_row triangle_shape=&#8221;no&#8221;][vc_column][vc_column_text css=&#8221;.vc_custom_1700467821786{padding-top: 10px !important;padding-bottom: 30px !important;}&#8221;]<\/p>\n<h4 style=\"text-align: center;\">\u015eiddetli sakatl\u0131k<\/h4>\n<p>[\/vc_column_text][vc_column_text css=&#8221;.vc_custom_1700467908529{padding-top: 10px !important;padding-bottom: 10px !important;}&#8221;]SGB \u200b\u200bIX&#8217;un 1 Temmuz 2001 tarihinde y\u00fcr\u00fcrl\u00fc\u011fe giren 81. Madde 2. F\u0131kra 1. C\u00fcmlesinin metnine g\u00f6re, yaln\u0131zca a\u011f\u0131r engelli ki\u015filer veya e\u015fit stat\u00fcye sahip ki\u015filer, i\u015f ili\u015fkisi kurarken engelliliklerinden dolay\u0131 ayr\u0131mc\u0131l\u0131\u011fa kar\u015f\u0131 korunmaktad\u0131r. 18 A\u011fustos 2006&#8217;da y\u00fcr\u00fcrl\u00fc\u011fe giren 14 A\u011fustos 2006 tarihli e\u015fit muamele ilkesinin (AGG) uygulanmas\u0131na ili\u015fkin Avrupa direktiflerini uygulayan yasan\u0131n 7. paragraf\u0131n\u0131n 1. paragraf\u0131yla ba\u011flant\u0131l\u0131 olarak yaln\u0131zca 1. maddenin 1. paragraf\u0131 yoluyla, Engellilik nedeniyle ayr\u0131mc\u0131l\u0131k yasa\u011f\u0131 olu\u015fturuldu.<\/p>\n<p>[\/vc_column_text][vc_column_text css=&#8221;.vc_custom_1700467894050{padding-top: 10px !important;padding-bottom: 10px !important;}&#8221;]Yasan\u0131n 3. maddesine g\u00f6re SGB IX 81. Madde 2. F\u0131kra 1. C\u00fcmlesindeki yasa\u011f\u0131n ge\u00e7erlili\u011finin devam etmesine kar\u015f\u0131n, bu durum yaln\u0131zca a\u011f\u0131r engelliler ve e\u015fit stat\u00fcdeki ki\u015filer i\u00e7in de\u011fil, ayn\u0131 zamanda di\u011fer t\u00fcm engelli \u00e7al\u0131\u015fanlar i\u00e7in de ge\u00e7erlidir. Dokuzuncu Senato, 3, 43 Nisan 2007 (- 9 AZR 823\/06 -) tarihli karar\u0131nda, SGB IX&#8217;un 81. Maddesinin 2. Paragraf\u0131n\u0131n 1. C\u00fcmlesinin topluluk hukuku yorumuna uygun olarak bir kamu i\u015fvereninin; AGG y\u00fcr\u00fcrl\u00fc\u011fe girmeden \u00f6nce bunu yapmas\u0131 zaten yasaklanm\u0131\u015ft\u0131. Kamu hizmetinde bir pozisyon i\u00e7in ba\u015fvuran ki\u015fi, engellili\u011fi nedeniyle ayr\u0131mc\u0131l\u0131\u011fa maruz kal\u0131yor (Y\u015e 40). Alman yasama organ\u0131 bu h\u00fckm\u00fc kabul ederek, istihdamda ve meslekte e\u015fit muamelenin sa\u011flanmas\u0131 i\u00e7in genel bir \u00e7er\u00e7eve olu\u015fturan 27 Kas\u0131m 2000 tarih ve 2000\/78\/EC say\u0131l\u0131 Konsey Direktifine yeterince uymam\u0131\u015ft\u0131.<\/p>\n<p>[\/vc_column_text][vc_column_text css=&#8221;.vc_custom_1700467923218{padding-top: 10px !important;padding-bottom: 10px !important;}&#8221;]Direktif, istihdam ve meslekte engellili\u011fe dayal\u0131 ayr\u0131mc\u0131l\u0131kla m\u00fccadeleye y\u00f6nelik genel bir \u00e7er\u00e7evenin 2 Aral\u0131k 2003 tarihine kadar uygulamaya konmas\u0131n\u0131 gerektiriyordu. Avrupa Adalet Divan\u0131 i\u00e7tihad\u0131na g\u00f6re \u201cengellilik\u201d terimi \u015fu anlamdad\u0131r: Y\u00f6nergeye g\u00f6re, fiziksel, zihinsel veya psikolojik rahats\u0131zl\u0131klara atfedilebilecek ve \u00e7al\u0131\u015fma hayat\u0131na kat\u0131l\u0131m\u0131n \u00f6n\u00fcnde uzun s\u00fcreli engel te\u015fkil eden her t\u00fcrl\u00fc k\u0131s\u0131tlama. AGG&#8217;nin 1. Maddesi ve 7. Maddesinin 1. F\u0131kras\u0131n\u0131n y\u00fcr\u00fcrl\u00fc\u011fe girmesiyle Federal Almanya Cumhuriyeti bu direktifi uygulama y\u00fck\u00fcml\u00fcl\u00fc\u011f\u00fcn\u00fc yerine getirmi\u015f oldu. Bununla birlikte, kanunun Topluluk hukukuna uygun olarak uygulanmas\u0131 y\u00fck\u00fcml\u00fcl\u00fc\u011f\u00fc, SGB IX Madde 81 Paragraf 2 C\u00fcmle 1 C\u00fcmlesinde yer alan ayr\u0131mc\u0131l\u0131k yasa\u011f\u0131n\u0131n, uygulama s\u00fcresi dolduktan sonra, AGG y\u00fcr\u00fcrl\u00fc\u011fe giriyor. Bu nedenle ayr\u0131ca B\u00f6l\u00fcm 81 Paragraf 2 C\u00fcmle 2 No. 2 SGB IX eski versiyonu uyar\u0131nca tazminat talebinde bulunabilirler.<\/p>\n<p>[\/vc_column_text][\/vc_column][\/vc_row]<\/p>\n<\/div>","protected":false},"excerpt":{"rendered":"<p>[vc_row triangle_shape=&#8221;no&#8221;][vc_column][vc_column_text css=&#8221;.vc_custom_1700467821786{padding-top: 10px !important;padding-bottom: 30px !important;}&#8221;] \u015eiddetli sakatl\u0131k [\/vc_column_text][vc_column_text css=&#8221;.vc_custom_1700467908529{padding-top: 10px !important;padding-bottom: 10px !important;}&#8221;]SGB \u200b\u200bIX&#8217;un 1 Temmuz 2001 tarihinde y\u00fcr\u00fcrl\u00fc\u011fe giren 81. Madde 2. F\u0131kra 1. C\u00fcmlesinin metnine g\u00f6re, yaln\u0131zca a\u011f\u0131r engelli ki\u015filer veya e\u015fit stat\u00fcye sahip ki\u015filer, i\u015f ili\u015fkisi kurarken engelliliklerinden dolay\u0131 ayr\u0131mc\u0131l\u0131\u011fa kar\u015f\u0131 korunmaktad\u0131r. 18 A\u011fustos 2006&#8217;da y\u00fcr\u00fcrl\u00fc\u011fe giren 14 A\u011fustos 2006 tarihli e\u015fit muamele ilkesinin (AGG) uygulanmas\u0131na ili\u015fkin Avrupa direktiflerini uygulayan yasan\u0131n 7. paragraf\u0131n\u0131n 1. paragraf\u0131yla ba\u011flant\u0131l\u0131 olarak yaln\u0131zca 1. maddenin 1. paragraf\u0131 yoluyla, Engellilik nedeniyle ayr\u0131mc\u0131l\u0131k yasa\u011f\u0131 olu\u015fturuldu. [\/vc_column_text][vc_column_text css=&#8221;.vc_custom_1700467894050{padding-top: 10px !important;padding-bottom: 10px !important;}&#8221;]Yasan\u0131n 3. maddesine g\u00f6re SGB IX 81. Madde 2. F\u0131kra 1. C\u00fcmlesindeki&#8230;<\/p>\n","protected":false},"author":1,"featured_media":10692,"parent":11641,"menu_order":0,"comment_status":"closed","ping_status":"closed","template":"","meta":{"footnotes":""},"class_list":["post-12653","page","type-page","status-publish","has-post-thumbnail","hentry"],"yoast_head":"<!-- This site is optimized with the Yoast SEO Premium plugin v27.2 (Yoast SEO v27.5) - https:\/\/yoast.com\/product\/yoast-seo-premium-wordpress\/ -->\n<title>Rechtsanwaltskanzlei in Hamburg Berlin Bremen Hannover L\u00fcbeck<\/title>\n<meta name=\"description\" content=\"Rechtsanwaltskanzlei f\u00fcr Arbeitsrecht, Arzthaftung, Mietrecht, Gewerbemietrecht ,Gastronomierecht, Immobilienrecht, Schadensersatz Yachtrecht\" \/>\n<meta name=\"robots\" content=\"index, follow, max-snippet:-1, max-image-preview:large, max-video-preview:-1\" \/>\n<link rel=\"canonical\" href=\"https:\/\/www.kanzlei-steinwachs.de\/tr\/is-hukuku-kararlari\/canta-kararlari-2007\/siddetli-sakatlik\/\" \/>\n<meta property=\"og:locale\" content=\"tr_TR\" \/>\n<meta property=\"og:type\" content=\"article\" \/>\n<meta property=\"og:title\" content=\"Rechtsanwaltskanzlei in Hamburg Berlin Bremen Hannover L\u00fcbeck\" \/>\n<meta property=\"og:description\" content=\"Rechtsanwaltskanzlei f\u00fcr Arbeitsrecht, Arzthaftung, Mietrecht, Gewerbemietrecht ,Gastronomierecht, Immobilienrecht, Schadensersatz Yachtrecht\" \/>\n<meta property=\"og:url\" content=\"https:\/\/www.kanzlei-steinwachs.de\/tr\/is-hukuku-kararlari\/canta-kararlari-2007\/siddetli-sakatlik\/\" \/>\n<meta property=\"og:site_name\" content=\"Rechtsanwaltskanzlei Anwalt Hamburg Berlin Bremen Hannover L\u00fcbeck\" \/>\n<meta property=\"article:publisher\" content=\"https:\/\/www.facebook.com\/STEINWACHSRechtsanwaltskanzlei\/\" \/>\n<meta property=\"article:modified_time\" content=\"2023-11-24T05:54:18+00:00\" \/>\n<meta name=\"twitter:card\" content=\"summary_large_image\" \/>\n<meta name=\"twitter:site\" content=\"@rasteinwachs\" \/>\n<meta name=\"twitter:label1\" content=\"Tahmini okuma s\u00fcresi\" \/>\n\t<meta name=\"twitter:data1\" content=\"2 dakika\" \/>\n<script type=\"application\/ld+json\" class=\"yoast-schema-graph\">{\"@context\":\"https:\\\/\\\/schema.org\",\"@graph\":[{\"@type\":\"WebPage\",\"@id\":\"https:\\\/\\\/www.kanzlei-steinwachs.de\\\/tr\\\/is-hukuku-kararlari\\\/canta-kararlari-2007\\\/siddetli-sakatlik\\\/\",\"url\":\"https:\\\/\\\/www.kanzlei-steinwachs.de\\\/tr\\\/is-hukuku-kararlari\\\/canta-kararlari-2007\\\/siddetli-sakatlik\\\/\",\"name\":\"Rechtsanwaltskanzlei in Hamburg Berlin Bremen Hannover L\u00fcbeck\",\"isPartOf\":{\"@id\":\"https:\\\/\\\/www.kanzlei-steinwachs.de\\\/tr\\\/#website\"},\"primaryImageOfPage\":{\"@id\":\"https:\\\/\\\/www.kanzlei-steinwachs.de\\\/tr\\\/is-hukuku-kararlari\\\/canta-kararlari-2007\\\/siddetli-sakatlik\\\/#primaryimage\"},\"image\":{\"@id\":\"https:\\\/\\\/www.kanzlei-steinwachs.de\\\/tr\\\/is-hukuku-kararlari\\\/canta-kararlari-2007\\\/siddetli-sakatlik\\\/#primaryimage\"},\"thumbnailUrl\":\"https:\\\/\\\/i0.wp.com\\\/www.kanzlei-steinwachs.de\\\/wp-content\\\/uploads\\\/2023\\\/11\\\/Bundesarbeitsgericht_Urteile_2007.webp?fit=200%2C100&quality=20&ssl=1\",\"datePublished\":\"2023-11-20T08:08:19+00:00\",\"dateModified\":\"2023-11-24T05:54:18+00:00\",\"description\":\"Rechtsanwaltskanzlei f\u00fcr Arbeitsrecht, Arzthaftung, Mietrecht, Gewerbemietrecht ,Gastronomierecht, Immobilienrecht, Schadensersatz Yachtrecht\",\"breadcrumb\":{\"@id\":\"https:\\\/\\\/www.kanzlei-steinwachs.de\\\/tr\\\/is-hukuku-kararlari\\\/canta-kararlari-2007\\\/siddetli-sakatlik\\\/#breadcrumb\"},\"inLanguage\":\"tr\",\"potentialAction\":[{\"@type\":\"ReadAction\",\"target\":[\"https:\\\/\\\/www.kanzlei-steinwachs.de\\\/tr\\\/is-hukuku-kararlari\\\/canta-kararlari-2007\\\/siddetli-sakatlik\\\/\"]}]},{\"@type\":\"ImageObject\",\"inLanguage\":\"tr\",\"@id\":\"https:\\\/\\\/www.kanzlei-steinwachs.de\\\/tr\\\/is-hukuku-kararlari\\\/canta-kararlari-2007\\\/siddetli-sakatlik\\\/#primaryimage\",\"url\":\"https:\\\/\\\/i0.wp.com\\\/www.kanzlei-steinwachs.de\\\/wp-content\\\/uploads\\\/2023\\\/11\\\/Bundesarbeitsgericht_Urteile_2007.webp?fit=200%2C100&quality=20&ssl=1\",\"contentUrl\":\"https:\\\/\\\/i0.wp.com\\\/www.kanzlei-steinwachs.de\\\/wp-content\\\/uploads\\\/2023\\\/11\\\/Bundesarbeitsgericht_Urteile_2007.webp?fit=200%2C100&quality=20&ssl=1\",\"width\":200,\"height\":100,\"caption\":\"Rechtliche Wirkung einer K\u00fcndigung\"},{\"@type\":\"BreadcrumbList\",\"@id\":\"https:\\\/\\\/www.kanzlei-steinwachs.de\\\/tr\\\/is-hukuku-kararlari\\\/canta-kararlari-2007\\\/siddetli-sakatlik\\\/#breadcrumb\",\"itemListElement\":[{\"@type\":\"ListItem\",\"position\":1,\"name\":\"\u0130\u015f hukuku kararlar\u0131\",\"item\":\"https:\\\/\\\/www.kanzlei-steinwachs.de\\\/tr\\\/is-hukuku-kararlari\\\/\"},{\"@type\":\"ListItem\",\"position\":2,\"name\":\"\u00c7anta kararlar\u0131 2007\",\"item\":\"https:\\\/\\\/www.kanzlei-steinwachs.de\\\/tr\\\/arbeitsrecht-urteile\\\/bag-urteile-2007\\\/\"},{\"@type\":\"ListItem\",\"position\":3,\"name\":\"\u015eiddetli sakatl\u0131k\"}]},{\"@type\":\"WebSite\",\"@id\":\"https:\\\/\\\/www.kanzlei-steinwachs.de\\\/tr\\\/#website\",\"url\":\"https:\\\/\\\/www.kanzlei-steinwachs.de\\\/tr\\\/\",\"name\":\"Rechtsanwaltskanzlei Anwalt Hamburg Berlin Bremen Hannover L\u00fcbeck\",\"description\":\"Wir leisten mehr als Recht bietet\",\"publisher\":{\"@id\":\"https:\\\/\\\/www.kanzlei-steinwachs.de\\\/tr\\\/#organization\"},\"potentialAction\":[{\"@type\":\"SearchAction\",\"target\":{\"@type\":\"EntryPoint\",\"urlTemplate\":\"https:\\\/\\\/www.kanzlei-steinwachs.de\\\/tr\\\/?s={search_term_string}\"},\"query-input\":{\"@type\":\"PropertyValueSpecification\",\"valueRequired\":true,\"valueName\":\"search_term_string\"}}],\"inLanguage\":\"tr\"},{\"@type\":[\"Organization\",\"Place\"],\"@id\":\"https:\\\/\\\/www.kanzlei-steinwachs.de\\\/tr\\\/#organization\",\"name\":\"Rechtsanwaltskanzlei Anwalt Hamburg Berlin Bremen Hannover L\u00fcbeck\",\"url\":\"https:\\\/\\\/www.kanzlei-steinwachs.de\\\/\",\"logo\":{\"@type\":\"ImageObject\",\"inLanguage\":\"tr\",\"@id\":\"https:\\\/\\\/www.kanzlei-steinwachs.de\\\/tr\\\/#\\\/schema\\\/logo\\\/image\\\/\",\"url\":\"https:\\\/\\\/i0.wp.com\\\/www.kanzlei-steinwachs.de\\\/wp-content\\\/uploads\\\/2023\\\/12\\\/logo.webp?fit=174%2C76&quality=80&ssl=1\",\"contentUrl\":\"https:\\\/\\\/i0.wp.com\\\/www.kanzlei-steinwachs.de\\\/wp-content\\\/uploads\\\/2023\\\/12\\\/logo.webp?fit=174%2C76&quality=80&ssl=1\",\"width\":174,\"height\":76,\"caption\":\"Rechtsanwaltskanzlei Anwalt Hamburg Berlin Bremen Hannover L\u00fcbeck\"},\"image\":{\"@id\":\"https:\\\/\\\/www.kanzlei-steinwachs.de\\\/tr\\\/#\\\/schema\\\/logo\\\/image\\\/\"},\"sameAs\":[\"https:\\\/\\\/www.facebook.com\\\/STEINWACHSRechtsanwaltskanzlei\\\/\",\"https:\\\/\\\/x.com\\\/rasteinwachs\",\"https:\\\/\\\/www.instagram.com\\\/steinwachs_rechtsanwaelte\\\/\",\"https:\\\/\\\/www.linkedin.com\\\/in\\\/stephan-steinwachs-7a270197\\\/\",\"https:\\\/\\\/www.youtube.com\\\/channel\\\/UCffmodDlQx81remXm395RWA\"],\"telephone\":[]}]}<\/script>\n<!-- \/ Yoast SEO Premium plugin. -->","yoast_head_json":{"title":"Rechtsanwaltskanzlei in Hamburg Berlin Bremen Hannover L\u00fcbeck","description":"Rechtsanwaltskanzlei f\u00fcr Arbeitsrecht, Arzthaftung, Mietrecht, Gewerbemietrecht ,Gastronomierecht, Immobilienrecht, Schadensersatz Yachtrecht","robots":{"index":"index","follow":"follow","max-snippet":"max-snippet:-1","max-image-preview":"max-image-preview:large","max-video-preview":"max-video-preview:-1"},"canonical":"https:\/\/www.kanzlei-steinwachs.de\/tr\/is-hukuku-kararlari\/canta-kararlari-2007\/siddetli-sakatlik\/","og_locale":"tr_TR","og_type":"article","og_title":"Rechtsanwaltskanzlei in Hamburg Berlin Bremen Hannover L\u00fcbeck","og_description":"Rechtsanwaltskanzlei f\u00fcr Arbeitsrecht, Arzthaftung, Mietrecht, Gewerbemietrecht ,Gastronomierecht, Immobilienrecht, Schadensersatz Yachtrecht","og_url":"https:\/\/www.kanzlei-steinwachs.de\/tr\/is-hukuku-kararlari\/canta-kararlari-2007\/siddetli-sakatlik\/","og_site_name":"Rechtsanwaltskanzlei Anwalt Hamburg Berlin Bremen Hannover L\u00fcbeck","article_publisher":"https:\/\/www.facebook.com\/STEINWACHSRechtsanwaltskanzlei\/","article_modified_time":"2023-11-24T05:54:18+00:00","twitter_card":"summary_large_image","twitter_site":"@rasteinwachs","twitter_misc":{"Tahmini okuma s\u00fcresi":"2 dakika"},"schema":{"@context":"https:\/\/schema.org","@graph":[{"@type":"WebPage","@id":"https:\/\/www.kanzlei-steinwachs.de\/tr\/is-hukuku-kararlari\/canta-kararlari-2007\/siddetli-sakatlik\/","url":"https:\/\/www.kanzlei-steinwachs.de\/tr\/is-hukuku-kararlari\/canta-kararlari-2007\/siddetli-sakatlik\/","name":"Rechtsanwaltskanzlei in Hamburg Berlin Bremen Hannover L\u00fcbeck","isPartOf":{"@id":"https:\/\/www.kanzlei-steinwachs.de\/tr\/#website"},"primaryImageOfPage":{"@id":"https:\/\/www.kanzlei-steinwachs.de\/tr\/is-hukuku-kararlari\/canta-kararlari-2007\/siddetli-sakatlik\/#primaryimage"},"image":{"@id":"https:\/\/www.kanzlei-steinwachs.de\/tr\/is-hukuku-kararlari\/canta-kararlari-2007\/siddetli-sakatlik\/#primaryimage"},"thumbnailUrl":"https:\/\/i0.wp.com\/www.kanzlei-steinwachs.de\/wp-content\/uploads\/2023\/11\/Bundesarbeitsgericht_Urteile_2007.webp?fit=200%2C100&quality=20&ssl=1","datePublished":"2023-11-20T08:08:19+00:00","dateModified":"2023-11-24T05:54:18+00:00","description":"Rechtsanwaltskanzlei f\u00fcr Arbeitsrecht, Arzthaftung, Mietrecht, Gewerbemietrecht ,Gastronomierecht, Immobilienrecht, Schadensersatz Yachtrecht","breadcrumb":{"@id":"https:\/\/www.kanzlei-steinwachs.de\/tr\/is-hukuku-kararlari\/canta-kararlari-2007\/siddetli-sakatlik\/#breadcrumb"},"inLanguage":"tr","potentialAction":[{"@type":"ReadAction","target":["https:\/\/www.kanzlei-steinwachs.de\/tr\/is-hukuku-kararlari\/canta-kararlari-2007\/siddetli-sakatlik\/"]}]},{"@type":"ImageObject","inLanguage":"tr","@id":"https:\/\/www.kanzlei-steinwachs.de\/tr\/is-hukuku-kararlari\/canta-kararlari-2007\/siddetli-sakatlik\/#primaryimage","url":"https:\/\/i0.wp.com\/www.kanzlei-steinwachs.de\/wp-content\/uploads\/2023\/11\/Bundesarbeitsgericht_Urteile_2007.webp?fit=200%2C100&quality=20&ssl=1","contentUrl":"https:\/\/i0.wp.com\/www.kanzlei-steinwachs.de\/wp-content\/uploads\/2023\/11\/Bundesarbeitsgericht_Urteile_2007.webp?fit=200%2C100&quality=20&ssl=1","width":200,"height":100,"caption":"Rechtliche Wirkung einer K\u00fcndigung"},{"@type":"BreadcrumbList","@id":"https:\/\/www.kanzlei-steinwachs.de\/tr\/is-hukuku-kararlari\/canta-kararlari-2007\/siddetli-sakatlik\/#breadcrumb","itemListElement":[{"@type":"ListItem","position":1,"name":"\u0130\u015f hukuku kararlar\u0131","item":"https:\/\/www.kanzlei-steinwachs.de\/tr\/is-hukuku-kararlari\/"},{"@type":"ListItem","position":2,"name":"\u00c7anta kararlar\u0131 2007","item":"https:\/\/www.kanzlei-steinwachs.de\/tr\/arbeitsrecht-urteile\/bag-urteile-2007\/"},{"@type":"ListItem","position":3,"name":"\u015eiddetli sakatl\u0131k"}]},{"@type":"WebSite","@id":"https:\/\/www.kanzlei-steinwachs.de\/tr\/#website","url":"https:\/\/www.kanzlei-steinwachs.de\/tr\/","name":"Rechtsanwaltskanzlei Anwalt Hamburg Berlin Bremen Hannover L\u00fcbeck","description":"Wir leisten mehr als Recht bietet","publisher":{"@id":"https:\/\/www.kanzlei-steinwachs.de\/tr\/#organization"},"potentialAction":[{"@type":"SearchAction","target":{"@type":"EntryPoint","urlTemplate":"https:\/\/www.kanzlei-steinwachs.de\/tr\/?s={search_term_string}"},"query-input":{"@type":"PropertyValueSpecification","valueRequired":true,"valueName":"search_term_string"}}],"inLanguage":"tr"},{"@type":["Organization","Place"],"@id":"https:\/\/www.kanzlei-steinwachs.de\/tr\/#organization","name":"Rechtsanwaltskanzlei Anwalt Hamburg Berlin Bremen Hannover L\u00fcbeck","url":"https:\/\/www.kanzlei-steinwachs.de\/","logo":{"@type":"ImageObject","inLanguage":"tr","@id":"https:\/\/www.kanzlei-steinwachs.de\/tr\/#\/schema\/logo\/image\/","url":"https:\/\/i0.wp.com\/www.kanzlei-steinwachs.de\/wp-content\/uploads\/2023\/12\/logo.webp?fit=174%2C76&quality=80&ssl=1","contentUrl":"https:\/\/i0.wp.com\/www.kanzlei-steinwachs.de\/wp-content\/uploads\/2023\/12\/logo.webp?fit=174%2C76&quality=80&ssl=1","width":174,"height":76,"caption":"Rechtsanwaltskanzlei Anwalt Hamburg Berlin Bremen Hannover L\u00fcbeck"},"image":{"@id":"https:\/\/www.kanzlei-steinwachs.de\/tr\/#\/schema\/logo\/image\/"},"sameAs":["https:\/\/www.facebook.com\/STEINWACHSRechtsanwaltskanzlei\/","https:\/\/x.com\/rasteinwachs","https:\/\/www.instagram.com\/steinwachs_rechtsanwaelte\/","https:\/\/www.linkedin.com\/in\/stephan-steinwachs-7a270197\/","https:\/\/www.youtube.com\/channel\/UCffmodDlQx81remXm395RWA"],"telephone":[]}]}},"jetpack_sharing_enabled":true,"_links":{"self":[{"href":"https:\/\/www.kanzlei-steinwachs.de\/tr\/wp-json\/wp\/v2\/pages\/12653","targetHints":{"allow":["GET"]}}],"collection":[{"href":"https:\/\/www.kanzlei-steinwachs.de\/tr\/wp-json\/wp\/v2\/pages"}],"about":[{"href":"https:\/\/www.kanzlei-steinwachs.de\/tr\/wp-json\/wp\/v2\/types\/page"}],"author":[{"embeddable":true,"href":"https:\/\/www.kanzlei-steinwachs.de\/tr\/wp-json\/wp\/v2\/users\/1"}],"replies":[{"embeddable":true,"href":"https:\/\/www.kanzlei-steinwachs.de\/tr\/wp-json\/wp\/v2\/comments?post=12653"}],"version-history":[{"count":0,"href":"https:\/\/www.kanzlei-steinwachs.de\/tr\/wp-json\/wp\/v2\/pages\/12653\/revisions"}],"up":[{"embeddable":true,"href":"https:\/\/www.kanzlei-steinwachs.de\/tr\/wp-json\/wp\/v2\/pages\/11641"}],"wp:featuredmedia":[{"embeddable":true,"href":"https:\/\/www.kanzlei-steinwachs.de\/tr\/wp-json\/wp\/v2\/media\/10692"}],"wp:attachment":[{"href":"https:\/\/www.kanzlei-steinwachs.de\/tr\/wp-json\/wp\/v2\/media?parent=12653"}],"curies":[{"name":"wp","href":"https:\/\/api.w.org\/{rel}","templated":true}]}}