{"id":12551,"date":"2023-11-20T11:32:35","date_gmt":"2023-11-20T10:32:35","guid":{"rendered":"https:\/\/www.kanzlei-steinwachs.de\/is-hukuku-kararlari\/canta-kararlari-2007\/grup-calisma-konseyinin-kurulmasi\/"},"modified":"2023-11-23T12:32:41","modified_gmt":"2023-11-23T11:32:41","slug":"grup-calisma-konseyinin-kurulmasi","status":"publish","type":"page","link":"https:\/\/www.kanzlei-steinwachs.de\/tr\/is-hukuku-kararlari\/canta-kararlari-2007\/grup-calisma-konseyinin-kurulmasi\/","title":{"rendered":"Grup \u00e7al\u0131\u015fma konseyinin kurulmas\u0131"},"content":{"rendered":"<div class=\"wpb-content-wrapper\"><p>[vc_row triangle_shape=&#8221;no&#8221;][vc_column][vc_column_text css=&#8221;.vc_custom_1700476496480{padding-top: 10px !important;padding-bottom: 20px !important;}&#8221;]<\/p>\n<h4 style=\"text-align: center;\">Grup \u00e7al\u0131\u015fma konseyinin kurulmas\u0131<\/h4>\n<p>[\/vc_column_text][vc_column_text css=&#8221;.vc_custom_1700476508880{padding-top: 10px !important;padding-bottom: 10px !important;}&#8221;]Madde 54 Paragraf 1 C\u00fcmle 1 ile Madde 54 Paragraf 2 BetrVG&#8217;ye g\u00f6re, genel \u00e7al\u0131\u015fma konseylerinin ve belirli ko\u015fullar alt\u0131nda \u00e7al\u0131\u015fma konseylerinin kararlar\u0131 yoluyla bir grup i\u00e7in bir grup \u00e7al\u0131\u015fma konseyi olu\u015fturulabilir. \u0130\u015fyeri T\u00fcz\u00fc\u011f\u00fc Yasas\u0131, bir grubun ne zaman var olaca\u011f\u0131n\u0131 ve hangi \u015firketlerin gruba ait olaca\u011f\u0131n\u0131 kendisi belirlemez. B\u00f6l\u00fcm 54 (1) BetrVG, B\u00f6l\u00fcm 18 (1) AktG&#8217;ye at\u0131fta bulunmaktad\u0131r.[\/vc_column_text][vc_column_text css=&#8221;.vc_custom_1700476537313{padding-top: 10px !important;padding-bottom: 10px !important;}&#8221;]\u0130\u015fyeri anayasas\u0131 kanunu kapsam\u0131nda ba\u011f\u0131ms\u0131z bir grup kavram\u0131 bulunmamaktad\u0131r. Yedinci Senato, 14 \u015eubat 2007 (7 ABR 26\/06) tarihli karar\u0131yla, BetrVG&#8217;nin 54. Maddesi 1. F\u0131kras\u0131 1. C\u00fcmlesi uyar\u0131nca bir grup \u00e7al\u0131\u015fma konseyinin kurulmas\u0131n\u0131n, yaln\u0131zca \u015firketlerin tek bir \u00e7at\u0131 alt\u0131nda bir araya gelmemesi durumunda m\u00fcmk\u00fcn olaca\u011f\u0131na karar vermi\u015ftir. y\u00f6netiminin yan\u0131 s\u0131ra bir ana \u015firketin de genel merkezi Almanya&#8217;da bulunmaktad\u0131r.[\/vc_column_text][vc_column_text css=&#8221;.vc_custom_1700476549831{padding-top: 10px !important;padding-bottom: 10px !important;}&#8221;]Ana \u015firketi yurt d\u0131\u015f\u0131nda bulunan \u00e7ok a\u015famal\u0131 bir grupta, yabanc\u0131 ana \u015firketin y\u00f6netim yetkisini \u00f6nemli \u00f6l\u00e7\u00fcde kullanmas\u0131 ancak Almanya merkezli bir ba\u011fl\u0131 \u015firketin Almanya&#8217;da yerle\u015fik \u015firketler i\u00e7in de grup \u00e7al\u0131\u015fma konseyi olu\u015fturulabilmesi m\u00fcmk\u00fcnd\u00fcr. yurti\u00e7i alt grup ba\u015fkan\u0131n\u0131n personel, sosyal ve ekonomik konulardaki temel y\u00f6netim g\u00f6revleri, ba\u011fl\u0131 \u015firketler taraf\u0131ndan ba\u011f\u0131ms\u0131z olarak y\u00fcr\u00fct\u00fclmeye devam etmektedir. Ancak BetrVG 54. Madde 1. F\u0131kra 1. C\u00fcmle h\u00fckm\u00fcn\u00fcn \u00f6tesinde, grubun ana \u015firketinin merkezinin yurt d\u0131\u015f\u0131nda olmas\u0131 ve Almanya&#8217;da ba\u015fka (k\u0131smi) grup y\u00f6netiminin bulunmamas\u0131 durumunda grup \u00e7al\u0131\u015fma konseyi kurulamaz.[\/vc_column_text][vc_column_text css=&#8221;.vc_custom_1700476559543{padding-top: 10px !important;padding-bottom: 10px !important;}&#8221;]Daha fazla hukuki e\u011fitime y\u00f6nelik gereklilikler kar\u015f\u0131lanmam\u0131\u015ft\u0131r. BetrVG&#8217;nin 54(1) maddesi yurt d\u0131\u015f\u0131nda yerle\u015fik ana \u015firketlerin durumunda kas\u0131ts\u0131z olarak ortaya \u00e7\u0131kan herhangi bir bo\u015fluk i\u00e7ermemektedir. Bir yandan yasama organ\u0131, i\u015f anayasas\u0131ndaki MitbestG B\u00f6l\u00fcm 5 Paragraf 3 ile kar\u015f\u0131la\u015ft\u0131r\u0131labilecek alt grup d\u00fczenlemelerinden bilin\u00e7li olarak ka\u00e7\u0131nd\u0131. Ayr\u0131ca hakim bir \u015firketin merkezinin yurt d\u0131\u015f\u0131nda olmas\u0131, \u015firket ortak karar\u0131nda \u00e7al\u0131\u015fanlar\u0131n kat\u0131lma hakk\u0131n\u0131 kaybetmesine de\u011fil, sadece ba\u011fl\u0131 \u015firketlerde farkl\u0131 bir seviyeye ta\u015f\u0131nmas\u0131na yol a\u00e7maktad\u0131r. Bu durumda BetrVG&#8217;ye g\u00f6re kat\u0131l\u0131m haklar\u0131, gruba ait \u015firketlerin merkezi \u00e7al\u0131\u015fma konseyleri ve \u00e7al\u0131\u015fma konseyleri taraf\u0131ndan kullan\u0131l\u0131r.[\/vc_column_text][\/vc_column][\/vc_row]<\/p>\n<\/div>","protected":false},"excerpt":{"rendered":"<p>[vc_row triangle_shape=&#8221;no&#8221;][vc_column][vc_column_text css=&#8221;.vc_custom_1700476496480{padding-top: 10px !important;padding-bottom: 20px !important;}&#8221;] Grup \u00e7al\u0131\u015fma konseyinin kurulmas\u0131 [\/vc_column_text][vc_column_text css=&#8221;.vc_custom_1700476508880{padding-top: 10px !important;padding-bottom: 10px !important;}&#8221;]Madde 54 Paragraf 1 C\u00fcmle 1 ile Madde 54 Paragraf 2 BetrVG&#8217;ye g\u00f6re, genel \u00e7al\u0131\u015fma konseylerinin ve belirli ko\u015fullar alt\u0131nda \u00e7al\u0131\u015fma konseylerinin kararlar\u0131 yoluyla bir grup i\u00e7in bir grup \u00e7al\u0131\u015fma konseyi olu\u015fturulabilir. \u0130\u015fyeri T\u00fcz\u00fc\u011f\u00fc Yasas\u0131, bir grubun ne zaman var olaca\u011f\u0131n\u0131 ve hangi \u015firketlerin gruba ait olaca\u011f\u0131n\u0131 kendisi belirlemez. B\u00f6l\u00fcm 54 (1) BetrVG, B\u00f6l\u00fcm 18 (1) AktG&#8217;ye at\u0131fta bulunmaktad\u0131r.[\/vc_column_text][vc_column_text css=&#8221;.vc_custom_1700476537313{padding-top: 10px !important;padding-bottom: 10px !important;}&#8221;]\u0130\u015fyeri anayasas\u0131 kanunu kapsam\u0131nda ba\u011f\u0131ms\u0131z bir grup kavram\u0131 bulunmamaktad\u0131r. Yedinci Senato, 14 \u015eubat 2007 (7 ABR 26\/06) tarihli karar\u0131yla, BetrVG&#8217;nin 54&#8230;.<\/p>\n","protected":false},"author":1,"featured_media":10692,"parent":11641,"menu_order":0,"comment_status":"closed","ping_status":"closed","template":"","meta":{"footnotes":""},"class_list":["post-12551","page","type-page","status-publish","has-post-thumbnail","hentry"],"yoast_head":"<!-- This site is optimized with the Yoast SEO Premium plugin v27.2 (Yoast SEO v27.5) - https:\/\/yoast.com\/product\/yoast-seo-premium-wordpress\/ -->\n<title>Rechtsanwaltskanzlei in Hamburg Berlin Bremen Hannover L\u00fcbeck<\/title>\n<meta name=\"description\" content=\"Rechtsanwaltskanzlei f\u00fcr Arbeitsrecht, Arzthaftung, Mietrecht, Gewerbemietrecht ,Gastronomierecht, Immobilienrecht, Schadensersatz Yachtrecht\" \/>\n<meta name=\"robots\" content=\"index, follow, max-snippet:-1, max-image-preview:large, max-video-preview:-1\" \/>\n<link rel=\"canonical\" href=\"https:\/\/www.kanzlei-steinwachs.de\/tr\/is-hukuku-kararlari\/canta-kararlari-2007\/grup-calisma-konseyinin-kurulmasi\/\" \/>\n<meta property=\"og:locale\" content=\"tr_TR\" \/>\n<meta property=\"og:type\" content=\"article\" \/>\n<meta property=\"og:title\" content=\"Rechtsanwaltskanzlei in Hamburg Berlin Bremen Hannover L\u00fcbeck\" \/>\n<meta property=\"og:description\" content=\"Rechtsanwaltskanzlei f\u00fcr Arbeitsrecht, Arzthaftung, Mietrecht, Gewerbemietrecht ,Gastronomierecht, Immobilienrecht, Schadensersatz Yachtrecht\" \/>\n<meta property=\"og:url\" content=\"https:\/\/www.kanzlei-steinwachs.de\/tr\/is-hukuku-kararlari\/canta-kararlari-2007\/grup-calisma-konseyinin-kurulmasi\/\" \/>\n<meta property=\"og:site_name\" content=\"Rechtsanwaltskanzlei Anwalt Hamburg Berlin Bremen Hannover L\u00fcbeck\" \/>\n<meta property=\"article:publisher\" content=\"https:\/\/www.facebook.com\/STEINWACHSRechtsanwaltskanzlei\/\" \/>\n<meta property=\"article:modified_time\" content=\"2023-11-23T11:32:41+00:00\" \/>\n<meta name=\"twitter:card\" content=\"summary_large_image\" \/>\n<meta name=\"twitter:site\" content=\"@rasteinwachs\" \/>\n<meta name=\"twitter:label1\" content=\"Tahmini okuma s\u00fcresi\" \/>\n\t<meta name=\"twitter:data1\" content=\"2 dakika\" \/>\n<script type=\"application\/ld+json\" class=\"yoast-schema-graph\">{\"@context\":\"https:\\\/\\\/schema.org\",\"@graph\":[{\"@type\":\"WebPage\",\"@id\":\"https:\\\/\\\/www.kanzlei-steinwachs.de\\\/tr\\\/is-hukuku-kararlari\\\/canta-kararlari-2007\\\/grup-calisma-konseyinin-kurulmasi\\\/\",\"url\":\"https:\\\/\\\/www.kanzlei-steinwachs.de\\\/tr\\\/is-hukuku-kararlari\\\/canta-kararlari-2007\\\/grup-calisma-konseyinin-kurulmasi\\\/\",\"name\":\"Rechtsanwaltskanzlei in Hamburg Berlin Bremen Hannover L\u00fcbeck\",\"isPartOf\":{\"@id\":\"https:\\\/\\\/www.kanzlei-steinwachs.de\\\/tr\\\/#website\"},\"primaryImageOfPage\":{\"@id\":\"https:\\\/\\\/www.kanzlei-steinwachs.de\\\/tr\\\/is-hukuku-kararlari\\\/canta-kararlari-2007\\\/grup-calisma-konseyinin-kurulmasi\\\/#primaryimage\"},\"image\":{\"@id\":\"https:\\\/\\\/www.kanzlei-steinwachs.de\\\/tr\\\/is-hukuku-kararlari\\\/canta-kararlari-2007\\\/grup-calisma-konseyinin-kurulmasi\\\/#primaryimage\"},\"thumbnailUrl\":\"https:\\\/\\\/i0.wp.com\\\/www.kanzlei-steinwachs.de\\\/wp-content\\\/uploads\\\/2023\\\/11\\\/Bundesarbeitsgericht_Urteile_2007.webp?fit=200%2C100&quality=20&ssl=1\",\"datePublished\":\"2023-11-20T10:32:35+00:00\",\"dateModified\":\"2023-11-23T11:32:41+00:00\",\"description\":\"Rechtsanwaltskanzlei f\u00fcr Arbeitsrecht, Arzthaftung, Mietrecht, Gewerbemietrecht ,Gastronomierecht, Immobilienrecht, Schadensersatz Yachtrecht\",\"breadcrumb\":{\"@id\":\"https:\\\/\\\/www.kanzlei-steinwachs.de\\\/tr\\\/is-hukuku-kararlari\\\/canta-kararlari-2007\\\/grup-calisma-konseyinin-kurulmasi\\\/#breadcrumb\"},\"inLanguage\":\"tr\",\"potentialAction\":[{\"@type\":\"ReadAction\",\"target\":[\"https:\\\/\\\/www.kanzlei-steinwachs.de\\\/tr\\\/is-hukuku-kararlari\\\/canta-kararlari-2007\\\/grup-calisma-konseyinin-kurulmasi\\\/\"]}]},{\"@type\":\"ImageObject\",\"inLanguage\":\"tr\",\"@id\":\"https:\\\/\\\/www.kanzlei-steinwachs.de\\\/tr\\\/is-hukuku-kararlari\\\/canta-kararlari-2007\\\/grup-calisma-konseyinin-kurulmasi\\\/#primaryimage\",\"url\":\"https:\\\/\\\/i0.wp.com\\\/www.kanzlei-steinwachs.de\\\/wp-content\\\/uploads\\\/2023\\\/11\\\/Bundesarbeitsgericht_Urteile_2007.webp?fit=200%2C100&quality=20&ssl=1\",\"contentUrl\":\"https:\\\/\\\/i0.wp.com\\\/www.kanzlei-steinwachs.de\\\/wp-content\\\/uploads\\\/2023\\\/11\\\/Bundesarbeitsgericht_Urteile_2007.webp?fit=200%2C100&quality=20&ssl=1\",\"width\":200,\"height\":100,\"caption\":\"Rechtliche Wirkung einer K\u00fcndigung\"},{\"@type\":\"BreadcrumbList\",\"@id\":\"https:\\\/\\\/www.kanzlei-steinwachs.de\\\/tr\\\/is-hukuku-kararlari\\\/canta-kararlari-2007\\\/grup-calisma-konseyinin-kurulmasi\\\/#breadcrumb\",\"itemListElement\":[{\"@type\":\"ListItem\",\"position\":1,\"name\":\"\u0130\u015f hukuku kararlar\u0131\",\"item\":\"https:\\\/\\\/www.kanzlei-steinwachs.de\\\/tr\\\/is-hukuku-kararlari\\\/\"},{\"@type\":\"ListItem\",\"position\":2,\"name\":\"\u00c7anta kararlar\u0131 2007\",\"item\":\"https:\\\/\\\/www.kanzlei-steinwachs.de\\\/tr\\\/arbeitsrecht-urteile\\\/bag-urteile-2007\\\/\"},{\"@type\":\"ListItem\",\"position\":3,\"name\":\"Grup \u00e7al\u0131\u015fma konseyinin kurulmas\u0131\"}]},{\"@type\":\"WebSite\",\"@id\":\"https:\\\/\\\/www.kanzlei-steinwachs.de\\\/tr\\\/#website\",\"url\":\"https:\\\/\\\/www.kanzlei-steinwachs.de\\\/tr\\\/\",\"name\":\"Rechtsanwaltskanzlei Anwalt Hamburg Berlin Bremen Hannover L\u00fcbeck\",\"description\":\"Wir leisten mehr als Recht bietet\",\"publisher\":{\"@id\":\"https:\\\/\\\/www.kanzlei-steinwachs.de\\\/tr\\\/#organization\"},\"potentialAction\":[{\"@type\":\"SearchAction\",\"target\":{\"@type\":\"EntryPoint\",\"urlTemplate\":\"https:\\\/\\\/www.kanzlei-steinwachs.de\\\/tr\\\/?s={search_term_string}\"},\"query-input\":{\"@type\":\"PropertyValueSpecification\",\"valueRequired\":true,\"valueName\":\"search_term_string\"}}],\"inLanguage\":\"tr\"},{\"@type\":[\"Organization\",\"Place\"],\"@id\":\"https:\\\/\\\/www.kanzlei-steinwachs.de\\\/tr\\\/#organization\",\"name\":\"Rechtsanwaltskanzlei Anwalt Hamburg Berlin Bremen Hannover L\u00fcbeck\",\"url\":\"https:\\\/\\\/www.kanzlei-steinwachs.de\\\/\",\"logo\":{\"@type\":\"ImageObject\",\"inLanguage\":\"tr\",\"@id\":\"https:\\\/\\\/www.kanzlei-steinwachs.de\\\/tr\\\/#\\\/schema\\\/logo\\\/image\\\/\",\"url\":\"https:\\\/\\\/i0.wp.com\\\/www.kanzlei-steinwachs.de\\\/wp-content\\\/uploads\\\/2023\\\/12\\\/logo.webp?fit=174%2C76&quality=80&ssl=1\",\"contentUrl\":\"https:\\\/\\\/i0.wp.com\\\/www.kanzlei-steinwachs.de\\\/wp-content\\\/uploads\\\/2023\\\/12\\\/logo.webp?fit=174%2C76&quality=80&ssl=1\",\"width\":174,\"height\":76,\"caption\":\"Rechtsanwaltskanzlei Anwalt Hamburg Berlin Bremen Hannover L\u00fcbeck\"},\"image\":{\"@id\":\"https:\\\/\\\/www.kanzlei-steinwachs.de\\\/tr\\\/#\\\/schema\\\/logo\\\/image\\\/\"},\"sameAs\":[\"https:\\\/\\\/www.facebook.com\\\/STEINWACHSRechtsanwaltskanzlei\\\/\",\"https:\\\/\\\/x.com\\\/rasteinwachs\",\"https:\\\/\\\/www.instagram.com\\\/steinwachs_rechtsanwaelte\\\/\",\"https:\\\/\\\/www.linkedin.com\\\/in\\\/stephan-steinwachs-7a270197\\\/\",\"https:\\\/\\\/www.youtube.com\\\/channel\\\/UCffmodDlQx81remXm395RWA\"],\"telephone\":[]}]}<\/script>\n<!-- \/ Yoast SEO Premium plugin. -->","yoast_head_json":{"title":"Rechtsanwaltskanzlei in Hamburg Berlin Bremen Hannover L\u00fcbeck","description":"Rechtsanwaltskanzlei f\u00fcr Arbeitsrecht, Arzthaftung, Mietrecht, Gewerbemietrecht ,Gastronomierecht, Immobilienrecht, Schadensersatz Yachtrecht","robots":{"index":"index","follow":"follow","max-snippet":"max-snippet:-1","max-image-preview":"max-image-preview:large","max-video-preview":"max-video-preview:-1"},"canonical":"https:\/\/www.kanzlei-steinwachs.de\/tr\/is-hukuku-kararlari\/canta-kararlari-2007\/grup-calisma-konseyinin-kurulmasi\/","og_locale":"tr_TR","og_type":"article","og_title":"Rechtsanwaltskanzlei in Hamburg Berlin Bremen Hannover L\u00fcbeck","og_description":"Rechtsanwaltskanzlei f\u00fcr Arbeitsrecht, Arzthaftung, Mietrecht, Gewerbemietrecht ,Gastronomierecht, Immobilienrecht, Schadensersatz Yachtrecht","og_url":"https:\/\/www.kanzlei-steinwachs.de\/tr\/is-hukuku-kararlari\/canta-kararlari-2007\/grup-calisma-konseyinin-kurulmasi\/","og_site_name":"Rechtsanwaltskanzlei Anwalt Hamburg Berlin Bremen Hannover L\u00fcbeck","article_publisher":"https:\/\/www.facebook.com\/STEINWACHSRechtsanwaltskanzlei\/","article_modified_time":"2023-11-23T11:32:41+00:00","twitter_card":"summary_large_image","twitter_site":"@rasteinwachs","twitter_misc":{"Tahmini okuma s\u00fcresi":"2 dakika"},"schema":{"@context":"https:\/\/schema.org","@graph":[{"@type":"WebPage","@id":"https:\/\/www.kanzlei-steinwachs.de\/tr\/is-hukuku-kararlari\/canta-kararlari-2007\/grup-calisma-konseyinin-kurulmasi\/","url":"https:\/\/www.kanzlei-steinwachs.de\/tr\/is-hukuku-kararlari\/canta-kararlari-2007\/grup-calisma-konseyinin-kurulmasi\/","name":"Rechtsanwaltskanzlei in Hamburg Berlin Bremen Hannover L\u00fcbeck","isPartOf":{"@id":"https:\/\/www.kanzlei-steinwachs.de\/tr\/#website"},"primaryImageOfPage":{"@id":"https:\/\/www.kanzlei-steinwachs.de\/tr\/is-hukuku-kararlari\/canta-kararlari-2007\/grup-calisma-konseyinin-kurulmasi\/#primaryimage"},"image":{"@id":"https:\/\/www.kanzlei-steinwachs.de\/tr\/is-hukuku-kararlari\/canta-kararlari-2007\/grup-calisma-konseyinin-kurulmasi\/#primaryimage"},"thumbnailUrl":"https:\/\/i0.wp.com\/www.kanzlei-steinwachs.de\/wp-content\/uploads\/2023\/11\/Bundesarbeitsgericht_Urteile_2007.webp?fit=200%2C100&quality=20&ssl=1","datePublished":"2023-11-20T10:32:35+00:00","dateModified":"2023-11-23T11:32:41+00:00","description":"Rechtsanwaltskanzlei f\u00fcr Arbeitsrecht, Arzthaftung, Mietrecht, Gewerbemietrecht ,Gastronomierecht, Immobilienrecht, Schadensersatz Yachtrecht","breadcrumb":{"@id":"https:\/\/www.kanzlei-steinwachs.de\/tr\/is-hukuku-kararlari\/canta-kararlari-2007\/grup-calisma-konseyinin-kurulmasi\/#breadcrumb"},"inLanguage":"tr","potentialAction":[{"@type":"ReadAction","target":["https:\/\/www.kanzlei-steinwachs.de\/tr\/is-hukuku-kararlari\/canta-kararlari-2007\/grup-calisma-konseyinin-kurulmasi\/"]}]},{"@type":"ImageObject","inLanguage":"tr","@id":"https:\/\/www.kanzlei-steinwachs.de\/tr\/is-hukuku-kararlari\/canta-kararlari-2007\/grup-calisma-konseyinin-kurulmasi\/#primaryimage","url":"https:\/\/i0.wp.com\/www.kanzlei-steinwachs.de\/wp-content\/uploads\/2023\/11\/Bundesarbeitsgericht_Urteile_2007.webp?fit=200%2C100&quality=20&ssl=1","contentUrl":"https:\/\/i0.wp.com\/www.kanzlei-steinwachs.de\/wp-content\/uploads\/2023\/11\/Bundesarbeitsgericht_Urteile_2007.webp?fit=200%2C100&quality=20&ssl=1","width":200,"height":100,"caption":"Rechtliche Wirkung einer K\u00fcndigung"},{"@type":"BreadcrumbList","@id":"https:\/\/www.kanzlei-steinwachs.de\/tr\/is-hukuku-kararlari\/canta-kararlari-2007\/grup-calisma-konseyinin-kurulmasi\/#breadcrumb","itemListElement":[{"@type":"ListItem","position":1,"name":"\u0130\u015f hukuku kararlar\u0131","item":"https:\/\/www.kanzlei-steinwachs.de\/tr\/is-hukuku-kararlari\/"},{"@type":"ListItem","position":2,"name":"\u00c7anta kararlar\u0131 2007","item":"https:\/\/www.kanzlei-steinwachs.de\/tr\/arbeitsrecht-urteile\/bag-urteile-2007\/"},{"@type":"ListItem","position":3,"name":"Grup \u00e7al\u0131\u015fma konseyinin kurulmas\u0131"}]},{"@type":"WebSite","@id":"https:\/\/www.kanzlei-steinwachs.de\/tr\/#website","url":"https:\/\/www.kanzlei-steinwachs.de\/tr\/","name":"Rechtsanwaltskanzlei Anwalt Hamburg Berlin Bremen Hannover L\u00fcbeck","description":"Wir leisten mehr als Recht bietet","publisher":{"@id":"https:\/\/www.kanzlei-steinwachs.de\/tr\/#organization"},"potentialAction":[{"@type":"SearchAction","target":{"@type":"EntryPoint","urlTemplate":"https:\/\/www.kanzlei-steinwachs.de\/tr\/?s={search_term_string}"},"query-input":{"@type":"PropertyValueSpecification","valueRequired":true,"valueName":"search_term_string"}}],"inLanguage":"tr"},{"@type":["Organization","Place"],"@id":"https:\/\/www.kanzlei-steinwachs.de\/tr\/#organization","name":"Rechtsanwaltskanzlei Anwalt Hamburg Berlin Bremen Hannover L\u00fcbeck","url":"https:\/\/www.kanzlei-steinwachs.de\/","logo":{"@type":"ImageObject","inLanguage":"tr","@id":"https:\/\/www.kanzlei-steinwachs.de\/tr\/#\/schema\/logo\/image\/","url":"https:\/\/i0.wp.com\/www.kanzlei-steinwachs.de\/wp-content\/uploads\/2023\/12\/logo.webp?fit=174%2C76&quality=80&ssl=1","contentUrl":"https:\/\/i0.wp.com\/www.kanzlei-steinwachs.de\/wp-content\/uploads\/2023\/12\/logo.webp?fit=174%2C76&quality=80&ssl=1","width":174,"height":76,"caption":"Rechtsanwaltskanzlei Anwalt Hamburg Berlin Bremen Hannover L\u00fcbeck"},"image":{"@id":"https:\/\/www.kanzlei-steinwachs.de\/tr\/#\/schema\/logo\/image\/"},"sameAs":["https:\/\/www.facebook.com\/STEINWACHSRechtsanwaltskanzlei\/","https:\/\/x.com\/rasteinwachs","https:\/\/www.instagram.com\/steinwachs_rechtsanwaelte\/","https:\/\/www.linkedin.com\/in\/stephan-steinwachs-7a270197\/","https:\/\/www.youtube.com\/channel\/UCffmodDlQx81remXm395RWA"],"telephone":[]}]}},"jetpack_sharing_enabled":true,"_links":{"self":[{"href":"https:\/\/www.kanzlei-steinwachs.de\/tr\/wp-json\/wp\/v2\/pages\/12551","targetHints":{"allow":["GET"]}}],"collection":[{"href":"https:\/\/www.kanzlei-steinwachs.de\/tr\/wp-json\/wp\/v2\/pages"}],"about":[{"href":"https:\/\/www.kanzlei-steinwachs.de\/tr\/wp-json\/wp\/v2\/types\/page"}],"author":[{"embeddable":true,"href":"https:\/\/www.kanzlei-steinwachs.de\/tr\/wp-json\/wp\/v2\/users\/1"}],"replies":[{"embeddable":true,"href":"https:\/\/www.kanzlei-steinwachs.de\/tr\/wp-json\/wp\/v2\/comments?post=12551"}],"version-history":[{"count":0,"href":"https:\/\/www.kanzlei-steinwachs.de\/tr\/wp-json\/wp\/v2\/pages\/12551\/revisions"}],"up":[{"embeddable":true,"href":"https:\/\/www.kanzlei-steinwachs.de\/tr\/wp-json\/wp\/v2\/pages\/11641"}],"wp:featuredmedia":[{"embeddable":true,"href":"https:\/\/www.kanzlei-steinwachs.de\/tr\/wp-json\/wp\/v2\/media\/10692"}],"wp:attachment":[{"href":"https:\/\/www.kanzlei-steinwachs.de\/tr\/wp-json\/wp\/v2\/media?parent=12551"}],"curies":[{"name":"wp","href":"https:\/\/api.w.org\/{rel}","templated":true}]}}