{"id":12346,"date":"2023-11-20T08:59:49","date_gmt":"2023-11-20T07:59:49","guid":{"rendered":"https:\/\/www.kanzlei-steinwachs.de\/is-hukuku-kararlari\/canta-kararlari-2007\/tazminat-makbuzu\/"},"modified":"2023-11-23T08:03:59","modified_gmt":"2023-11-23T07:03:59","slug":"tazminat-makbuzu","status":"publish","type":"page","link":"https:\/\/www.kanzlei-steinwachs.de\/tr\/is-hukuku-kararlari\/canta-kararlari-2007\/tazminat-makbuzu\/","title":{"rendered":"Tazminat makbuzu"},"content":{"rendered":"<div class=\"wpb-content-wrapper\"><p>[vc_row triangle_shape=&#8221;no&#8221;][vc_column][vc_column_text css=&#8221;.vc_custom_1700467274143{padding-top: 10px !important;padding-bottom: 30px !important;}&#8221;]<\/p>\n<h4 style=\"text-align: center;\">Tazminat makbuzu<\/h4>\n<p>[\/vc_column_text][vc_column_text]Be\u015finci Senato, 7 Kas\u0131m 2007 (5 AZR 880\/06) tarihli karar\u0131nda, tazminat makbuzunda yap\u0131lan beyanlar\u0131n hukuki niteli\u011fi ve kapsam\u0131n\u0131 ele ald\u0131. Taraflar\u0131n hukuki ili\u015fkilerini a\u00e7\u0131kl\u0131\u011fa kavu\u015fturma iradesinin hukuki teknik ara\u00e7lar\u0131n\u0131n, \u00f6zellikle ba\u011f\u0131\u015flama s\u00f6zle\u015fmesini, su\u00e7un kurucu ve tespit edici kabul\u00fcn\u00fc i\u00e7erdi\u011fine karar vermi\u015ftir. Su\u00e7lulu\u011fun yasal olarak olumsuz olarak kabul edilmesinin mi yoksa sadece do\u011frulay\u0131c\u0131 bir bilgi beyan\u0131n\u0131n m\u0131 oldu\u011fu, beyan\u0131 alan ki\u015finin iyi niyetli anlay\u0131\u015f\u0131na ba\u011fl\u0131d\u0131r. Ki\u015fi, iyi niyetle, beyanda bulunan ki\u015finin ne demek istedi\u011fini, kendisi taraf\u0131ndan bilinen t\u00fcm ko\u015fullar\u0131 dikkate alarak gereken dikkatle incelemekle y\u00fck\u00fcml\u00fcd\u00fcr. Her iki taraf\u0131n \u00e7\u0131karlar\u0131n\u0131 yans\u0131tan yorum ilkesi de dikkate al\u0131nmal\u0131d\u0131r. Su\u00e7lulu\u011fun a\u00e7\u0131klay\u0131c\u0131 olumsuz kabul\u00fc, yaln\u0131zca taraflar\u0131n zaten yasal oldu\u011funa inand\u0131klar\u0131 \u015feyi do\u011frular. Daha fazla talepte bulunulmas\u0131n\u0131 engellemez. Alman Medeni Kanununun (BGB) 397. Maddesi uyar\u0131nca feragat etme iste\u011finin belirlenmesi konusunda y\u00fcksek talepler bulunmaktad\u0131r. Alacakl\u0131n\u0131n beyan\u0131 a\u00e7\u0131k g\u00f6r\u00fcnse bile, s\u00f6zle\u015fmeye girme niyetinin belirlenmesinde \u00e7evredeki t\u00fcm ko\u015fullar dikkate al\u0131nmadan feragat kabul edilemez. Bir alaca\u011f\u0131n ortaya \u00e7\u0131kt\u0131\u011f\u0131 a\u00e7\u0131ksa, bu durum genel olarak alacakl\u0131n\u0131n B\u00f6l\u00fcm 397 Paragraf 1 (\u0130bra Anla\u015fmas\u0131) veya Paragraf 2 BGB (Borcun Kurucu Olumsuz Kabul\u00fc) kapsam\u0131ndaki hakk\u0131ndan vazge\u00e7ti\u011fi varsay\u0131m\u0131n\u0131 yasaklar.[\/vc_column_text][\/vc_column][\/vc_row]<\/p>\n<\/div>","protected":false},"excerpt":{"rendered":"<p>[vc_row triangle_shape=&#8221;no&#8221;][vc_column][vc_column_text css=&#8221;.vc_custom_1700467274143{padding-top: 10px !important;padding-bottom: 30px !important;}&#8221;] Tazminat makbuzu [\/vc_column_text][vc_column_text]Be\u015finci Senato, 7 Kas\u0131m 2007 (5 AZR 880\/06) tarihli karar\u0131nda, tazminat makbuzunda yap\u0131lan beyanlar\u0131n hukuki niteli\u011fi ve kapsam\u0131n\u0131 ele ald\u0131. Taraflar\u0131n hukuki ili\u015fkilerini a\u00e7\u0131kl\u0131\u011fa kavu\u015fturma iradesinin hukuki teknik ara\u00e7lar\u0131n\u0131n, \u00f6zellikle ba\u011f\u0131\u015flama s\u00f6zle\u015fmesini, su\u00e7un kurucu ve tespit edici kabul\u00fcn\u00fc i\u00e7erdi\u011fine karar vermi\u015ftir. Su\u00e7lulu\u011fun yasal olarak olumsuz olarak kabul edilmesinin mi yoksa sadece do\u011frulay\u0131c\u0131 bir bilgi beyan\u0131n\u0131n m\u0131 oldu\u011fu, beyan\u0131 alan ki\u015finin iyi niyetli anlay\u0131\u015f\u0131na ba\u011fl\u0131d\u0131r. Ki\u015fi, iyi niyetle, beyanda bulunan ki\u015finin ne demek istedi\u011fini, kendisi taraf\u0131ndan bilinen t\u00fcm ko\u015fullar\u0131 dikkate alarak gereken dikkatle incelemekle y\u00fck\u00fcml\u00fcd\u00fcr. Her iki taraf\u0131n \u00e7\u0131karlar\u0131n\u0131 yans\u0131tan yorum ilkesi&#8230;<\/p>\n","protected":false},"author":1,"featured_media":10692,"parent":11641,"menu_order":0,"comment_status":"closed","ping_status":"closed","template":"","meta":{"footnotes":""},"class_list":["post-12346","page","type-page","status-publish","has-post-thumbnail","hentry"],"yoast_head":"<!-- This site is optimized with the Yoast SEO Premium plugin v27.2 (Yoast SEO v27.4) - https:\/\/yoast.com\/product\/yoast-seo-premium-wordpress\/ -->\n<title>Rechtsanwaltskanzlei in Hamburg Berlin Bremen Hannover L\u00fcbeck<\/title>\n<meta name=\"description\" content=\"Rechtsanwaltskanzlei f\u00fcr Arbeitsrecht, Arzthaftung, Mietrecht, Gewerbemietrecht ,Gastronomierecht, Immobilienrecht, Schadensersatz Yachtrecht\" \/>\n<meta name=\"robots\" content=\"index, follow, max-snippet:-1, max-image-preview:large, max-video-preview:-1\" \/>\n<link rel=\"canonical\" href=\"https:\/\/www.kanzlei-steinwachs.de\/tr\/is-hukuku-kararlari\/canta-kararlari-2007\/tazminat-makbuzu\/\" \/>\n<meta property=\"og:locale\" content=\"tr_TR\" \/>\n<meta property=\"og:type\" content=\"article\" \/>\n<meta property=\"og:title\" content=\"Rechtsanwaltskanzlei in Hamburg Berlin Bremen Hannover L\u00fcbeck\" \/>\n<meta property=\"og:description\" content=\"Rechtsanwaltskanzlei f\u00fcr Arbeitsrecht, Arzthaftung, Mietrecht, Gewerbemietrecht ,Gastronomierecht, Immobilienrecht, Schadensersatz Yachtrecht\" \/>\n<meta property=\"og:url\" content=\"https:\/\/www.kanzlei-steinwachs.de\/tr\/is-hukuku-kararlari\/canta-kararlari-2007\/tazminat-makbuzu\/\" \/>\n<meta property=\"og:site_name\" content=\"Rechtsanwaltskanzlei Anwalt Hamburg Berlin Bremen Hannover L\u00fcbeck\" \/>\n<meta property=\"article:publisher\" content=\"https:\/\/www.facebook.com\/STEINWACHSRechtsanwaltskanzlei\/\" \/>\n<meta property=\"article:modified_time\" content=\"2023-11-23T07:03:59+00:00\" \/>\n<meta name=\"twitter:card\" content=\"summary_large_image\" \/>\n<meta name=\"twitter:site\" content=\"@rasteinwachs\" \/>\n<meta name=\"twitter:label1\" content=\"Tahmini okuma s\u00fcresi\" \/>\n\t<meta name=\"twitter:data1\" content=\"1 dakika\" \/>\n<script type=\"application\/ld+json\" class=\"yoast-schema-graph\">{\"@context\":\"https:\\\/\\\/schema.org\",\"@graph\":[{\"@type\":\"WebPage\",\"@id\":\"https:\\\/\\\/www.kanzlei-steinwachs.de\\\/tr\\\/is-hukuku-kararlari\\\/canta-kararlari-2007\\\/tazminat-makbuzu\\\/\",\"url\":\"https:\\\/\\\/www.kanzlei-steinwachs.de\\\/tr\\\/is-hukuku-kararlari\\\/canta-kararlari-2007\\\/tazminat-makbuzu\\\/\",\"name\":\"Rechtsanwaltskanzlei in Hamburg Berlin Bremen Hannover L\u00fcbeck\",\"isPartOf\":{\"@id\":\"https:\\\/\\\/www.kanzlei-steinwachs.de\\\/tr\\\/#website\"},\"primaryImageOfPage\":{\"@id\":\"https:\\\/\\\/www.kanzlei-steinwachs.de\\\/tr\\\/is-hukuku-kararlari\\\/canta-kararlari-2007\\\/tazminat-makbuzu\\\/#primaryimage\"},\"image\":{\"@id\":\"https:\\\/\\\/www.kanzlei-steinwachs.de\\\/tr\\\/is-hukuku-kararlari\\\/canta-kararlari-2007\\\/tazminat-makbuzu\\\/#primaryimage\"},\"thumbnailUrl\":\"https:\\\/\\\/i0.wp.com\\\/www.kanzlei-steinwachs.de\\\/wp-content\\\/uploads\\\/2023\\\/11\\\/Bundesarbeitsgericht_Urteile_2007.webp?fit=200%2C100&quality=20&ssl=1\",\"datePublished\":\"2023-11-20T07:59:49+00:00\",\"dateModified\":\"2023-11-23T07:03:59+00:00\",\"description\":\"Rechtsanwaltskanzlei f\u00fcr Arbeitsrecht, Arzthaftung, Mietrecht, Gewerbemietrecht ,Gastronomierecht, Immobilienrecht, Schadensersatz Yachtrecht\",\"breadcrumb\":{\"@id\":\"https:\\\/\\\/www.kanzlei-steinwachs.de\\\/tr\\\/is-hukuku-kararlari\\\/canta-kararlari-2007\\\/tazminat-makbuzu\\\/#breadcrumb\"},\"inLanguage\":\"tr\",\"potentialAction\":[{\"@type\":\"ReadAction\",\"target\":[\"https:\\\/\\\/www.kanzlei-steinwachs.de\\\/tr\\\/is-hukuku-kararlari\\\/canta-kararlari-2007\\\/tazminat-makbuzu\\\/\"]}]},{\"@type\":\"ImageObject\",\"inLanguage\":\"tr\",\"@id\":\"https:\\\/\\\/www.kanzlei-steinwachs.de\\\/tr\\\/is-hukuku-kararlari\\\/canta-kararlari-2007\\\/tazminat-makbuzu\\\/#primaryimage\",\"url\":\"https:\\\/\\\/i0.wp.com\\\/www.kanzlei-steinwachs.de\\\/wp-content\\\/uploads\\\/2023\\\/11\\\/Bundesarbeitsgericht_Urteile_2007.webp?fit=200%2C100&quality=20&ssl=1\",\"contentUrl\":\"https:\\\/\\\/i0.wp.com\\\/www.kanzlei-steinwachs.de\\\/wp-content\\\/uploads\\\/2023\\\/11\\\/Bundesarbeitsgericht_Urteile_2007.webp?fit=200%2C100&quality=20&ssl=1\",\"width\":200,\"height\":100,\"caption\":\"Rechtliche Wirkung einer K\u00fcndigung\"},{\"@type\":\"BreadcrumbList\",\"@id\":\"https:\\\/\\\/www.kanzlei-steinwachs.de\\\/tr\\\/is-hukuku-kararlari\\\/canta-kararlari-2007\\\/tazminat-makbuzu\\\/#breadcrumb\",\"itemListElement\":[{\"@type\":\"ListItem\",\"position\":1,\"name\":\"\u0130\u015f hukuku kararlar\u0131\",\"item\":\"https:\\\/\\\/www.kanzlei-steinwachs.de\\\/tr\\\/is-hukuku-kararlari\\\/\"},{\"@type\":\"ListItem\",\"position\":2,\"name\":\"\u00c7anta kararlar\u0131 2007\",\"item\":\"https:\\\/\\\/www.kanzlei-steinwachs.de\\\/tr\\\/arbeitsrecht-urteile\\\/bag-urteile-2007\\\/\"},{\"@type\":\"ListItem\",\"position\":3,\"name\":\"Tazminat makbuzu\"}]},{\"@type\":\"WebSite\",\"@id\":\"https:\\\/\\\/www.kanzlei-steinwachs.de\\\/tr\\\/#website\",\"url\":\"https:\\\/\\\/www.kanzlei-steinwachs.de\\\/tr\\\/\",\"name\":\"Rechtsanwaltskanzlei Anwalt Hamburg Berlin Bremen Hannover L\u00fcbeck\",\"description\":\"Wir leisten mehr als Recht bietet\",\"publisher\":{\"@id\":\"https:\\\/\\\/www.kanzlei-steinwachs.de\\\/tr\\\/#organization\"},\"potentialAction\":[{\"@type\":\"SearchAction\",\"target\":{\"@type\":\"EntryPoint\",\"urlTemplate\":\"https:\\\/\\\/www.kanzlei-steinwachs.de\\\/tr\\\/?s={search_term_string}\"},\"query-input\":{\"@type\":\"PropertyValueSpecification\",\"valueRequired\":true,\"valueName\":\"search_term_string\"}}],\"inLanguage\":\"tr\"},{\"@type\":[\"Organization\",\"Place\"],\"@id\":\"https:\\\/\\\/www.kanzlei-steinwachs.de\\\/tr\\\/#organization\",\"name\":\"Rechtsanwaltskanzlei Anwalt Hamburg Berlin Bremen Hannover L\u00fcbeck\",\"url\":\"https:\\\/\\\/www.kanzlei-steinwachs.de\\\/\",\"logo\":{\"@type\":\"ImageObject\",\"inLanguage\":\"tr\",\"@id\":\"https:\\\/\\\/www.kanzlei-steinwachs.de\\\/tr\\\/#\\\/schema\\\/logo\\\/image\\\/\",\"url\":\"https:\\\/\\\/i0.wp.com\\\/www.kanzlei-steinwachs.de\\\/wp-content\\\/uploads\\\/2023\\\/12\\\/logo.webp?fit=174%2C76&quality=80&ssl=1\",\"contentUrl\":\"https:\\\/\\\/i0.wp.com\\\/www.kanzlei-steinwachs.de\\\/wp-content\\\/uploads\\\/2023\\\/12\\\/logo.webp?fit=174%2C76&quality=80&ssl=1\",\"width\":174,\"height\":76,\"caption\":\"Rechtsanwaltskanzlei Anwalt Hamburg Berlin Bremen Hannover L\u00fcbeck\"},\"image\":{\"@id\":\"https:\\\/\\\/www.kanzlei-steinwachs.de\\\/tr\\\/#\\\/schema\\\/logo\\\/image\\\/\"},\"sameAs\":[\"https:\\\/\\\/www.facebook.com\\\/STEINWACHSRechtsanwaltskanzlei\\\/\",\"https:\\\/\\\/x.com\\\/rasteinwachs\",\"https:\\\/\\\/www.instagram.com\\\/steinwachs_rechtsanwaelte\\\/\",\"https:\\\/\\\/www.linkedin.com\\\/in\\\/stephan-steinwachs-7a270197\\\/\",\"https:\\\/\\\/www.youtube.com\\\/channel\\\/UCffmodDlQx81remXm395RWA\"],\"telephone\":[]}]}<\/script>\n<!-- \/ Yoast SEO Premium plugin. -->","yoast_head_json":{"title":"Rechtsanwaltskanzlei in Hamburg Berlin Bremen Hannover L\u00fcbeck","description":"Rechtsanwaltskanzlei f\u00fcr Arbeitsrecht, Arzthaftung, Mietrecht, Gewerbemietrecht ,Gastronomierecht, Immobilienrecht, Schadensersatz Yachtrecht","robots":{"index":"index","follow":"follow","max-snippet":"max-snippet:-1","max-image-preview":"max-image-preview:large","max-video-preview":"max-video-preview:-1"},"canonical":"https:\/\/www.kanzlei-steinwachs.de\/tr\/is-hukuku-kararlari\/canta-kararlari-2007\/tazminat-makbuzu\/","og_locale":"tr_TR","og_type":"article","og_title":"Rechtsanwaltskanzlei in Hamburg Berlin Bremen Hannover L\u00fcbeck","og_description":"Rechtsanwaltskanzlei f\u00fcr Arbeitsrecht, Arzthaftung, Mietrecht, Gewerbemietrecht ,Gastronomierecht, Immobilienrecht, Schadensersatz Yachtrecht","og_url":"https:\/\/www.kanzlei-steinwachs.de\/tr\/is-hukuku-kararlari\/canta-kararlari-2007\/tazminat-makbuzu\/","og_site_name":"Rechtsanwaltskanzlei Anwalt Hamburg Berlin Bremen Hannover L\u00fcbeck","article_publisher":"https:\/\/www.facebook.com\/STEINWACHSRechtsanwaltskanzlei\/","article_modified_time":"2023-11-23T07:03:59+00:00","twitter_card":"summary_large_image","twitter_site":"@rasteinwachs","twitter_misc":{"Tahmini okuma s\u00fcresi":"1 dakika"},"schema":{"@context":"https:\/\/schema.org","@graph":[{"@type":"WebPage","@id":"https:\/\/www.kanzlei-steinwachs.de\/tr\/is-hukuku-kararlari\/canta-kararlari-2007\/tazminat-makbuzu\/","url":"https:\/\/www.kanzlei-steinwachs.de\/tr\/is-hukuku-kararlari\/canta-kararlari-2007\/tazminat-makbuzu\/","name":"Rechtsanwaltskanzlei in Hamburg Berlin Bremen Hannover L\u00fcbeck","isPartOf":{"@id":"https:\/\/www.kanzlei-steinwachs.de\/tr\/#website"},"primaryImageOfPage":{"@id":"https:\/\/www.kanzlei-steinwachs.de\/tr\/is-hukuku-kararlari\/canta-kararlari-2007\/tazminat-makbuzu\/#primaryimage"},"image":{"@id":"https:\/\/www.kanzlei-steinwachs.de\/tr\/is-hukuku-kararlari\/canta-kararlari-2007\/tazminat-makbuzu\/#primaryimage"},"thumbnailUrl":"https:\/\/i0.wp.com\/www.kanzlei-steinwachs.de\/wp-content\/uploads\/2023\/11\/Bundesarbeitsgericht_Urteile_2007.webp?fit=200%2C100&quality=20&ssl=1","datePublished":"2023-11-20T07:59:49+00:00","dateModified":"2023-11-23T07:03:59+00:00","description":"Rechtsanwaltskanzlei f\u00fcr Arbeitsrecht, Arzthaftung, Mietrecht, Gewerbemietrecht ,Gastronomierecht, Immobilienrecht, Schadensersatz Yachtrecht","breadcrumb":{"@id":"https:\/\/www.kanzlei-steinwachs.de\/tr\/is-hukuku-kararlari\/canta-kararlari-2007\/tazminat-makbuzu\/#breadcrumb"},"inLanguage":"tr","potentialAction":[{"@type":"ReadAction","target":["https:\/\/www.kanzlei-steinwachs.de\/tr\/is-hukuku-kararlari\/canta-kararlari-2007\/tazminat-makbuzu\/"]}]},{"@type":"ImageObject","inLanguage":"tr","@id":"https:\/\/www.kanzlei-steinwachs.de\/tr\/is-hukuku-kararlari\/canta-kararlari-2007\/tazminat-makbuzu\/#primaryimage","url":"https:\/\/i0.wp.com\/www.kanzlei-steinwachs.de\/wp-content\/uploads\/2023\/11\/Bundesarbeitsgericht_Urteile_2007.webp?fit=200%2C100&quality=20&ssl=1","contentUrl":"https:\/\/i0.wp.com\/www.kanzlei-steinwachs.de\/wp-content\/uploads\/2023\/11\/Bundesarbeitsgericht_Urteile_2007.webp?fit=200%2C100&quality=20&ssl=1","width":200,"height":100,"caption":"Rechtliche Wirkung einer K\u00fcndigung"},{"@type":"BreadcrumbList","@id":"https:\/\/www.kanzlei-steinwachs.de\/tr\/is-hukuku-kararlari\/canta-kararlari-2007\/tazminat-makbuzu\/#breadcrumb","itemListElement":[{"@type":"ListItem","position":1,"name":"\u0130\u015f hukuku kararlar\u0131","item":"https:\/\/www.kanzlei-steinwachs.de\/tr\/is-hukuku-kararlari\/"},{"@type":"ListItem","position":2,"name":"\u00c7anta kararlar\u0131 2007","item":"https:\/\/www.kanzlei-steinwachs.de\/tr\/arbeitsrecht-urteile\/bag-urteile-2007\/"},{"@type":"ListItem","position":3,"name":"Tazminat makbuzu"}]},{"@type":"WebSite","@id":"https:\/\/www.kanzlei-steinwachs.de\/tr\/#website","url":"https:\/\/www.kanzlei-steinwachs.de\/tr\/","name":"Rechtsanwaltskanzlei Anwalt Hamburg Berlin Bremen Hannover L\u00fcbeck","description":"Wir leisten mehr als Recht bietet","publisher":{"@id":"https:\/\/www.kanzlei-steinwachs.de\/tr\/#organization"},"potentialAction":[{"@type":"SearchAction","target":{"@type":"EntryPoint","urlTemplate":"https:\/\/www.kanzlei-steinwachs.de\/tr\/?s={search_term_string}"},"query-input":{"@type":"PropertyValueSpecification","valueRequired":true,"valueName":"search_term_string"}}],"inLanguage":"tr"},{"@type":["Organization","Place"],"@id":"https:\/\/www.kanzlei-steinwachs.de\/tr\/#organization","name":"Rechtsanwaltskanzlei Anwalt Hamburg Berlin Bremen Hannover L\u00fcbeck","url":"https:\/\/www.kanzlei-steinwachs.de\/","logo":{"@type":"ImageObject","inLanguage":"tr","@id":"https:\/\/www.kanzlei-steinwachs.de\/tr\/#\/schema\/logo\/image\/","url":"https:\/\/i0.wp.com\/www.kanzlei-steinwachs.de\/wp-content\/uploads\/2023\/12\/logo.webp?fit=174%2C76&quality=80&ssl=1","contentUrl":"https:\/\/i0.wp.com\/www.kanzlei-steinwachs.de\/wp-content\/uploads\/2023\/12\/logo.webp?fit=174%2C76&quality=80&ssl=1","width":174,"height":76,"caption":"Rechtsanwaltskanzlei Anwalt Hamburg Berlin Bremen Hannover L\u00fcbeck"},"image":{"@id":"https:\/\/www.kanzlei-steinwachs.de\/tr\/#\/schema\/logo\/image\/"},"sameAs":["https:\/\/www.facebook.com\/STEINWACHSRechtsanwaltskanzlei\/","https:\/\/x.com\/rasteinwachs","https:\/\/www.instagram.com\/steinwachs_rechtsanwaelte\/","https:\/\/www.linkedin.com\/in\/stephan-steinwachs-7a270197\/","https:\/\/www.youtube.com\/channel\/UCffmodDlQx81remXm395RWA"],"telephone":[]}]}},"jetpack_sharing_enabled":true,"_links":{"self":[{"href":"https:\/\/www.kanzlei-steinwachs.de\/tr\/wp-json\/wp\/v2\/pages\/12346","targetHints":{"allow":["GET"]}}],"collection":[{"href":"https:\/\/www.kanzlei-steinwachs.de\/tr\/wp-json\/wp\/v2\/pages"}],"about":[{"href":"https:\/\/www.kanzlei-steinwachs.de\/tr\/wp-json\/wp\/v2\/types\/page"}],"author":[{"embeddable":true,"href":"https:\/\/www.kanzlei-steinwachs.de\/tr\/wp-json\/wp\/v2\/users\/1"}],"replies":[{"embeddable":true,"href":"https:\/\/www.kanzlei-steinwachs.de\/tr\/wp-json\/wp\/v2\/comments?post=12346"}],"version-history":[{"count":0,"href":"https:\/\/www.kanzlei-steinwachs.de\/tr\/wp-json\/wp\/v2\/pages\/12346\/revisions"}],"up":[{"embeddable":true,"href":"https:\/\/www.kanzlei-steinwachs.de\/tr\/wp-json\/wp\/v2\/pages\/11641"}],"wp:featuredmedia":[{"embeddable":true,"href":"https:\/\/www.kanzlei-steinwachs.de\/tr\/wp-json\/wp\/v2\/media\/10692"}],"wp:attachment":[{"href":"https:\/\/www.kanzlei-steinwachs.de\/tr\/wp-json\/wp\/v2\/media?parent=12346"}],"curies":[{"name":"wp","href":"https:\/\/api.w.org\/{rel}","templated":true}]}}