{"id":12315,"date":"2023-11-21T05:27:47","date_gmt":"2023-11-21T04:27:47","guid":{"rendered":"https:\/\/www.kanzlei-steinwachs.de\/hasar-kanunu\/ucak-kazasinda-tazminat\/"},"modified":"2023-11-23T07:57:05","modified_gmt":"2023-11-23T06:57:05","slug":"ucak-kazasinda-tazminat","status":"publish","type":"page","link":"https:\/\/www.kanzlei-steinwachs.de\/tr\/hasar-kanunu\/ucak-kazasinda-tazminat\/","title":{"rendered":"U\u00e7ak kazas\u0131nda tazminat"},"content":{"rendered":"<div class=\"wpb-content-wrapper\"><p>[vc_row triangle_shape=&#8221;no&#8221; css=&#8221;.vc_custom_1700540925872{margin-bottom: 50px !important;}&#8221;][vc_column][vc_column_text]Hayatta kalanlar\u0131n tazminat talepleri, havayollar\u0131n\u0131n yapt\u0131\u011f\u0131 g\u00f6n\u00fcll\u00fc \u00f6demelerden d\u00fczenli olarak \u00f6nemli \u00f6l\u00e7\u00fcde daha y\u00fcksektir. \u00d6zel hayat ve kaza sigortalar\u0131ndan da \u00f6deme talepleri bulunmaktad\u0131r. Ancak sigorta \u015firketleri hak sahiplerine kendi inisiyatifleriyle yakla\u015fmad\u0131klar\u0131 ve hatta genellikle me\u015fru talepleri reddetmeye \u00e7al\u0131\u015ft\u0131klar\u0131 i\u00e7in mutlaka hukuki yard\u0131m almal\u0131s\u0131n\u0131z. Bu, u\u00e7ak kazalar\u0131 da dahil olmak \u00fczere t\u00fcm tazminat talepleri i\u00e7in ge\u00e7erlidir. \u00c7o\u011fu havayolu \u015firketi genellikle kendi inisiyatifleriyle \u00f6demeler sunsa da, bu tutar\u0131n toplam\u0131 bazen \u00e7ok y\u00fcksek olabiliyor, asl\u0131nda hayatta kalanlar\u0131n haklar\u0131n\u0131 kar\u015f\u0131lamaya yakla\u015fm\u0131yorlar. U\u00e7ak kazas\u0131 ma\u011fdurlar\u0131n\u0131n habersiz yak\u0131nlar\u0131, yasl\u0131 olduklar\u0131 i\u00e7in \u00e7o\u011fu zaman kendilerine sunulan teklifleri itirazs\u0131z kabul ediyorlar. Ancak daha sonra, \u00f6zellikle nafaka y\u00fck\u00fcml\u00fcs\u00fcn\u00fcn \u00f6l\u00fcm\u00fc halinde, al\u0131nan miktar\u0131n yeterli olmad\u0131\u011f\u0131 ve maddi ko\u015fullar\u0131n yan\u0131 s\u0131ra ki\u015finin kendi ac\u0131s\u0131ndan faydalan\u0131ld\u0131\u011f\u0131 y\u00f6n\u00fcndeki hakl\u0131 duygunun durumu daha da karma\u015f\u0131k hale getirdi\u011fi ortaya \u00e7\u0131k\u0131yor. u\u00e7ak kazas\u0131n\u0131n neden oldu\u011fu genel durum. U\u00e7ak kazas\u0131ndan kaynaklanan hasarlara ili\u015fkin m\u00fcteakip \u00f6demeler genellikle havayollar\u0131 taraf\u0131ndan s\u00f6zle\u015fmeye ba\u011fl\u0131 olarak hari\u00e7 tutulmaktad\u0131r. Tazminat hukuku konusunda tecr\u00fcbeli bir avukat, olaya gerekli mesafeden sizi haklar\u0131n\u0131z ve talepleriniz konusunda bilgilendirecek, hava yolu \u015firketlerinden ve sigorta \u015firketlerinden sizi en iyi \u015fekilde koruyacak, ma\u011fdur oldu\u011fu iddia edilen taraflar\u0131n ma\u011fduriyet ya\u015famamas\u0131n\u0131 sa\u011flayacakt\u0131r. sana kar\u015f\u0131 durumlar\u0131. A\u015fa\u011f\u0131daki talepler mevcuttur: a) havayolunun sorumluluk sigortac\u0131s\u0131na kar\u015f\u0131 &#8211; Varislere intikal eden ac\u0131 ve \u0131st\u0131rap taleplerinin ileri s\u00fcr\u00fclmesi &#8211; Hayatta kalan bakmakla y\u00fck\u00fcml\u00fc olunan ki\u015filerin ac\u0131 ve \u0131zd\u0131raplar\u0131 i\u00e7in tazminat, \u00e7o\u011fu zaman \u015fok hasar\u0131 &#8211; E\u015fler i\u00e7in nafaka tazminat\u0131 talepleri ve \u00e7ocuklar &#8211; E\u015f ve \u00e7ocuklar i\u00e7in nakdi nafaka tazminatlar\u0131 &#8211; E\u015f ve \u00e7ocuklar i\u00e7in \u00e7ocuk bak\u0131m nafakas\u0131 tazminatlar\u0131 &#8211; Ev i\u015fi ve aile i\u015flerinin kayb\u0131 &#8211; Cenaze masraflar\u0131 b) \u00f6zel kaza sigortas\u0131ndan &#8211; Maluliyet durumunda yard\u0131m talepleri &#8211; Ge\u00e7i\u015f d\u00f6nemi talepleri s\u00fcre &#8211; G\u00fcnl\u00fck hastane \u00f6dene\u011fi &#8211; Nekahet \u00f6dene\u011fi &#8211; \u00d6l\u00fcm durumunda yard\u0131m talepleri Davalar genellikle acil yasal i\u015flem gerektirdi\u011finden, resmi tatillerde ve hafta sonlar\u0131nda da randevular sunuyoruz. Tazminat konusuna ili\u015fkin kapsaml\u0131 <a title=\"hasarlar\" href=\"http:\/\/schadensersatz.net\/\" target=\"_blank\" rel=\"noopener\">bilgiyi Schadenssatz.net portal\u0131m\u0131zda bulabilirsiniz.<\/a>[\/vc_column_text][\/vc_column][\/vc_row]<\/p>\n<\/div>","protected":false},"excerpt":{"rendered":"<p>[vc_row triangle_shape=&#8221;no&#8221; css=&#8221;.vc_custom_1700540925872{margin-bottom: 50px !important;}&#8221;][vc_column][vc_column_text]Hayatta kalanlar\u0131n tazminat talepleri, havayollar\u0131n\u0131n yapt\u0131\u011f\u0131 g\u00f6n\u00fcll\u00fc \u00f6demelerden d\u00fczenli olarak \u00f6nemli \u00f6l\u00e7\u00fcde daha y\u00fcksektir. \u00d6zel hayat ve kaza sigortalar\u0131ndan da \u00f6deme talepleri bulunmaktad\u0131r. Ancak sigorta \u015firketleri hak sahiplerine kendi inisiyatifleriyle yakla\u015fmad\u0131klar\u0131 ve hatta genellikle me\u015fru talepleri reddetmeye \u00e7al\u0131\u015ft\u0131klar\u0131 i\u00e7in mutlaka hukuki yard\u0131m almal\u0131s\u0131n\u0131z. Bu, u\u00e7ak kazalar\u0131 da dahil olmak \u00fczere t\u00fcm tazminat talepleri i\u00e7in ge\u00e7erlidir. \u00c7o\u011fu havayolu \u015firketi genellikle kendi inisiyatifleriyle \u00f6demeler sunsa da, bu tutar\u0131n toplam\u0131 bazen \u00e7ok y\u00fcksek olabiliyor, asl\u0131nda hayatta kalanlar\u0131n haklar\u0131n\u0131 kar\u015f\u0131lamaya yakla\u015fm\u0131yorlar. U\u00e7ak kazas\u0131 ma\u011fdurlar\u0131n\u0131n habersiz yak\u0131nlar\u0131, yasl\u0131 olduklar\u0131 i\u00e7in \u00e7o\u011fu zaman kendilerine sunulan teklifleri itirazs\u0131z kabul ediyorlar. Ancak daha sonra,&#8230;<\/p>\n","protected":false},"author":1,"featured_media":0,"parent":9965,"menu_order":0,"comment_status":"closed","ping_status":"closed","template":"","meta":{"footnotes":""},"class_list":["post-12315","page","type-page","status-publish","hentry"],"yoast_head":"<!-- This site is optimized with the Yoast SEO Premium plugin v27.2 (Yoast SEO v27.4) - https:\/\/yoast.com\/product\/yoast-seo-premium-wordpress\/ -->\n<title>Rechtsanwaltskanzlei in Hamburg Berlin Bremen Hannover L\u00fcbeck<\/title>\n<meta name=\"description\" content=\"Rechtsanwaltskanzlei f\u00fcr Arbeitsrecht, Arzthaftung, Mietrecht, Gewerbemietrecht ,Gastronomierecht, Immobilienrecht, Schadensersatz Yachtrecht\" \/>\n<meta name=\"robots\" content=\"index, follow, max-snippet:-1, max-image-preview:large, max-video-preview:-1\" \/>\n<link rel=\"canonical\" href=\"https:\/\/www.kanzlei-steinwachs.de\/tr\/hasar-kanunu\/ucak-kazasinda-tazminat\/\" \/>\n<meta property=\"og:locale\" content=\"tr_TR\" \/>\n<meta property=\"og:type\" content=\"article\" \/>\n<meta property=\"og:title\" content=\"Rechtsanwaltskanzlei in Hamburg Berlin Bremen Hannover L\u00fcbeck\" \/>\n<meta property=\"og:description\" content=\"Rechtsanwaltskanzlei f\u00fcr Arbeitsrecht, Arzthaftung, Mietrecht, Gewerbemietrecht ,Gastronomierecht, Immobilienrecht, Schadensersatz Yachtrecht\" \/>\n<meta property=\"og:url\" content=\"https:\/\/www.kanzlei-steinwachs.de\/tr\/hasar-kanunu\/ucak-kazasinda-tazminat\/\" \/>\n<meta property=\"og:site_name\" content=\"Rechtsanwaltskanzlei Anwalt Hamburg Berlin Bremen Hannover L\u00fcbeck\" \/>\n<meta property=\"article:publisher\" content=\"https:\/\/www.facebook.com\/STEINWACHSRechtsanwaltskanzlei\/\" \/>\n<meta property=\"article:modified_time\" content=\"2023-11-23T06:57:05+00:00\" \/>\n<meta name=\"twitter:card\" content=\"summary_large_image\" \/>\n<meta name=\"twitter:site\" content=\"@rasteinwachs\" \/>\n<meta name=\"twitter:label1\" content=\"Tahmini okuma s\u00fcresi\" \/>\n\t<meta name=\"twitter:data1\" content=\"2 dakika\" \/>\n<script type=\"application\/ld+json\" class=\"yoast-schema-graph\">{\"@context\":\"https:\\\/\\\/schema.org\",\"@graph\":[{\"@type\":\"WebPage\",\"@id\":\"https:\\\/\\\/www.kanzlei-steinwachs.de\\\/tr\\\/hasar-kanunu\\\/ucak-kazasinda-tazminat\\\/\",\"url\":\"https:\\\/\\\/www.kanzlei-steinwachs.de\\\/tr\\\/hasar-kanunu\\\/ucak-kazasinda-tazminat\\\/\",\"name\":\"Rechtsanwaltskanzlei in Hamburg Berlin Bremen Hannover L\u00fcbeck\",\"isPartOf\":{\"@id\":\"https:\\\/\\\/www.kanzlei-steinwachs.de\\\/tr\\\/#website\"},\"datePublished\":\"2023-11-21T04:27:47+00:00\",\"dateModified\":\"2023-11-23T06:57:05+00:00\",\"description\":\"Rechtsanwaltskanzlei f\u00fcr Arbeitsrecht, Arzthaftung, Mietrecht, Gewerbemietrecht ,Gastronomierecht, Immobilienrecht, Schadensersatz Yachtrecht\",\"breadcrumb\":{\"@id\":\"https:\\\/\\\/www.kanzlei-steinwachs.de\\\/tr\\\/hasar-kanunu\\\/ucak-kazasinda-tazminat\\\/#breadcrumb\"},\"inLanguage\":\"tr\",\"potentialAction\":[{\"@type\":\"ReadAction\",\"target\":[\"https:\\\/\\\/www.kanzlei-steinwachs.de\\\/tr\\\/hasar-kanunu\\\/ucak-kazasinda-tazminat\\\/\"]}]},{\"@type\":\"BreadcrumbList\",\"@id\":\"https:\\\/\\\/www.kanzlei-steinwachs.de\\\/tr\\\/hasar-kanunu\\\/ucak-kazasinda-tazminat\\\/#breadcrumb\",\"itemListElement\":[{\"@type\":\"ListItem\",\"position\":1,\"name\":\"Hasar kanunu\",\"item\":\"https:\\\/\\\/www.kanzlei-steinwachs.de\\\/tr\\\/hasar-kanunu\\\/\"},{\"@type\":\"ListItem\",\"position\":2,\"name\":\"U\u00e7ak kazas\u0131nda tazminat\"}]},{\"@type\":\"WebSite\",\"@id\":\"https:\\\/\\\/www.kanzlei-steinwachs.de\\\/tr\\\/#website\",\"url\":\"https:\\\/\\\/www.kanzlei-steinwachs.de\\\/tr\\\/\",\"name\":\"Rechtsanwaltskanzlei Anwalt Hamburg Berlin Bremen Hannover L\u00fcbeck\",\"description\":\"Wir leisten mehr als Recht bietet\",\"publisher\":{\"@id\":\"https:\\\/\\\/www.kanzlei-steinwachs.de\\\/tr\\\/#organization\"},\"potentialAction\":[{\"@type\":\"SearchAction\",\"target\":{\"@type\":\"EntryPoint\",\"urlTemplate\":\"https:\\\/\\\/www.kanzlei-steinwachs.de\\\/tr\\\/?s={search_term_string}\"},\"query-input\":{\"@type\":\"PropertyValueSpecification\",\"valueRequired\":true,\"valueName\":\"search_term_string\"}}],\"inLanguage\":\"tr\"},{\"@type\":[\"Organization\",\"Place\"],\"@id\":\"https:\\\/\\\/www.kanzlei-steinwachs.de\\\/tr\\\/#organization\",\"name\":\"Rechtsanwaltskanzlei Anwalt Hamburg Berlin Bremen Hannover L\u00fcbeck\",\"url\":\"https:\\\/\\\/www.kanzlei-steinwachs.de\\\/\",\"logo\":{\"@type\":\"ImageObject\",\"inLanguage\":\"tr\",\"@id\":\"https:\\\/\\\/www.kanzlei-steinwachs.de\\\/tr\\\/#\\\/schema\\\/logo\\\/image\\\/\",\"url\":\"https:\\\/\\\/i0.wp.com\\\/www.kanzlei-steinwachs.de\\\/wp-content\\\/uploads\\\/2023\\\/12\\\/logo.webp?fit=174%2C76&quality=80&ssl=1\",\"contentUrl\":\"https:\\\/\\\/i0.wp.com\\\/www.kanzlei-steinwachs.de\\\/wp-content\\\/uploads\\\/2023\\\/12\\\/logo.webp?fit=174%2C76&quality=80&ssl=1\",\"width\":174,\"height\":76,\"caption\":\"Rechtsanwaltskanzlei Anwalt Hamburg Berlin Bremen Hannover L\u00fcbeck\"},\"image\":{\"@id\":\"https:\\\/\\\/www.kanzlei-steinwachs.de\\\/tr\\\/#\\\/schema\\\/logo\\\/image\\\/\"},\"sameAs\":[\"https:\\\/\\\/www.facebook.com\\\/STEINWACHSRechtsanwaltskanzlei\\\/\",\"https:\\\/\\\/x.com\\\/rasteinwachs\",\"https:\\\/\\\/www.instagram.com\\\/steinwachs_rechtsanwaelte\\\/\",\"https:\\\/\\\/www.linkedin.com\\\/in\\\/stephan-steinwachs-7a270197\\\/\",\"https:\\\/\\\/www.youtube.com\\\/channel\\\/UCffmodDlQx81remXm395RWA\"],\"telephone\":[]}]}<\/script>\n<!-- \/ Yoast SEO Premium plugin. -->","yoast_head_json":{"title":"Rechtsanwaltskanzlei in Hamburg Berlin Bremen Hannover L\u00fcbeck","description":"Rechtsanwaltskanzlei f\u00fcr Arbeitsrecht, Arzthaftung, Mietrecht, Gewerbemietrecht ,Gastronomierecht, Immobilienrecht, Schadensersatz Yachtrecht","robots":{"index":"index","follow":"follow","max-snippet":"max-snippet:-1","max-image-preview":"max-image-preview:large","max-video-preview":"max-video-preview:-1"},"canonical":"https:\/\/www.kanzlei-steinwachs.de\/tr\/hasar-kanunu\/ucak-kazasinda-tazminat\/","og_locale":"tr_TR","og_type":"article","og_title":"Rechtsanwaltskanzlei in Hamburg Berlin Bremen Hannover L\u00fcbeck","og_description":"Rechtsanwaltskanzlei f\u00fcr Arbeitsrecht, Arzthaftung, Mietrecht, Gewerbemietrecht ,Gastronomierecht, Immobilienrecht, Schadensersatz Yachtrecht","og_url":"https:\/\/www.kanzlei-steinwachs.de\/tr\/hasar-kanunu\/ucak-kazasinda-tazminat\/","og_site_name":"Rechtsanwaltskanzlei Anwalt Hamburg Berlin Bremen Hannover L\u00fcbeck","article_publisher":"https:\/\/www.facebook.com\/STEINWACHSRechtsanwaltskanzlei\/","article_modified_time":"2023-11-23T06:57:05+00:00","twitter_card":"summary_large_image","twitter_site":"@rasteinwachs","twitter_misc":{"Tahmini okuma s\u00fcresi":"2 dakika"},"schema":{"@context":"https:\/\/schema.org","@graph":[{"@type":"WebPage","@id":"https:\/\/www.kanzlei-steinwachs.de\/tr\/hasar-kanunu\/ucak-kazasinda-tazminat\/","url":"https:\/\/www.kanzlei-steinwachs.de\/tr\/hasar-kanunu\/ucak-kazasinda-tazminat\/","name":"Rechtsanwaltskanzlei in Hamburg Berlin Bremen Hannover L\u00fcbeck","isPartOf":{"@id":"https:\/\/www.kanzlei-steinwachs.de\/tr\/#website"},"datePublished":"2023-11-21T04:27:47+00:00","dateModified":"2023-11-23T06:57:05+00:00","description":"Rechtsanwaltskanzlei f\u00fcr Arbeitsrecht, Arzthaftung, Mietrecht, Gewerbemietrecht ,Gastronomierecht, Immobilienrecht, Schadensersatz Yachtrecht","breadcrumb":{"@id":"https:\/\/www.kanzlei-steinwachs.de\/tr\/hasar-kanunu\/ucak-kazasinda-tazminat\/#breadcrumb"},"inLanguage":"tr","potentialAction":[{"@type":"ReadAction","target":["https:\/\/www.kanzlei-steinwachs.de\/tr\/hasar-kanunu\/ucak-kazasinda-tazminat\/"]}]},{"@type":"BreadcrumbList","@id":"https:\/\/www.kanzlei-steinwachs.de\/tr\/hasar-kanunu\/ucak-kazasinda-tazminat\/#breadcrumb","itemListElement":[{"@type":"ListItem","position":1,"name":"Hasar kanunu","item":"https:\/\/www.kanzlei-steinwachs.de\/tr\/hasar-kanunu\/"},{"@type":"ListItem","position":2,"name":"U\u00e7ak kazas\u0131nda tazminat"}]},{"@type":"WebSite","@id":"https:\/\/www.kanzlei-steinwachs.de\/tr\/#website","url":"https:\/\/www.kanzlei-steinwachs.de\/tr\/","name":"Rechtsanwaltskanzlei Anwalt Hamburg Berlin Bremen Hannover L\u00fcbeck","description":"Wir leisten mehr als Recht bietet","publisher":{"@id":"https:\/\/www.kanzlei-steinwachs.de\/tr\/#organization"},"potentialAction":[{"@type":"SearchAction","target":{"@type":"EntryPoint","urlTemplate":"https:\/\/www.kanzlei-steinwachs.de\/tr\/?s={search_term_string}"},"query-input":{"@type":"PropertyValueSpecification","valueRequired":true,"valueName":"search_term_string"}}],"inLanguage":"tr"},{"@type":["Organization","Place"],"@id":"https:\/\/www.kanzlei-steinwachs.de\/tr\/#organization","name":"Rechtsanwaltskanzlei Anwalt Hamburg Berlin Bremen Hannover L\u00fcbeck","url":"https:\/\/www.kanzlei-steinwachs.de\/","logo":{"@type":"ImageObject","inLanguage":"tr","@id":"https:\/\/www.kanzlei-steinwachs.de\/tr\/#\/schema\/logo\/image\/","url":"https:\/\/i0.wp.com\/www.kanzlei-steinwachs.de\/wp-content\/uploads\/2023\/12\/logo.webp?fit=174%2C76&quality=80&ssl=1","contentUrl":"https:\/\/i0.wp.com\/www.kanzlei-steinwachs.de\/wp-content\/uploads\/2023\/12\/logo.webp?fit=174%2C76&quality=80&ssl=1","width":174,"height":76,"caption":"Rechtsanwaltskanzlei Anwalt Hamburg Berlin Bremen Hannover L\u00fcbeck"},"image":{"@id":"https:\/\/www.kanzlei-steinwachs.de\/tr\/#\/schema\/logo\/image\/"},"sameAs":["https:\/\/www.facebook.com\/STEINWACHSRechtsanwaltskanzlei\/","https:\/\/x.com\/rasteinwachs","https:\/\/www.instagram.com\/steinwachs_rechtsanwaelte\/","https:\/\/www.linkedin.com\/in\/stephan-steinwachs-7a270197\/","https:\/\/www.youtube.com\/channel\/UCffmodDlQx81remXm395RWA"],"telephone":[]}]}},"jetpack_sharing_enabled":true,"_links":{"self":[{"href":"https:\/\/www.kanzlei-steinwachs.de\/tr\/wp-json\/wp\/v2\/pages\/12315","targetHints":{"allow":["GET"]}}],"collection":[{"href":"https:\/\/www.kanzlei-steinwachs.de\/tr\/wp-json\/wp\/v2\/pages"}],"about":[{"href":"https:\/\/www.kanzlei-steinwachs.de\/tr\/wp-json\/wp\/v2\/types\/page"}],"author":[{"embeddable":true,"href":"https:\/\/www.kanzlei-steinwachs.de\/tr\/wp-json\/wp\/v2\/users\/1"}],"replies":[{"embeddable":true,"href":"https:\/\/www.kanzlei-steinwachs.de\/tr\/wp-json\/wp\/v2\/comments?post=12315"}],"version-history":[{"count":0,"href":"https:\/\/www.kanzlei-steinwachs.de\/tr\/wp-json\/wp\/v2\/pages\/12315\/revisions"}],"up":[{"embeddable":true,"href":"https:\/\/www.kanzlei-steinwachs.de\/tr\/wp-json\/wp\/v2\/pages\/9965"}],"wp:attachment":[{"href":"https:\/\/www.kanzlei-steinwachs.de\/tr\/wp-json\/wp\/v2\/media?parent=12315"}],"curies":[{"name":"wp","href":"https:\/\/api.w.org\/{rel}","templated":true}]}}