{"id":12297,"date":"2023-11-21T05:24:51","date_gmt":"2023-11-21T04:24:51","guid":{"rendered":"https:\/\/www.kanzlei-steinwachs.de\/bosanma-sonuc-anlasmasi\/"},"modified":"2023-11-23T07:47:15","modified_gmt":"2023-11-23T06:47:15","slug":"bosanma-sonuc-anlasmasi","status":"publish","type":"page","link":"https:\/\/www.kanzlei-steinwachs.de\/tr\/bosanma-sonuc-anlasmasi\/","title":{"rendered":"Bo\u015fanma Sonu\u00e7 Anla\u015fmas\u0131"},"content":{"rendered":"<div class=\"wpb-content-wrapper\"><p>[vc_row triangle_shape=&#8221;no&#8221; css=&#8221;.vc_custom_1700540727448{margin-bottom: 50px !important;}&#8221;][vc_column][vc_column_text]\u015eu anda bir ayr\u0131l\u0131k \u00f6ng\u00f6r\u00fclebilirse, bir bo\u015fanma uzla\u015fma s\u00f6zle\u015fmesi kaydedilmelidir. \u00d6zellikle, daha \u00f6nce s\u00f6zle\u015fme taraflar\u0131 taraf\u0131ndan oybirli\u011fiyle \u00e7\u00f6z\u00fclen sorunlar\u0131n art\u0131k mahkeme ba\u015fkan\u0131 taraf\u0131ndan \u00e7\u00f6z\u00fclmesi gerekmedi\u011fi i\u00e7in, adli bo\u015fanma prosed\u00fcr\u00fcn\u00fc basitle\u015ftirmeye hizmet etmektedir. Bo\u015fanma uzla\u015fma anla\u015fmas\u0131 bu nedenle ayr\u0131l\u0131\u011f\u0131 basitle\u015ftirir. Bo\u015fanma sonu\u00e7lar\u0131 s\u00f6zle\u015fmesi mevcutsa, aile mahkemesi &#8220;normal&#8221; bo\u015fanma prosed\u00fcr\u00fcnden daha h\u0131zl\u0131 ve daha ucuz bir s\u00fcre\u00e7te bo\u015fanmaya karar verebilir. Aile i\u015fleri mahkemesi, ancak e\u015flerin en az bir y\u0131ld\u0131r ayr\u0131 ya\u015famas\u0131 ve her iki e\u015fin de evlili\u011fin iptali i\u00e7in ba\u015fvurmas\u0131 veya e\u015flerden birinin di\u011ferini tan\u0131yarak evlili\u011fin iptali i\u00e7in ba\u015fvurmas\u0131 durumunda sulh yoluyla bo\u015fanmaya karar verebilir. Noter tasdikli bo\u015fanma anla\u015fmas\u0131 \u015funlar\u0131 i\u00e7ermelidir:     <\/p>\n<ul>\n<li>E\u015fler aras\u0131nda evlili\u011fin iptali konusunda yap\u0131lan anla\u015fma,<\/li>\n<li>Ortaklar\u0131n re\u015fit olmayan \u00e7ocuklar\u0131n velayet veya ziyaret haklar\u0131na ili\u015fkin beyanlar\u0131,<\/li>\n<li>M\u00fc\u015fterek \u00e7ocuklara ve hayat ortaklar\u0131 aras\u0131nda nafaka \u00f6demelerine ili\u015fkin anla\u015fmalar ve<\/li>\n<li>Evlilik konutunun kullan\u0131m\u0131na ve ev e\u015fyalar\u0131n\u0131n tahsisine ili\u015fkin anla\u015fmalar.<\/li>\n<\/ul>\n<p>Bu nedenle, bo\u015fanma sonras\u0131 baz\u0131 veya hatta herhangi bir anla\u015fmazl\u0131k hakk\u0131nda e\u015fiyle \u00f6nceden dostane bir anla\u015fmaya varabilen herkes, herhangi bir \u00e7aba harcamadan, bo\u015fanma sonras\u0131 bir anla\u015fmada bunu kabul etmelidir. Ancak e\u015flerin bu konuda kendilerine yard\u0131mc\u0131 olacak ortak bir avukatlar\u0131 olamaz. Avukat, m\u00fcvekkilinin avantajlar\u0131na sayg\u0131 g\u00f6stermek ve kendisi i\u00e7in m\u00fcmk\u00fcn olan en iyi sonucu elde etmek amac\u0131yla bunlarla m\u00fccadele etmekle y\u00fck\u00fcml\u00fcd\u00fcr. Kar\u015f\u0131t taraflar s\u00f6z konusu oldu\u011funda, ortak avukat\u0131n pratikte her iki e\u015fe de adalet sa\u011flayamamas\u0131 i\u00e7in, onlar\u0131n gereksinimleri de muhalif olmal\u0131d\u0131r. S\u00f6zle\u015fme ortaklar\u0131ndan yaln\u0131zca birinin hukuki destek almas\u0131, di\u011fer orta\u011f\u0131n ise konan h\u00fck\u00fcmleri kabul etmesi m\u00fcmk\u00fcnd\u00fcr. Aksine, bu durum hayat arkada\u015f\u0131n\u0131za kar\u015f\u0131 h\u0131zl\u0131 bir \u015fekilde ayr\u0131mc\u0131l\u0131\u011fa yol a\u00e7abilir ve bu onun i\u00e7in a\u00e7\u0131k olmal\u0131d\u0131r. Baz\u0131 durumlarda normalde kendisine ait olacak ekonomik pozisyonlar\u0131 kaybeder. Bu nedenle, sizi kendi hukuki durumunuza g\u00f6re temsil edecek bir hukuk uzman\u0131na sahip olman\u0131z kesinlikle faydal\u0131 olacakt\u0131r. Bo\u015fanma uzla\u015fma anla\u015fmalar\u0131 konulu <a title=\"Bo\u015fanma Sonu\u00e7 Anla\u015fmas\u0131\" href=\"http:\/\/scheidungsfolgenvereinbarung.net\/\" target=\"_blank\" rel=\"noopener\">blogumuzda aile hukuku ile ilgili her \u015feyi bulabilirsiniz.<\/a>[\/vc_column_text][\/vc_column][\/vc_row]<\/p>\n<\/div>","protected":false},"excerpt":{"rendered":"<p>[vc_row triangle_shape=&#8221;no&#8221; css=&#8221;.vc_custom_1700540727448{margin-bottom: 50px !important;}&#8221;][vc_column][vc_column_text]\u015eu anda bir ayr\u0131l\u0131k \u00f6ng\u00f6r\u00fclebilirse, bir bo\u015fanma uzla\u015fma s\u00f6zle\u015fmesi kaydedilmelidir. \u00d6zellikle, daha \u00f6nce s\u00f6zle\u015fme taraflar\u0131 taraf\u0131ndan oybirli\u011fiyle \u00e7\u00f6z\u00fclen sorunlar\u0131n art\u0131k mahkeme ba\u015fkan\u0131 taraf\u0131ndan \u00e7\u00f6z\u00fclmesi gerekmedi\u011fi i\u00e7in, adli bo\u015fanma prosed\u00fcr\u00fcn\u00fc basitle\u015ftirmeye hizmet etmektedir. Bo\u015fanma uzla\u015fma anla\u015fmas\u0131 bu nedenle ayr\u0131l\u0131\u011f\u0131 basitle\u015ftirir. Bo\u015fanma sonu\u00e7lar\u0131 s\u00f6zle\u015fmesi mevcutsa, aile mahkemesi &#8220;normal&#8221; bo\u015fanma prosed\u00fcr\u00fcnden daha h\u0131zl\u0131 ve daha ucuz bir s\u00fcre\u00e7te bo\u015fanmaya karar verebilir. Aile i\u015fleri mahkemesi, ancak e\u015flerin en az bir y\u0131ld\u0131r ayr\u0131 ya\u015famas\u0131 ve her iki e\u015fin de evlili\u011fin iptali i\u00e7in ba\u015fvurmas\u0131 veya e\u015flerden birinin di\u011ferini tan\u0131yarak evlili\u011fin iptali i\u00e7in ba\u015fvurmas\u0131 durumunda sulh yoluyla bo\u015fanmaya karar verebilir. Noter tasdikli bo\u015fanma&#8230;<\/p>\n","protected":false},"author":1,"featured_media":0,"parent":0,"menu_order":0,"comment_status":"closed","ping_status":"closed","template":"","meta":{"footnotes":""},"class_list":["post-12297","page","type-page","status-publish","hentry"],"yoast_head":"<!-- This site is optimized with the Yoast SEO Premium plugin v27.2 (Yoast SEO v27.4) - https:\/\/yoast.com\/product\/yoast-seo-premium-wordpress\/ -->\n<title>Rechtsanwaltskanzlei in Hamburg Berlin Bremen Hannover L\u00fcbeck<\/title>\n<meta name=\"description\" content=\"Rechtsanwaltskanzlei f\u00fcr Arbeitsrecht, Arzthaftung, Mietrecht, Gewerbemietrecht ,Gastronomierecht, Immobilienrecht, Schadensersatz Yachtrecht\" \/>\n<meta name=\"robots\" content=\"index, follow, max-snippet:-1, max-image-preview:large, max-video-preview:-1\" \/>\n<link rel=\"canonical\" href=\"https:\/\/www.kanzlei-steinwachs.de\/tr\/bosanma-sonuc-anlasmasi\/\" \/>\n<meta property=\"og:locale\" content=\"tr_TR\" \/>\n<meta property=\"og:type\" content=\"article\" \/>\n<meta property=\"og:title\" content=\"Rechtsanwaltskanzlei in Hamburg Berlin Bremen Hannover L\u00fcbeck\" \/>\n<meta property=\"og:description\" content=\"Rechtsanwaltskanzlei f\u00fcr Arbeitsrecht, Arzthaftung, Mietrecht, Gewerbemietrecht ,Gastronomierecht, Immobilienrecht, Schadensersatz Yachtrecht\" \/>\n<meta property=\"og:url\" content=\"https:\/\/www.kanzlei-steinwachs.de\/tr\/bosanma-sonuc-anlasmasi\/\" \/>\n<meta property=\"og:site_name\" content=\"Rechtsanwaltskanzlei Anwalt Hamburg Berlin Bremen Hannover L\u00fcbeck\" \/>\n<meta property=\"article:publisher\" content=\"https:\/\/www.facebook.com\/STEINWACHSRechtsanwaltskanzlei\/\" \/>\n<meta property=\"article:modified_time\" content=\"2023-11-23T06:47:15+00:00\" \/>\n<meta name=\"twitter:card\" content=\"summary_large_image\" \/>\n<meta name=\"twitter:site\" content=\"@rasteinwachs\" \/>\n<meta name=\"twitter:label1\" content=\"Tahmini okuma s\u00fcresi\" \/>\n\t<meta name=\"twitter:data1\" content=\"2 dakika\" \/>\n<script type=\"application\/ld+json\" class=\"yoast-schema-graph\">{\"@context\":\"https:\\\/\\\/schema.org\",\"@graph\":[{\"@type\":\"WebPage\",\"@id\":\"https:\\\/\\\/www.kanzlei-steinwachs.de\\\/tr\\\/bosanma-sonuc-anlasmasi\\\/\",\"url\":\"https:\\\/\\\/www.kanzlei-steinwachs.de\\\/tr\\\/bosanma-sonuc-anlasmasi\\\/\",\"name\":\"Rechtsanwaltskanzlei in Hamburg Berlin Bremen Hannover L\u00fcbeck\",\"isPartOf\":{\"@id\":\"https:\\\/\\\/www.kanzlei-steinwachs.de\\\/tr\\\/#website\"},\"datePublished\":\"2023-11-21T04:24:51+00:00\",\"dateModified\":\"2023-11-23T06:47:15+00:00\",\"description\":\"Rechtsanwaltskanzlei f\u00fcr Arbeitsrecht, Arzthaftung, Mietrecht, Gewerbemietrecht ,Gastronomierecht, Immobilienrecht, Schadensersatz Yachtrecht\",\"inLanguage\":\"tr\",\"potentialAction\":[{\"@type\":\"ReadAction\",\"target\":[\"https:\\\/\\\/www.kanzlei-steinwachs.de\\\/tr\\\/bosanma-sonuc-anlasmasi\\\/\"]}]},{\"@type\":\"WebSite\",\"@id\":\"https:\\\/\\\/www.kanzlei-steinwachs.de\\\/tr\\\/#website\",\"url\":\"https:\\\/\\\/www.kanzlei-steinwachs.de\\\/tr\\\/\",\"name\":\"Rechtsanwaltskanzlei Anwalt Hamburg Berlin Bremen Hannover L\u00fcbeck\",\"description\":\"Wir leisten mehr als Recht bietet\",\"publisher\":{\"@id\":\"https:\\\/\\\/www.kanzlei-steinwachs.de\\\/tr\\\/#organization\"},\"potentialAction\":[{\"@type\":\"SearchAction\",\"target\":{\"@type\":\"EntryPoint\",\"urlTemplate\":\"https:\\\/\\\/www.kanzlei-steinwachs.de\\\/tr\\\/?s={search_term_string}\"},\"query-input\":{\"@type\":\"PropertyValueSpecification\",\"valueRequired\":true,\"valueName\":\"search_term_string\"}}],\"inLanguage\":\"tr\"},{\"@type\":[\"Organization\",\"Place\"],\"@id\":\"https:\\\/\\\/www.kanzlei-steinwachs.de\\\/tr\\\/#organization\",\"name\":\"Rechtsanwaltskanzlei Anwalt Hamburg Berlin Bremen Hannover L\u00fcbeck\",\"url\":\"https:\\\/\\\/www.kanzlei-steinwachs.de\\\/\",\"logo\":{\"@type\":\"ImageObject\",\"inLanguage\":\"tr\",\"@id\":\"https:\\\/\\\/www.kanzlei-steinwachs.de\\\/tr\\\/#\\\/schema\\\/logo\\\/image\\\/\",\"url\":\"https:\\\/\\\/i0.wp.com\\\/www.kanzlei-steinwachs.de\\\/wp-content\\\/uploads\\\/2023\\\/12\\\/logo.webp?fit=174%2C76&quality=80&ssl=1\",\"contentUrl\":\"https:\\\/\\\/i0.wp.com\\\/www.kanzlei-steinwachs.de\\\/wp-content\\\/uploads\\\/2023\\\/12\\\/logo.webp?fit=174%2C76&quality=80&ssl=1\",\"width\":174,\"height\":76,\"caption\":\"Rechtsanwaltskanzlei Anwalt Hamburg Berlin Bremen Hannover L\u00fcbeck\"},\"image\":{\"@id\":\"https:\\\/\\\/www.kanzlei-steinwachs.de\\\/tr\\\/#\\\/schema\\\/logo\\\/image\\\/\"},\"sameAs\":[\"https:\\\/\\\/www.facebook.com\\\/STEINWACHSRechtsanwaltskanzlei\\\/\",\"https:\\\/\\\/x.com\\\/rasteinwachs\",\"https:\\\/\\\/www.instagram.com\\\/steinwachs_rechtsanwaelte\\\/\",\"https:\\\/\\\/www.linkedin.com\\\/in\\\/stephan-steinwachs-7a270197\\\/\",\"https:\\\/\\\/www.youtube.com\\\/channel\\\/UCffmodDlQx81remXm395RWA\"],\"telephone\":[]}]}<\/script>\n<!-- \/ Yoast SEO Premium plugin. -->","yoast_head_json":{"title":"Rechtsanwaltskanzlei in Hamburg Berlin Bremen Hannover L\u00fcbeck","description":"Rechtsanwaltskanzlei f\u00fcr Arbeitsrecht, Arzthaftung, Mietrecht, Gewerbemietrecht ,Gastronomierecht, Immobilienrecht, Schadensersatz Yachtrecht","robots":{"index":"index","follow":"follow","max-snippet":"max-snippet:-1","max-image-preview":"max-image-preview:large","max-video-preview":"max-video-preview:-1"},"canonical":"https:\/\/www.kanzlei-steinwachs.de\/tr\/bosanma-sonuc-anlasmasi\/","og_locale":"tr_TR","og_type":"article","og_title":"Rechtsanwaltskanzlei in Hamburg Berlin Bremen Hannover L\u00fcbeck","og_description":"Rechtsanwaltskanzlei f\u00fcr Arbeitsrecht, Arzthaftung, Mietrecht, Gewerbemietrecht ,Gastronomierecht, Immobilienrecht, Schadensersatz Yachtrecht","og_url":"https:\/\/www.kanzlei-steinwachs.de\/tr\/bosanma-sonuc-anlasmasi\/","og_site_name":"Rechtsanwaltskanzlei Anwalt Hamburg Berlin Bremen Hannover L\u00fcbeck","article_publisher":"https:\/\/www.facebook.com\/STEINWACHSRechtsanwaltskanzlei\/","article_modified_time":"2023-11-23T06:47:15+00:00","twitter_card":"summary_large_image","twitter_site":"@rasteinwachs","twitter_misc":{"Tahmini okuma s\u00fcresi":"2 dakika"},"schema":{"@context":"https:\/\/schema.org","@graph":[{"@type":"WebPage","@id":"https:\/\/www.kanzlei-steinwachs.de\/tr\/bosanma-sonuc-anlasmasi\/","url":"https:\/\/www.kanzlei-steinwachs.de\/tr\/bosanma-sonuc-anlasmasi\/","name":"Rechtsanwaltskanzlei in Hamburg Berlin Bremen Hannover L\u00fcbeck","isPartOf":{"@id":"https:\/\/www.kanzlei-steinwachs.de\/tr\/#website"},"datePublished":"2023-11-21T04:24:51+00:00","dateModified":"2023-11-23T06:47:15+00:00","description":"Rechtsanwaltskanzlei f\u00fcr Arbeitsrecht, Arzthaftung, Mietrecht, Gewerbemietrecht ,Gastronomierecht, Immobilienrecht, Schadensersatz Yachtrecht","inLanguage":"tr","potentialAction":[{"@type":"ReadAction","target":["https:\/\/www.kanzlei-steinwachs.de\/tr\/bosanma-sonuc-anlasmasi\/"]}]},{"@type":"WebSite","@id":"https:\/\/www.kanzlei-steinwachs.de\/tr\/#website","url":"https:\/\/www.kanzlei-steinwachs.de\/tr\/","name":"Rechtsanwaltskanzlei Anwalt Hamburg Berlin Bremen Hannover L\u00fcbeck","description":"Wir leisten mehr als Recht bietet","publisher":{"@id":"https:\/\/www.kanzlei-steinwachs.de\/tr\/#organization"},"potentialAction":[{"@type":"SearchAction","target":{"@type":"EntryPoint","urlTemplate":"https:\/\/www.kanzlei-steinwachs.de\/tr\/?s={search_term_string}"},"query-input":{"@type":"PropertyValueSpecification","valueRequired":true,"valueName":"search_term_string"}}],"inLanguage":"tr"},{"@type":["Organization","Place"],"@id":"https:\/\/www.kanzlei-steinwachs.de\/tr\/#organization","name":"Rechtsanwaltskanzlei Anwalt Hamburg Berlin Bremen Hannover L\u00fcbeck","url":"https:\/\/www.kanzlei-steinwachs.de\/","logo":{"@type":"ImageObject","inLanguage":"tr","@id":"https:\/\/www.kanzlei-steinwachs.de\/tr\/#\/schema\/logo\/image\/","url":"https:\/\/i0.wp.com\/www.kanzlei-steinwachs.de\/wp-content\/uploads\/2023\/12\/logo.webp?fit=174%2C76&quality=80&ssl=1","contentUrl":"https:\/\/i0.wp.com\/www.kanzlei-steinwachs.de\/wp-content\/uploads\/2023\/12\/logo.webp?fit=174%2C76&quality=80&ssl=1","width":174,"height":76,"caption":"Rechtsanwaltskanzlei Anwalt Hamburg Berlin Bremen Hannover L\u00fcbeck"},"image":{"@id":"https:\/\/www.kanzlei-steinwachs.de\/tr\/#\/schema\/logo\/image\/"},"sameAs":["https:\/\/www.facebook.com\/STEINWACHSRechtsanwaltskanzlei\/","https:\/\/x.com\/rasteinwachs","https:\/\/www.instagram.com\/steinwachs_rechtsanwaelte\/","https:\/\/www.linkedin.com\/in\/stephan-steinwachs-7a270197\/","https:\/\/www.youtube.com\/channel\/UCffmodDlQx81remXm395RWA"],"telephone":[]}]}},"jetpack_sharing_enabled":true,"_links":{"self":[{"href":"https:\/\/www.kanzlei-steinwachs.de\/tr\/wp-json\/wp\/v2\/pages\/12297","targetHints":{"allow":["GET"]}}],"collection":[{"href":"https:\/\/www.kanzlei-steinwachs.de\/tr\/wp-json\/wp\/v2\/pages"}],"about":[{"href":"https:\/\/www.kanzlei-steinwachs.de\/tr\/wp-json\/wp\/v2\/types\/page"}],"author":[{"embeddable":true,"href":"https:\/\/www.kanzlei-steinwachs.de\/tr\/wp-json\/wp\/v2\/users\/1"}],"replies":[{"embeddable":true,"href":"https:\/\/www.kanzlei-steinwachs.de\/tr\/wp-json\/wp\/v2\/comments?post=12297"}],"version-history":[{"count":0,"href":"https:\/\/www.kanzlei-steinwachs.de\/tr\/wp-json\/wp\/v2\/pages\/12297\/revisions"}],"wp:attachment":[{"href":"https:\/\/www.kanzlei-steinwachs.de\/tr\/wp-json\/wp\/v2\/media?parent=12297"}],"curies":[{"name":"wp","href":"https:\/\/api.w.org\/{rel}","templated":true}]}}