{"id":12275,"date":"2023-11-15T09:13:54","date_gmt":"2023-11-15T08:13:54","guid":{"rendered":"https:\/\/www.kanzlei-steinwachs.de\/tahkim\/"},"modified":"2023-11-23T07:22:33","modified_gmt":"2023-11-23T06:22:33","slug":"tahkim","status":"publish","type":"page","link":"https:\/\/www.kanzlei-steinwachs.de\/tr\/tahkim\/","title":{"rendered":"Tahkim"},"content":{"rendered":"<div class=\"wpb-content-wrapper\"><p>[vc_row content_width=&#8221;grid&#8221; content_aligment=&#8221;center&#8221; triangle_shape=&#8221;no&#8221; css=&#8221;.vc_custom_1696926719838{padding-bottom: 10px !important;background-position: center !important;background-repeat: no-repeat !important;background-size: cover !important;}&#8221;][vc_column]<div class=\"mkd-separator-holder clearfix  mkd-separator-center mkd-separator-with-icon mkd-animate\" style=\"margin-top: 20px; margin-bottom: 30px\">\n\t<div class=\"mkd-separator\" style=\"border-color: #c18f59;border-style: solid;width: 97.5px\"><\/div>\n\t\t<div class=\"mkd-separator-icon\">\n\t\t\t                    \t\t\t\t\t\t<\/div>\n\t<div class=\"mkd-separator\" style=\"border-color: #c18f59;border-style: solid;width: 97.5px\"><\/div>\n<\/div>\n[\/vc_column][\/vc_row][vc_row triangle_shape=&#8221;no&#8221;][vc_column][vc_column_text css=&#8221;.vc_custom_1700299915359{margin-bottom: 0px !important;padding-top: 20px !important;padding-bottom: 1px !important;}&#8221;]Tahkim, hukuki bir anla\u015fmazl\u0131\u011f\u0131n \u00e7\u00f6z\u00fcm\u00fcne y\u00f6nelik \u00f6zel bir tahkim s\u00fcrecidir.[\/vc_column_text][vc_column_text css=&#8221;.vc_custom_1700299931702{padding-top: 10px !important;}&#8221;]Tahkimde, hukuki bir anla\u015fmazl\u0131\u011f\u0131n taraflar\u0131, anla\u015fmazl\u0131\u011f\u0131, bir veya daha fazla \u00f6zel hakemin her iki taraf i\u00e7in de ba\u011flay\u0131c\u0131 olan bir karar verdi\u011fi \u00f6zel bir tahkim mahkemesi \u00f6n\u00fcnde y\u00fcr\u00fctmeyi kabul eder. Ulusal tahkim i\u015flemlerine ili\u015fkin d\u00fczenlemeler ZPO&#8217;nun 1025 ve devam\u0131 B\u00f6l\u00fcmlerinde bulunabilir. Tahkim anla\u015fmas\u0131 basitle\u015ftirilmi\u015f bir yaz\u0131l\u0131 form gerektirir, bkz. \u00a7 1028? ZPO. Tahkim konusunda etkili bir anla\u015fma varsa eyalet mahkemelerinin genellikle yarg\u0131 yetkisi yoktur, bkz. B\u00f6l\u00fcm 1032 ZPO.[\/vc_column_text][vc_column_text css=&#8221;.vc_custom_1700299940226{padding-top: 10px !important;}&#8221;]Tahkimde, taraflar\u0131n bir dizi kal\u0131c\u0131 tahkim mahkemesine veya tahkim kurumuna (\u00f6rne\u011fin Ticaret ve Sanayi Odalar\u0131) eri\u015fimi vard\u0131r, ancak ayn\u0131 zamanda tahkim i\u015flemlerini tamamen kendileri de organize edebilirler (ad hoc tahkim mahkemesi).[\/vc_column_text][vc_column_text css=&#8221;.vc_custom_1700299946142{padding-top: 10px !important;}&#8221;]Tahkim genellikle t\u00fcccarlar taraf\u0131ndan h\u0131zl\u0131 bir hukuki \u00e7\u00f6z\u00fcm\u00fcn \u00e7\u0131karlar\u0131n\u0131 dikkate almak ve uzun eyalet mahkemesi i\u015flemlerinden ka\u00e7\u0131nmak amac\u0131yla se\u00e7ilmektedir. Uygulamada, uluslararas\u0131 tahkim \u00f6zellikle \u00f6nemlidir ve bunun temel nedeni, tahkim kararlar\u0131n\u0131n uluslararas\u0131 d\u00fczeyde daha iyi ve daha h\u0131zl\u0131 icra edilebilmesidir. Uluslararas\u0131 tahkim, 1958 tarihli Yabanc\u0131 Tahkim Kararlar\u0131n\u0131n Tan\u0131nmas\u0131 ve Tenfizi Hakk\u0131nda New York S\u00f6zle\u015fmesine dayanmaktad\u0131r.[\/vc_column_text][\/vc_column][\/vc_row][vc_row triangle_shape=&#8221;no&#8221; css=&#8221;.vc_custom_1695985900053{padding-top: 30px !important;}&#8221;][vc_column][vc_row_inner css=&#8221;.vc_custom_1697455935676{padding-bottom: 10px !important;}&#8221;][vc_column_inner width=&#8221;1\/2&#8243;]\n<h2 class=\"mkd-custom-font-holder\" style=\"font-size: 20px;line-height: 30px;font-weight: 700\" data-font-size= 20 data-line-height= 30>\n\tDie Vorteile der Schiedsgerichtsbarkeit sind in der Regel folgende:<\/h2>[vc_empty_space]<div class=\"mkd-unordered-list \" ><ul>\n<li>Taraf \u00f6zerkli\u011fi (\u00f6rne\u011fin hakem se\u00e7imi, tahkim yerinin se\u00e7imi vb. ile ilgili)<\/li>\n<li>daha k\u0131sa prosed\u00fcr s\u00fcresi<\/li>\n<li>daha d\u00fc\u015f\u00fck prosed\u00fcr maliyetleri<\/li>\n<li>hakemlerin daha fazla konu uzmanl\u0131\u011f\u0131<\/li>\n<li>Duru\u015fman\u0131n kamuya a\u00e7\u0131klanmamas\u0131<\/li>\n<li>Uluslararas\u0131 tahkim alan\u0131nda daha iyi uygulama<\/li>\n<li>Uluslararas\u0131 tahkim alan\u0131nda tarafs\u0131z bir forumun se\u00e7ilmesi<\/li>\n<\/ul>\n<\/div>[\/vc_column_inner][vc_column_inner width=&#8221;1\/2&#8243;][vc_single_image image=&#8221;1425&#8243; img_size=&#8221;full&#8221;][\/vc_column_inner][\/vc_row_inner][\/vc_column][\/vc_row][vc_row triangle_shape=&#8221;no&#8221; css=&#8221;.vc_custom_1697455870159{padding-bottom: 50px !important;}&#8221;][vc_column]\n<h2 class=\"mkd-custom-font-holder\" style=\"font-size: 20px;line-height: 20px;font-weight: 700\" data-font-size= 20 data-line-height= 20>\n\tAbschluss<\/h2>[vc_column_text css=&#8221;.vc_custom_1700300018108{padding-top: 10px !important;}&#8221;]\u0130lerleyen sayfalarda size tahkim hakk\u0131nda m\u00fcmk\u00fcn oldu\u011funca fazla bilgi vermeye \u00e7al\u0131\u015faca\u011f\u0131z.<\/p>\n<p>[\/vc_column_text][vc_column_text css=&#8221;.vc_custom_1700300024357{padding-top: 10px !important;}&#8221;]Ayr\u0131ca tahkim konusuyla ilgili olarak a\u015fa\u011f\u0131daki sayfalar\u0131 da \u00f6neriyoruz:<\/p>\n<p>[\/vc_column_text][vc_column_text css=&#8221;.vc_custom_1700300038358{padding-top: 10px !important;}&#8221;]<\/p>\n<ul>\n<li><a title=\"\" href=\"http:\/\/www.dis-arb.de\/\" target=\"_blank\" rel=\"noopener\">Alman Tahkim Kurumu (DIS)<\/a><\/li>\n<li><a title=\"\" href=\"http:\/\/www.iccwbo.org\/court\/arbitration\/\" target=\"_blank\" rel=\"noopener\">ICC Uluslararas\u0131 Tahkim Divan\u0131<\/a><\/li>\n<\/ul>\n<div id=\"gtx-trans\" style=\"position: absolute; left: -90px; top: -10px;\">\n<div class=\"gtx-trans-icon\"><\/div>\n<\/div>\n<p>[\/vc_column_text][\/vc_column][\/vc_row]<\/p>\n<\/div>","protected":false},"excerpt":{"rendered":"<p>[vc_row content_width=&#8221;grid&#8221; content_aligment=&#8221;center&#8221; triangle_shape=&#8221;no&#8221; css=&#8221;.vc_custom_1696926719838{padding-bottom: 10px !important;background-position: center !important;background-repeat: no-repeat !important;background-size: cover !important;}&#8221;][vc_column][\/vc_column][\/vc_row][vc_row triangle_shape=&#8221;no&#8221;][vc_column][vc_column_text css=&#8221;.vc_custom_1700299915359{margin-bottom: 0px !important;padding-top: 20px !important;padding-bottom: 1px !important;}&#8221;]Tahkim, hukuki bir anla\u015fmazl\u0131\u011f\u0131n \u00e7\u00f6z\u00fcm\u00fcne y\u00f6nelik \u00f6zel bir tahkim s\u00fcrecidir.[\/vc_column_text][vc_column_text css=&#8221;.vc_custom_1700299931702{padding-top: 10px !important;}&#8221;]Tahkimde, hukuki bir anla\u015fmazl\u0131\u011f\u0131n taraflar\u0131, anla\u015fmazl\u0131\u011f\u0131, bir veya daha fazla \u00f6zel hakemin her iki taraf i\u00e7in de ba\u011flay\u0131c\u0131 olan bir karar verdi\u011fi \u00f6zel bir tahkim mahkemesi \u00f6n\u00fcnde y\u00fcr\u00fctmeyi kabul eder. Ulusal tahkim i\u015flemlerine ili\u015fkin d\u00fczenlemeler ZPO&#8217;nun 1025 ve devam\u0131 B\u00f6l\u00fcmlerinde bulunabilir. Tahkim anla\u015fmas\u0131 basitle\u015ftirilmi\u015f bir yaz\u0131l\u0131 form gerektirir, bkz. \u00a7 1028? ZPO. Tahkim konusunda etkili bir anla\u015fma varsa eyalet mahkemelerinin genellikle yarg\u0131 yetkisi yoktur, bkz. B\u00f6l\u00fcm 1032 ZPO.[\/vc_column_text][vc_column_text&#8230;<\/p>\n","protected":false},"author":1,"featured_media":0,"parent":0,"menu_order":0,"comment_status":"closed","ping_status":"closed","template":"","meta":{"footnotes":""},"class_list":["post-12275","page","type-page","status-publish","hentry"],"yoast_head":"<!-- This site is optimized with the Yoast SEO Premium plugin v27.2 (Yoast SEO v27.3) - https:\/\/yoast.com\/product\/yoast-seo-premium-wordpress\/ -->\n<title>Rechtsanwaltskanzlei in Hamburg Berlin Bremen Hannover L\u00fcbeck<\/title>\n<meta name=\"description\" content=\"Rechtsanwaltskanzlei f\u00fcr Arbeitsrecht, Arzthaftung, Mietrecht, Gewerbemietrecht ,Gastronomierecht, Immobilienrecht, Schadensersatz Yachtrecht\" \/>\n<meta name=\"robots\" content=\"index, follow, max-snippet:-1, max-image-preview:large, max-video-preview:-1\" \/>\n<link rel=\"canonical\" href=\"https:\/\/www.kanzlei-steinwachs.de\/tr\/tahkim\/\" \/>\n<meta property=\"og:locale\" content=\"tr_TR\" \/>\n<meta property=\"og:type\" content=\"article\" \/>\n<meta property=\"og:title\" content=\"Rechtsanwaltskanzlei in Hamburg Berlin Bremen Hannover L\u00fcbeck\" \/>\n<meta property=\"og:description\" content=\"Rechtsanwaltskanzlei f\u00fcr Arbeitsrecht, Arzthaftung, Mietrecht, Gewerbemietrecht ,Gastronomierecht, Immobilienrecht, Schadensersatz Yachtrecht\" \/>\n<meta property=\"og:url\" content=\"https:\/\/www.kanzlei-steinwachs.de\/tr\/tahkim\/\" \/>\n<meta property=\"og:site_name\" content=\"Rechtsanwaltskanzlei Anwalt Hamburg Berlin Bremen Hannover L\u00fcbeck\" \/>\n<meta property=\"article:publisher\" content=\"https:\/\/www.facebook.com\/STEINWACHSRechtsanwaltskanzlei\/\" \/>\n<meta property=\"article:modified_time\" content=\"2023-11-23T06:22:33+00:00\" \/>\n<meta name=\"twitter:card\" content=\"summary_large_image\" \/>\n<meta name=\"twitter:site\" content=\"@rasteinwachs\" \/>\n<meta name=\"twitter:label1\" content=\"Tahmini okuma s\u00fcresi\" \/>\n\t<meta name=\"twitter:data1\" content=\"3 dakika\" \/>\n<script type=\"application\/ld+json\" class=\"yoast-schema-graph\">{\"@context\":\"https:\\\/\\\/schema.org\",\"@graph\":[{\"@type\":\"WebPage\",\"@id\":\"https:\\\/\\\/www.kanzlei-steinwachs.de\\\/tr\\\/tahkim\\\/\",\"url\":\"https:\\\/\\\/www.kanzlei-steinwachs.de\\\/tr\\\/tahkim\\\/\",\"name\":\"Rechtsanwaltskanzlei in Hamburg Berlin Bremen Hannover L\u00fcbeck\",\"isPartOf\":{\"@id\":\"https:\\\/\\\/www.kanzlei-steinwachs.de\\\/tr\\\/#website\"},\"datePublished\":\"2023-11-15T08:13:54+00:00\",\"dateModified\":\"2023-11-23T06:22:33+00:00\",\"description\":\"Rechtsanwaltskanzlei f\u00fcr Arbeitsrecht, Arzthaftung, Mietrecht, Gewerbemietrecht ,Gastronomierecht, Immobilienrecht, Schadensersatz Yachtrecht\",\"inLanguage\":\"tr\",\"potentialAction\":[{\"@type\":\"ReadAction\",\"target\":[\"https:\\\/\\\/www.kanzlei-steinwachs.de\\\/tr\\\/tahkim\\\/\"]}]},{\"@type\":\"WebSite\",\"@id\":\"https:\\\/\\\/www.kanzlei-steinwachs.de\\\/tr\\\/#website\",\"url\":\"https:\\\/\\\/www.kanzlei-steinwachs.de\\\/tr\\\/\",\"name\":\"Rechtsanwaltskanzlei Anwalt Hamburg Berlin Bremen Hannover L\u00fcbeck\",\"description\":\"Wir leisten mehr als Recht bietet\",\"publisher\":{\"@id\":\"https:\\\/\\\/www.kanzlei-steinwachs.de\\\/tr\\\/#organization\"},\"potentialAction\":[{\"@type\":\"SearchAction\",\"target\":{\"@type\":\"EntryPoint\",\"urlTemplate\":\"https:\\\/\\\/www.kanzlei-steinwachs.de\\\/tr\\\/?s={search_term_string}\"},\"query-input\":{\"@type\":\"PropertyValueSpecification\",\"valueRequired\":true,\"valueName\":\"search_term_string\"}}],\"inLanguage\":\"tr\"},{\"@type\":[\"Organization\",\"Place\"],\"@id\":\"https:\\\/\\\/www.kanzlei-steinwachs.de\\\/tr\\\/#organization\",\"name\":\"Rechtsanwaltskanzlei Anwalt Hamburg Berlin Bremen Hannover L\u00fcbeck\",\"url\":\"https:\\\/\\\/www.kanzlei-steinwachs.de\\\/\",\"logo\":{\"@type\":\"ImageObject\",\"inLanguage\":\"tr\",\"@id\":\"https:\\\/\\\/www.kanzlei-steinwachs.de\\\/tr\\\/#\\\/schema\\\/logo\\\/image\\\/\",\"url\":\"https:\\\/\\\/i0.wp.com\\\/www.kanzlei-steinwachs.de\\\/wp-content\\\/uploads\\\/2023\\\/12\\\/logo.webp?fit=174%2C76&quality=80&ssl=1\",\"contentUrl\":\"https:\\\/\\\/i0.wp.com\\\/www.kanzlei-steinwachs.de\\\/wp-content\\\/uploads\\\/2023\\\/12\\\/logo.webp?fit=174%2C76&quality=80&ssl=1\",\"width\":174,\"height\":76,\"caption\":\"Rechtsanwaltskanzlei Anwalt Hamburg Berlin Bremen Hannover L\u00fcbeck\"},\"image\":{\"@id\":\"https:\\\/\\\/www.kanzlei-steinwachs.de\\\/tr\\\/#\\\/schema\\\/logo\\\/image\\\/\"},\"sameAs\":[\"https:\\\/\\\/www.facebook.com\\\/STEINWACHSRechtsanwaltskanzlei\\\/\",\"https:\\\/\\\/x.com\\\/rasteinwachs\",\"https:\\\/\\\/www.instagram.com\\\/steinwachs_rechtsanwaelte\\\/\",\"https:\\\/\\\/www.linkedin.com\\\/in\\\/stephan-steinwachs-7a270197\\\/\",\"https:\\\/\\\/www.youtube.com\\\/channel\\\/UCffmodDlQx81remXm395RWA\"],\"telephone\":[]}]}<\/script>\n<!-- \/ Yoast SEO Premium plugin. -->","yoast_head_json":{"title":"Rechtsanwaltskanzlei in Hamburg Berlin Bremen Hannover L\u00fcbeck","description":"Rechtsanwaltskanzlei f\u00fcr Arbeitsrecht, Arzthaftung, Mietrecht, Gewerbemietrecht ,Gastronomierecht, Immobilienrecht, Schadensersatz Yachtrecht","robots":{"index":"index","follow":"follow","max-snippet":"max-snippet:-1","max-image-preview":"max-image-preview:large","max-video-preview":"max-video-preview:-1"},"canonical":"https:\/\/www.kanzlei-steinwachs.de\/tr\/tahkim\/","og_locale":"tr_TR","og_type":"article","og_title":"Rechtsanwaltskanzlei in Hamburg Berlin Bremen Hannover L\u00fcbeck","og_description":"Rechtsanwaltskanzlei f\u00fcr Arbeitsrecht, Arzthaftung, Mietrecht, Gewerbemietrecht ,Gastronomierecht, Immobilienrecht, Schadensersatz Yachtrecht","og_url":"https:\/\/www.kanzlei-steinwachs.de\/tr\/tahkim\/","og_site_name":"Rechtsanwaltskanzlei Anwalt Hamburg Berlin Bremen Hannover L\u00fcbeck","article_publisher":"https:\/\/www.facebook.com\/STEINWACHSRechtsanwaltskanzlei\/","article_modified_time":"2023-11-23T06:22:33+00:00","twitter_card":"summary_large_image","twitter_site":"@rasteinwachs","twitter_misc":{"Tahmini okuma s\u00fcresi":"3 dakika"},"schema":{"@context":"https:\/\/schema.org","@graph":[{"@type":"WebPage","@id":"https:\/\/www.kanzlei-steinwachs.de\/tr\/tahkim\/","url":"https:\/\/www.kanzlei-steinwachs.de\/tr\/tahkim\/","name":"Rechtsanwaltskanzlei in Hamburg Berlin Bremen Hannover L\u00fcbeck","isPartOf":{"@id":"https:\/\/www.kanzlei-steinwachs.de\/tr\/#website"},"datePublished":"2023-11-15T08:13:54+00:00","dateModified":"2023-11-23T06:22:33+00:00","description":"Rechtsanwaltskanzlei f\u00fcr Arbeitsrecht, Arzthaftung, Mietrecht, Gewerbemietrecht ,Gastronomierecht, Immobilienrecht, Schadensersatz Yachtrecht","inLanguage":"tr","potentialAction":[{"@type":"ReadAction","target":["https:\/\/www.kanzlei-steinwachs.de\/tr\/tahkim\/"]}]},{"@type":"WebSite","@id":"https:\/\/www.kanzlei-steinwachs.de\/tr\/#website","url":"https:\/\/www.kanzlei-steinwachs.de\/tr\/","name":"Rechtsanwaltskanzlei Anwalt Hamburg Berlin Bremen Hannover L\u00fcbeck","description":"Wir leisten mehr als Recht bietet","publisher":{"@id":"https:\/\/www.kanzlei-steinwachs.de\/tr\/#organization"},"potentialAction":[{"@type":"SearchAction","target":{"@type":"EntryPoint","urlTemplate":"https:\/\/www.kanzlei-steinwachs.de\/tr\/?s={search_term_string}"},"query-input":{"@type":"PropertyValueSpecification","valueRequired":true,"valueName":"search_term_string"}}],"inLanguage":"tr"},{"@type":["Organization","Place"],"@id":"https:\/\/www.kanzlei-steinwachs.de\/tr\/#organization","name":"Rechtsanwaltskanzlei Anwalt Hamburg Berlin Bremen Hannover L\u00fcbeck","url":"https:\/\/www.kanzlei-steinwachs.de\/","logo":{"@type":"ImageObject","inLanguage":"tr","@id":"https:\/\/www.kanzlei-steinwachs.de\/tr\/#\/schema\/logo\/image\/","url":"https:\/\/i0.wp.com\/www.kanzlei-steinwachs.de\/wp-content\/uploads\/2023\/12\/logo.webp?fit=174%2C76&quality=80&ssl=1","contentUrl":"https:\/\/i0.wp.com\/www.kanzlei-steinwachs.de\/wp-content\/uploads\/2023\/12\/logo.webp?fit=174%2C76&quality=80&ssl=1","width":174,"height":76,"caption":"Rechtsanwaltskanzlei Anwalt Hamburg Berlin Bremen Hannover L\u00fcbeck"},"image":{"@id":"https:\/\/www.kanzlei-steinwachs.de\/tr\/#\/schema\/logo\/image\/"},"sameAs":["https:\/\/www.facebook.com\/STEINWACHSRechtsanwaltskanzlei\/","https:\/\/x.com\/rasteinwachs","https:\/\/www.instagram.com\/steinwachs_rechtsanwaelte\/","https:\/\/www.linkedin.com\/in\/stephan-steinwachs-7a270197\/","https:\/\/www.youtube.com\/channel\/UCffmodDlQx81remXm395RWA"],"telephone":[]}]}},"jetpack_sharing_enabled":true,"_links":{"self":[{"href":"https:\/\/www.kanzlei-steinwachs.de\/tr\/wp-json\/wp\/v2\/pages\/12275","targetHints":{"allow":["GET"]}}],"collection":[{"href":"https:\/\/www.kanzlei-steinwachs.de\/tr\/wp-json\/wp\/v2\/pages"}],"about":[{"href":"https:\/\/www.kanzlei-steinwachs.de\/tr\/wp-json\/wp\/v2\/types\/page"}],"author":[{"embeddable":true,"href":"https:\/\/www.kanzlei-steinwachs.de\/tr\/wp-json\/wp\/v2\/users\/1"}],"replies":[{"embeddable":true,"href":"https:\/\/www.kanzlei-steinwachs.de\/tr\/wp-json\/wp\/v2\/comments?post=12275"}],"version-history":[{"count":0,"href":"https:\/\/www.kanzlei-steinwachs.de\/tr\/wp-json\/wp\/v2\/pages\/12275\/revisions"}],"wp:attachment":[{"href":"https:\/\/www.kanzlei-steinwachs.de\/tr\/wp-json\/wp\/v2\/media?parent=12275"}],"curies":[{"name":"wp","href":"https:\/\/api.w.org\/{rel}","templated":true}]}}