{"id":12164,"date":"2023-11-21T05:18:49","date_gmt":"2023-11-21T04:18:49","guid":{"rendered":"https:\/\/www.kanzlei-steinwachs.de\/testde\/"},"modified":"2023-11-22T13:07:09","modified_gmt":"2023-11-22T12:07:09","slug":"testde","status":"publish","type":"page","link":"https:\/\/www.kanzlei-steinwachs.de\/tr\/testde\/","title":{"rendered":"Testde"},"content":{"rendered":"<div class=\"wpb-content-wrapper\"><p>[vc_row triangle_shape=&#8221;no&#8221; css=&#8221;.vc_custom_1700540398489{margin-bottom: 50px !important;}&#8221;][vc_column][vc_column_text]Ana merkezleri <a title=\"Hukuk firmas\u0131 ta\u015f balmumu Hamburg\" href=\"https:\/\/www.kanzlei-steinwachs.de\/kontakt\/hamburg\" target=\"_self\" rel=\"noopener\"><strong>Hamburg (Rotherbaum)<\/strong><\/a><strong>,<\/strong> <a title=\"Hukuk firmas\u0131 ta\u015f balmumu Berlin\" href=\"https:\/\/www.kanzlei-steinwachs.de\/kontakt\/berlin\" target=\"_self\" rel=\"noopener\"><strong>Berlin (Mitte)<\/strong><\/a> ve <strong>Bremen&#8217;de (Schwachhausen)<\/strong> bulunan STEINWACHS hukuk b\u00fcrosu, \u00fclke \u00e7ap\u0131nda hukukun t\u00fcm alanlar\u0131nda profesyonel dan\u0131\u015fmanl\u0131k ve temsil sunmaktad\u0131r.<\/p>\n<p>STEINWACHS hukuk firmas\u0131n\u0131n sundu\u011fu hizmet yelpazesi \u00f6zellikle a\u015fa\u011f\u0131daki alanlar\u0131 i\u00e7ermektedir:<\/p>\n<p><strong><a title=\"Yat\u0131r\u0131mc\u0131 koruma kanunu\" href=\"https:\/\/www.kanzlei-steinwachs.de\/rechtsanwalt-anlegerschutzrecht-hamburg-berlin\" target=\"_self\" rel=\"noopener\">Yat\u0131r\u0131mc\u0131 koruma hukuku<\/a> \u22c5 <a title=\"\u0130\u015f kanunu\" href=\"https:\/\/www.kanzlei-steinwachs.de\/rechtsanwalt-arbeitsrecht-hamburg-berlin\" target=\"_blank\" rel=\"noopener\">\u0130\u015f hukuku<\/a> \u22c5 <a title=\"Gastronomi hukuku\" href=\"https:\/\/www.kanzlei-steinwachs.de\/rechtsanwalt-gastronomierecht-hamburg-berlin\" target=\"_self\" rel=\"noopener\">Yemek hizmetleri hukuku<\/a> \u22c5 <a title=\"Oynat\" href=\"https:\/\/www.kanzlei-steinwachs.de\/rechtsanwalt-mietrecht-hamburg-berlin\" target=\"_self\" rel=\"noopener\">Kira hukuku<\/a> \u22c5 <a title=\"\u0130\u015fbirli\u011fi hukuku\" href=\"https:\/\/www.kanzlei-steinwachs.de\/rechtsanwalt-unternehmensrecht-hamburg-berlin\" target=\"_blank\" rel=\"noopener\">\u015eirketler hukuku<\/a> \u22c5 <a title=\"Trafik kanunu\" href=\"https:\/\/www.kanzlei-steinwachs.de\/rechtsanwalt-verkehrsrecht-hamburg-berlin\">Trafik hukuku<\/a> \u22c5 <a title=\"Ticari kirac\u0131l\u0131k kanunu\" href=\"https:\/\/www.kanzlei-steinwachs.de\/gewerbemietrecht\" target=\"_blank\" rel=\"noopener\">Ticari kira hukuku<\/a> \u22c5 <a title=\"Aile Hukuku\" href=\"https:\/\/www.kanzlei-steinwachs.de\/rechtsanwalt-familienrecht-hamburg-berlin\">Aile hukuku<\/a> \u22c5 <a title=\"Gayrimenkul hukuku Hamburg Berlin\" href=\"https:\/\/www.kanzlei-steinwachs.de\/rechtsanwalt-immobilienrecht-hamburg-berlin\" target=\"_self\" rel=\"noopener\">Gayrimenkul hukuku<\/a> \u22c5 <a title=\"\u0130n\u015faat hukuku\" href=\"https:\/\/www.kanzlei-steinwachs.de\/rechtsanwalt-baurecht-hamburg-berlin\" target=\"_blank\" rel=\"noopener\">\u0130n\u015faat hukuku<\/a> \u22c5 <a title=\"Versteigerungsrecht\" href=\"https:\/\/www.kanzlei-steinwachs.de\/versteigerungsrecht\" target=\"_blank\" rel=\"noopener\">A\u00e7\u0131k art\u0131rma hukuku<\/a> \u22c5 <a title=\"Ticaret hukuku\" href=\"https:\/\/www.kanzlei-steinwachs.de\/rechtsanwalt-handelrecht-hamburg-berlin\" target=\"_blank\" rel=\"noopener\">Ticaret hukuku<\/a> \u22c5 <a title=\"Spor Modas\u0131\" href=\"https:\/\/www.kanzlei-steinwachs.de\/leistungen\/mediensportfashion\">Medya\/spor\/moda<\/a> \u22c5 <a title=\"Seyahat hukuku\" href=\"https:\/\/www.kanzlei-steinwachs.de\/rechtsanwalt-reiserecht-hamburg-berlin\" target=\"_blank\" rel=\"noopener\">Seyahat hukuku<\/a> \u22c5 <a title=\"Miras hukuku\" href=\"https:\/\/www.kanzlei-steinwachs.de\/rechtsanwalt-erbrecht-hamburg-berlin\" target=\"_blank\" rel=\"noopener\">Miras hukuku<\/a><br \/>\n<a title=\"Hasar kanunu\" href=\"https:\/\/www.kanzlei-steinwachs.de\/schadensersatzrecht\" target=\"_blank\" rel=\"noopener\">Tazminat hukuku<\/a> \u22c5 <a title=\"Ta\u015f\u0131mac\u0131l\u0131k hukuku\" href=\"https:\/\/www.kanzlei-steinwachs.de\/transportrecht\" target=\"_blank\" rel=\"noopener\">Ta\u015f\u0131ma hukuku<\/a> \u22c5 <a title=\"Arabuluculuk\" href=\"https:\/\/www.kanzlei-steinwachs.de\/mediation\">Arabuluculuk<\/a><br \/>\n<\/strong><\/p>\n<p>STEINWACHS hukuk b\u00fcrosundaki avukatlar idare hukuku, sosyal hukuk ve ceza hukuku alanlar\u0131nda uzun y\u0131llara dayanan deneyime sahiptir. Ayr\u0131ca STEINWACHS hukuk b\u00fcrosunun avukatlar\u0131 se\u00e7ilmi\u015f mesleklere ve \u015firket gruplar\u0131na dan\u0131\u015fmanl\u0131k yapma konusunda uzmanla\u015fm\u0131\u015ft\u0131r. Hukuk b\u00fcrosu, ilgili \u00e7al\u0131\u015fma alanlar\u0131n\u0131n belirli sorun alanlar\u0131 \u00fczerinde \u00e7al\u0131\u015farak kapsaml\u0131 dan\u0131\u015fmanl\u0131k konseptleri geli\u015ftirebilmekte ve b\u00f6ylece m\u00fcvekkillerini farkl\u0131 avukat ve\/veya dan\u0131\u015fmanlar\u0131n zaman al\u0131c\u0131 ve maliyetli kullan\u0131m\u0131ndan kurtarmaktad\u0131r. Pek \u00e7ok hukuki alanda \u00e7\u00f6z\u00fcm odakl\u0131 vekalet i\u015flemleri i\u00e7in disiplinler aras\u0131 bir a\u011f \u00f6nerildi\u011finden, hukuk b\u00fcrosu sizi hukuki a\u00e7\u0131dan g\u00fcvenli, hedef odakl\u0131 ve ba\u015far\u0131l\u0131 bir \u015fekilde tavsiye etmek ve temsil etmek i\u00e7in avukatlar ve di\u011fer alanlardan uzmanlarla birlikte \u00e7al\u0131\u015f\u0131r. Hukuk firmas\u0131n\u0131n dan\u0131\u015fmanl\u0131\u011f\u0131 Almanca, \u0130ngilizce, Frans\u0131zca, \u0130spanyolca, Rus\u00e7a, Leh\u00e7e, Bulgarca ve Portekizce olarak verilmektedir (talep \u00fczerine di\u011fer diller i\u00e7in \u00fccretsiz terc\u00fcman sa\u011flanacakt\u0131r). Tavsiye \u00fczerine uzman bir meslekta\u015f, hukuk b\u00fcrosunun kapsamad\u0131\u011f\u0131 hukuki alanlarda temsil etmekten mutluluk duyacakt\u0131r. STEINWACHS hukuk firmas\u0131n\u0131n i\u00e7eri\u011finden sorumlu: Avukat Stephan Steinwachs (Avukat Hamburg Berlin)[\/vc_column_text][\/vc_column][\/vc_row]<\/p>\n<\/div>","protected":false},"excerpt":{"rendered":"<p>[vc_row triangle_shape=&#8221;no&#8221; css=&#8221;.vc_custom_1700540398489{margin-bottom: 50px !important;}&#8221;][vc_column][vc_column_text]Ana merkezleri Hamburg (Rotherbaum), Berlin (Mitte) ve Bremen&#8217;de (Schwachhausen) bulunan STEINWACHS hukuk b\u00fcrosu, \u00fclke \u00e7ap\u0131nda hukukun t\u00fcm alanlar\u0131nda profesyonel dan\u0131\u015fmanl\u0131k ve temsil sunmaktad\u0131r. STEINWACHS hukuk firmas\u0131n\u0131n sundu\u011fu hizmet yelpazesi \u00f6zellikle a\u015fa\u011f\u0131daki alanlar\u0131 i\u00e7ermektedir: Yat\u0131r\u0131mc\u0131 koruma hukuku \u22c5 \u0130\u015f hukuku \u22c5 Yemek hizmetleri hukuku \u22c5 Kira hukuku \u22c5 \u015eirketler hukuku \u22c5 Trafik hukuku \u22c5 Ticari kira hukuku \u22c5 Aile hukuku \u22c5 Gayrimenkul hukuku \u22c5 \u0130n\u015faat hukuku \u22c5 A\u00e7\u0131k art\u0131rma hukuku \u22c5 Ticaret hukuku \u22c5 Medya\/spor\/moda \u22c5 Seyahat hukuku \u22c5 Miras hukuku Tazminat hukuku \u22c5 Ta\u015f\u0131ma hukuku \u22c5 Arabuluculuk STEINWACHS hukuk b\u00fcrosundaki avukatlar idare hukuku, sosyal hukuk ve&#8230;<\/p>\n","protected":false},"author":1,"featured_media":0,"parent":0,"menu_order":0,"comment_status":"closed","ping_status":"closed","template":"","meta":{"footnotes":""},"class_list":["post-12164","page","type-page","status-publish","hentry"],"yoast_head":"<!-- This site is optimized with the Yoast SEO Premium plugin v27.2 (Yoast SEO v27.5) - https:\/\/yoast.com\/product\/yoast-seo-premium-wordpress\/ -->\n<title>Rechtsanwaltskanzlei in Hamburg Berlin Bremen Hannover L\u00fcbeck<\/title>\n<meta name=\"description\" content=\"Rechtsanwaltskanzlei f\u00fcr Arbeitsrecht, Arzthaftung, Mietrecht, Gewerbemietrecht ,Gastronomierecht, Immobilienrecht, Schadensersatz Yachtrecht\" \/>\n<meta name=\"robots\" content=\"index, follow, max-snippet:-1, max-image-preview:large, max-video-preview:-1\" \/>\n<link rel=\"canonical\" href=\"https:\/\/www.kanzlei-steinwachs.de\/tr\/testde\/\" \/>\n<meta property=\"og:locale\" content=\"tr_TR\" \/>\n<meta property=\"og:type\" content=\"article\" \/>\n<meta property=\"og:title\" content=\"Rechtsanwaltskanzlei in Hamburg Berlin Bremen Hannover L\u00fcbeck\" \/>\n<meta property=\"og:description\" content=\"Rechtsanwaltskanzlei f\u00fcr Arbeitsrecht, Arzthaftung, Mietrecht, Gewerbemietrecht ,Gastronomierecht, Immobilienrecht, Schadensersatz Yachtrecht\" \/>\n<meta property=\"og:url\" content=\"https:\/\/www.kanzlei-steinwachs.de\/tr\/testde\/\" \/>\n<meta property=\"og:site_name\" content=\"Rechtsanwaltskanzlei Anwalt Hamburg Berlin Bremen Hannover L\u00fcbeck\" \/>\n<meta property=\"article:publisher\" content=\"https:\/\/www.facebook.com\/STEINWACHSRechtsanwaltskanzlei\/\" \/>\n<meta property=\"article:modified_time\" content=\"2023-11-22T12:07:09+00:00\" \/>\n<meta name=\"twitter:card\" content=\"summary_large_image\" \/>\n<meta name=\"twitter:site\" content=\"@rasteinwachs\" \/>\n<meta name=\"twitter:label1\" content=\"Tahmini okuma s\u00fcresi\" \/>\n\t<meta name=\"twitter:data1\" content=\"2 dakika\" \/>\n<script type=\"application\/ld+json\" class=\"yoast-schema-graph\">{\"@context\":\"https:\\\/\\\/schema.org\",\"@graph\":[{\"@type\":\"WebPage\",\"@id\":\"https:\\\/\\\/www.kanzlei-steinwachs.de\\\/tr\\\/testde\\\/\",\"url\":\"https:\\\/\\\/www.kanzlei-steinwachs.de\\\/tr\\\/testde\\\/\",\"name\":\"Rechtsanwaltskanzlei in Hamburg Berlin Bremen Hannover L\u00fcbeck\",\"isPartOf\":{\"@id\":\"https:\\\/\\\/www.kanzlei-steinwachs.de\\\/tr\\\/#website\"},\"datePublished\":\"2023-11-21T04:18:49+00:00\",\"dateModified\":\"2023-11-22T12:07:09+00:00\",\"description\":\"Rechtsanwaltskanzlei f\u00fcr Arbeitsrecht, Arzthaftung, Mietrecht, Gewerbemietrecht ,Gastronomierecht, Immobilienrecht, Schadensersatz Yachtrecht\",\"inLanguage\":\"tr\",\"potentialAction\":[{\"@type\":\"ReadAction\",\"target\":[\"https:\\\/\\\/www.kanzlei-steinwachs.de\\\/tr\\\/testde\\\/\"]}]},{\"@type\":\"WebSite\",\"@id\":\"https:\\\/\\\/www.kanzlei-steinwachs.de\\\/tr\\\/#website\",\"url\":\"https:\\\/\\\/www.kanzlei-steinwachs.de\\\/tr\\\/\",\"name\":\"Rechtsanwaltskanzlei Anwalt Hamburg Berlin Bremen Hannover L\u00fcbeck\",\"description\":\"Wir leisten mehr als Recht bietet\",\"publisher\":{\"@id\":\"https:\\\/\\\/www.kanzlei-steinwachs.de\\\/tr\\\/#organization\"},\"potentialAction\":[{\"@type\":\"SearchAction\",\"target\":{\"@type\":\"EntryPoint\",\"urlTemplate\":\"https:\\\/\\\/www.kanzlei-steinwachs.de\\\/tr\\\/?s={search_term_string}\"},\"query-input\":{\"@type\":\"PropertyValueSpecification\",\"valueRequired\":true,\"valueName\":\"search_term_string\"}}],\"inLanguage\":\"tr\"},{\"@type\":[\"Organization\",\"Place\"],\"@id\":\"https:\\\/\\\/www.kanzlei-steinwachs.de\\\/tr\\\/#organization\",\"name\":\"Rechtsanwaltskanzlei Anwalt Hamburg Berlin Bremen Hannover L\u00fcbeck\",\"url\":\"https:\\\/\\\/www.kanzlei-steinwachs.de\\\/\",\"logo\":{\"@type\":\"ImageObject\",\"inLanguage\":\"tr\",\"@id\":\"https:\\\/\\\/www.kanzlei-steinwachs.de\\\/tr\\\/#\\\/schema\\\/logo\\\/image\\\/\",\"url\":\"https:\\\/\\\/i0.wp.com\\\/www.kanzlei-steinwachs.de\\\/wp-content\\\/uploads\\\/2023\\\/12\\\/logo.webp?fit=174%2C76&quality=80&ssl=1\",\"contentUrl\":\"https:\\\/\\\/i0.wp.com\\\/www.kanzlei-steinwachs.de\\\/wp-content\\\/uploads\\\/2023\\\/12\\\/logo.webp?fit=174%2C76&quality=80&ssl=1\",\"width\":174,\"height\":76,\"caption\":\"Rechtsanwaltskanzlei Anwalt Hamburg Berlin Bremen Hannover L\u00fcbeck\"},\"image\":{\"@id\":\"https:\\\/\\\/www.kanzlei-steinwachs.de\\\/tr\\\/#\\\/schema\\\/logo\\\/image\\\/\"},\"sameAs\":[\"https:\\\/\\\/www.facebook.com\\\/STEINWACHSRechtsanwaltskanzlei\\\/\",\"https:\\\/\\\/x.com\\\/rasteinwachs\",\"https:\\\/\\\/www.instagram.com\\\/steinwachs_rechtsanwaelte\\\/\",\"https:\\\/\\\/www.linkedin.com\\\/in\\\/stephan-steinwachs-7a270197\\\/\",\"https:\\\/\\\/www.youtube.com\\\/channel\\\/UCffmodDlQx81remXm395RWA\"],\"telephone\":[]}]}<\/script>\n<!-- \/ Yoast SEO Premium plugin. -->","yoast_head_json":{"title":"Rechtsanwaltskanzlei in Hamburg Berlin Bremen Hannover L\u00fcbeck","description":"Rechtsanwaltskanzlei f\u00fcr Arbeitsrecht, Arzthaftung, Mietrecht, Gewerbemietrecht ,Gastronomierecht, Immobilienrecht, Schadensersatz Yachtrecht","robots":{"index":"index","follow":"follow","max-snippet":"max-snippet:-1","max-image-preview":"max-image-preview:large","max-video-preview":"max-video-preview:-1"},"canonical":"https:\/\/www.kanzlei-steinwachs.de\/tr\/testde\/","og_locale":"tr_TR","og_type":"article","og_title":"Rechtsanwaltskanzlei in Hamburg Berlin Bremen Hannover L\u00fcbeck","og_description":"Rechtsanwaltskanzlei f\u00fcr Arbeitsrecht, Arzthaftung, Mietrecht, Gewerbemietrecht ,Gastronomierecht, Immobilienrecht, Schadensersatz Yachtrecht","og_url":"https:\/\/www.kanzlei-steinwachs.de\/tr\/testde\/","og_site_name":"Rechtsanwaltskanzlei Anwalt Hamburg Berlin Bremen Hannover L\u00fcbeck","article_publisher":"https:\/\/www.facebook.com\/STEINWACHSRechtsanwaltskanzlei\/","article_modified_time":"2023-11-22T12:07:09+00:00","twitter_card":"summary_large_image","twitter_site":"@rasteinwachs","twitter_misc":{"Tahmini okuma s\u00fcresi":"2 dakika"},"schema":{"@context":"https:\/\/schema.org","@graph":[{"@type":"WebPage","@id":"https:\/\/www.kanzlei-steinwachs.de\/tr\/testde\/","url":"https:\/\/www.kanzlei-steinwachs.de\/tr\/testde\/","name":"Rechtsanwaltskanzlei in Hamburg Berlin Bremen Hannover L\u00fcbeck","isPartOf":{"@id":"https:\/\/www.kanzlei-steinwachs.de\/tr\/#website"},"datePublished":"2023-11-21T04:18:49+00:00","dateModified":"2023-11-22T12:07:09+00:00","description":"Rechtsanwaltskanzlei f\u00fcr Arbeitsrecht, Arzthaftung, Mietrecht, Gewerbemietrecht ,Gastronomierecht, Immobilienrecht, Schadensersatz Yachtrecht","inLanguage":"tr","potentialAction":[{"@type":"ReadAction","target":["https:\/\/www.kanzlei-steinwachs.de\/tr\/testde\/"]}]},{"@type":"WebSite","@id":"https:\/\/www.kanzlei-steinwachs.de\/tr\/#website","url":"https:\/\/www.kanzlei-steinwachs.de\/tr\/","name":"Rechtsanwaltskanzlei Anwalt Hamburg Berlin Bremen Hannover L\u00fcbeck","description":"Wir leisten mehr als Recht bietet","publisher":{"@id":"https:\/\/www.kanzlei-steinwachs.de\/tr\/#organization"},"potentialAction":[{"@type":"SearchAction","target":{"@type":"EntryPoint","urlTemplate":"https:\/\/www.kanzlei-steinwachs.de\/tr\/?s={search_term_string}"},"query-input":{"@type":"PropertyValueSpecification","valueRequired":true,"valueName":"search_term_string"}}],"inLanguage":"tr"},{"@type":["Organization","Place"],"@id":"https:\/\/www.kanzlei-steinwachs.de\/tr\/#organization","name":"Rechtsanwaltskanzlei Anwalt Hamburg Berlin Bremen Hannover L\u00fcbeck","url":"https:\/\/www.kanzlei-steinwachs.de\/","logo":{"@type":"ImageObject","inLanguage":"tr","@id":"https:\/\/www.kanzlei-steinwachs.de\/tr\/#\/schema\/logo\/image\/","url":"https:\/\/i0.wp.com\/www.kanzlei-steinwachs.de\/wp-content\/uploads\/2023\/12\/logo.webp?fit=174%2C76&quality=80&ssl=1","contentUrl":"https:\/\/i0.wp.com\/www.kanzlei-steinwachs.de\/wp-content\/uploads\/2023\/12\/logo.webp?fit=174%2C76&quality=80&ssl=1","width":174,"height":76,"caption":"Rechtsanwaltskanzlei Anwalt Hamburg Berlin Bremen Hannover L\u00fcbeck"},"image":{"@id":"https:\/\/www.kanzlei-steinwachs.de\/tr\/#\/schema\/logo\/image\/"},"sameAs":["https:\/\/www.facebook.com\/STEINWACHSRechtsanwaltskanzlei\/","https:\/\/x.com\/rasteinwachs","https:\/\/www.instagram.com\/steinwachs_rechtsanwaelte\/","https:\/\/www.linkedin.com\/in\/stephan-steinwachs-7a270197\/","https:\/\/www.youtube.com\/channel\/UCffmodDlQx81remXm395RWA"],"telephone":[]}]}},"jetpack_sharing_enabled":true,"_links":{"self":[{"href":"https:\/\/www.kanzlei-steinwachs.de\/tr\/wp-json\/wp\/v2\/pages\/12164","targetHints":{"allow":["GET"]}}],"collection":[{"href":"https:\/\/www.kanzlei-steinwachs.de\/tr\/wp-json\/wp\/v2\/pages"}],"about":[{"href":"https:\/\/www.kanzlei-steinwachs.de\/tr\/wp-json\/wp\/v2\/types\/page"}],"author":[{"embeddable":true,"href":"https:\/\/www.kanzlei-steinwachs.de\/tr\/wp-json\/wp\/v2\/users\/1"}],"replies":[{"embeddable":true,"href":"https:\/\/www.kanzlei-steinwachs.de\/tr\/wp-json\/wp\/v2\/comments?post=12164"}],"version-history":[{"count":0,"href":"https:\/\/www.kanzlei-steinwachs.de\/tr\/wp-json\/wp\/v2\/pages\/12164\/revisions"}],"wp:attachment":[{"href":"https:\/\/www.kanzlei-steinwachs.de\/tr\/wp-json\/wp\/v2\/media?parent=12164"}],"curies":[{"name":"wp","href":"https:\/\/api.w.org\/{rel}","templated":true}]}}