{"id":11883,"date":"2023-11-20T07:30:23","date_gmt":"2023-11-20T06:30:23","guid":{"rendered":"https:\/\/www.kanzlei-steinwachs.de\/is-hukuku-kararlari\/canta-kararlari-2007\/calisma-saatleri\/"},"modified":"2023-11-21T13:25:59","modified_gmt":"2023-11-21T12:25:59","slug":"calisma-saatleri","status":"publish","type":"page","link":"https:\/\/www.kanzlei-steinwachs.de\/tr\/is-hukuku-kararlari\/canta-kararlari-2007\/calisma-saatleri\/","title":{"rendered":"\u00e7al\u0131\u015fma saatleri"},"content":{"rendered":"<div class=\"wpb-content-wrapper\"><p>[vc_row triangle_shape=&#8221;no&#8221;][vc_column][vc_column_text css=&#8221;.vc_custom_1700461951464{padding-top: 20px !important;padding-bottom: 30px !important;}&#8221;]<\/p>\n<h4 style=\"text-align: center;\">\u00e7al\u0131\u015fma saatleri<\/h4>\n<p>[\/vc_column_text][vc_column_text]\u00a7 17 paragraf\u0131na g\u00f6re. 1 BAT, fazla mesai yaln\u0131zca \u201cemredildi\u011fi \u015fekilde\u201d \u00e7al\u0131\u015f\u0131lan saatlerdir. Bunlar yaln\u0131zca \u00e7al\u0131\u015fan\u0131n planlanan veya normal \u00e7al\u0131\u015fma saatlerinin d\u0131\u015f\u0131na \u00e7\u0131kan bir i\u015f emri verildi\u011finde ortaya \u00e7\u0131kabilir. \u00c7a\u011fr\u0131 \u00fczerine g\u00f6rev ise, \u00e7al\u0131\u015fan\u0131n gerekti\u011finde derhal t\u00fcm i\u015f faaliyetlerine ba\u015flayabilmesi i\u00e7in i\u015fveren taraf\u0131ndan operasyonel ama\u00e7larla belirlenen bir yerde, tetikte olmas\u0131na gerek kalmadan kalmas\u0131 gerekti\u011finde ortaya \u00e7\u0131kar. Bu, B\u00f6l\u00fcm 15 Paragraf\u0131n\u0131n tan\u0131m\u0131na kar\u015f\u0131l\u0131k gelir. 6. \u015fey. Alt\u0131nc\u0131 Senato&#8217;nun 25 Nisan 2007 tarihli (6 AZR 799\/06) karar\u0131na g\u00f6re, i\u015fverenin genel olarak \u00e7al\u0131\u015fan\u0131n talimat verme hakk\u0131n\u0131 kullan\u0131rken ne t\u00fcr bir hizmet sunmas\u0131 gerekti\u011fini belirlemesine izin verilmektedir. Yasalar\u0131n, toplu s\u00f6zle\u015fmelerin ve s\u00f6zle\u015fmelerin izin verdi\u011fi \u00f6l\u00e7\u00fcde, \u00e7a\u011fr\u0131 \u00fczerine g\u00f6rev, \u00e7a\u011fr\u0131 \u00fczerine g\u00f6rev veya fazla mesai talimat\u0131 verebilir ve ayr\u0131ca n\u00f6bet\u00e7i kadrosunda \u00f6nceden verilen s\u0131ralamay\u0131 de\u011fi\u015ftirme hakk\u0131na sahiptir. Bir \u00e7al\u0131\u015fan\u0131n yasal olarak standart \u00e7al\u0131\u015fma saatlerinden sonra \u00e7a\u011fr\u0131da bulunmas\u0131 gerekiyorsa, standart \u00e7al\u0131\u015fma saatlerinin bitiminden sonra yap\u0131lmas\u0131 gereken i\u015fler varsa, i\u015fveren \u00f6nceden belirlenmi\u015f \u00e7a\u011fr\u0131 hizmetinden yararlanabilir. Fazla mesai emrine ba\u011fl\u0131 de\u011fildir. \u0130\u015fin \u015fu anlamda &#8220;\u00fcstlenilmesi&#8221; \u00c7a\u011fr\u0131 \u00fczerine hizmeti d\u00fczenleyen B\u00f6l\u00fcm 15 Para. 6a BAT, i\u015fin normal \u00e7al\u0131\u015fma saatlerinin \u00f6tesinde devam etmesi durumunda da kabul edilebilir. \u00c7a\u011fr\u0131 \u00fczerine hizmet, yaln\u0131zca \u00f6ng\u00f6r\u00fclemeyen i\u015flerin meydana geldi\u011fini ve i\u015fin yaln\u0131zca bu t\u00fcr i\u015fler i\u00e7in gerekli oldu\u011funu varsaymaz.[\/vc_column_text][\/vc_column][\/vc_row]<\/p>\n<\/div>","protected":false},"excerpt":{"rendered":"<p>[vc_row triangle_shape=&#8221;no&#8221;][vc_column][vc_column_text css=&#8221;.vc_custom_1700461951464{padding-top: 20px !important;padding-bottom: 30px !important;}&#8221;] \u00e7al\u0131\u015fma saatleri [\/vc_column_text][vc_column_text]\u00a7 17 paragraf\u0131na g\u00f6re. 1 BAT, fazla mesai yaln\u0131zca \u201cemredildi\u011fi \u015fekilde\u201d \u00e7al\u0131\u015f\u0131lan saatlerdir. Bunlar yaln\u0131zca \u00e7al\u0131\u015fan\u0131n planlanan veya normal \u00e7al\u0131\u015fma saatlerinin d\u0131\u015f\u0131na \u00e7\u0131kan bir i\u015f emri verildi\u011finde ortaya \u00e7\u0131kabilir. \u00c7a\u011fr\u0131 \u00fczerine g\u00f6rev ise, \u00e7al\u0131\u015fan\u0131n gerekti\u011finde derhal t\u00fcm i\u015f faaliyetlerine ba\u015flayabilmesi i\u00e7in i\u015fveren taraf\u0131ndan operasyonel ama\u00e7larla belirlenen bir yerde, tetikte olmas\u0131na gerek kalmadan kalmas\u0131 gerekti\u011finde ortaya \u00e7\u0131kar. Bu, B\u00f6l\u00fcm 15 Paragraf\u0131n\u0131n tan\u0131m\u0131na kar\u015f\u0131l\u0131k gelir. 6. \u015fey. Alt\u0131nc\u0131 Senato&#8217;nun 25 Nisan 2007 tarihli (6 AZR 799\/06) karar\u0131na g\u00f6re, i\u015fverenin genel olarak \u00e7al\u0131\u015fan\u0131n talimat verme hakk\u0131n\u0131 kullan\u0131rken ne t\u00fcr bir hizmet sunmas\u0131 gerekti\u011fini belirlemesine&#8230;<\/p>\n","protected":false},"author":1,"featured_media":0,"parent":11641,"menu_order":0,"comment_status":"closed","ping_status":"closed","template":"","meta":{"footnotes":""},"class_list":["post-11883","page","type-page","status-publish","hentry"],"yoast_head":"<!-- This site is optimized with the Yoast SEO Premium plugin v27.2 (Yoast SEO v27.5) - https:\/\/yoast.com\/product\/yoast-seo-premium-wordpress\/ -->\n<title>Rechtsanwaltskanzlei in Hamburg Berlin Bremen Hannover L\u00fcbeck<\/title>\n<meta name=\"description\" content=\"Rechtsanwaltskanzlei f\u00fcr Arbeitsrecht, Arzthaftung, Mietrecht, Gewerbemietrecht ,Gastronomierecht, Immobilienrecht, Schadensersatz Yachtrecht\" \/>\n<meta name=\"robots\" content=\"index, follow, max-snippet:-1, max-image-preview:large, max-video-preview:-1\" \/>\n<link rel=\"canonical\" href=\"https:\/\/www.kanzlei-steinwachs.de\/tr\/is-hukuku-kararlari\/canta-kararlari-2007\/calisma-saatleri\/\" \/>\n<meta property=\"og:locale\" content=\"tr_TR\" \/>\n<meta property=\"og:type\" content=\"article\" \/>\n<meta property=\"og:title\" content=\"Rechtsanwaltskanzlei in Hamburg Berlin Bremen Hannover L\u00fcbeck\" \/>\n<meta property=\"og:description\" content=\"Rechtsanwaltskanzlei f\u00fcr Arbeitsrecht, Arzthaftung, Mietrecht, Gewerbemietrecht ,Gastronomierecht, Immobilienrecht, Schadensersatz Yachtrecht\" \/>\n<meta property=\"og:url\" content=\"https:\/\/www.kanzlei-steinwachs.de\/tr\/is-hukuku-kararlari\/canta-kararlari-2007\/calisma-saatleri\/\" \/>\n<meta property=\"og:site_name\" content=\"Rechtsanwaltskanzlei Anwalt Hamburg Berlin Bremen Hannover L\u00fcbeck\" \/>\n<meta property=\"article:publisher\" content=\"https:\/\/www.facebook.com\/STEINWACHSRechtsanwaltskanzlei\/\" \/>\n<meta property=\"article:modified_time\" content=\"2023-11-21T12:25:59+00:00\" \/>\n<meta name=\"twitter:card\" content=\"summary_large_image\" \/>\n<meta name=\"twitter:site\" content=\"@rasteinwachs\" \/>\n<meta name=\"twitter:label1\" content=\"Tahmini okuma s\u00fcresi\" \/>\n\t<meta name=\"twitter:data1\" content=\"2 dakika\" \/>\n<script type=\"application\/ld+json\" class=\"yoast-schema-graph\">{\"@context\":\"https:\\\/\\\/schema.org\",\"@graph\":[{\"@type\":\"WebPage\",\"@id\":\"https:\\\/\\\/www.kanzlei-steinwachs.de\\\/tr\\\/is-hukuku-kararlari\\\/canta-kararlari-2007\\\/calisma-saatleri\\\/\",\"url\":\"https:\\\/\\\/www.kanzlei-steinwachs.de\\\/tr\\\/is-hukuku-kararlari\\\/canta-kararlari-2007\\\/calisma-saatleri\\\/\",\"name\":\"Rechtsanwaltskanzlei in Hamburg Berlin Bremen Hannover L\u00fcbeck\",\"isPartOf\":{\"@id\":\"https:\\\/\\\/www.kanzlei-steinwachs.de\\\/tr\\\/#website\"},\"datePublished\":\"2023-11-20T06:30:23+00:00\",\"dateModified\":\"2023-11-21T12:25:59+00:00\",\"description\":\"Rechtsanwaltskanzlei f\u00fcr Arbeitsrecht, Arzthaftung, Mietrecht, Gewerbemietrecht ,Gastronomierecht, Immobilienrecht, Schadensersatz Yachtrecht\",\"breadcrumb\":{\"@id\":\"https:\\\/\\\/www.kanzlei-steinwachs.de\\\/tr\\\/is-hukuku-kararlari\\\/canta-kararlari-2007\\\/calisma-saatleri\\\/#breadcrumb\"},\"inLanguage\":\"tr\",\"potentialAction\":[{\"@type\":\"ReadAction\",\"target\":[\"https:\\\/\\\/www.kanzlei-steinwachs.de\\\/tr\\\/is-hukuku-kararlari\\\/canta-kararlari-2007\\\/calisma-saatleri\\\/\"]}]},{\"@type\":\"BreadcrumbList\",\"@id\":\"https:\\\/\\\/www.kanzlei-steinwachs.de\\\/tr\\\/is-hukuku-kararlari\\\/canta-kararlari-2007\\\/calisma-saatleri\\\/#breadcrumb\",\"itemListElement\":[{\"@type\":\"ListItem\",\"position\":1,\"name\":\"\u0130\u015f hukuku kararlar\u0131\",\"item\":\"https:\\\/\\\/www.kanzlei-steinwachs.de\\\/tr\\\/is-hukuku-kararlari\\\/\"},{\"@type\":\"ListItem\",\"position\":2,\"name\":\"\u00c7anta kararlar\u0131 2007\",\"item\":\"https:\\\/\\\/www.kanzlei-steinwachs.de\\\/tr\\\/arbeitsrecht-urteile\\\/bag-urteile-2007\\\/\"},{\"@type\":\"ListItem\",\"position\":3,\"name\":\"\u00e7al\u0131\u015fma saatleri\"}]},{\"@type\":\"WebSite\",\"@id\":\"https:\\\/\\\/www.kanzlei-steinwachs.de\\\/tr\\\/#website\",\"url\":\"https:\\\/\\\/www.kanzlei-steinwachs.de\\\/tr\\\/\",\"name\":\"Rechtsanwaltskanzlei Anwalt Hamburg Berlin Bremen Hannover L\u00fcbeck\",\"description\":\"Wir leisten mehr als Recht bietet\",\"publisher\":{\"@id\":\"https:\\\/\\\/www.kanzlei-steinwachs.de\\\/tr\\\/#organization\"},\"potentialAction\":[{\"@type\":\"SearchAction\",\"target\":{\"@type\":\"EntryPoint\",\"urlTemplate\":\"https:\\\/\\\/www.kanzlei-steinwachs.de\\\/tr\\\/?s={search_term_string}\"},\"query-input\":{\"@type\":\"PropertyValueSpecification\",\"valueRequired\":true,\"valueName\":\"search_term_string\"}}],\"inLanguage\":\"tr\"},{\"@type\":[\"Organization\",\"Place\"],\"@id\":\"https:\\\/\\\/www.kanzlei-steinwachs.de\\\/tr\\\/#organization\",\"name\":\"Rechtsanwaltskanzlei Anwalt Hamburg Berlin Bremen Hannover L\u00fcbeck\",\"url\":\"https:\\\/\\\/www.kanzlei-steinwachs.de\\\/\",\"logo\":{\"@type\":\"ImageObject\",\"inLanguage\":\"tr\",\"@id\":\"https:\\\/\\\/www.kanzlei-steinwachs.de\\\/tr\\\/#\\\/schema\\\/logo\\\/image\\\/\",\"url\":\"https:\\\/\\\/i0.wp.com\\\/www.kanzlei-steinwachs.de\\\/wp-content\\\/uploads\\\/2023\\\/12\\\/logo.webp?fit=174%2C76&quality=80&ssl=1\",\"contentUrl\":\"https:\\\/\\\/i0.wp.com\\\/www.kanzlei-steinwachs.de\\\/wp-content\\\/uploads\\\/2023\\\/12\\\/logo.webp?fit=174%2C76&quality=80&ssl=1\",\"width\":174,\"height\":76,\"caption\":\"Rechtsanwaltskanzlei Anwalt Hamburg Berlin Bremen Hannover L\u00fcbeck\"},\"image\":{\"@id\":\"https:\\\/\\\/www.kanzlei-steinwachs.de\\\/tr\\\/#\\\/schema\\\/logo\\\/image\\\/\"},\"sameAs\":[\"https:\\\/\\\/www.facebook.com\\\/STEINWACHSRechtsanwaltskanzlei\\\/\",\"https:\\\/\\\/x.com\\\/rasteinwachs\",\"https:\\\/\\\/www.instagram.com\\\/steinwachs_rechtsanwaelte\\\/\",\"https:\\\/\\\/www.linkedin.com\\\/in\\\/stephan-steinwachs-7a270197\\\/\",\"https:\\\/\\\/www.youtube.com\\\/channel\\\/UCffmodDlQx81remXm395RWA\"],\"telephone\":[]}]}<\/script>\n<!-- \/ Yoast SEO Premium plugin. -->","yoast_head_json":{"title":"Rechtsanwaltskanzlei in Hamburg Berlin Bremen Hannover L\u00fcbeck","description":"Rechtsanwaltskanzlei f\u00fcr Arbeitsrecht, Arzthaftung, Mietrecht, Gewerbemietrecht ,Gastronomierecht, Immobilienrecht, Schadensersatz Yachtrecht","robots":{"index":"index","follow":"follow","max-snippet":"max-snippet:-1","max-image-preview":"max-image-preview:large","max-video-preview":"max-video-preview:-1"},"canonical":"https:\/\/www.kanzlei-steinwachs.de\/tr\/is-hukuku-kararlari\/canta-kararlari-2007\/calisma-saatleri\/","og_locale":"tr_TR","og_type":"article","og_title":"Rechtsanwaltskanzlei in Hamburg Berlin Bremen Hannover L\u00fcbeck","og_description":"Rechtsanwaltskanzlei f\u00fcr Arbeitsrecht, Arzthaftung, Mietrecht, Gewerbemietrecht ,Gastronomierecht, Immobilienrecht, Schadensersatz Yachtrecht","og_url":"https:\/\/www.kanzlei-steinwachs.de\/tr\/is-hukuku-kararlari\/canta-kararlari-2007\/calisma-saatleri\/","og_site_name":"Rechtsanwaltskanzlei Anwalt Hamburg Berlin Bremen Hannover L\u00fcbeck","article_publisher":"https:\/\/www.facebook.com\/STEINWACHSRechtsanwaltskanzlei\/","article_modified_time":"2023-11-21T12:25:59+00:00","twitter_card":"summary_large_image","twitter_site":"@rasteinwachs","twitter_misc":{"Tahmini okuma s\u00fcresi":"2 dakika"},"schema":{"@context":"https:\/\/schema.org","@graph":[{"@type":"WebPage","@id":"https:\/\/www.kanzlei-steinwachs.de\/tr\/is-hukuku-kararlari\/canta-kararlari-2007\/calisma-saatleri\/","url":"https:\/\/www.kanzlei-steinwachs.de\/tr\/is-hukuku-kararlari\/canta-kararlari-2007\/calisma-saatleri\/","name":"Rechtsanwaltskanzlei in Hamburg Berlin Bremen Hannover L\u00fcbeck","isPartOf":{"@id":"https:\/\/www.kanzlei-steinwachs.de\/tr\/#website"},"datePublished":"2023-11-20T06:30:23+00:00","dateModified":"2023-11-21T12:25:59+00:00","description":"Rechtsanwaltskanzlei f\u00fcr Arbeitsrecht, Arzthaftung, Mietrecht, Gewerbemietrecht ,Gastronomierecht, Immobilienrecht, Schadensersatz Yachtrecht","breadcrumb":{"@id":"https:\/\/www.kanzlei-steinwachs.de\/tr\/is-hukuku-kararlari\/canta-kararlari-2007\/calisma-saatleri\/#breadcrumb"},"inLanguage":"tr","potentialAction":[{"@type":"ReadAction","target":["https:\/\/www.kanzlei-steinwachs.de\/tr\/is-hukuku-kararlari\/canta-kararlari-2007\/calisma-saatleri\/"]}]},{"@type":"BreadcrumbList","@id":"https:\/\/www.kanzlei-steinwachs.de\/tr\/is-hukuku-kararlari\/canta-kararlari-2007\/calisma-saatleri\/#breadcrumb","itemListElement":[{"@type":"ListItem","position":1,"name":"\u0130\u015f hukuku kararlar\u0131","item":"https:\/\/www.kanzlei-steinwachs.de\/tr\/is-hukuku-kararlari\/"},{"@type":"ListItem","position":2,"name":"\u00c7anta kararlar\u0131 2007","item":"https:\/\/www.kanzlei-steinwachs.de\/tr\/arbeitsrecht-urteile\/bag-urteile-2007\/"},{"@type":"ListItem","position":3,"name":"\u00e7al\u0131\u015fma saatleri"}]},{"@type":"WebSite","@id":"https:\/\/www.kanzlei-steinwachs.de\/tr\/#website","url":"https:\/\/www.kanzlei-steinwachs.de\/tr\/","name":"Rechtsanwaltskanzlei Anwalt Hamburg Berlin Bremen Hannover L\u00fcbeck","description":"Wir leisten mehr als Recht bietet","publisher":{"@id":"https:\/\/www.kanzlei-steinwachs.de\/tr\/#organization"},"potentialAction":[{"@type":"SearchAction","target":{"@type":"EntryPoint","urlTemplate":"https:\/\/www.kanzlei-steinwachs.de\/tr\/?s={search_term_string}"},"query-input":{"@type":"PropertyValueSpecification","valueRequired":true,"valueName":"search_term_string"}}],"inLanguage":"tr"},{"@type":["Organization","Place"],"@id":"https:\/\/www.kanzlei-steinwachs.de\/tr\/#organization","name":"Rechtsanwaltskanzlei Anwalt Hamburg Berlin Bremen Hannover L\u00fcbeck","url":"https:\/\/www.kanzlei-steinwachs.de\/","logo":{"@type":"ImageObject","inLanguage":"tr","@id":"https:\/\/www.kanzlei-steinwachs.de\/tr\/#\/schema\/logo\/image\/","url":"https:\/\/i0.wp.com\/www.kanzlei-steinwachs.de\/wp-content\/uploads\/2023\/12\/logo.webp?fit=174%2C76&quality=80&ssl=1","contentUrl":"https:\/\/i0.wp.com\/www.kanzlei-steinwachs.de\/wp-content\/uploads\/2023\/12\/logo.webp?fit=174%2C76&quality=80&ssl=1","width":174,"height":76,"caption":"Rechtsanwaltskanzlei Anwalt Hamburg Berlin Bremen Hannover L\u00fcbeck"},"image":{"@id":"https:\/\/www.kanzlei-steinwachs.de\/tr\/#\/schema\/logo\/image\/"},"sameAs":["https:\/\/www.facebook.com\/STEINWACHSRechtsanwaltskanzlei\/","https:\/\/x.com\/rasteinwachs","https:\/\/www.instagram.com\/steinwachs_rechtsanwaelte\/","https:\/\/www.linkedin.com\/in\/stephan-steinwachs-7a270197\/","https:\/\/www.youtube.com\/channel\/UCffmodDlQx81remXm395RWA"],"telephone":[]}]}},"jetpack_sharing_enabled":true,"_links":{"self":[{"href":"https:\/\/www.kanzlei-steinwachs.de\/tr\/wp-json\/wp\/v2\/pages\/11883","targetHints":{"allow":["GET"]}}],"collection":[{"href":"https:\/\/www.kanzlei-steinwachs.de\/tr\/wp-json\/wp\/v2\/pages"}],"about":[{"href":"https:\/\/www.kanzlei-steinwachs.de\/tr\/wp-json\/wp\/v2\/types\/page"}],"author":[{"embeddable":true,"href":"https:\/\/www.kanzlei-steinwachs.de\/tr\/wp-json\/wp\/v2\/users\/1"}],"replies":[{"embeddable":true,"href":"https:\/\/www.kanzlei-steinwachs.de\/tr\/wp-json\/wp\/v2\/comments?post=11883"}],"version-history":[{"count":0,"href":"https:\/\/www.kanzlei-steinwachs.de\/tr\/wp-json\/wp\/v2\/pages\/11883\/revisions"}],"up":[{"embeddable":true,"href":"https:\/\/www.kanzlei-steinwachs.de\/tr\/wp-json\/wp\/v2\/pages\/11641"}],"wp:attachment":[{"href":"https:\/\/www.kanzlei-steinwachs.de\/tr\/wp-json\/wp\/v2\/media?parent=11883"}],"curies":[{"name":"wp","href":"https:\/\/api.w.org\/{rel}","templated":true}]}}