{"id":11574,"date":"2023-11-15T09:28:28","date_gmt":"2023-11-15T08:28:28","guid":{"rendered":"https:\/\/www.kanzlei-steinwachs.de\/haciz-kanunu\/"},"modified":"2023-11-21T07:20:34","modified_gmt":"2023-11-21T06:20:34","slug":"haciz-kanunu","status":"publish","type":"page","link":"https:\/\/www.kanzlei-steinwachs.de\/tr\/haciz-kanunu\/","title":{"rendered":"haciz kanunu"},"content":{"rendered":"<div class=\"wpb-content-wrapper\"><p>[vc_row content_width=&#8221;grid&#8221; content_aligment=&#8221;center&#8221; triangle_shape=&#8221;no&#8221; css=&#8221;.vc_custom_1696926719838{padding-bottom: 10px !important;background-position: center !important;background-repeat: no-repeat !important;background-size: cover !important;}&#8221;][vc_column]<div class=\"mkd-separator-holder clearfix  mkd-separator-center mkd-separator-with-icon mkd-animate\" style=\"margin-top: 20px; margin-bottom: 30px\">\n\t<div class=\"mkd-separator\" style=\"border-color: #c18f59;border-style: solid;width: 97.5px\"><\/div>\n\t\t<div class=\"mkd-separator-icon\">\n\t\t\t                    \t\t\t\t\t\t<\/div>\n\t<div class=\"mkd-separator\" style=\"border-color: #c18f59;border-style: solid;width: 97.5px\"><\/div>\n<\/div>\n[\/vc_column][\/vc_row][vc_row triangle_shape=&#8221;no&#8221;][vc_column][vc_column_text css=&#8221;.vc_custom_1700478770647{margin-bottom: 0px !important;padding-top: 20px !important;padding-bottom: 1px !important;}&#8221;]Zorunlu icra hukuku, \u00f6zel veya kamu hukuku iddialar\u0131n\u0131n devlet g\u00fcc\u00fc taraf\u0131ndan zorla uygulanmas\u0131yla ilgilidir.<\/p>\n<div id=\"gtx-trans\" style=\"position: absolute; left: 91px; top: 113px;\">\n<div class=\"gtx-trans-icon\"><\/div>\n<\/div>\n<p>[\/vc_column_text][vc_column_text css=&#8221;.vc_custom_1700478793566{padding-top: 10px !important;}&#8221;]\u00d6zel talepleri uygulamak i\u00e7in g\u00fc\u00e7 kullanmaktan yaln\u0131zca devlet sorumludur. Kanunsuz adalete yaln\u0131zca dar s\u0131n\u0131rlar dahilinde izin verilir (\u00f6rne\u011fin \u00a7 229 BGB). \u00d6zel kolluk hukukunda cebri icra, icra edilebilir bir tapu esas\u0131na g\u00f6re ger\u00e7ekle\u015fir. Alacakl\u0131 bunu zorunlu icra hukukunda, \u00f6rne\u011fin mahkemede dava a\u00e7arak ve yasal olarak ba\u011flay\u0131c\u0131 bir nihai karar alarak elde eder (\u00a7 704 ZPO). Bununla birlikte, zorunlu icra hukukunda icra bildirimi veya noter belgesi gibi uygulanabilir ba\u015fka unvanlar da vard\u0131r; uygulanabilir unvanlar\u0131n bir listesi B\u00f6l\u00fcm 794 ZPO&#8217;da bulunabilir.[\/vc_column_text][vc_column_text css=&#8221;.vc_custom_1700478799390{padding-top: 10px !important;}&#8221;]\u00d6zel kolluk hukukunda en yayg\u0131n bi\u00e7im, parasal alacaklara ba\u011fl\u0131 icrad\u0131r. Parasal talepler nedeniyle icra, ilam bor\u00e7lusunun ta\u015f\u0131n\u0131r varl\u0131klar\u0131na (\u00a7\u00a7 803 ff. ZPO) veya ta\u015f\u0131nmaz varl\u0131klar\u0131na (\u00a7\u00a7 864 ff. ZPO) kar\u015f\u0131 yap\u0131labilir. Cebri icra hukukunda icra memuru, icra mahkemesi veya ilk derece mahkemesi sorumlu olabilir. Ancak, \u00f6rne\u011fin ilam bor\u00e7lusunun bir eylemini\/eylemsizli\u011fini icra etmek i\u00e7in \u00f6zel hukuk icras\u0131 da yap\u0131labilir (\u00a7\u00a7 883 ff. ZPO).[\/vc_column_text][\/vc_column][\/vc_row][vc_row triangle_shape=&#8221;no&#8221; css=&#8221;.vc_custom_1695985900053{padding-top: 30px !important;}&#8221;][vc_column][vc_row_inner css=&#8221;.vc_custom_1697455935676{padding-bottom: 10px !important;}&#8221;][vc_column_inner width=&#8221;1\/2&#8243;]\n<h2 class=\"mkd-custom-font-holder\" style=\"font-size: 20px;line-height: 30px;font-weight: 700\" data-font-size= 20 data-line-height= 30>\n\tZu den wesentlichen Themen im privatrechtlichen Zwangsvollstreckungsrecht geh\u00f6ren unter anderem:<\/h2>[vc_empty_space]<div class=\"mkd-unordered-list \" ><ul>\n<li>N\u00f6bet<\/li>\n<li>Haciz ve Dola\u015fma<\/li>\n<li>N\u00f6bet muafiyet limitleri<\/li>\n<li>Haciz<\/li>\n<li>Transfer karar\u0131<\/li>\n<li>\u0130htiyati tedbir\/ge\u00e7ici tutuklama<\/li>\n<li>Zorunlu icraya kar\u015f\u0131 yasal yollar (\u00f6rne\u011fin \u00fc\u00e7\u00fcnc\u00fc taraf itiraz davas\u0131, hat\u0131rlatma veya icra kar\u015f\u0131 Talebi)<\/li>\n<\/ul>\n<\/div>[\/vc_column_inner][vc_column_inner width=&#8221;1\/2&#8243;][vc_single_image image=&#8221;1425&#8243; img_size=&#8221;full&#8221;][\/vc_column_inner][\/vc_row_inner][\/vc_column][\/vc_row][vc_row triangle_shape=&#8221;no&#8221; css=&#8221;.vc_custom_1697455870159{padding-bottom: 50px !important;}&#8221;][vc_column][vc_column_text css=&#8221;.vc_custom_1700478858253{padding-top: 10px !important;}&#8221;]\u00d6zel icra hukuku \u00f6ncelikle ZPO&#8217;nun 8. Kitab\u0131nda d\u00fczenlenmi\u015ftir. AB d\u00fczeyinde, \u00f6zellikle icra hukukunda 44\/2001 say\u0131l\u0131 Br\u00fcksel I Y\u00f6netmeli\u011fine (EC) uyulmal\u0131d\u0131r.<\/p>\n<p>[\/vc_column_text][vc_column_text css=&#8221;.vc_custom_1700478876709{padding-top: 10px !important;}&#8221;]Kamu icra hukukunda icra genellikle unvan olarak idari bir i\u015flem esas al\u0131narak ger\u00e7ekle\u015ftirilir. \u00c7o\u011fu \u00f6zel icra kanununun aksine, makam\u0131n herhangi bir ke\u015fif i\u015flemi y\u00fcr\u00fctmesine gerek yoktur. Kamu icra hukuku, \u00f6zellikle Federal \u0130dari \u0130cra Kanununda (VwVG) veya ilgili federal eyaletlerde (\u00f6rn. HmbVwVG, VwVG NRW) d\u00fczenlenir.<\/p>\n<p>[\/vc_column_text][vc_column_text css=&#8221;.vc_custom_1700478888966{padding-top: 10px !important;}&#8221;]\u0130lerleyen sayfalarda sizlere cebri icra hukukunun temel ilkeleri hakk\u0131nda m\u00fcmk\u00fcn oldu\u011funca fazla bilgi vermeye \u00e7al\u0131\u015faca\u011f\u0131z.[\/vc_column_text][vc_column_text css=&#8221;.vc_custom_1700478900021{padding-top: 10px !important;}&#8221;]Ayr\u0131ca cebri icra hukuku konusunda a\u015fa\u011f\u0131daki sayfalar\u0131 da \u00f6neriyoruz:<\/p>\n<p>[\/vc_column_text][\/vc_column][\/vc_row]<\/p>\n<\/div>","protected":false},"excerpt":{"rendered":"<p>[vc_row content_width=&#8221;grid&#8221; content_aligment=&#8221;center&#8221; triangle_shape=&#8221;no&#8221; css=&#8221;.vc_custom_1696926719838{padding-bottom: 10px !important;background-position: center !important;background-repeat: no-repeat !important;background-size: cover !important;}&#8221;][vc_column][\/vc_column][\/vc_row][vc_row triangle_shape=&#8221;no&#8221;][vc_column][vc_column_text css=&#8221;.vc_custom_1700478770647{margin-bottom: 0px !important;padding-top: 20px !important;padding-bottom: 1px !important;}&#8221;]Zorunlu icra hukuku, \u00f6zel veya kamu hukuku iddialar\u0131n\u0131n devlet g\u00fcc\u00fc taraf\u0131ndan zorla uygulanmas\u0131yla ilgilidir. [\/vc_column_text][vc_column_text css=&#8221;.vc_custom_1700478793566{padding-top: 10px !important;}&#8221;]\u00d6zel talepleri uygulamak i\u00e7in g\u00fc\u00e7 kullanmaktan yaln\u0131zca devlet sorumludur. Kanunsuz adalete yaln\u0131zca dar s\u0131n\u0131rlar dahilinde izin verilir (\u00f6rne\u011fin \u00a7 229 BGB). \u00d6zel kolluk hukukunda cebri icra, icra edilebilir bir tapu esas\u0131na g\u00f6re ger\u00e7ekle\u015fir. Alacakl\u0131 bunu zorunlu icra hukukunda, \u00f6rne\u011fin mahkemede dava a\u00e7arak ve yasal olarak ba\u011flay\u0131c\u0131 bir nihai karar alarak elde eder (\u00a7 704 ZPO). Bununla birlikte, zorunlu icra hukukunda icra bildirimi veya&#8230;<\/p>\n","protected":false},"author":1,"featured_media":0,"parent":0,"menu_order":0,"comment_status":"closed","ping_status":"closed","template":"","meta":{"footnotes":""},"class_list":["post-11574","page","type-page","status-publish","hentry"],"yoast_head":"<!-- This site is optimized with the Yoast SEO Premium plugin v27.2 (Yoast SEO v27.4) - https:\/\/yoast.com\/product\/yoast-seo-premium-wordpress\/ -->\n<title>Rechtsanwaltskanzlei in Hamburg Berlin Bremen Hannover L\u00fcbeck<\/title>\n<meta name=\"description\" content=\"Rechtsanwaltskanzlei f\u00fcr Arbeitsrecht, Arzthaftung, Mietrecht, Gewerbemietrecht ,Gastronomierecht, Immobilienrecht, Schadensersatz Yachtrecht\" \/>\n<meta name=\"robots\" content=\"index, follow, max-snippet:-1, max-image-preview:large, max-video-preview:-1\" \/>\n<link rel=\"canonical\" href=\"https:\/\/www.kanzlei-steinwachs.de\/tr\/haciz-kanunu\/\" \/>\n<meta property=\"og:locale\" content=\"tr_TR\" \/>\n<meta property=\"og:type\" content=\"article\" \/>\n<meta property=\"og:title\" content=\"Rechtsanwaltskanzlei in Hamburg Berlin Bremen Hannover L\u00fcbeck\" \/>\n<meta property=\"og:description\" content=\"Rechtsanwaltskanzlei f\u00fcr Arbeitsrecht, Arzthaftung, Mietrecht, Gewerbemietrecht ,Gastronomierecht, Immobilienrecht, Schadensersatz Yachtrecht\" \/>\n<meta property=\"og:url\" content=\"https:\/\/www.kanzlei-steinwachs.de\/tr\/haciz-kanunu\/\" \/>\n<meta property=\"og:site_name\" content=\"Rechtsanwaltskanzlei Anwalt Hamburg Berlin Bremen Hannover L\u00fcbeck\" \/>\n<meta property=\"article:publisher\" content=\"https:\/\/www.facebook.com\/STEINWACHSRechtsanwaltskanzlei\/\" \/>\n<meta property=\"article:modified_time\" content=\"2023-11-21T06:20:34+00:00\" \/>\n<meta name=\"twitter:card\" content=\"summary_large_image\" \/>\n<meta name=\"twitter:site\" content=\"@rasteinwachs\" \/>\n<meta name=\"twitter:label1\" content=\"Tahmini okuma s\u00fcresi\" \/>\n\t<meta name=\"twitter:data1\" content=\"3 dakika\" \/>\n<script type=\"application\/ld+json\" class=\"yoast-schema-graph\">{\"@context\":\"https:\\\/\\\/schema.org\",\"@graph\":[{\"@type\":\"WebPage\",\"@id\":\"https:\\\/\\\/www.kanzlei-steinwachs.de\\\/tr\\\/haciz-kanunu\\\/\",\"url\":\"https:\\\/\\\/www.kanzlei-steinwachs.de\\\/tr\\\/haciz-kanunu\\\/\",\"name\":\"Rechtsanwaltskanzlei in Hamburg Berlin Bremen Hannover L\u00fcbeck\",\"isPartOf\":{\"@id\":\"https:\\\/\\\/www.kanzlei-steinwachs.de\\\/tr\\\/#website\"},\"datePublished\":\"2023-11-15T08:28:28+00:00\",\"dateModified\":\"2023-11-21T06:20:34+00:00\",\"description\":\"Rechtsanwaltskanzlei f\u00fcr Arbeitsrecht, Arzthaftung, Mietrecht, Gewerbemietrecht ,Gastronomierecht, Immobilienrecht, Schadensersatz Yachtrecht\",\"inLanguage\":\"tr\",\"potentialAction\":[{\"@type\":\"ReadAction\",\"target\":[\"https:\\\/\\\/www.kanzlei-steinwachs.de\\\/tr\\\/haciz-kanunu\\\/\"]}]},{\"@type\":\"WebSite\",\"@id\":\"https:\\\/\\\/www.kanzlei-steinwachs.de\\\/tr\\\/#website\",\"url\":\"https:\\\/\\\/www.kanzlei-steinwachs.de\\\/tr\\\/\",\"name\":\"Rechtsanwaltskanzlei Anwalt Hamburg Berlin Bremen Hannover L\u00fcbeck\",\"description\":\"Wir leisten mehr als Recht bietet\",\"publisher\":{\"@id\":\"https:\\\/\\\/www.kanzlei-steinwachs.de\\\/tr\\\/#organization\"},\"potentialAction\":[{\"@type\":\"SearchAction\",\"target\":{\"@type\":\"EntryPoint\",\"urlTemplate\":\"https:\\\/\\\/www.kanzlei-steinwachs.de\\\/tr\\\/?s={search_term_string}\"},\"query-input\":{\"@type\":\"PropertyValueSpecification\",\"valueRequired\":true,\"valueName\":\"search_term_string\"}}],\"inLanguage\":\"tr\"},{\"@type\":[\"Organization\",\"Place\"],\"@id\":\"https:\\\/\\\/www.kanzlei-steinwachs.de\\\/tr\\\/#organization\",\"name\":\"Rechtsanwaltskanzlei Anwalt Hamburg Berlin Bremen Hannover L\u00fcbeck\",\"url\":\"https:\\\/\\\/www.kanzlei-steinwachs.de\\\/\",\"logo\":{\"@type\":\"ImageObject\",\"inLanguage\":\"tr\",\"@id\":\"https:\\\/\\\/www.kanzlei-steinwachs.de\\\/tr\\\/#\\\/schema\\\/logo\\\/image\\\/\",\"url\":\"https:\\\/\\\/i0.wp.com\\\/www.kanzlei-steinwachs.de\\\/wp-content\\\/uploads\\\/2023\\\/12\\\/logo.webp?fit=174%2C76&quality=80&ssl=1\",\"contentUrl\":\"https:\\\/\\\/i0.wp.com\\\/www.kanzlei-steinwachs.de\\\/wp-content\\\/uploads\\\/2023\\\/12\\\/logo.webp?fit=174%2C76&quality=80&ssl=1\",\"width\":174,\"height\":76,\"caption\":\"Rechtsanwaltskanzlei Anwalt Hamburg Berlin Bremen Hannover L\u00fcbeck\"},\"image\":{\"@id\":\"https:\\\/\\\/www.kanzlei-steinwachs.de\\\/tr\\\/#\\\/schema\\\/logo\\\/image\\\/\"},\"sameAs\":[\"https:\\\/\\\/www.facebook.com\\\/STEINWACHSRechtsanwaltskanzlei\\\/\",\"https:\\\/\\\/x.com\\\/rasteinwachs\",\"https:\\\/\\\/www.instagram.com\\\/steinwachs_rechtsanwaelte\\\/\",\"https:\\\/\\\/www.linkedin.com\\\/in\\\/stephan-steinwachs-7a270197\\\/\",\"https:\\\/\\\/www.youtube.com\\\/channel\\\/UCffmodDlQx81remXm395RWA\"],\"telephone\":[]}]}<\/script>\n<!-- \/ Yoast SEO Premium plugin. -->","yoast_head_json":{"title":"Rechtsanwaltskanzlei in Hamburg Berlin Bremen Hannover L\u00fcbeck","description":"Rechtsanwaltskanzlei f\u00fcr Arbeitsrecht, Arzthaftung, Mietrecht, Gewerbemietrecht ,Gastronomierecht, Immobilienrecht, Schadensersatz Yachtrecht","robots":{"index":"index","follow":"follow","max-snippet":"max-snippet:-1","max-image-preview":"max-image-preview:large","max-video-preview":"max-video-preview:-1"},"canonical":"https:\/\/www.kanzlei-steinwachs.de\/tr\/haciz-kanunu\/","og_locale":"tr_TR","og_type":"article","og_title":"Rechtsanwaltskanzlei in Hamburg Berlin Bremen Hannover L\u00fcbeck","og_description":"Rechtsanwaltskanzlei f\u00fcr Arbeitsrecht, Arzthaftung, Mietrecht, Gewerbemietrecht ,Gastronomierecht, Immobilienrecht, Schadensersatz Yachtrecht","og_url":"https:\/\/www.kanzlei-steinwachs.de\/tr\/haciz-kanunu\/","og_site_name":"Rechtsanwaltskanzlei Anwalt Hamburg Berlin Bremen Hannover L\u00fcbeck","article_publisher":"https:\/\/www.facebook.com\/STEINWACHSRechtsanwaltskanzlei\/","article_modified_time":"2023-11-21T06:20:34+00:00","twitter_card":"summary_large_image","twitter_site":"@rasteinwachs","twitter_misc":{"Tahmini okuma s\u00fcresi":"3 dakika"},"schema":{"@context":"https:\/\/schema.org","@graph":[{"@type":"WebPage","@id":"https:\/\/www.kanzlei-steinwachs.de\/tr\/haciz-kanunu\/","url":"https:\/\/www.kanzlei-steinwachs.de\/tr\/haciz-kanunu\/","name":"Rechtsanwaltskanzlei in Hamburg Berlin Bremen Hannover L\u00fcbeck","isPartOf":{"@id":"https:\/\/www.kanzlei-steinwachs.de\/tr\/#website"},"datePublished":"2023-11-15T08:28:28+00:00","dateModified":"2023-11-21T06:20:34+00:00","description":"Rechtsanwaltskanzlei f\u00fcr Arbeitsrecht, Arzthaftung, Mietrecht, Gewerbemietrecht ,Gastronomierecht, Immobilienrecht, Schadensersatz Yachtrecht","inLanguage":"tr","potentialAction":[{"@type":"ReadAction","target":["https:\/\/www.kanzlei-steinwachs.de\/tr\/haciz-kanunu\/"]}]},{"@type":"WebSite","@id":"https:\/\/www.kanzlei-steinwachs.de\/tr\/#website","url":"https:\/\/www.kanzlei-steinwachs.de\/tr\/","name":"Rechtsanwaltskanzlei Anwalt Hamburg Berlin Bremen Hannover L\u00fcbeck","description":"Wir leisten mehr als Recht bietet","publisher":{"@id":"https:\/\/www.kanzlei-steinwachs.de\/tr\/#organization"},"potentialAction":[{"@type":"SearchAction","target":{"@type":"EntryPoint","urlTemplate":"https:\/\/www.kanzlei-steinwachs.de\/tr\/?s={search_term_string}"},"query-input":{"@type":"PropertyValueSpecification","valueRequired":true,"valueName":"search_term_string"}}],"inLanguage":"tr"},{"@type":["Organization","Place"],"@id":"https:\/\/www.kanzlei-steinwachs.de\/tr\/#organization","name":"Rechtsanwaltskanzlei Anwalt Hamburg Berlin Bremen Hannover L\u00fcbeck","url":"https:\/\/www.kanzlei-steinwachs.de\/","logo":{"@type":"ImageObject","inLanguage":"tr","@id":"https:\/\/www.kanzlei-steinwachs.de\/tr\/#\/schema\/logo\/image\/","url":"https:\/\/i0.wp.com\/www.kanzlei-steinwachs.de\/wp-content\/uploads\/2023\/12\/logo.webp?fit=174%2C76&quality=80&ssl=1","contentUrl":"https:\/\/i0.wp.com\/www.kanzlei-steinwachs.de\/wp-content\/uploads\/2023\/12\/logo.webp?fit=174%2C76&quality=80&ssl=1","width":174,"height":76,"caption":"Rechtsanwaltskanzlei Anwalt Hamburg Berlin Bremen Hannover L\u00fcbeck"},"image":{"@id":"https:\/\/www.kanzlei-steinwachs.de\/tr\/#\/schema\/logo\/image\/"},"sameAs":["https:\/\/www.facebook.com\/STEINWACHSRechtsanwaltskanzlei\/","https:\/\/x.com\/rasteinwachs","https:\/\/www.instagram.com\/steinwachs_rechtsanwaelte\/","https:\/\/www.linkedin.com\/in\/stephan-steinwachs-7a270197\/","https:\/\/www.youtube.com\/channel\/UCffmodDlQx81remXm395RWA"],"telephone":[]}]}},"jetpack_sharing_enabled":true,"_links":{"self":[{"href":"https:\/\/www.kanzlei-steinwachs.de\/tr\/wp-json\/wp\/v2\/pages\/11574","targetHints":{"allow":["GET"]}}],"collection":[{"href":"https:\/\/www.kanzlei-steinwachs.de\/tr\/wp-json\/wp\/v2\/pages"}],"about":[{"href":"https:\/\/www.kanzlei-steinwachs.de\/tr\/wp-json\/wp\/v2\/types\/page"}],"author":[{"embeddable":true,"href":"https:\/\/www.kanzlei-steinwachs.de\/tr\/wp-json\/wp\/v2\/users\/1"}],"replies":[{"embeddable":true,"href":"https:\/\/www.kanzlei-steinwachs.de\/tr\/wp-json\/wp\/v2\/comments?post=11574"}],"version-history":[{"count":0,"href":"https:\/\/www.kanzlei-steinwachs.de\/tr\/wp-json\/wp\/v2\/pages\/11574\/revisions"}],"wp:attachment":[{"href":"https:\/\/www.kanzlei-steinwachs.de\/tr\/wp-json\/wp\/v2\/media?parent=11574"}],"curies":[{"name":"wp","href":"https:\/\/api.w.org\/{rel}","templated":true}]}}