{"id":11524,"date":"2023-11-21T05:06:34","date_gmt":"2023-11-21T04:06:34","guid":{"rendered":"https:\/\/www.kanzlei-steinwachs.de\/isten-cikarma-tazminati\/"},"modified":"2023-11-21T06:13:17","modified_gmt":"2023-11-21T05:13:17","slug":"isten-cikarma-tazminati","status":"publish","type":"page","link":"https:\/\/www.kanzlei-steinwachs.de\/tr\/isten-cikarma-tazminati\/","title":{"rendered":"i\u015ften \u00e7\u0131karma tazminat\u0131"},"content":{"rendered":"<div class=\"wpb-content-wrapper\"><p>[vc_row triangle_shape=&#8221;no&#8221; css=&#8221;.vc_custom_1700539651318{padding-bottom: 40px !important;}&#8221;][vc_column][vc_column_text]\u0130\u015f ili\u015fkisinin sona ermesinin bir\u00e7ok nedeni olabilir. E\u011fer fesih iste\u011fi i\u015fverenden geliyorsa, mant\u0131kl\u0131 \u00e7al\u0131\u015fan bu iste\u011fe kolayca boyun e\u011fmeyecektir. Bir yandan i\u015fini kaybetmesine katk\u0131da bulunursa i\u015fsizlik yard\u0131mlar\u0131n\u0131n bloke edilmesi riskiyle kar\u015f\u0131 kar\u015f\u0131ya kal\u0131r. \u00d6te yandan, yasal olarak g\u00fc\u00e7lendirilmi\u015f \u00e7al\u0131\u015fan pozisyonu g\u00f6z \u00f6n\u00fcne al\u0131nd\u0131\u011f\u0131nda, \u00e7o\u011fu zaman ak\u0131ll\u0131ca m\u00fczakere yoluyla kayb\u0131n\u0131n tazminini sa\u011flama f\u0131rsat\u0131na sahip oluyor.<\/p>\n<p>\u00d6zel durumlarda (\u00f6rn. \u00a7<a title=\"\u00a7 1a'ya g\u00f6re tazminat\" href=\"http:\/\/www.gesetze-im-internet.de\/kschg\/__1a.html\" target=\"_blank\" rel=\"noopener\">1a K\u00fcSchG<\/a>), \u00e7al\u0131\u015fanlar\u0131n yasal ve dolay\u0131s\u0131yla uygulanabilir bir k\u0131dem tazminat\u0131 hakk\u0131 da vard\u0131r.<\/p>\n<p>Ancak vakalar\u0131n b\u00fcy\u00fck \u00e7o\u011funlu\u011funda k\u0131dem tazminat\u0131 \u00f6demesi, i\u015f ili\u015fkisinin sona erdirilmesine ili\u015fkin olas\u0131 veya mevcut hukuki anla\u015fmazl\u0131\u011f\u0131n risklerinin de\u011ferlendirilmesinin sonucudur. Yaln\u0131zca k\u0131dem tazminat\u0131n\u0131n pazarl\u0131\u011fa a\u00e7\u0131k olup olmad\u0131\u011f\u0131 sorusu de\u011fil, ayn\u0131 zamanda olas\u0131 k\u0131dem tazminat\u0131 tutar\u0131 da b\u00fcy\u00fck \u00f6l\u00e7\u00fcde dava riskine ba\u011fl\u0131d\u0131r.<\/p>\n<p>M\u00fc\u015fterilerimiz i\u00e7in k\u0131dem tazminat\u0131 m\u00fczakere etti\u011fimiz standart durumlar \u015funlard\u0131r:<\/p>\n<ul>\n<li>\u0130\u015ften \u00e7\u0131kar\u0131lma koruma prosed\u00fcr\u00fc devam ediyor<\/li>\n<li>\u0130\u015fveren zaten fesih bildiriminde bulundu<\/li>\n<li>\u0130\u015fveren fesih s\u00f6z\u00fc verdi<\/li>\n<li>Bir uyar\u0131 yay\u0131nland\u0131<\/li>\n<li>\u0130\u015fveren zaten k\u0131dem tazminat\u0131 kar\u015f\u0131l\u0131\u011f\u0131nda fesih teklifinde bulundu<\/li>\n<li>belirli s\u00fcreli bir i\u015f ili\u015fkisi var<\/li>\n<\/ul>\n<p>K\u0131dem tazminat\u0131 talebinizi kontrol etmemizi veya sizin i\u00e7in k\u0131dem tazminat\u0131 \u00f6demesi konusunda pazarl\u0131k yapmam\u0131z\u0131 istiyorsunuz! Bunu yapmak i\u00e7in mevcut olana ihtiyac\u0131m\u0131z var<\/p>\n<ul>\n<li>i\u015f s\u00f6zle\u015fmeniz<\/li>\n<li>Son 3 maa\u015f bordronuz<\/li>\n<li>K\u00fcndigungsschreiben<\/li>\n<li>S\u00f6zle\u015fmeleri de\u011fi\u015ftir<\/li>\n<li>Uyar\u0131lar<\/li>\n<li>\u0130ptal s\u00f6zle\u015fmesi<\/li>\n<li>\u0130\u015fvereninizden mektup<\/li>\n<li>Toplu s\u00f6zle\u015fmeler<\/li>\n<li>\u0130\u015fletme anla\u015fmalar\u0131\u2026<\/li>\n<\/ul>\n<p>Hukuk-avukat-istihdam-hukuk-hamburg-berlin\/k\u0131dem tazminat\u0131 sayfas\u0131n\u0131n i\u00e7eri\u011finden sorumlu: Avukat Stephan Steinwachs (Berlin Hamburg Avukat\u0131)[\/vc_column_text][\/vc_column][\/vc_row]<\/p>\n<\/div>","protected":false},"excerpt":{"rendered":"<p>[vc_row triangle_shape=&#8221;no&#8221; css=&#8221;.vc_custom_1700539651318{padding-bottom: 40px !important;}&#8221;][vc_column][vc_column_text]\u0130\u015f ili\u015fkisinin sona ermesinin bir\u00e7ok nedeni olabilir. E\u011fer fesih iste\u011fi i\u015fverenden geliyorsa, mant\u0131kl\u0131 \u00e7al\u0131\u015fan bu iste\u011fe kolayca boyun e\u011fmeyecektir. Bir yandan i\u015fini kaybetmesine katk\u0131da bulunursa i\u015fsizlik yard\u0131mlar\u0131n\u0131n bloke edilmesi riskiyle kar\u015f\u0131 kar\u015f\u0131ya kal\u0131r. \u00d6te yandan, yasal olarak g\u00fc\u00e7lendirilmi\u015f \u00e7al\u0131\u015fan pozisyonu g\u00f6z \u00f6n\u00fcne al\u0131nd\u0131\u011f\u0131nda, \u00e7o\u011fu zaman ak\u0131ll\u0131ca m\u00fczakere yoluyla kayb\u0131n\u0131n tazminini sa\u011flama f\u0131rsat\u0131na sahip oluyor. \u00d6zel durumlarda (\u00f6rn. \u00a71a K\u00fcSchG), \u00e7al\u0131\u015fanlar\u0131n yasal ve dolay\u0131s\u0131yla uygulanabilir bir k\u0131dem tazminat\u0131 hakk\u0131 da vard\u0131r. Ancak vakalar\u0131n b\u00fcy\u00fck \u00e7o\u011funlu\u011funda k\u0131dem tazminat\u0131 \u00f6demesi, i\u015f ili\u015fkisinin sona erdirilmesine ili\u015fkin olas\u0131 veya mevcut hukuki anla\u015fmazl\u0131\u011f\u0131n risklerinin de\u011ferlendirilmesinin sonucudur. Yaln\u0131zca k\u0131dem tazminat\u0131n\u0131n pazarl\u0131\u011fa a\u00e7\u0131k olup&#8230;<\/p>\n","protected":false},"author":1,"featured_media":0,"parent":0,"menu_order":0,"comment_status":"closed","ping_status":"closed","template":"","meta":{"footnotes":""},"class_list":["post-11524","page","type-page","status-publish","hentry"],"yoast_head":"<!-- This site is optimized with the Yoast SEO Premium plugin v27.2 (Yoast SEO v27.4) - https:\/\/yoast.com\/product\/yoast-seo-premium-wordpress\/ -->\n<title>Rechtsanwaltskanzlei in Hamburg Berlin Bremen Hannover L\u00fcbeck<\/title>\n<meta name=\"description\" content=\"Rechtsanwaltskanzlei f\u00fcr Arbeitsrecht, Arzthaftung, Mietrecht, Gewerbemietrecht ,Gastronomierecht, Immobilienrecht, Schadensersatz Yachtrecht\" \/>\n<meta name=\"robots\" content=\"index, follow, max-snippet:-1, max-image-preview:large, max-video-preview:-1\" \/>\n<link rel=\"canonical\" href=\"https:\/\/www.kanzlei-steinwachs.de\/tr\/isten-cikarma-tazminati\/\" \/>\n<meta property=\"og:locale\" content=\"tr_TR\" \/>\n<meta property=\"og:type\" content=\"article\" \/>\n<meta property=\"og:title\" content=\"Rechtsanwaltskanzlei in Hamburg Berlin Bremen Hannover L\u00fcbeck\" \/>\n<meta property=\"og:description\" content=\"Rechtsanwaltskanzlei f\u00fcr Arbeitsrecht, Arzthaftung, Mietrecht, Gewerbemietrecht ,Gastronomierecht, Immobilienrecht, Schadensersatz Yachtrecht\" \/>\n<meta property=\"og:url\" content=\"https:\/\/www.kanzlei-steinwachs.de\/tr\/isten-cikarma-tazminati\/\" \/>\n<meta property=\"og:site_name\" content=\"Rechtsanwaltskanzlei Anwalt Hamburg Berlin Bremen Hannover L\u00fcbeck\" \/>\n<meta property=\"article:publisher\" content=\"https:\/\/www.facebook.com\/STEINWACHSRechtsanwaltskanzlei\/\" \/>\n<meta property=\"article:modified_time\" content=\"2023-11-21T05:13:17+00:00\" \/>\n<meta name=\"twitter:card\" content=\"summary_large_image\" \/>\n<meta name=\"twitter:site\" content=\"@rasteinwachs\" \/>\n<meta name=\"twitter:label1\" content=\"Tahmini okuma s\u00fcresi\" \/>\n\t<meta name=\"twitter:data1\" content=\"2 dakika\" \/>\n<script type=\"application\/ld+json\" class=\"yoast-schema-graph\">{\"@context\":\"https:\\\/\\\/schema.org\",\"@graph\":[{\"@type\":\"WebPage\",\"@id\":\"https:\\\/\\\/www.kanzlei-steinwachs.de\\\/tr\\\/isten-cikarma-tazminati\\\/\",\"url\":\"https:\\\/\\\/www.kanzlei-steinwachs.de\\\/tr\\\/isten-cikarma-tazminati\\\/\",\"name\":\"Rechtsanwaltskanzlei in Hamburg Berlin Bremen Hannover L\u00fcbeck\",\"isPartOf\":{\"@id\":\"https:\\\/\\\/www.kanzlei-steinwachs.de\\\/tr\\\/#website\"},\"datePublished\":\"2023-11-21T04:06:34+00:00\",\"dateModified\":\"2023-11-21T05:13:17+00:00\",\"description\":\"Rechtsanwaltskanzlei f\u00fcr Arbeitsrecht, Arzthaftung, Mietrecht, Gewerbemietrecht ,Gastronomierecht, Immobilienrecht, Schadensersatz Yachtrecht\",\"inLanguage\":\"tr\",\"potentialAction\":[{\"@type\":\"ReadAction\",\"target\":[\"https:\\\/\\\/www.kanzlei-steinwachs.de\\\/tr\\\/isten-cikarma-tazminati\\\/\"]}]},{\"@type\":\"WebSite\",\"@id\":\"https:\\\/\\\/www.kanzlei-steinwachs.de\\\/tr\\\/#website\",\"url\":\"https:\\\/\\\/www.kanzlei-steinwachs.de\\\/tr\\\/\",\"name\":\"Rechtsanwaltskanzlei Anwalt Hamburg Berlin Bremen Hannover L\u00fcbeck\",\"description\":\"Wir leisten mehr als Recht bietet\",\"publisher\":{\"@id\":\"https:\\\/\\\/www.kanzlei-steinwachs.de\\\/tr\\\/#organization\"},\"potentialAction\":[{\"@type\":\"SearchAction\",\"target\":{\"@type\":\"EntryPoint\",\"urlTemplate\":\"https:\\\/\\\/www.kanzlei-steinwachs.de\\\/tr\\\/?s={search_term_string}\"},\"query-input\":{\"@type\":\"PropertyValueSpecification\",\"valueRequired\":true,\"valueName\":\"search_term_string\"}}],\"inLanguage\":\"tr\"},{\"@type\":[\"Organization\",\"Place\"],\"@id\":\"https:\\\/\\\/www.kanzlei-steinwachs.de\\\/tr\\\/#organization\",\"name\":\"Rechtsanwaltskanzlei Anwalt Hamburg Berlin Bremen Hannover L\u00fcbeck\",\"url\":\"https:\\\/\\\/www.kanzlei-steinwachs.de\\\/\",\"logo\":{\"@type\":\"ImageObject\",\"inLanguage\":\"tr\",\"@id\":\"https:\\\/\\\/www.kanzlei-steinwachs.de\\\/tr\\\/#\\\/schema\\\/logo\\\/image\\\/\",\"url\":\"https:\\\/\\\/i0.wp.com\\\/www.kanzlei-steinwachs.de\\\/wp-content\\\/uploads\\\/2023\\\/12\\\/logo.webp?fit=174%2C76&quality=80&ssl=1\",\"contentUrl\":\"https:\\\/\\\/i0.wp.com\\\/www.kanzlei-steinwachs.de\\\/wp-content\\\/uploads\\\/2023\\\/12\\\/logo.webp?fit=174%2C76&quality=80&ssl=1\",\"width\":174,\"height\":76,\"caption\":\"Rechtsanwaltskanzlei Anwalt Hamburg Berlin Bremen Hannover L\u00fcbeck\"},\"image\":{\"@id\":\"https:\\\/\\\/www.kanzlei-steinwachs.de\\\/tr\\\/#\\\/schema\\\/logo\\\/image\\\/\"},\"sameAs\":[\"https:\\\/\\\/www.facebook.com\\\/STEINWACHSRechtsanwaltskanzlei\\\/\",\"https:\\\/\\\/x.com\\\/rasteinwachs\",\"https:\\\/\\\/www.instagram.com\\\/steinwachs_rechtsanwaelte\\\/\",\"https:\\\/\\\/www.linkedin.com\\\/in\\\/stephan-steinwachs-7a270197\\\/\",\"https:\\\/\\\/www.youtube.com\\\/channel\\\/UCffmodDlQx81remXm395RWA\"],\"telephone\":[]}]}<\/script>\n<!-- \/ Yoast SEO Premium plugin. -->","yoast_head_json":{"title":"Rechtsanwaltskanzlei in Hamburg Berlin Bremen Hannover L\u00fcbeck","description":"Rechtsanwaltskanzlei f\u00fcr Arbeitsrecht, Arzthaftung, Mietrecht, Gewerbemietrecht ,Gastronomierecht, Immobilienrecht, Schadensersatz Yachtrecht","robots":{"index":"index","follow":"follow","max-snippet":"max-snippet:-1","max-image-preview":"max-image-preview:large","max-video-preview":"max-video-preview:-1"},"canonical":"https:\/\/www.kanzlei-steinwachs.de\/tr\/isten-cikarma-tazminati\/","og_locale":"tr_TR","og_type":"article","og_title":"Rechtsanwaltskanzlei in Hamburg Berlin Bremen Hannover L\u00fcbeck","og_description":"Rechtsanwaltskanzlei f\u00fcr Arbeitsrecht, Arzthaftung, Mietrecht, Gewerbemietrecht ,Gastronomierecht, Immobilienrecht, Schadensersatz Yachtrecht","og_url":"https:\/\/www.kanzlei-steinwachs.de\/tr\/isten-cikarma-tazminati\/","og_site_name":"Rechtsanwaltskanzlei Anwalt Hamburg Berlin Bremen Hannover L\u00fcbeck","article_publisher":"https:\/\/www.facebook.com\/STEINWACHSRechtsanwaltskanzlei\/","article_modified_time":"2023-11-21T05:13:17+00:00","twitter_card":"summary_large_image","twitter_site":"@rasteinwachs","twitter_misc":{"Tahmini okuma s\u00fcresi":"2 dakika"},"schema":{"@context":"https:\/\/schema.org","@graph":[{"@type":"WebPage","@id":"https:\/\/www.kanzlei-steinwachs.de\/tr\/isten-cikarma-tazminati\/","url":"https:\/\/www.kanzlei-steinwachs.de\/tr\/isten-cikarma-tazminati\/","name":"Rechtsanwaltskanzlei in Hamburg Berlin Bremen Hannover L\u00fcbeck","isPartOf":{"@id":"https:\/\/www.kanzlei-steinwachs.de\/tr\/#website"},"datePublished":"2023-11-21T04:06:34+00:00","dateModified":"2023-11-21T05:13:17+00:00","description":"Rechtsanwaltskanzlei f\u00fcr Arbeitsrecht, Arzthaftung, Mietrecht, Gewerbemietrecht ,Gastronomierecht, Immobilienrecht, Schadensersatz Yachtrecht","inLanguage":"tr","potentialAction":[{"@type":"ReadAction","target":["https:\/\/www.kanzlei-steinwachs.de\/tr\/isten-cikarma-tazminati\/"]}]},{"@type":"WebSite","@id":"https:\/\/www.kanzlei-steinwachs.de\/tr\/#website","url":"https:\/\/www.kanzlei-steinwachs.de\/tr\/","name":"Rechtsanwaltskanzlei Anwalt Hamburg Berlin Bremen Hannover L\u00fcbeck","description":"Wir leisten mehr als Recht bietet","publisher":{"@id":"https:\/\/www.kanzlei-steinwachs.de\/tr\/#organization"},"potentialAction":[{"@type":"SearchAction","target":{"@type":"EntryPoint","urlTemplate":"https:\/\/www.kanzlei-steinwachs.de\/tr\/?s={search_term_string}"},"query-input":{"@type":"PropertyValueSpecification","valueRequired":true,"valueName":"search_term_string"}}],"inLanguage":"tr"},{"@type":["Organization","Place"],"@id":"https:\/\/www.kanzlei-steinwachs.de\/tr\/#organization","name":"Rechtsanwaltskanzlei Anwalt Hamburg Berlin Bremen Hannover L\u00fcbeck","url":"https:\/\/www.kanzlei-steinwachs.de\/","logo":{"@type":"ImageObject","inLanguage":"tr","@id":"https:\/\/www.kanzlei-steinwachs.de\/tr\/#\/schema\/logo\/image\/","url":"https:\/\/i0.wp.com\/www.kanzlei-steinwachs.de\/wp-content\/uploads\/2023\/12\/logo.webp?fit=174%2C76&quality=80&ssl=1","contentUrl":"https:\/\/i0.wp.com\/www.kanzlei-steinwachs.de\/wp-content\/uploads\/2023\/12\/logo.webp?fit=174%2C76&quality=80&ssl=1","width":174,"height":76,"caption":"Rechtsanwaltskanzlei Anwalt Hamburg Berlin Bremen Hannover L\u00fcbeck"},"image":{"@id":"https:\/\/www.kanzlei-steinwachs.de\/tr\/#\/schema\/logo\/image\/"},"sameAs":["https:\/\/www.facebook.com\/STEINWACHSRechtsanwaltskanzlei\/","https:\/\/x.com\/rasteinwachs","https:\/\/www.instagram.com\/steinwachs_rechtsanwaelte\/","https:\/\/www.linkedin.com\/in\/stephan-steinwachs-7a270197\/","https:\/\/www.youtube.com\/channel\/UCffmodDlQx81remXm395RWA"],"telephone":[]}]}},"jetpack_sharing_enabled":true,"_links":{"self":[{"href":"https:\/\/www.kanzlei-steinwachs.de\/tr\/wp-json\/wp\/v2\/pages\/11524","targetHints":{"allow":["GET"]}}],"collection":[{"href":"https:\/\/www.kanzlei-steinwachs.de\/tr\/wp-json\/wp\/v2\/pages"}],"about":[{"href":"https:\/\/www.kanzlei-steinwachs.de\/tr\/wp-json\/wp\/v2\/types\/page"}],"author":[{"embeddable":true,"href":"https:\/\/www.kanzlei-steinwachs.de\/tr\/wp-json\/wp\/v2\/users\/1"}],"replies":[{"embeddable":true,"href":"https:\/\/www.kanzlei-steinwachs.de\/tr\/wp-json\/wp\/v2\/comments?post=11524"}],"version-history":[{"count":0,"href":"https:\/\/www.kanzlei-steinwachs.de\/tr\/wp-json\/wp\/v2\/pages\/11524\/revisions"}],"wp:attachment":[{"href":"https:\/\/www.kanzlei-steinwachs.de\/tr\/wp-json\/wp\/v2\/media?parent=11524"}],"curies":[{"name":"wp","href":"https:\/\/api.w.org\/{rel}","templated":true}]}}