{"id":10146,"date":"2023-09-26T07:28:15","date_gmt":"2023-09-26T05:28:15","guid":{"rendered":"https:\/\/www.kanzlei-steinwachs.de\/yargilar\/"},"modified":"2023-10-27T14:27:01","modified_gmt":"2023-10-27T12:27:01","slug":"yargilar","status":"publish","type":"page","link":"https:\/\/www.kanzlei-steinwachs.de\/tr\/yargilar\/","title":{"rendered":"Yarg\u0131lar"},"content":{"rendered":"<div class=\"wpb-content-wrapper\"><p>[vc_row triangle_shape=&#8221;no&#8221;][vc_column]\n<h2 class=\"mkd-custom-font-holder\" style=\"font-size: 20px;line-height: 20px;font-weight: 700\" data-font-size= 20 data-line-height= 20>\n\tAngesichts der Vielzahl an hervorragenden Datenbanken erlauben wir uns hier lediglich auf diese aufmerksam zu machen:<\/h2>[vc_column_text css=&#8221;.vc_custom_1697433722495{padding-top: 20px !important;}&#8221;]<\/p>\n<p style=\"text-align: left;\"><a href=\"http:\/\/www.bundesverfassungsgericht.de\/\">Federal Anayasa Mahkemesi<\/a><br \/>\n<a href=\"http:\/\/verfgh.baden-wuerttemberg.de\/de\/startseite\/\">Baden-W\u00fcrttemberg Eyaleti Anayasa Mahkemesi<\/a><br \/>\n<a href=\"http:\/\/www.bayern.verfassungsgerichtshof.de\/rechtsprechung.htm\">Bavyera Anayasa Mahkemesi<\/a><br \/>\n<a href=\"http:\/\/www.verfassungsgericht.brandenburg.de\/sixcms\/detail.php?template=start_vfg\">Brandenburg Eyaleti Anayasa Mahkemesi<\/a><br \/>\n<a href=\"http:\/\/staatsgerichtshof.bremen.de\/sixcms\/detail.php?gsid=bremen02.c.736.de\">\u00d6zg\u00fcr Hansa \u015eehri Bremen Eyalet Adalet Divan\u0131<\/a><br \/>\n<a href=\"http:\/\/www.staatsgerichtshof.hessen.de\/irj\/Staatsgerichtshof_Internet?cid=a9bb13abff8ded7572fd9ed15d8b891d\">Hessen Eyalet Mahkemesi<\/a><br \/>\n<a href=\"http:\/\/www.landesverfassungsgericht-mv.de\/index_aktuell.htm\">Mecklenburg-Bat\u0131 Pomeranya Eyaleti Anayasa Mahkemesi<\/a><br \/>\n<a href=\"http:\/\/www.staatsgerichtshof.niedersachsen.de\/master\/C51939348_N50926674_L20_D0_I50857992.html\">A\u015fa\u011f\u0131 Saksonya Eyalet Mahkemesi<\/a><br \/>\n<a href=\"http:\/\/www.justiz.nrw.de\/RB\/nrwe2\/index.php\">Kuzey Ren-Vestfalya Eyaleti Anayasa Mahkemesi<\/a><br \/>\n<a href=\"http:\/\/www.verfassungsgerichtshof-saarland.de\/frames\/index.html\">Saarland Anayasa Mahkemesi<\/a><br \/>\n<a href=\"http:\/\/www.justiz.sachsen.de\/esaver\/\">\u00d6zg\u00fcr Saksonya Eyaleti Anayasa Mahkemesi<\/a><br \/>\nSaksonya-Anhalt Eyalet Anayasa Mahkemesi<br \/>\n<a href=\"http:\/\/www.thverfgh.thueringen.de\/webthfj\/webthfj.nsf\/%24%24webservice?openform&amp;thverfgh&amp;entscheidungen\">Th\u00fcringen Anayasa Mahkemesi<\/a><\/p>\n<div id=\"gtx-trans\" style=\"position: absolute; left: -35px; top: 254px;\">\n<div class=\"gtx-trans-icon\"><\/div>\n<\/div>\n<p>[\/vc_column_text][\/vc_column][\/vc_row][vc_row triangle_shape=&#8221;no&#8221; css=&#8221;.vc_custom_1697433590622{padding-top: 50px !important;}&#8221;][vc_column]\n<h2 class=\"mkd-custom-font-holder\" style=\"font-size: 20px;line-height: 20px;font-weight: 700\" data-font-size= 20 data-line-height= 20>\n\tOrdentliche Gerichtsbarkeit<\/h2>[vc_column_text css=&#8221;.vc_custom_1697433748752{padding-top: 20px !important;}&#8221;]<\/p>\n<p style=\"text-align: left;\" align=\"center\"><a href=\"http:\/\/juris.bundesgerichtshof.de\/cgi-bin\/rechtsprechung\/list.py?Gericht=bgh&amp;Sort=3&amp;Art=en\">Federal Adalet Divan\u0131<\/a><br \/>\n<a href=\"http:\/\/www.bundespatentgericht.de\/\">Federal Patent Mahkemesi<\/a><br \/>\n<a href=\"http:\/\/lrbw.juris.de\/cgi-bin\/laender_rechtsprechung\/list.py?Gericht=bw&amp;Art=en\">Baden-W\u00fcrttemberg eyalet i\u00e7tihatlar\u0131<\/a> (OLG Karlsruhe, OLG Stuttgart) Bavyera eyalet i\u00e7tihatlar\u0131 (OLG Bamberg, OLG M\u00fcnih, OLG N\u00fcrnberg)<\/p>\n<p><a href=\"http:\/\/www.gerichtsentscheidungen.berlin-brandenburg.de\/jportal\/portal\/page\/sammlung.psml\/bs\/10\/\">Berlin&#8217;deki Daire Mahkemesi<\/a><br \/>\n<a href=\"http:\/\/www.gerichtsentscheidungen.berlin-brandenburg.de\/jportal\/portal\/page\/sammlung.psml\/bs\/10\/\">Brandenburg Y\u00fcksek B\u00f6lge Mahkemesi<\/a><br \/>\nHansa Y\u00fcksek B\u00f6lge Mahkemesi Bremen (yap\u0131m a\u015famas\u0131nda)<br \/>\n<a href=\"http:\/\/www.lareda.hessenrecht.hessen.de\/\">Eyalet i\u00e7tihat veritaban\u0131 Hessen<\/a> (OLG Frankfurt a.M.) Mecklenburg-Bat\u0131 Pomeranya (OLG Rostock)<\/p>\n<p><a href=\"http:\/\/app.olg-ol.niedersachsen.de\/efundus\/index.php4\">A\u015fa\u011f\u0131 Saksonya i\u00e7tihat veritaban\u0131<\/a> (OLG Braunschweig, OLG Celle, OLG Oldenburg)<br \/>\n<a href=\"http:\/\/www.justiz.nrw.de\/RB\/nrwe2\/index.php\">Kuzey Ren-Vestfalya<\/a> (OLG D\u00fcsseldorf, OLG K\u00f6ln, OLG Hamm) Saarland Y\u00fcksek B\u00f6lge Mahkemesi i\u00e7tihatlar\u0131<\/p>\n<p><a href=\"http:\/\/www.sachsen-anhalt.de\/\">Saksonya-Anhalt<\/a> (OLG Naumburg)<br \/>\n<a href=\"http:\/\/www.thueringen.de\/olg\/urteil\/infothek10.html\">Th\u00fcringen<\/a> (Th\u00fcringen OLG)<\/p>\n<p>[\/vc_column_text][\/vc_column][\/vc_row][vc_row triangle_shape=&#8221;no&#8221; css=&#8221;.vc_custom_1697433597005{padding-top: 50px !important;}&#8221;][vc_column]\n<h2 class=\"mkd-custom-font-holder\" style=\"font-size: 20px;line-height: 20px;font-weight: 700\" data-font-size= 20 data-line-height= 20>\n\tArbeitsgerichtsbarkeit<\/h2>[vc_column_text css=&#8221;.vc_custom_1697433781463{padding-top: 20px !important;}&#8221;]<\/p>\n<p style=\"text-align: left;\" align=\"center\"><a href=\"http:\/\/juris.bundesarbeitsgericht.de\/cgi-bin\/rechtsprechung\/list.py?Gericht=bag&amp;Art=en\">Federal \u0130\u015f Mahkemesi<\/a><br \/>\nBaden-W\u00fcrttemberg (<a href=\"http:\/\/lrbw.juris.de\/cgi-bin\/laender_rechtsprechung\/list.py?Gericht=bw&amp;Art=en&amp;GerichtAuswahl=Arbeitsgerichte\">i\u015f mahkemelerinin kararlar\u0131<\/a>)<br \/>\nBavyera (<a href=\"http:\/\/www.arbg.bayern.de\/\">LAG M\u00fcnih<\/a>, <a href=\"http:\/\/www.lag.bayern.de\/nuernberg\/lag\/index.php\">LAG N\u00fcrnberg<\/a>)<br \/>\nBerlin ve Brandenburg (<a href=\"http:\/\/www.gerichtsentscheidungen.berlin-brandenburg.de\/jportal\/portal\/t\/6gq\/bs\/10\/page\/sammlung.psml\/action\/controls.sammlung.ChangeNavigation?nid=BS-BB%5B%23%5D%400010%40Arbeitsgerichte%5B%23%5D\">Berlin-Brandenburg B\u00f6lge \u0130\u015f Mahkemesi<\/a>)<br \/>\nBremen (Bremen B\u00f6lge \u0130\u015f Mahkemesi) Hamburg (Hamburg B\u00f6lge \u0130\u015f Mahkemesi) Mecklenburg-Bat\u0131 Pomeranya A\u015fa\u011f\u0131 Saksonya (<a href=\"http:\/\/www.db-lag.niedersachsen.de\/Index.asp?Doc=Aktuell\">A\u015fa\u011f\u0131 Saksonya i\u015f mahkemelerinin i\u00e7tihat veritaban\u0131<\/a>)<\/p>\n<p>Saarland Eyalet \u0130\u015f Mahkemesi<br \/>\n<a href=\"http:\/\/www.justiz.sachsen.de\/lag\/content\/594.htm\">Saksonya Eyaleti \u0130\u015f Mahkemesi<\/a><br \/>\n<a href=\"http:\/\/www.lag.sachsen-anhalt.de\/landesarbeitsgericht\/\">Saksonya-Anhalt Eyalet \u0130\u015f Mahkemesi<\/a><br \/>\n<a href=\"http:\/\/landesarbeitsgericht.thueringen.de\/\">Th\u00fcringen Eyalet \u0130\u015f Mahkemesi<\/a><\/p>\n<p>[\/vc_column_text][\/vc_column][\/vc_row][vc_row triangle_shape=&#8221;no&#8221; css=&#8221;.vc_custom_1697433603253{padding-top: 50px !important;}&#8221;][vc_column]\n<h2 class=\"mkd-custom-font-holder\" style=\"font-size: 20px;line-height: 20px;font-weight: 700\" data-font-size= 20 data-line-height= 20>\n\tFinanzgerichtsbarkeit<\/h2>[vc_column_text css=&#8221;.vc_custom_1697433834230{padding-top: 20px !important;}&#8221;]<\/p>\n<p style=\"text-align: left;\" align=\"center\"><a href=\"http:\/\/lrbw.juris.de\/cgi-bin\/laender_rechtsprechung\/list.py?Gericht=bw&amp;Art=en&amp;GerichtAuswahl=FG+Baden-W%FCrttemberg\">Baden-W\u00fcrttemberg Maliye Mahkemesi<\/a><\/p>\n<div id=\"gtx-trans\" style=\"position: absolute; left: 89px; top: -10px;\">\n<div class=\"gtx-trans-icon\"><\/div>\n<\/div>\n<p>[\/vc_column_text][\/vc_column][\/vc_row][vc_row triangle_shape=&#8221;no&#8221; css=&#8221;.vc_custom_1697433613941{padding-top: 50px !important;}&#8221;][vc_column]\n<h2 class=\"mkd-custom-font-holder\" style=\"font-size: 20px;line-height: 20px;font-weight: 700\" data-font-size= 20 data-line-height= 20>\n\tSozialgerichtsbarkeit<\/h2>[vc_column_text css=&#8221;.vc_custom_1697433820423{padding-top: 20px !important;}&#8221;]<\/p>\n<p style=\"text-align: left;\" align=\"center\"><a href=\"http:\/\/juris.bundessozialgericht.de\/cgi-bin\/rechtsprechung\/list.py?Gericht=bsg&amp;Art=en\">Federal Sosyal Mahkeme<\/a><\/p>\n<div id=\"gtx-trans\" style=\"position: absolute; left: 283px; top: 38px;\">\n<div class=\"gtx-trans-icon\"><\/div>\n<\/div>\n<p>[\/vc_column_text][\/vc_column][\/vc_row][vc_row triangle_shape=&#8221;no&#8221; css=&#8221;.vc_custom_1697433624069{padding-top: 50px !important;padding-bottom: 50px !important;}&#8221;][vc_column]\n<h2 class=\"mkd-custom-font-holder\" style=\"font-size: 20px;line-height: 20px;font-weight: 700\" data-font-size= 20 data-line-height= 20>\n\tVerwaltungsgerichtsbarkeit<\/h2>[vc_column_text css=&#8221;.vc_custom_1697433880384{padding-top: 20px !important;}&#8221;]<\/p>\n<div class=\"art-content\">\n<div class=\"art-Post\">\n<div class=\"art-Post-body\">\n<div class=\"art-Post-inner art-article\">\n<div class=\"art-PostContent\">\n<p style=\"text-align: left;\" align=\"center\"><a href=\"http:\/\/lrbw.juris.de\/cgi-bin\/laender_rechtsprechung\/list.py?Gericht=bw&amp;Art=en&amp;GerichtAuswahl=VGH+Baden-W%FCrttemberg\">Baden-W\u00fcrttemberg \u0130dare Mahkemesi<\/a><\/p>\n<\/div>\n<\/div>\n<\/div>\n<\/div>\n<\/div>\n<div id=\"gtx-trans\" style=\"position: absolute; left: -137px; top: 38px;\">\n<div class=\"gtx-trans-icon\"><\/div>\n<\/div>\n<p>[\/vc_column_text][\/vc_column][\/vc_row]<\/p>\n<\/div>","protected":false},"excerpt":{"rendered":"<p>[vc_row triangle_shape=&#8221;no&#8221;][vc_column][vc_column_text css=&#8221;.vc_custom_1697433722495{padding-top: 20px !important;}&#8221;] Federal Anayasa Mahkemesi Baden-W\u00fcrttemberg Eyaleti Anayasa Mahkemesi Bavyera Anayasa Mahkemesi Brandenburg Eyaleti Anayasa Mahkemesi \u00d6zg\u00fcr Hansa \u015eehri Bremen Eyalet Adalet Divan\u0131 Hessen Eyalet Mahkemesi Mecklenburg-Bat\u0131 Pomeranya Eyaleti Anayasa Mahkemesi A\u015fa\u011f\u0131 Saksonya Eyalet Mahkemesi Kuzey Ren-Vestfalya Eyaleti Anayasa Mahkemesi Saarland Anayasa Mahkemesi \u00d6zg\u00fcr Saksonya Eyaleti Anayasa Mahkemesi Saksonya-Anhalt Eyalet Anayasa Mahkemesi Th\u00fcringen Anayasa Mahkemesi [\/vc_column_text][\/vc_column][\/vc_row][vc_row triangle_shape=&#8221;no&#8221; css=&#8221;.vc_custom_1697433590622{padding-top: 50px !important;}&#8221;][vc_column][vc_column_text css=&#8221;.vc_custom_1697433748752{padding-top: 20px !important;}&#8221;] Federal Adalet Divan\u0131 Federal Patent Mahkemesi Baden-W\u00fcrttemberg eyalet i\u00e7tihatlar\u0131 (OLG Karlsruhe, OLG Stuttgart) Bavyera eyalet i\u00e7tihatlar\u0131 (OLG Bamberg, OLG M\u00fcnih, OLG N\u00fcrnberg) Berlin&#8217;deki Daire Mahkemesi Brandenburg Y\u00fcksek B\u00f6lge Mahkemesi Hansa Y\u00fcksek B\u00f6lge Mahkemesi Bremen&#8230;<\/p>\n","protected":false},"author":1,"featured_media":0,"parent":0,"menu_order":0,"comment_status":"closed","ping_status":"closed","template":"","meta":{"footnotes":""},"class_list":["post-10146","page","type-page","status-publish","hentry"],"yoast_head":"<!-- This site is optimized with the Yoast SEO Premium plugin v27.2 (Yoast SEO v27.6) - https:\/\/yoast.com\/product\/yoast-seo-premium-wordpress\/ -->\n<title>Rechtsanwaltskanzlei in Hamburg Berlin Bremen Hannover L\u00fcbeck<\/title>\n<meta name=\"description\" content=\"Rechtsanwaltskanzlei f\u00fcr Arbeitsrecht, Arzthaftung, Mietrecht, Gewerbemietrecht ,Gastronomierecht, Immobilienrecht, Schadensersatz Yachtrecht\" \/>\n<meta name=\"robots\" content=\"index, follow, max-snippet:-1, max-image-preview:large, max-video-preview:-1\" \/>\n<link rel=\"canonical\" href=\"https:\/\/www.kanzlei-steinwachs.de\/tr\/yargilar\/\" \/>\n<meta property=\"og:locale\" content=\"tr_TR\" \/>\n<meta property=\"og:type\" content=\"article\" \/>\n<meta property=\"og:title\" content=\"Rechtsanwaltskanzlei in Hamburg Berlin Bremen Hannover L\u00fcbeck\" \/>\n<meta property=\"og:description\" content=\"Rechtsanwaltskanzlei f\u00fcr Arbeitsrecht, Arzthaftung, Mietrecht, Gewerbemietrecht ,Gastronomierecht, Immobilienrecht, Schadensersatz Yachtrecht\" \/>\n<meta property=\"og:url\" content=\"https:\/\/www.kanzlei-steinwachs.de\/tr\/yargilar\/\" \/>\n<meta property=\"og:site_name\" content=\"Rechtsanwaltskanzlei Anwalt Hamburg Berlin Bremen Hannover L\u00fcbeck\" \/>\n<meta property=\"article:publisher\" content=\"https:\/\/www.facebook.com\/STEINWACHSRechtsanwaltskanzlei\/\" \/>\n<meta property=\"article:modified_time\" content=\"2023-10-27T12:27:01+00:00\" \/>\n<meta name=\"twitter:card\" content=\"summary_large_image\" \/>\n<meta name=\"twitter:site\" content=\"@rasteinwachs\" \/>\n<meta name=\"twitter:label1\" content=\"Tahmini okuma s\u00fcresi\" \/>\n\t<meta name=\"twitter:data1\" content=\"3 dakika\" \/>\n<script type=\"application\/ld+json\" class=\"yoast-schema-graph\">{\"@context\":\"https:\\\/\\\/schema.org\",\"@graph\":[{\"@type\":\"WebPage\",\"@id\":\"https:\\\/\\\/www.kanzlei-steinwachs.de\\\/tr\\\/yargilar\\\/\",\"url\":\"https:\\\/\\\/www.kanzlei-steinwachs.de\\\/tr\\\/yargilar\\\/\",\"name\":\"Rechtsanwaltskanzlei in Hamburg Berlin Bremen Hannover L\u00fcbeck\",\"isPartOf\":{\"@id\":\"https:\\\/\\\/www.kanzlei-steinwachs.de\\\/tr\\\/#website\"},\"datePublished\":\"2023-09-26T05:28:15+00:00\",\"dateModified\":\"2023-10-27T12:27:01+00:00\",\"description\":\"Rechtsanwaltskanzlei f\u00fcr Arbeitsrecht, Arzthaftung, Mietrecht, Gewerbemietrecht ,Gastronomierecht, Immobilienrecht, Schadensersatz Yachtrecht\",\"inLanguage\":\"tr\",\"potentialAction\":[{\"@type\":\"ReadAction\",\"target\":[\"https:\\\/\\\/www.kanzlei-steinwachs.de\\\/tr\\\/yargilar\\\/\"]}]},{\"@type\":\"WebSite\",\"@id\":\"https:\\\/\\\/www.kanzlei-steinwachs.de\\\/tr\\\/#website\",\"url\":\"https:\\\/\\\/www.kanzlei-steinwachs.de\\\/tr\\\/\",\"name\":\"Rechtsanwaltskanzlei Anwalt Hamburg Berlin Bremen Hannover L\u00fcbeck\",\"description\":\"Wir leisten mehr als Recht bietet\",\"publisher\":{\"@id\":\"https:\\\/\\\/www.kanzlei-steinwachs.de\\\/tr\\\/#organization\"},\"potentialAction\":[{\"@type\":\"SearchAction\",\"target\":{\"@type\":\"EntryPoint\",\"urlTemplate\":\"https:\\\/\\\/www.kanzlei-steinwachs.de\\\/tr\\\/?s={search_term_string}\"},\"query-input\":{\"@type\":\"PropertyValueSpecification\",\"valueRequired\":true,\"valueName\":\"search_term_string\"}}],\"inLanguage\":\"tr\"},{\"@type\":[\"Organization\",\"Place\"],\"@id\":\"https:\\\/\\\/www.kanzlei-steinwachs.de\\\/tr\\\/#organization\",\"name\":\"Rechtsanwaltskanzlei Anwalt Hamburg Berlin Bremen Hannover L\u00fcbeck\",\"url\":\"https:\\\/\\\/www.kanzlei-steinwachs.de\\\/\",\"logo\":{\"@type\":\"ImageObject\",\"inLanguage\":\"tr\",\"@id\":\"https:\\\/\\\/www.kanzlei-steinwachs.de\\\/tr\\\/#\\\/schema\\\/logo\\\/image\\\/\",\"url\":\"https:\\\/\\\/i0.wp.com\\\/www.kanzlei-steinwachs.de\\\/wp-content\\\/uploads\\\/2023\\\/12\\\/logo.webp?fit=174%2C76&quality=80&ssl=1\",\"contentUrl\":\"https:\\\/\\\/i0.wp.com\\\/www.kanzlei-steinwachs.de\\\/wp-content\\\/uploads\\\/2023\\\/12\\\/logo.webp?fit=174%2C76&quality=80&ssl=1\",\"width\":174,\"height\":76,\"caption\":\"Rechtsanwaltskanzlei Anwalt Hamburg Berlin Bremen Hannover L\u00fcbeck\"},\"image\":{\"@id\":\"https:\\\/\\\/www.kanzlei-steinwachs.de\\\/tr\\\/#\\\/schema\\\/logo\\\/image\\\/\"},\"sameAs\":[\"https:\\\/\\\/www.facebook.com\\\/STEINWACHSRechtsanwaltskanzlei\\\/\",\"https:\\\/\\\/x.com\\\/rasteinwachs\",\"https:\\\/\\\/www.instagram.com\\\/steinwachs_rechtsanwaelte\\\/\",\"https:\\\/\\\/www.linkedin.com\\\/in\\\/stephan-steinwachs-7a270197\\\/\",\"https:\\\/\\\/www.youtube.com\\\/channel\\\/UCffmodDlQx81remXm395RWA\"],\"telephone\":[]}]}<\/script>\n<!-- \/ Yoast SEO Premium plugin. -->","yoast_head_json":{"title":"Rechtsanwaltskanzlei in Hamburg Berlin Bremen Hannover L\u00fcbeck","description":"Rechtsanwaltskanzlei f\u00fcr Arbeitsrecht, Arzthaftung, Mietrecht, Gewerbemietrecht ,Gastronomierecht, Immobilienrecht, Schadensersatz Yachtrecht","robots":{"index":"index","follow":"follow","max-snippet":"max-snippet:-1","max-image-preview":"max-image-preview:large","max-video-preview":"max-video-preview:-1"},"canonical":"https:\/\/www.kanzlei-steinwachs.de\/tr\/yargilar\/","og_locale":"tr_TR","og_type":"article","og_title":"Rechtsanwaltskanzlei in Hamburg Berlin Bremen Hannover L\u00fcbeck","og_description":"Rechtsanwaltskanzlei f\u00fcr Arbeitsrecht, Arzthaftung, Mietrecht, Gewerbemietrecht ,Gastronomierecht, Immobilienrecht, Schadensersatz Yachtrecht","og_url":"https:\/\/www.kanzlei-steinwachs.de\/tr\/yargilar\/","og_site_name":"Rechtsanwaltskanzlei Anwalt Hamburg Berlin Bremen Hannover L\u00fcbeck","article_publisher":"https:\/\/www.facebook.com\/STEINWACHSRechtsanwaltskanzlei\/","article_modified_time":"2023-10-27T12:27:01+00:00","twitter_card":"summary_large_image","twitter_site":"@rasteinwachs","twitter_misc":{"Tahmini okuma s\u00fcresi":"3 dakika"},"schema":{"@context":"https:\/\/schema.org","@graph":[{"@type":"WebPage","@id":"https:\/\/www.kanzlei-steinwachs.de\/tr\/yargilar\/","url":"https:\/\/www.kanzlei-steinwachs.de\/tr\/yargilar\/","name":"Rechtsanwaltskanzlei in Hamburg Berlin Bremen Hannover L\u00fcbeck","isPartOf":{"@id":"https:\/\/www.kanzlei-steinwachs.de\/tr\/#website"},"datePublished":"2023-09-26T05:28:15+00:00","dateModified":"2023-10-27T12:27:01+00:00","description":"Rechtsanwaltskanzlei f\u00fcr Arbeitsrecht, Arzthaftung, Mietrecht, Gewerbemietrecht ,Gastronomierecht, Immobilienrecht, Schadensersatz Yachtrecht","inLanguage":"tr","potentialAction":[{"@type":"ReadAction","target":["https:\/\/www.kanzlei-steinwachs.de\/tr\/yargilar\/"]}]},{"@type":"WebSite","@id":"https:\/\/www.kanzlei-steinwachs.de\/tr\/#website","url":"https:\/\/www.kanzlei-steinwachs.de\/tr\/","name":"Rechtsanwaltskanzlei Anwalt Hamburg Berlin Bremen Hannover L\u00fcbeck","description":"Wir leisten mehr als Recht bietet","publisher":{"@id":"https:\/\/www.kanzlei-steinwachs.de\/tr\/#organization"},"potentialAction":[{"@type":"SearchAction","target":{"@type":"EntryPoint","urlTemplate":"https:\/\/www.kanzlei-steinwachs.de\/tr\/?s={search_term_string}"},"query-input":{"@type":"PropertyValueSpecification","valueRequired":true,"valueName":"search_term_string"}}],"inLanguage":"tr"},{"@type":["Organization","Place"],"@id":"https:\/\/www.kanzlei-steinwachs.de\/tr\/#organization","name":"Rechtsanwaltskanzlei Anwalt Hamburg Berlin Bremen Hannover L\u00fcbeck","url":"https:\/\/www.kanzlei-steinwachs.de\/","logo":{"@type":"ImageObject","inLanguage":"tr","@id":"https:\/\/www.kanzlei-steinwachs.de\/tr\/#\/schema\/logo\/image\/","url":"https:\/\/i0.wp.com\/www.kanzlei-steinwachs.de\/wp-content\/uploads\/2023\/12\/logo.webp?fit=174%2C76&quality=80&ssl=1","contentUrl":"https:\/\/i0.wp.com\/www.kanzlei-steinwachs.de\/wp-content\/uploads\/2023\/12\/logo.webp?fit=174%2C76&quality=80&ssl=1","width":174,"height":76,"caption":"Rechtsanwaltskanzlei Anwalt Hamburg Berlin Bremen Hannover L\u00fcbeck"},"image":{"@id":"https:\/\/www.kanzlei-steinwachs.de\/tr\/#\/schema\/logo\/image\/"},"sameAs":["https:\/\/www.facebook.com\/STEINWACHSRechtsanwaltskanzlei\/","https:\/\/x.com\/rasteinwachs","https:\/\/www.instagram.com\/steinwachs_rechtsanwaelte\/","https:\/\/www.linkedin.com\/in\/stephan-steinwachs-7a270197\/","https:\/\/www.youtube.com\/channel\/UCffmodDlQx81remXm395RWA"],"telephone":[]}]}},"jetpack_sharing_enabled":true,"_links":{"self":[{"href":"https:\/\/www.kanzlei-steinwachs.de\/tr\/wp-json\/wp\/v2\/pages\/10146","targetHints":{"allow":["GET"]}}],"collection":[{"href":"https:\/\/www.kanzlei-steinwachs.de\/tr\/wp-json\/wp\/v2\/pages"}],"about":[{"href":"https:\/\/www.kanzlei-steinwachs.de\/tr\/wp-json\/wp\/v2\/types\/page"}],"author":[{"embeddable":true,"href":"https:\/\/www.kanzlei-steinwachs.de\/tr\/wp-json\/wp\/v2\/users\/1"}],"replies":[{"embeddable":true,"href":"https:\/\/www.kanzlei-steinwachs.de\/tr\/wp-json\/wp\/v2\/comments?post=10146"}],"version-history":[{"count":0,"href":"https:\/\/www.kanzlei-steinwachs.de\/tr\/wp-json\/wp\/v2\/pages\/10146\/revisions"}],"wp:attachment":[{"href":"https:\/\/www.kanzlei-steinwachs.de\/tr\/wp-json\/wp\/v2\/media?parent=10146"}],"curies":[{"name":"wp","href":"https:\/\/api.w.org\/{rel}","templated":true}]}}