{"id":10143,"date":"2023-10-14T07:40:46","date_gmt":"2023-10-14T05:40:46","guid":{"rendered":"https:\/\/www.kanzlei-steinwachs.de\/babalik-hukuku\/"},"modified":"2023-10-27T14:11:19","modified_gmt":"2023-10-27T12:11:19","slug":"babalik-hukuku","status":"publish","type":"page","link":"https:\/\/www.kanzlei-steinwachs.de\/tr\/babalik-hukuku\/","title":{"rendered":"Babal\u0131k hukuku"},"content":{"rendered":"<div class=\"wpb-content-wrapper\"><p>[vc_row content_width=&#8221;grid&#8221; content_aligment=&#8221;center&#8221; triangle_shape=&#8221;no&#8221; css=&#8221;.vc_custom_1696926719838{padding-bottom: 10px !important;background-position: center !important;background-repeat: no-repeat !important;background-size: cover !important;}&#8221;][vc_column]<div class=\"mkd-separator-holder clearfix  mkd-separator-center mkd-separator-with-icon mkd-animate\" style=\"margin-top: 20px; margin-bottom: 30px\">\n\t<div class=\"mkd-separator\" style=\"border-color: #c18f59;border-style: solid;width: 97.5px\"><\/div>\n\t\t<div class=\"mkd-separator-icon\">\n\t\t\t                    \t\t\t\t\t\t<\/div>\n\t<div class=\"mkd-separator\" style=\"border-color: #c18f59;border-style: solid;width: 97.5px\"><\/div>\n<\/div>\n[\/vc_column][\/vc_row][vc_row triangle_shape=&#8221;no&#8221;][vc_column][vc_column_text css=&#8221;.vc_custom_1697262168163{padding-top: 20px !important;}&#8221;]Babal\u0131k hukuku aile hukukunun bir par\u00e7as\u0131d\u0131r ve Almanya&#8217;da babal\u0131\u011f\u0131n hukuki y\u00f6nlerini ele alan d\u00fczenlemeleri i\u00e7erir.[\/vc_column_text][vc_column_text css=&#8221;.vc_custom_1697262188143{padding-top: 20px !important;}&#8221;]Babal\u0131k hukuku \u00f6zellikle Medeni Kanun&#8217;un (BGB) 1592 ve devam\u0131 maddelerinde d\u00fczenlenmi\u015ftir. Daha geni\u015f anlamda babal\u0131k kanunu, ebeveyn velayeti ile ilgili h\u00fck\u00fcmler gibi BGB&#8217;de babal\u0131\u011f\u0131 bir \u015fekilde etkileyen \u00e7ok say\u0131da bireysel h\u00fckm\u00fc de i\u00e7ermektedir (\u00a7\u00a7 1626 ff. BGB).[\/vc_column_text][vc_column_text css=&#8221;.vc_custom_1697262201689{padding-top: 20px !important;}&#8221;]Hukuki anlamda \u00e7ocu\u011fun babas\u0131n\u0131n, \u00e7ocu\u011fun biyolojik babas\u0131 olmas\u0131 \u015fart de\u011fildir. Babal\u0131k hukukunda \u00e7ocu\u011fun babas\u0131 genellikle do\u011fum s\u0131ras\u0131nda \u00e7ocu\u011fun annesiyle evli olan ki\u015fidir, bkz. B\u00f6l\u00fcm 1592 No. 1 BGB. \u00c7ocu\u011fun evlilik d\u0131\u015f\u0131 do\u011fmas\u0131 halinde, babal\u0131k kanunu uyar\u0131nca, babal\u0131\u011f\u0131n\u0131 tan\u0131yan ki\u015fi babad\u0131r &#8211; kamu tasdikiyle ve annenin r\u0131zas\u0131yla &#8211; bkz. B\u00f6l\u00fcm 1592 No. 2 BGB. Son olarak babal\u0131k, BGB Madde 1592 No. 3 uyar\u0131nca babal\u0131k kanunu uyar\u0131nca mahkemede belirlenebilir.[\/vc_column_text][vc_column_text css=&#8221;.vc_custom_1697262216386{padding-top: 20px !important;}&#8221;]Ancak babal\u0131k hukukuna g\u00f6re babal\u0131\u011fa itiraz edilebilir. Babal\u0131k hukukunda, yasal baban\u0131n kendisi, anne ve \u00e7ocuk ve muhtemelen \u00e7ocu\u011fun biyolojik babas\u0131 oldu\u011funa inanan ki\u015fiye de genel olarak itiraz edilebilir, bkz. B\u00f6l\u00fcm 1600 Paragraf 1 No. 1-4 BGB. O zamandan beri. 1 Haziran 2008 tarihinden itibaren, sorumlu makamlar babal\u0131k kanunu uyar\u0131nca babal\u0131\u011fa itiraz etme hakk\u0131na da sahiptir, bkz. B\u00f6l\u00fcm 1600 Paragraf 1 No. 5 BGB.[\/vc_column_text][\/vc_column][\/vc_row][vc_row triangle_shape=&#8221;no&#8221; css=&#8221;.vc_custom_1697800937267{padding-top: 30px !important;}&#8221; el_class=&#8221;all-least-pages&#8221;][vc_column][vc_row_inner css=&#8221;.vc_custom_1695965286321{padding-top: 40px !important;padding-bottom: 10px !important;}&#8221;][vc_column_inner width=&#8221;1\/2&#8243;]\n<h2 class=\"mkd-custom-font-holder\" style=\"font-size: 20px;line-height: 30px;font-weight: 700\" data-font-size= 20 data-line-height= 30>\n\tGegenstand von Auseinandersetzungen im Vaterschaftsrecht sind regelm\u00e4\u00dfig folgende Bereiche:<\/h2>[vc_empty_space]<div class=\"mkd-unordered-list \" ><ul>\n<li>babal\u0131\u011f\u0131n tan\u0131nmas\u0131<\/li>\n<li>Babal\u0131k yar\u0131\u015f\u0131yor<\/li>\n<li>Babal\u0131\u011fa resmi meydan okuma<\/li>\n<li>Babal\u0131\u011f\u0131n mahkeme karar\u0131<\/li>\n<li>Babal\u0131k testi<\/li>\n<li>Ebeveyn velayeti, eri\u015fim haklar\u0131 vb.<\/li>\n<li>bak\u0131m y\u00fck\u00fcml\u00fcl\u00fc\u011f\u00fc<\/li>\n<\/ul>\n<\/div>[\/vc_column_inner][vc_column_inner width=&#8221;1\/2&#8243;][vc_single_image image=&#8221;1425&#8243; img_size=&#8221;full&#8221; css=&#8221;.vc_custom_1696927314802{margin-top: 10px !important;padding-top: 10px !important;}&#8221;][\/vc_column_inner][\/vc_row_inner][\/vc_column][\/vc_row][vc_row triangle_shape=&#8221;no&#8221; css=&#8221;.vc_custom_1697800955227{padding-top: 30px !important;padding-bottom: 50px !important;}&#8221; el_class=&#8221;all-least-pages1&#8243;][vc_column]\n<h2 class=\"mkd-custom-font-holder\" style=\"font-size: 20px;line-height: 20px;font-weight: 700\" data-font-size= 20 data-line-height= 20>\n\tAbschluss<\/h2>[vc_column_text css=&#8221;.vc_custom_1697262275941{padding-top: 20px !important;}&#8221;]\u0130lerleyen sayfalarda sizlere babal\u0131k hukuku hakk\u0131nda m\u00fcmk\u00fcn oldu\u011funca fazla bilgi vermeye \u00e7al\u0131\u015faca\u011f\u0131z.[\/vc_column_text][vc_column_text css=&#8221;.vc_custom_1697262287073{padding-top: 20px !important;}&#8221;]<\/p>\n<div class=\"art-content\">\n<div class=\"art-Post\">\n<div class=\"art-Post-body\">\n<div class=\"art-Post-inner art-article\">\n<div class=\"art-PostContent\">\n<div class=\"art-content\">\n<div class=\"art-Post\">\n<div class=\"art-Post-body\">\n<div class=\"art-Post-inner art-article\">\n<div class=\"art-PostContent\">\n<p>Ayr\u0131ca babal\u0131k hukuku ile ilgili a\u015fa\u011f\u0131daki sayfalar\u0131 da \u00f6neriyoruz:<\/p>\n<\/div>\n<div class=\"cleared\"><\/div>\n<\/div>\n<\/div>\n<\/div>\n<\/div>\n<div class=\"art-sidebar2\">\n<div id=\"custom_html-12\" class=\"widget_text widget widget_custom_html\">\n<div class=\"art-Block\"><\/div>\n<\/div>\n<\/div>\n<\/div>\n<\/div>\n<\/div>\n<\/div>\n<\/div>\n<p>[\/vc_column_text][\/vc_column][\/vc_row]<\/p>\n<\/div>","protected":false},"excerpt":{"rendered":"<p>[vc_row content_width=&#8221;grid&#8221; content_aligment=&#8221;center&#8221; triangle_shape=&#8221;no&#8221; css=&#8221;.vc_custom_1696926719838{padding-bottom: 10px !important;background-position: center !important;background-repeat: no-repeat !important;background-size: cover !important;}&#8221;][vc_column][\/vc_column][\/vc_row][vc_row triangle_shape=&#8221;no&#8221;][vc_column][vc_column_text css=&#8221;.vc_custom_1697262168163{padding-top: 20px !important;}&#8221;]Babal\u0131k hukuku aile hukukunun bir par\u00e7as\u0131d\u0131r ve Almanya&#8217;da babal\u0131\u011f\u0131n hukuki y\u00f6nlerini ele alan d\u00fczenlemeleri i\u00e7erir.[\/vc_column_text][vc_column_text css=&#8221;.vc_custom_1697262188143{padding-top: 20px !important;}&#8221;]Babal\u0131k hukuku \u00f6zellikle Medeni Kanun&#8217;un (BGB) 1592 ve devam\u0131 maddelerinde d\u00fczenlenmi\u015ftir. Daha geni\u015f anlamda babal\u0131k kanunu, ebeveyn velayeti ile ilgili h\u00fck\u00fcmler gibi BGB&#8217;de babal\u0131\u011f\u0131 bir \u015fekilde etkileyen \u00e7ok say\u0131da bireysel h\u00fckm\u00fc de i\u00e7ermektedir (\u00a7\u00a7 1626 ff. BGB).[\/vc_column_text][vc_column_text css=&#8221;.vc_custom_1697262201689{padding-top: 20px !important;}&#8221;]Hukuki anlamda \u00e7ocu\u011fun babas\u0131n\u0131n, \u00e7ocu\u011fun biyolojik babas\u0131 olmas\u0131 \u015fart de\u011fildir. Babal\u0131k hukukunda \u00e7ocu\u011fun babas\u0131 genellikle do\u011fum s\u0131ras\u0131nda \u00e7ocu\u011fun annesiyle evli olan ki\u015fidir, bkz. B\u00f6l\u00fcm 1592 No. 1 BGB&#8230;.<\/p>\n","protected":false},"author":1,"featured_media":0,"parent":0,"menu_order":0,"comment_status":"closed","ping_status":"closed","template":"","meta":{"footnotes":""},"class_list":["post-10143","page","type-page","status-publish","hentry"],"yoast_head":"<!-- This site is optimized with the Yoast SEO Premium plugin v27.2 (Yoast SEO v27.5) - https:\/\/yoast.com\/product\/yoast-seo-premium-wordpress\/ -->\n<title>Rechtsanwaltskanzlei in Hamburg Berlin Bremen Hannover L\u00fcbeck<\/title>\n<meta name=\"description\" content=\"Rechtsanwaltskanzlei f\u00fcr Arbeitsrecht, Arzthaftung, Mietrecht, Gewerbemietrecht ,Gastronomierecht, Immobilienrecht, Schadensersatz Yachtrecht\" \/>\n<meta name=\"robots\" content=\"index, follow, max-snippet:-1, max-image-preview:large, max-video-preview:-1\" \/>\n<link rel=\"canonical\" href=\"https:\/\/www.kanzlei-steinwachs.de\/tr\/babalik-hukuku\/\" \/>\n<meta property=\"og:locale\" content=\"tr_TR\" \/>\n<meta property=\"og:type\" content=\"article\" \/>\n<meta property=\"og:title\" content=\"Rechtsanwaltskanzlei in Hamburg Berlin Bremen Hannover L\u00fcbeck\" \/>\n<meta property=\"og:description\" content=\"Rechtsanwaltskanzlei f\u00fcr Arbeitsrecht, Arzthaftung, Mietrecht, Gewerbemietrecht ,Gastronomierecht, Immobilienrecht, Schadensersatz Yachtrecht\" \/>\n<meta property=\"og:url\" content=\"https:\/\/www.kanzlei-steinwachs.de\/tr\/babalik-hukuku\/\" \/>\n<meta property=\"og:site_name\" content=\"Rechtsanwaltskanzlei Anwalt Hamburg Berlin Bremen Hannover L\u00fcbeck\" \/>\n<meta property=\"article:publisher\" content=\"https:\/\/www.facebook.com\/STEINWACHSRechtsanwaltskanzlei\/\" \/>\n<meta property=\"article:modified_time\" content=\"2023-10-27T12:11:19+00:00\" \/>\n<meta name=\"twitter:card\" content=\"summary_large_image\" \/>\n<meta name=\"twitter:site\" content=\"@rasteinwachs\" \/>\n<meta name=\"twitter:label1\" content=\"Tahmini okuma s\u00fcresi\" \/>\n\t<meta name=\"twitter:data1\" content=\"3 dakika\" \/>\n<script type=\"application\/ld+json\" class=\"yoast-schema-graph\">{\"@context\":\"https:\\\/\\\/schema.org\",\"@graph\":[{\"@type\":\"WebPage\",\"@id\":\"https:\\\/\\\/www.kanzlei-steinwachs.de\\\/tr\\\/babalik-hukuku\\\/\",\"url\":\"https:\\\/\\\/www.kanzlei-steinwachs.de\\\/tr\\\/babalik-hukuku\\\/\",\"name\":\"Rechtsanwaltskanzlei in Hamburg Berlin Bremen Hannover L\u00fcbeck\",\"isPartOf\":{\"@id\":\"https:\\\/\\\/www.kanzlei-steinwachs.de\\\/tr\\\/#website\"},\"datePublished\":\"2023-10-14T05:40:46+00:00\",\"dateModified\":\"2023-10-27T12:11:19+00:00\",\"description\":\"Rechtsanwaltskanzlei f\u00fcr Arbeitsrecht, Arzthaftung, Mietrecht, Gewerbemietrecht ,Gastronomierecht, Immobilienrecht, Schadensersatz Yachtrecht\",\"inLanguage\":\"tr\",\"potentialAction\":[{\"@type\":\"ReadAction\",\"target\":[\"https:\\\/\\\/www.kanzlei-steinwachs.de\\\/tr\\\/babalik-hukuku\\\/\"]}]},{\"@type\":\"WebSite\",\"@id\":\"https:\\\/\\\/www.kanzlei-steinwachs.de\\\/tr\\\/#website\",\"url\":\"https:\\\/\\\/www.kanzlei-steinwachs.de\\\/tr\\\/\",\"name\":\"Rechtsanwaltskanzlei Anwalt Hamburg Berlin Bremen Hannover L\u00fcbeck\",\"description\":\"Wir leisten mehr als Recht bietet\",\"publisher\":{\"@id\":\"https:\\\/\\\/www.kanzlei-steinwachs.de\\\/tr\\\/#organization\"},\"potentialAction\":[{\"@type\":\"SearchAction\",\"target\":{\"@type\":\"EntryPoint\",\"urlTemplate\":\"https:\\\/\\\/www.kanzlei-steinwachs.de\\\/tr\\\/?s={search_term_string}\"},\"query-input\":{\"@type\":\"PropertyValueSpecification\",\"valueRequired\":true,\"valueName\":\"search_term_string\"}}],\"inLanguage\":\"tr\"},{\"@type\":[\"Organization\",\"Place\"],\"@id\":\"https:\\\/\\\/www.kanzlei-steinwachs.de\\\/tr\\\/#organization\",\"name\":\"Rechtsanwaltskanzlei Anwalt Hamburg Berlin Bremen Hannover L\u00fcbeck\",\"url\":\"https:\\\/\\\/www.kanzlei-steinwachs.de\\\/\",\"logo\":{\"@type\":\"ImageObject\",\"inLanguage\":\"tr\",\"@id\":\"https:\\\/\\\/www.kanzlei-steinwachs.de\\\/tr\\\/#\\\/schema\\\/logo\\\/image\\\/\",\"url\":\"https:\\\/\\\/i0.wp.com\\\/www.kanzlei-steinwachs.de\\\/wp-content\\\/uploads\\\/2023\\\/12\\\/logo.webp?fit=174%2C76&quality=80&ssl=1\",\"contentUrl\":\"https:\\\/\\\/i0.wp.com\\\/www.kanzlei-steinwachs.de\\\/wp-content\\\/uploads\\\/2023\\\/12\\\/logo.webp?fit=174%2C76&quality=80&ssl=1\",\"width\":174,\"height\":76,\"caption\":\"Rechtsanwaltskanzlei Anwalt Hamburg Berlin Bremen Hannover L\u00fcbeck\"},\"image\":{\"@id\":\"https:\\\/\\\/www.kanzlei-steinwachs.de\\\/tr\\\/#\\\/schema\\\/logo\\\/image\\\/\"},\"sameAs\":[\"https:\\\/\\\/www.facebook.com\\\/STEINWACHSRechtsanwaltskanzlei\\\/\",\"https:\\\/\\\/x.com\\\/rasteinwachs\",\"https:\\\/\\\/www.instagram.com\\\/steinwachs_rechtsanwaelte\\\/\",\"https:\\\/\\\/www.linkedin.com\\\/in\\\/stephan-steinwachs-7a270197\\\/\",\"https:\\\/\\\/www.youtube.com\\\/channel\\\/UCffmodDlQx81remXm395RWA\"],\"telephone\":[]}]}<\/script>\n<!-- \/ Yoast SEO Premium plugin. -->","yoast_head_json":{"title":"Rechtsanwaltskanzlei in Hamburg Berlin Bremen Hannover L\u00fcbeck","description":"Rechtsanwaltskanzlei f\u00fcr Arbeitsrecht, Arzthaftung, Mietrecht, Gewerbemietrecht ,Gastronomierecht, Immobilienrecht, Schadensersatz Yachtrecht","robots":{"index":"index","follow":"follow","max-snippet":"max-snippet:-1","max-image-preview":"max-image-preview:large","max-video-preview":"max-video-preview:-1"},"canonical":"https:\/\/www.kanzlei-steinwachs.de\/tr\/babalik-hukuku\/","og_locale":"tr_TR","og_type":"article","og_title":"Rechtsanwaltskanzlei in Hamburg Berlin Bremen Hannover L\u00fcbeck","og_description":"Rechtsanwaltskanzlei f\u00fcr Arbeitsrecht, Arzthaftung, Mietrecht, Gewerbemietrecht ,Gastronomierecht, Immobilienrecht, Schadensersatz Yachtrecht","og_url":"https:\/\/www.kanzlei-steinwachs.de\/tr\/babalik-hukuku\/","og_site_name":"Rechtsanwaltskanzlei Anwalt Hamburg Berlin Bremen Hannover L\u00fcbeck","article_publisher":"https:\/\/www.facebook.com\/STEINWACHSRechtsanwaltskanzlei\/","article_modified_time":"2023-10-27T12:11:19+00:00","twitter_card":"summary_large_image","twitter_site":"@rasteinwachs","twitter_misc":{"Tahmini okuma s\u00fcresi":"3 dakika"},"schema":{"@context":"https:\/\/schema.org","@graph":[{"@type":"WebPage","@id":"https:\/\/www.kanzlei-steinwachs.de\/tr\/babalik-hukuku\/","url":"https:\/\/www.kanzlei-steinwachs.de\/tr\/babalik-hukuku\/","name":"Rechtsanwaltskanzlei in Hamburg Berlin Bremen Hannover L\u00fcbeck","isPartOf":{"@id":"https:\/\/www.kanzlei-steinwachs.de\/tr\/#website"},"datePublished":"2023-10-14T05:40:46+00:00","dateModified":"2023-10-27T12:11:19+00:00","description":"Rechtsanwaltskanzlei f\u00fcr Arbeitsrecht, Arzthaftung, Mietrecht, Gewerbemietrecht ,Gastronomierecht, Immobilienrecht, Schadensersatz Yachtrecht","inLanguage":"tr","potentialAction":[{"@type":"ReadAction","target":["https:\/\/www.kanzlei-steinwachs.de\/tr\/babalik-hukuku\/"]}]},{"@type":"WebSite","@id":"https:\/\/www.kanzlei-steinwachs.de\/tr\/#website","url":"https:\/\/www.kanzlei-steinwachs.de\/tr\/","name":"Rechtsanwaltskanzlei Anwalt Hamburg Berlin Bremen Hannover L\u00fcbeck","description":"Wir leisten mehr als Recht bietet","publisher":{"@id":"https:\/\/www.kanzlei-steinwachs.de\/tr\/#organization"},"potentialAction":[{"@type":"SearchAction","target":{"@type":"EntryPoint","urlTemplate":"https:\/\/www.kanzlei-steinwachs.de\/tr\/?s={search_term_string}"},"query-input":{"@type":"PropertyValueSpecification","valueRequired":true,"valueName":"search_term_string"}}],"inLanguage":"tr"},{"@type":["Organization","Place"],"@id":"https:\/\/www.kanzlei-steinwachs.de\/tr\/#organization","name":"Rechtsanwaltskanzlei Anwalt Hamburg Berlin Bremen Hannover L\u00fcbeck","url":"https:\/\/www.kanzlei-steinwachs.de\/","logo":{"@type":"ImageObject","inLanguage":"tr","@id":"https:\/\/www.kanzlei-steinwachs.de\/tr\/#\/schema\/logo\/image\/","url":"https:\/\/i0.wp.com\/www.kanzlei-steinwachs.de\/wp-content\/uploads\/2023\/12\/logo.webp?fit=174%2C76&quality=80&ssl=1","contentUrl":"https:\/\/i0.wp.com\/www.kanzlei-steinwachs.de\/wp-content\/uploads\/2023\/12\/logo.webp?fit=174%2C76&quality=80&ssl=1","width":174,"height":76,"caption":"Rechtsanwaltskanzlei Anwalt Hamburg Berlin Bremen Hannover L\u00fcbeck"},"image":{"@id":"https:\/\/www.kanzlei-steinwachs.de\/tr\/#\/schema\/logo\/image\/"},"sameAs":["https:\/\/www.facebook.com\/STEINWACHSRechtsanwaltskanzlei\/","https:\/\/x.com\/rasteinwachs","https:\/\/www.instagram.com\/steinwachs_rechtsanwaelte\/","https:\/\/www.linkedin.com\/in\/stephan-steinwachs-7a270197\/","https:\/\/www.youtube.com\/channel\/UCffmodDlQx81remXm395RWA"],"telephone":[]}]}},"jetpack_sharing_enabled":true,"_links":{"self":[{"href":"https:\/\/www.kanzlei-steinwachs.de\/tr\/wp-json\/wp\/v2\/pages\/10143","targetHints":{"allow":["GET"]}}],"collection":[{"href":"https:\/\/www.kanzlei-steinwachs.de\/tr\/wp-json\/wp\/v2\/pages"}],"about":[{"href":"https:\/\/www.kanzlei-steinwachs.de\/tr\/wp-json\/wp\/v2\/types\/page"}],"author":[{"embeddable":true,"href":"https:\/\/www.kanzlei-steinwachs.de\/tr\/wp-json\/wp\/v2\/users\/1"}],"replies":[{"embeddable":true,"href":"https:\/\/www.kanzlei-steinwachs.de\/tr\/wp-json\/wp\/v2\/comments?post=10143"}],"version-history":[{"count":0,"href":"https:\/\/www.kanzlei-steinwachs.de\/tr\/wp-json\/wp\/v2\/pages\/10143\/revisions"}],"wp:attachment":[{"href":"https:\/\/www.kanzlei-steinwachs.de\/tr\/wp-json\/wp\/v2\/media?parent=10143"}],"curies":[{"name":"wp","href":"https:\/\/api.w.org\/{rel}","templated":true}]}}