{"id":10066,"date":"2023-09-22T13:23:02","date_gmt":"2023-09-22T11:23:02","guid":{"rendered":"https:\/\/www.kanzlei-steinwachs.de\/isbirligi-hukuku\/"},"modified":"2023-10-27T13:26:20","modified_gmt":"2023-10-27T11:26:20","slug":"isbirligi-hukuku","status":"publish","type":"page","link":"https:\/\/www.kanzlei-steinwachs.de\/tr\/isbirligi-hukuku\/","title":{"rendered":"\u0130\u015fbirli\u011fi hukuku"},"content":{"rendered":"<div class=\"wpb-content-wrapper\"><p>[vc_row triangle_shape=&#8221;no&#8221;][vc_column][vc_column_text css=&#8221;.vc_custom_1695383650063{padding-bottom: 20px !important;}&#8221;]\u015eirketler hukuku alan\u0131 STEINWACHS hukuk firmas\u0131n\u0131n temel yetkinliklerinden biridir. Bu alanda, \u00f6zellikle \u00f6nemi giderek artan i\u015f hukuku alan\u0131, giri\u015fimcilerin ba\u011f\u0131ms\u0131zl\u0131\u011f\u0131n\u0131n hukuki yap\u0131s\u0131, giri\u015fimcilik s\u00f6zle\u015fmesi hukuku alan\u0131nda, \u015firketlerin hukuki \u015feklinin kurulmas\u0131 ve se\u00e7imi ve bunlar\u0131n hukuki yap\u0131s\u0131 konular\u0131nda bilgi sahibiyiz. d\u00f6n\u00fc\u015f\u00fcm, alacak y\u00f6netimi, fikri m\u00fclkiyetin korunmas\u0131 ve \u015firketler hukukuna g\u00f6re i\u015flenmesi.[\/vc_column_text][\/vc_column][\/vc_row][vc_row triangle_shape=&#8221;no&#8221;][vc_column][vc_column_text css=&#8221;.vc_custom_1695383751789{padding-bottom: 20px !important;}&#8221;]H\u0131zla artan Avrupa i\u00e7tihatlar\u0131n\u0131n ve giri\u015fimcilik faaliyetinin esnekle\u015ftirilmesi ve uluslararas\u0131 hale getirilmesinin arka plan\u0131na kar\u015f\u0131, hukuki \u015fekil ve sorumluluk se\u00e7imine ili\u015fkin temel sorular merkezi \u00f6neme sahiptir. Burada, \u015firketler hukuku alan\u0131nda \u00e7al\u0131\u015fan bir avukat\u0131n hedefe y\u00f6nelik tavsiyeleri ve s\u00fcrekli deste\u011fi sadece mant\u0131kl\u0131 olmakla kalm\u0131yor, ayn\u0131 zamanda \u015fiddetle tavsiye ediliyor.[\/vc_column_text][\/vc_column][\/vc_row][vc_row triangle_shape=&#8221;no&#8221;][vc_column][vc_column_text css=&#8221;.vc_custom_1695383743926{padding-bottom: 20px !important;}&#8221;]M\u00fcvekkillerimiz, avukatlar\u0131n \u00e7e\u015fitli \u015firketlerde genel m\u00fcd\u00fcr\/ortak\/tasfiye memuru olarak uzun y\u0131llara dayanan pratik \u00e7al\u0131\u015fmalar\u0131ndan faydalanmaktad\u0131r. STEINWACHS hukuk b\u00fcrosu ayn\u0131 zamanda \u015firketler hukuku alan\u0131nda da en \u00fcst d\u00fczeyde e\u011fitim yoluyla s\u00fcrekli kalite geli\u015fimini sa\u011flamaktad\u0131r.[\/vc_column_text][\/vc_column][\/vc_row][vc_row triangle_shape=&#8221;no&#8221;][vc_column][vc_column_text css=&#8221;.vc_custom_1695383736197{padding-bottom: 20px !important;}&#8221;]\u015eirketler hukukunun a\u015fa\u011f\u0131daki alanlar\u0131nda deneyimli bir avukattan tavsiye ve temsil sunuyoruz:[\/vc_column_text][\/vc_column][\/vc_row][vc_row triangle_shape=&#8221;no&#8221;][vc_column][vc_column_text css=&#8221;.vc_custom_1695383771045{padding-bottom: 20px !important;}&#8221;]\u0130\u015f hukuku Kirac\u0131l\u0131k hukuku Projeler ve \u015firketler i\u00e7in hukuki destek S\u00f6zle\u015fme tasla\u011f\u0131 haz\u0131rlanmas\u0131, lisanslar\u0131n, model s\u00f6zle\u015fmelerin ve genel \u015fartlar ve ko\u015fullar\u0131n olu\u015fturulmas\u0131 Ticari marka veya tapu korumas\u0131 gibi fikri m\u00fclkiyet haklar\u0131n\u0131n tescili ve savunulmas\u0131 \u015eirketlerin kurulmas\u0131, d\u00f6n\u00fc\u015ft\u00fcr\u00fclmesi veya devredilmesinde tavsiye ve destek Bor\u00e7 tahsilat\u0131 \/ ihtar \/ zorunlu icra \u015eirket veri koruma g\u00f6revlisi olarak faaliyetler Dersler ve \u015firket i\u00e7i e\u011fitim Fikri m\u00fclkiyet hukuku \u0130ngilizce, \u0130spanyolca, Frans\u0131zca, Leh\u00e7e, Rus\u00e7a, Bulgarca, \u00c7ince (Mandarin\/Kantonca) dillerinde talimat i\u015fleme de m\u00fcmk\u00fcnd\u00fcr[\/vc_column_text][\/vc_column][\/vc_row][vc_row triangle_shape=&#8221;no&#8221;][vc_column][vc_column_text]Avukat \u015eirketler Hukuku Hamburg Berlin sayfas\u0131n\u0131n i\u00e7eri\u011finden sorumlu: Avukat Stephan Steinwachs (Avukat Hamburg Berlin Bremen)[\/vc_column_text][\/vc_column][\/vc_row]<\/p>\n<\/div>","protected":false},"excerpt":{"rendered":"<p>[vc_row triangle_shape=&#8221;no&#8221;][vc_column][vc_column_text css=&#8221;.vc_custom_1695383650063{padding-bottom: 20px !important;}&#8221;]\u015eirketler hukuku alan\u0131 STEINWACHS hukuk firmas\u0131n\u0131n temel yetkinliklerinden biridir. Bu alanda, \u00f6zellikle \u00f6nemi giderek artan i\u015f hukuku alan\u0131, giri\u015fimcilerin ba\u011f\u0131ms\u0131zl\u0131\u011f\u0131n\u0131n hukuki yap\u0131s\u0131, giri\u015fimcilik s\u00f6zle\u015fmesi hukuku alan\u0131nda, \u015firketlerin hukuki \u015feklinin kurulmas\u0131 ve se\u00e7imi ve bunlar\u0131n hukuki yap\u0131s\u0131 konular\u0131nda bilgi sahibiyiz. d\u00f6n\u00fc\u015f\u00fcm, alacak y\u00f6netimi, fikri m\u00fclkiyetin korunmas\u0131 ve \u015firketler hukukuna g\u00f6re i\u015flenmesi.[\/vc_column_text][\/vc_column][\/vc_row][vc_row triangle_shape=&#8221;no&#8221;][vc_column][vc_column_text css=&#8221;.vc_custom_1695383751789{padding-bottom: 20px !important;}&#8221;]H\u0131zla artan Avrupa i\u00e7tihatlar\u0131n\u0131n ve giri\u015fimcilik faaliyetinin esnekle\u015ftirilmesi ve uluslararas\u0131 hale getirilmesinin arka plan\u0131na kar\u015f\u0131, hukuki \u015fekil ve sorumluluk se\u00e7imine ili\u015fkin temel sorular merkezi \u00f6neme sahiptir. Burada, \u015firketler hukuku alan\u0131nda \u00e7al\u0131\u015fan bir avukat\u0131n hedefe y\u00f6nelik tavsiyeleri ve s\u00fcrekli deste\u011fi sadece mant\u0131kl\u0131 olmakla kalm\u0131yor,&#8230;<\/p>\n","protected":false},"author":1,"featured_media":15787,"parent":0,"menu_order":0,"comment_status":"closed","ping_status":"closed","template":"","meta":{"footnotes":""},"class_list":["post-10066","page","type-page","status-publish","has-post-thumbnail","hentry"],"yoast_head":"<!-- This site is optimized with the Yoast SEO Premium plugin v27.2 (Yoast SEO v27.5) - https:\/\/yoast.com\/product\/yoast-seo-premium-wordpress\/ -->\n<title>Rechtsanwaltskanzlei in Hamburg Berlin Bremen Hannover L\u00fcbeck<\/title>\n<meta name=\"description\" content=\"Rechtsanwaltskanzlei f\u00fcr Arbeitsrecht, Arzthaftung, Mietrecht, Gewerbemietrecht ,Gastronomierecht, Immobilienrecht, Schadensersatz Yachtrecht\" \/>\n<meta name=\"robots\" content=\"index, follow, max-snippet:-1, max-image-preview:large, max-video-preview:-1\" \/>\n<link rel=\"canonical\" href=\"https:\/\/www.kanzlei-steinwachs.de\/tr\/isbirligi-hukuku\/\" \/>\n<meta property=\"og:locale\" content=\"tr_TR\" \/>\n<meta property=\"og:type\" content=\"article\" \/>\n<meta property=\"og:title\" content=\"Rechtsanwaltskanzlei in Hamburg Berlin Bremen Hannover L\u00fcbeck\" \/>\n<meta property=\"og:description\" content=\"Rechtsanwaltskanzlei f\u00fcr Arbeitsrecht, Arzthaftung, Mietrecht, Gewerbemietrecht ,Gastronomierecht, Immobilienrecht, Schadensersatz Yachtrecht\" \/>\n<meta property=\"og:url\" content=\"https:\/\/www.kanzlei-steinwachs.de\/tr\/isbirligi-hukuku\/\" \/>\n<meta property=\"og:site_name\" content=\"Rechtsanwaltskanzlei Anwalt Hamburg Berlin Bremen Hannover L\u00fcbeck\" \/>\n<meta property=\"article:publisher\" content=\"https:\/\/www.facebook.com\/STEINWACHSRechtsanwaltskanzlei\/\" \/>\n<meta property=\"article:modified_time\" content=\"2023-10-27T11:26:20+00:00\" \/>\n<meta name=\"twitter:card\" content=\"summary_large_image\" \/>\n<meta name=\"twitter:site\" content=\"@rasteinwachs\" \/>\n<meta name=\"twitter:label1\" content=\"Tahmini okuma s\u00fcresi\" \/>\n\t<meta name=\"twitter:data1\" content=\"2 dakika\" \/>\n<script type=\"application\/ld+json\" class=\"yoast-schema-graph\">{\"@context\":\"https:\\\/\\\/schema.org\",\"@graph\":[{\"@type\":\"WebPage\",\"@id\":\"https:\\\/\\\/www.kanzlei-steinwachs.de\\\/tr\\\/isbirligi-hukuku\\\/\",\"url\":\"https:\\\/\\\/www.kanzlei-steinwachs.de\\\/tr\\\/isbirligi-hukuku\\\/\",\"name\":\"Rechtsanwaltskanzlei in Hamburg Berlin Bremen Hannover L\u00fcbeck\",\"isPartOf\":{\"@id\":\"https:\\\/\\\/www.kanzlei-steinwachs.de\\\/tr\\\/#website\"},\"primaryImageOfPage\":{\"@id\":\"https:\\\/\\\/www.kanzlei-steinwachs.de\\\/tr\\\/isbirligi-hukuku\\\/#primaryimage\"},\"image\":{\"@id\":\"https:\\\/\\\/www.kanzlei-steinwachs.de\\\/tr\\\/isbirligi-hukuku\\\/#primaryimage\"},\"thumbnailUrl\":\"https:\\\/\\\/i0.wp.com\\\/www.kanzlei-steinwachs.de\\\/wp-content\\\/uploads\\\/2023\\\/12\\\/logo.webp?fit=174%2C76&quality=20&ssl=1\",\"datePublished\":\"2023-09-22T11:23:02+00:00\",\"dateModified\":\"2023-10-27T11:26:20+00:00\",\"description\":\"Rechtsanwaltskanzlei f\u00fcr Arbeitsrecht, Arzthaftung, Mietrecht, Gewerbemietrecht ,Gastronomierecht, Immobilienrecht, Schadensersatz Yachtrecht\",\"inLanguage\":\"tr\",\"potentialAction\":[{\"@type\":\"ReadAction\",\"target\":[\"https:\\\/\\\/www.kanzlei-steinwachs.de\\\/tr\\\/isbirligi-hukuku\\\/\"]}]},{\"@type\":\"ImageObject\",\"inLanguage\":\"tr\",\"@id\":\"https:\\\/\\\/www.kanzlei-steinwachs.de\\\/tr\\\/isbirligi-hukuku\\\/#primaryimage\",\"url\":\"https:\\\/\\\/i0.wp.com\\\/www.kanzlei-steinwachs.de\\\/wp-content\\\/uploads\\\/2023\\\/12\\\/logo.webp?fit=174%2C76&quality=20&ssl=1\",\"contentUrl\":\"https:\\\/\\\/i0.wp.com\\\/www.kanzlei-steinwachs.de\\\/wp-content\\\/uploads\\\/2023\\\/12\\\/logo.webp?fit=174%2C76&quality=20&ssl=1\",\"width\":174,\"height\":76,\"caption\":\"Kanzlei Steinwachs\"},{\"@type\":\"WebSite\",\"@id\":\"https:\\\/\\\/www.kanzlei-steinwachs.de\\\/tr\\\/#website\",\"url\":\"https:\\\/\\\/www.kanzlei-steinwachs.de\\\/tr\\\/\",\"name\":\"Rechtsanwaltskanzlei Anwalt Hamburg Berlin Bremen Hannover L\u00fcbeck\",\"description\":\"Wir leisten mehr als Recht bietet\",\"publisher\":{\"@id\":\"https:\\\/\\\/www.kanzlei-steinwachs.de\\\/tr\\\/#organization\"},\"potentialAction\":[{\"@type\":\"SearchAction\",\"target\":{\"@type\":\"EntryPoint\",\"urlTemplate\":\"https:\\\/\\\/www.kanzlei-steinwachs.de\\\/tr\\\/?s={search_term_string}\"},\"query-input\":{\"@type\":\"PropertyValueSpecification\",\"valueRequired\":true,\"valueName\":\"search_term_string\"}}],\"inLanguage\":\"tr\"},{\"@type\":[\"Organization\",\"Place\"],\"@id\":\"https:\\\/\\\/www.kanzlei-steinwachs.de\\\/tr\\\/#organization\",\"name\":\"Rechtsanwaltskanzlei Anwalt Hamburg Berlin Bremen Hannover L\u00fcbeck\",\"url\":\"https:\\\/\\\/www.kanzlei-steinwachs.de\\\/\",\"logo\":{\"@type\":\"ImageObject\",\"inLanguage\":\"tr\",\"@id\":\"https:\\\/\\\/www.kanzlei-steinwachs.de\\\/tr\\\/#\\\/schema\\\/logo\\\/image\\\/\",\"url\":\"https:\\\/\\\/i0.wp.com\\\/www.kanzlei-steinwachs.de\\\/wp-content\\\/uploads\\\/2023\\\/12\\\/logo.webp?fit=174%2C76&quality=80&ssl=1\",\"contentUrl\":\"https:\\\/\\\/i0.wp.com\\\/www.kanzlei-steinwachs.de\\\/wp-content\\\/uploads\\\/2023\\\/12\\\/logo.webp?fit=174%2C76&quality=80&ssl=1\",\"width\":174,\"height\":76,\"caption\":\"Rechtsanwaltskanzlei Anwalt Hamburg Berlin Bremen Hannover L\u00fcbeck\"},\"image\":{\"@id\":\"https:\\\/\\\/www.kanzlei-steinwachs.de\\\/tr\\\/#\\\/schema\\\/logo\\\/image\\\/\"},\"sameAs\":[\"https:\\\/\\\/www.facebook.com\\\/STEINWACHSRechtsanwaltskanzlei\\\/\",\"https:\\\/\\\/x.com\\\/rasteinwachs\",\"https:\\\/\\\/www.instagram.com\\\/steinwachs_rechtsanwaelte\\\/\",\"https:\\\/\\\/www.linkedin.com\\\/in\\\/stephan-steinwachs-7a270197\\\/\",\"https:\\\/\\\/www.youtube.com\\\/channel\\\/UCffmodDlQx81remXm395RWA\"],\"telephone\":[]}]}<\/script>\n<!-- \/ Yoast SEO Premium plugin. -->","yoast_head_json":{"title":"Rechtsanwaltskanzlei in Hamburg Berlin Bremen Hannover L\u00fcbeck","description":"Rechtsanwaltskanzlei f\u00fcr Arbeitsrecht, Arzthaftung, Mietrecht, Gewerbemietrecht ,Gastronomierecht, Immobilienrecht, Schadensersatz Yachtrecht","robots":{"index":"index","follow":"follow","max-snippet":"max-snippet:-1","max-image-preview":"max-image-preview:large","max-video-preview":"max-video-preview:-1"},"canonical":"https:\/\/www.kanzlei-steinwachs.de\/tr\/isbirligi-hukuku\/","og_locale":"tr_TR","og_type":"article","og_title":"Rechtsanwaltskanzlei in Hamburg Berlin Bremen Hannover L\u00fcbeck","og_description":"Rechtsanwaltskanzlei f\u00fcr Arbeitsrecht, Arzthaftung, Mietrecht, Gewerbemietrecht ,Gastronomierecht, Immobilienrecht, Schadensersatz Yachtrecht","og_url":"https:\/\/www.kanzlei-steinwachs.de\/tr\/isbirligi-hukuku\/","og_site_name":"Rechtsanwaltskanzlei Anwalt Hamburg Berlin Bremen Hannover L\u00fcbeck","article_publisher":"https:\/\/www.facebook.com\/STEINWACHSRechtsanwaltskanzlei\/","article_modified_time":"2023-10-27T11:26:20+00:00","twitter_card":"summary_large_image","twitter_site":"@rasteinwachs","twitter_misc":{"Tahmini okuma s\u00fcresi":"2 dakika"},"schema":{"@context":"https:\/\/schema.org","@graph":[{"@type":"WebPage","@id":"https:\/\/www.kanzlei-steinwachs.de\/tr\/isbirligi-hukuku\/","url":"https:\/\/www.kanzlei-steinwachs.de\/tr\/isbirligi-hukuku\/","name":"Rechtsanwaltskanzlei in Hamburg Berlin Bremen Hannover L\u00fcbeck","isPartOf":{"@id":"https:\/\/www.kanzlei-steinwachs.de\/tr\/#website"},"primaryImageOfPage":{"@id":"https:\/\/www.kanzlei-steinwachs.de\/tr\/isbirligi-hukuku\/#primaryimage"},"image":{"@id":"https:\/\/www.kanzlei-steinwachs.de\/tr\/isbirligi-hukuku\/#primaryimage"},"thumbnailUrl":"https:\/\/i0.wp.com\/www.kanzlei-steinwachs.de\/wp-content\/uploads\/2023\/12\/logo.webp?fit=174%2C76&quality=20&ssl=1","datePublished":"2023-09-22T11:23:02+00:00","dateModified":"2023-10-27T11:26:20+00:00","description":"Rechtsanwaltskanzlei f\u00fcr Arbeitsrecht, Arzthaftung, Mietrecht, Gewerbemietrecht ,Gastronomierecht, Immobilienrecht, Schadensersatz Yachtrecht","inLanguage":"tr","potentialAction":[{"@type":"ReadAction","target":["https:\/\/www.kanzlei-steinwachs.de\/tr\/isbirligi-hukuku\/"]}]},{"@type":"ImageObject","inLanguage":"tr","@id":"https:\/\/www.kanzlei-steinwachs.de\/tr\/isbirligi-hukuku\/#primaryimage","url":"https:\/\/i0.wp.com\/www.kanzlei-steinwachs.de\/wp-content\/uploads\/2023\/12\/logo.webp?fit=174%2C76&quality=20&ssl=1","contentUrl":"https:\/\/i0.wp.com\/www.kanzlei-steinwachs.de\/wp-content\/uploads\/2023\/12\/logo.webp?fit=174%2C76&quality=20&ssl=1","width":174,"height":76,"caption":"Kanzlei Steinwachs"},{"@type":"WebSite","@id":"https:\/\/www.kanzlei-steinwachs.de\/tr\/#website","url":"https:\/\/www.kanzlei-steinwachs.de\/tr\/","name":"Rechtsanwaltskanzlei Anwalt Hamburg Berlin Bremen Hannover L\u00fcbeck","description":"Wir leisten mehr als Recht bietet","publisher":{"@id":"https:\/\/www.kanzlei-steinwachs.de\/tr\/#organization"},"potentialAction":[{"@type":"SearchAction","target":{"@type":"EntryPoint","urlTemplate":"https:\/\/www.kanzlei-steinwachs.de\/tr\/?s={search_term_string}"},"query-input":{"@type":"PropertyValueSpecification","valueRequired":true,"valueName":"search_term_string"}}],"inLanguage":"tr"},{"@type":["Organization","Place"],"@id":"https:\/\/www.kanzlei-steinwachs.de\/tr\/#organization","name":"Rechtsanwaltskanzlei Anwalt Hamburg Berlin Bremen Hannover L\u00fcbeck","url":"https:\/\/www.kanzlei-steinwachs.de\/","logo":{"@type":"ImageObject","inLanguage":"tr","@id":"https:\/\/www.kanzlei-steinwachs.de\/tr\/#\/schema\/logo\/image\/","url":"https:\/\/i0.wp.com\/www.kanzlei-steinwachs.de\/wp-content\/uploads\/2023\/12\/logo.webp?fit=174%2C76&quality=80&ssl=1","contentUrl":"https:\/\/i0.wp.com\/www.kanzlei-steinwachs.de\/wp-content\/uploads\/2023\/12\/logo.webp?fit=174%2C76&quality=80&ssl=1","width":174,"height":76,"caption":"Rechtsanwaltskanzlei Anwalt Hamburg Berlin Bremen Hannover L\u00fcbeck"},"image":{"@id":"https:\/\/www.kanzlei-steinwachs.de\/tr\/#\/schema\/logo\/image\/"},"sameAs":["https:\/\/www.facebook.com\/STEINWACHSRechtsanwaltskanzlei\/","https:\/\/x.com\/rasteinwachs","https:\/\/www.instagram.com\/steinwachs_rechtsanwaelte\/","https:\/\/www.linkedin.com\/in\/stephan-steinwachs-7a270197\/","https:\/\/www.youtube.com\/channel\/UCffmodDlQx81remXm395RWA"],"telephone":[]}]}},"jetpack_sharing_enabled":true,"_links":{"self":[{"href":"https:\/\/www.kanzlei-steinwachs.de\/tr\/wp-json\/wp\/v2\/pages\/10066","targetHints":{"allow":["GET"]}}],"collection":[{"href":"https:\/\/www.kanzlei-steinwachs.de\/tr\/wp-json\/wp\/v2\/pages"}],"about":[{"href":"https:\/\/www.kanzlei-steinwachs.de\/tr\/wp-json\/wp\/v2\/types\/page"}],"author":[{"embeddable":true,"href":"https:\/\/www.kanzlei-steinwachs.de\/tr\/wp-json\/wp\/v2\/users\/1"}],"replies":[{"embeddable":true,"href":"https:\/\/www.kanzlei-steinwachs.de\/tr\/wp-json\/wp\/v2\/comments?post=10066"}],"version-history":[{"count":0,"href":"https:\/\/www.kanzlei-steinwachs.de\/tr\/wp-json\/wp\/v2\/pages\/10066\/revisions"}],"wp:featuredmedia":[{"embeddable":true,"href":"https:\/\/www.kanzlei-steinwachs.de\/tr\/wp-json\/wp\/v2\/media\/15787"}],"wp:attachment":[{"href":"https:\/\/www.kanzlei-steinwachs.de\/tr\/wp-json\/wp\/v2\/media?parent=10066"}],"curies":[{"name":"wp","href":"https:\/\/api.w.org\/{rel}","templated":true}]}}