{"id":8941,"date":"2023-10-16T13:21:48","date_gmt":"2023-10-16T11:21:48","guid":{"rendered":"https:\/\/www.kanzlei-steinwachs.de\/%d0%be%d0%b1%d1%89%d0%b5%d0%b5-%d0%b4%d0%be%d0%b3%d0%be%d0%b2%d0%be%d1%80%d0%bd%d0%be%d0%b5-%d0%bf%d1%80%d0%b0%d0%b2%d0%be\/"},"modified":"2023-10-24T09:16:13","modified_gmt":"2023-10-24T07:16:13","slug":"%d0%be%d0%b1%d1%89%d0%b5%d0%b5-%d0%b4%d0%be%d0%b3%d0%be%d0%b2%d0%be%d1%80%d0%bd%d0%be%d0%b5-%d0%bf%d1%80%d0%b0%d0%b2%d0%be","status":"publish","type":"page","link":"https:\/\/www.kanzlei-steinwachs.de\/ru\/%d0%be%d0%b1%d1%89%d0%b5%d0%b5-%d0%b4%d0%be%d0%b3%d0%be%d0%b2%d0%be%d1%80%d0%bd%d0%be%d0%b5-%d0%bf%d1%80%d0%b0%d0%b2%d0%be\/","title":{"rendered":"\u041e\u0431\u0449\u0435\u0435 \u0434\u043e\u0433\u043e\u0432\u043e\u0440\u043d\u043e\u0435 \u043f\u0440\u0430\u0432\u043e"},"content":{"rendered":"<div class=\"wpb-content-wrapper\"><p>[vc_row content_width=&#187;grid&#187; content_aligment=&#187;center&#187; triangle_shape=&#187;no&#187; css=&#187;.vc_custom_1696926719838{padding-bottom: 10px !important;background-position: center !important;background-repeat: no-repeat !important;background-size: cover !important;}&#187;][vc_column]<div class=\"mkd-separator-holder clearfix  mkd-separator-center mkd-separator-with-icon mkd-animate\" style=\"margin-top: 20px; margin-bottom: 30px\">\n\t<div class=\"mkd-separator\" style=\"border-color: #c18f59;border-style: solid;width: 97.5px\"><\/div>\n\t\t<div class=\"mkd-separator-icon\">\n\t\t\t                    \t\t\t\t\t\t<\/div>\n\t<div class=\"mkd-separator\" style=\"border-color: #c18f59;border-style: solid;width: 97.5px\"><\/div>\n<\/div>\n[\/vc_column][\/vc_row][vc_row triangle_shape=&#187;no&#187;][vc_column][vc_column_text css=&#187;.vc_custom_1697457211670{margin-bottom: 0px !important;padding-top: 20px !important;padding-bottom: 1px !important;}&#187;]<\/p>\n<p style=\"text-align: left;\">\u041f\u043e\u0434 \u043e\u0431\u0449\u0438\u043c \u0434\u043e\u0433\u043e\u0432\u043e\u0440\u043d\u044b\u043c \u043f\u0440\u0430\u0432\u043e\u043c \u043f\u043e\u043d\u0438\u043c\u0430\u0435\u0442\u0441\u044f \u0441\u043e\u0432\u043e\u043a\u0443\u043f\u043d\u043e\u0441\u0442\u044c \u043f\u0440\u0430\u0432\u043e\u0432\u044b\u0445 \u043f\u043e\u043b\u043e\u0436\u0435\u043d\u0438\u0439, \u043a\u0430\u0441\u0430\u044e\u0449\u0438\u0445\u0441\u044f \u0447\u0430\u0441\u0442\u043d\u043e\u043f\u0440\u0430\u0432\u043e\u0432\u044b\u0445 \u0434\u043e\u0433\u043e\u0432\u043e\u0440\u043e\u0432 \u0438 \u0432\u0441\u0435\u0445 \u0432\u0438\u0434\u043e\u0432 \u0434\u043e\u0433\u043e\u0432\u043e\u0440\u043e\u0432, \u0430 \u0442\u0430\u043a\u0436\u0435 \u043f\u0440\u0430\u0432\u043e\u043e\u0442\u043d\u043e\u0448\u0435\u043d\u0438\u0439 \u043c\u0435\u0436\u0434\u0443 \u0434\u043e\u0433\u043e\u0432\u0430\u0440\u0438\u0432\u0430\u044e\u0449\u0438\u043c\u0438\u0441\u044f \u0441\u0442\u043e\u0440\u043e\u043d\u0430\u043c\u0438.<\/p>\n<div id=\"gtx-trans\" style=\"position: absolute; left: 341px; top: -10px;\">\n<div class=\"gtx-trans-icon\"><\/div>\n<\/div>\n<p>[\/vc_column_text][vc_column_text css=&#187;.vc_custom_1697457182292{padding-top: 10px !important;}&#187;]<\/p>\n<p style=\"text-align: left;\">\u041f\u043e\u0434 \u043e\u0431\u0449\u0438\u043c \u0434\u043e\u0433\u043e\u0432\u043e\u0440\u043d\u044b\u043c \u043f\u0440\u0430\u0432\u043e\u043c \u043f\u043e\u043d\u0438\u043c\u0430\u0435\u0442\u0441\u044f \u0441\u043e\u0432\u043e\u043a\u0443\u043f\u043d\u043e\u0441\u0442\u044c \u043f\u0440\u0430\u0432\u043e\u0432\u044b\u0445 \u043f\u043e\u043b\u043e\u0436\u0435\u043d\u0438\u0439, \u043a\u0430\u0441\u0430\u044e\u0449\u0438\u0445\u0441\u044f \u0447\u0430\u0441\u0442\u043d\u043e\u043f\u0440\u0430\u0432\u043e\u0432\u044b\u0445 \u0434\u043e\u0433\u043e\u0432\u043e\u0440\u043e\u0432 \u0438 \u0432\u0441\u0435\u0445 \u0432\u0438\u0434\u043e\u0432 \u0434\u043e\u0433\u043e\u0432\u043e\u0440\u043e\u0432, \u0430 \u0442\u0430\u043a\u0436\u0435 \u043f\u0440\u0430\u0432\u043e\u043e\u0442\u043d\u043e\u0448\u0435\u043d\u0438\u0439 \u043c\u0435\u0436\u0434\u0443 \u0434\u043e\u0433\u043e\u0432\u0430\u0440\u0438\u0432\u0430\u044e\u0449\u0438\u043c\u0438\u0441\u044f \u0441\u0442\u043e\u0440\u043e\u043d\u0430\u043c\u0438.<\/p>\n<div id=\"gtx-trans\" style=\"position: absolute; left: 215px; top: -10px;\">\n<div class=\"gtx-trans-icon\"><\/div>\n<\/div>\n<p>[\/vc_column_text][\/vc_column][\/vc_row][vc_row triangle_shape=&#187;no&#187; css=&#187;.vc_custom_1697793988458{padding-top: 30px !important;}&#187; el_class=&#187;all-least-pages&#187;][vc_column][vc_row_inner css=&#187;.vc_custom_1697455935676{padding-bottom: 10px !important;}&#187;][vc_column_inner width=&#187;1\/2&#8243;]\n<h2 class=\"mkd-custom-font-holder\" style=\"font-size: 20px;line-height: 30px;font-weight: 700\" data-font-size= 20 data-line-height= 30>\n\tF\u00fcr eine Vielzahl von h\u00e4ufig vorkommenden Vertr\u00e4gen hat der Gesetzgeber gesetzliche Regelungen geschaffen, zu diesen klassischen Vertragstypen geh\u00f6ren im allgemeinen Vertragsrecht vor allem:<\/h2>[vc_empty_space]<div class=\"mkd-unordered-list \" ><ul>\n<li style=\"text-align: left;\">\u0414\u043e\u0433\u043e\u0432\u043e\u0440 \u043a\u0443\u043f\u043b\u0438-\u043f\u0440\u043e\u0434\u0430\u0436\u0438<\/li>\n<li style=\"text-align: left;\">\u0414\u043e\u0433\u043e\u0432\u043e\u0440 \u043f\u043e\u0434\u0440\u044f\u0434\u0430<\/li>\n<li style=\"text-align: left;\">\u041a\u043e\u043d\u0442\u0440\u0430\u043a\u0442 \u043d\u0430 \u043e\u0431\u0441\u043b\u0443\u0436\u0438\u0432\u0430\u043d\u0438\u0435<\/li>\n<li style=\"text-align: left;\">\u0434\u043e\u0433\u043e\u0432\u043e\u0440 \u0430\u0440\u0435\u043d\u0434\u044b<\/li>\n<li style=\"text-align: left;\">\u0414\u043e\u0433\u043e\u0432\u043e\u0440 \u043e \u043a\u0440\u0435\u0434\u0438\u0442\u0435<\/li>\n<li style=\"text-align: left;\">\u0414\u043e\u0433\u043e\u0432\u043e\u0440 \u043f\u0443\u0442\u0435\u0448\u0435\u0441\u0442\u0432\u0438\u044f<\/li>\n<\/ul>\n<div id=\"gtx-trans\" style=\"position: absolute; left: 8px; top: -10px;\">\n<div class=\"gtx-trans-icon\"><\/div>\n<\/div>\n<\/div>[\/vc_column_inner][vc_column_inner width=&#187;1\/2&#8243;][vc_single_image image=&#187;1425&#8243; img_size=&#187;full&#187;][\/vc_column_inner][\/vc_row_inner][\/vc_column][\/vc_row][vc_row triangle_shape=&#187;no&#187; css=&#187;.vc_custom_1697455870159{padding-bottom: 50px !important;}&#187;][vc_column]\n<h2 class=\"mkd-custom-font-holder\" style=\"font-size: 20px;line-height: 20px;font-weight: 700\" data-font-size= 20 data-line-height= 20>\n\tAbschluss<\/h2>[vc_column_text css=&#187;.vc_custom_1697455624967{padding-top: 20px !important;}&#187;]<\/p>\n<div class=\"art-content\">\n<div class=\"art-Post\">\n<div class=\"art-Post-body\">\n<div class=\"art-Post-inner art-article\">\n<div class=\"art-PostContent\">\n<p style=\"text-align: left;\">\u041f\u043e\u043c\u0438\u043c\u043e \u044d\u0442\u0438\u0445 \u043a\u043b\u0430\u0441\u0441\u0438\u0447\u0435\u0441\u043a\u0438\u0445 \u0434\u043e\u0433\u043e\u0432\u043e\u0440\u043e\u0432, \u0432 \u043e\u0431\u0449\u0435\u043c \u0434\u043e\u0433\u043e\u0432\u043e\u0440\u043d\u043e\u043c \u043f\u0440\u0430\u0432\u0435 \u0432 \u044e\u0440\u0438\u0434\u0438\u0447\u0435\u0441\u043a\u043e\u0439 \u043f\u0440\u0430\u043a\u0442\u0438\u043a\u0435 \u043f\u043e\u0441\u0442\u043e\u044f\u043d\u043d\u043e \u0432\u0441\u0442\u0440\u0435\u0447\u0430\u044e\u0442\u0441\u044f \u043d\u043e\u0432\u044b\u0435 \u0441\u043f\u0435\u0446\u0438\u0430\u043b\u044c\u043d\u044b\u0435 \u0432\u0438\u0434\u044b \u0434\u043e\u0433\u043e\u0432\u043e\u0440\u043e\u0432, \u043f\u0440\u044f\u043c\u043e \u043d\u0435 \u0443\u0440\u0435\u0433\u0443\u043b\u0438\u0440\u043e\u0432\u0430\u043d\u043d\u044b\u0435 \u0437\u0430\u043a\u043e\u043d\u043e\u0434\u0430\u0442\u0435\u043b\u044c\u0441\u0442\u0432\u043e\u043c, \u0442\u0430\u043a\u0438\u0435 \u043a\u0430\u043a \u0434\u043e\u0433\u043e\u0432\u043e\u0440\u044b \u043b\u0438\u0437\u0438\u043d\u0433\u0430 \u0438 \u0434\u043e\u0433\u043e\u0432\u043e\u0440\u044b \u0444\u0440\u0430\u043d\u0447\u0430\u0439\u0437\u0438\u043d\u0433\u0430. \u0417\u0430\u0447\u0430\u0441\u0442\u0443\u044e \u044d\u0442\u043e \u0433\u0438\u0431\u0440\u0438\u0434\u044b \u043a\u043b\u0430\u0441\u0441\u0438\u0447\u0435\u0441\u043a\u0438\u0445 \u0442\u0438\u043f\u043e\u0432 \u043a\u043e\u043d\u0442\u0440\u0430\u043a\u0442\u043e\u0432, \u043f\u043e\u044d\u0442\u043e\u043c\u0443 \u043e\u043d\u0438 \u043e\u0431\u044b\u0447\u043d\u043e \u0441\u043e\u0434\u0435\u0440\u0436\u0430\u0442 \u044d\u043b\u0435\u043c\u0435\u043d\u0442\u044b \u0440\u0430\u0437\u043d\u044b\u0445 \u00ab\u043a\u043b\u0430\u0441\u0441\u0438\u0447\u0435\u0441\u043a\u0438\u0445\u00bb \u0442\u0438\u043f\u043e\u0432 \u043a\u043e\u043d\u0442\u0440\u0430\u043a\u0442\u043e\u0432 \u0438 \u043e\u0431\u044a\u0435\u0434\u0438\u043d\u044f\u044e\u0442 \u0438\u0445.<\/p>\n<\/div>\n<div class=\"cleared\"><\/div>\n<\/div>\n<\/div>\n<\/div>\n<\/div>\n<div class=\"art-sidebar2\">\n<div id=\"custom_html-12\" class=\"widget_text widget widget_custom_html\">\n<div class=\"art-Block\"><\/div>\n<\/div>\n<\/div>\n<p>[\/vc_column_text][vc_column_text css=&#187;.vc_custom_1697456232430{padding-top: 10px !important;}&#187;]<\/p>\n<div class=\"art-content\">\n<div class=\"art-Post\">\n<div class=\"art-Post-body\">\n<div class=\"art-Post-inner art-article\">\n<div class=\"art-PostContent\">\n<p style=\"text-align: left;\">\u041f\u0440\u0430\u0432\u043e\u0432\u044b\u0435 \u043f\u043e\u043b\u043e\u0436\u0435\u043d\u0438\u044f \u043e\u0431\u0449\u0435\u0433\u043e \u0434\u043e\u0433\u043e\u0432\u043e\u0440\u043d\u043e\u0433\u043e \u043f\u0440\u0430\u0432\u0430 \u043c\u043e\u0436\u043d\u043e \u043d\u0430\u0439\u0442\u0438 \u043f\u0440\u0435\u0436\u0434\u0435 \u0432\u0441\u0435\u0433\u043e \u0432 \u0441\u0442\u0430\u0442\u044c\u044f\u0445 241 \u0438 \u0441\u043b\u0435\u0434. \u0413\u0440\u0430\u0436\u0434\u0430\u043d\u0441\u043a\u043e\u0433\u043e \u043a\u043e\u0434\u0435\u043a\u0441\u0430, \u043d\u043e \u043f\u043e\u043b\u043e\u0436\u0435\u043d\u0438\u044f \u043e\u0431\u0449\u0435\u0433\u043e \u0434\u043e\u0433\u043e\u0432\u043e\u0440\u043d\u043e\u0433\u043e \u043f\u0440\u0430\u0432\u0430 \u043c\u043e\u0436\u043d\u043e \u0442\u0430\u043a\u0436\u0435 \u043d\u0430\u0439\u0442\u0438 \u0432 \u0434\u0440\u0443\u0433\u0438\u0445 \u0437\u0430\u043a\u043e\u043d\u043e\u0434\u0430\u0442\u0435\u043b\u044c\u043d\u044b\u0445 \u0430\u043a\u0442\u0430\u0445, \u0442\u0430\u043a\u0438\u0445 \u043a\u0430\u043a \u0422\u043e\u0440\u0433\u043e\u0432\u044b\u0439 \u043a\u043e\u0434\u0435\u043a\u0441.<\/p>\n<\/div>\n<div class=\"cleared\"><\/div>\n<\/div>\n<\/div>\n<\/div>\n<\/div>\n<div class=\"art-sidebar2\">\n<div id=\"custom_html-12\" class=\"widget_text widget widget_custom_html\">\n<div class=\"art-Block\"><\/div>\n<\/div>\n<\/div>\n<p>[\/vc_column_text][vc_column_text css=&#187;.vc_custom_1697456239358{padding-top: 10px !important;}&#187;]<\/p>\n<div class=\"art-content\">\n<div class=\"art-Post\">\n<div class=\"art-Post-body\">\n<div class=\"art-Post-inner art-article\">\n<div class=\"art-PostContent\">\n<p style=\"text-align: left;\">\u041d\u0430 \u0441\u043b\u0435\u0434\u0443\u044e\u0449\u0438\u0445 \u0441\u0442\u0440\u0430\u043d\u0438\u0446\u0430\u0445 \u043c\u044b \u043f\u043e\u0441\u0442\u0430\u0440\u0430\u0435\u043c\u0441\u044f \u043f\u0440\u0435\u0434\u043e\u0441\u0442\u0430\u0432\u0438\u0442\u044c \u0432\u0430\u043c \u043a\u0430\u043a \u043c\u043e\u0436\u043d\u043e \u0431\u043e\u043b\u044c\u0448\u0435 \u0438\u043d\u0444\u043e\u0440\u043c\u0430\u0446\u0438\u0438 \u043e\u0431 \u043e\u0431\u0449\u0435\u043c \u0434\u043e\u0433\u043e\u0432\u043e\u0440\u043d\u043e\u043c \u043f\u0440\u0430\u0432\u0435.<\/p>\n<\/div>\n<\/div>\n<\/div>\n<\/div>\n<\/div>\n<p>[\/vc_column_text][vc_column_text css=&#187;.vc_custom_1697456245454{padding-top: 10px !important;}&#187;]<\/p>\n<div class=\"art-content\">\n<div class=\"art-Post\">\n<div class=\"art-Post-body\">\n<div class=\"art-Post-inner art-article\">\n<div class=\"art-PostContent\">\n<p style=\"text-align: left;\">\u041c\u044b \u0442\u0430\u043a\u0436\u0435 \u0440\u0435\u043a\u043e\u043c\u0435\u043d\u0434\u0443\u0435\u043c \u0441\u043b\u0435\u0434\u0443\u044e\u0449\u0438\u0435 \u0441\u0442\u0440\u0430\u043d\u0438\u0446\u044b, \u043f\u043e\u0441\u0432\u044f\u0449\u0435\u043d\u043d\u044b\u0435 \u043e\u0431\u0449\u0435\u043c\u0443 \u0434\u043e\u0433\u043e\u0432\u043e\u0440\u043d\u043e\u043c\u0443 \u043f\u0440\u0430\u0432\u0443.<\/p>\n<\/div>\n<\/div>\n<\/div>\n<\/div>\n<\/div>\n<p>[\/vc_column_text][\/vc_column][\/vc_row]<\/p>\n<\/div>","protected":false},"excerpt":{"rendered":"<p>[vc_row content_width=&#187;grid&#187; content_aligment=&#187;center&#187; triangle_shape=&#187;no&#187; css=&#187;.vc_custom_1696926719838{padding-bottom: 10px !important;background-position: center !important;background-repeat: no-repeat !important;background-size: cover !important;}&#187;][vc_column][\/vc_column][\/vc_row][vc_row triangle_shape=&#187;no&#187;][vc_column][vc_column_text css=&#187;.vc_custom_1697457211670{margin-bottom: 0px !important;padding-top: 20px !important;padding-bottom: 1px !important;}&#187;] \u041f\u043e\u0434 \u043e\u0431\u0449\u0438\u043c \u0434\u043e\u0433\u043e\u0432\u043e\u0440\u043d\u044b\u043c \u043f\u0440\u0430\u0432\u043e\u043c \u043f\u043e\u043d\u0438\u043c\u0430\u0435\u0442\u0441\u044f \u0441\u043e\u0432\u043e\u043a\u0443\u043f\u043d\u043e\u0441\u0442\u044c \u043f\u0440\u0430\u0432\u043e\u0432\u044b\u0445 \u043f\u043e\u043b\u043e\u0436\u0435\u043d\u0438\u0439, \u043a\u0430\u0441\u0430\u044e\u0449\u0438\u0445\u0441\u044f \u0447\u0430\u0441\u0442\u043d\u043e\u043f\u0440\u0430\u0432\u043e\u0432\u044b\u0445 \u0434\u043e\u0433\u043e\u0432\u043e\u0440\u043e\u0432 \u0438 \u0432\u0441\u0435\u0445 \u0432\u0438\u0434\u043e\u0432 \u0434\u043e\u0433\u043e\u0432\u043e\u0440\u043e\u0432, \u0430 \u0442\u0430\u043a\u0436\u0435 \u043f\u0440\u0430\u0432\u043e\u043e\u0442\u043d\u043e\u0448\u0435\u043d\u0438\u0439 \u043c\u0435\u0436\u0434\u0443 \u0434\u043e\u0433\u043e\u0432\u0430\u0440\u0438\u0432\u0430\u044e\u0449\u0438\u043c\u0438\u0441\u044f \u0441\u0442\u043e\u0440\u043e\u043d\u0430\u043c\u0438. [\/vc_column_text][vc_column_text css=&#187;.vc_custom_1697457182292{padding-top: 10px !important;}&#187;] \u041f\u043e\u0434 \u043e\u0431\u0449\u0438\u043c \u0434\u043e\u0433\u043e\u0432\u043e\u0440\u043d\u044b\u043c \u043f\u0440\u0430\u0432\u043e\u043c \u043f\u043e\u043d\u0438\u043c\u0430\u0435\u0442\u0441\u044f \u0441\u043e\u0432\u043e\u043a\u0443\u043f\u043d\u043e\u0441\u0442\u044c \u043f\u0440\u0430\u0432\u043e\u0432\u044b\u0445 \u043f\u043e\u043b\u043e\u0436\u0435\u043d\u0438\u0439, \u043a\u0430\u0441\u0430\u044e\u0449\u0438\u0445\u0441\u044f \u0447\u0430\u0441\u0442\u043d\u043e\u043f\u0440\u0430\u0432\u043e\u0432\u044b\u0445 \u0434\u043e\u0433\u043e\u0432\u043e\u0440\u043e\u0432 \u0438 \u0432\u0441\u0435\u0445 \u0432\u0438\u0434\u043e\u0432 \u0434\u043e\u0433\u043e\u0432\u043e\u0440\u043e\u0432, \u0430 \u0442\u0430\u043a\u0436\u0435 \u043f\u0440\u0430\u0432\u043e\u043e\u0442\u043d\u043e\u0448\u0435\u043d\u0438\u0439 \u043c\u0435\u0436\u0434\u0443 \u0434\u043e\u0433\u043e\u0432\u0430\u0440\u0438\u0432\u0430\u044e\u0449\u0438\u043c\u0438\u0441\u044f \u0441\u0442\u043e\u0440\u043e\u043d\u0430\u043c\u0438. [\/vc_column_text][\/vc_column][\/vc_row][vc_row triangle_shape=&#187;no&#187; css=&#187;.vc_custom_1697793988458{padding-top: 30px !important;}&#187; el_class=&#187;all-least-pages&#187;][vc_column][vc_row_inner css=&#187;.vc_custom_1697455935676{padding-bottom: 10px !important;}&#187;][vc_column_inner width=&#187;1\/2&#8243;][vc_empty_space][\/vc_column_inner][vc_column_inner width=&#187;1\/2&#8243;][vc_single_image image=&#187;1425&#8243; img_size=&#187;full&#187;][\/vc_column_inner][\/vc_row_inner][\/vc_column][\/vc_row][vc_row triangle_shape=&#187;no&#187; css=&#187;.vc_custom_1697455870159{padding-bottom: 50px !important;}&#187;][vc_column][vc_column_text css=&#187;.vc_custom_1697455624967{padding-top: 20px !important;}&#187;] \u041f\u043e\u043c\u0438\u043c\u043e \u044d\u0442\u0438\u0445 \u043a\u043b\u0430\u0441\u0441\u0438\u0447\u0435\u0441\u043a\u0438\u0445 \u0434\u043e\u0433\u043e\u0432\u043e\u0440\u043e\u0432, \u0432 \u043e\u0431\u0449\u0435\u043c \u0434\u043e\u0433\u043e\u0432\u043e\u0440\u043d\u043e\u043c \u043f\u0440\u0430\u0432\u0435 \u0432 \u044e\u0440\u0438\u0434\u0438\u0447\u0435\u0441\u043a\u043e\u0439 \u043f\u0440\u0430\u043a\u0442\u0438\u043a\u0435 \u043f\u043e\u0441\u0442\u043e\u044f\u043d\u043d\u043e \u0432\u0441\u0442\u0440\u0435\u0447\u0430\u044e\u0442\u0441\u044f&#8230;<\/p>\n","protected":false},"author":1,"featured_media":0,"parent":0,"menu_order":0,"comment_status":"closed","ping_status":"closed","template":"","meta":{"footnotes":""},"class_list":["post-8941","page","type-page","status-publish","hentry"],"yoast_head":"<!-- This site is optimized with the Yoast SEO Premium plugin v27.2 (Yoast SEO v27.3) - https:\/\/yoast.com\/product\/yoast-seo-premium-wordpress\/ -->\n<title>Rechtsanwaltskanzlei in Hamburg Berlin Bremen Hannover L\u00fcbeck<\/title>\n<meta name=\"description\" content=\"Rechtsanwaltskanzlei f\u00fcr Arbeitsrecht, Arzthaftung, Mietrecht, Gewerbemietrecht ,Gastronomierecht, Immobilienrecht, Schadensersatz Yachtrecht\" \/>\n<meta name=\"robots\" content=\"index, follow, max-snippet:-1, max-image-preview:large, max-video-preview:-1\" \/>\n<link rel=\"canonical\" href=\"https:\/\/www.kanzlei-steinwachs.de\/ru\/%d0%be%d0%b1%d1%89%d0%b5%d0%b5-%d0%b4%d0%be%d0%b3%d0%be%d0%b2%d0%be%d1%80%d0%bd%d0%be%d0%b5-%d0%bf%d1%80%d0%b0%d0%b2%d0%be\/\" \/>\n<meta property=\"og:locale\" content=\"ru_RU\" \/>\n<meta property=\"og:type\" content=\"article\" \/>\n<meta property=\"og:title\" content=\"Rechtsanwaltskanzlei in Hamburg Berlin Bremen Hannover L\u00fcbeck\" \/>\n<meta property=\"og:description\" content=\"Rechtsanwaltskanzlei f\u00fcr Arbeitsrecht, Arzthaftung, Mietrecht, Gewerbemietrecht ,Gastronomierecht, Immobilienrecht, Schadensersatz Yachtrecht\" \/>\n<meta property=\"og:url\" content=\"https:\/\/www.kanzlei-steinwachs.de\/ru\/%d0%be%d0%b1%d1%89%d0%b5%d0%b5-%d0%b4%d0%be%d0%b3%d0%be%d0%b2%d0%be%d1%80%d0%bd%d0%be%d0%b5-%d0%bf%d1%80%d0%b0%d0%b2%d0%be\/\" \/>\n<meta property=\"og:site_name\" content=\"Rechtsanwaltskanzlei Anwalt Hamburg Berlin Bremen Hannover L\u00fcbeck\" \/>\n<meta property=\"article:publisher\" content=\"https:\/\/www.facebook.com\/STEINWACHSRechtsanwaltskanzlei\/\" \/>\n<meta property=\"article:modified_time\" content=\"2023-10-24T07:16:13+00:00\" \/>\n<meta name=\"twitter:card\" content=\"summary_large_image\" \/>\n<meta name=\"twitter:site\" content=\"@rasteinwachs\" \/>\n<meta name=\"twitter:label1\" content=\"\u041f\u0440\u0438\u043c\u0435\u0440\u043d\u043e\u0435 \u0432\u0440\u0435\u043c\u044f \u0434\u043b\u044f \u0447\u0442\u0435\u043d\u0438\u044f\" \/>\n\t<meta name=\"twitter:data1\" content=\"1 \u043c\u0438\u043d\u0443\u0442\u0430\" \/>\n<script type=\"application\/ld+json\" class=\"yoast-schema-graph\">{\"@context\":\"https:\\\/\\\/schema.org\",\"@graph\":[{\"@type\":\"WebPage\",\"@id\":\"https:\\\/\\\/www.kanzlei-steinwachs.de\\\/ru\\\/%d0%be%d0%b1%d1%89%d0%b5%d0%b5-%d0%b4%d0%be%d0%b3%d0%be%d0%b2%d0%be%d1%80%d0%bd%d0%be%d0%b5-%d0%bf%d1%80%d0%b0%d0%b2%d0%be\\\/\",\"url\":\"https:\\\/\\\/www.kanzlei-steinwachs.de\\\/ru\\\/%d0%be%d0%b1%d1%89%d0%b5%d0%b5-%d0%b4%d0%be%d0%b3%d0%be%d0%b2%d0%be%d1%80%d0%bd%d0%be%d0%b5-%d0%bf%d1%80%d0%b0%d0%b2%d0%be\\\/\",\"name\":\"Rechtsanwaltskanzlei in Hamburg Berlin Bremen Hannover L\u00fcbeck\",\"isPartOf\":{\"@id\":\"https:\\\/\\\/www.kanzlei-steinwachs.de\\\/ru\\\/#website\"},\"datePublished\":\"2023-10-16T11:21:48+00:00\",\"dateModified\":\"2023-10-24T07:16:13+00:00\",\"description\":\"Rechtsanwaltskanzlei f\u00fcr Arbeitsrecht, Arzthaftung, Mietrecht, Gewerbemietrecht ,Gastronomierecht, Immobilienrecht, Schadensersatz Yachtrecht\",\"inLanguage\":\"ru-RU\",\"potentialAction\":[{\"@type\":\"ReadAction\",\"target\":[\"https:\\\/\\\/www.kanzlei-steinwachs.de\\\/ru\\\/%d0%be%d0%b1%d1%89%d0%b5%d0%b5-%d0%b4%d0%be%d0%b3%d0%be%d0%b2%d0%be%d1%80%d0%bd%d0%be%d0%b5-%d0%bf%d1%80%d0%b0%d0%b2%d0%be\\\/\"]}]},{\"@type\":\"WebSite\",\"@id\":\"https:\\\/\\\/www.kanzlei-steinwachs.de\\\/ru\\\/#website\",\"url\":\"https:\\\/\\\/www.kanzlei-steinwachs.de\\\/ru\\\/\",\"name\":\"Rechtsanwaltskanzlei Anwalt Hamburg Berlin Bremen Hannover L\u00fcbeck\",\"description\":\"Wir leisten mehr als Recht bietet\",\"publisher\":{\"@id\":\"https:\\\/\\\/www.kanzlei-steinwachs.de\\\/ru\\\/#organization\"},\"potentialAction\":[{\"@type\":\"SearchAction\",\"target\":{\"@type\":\"EntryPoint\",\"urlTemplate\":\"https:\\\/\\\/www.kanzlei-steinwachs.de\\\/ru\\\/?s={search_term_string}\"},\"query-input\":{\"@type\":\"PropertyValueSpecification\",\"valueRequired\":true,\"valueName\":\"search_term_string\"}}],\"inLanguage\":\"ru-RU\"},{\"@type\":[\"Organization\",\"Place\"],\"@id\":\"https:\\\/\\\/www.kanzlei-steinwachs.de\\\/ru\\\/#organization\",\"name\":\"Rechtsanwaltskanzlei Anwalt Hamburg Berlin Bremen Hannover L\u00fcbeck\",\"url\":\"https:\\\/\\\/www.kanzlei-steinwachs.de\\\/\",\"logo\":{\"@type\":\"ImageObject\",\"inLanguage\":\"ru-RU\",\"@id\":\"https:\\\/\\\/www.kanzlei-steinwachs.de\\\/ru\\\/#\\\/schema\\\/logo\\\/image\\\/\",\"url\":\"https:\\\/\\\/i0.wp.com\\\/www.kanzlei-steinwachs.de\\\/wp-content\\\/uploads\\\/2023\\\/12\\\/logo.webp?fit=174%2C76&quality=80&ssl=1\",\"contentUrl\":\"https:\\\/\\\/i0.wp.com\\\/www.kanzlei-steinwachs.de\\\/wp-content\\\/uploads\\\/2023\\\/12\\\/logo.webp?fit=174%2C76&quality=80&ssl=1\",\"width\":174,\"height\":76,\"caption\":\"Rechtsanwaltskanzlei Anwalt Hamburg Berlin Bremen Hannover L\u00fcbeck\"},\"image\":{\"@id\":\"https:\\\/\\\/www.kanzlei-steinwachs.de\\\/ru\\\/#\\\/schema\\\/logo\\\/image\\\/\"},\"sameAs\":[\"https:\\\/\\\/www.facebook.com\\\/STEINWACHSRechtsanwaltskanzlei\\\/\",\"https:\\\/\\\/x.com\\\/rasteinwachs\",\"https:\\\/\\\/www.instagram.com\\\/steinwachs_rechtsanwaelte\\\/\",\"https:\\\/\\\/www.linkedin.com\\\/in\\\/stephan-steinwachs-7a270197\\\/\",\"https:\\\/\\\/www.youtube.com\\\/channel\\\/UCffmodDlQx81remXm395RWA\"],\"telephone\":[]}]}<\/script>\n<!-- \/ Yoast SEO Premium plugin. -->","yoast_head_json":{"title":"Rechtsanwaltskanzlei in Hamburg Berlin Bremen Hannover L\u00fcbeck","description":"Rechtsanwaltskanzlei f\u00fcr Arbeitsrecht, Arzthaftung, Mietrecht, Gewerbemietrecht ,Gastronomierecht, Immobilienrecht, Schadensersatz Yachtrecht","robots":{"index":"index","follow":"follow","max-snippet":"max-snippet:-1","max-image-preview":"max-image-preview:large","max-video-preview":"max-video-preview:-1"},"canonical":"https:\/\/www.kanzlei-steinwachs.de\/ru\/%d0%be%d0%b1%d1%89%d0%b5%d0%b5-%d0%b4%d0%be%d0%b3%d0%be%d0%b2%d0%be%d1%80%d0%bd%d0%be%d0%b5-%d0%bf%d1%80%d0%b0%d0%b2%d0%be\/","og_locale":"ru_RU","og_type":"article","og_title":"Rechtsanwaltskanzlei in Hamburg Berlin Bremen Hannover L\u00fcbeck","og_description":"Rechtsanwaltskanzlei f\u00fcr Arbeitsrecht, Arzthaftung, Mietrecht, Gewerbemietrecht ,Gastronomierecht, Immobilienrecht, Schadensersatz Yachtrecht","og_url":"https:\/\/www.kanzlei-steinwachs.de\/ru\/%d0%be%d0%b1%d1%89%d0%b5%d0%b5-%d0%b4%d0%be%d0%b3%d0%be%d0%b2%d0%be%d1%80%d0%bd%d0%be%d0%b5-%d0%bf%d1%80%d0%b0%d0%b2%d0%be\/","og_site_name":"Rechtsanwaltskanzlei Anwalt Hamburg Berlin Bremen Hannover L\u00fcbeck","article_publisher":"https:\/\/www.facebook.com\/STEINWACHSRechtsanwaltskanzlei\/","article_modified_time":"2023-10-24T07:16:13+00:00","twitter_card":"summary_large_image","twitter_site":"@rasteinwachs","twitter_misc":{"\u041f\u0440\u0438\u043c\u0435\u0440\u043d\u043e\u0435 \u0432\u0440\u0435\u043c\u044f \u0434\u043b\u044f \u0447\u0442\u0435\u043d\u0438\u044f":"1 \u043c\u0438\u043d\u0443\u0442\u0430"},"schema":{"@context":"https:\/\/schema.org","@graph":[{"@type":"WebPage","@id":"https:\/\/www.kanzlei-steinwachs.de\/ru\/%d0%be%d0%b1%d1%89%d0%b5%d0%b5-%d0%b4%d0%be%d0%b3%d0%be%d0%b2%d0%be%d1%80%d0%bd%d0%be%d0%b5-%d0%bf%d1%80%d0%b0%d0%b2%d0%be\/","url":"https:\/\/www.kanzlei-steinwachs.de\/ru\/%d0%be%d0%b1%d1%89%d0%b5%d0%b5-%d0%b4%d0%be%d0%b3%d0%be%d0%b2%d0%be%d1%80%d0%bd%d0%be%d0%b5-%d0%bf%d1%80%d0%b0%d0%b2%d0%be\/","name":"Rechtsanwaltskanzlei in Hamburg Berlin Bremen Hannover L\u00fcbeck","isPartOf":{"@id":"https:\/\/www.kanzlei-steinwachs.de\/ru\/#website"},"datePublished":"2023-10-16T11:21:48+00:00","dateModified":"2023-10-24T07:16:13+00:00","description":"Rechtsanwaltskanzlei f\u00fcr Arbeitsrecht, Arzthaftung, Mietrecht, Gewerbemietrecht ,Gastronomierecht, Immobilienrecht, Schadensersatz Yachtrecht","inLanguage":"ru-RU","potentialAction":[{"@type":"ReadAction","target":["https:\/\/www.kanzlei-steinwachs.de\/ru\/%d0%be%d0%b1%d1%89%d0%b5%d0%b5-%d0%b4%d0%be%d0%b3%d0%be%d0%b2%d0%be%d1%80%d0%bd%d0%be%d0%b5-%d0%bf%d1%80%d0%b0%d0%b2%d0%be\/"]}]},{"@type":"WebSite","@id":"https:\/\/www.kanzlei-steinwachs.de\/ru\/#website","url":"https:\/\/www.kanzlei-steinwachs.de\/ru\/","name":"Rechtsanwaltskanzlei Anwalt Hamburg Berlin Bremen Hannover L\u00fcbeck","description":"Wir leisten mehr als Recht bietet","publisher":{"@id":"https:\/\/www.kanzlei-steinwachs.de\/ru\/#organization"},"potentialAction":[{"@type":"SearchAction","target":{"@type":"EntryPoint","urlTemplate":"https:\/\/www.kanzlei-steinwachs.de\/ru\/?s={search_term_string}"},"query-input":{"@type":"PropertyValueSpecification","valueRequired":true,"valueName":"search_term_string"}}],"inLanguage":"ru-RU"},{"@type":["Organization","Place"],"@id":"https:\/\/www.kanzlei-steinwachs.de\/ru\/#organization","name":"Rechtsanwaltskanzlei Anwalt Hamburg Berlin Bremen Hannover L\u00fcbeck","url":"https:\/\/www.kanzlei-steinwachs.de\/","logo":{"@type":"ImageObject","inLanguage":"ru-RU","@id":"https:\/\/www.kanzlei-steinwachs.de\/ru\/#\/schema\/logo\/image\/","url":"https:\/\/i0.wp.com\/www.kanzlei-steinwachs.de\/wp-content\/uploads\/2023\/12\/logo.webp?fit=174%2C76&quality=80&ssl=1","contentUrl":"https:\/\/i0.wp.com\/www.kanzlei-steinwachs.de\/wp-content\/uploads\/2023\/12\/logo.webp?fit=174%2C76&quality=80&ssl=1","width":174,"height":76,"caption":"Rechtsanwaltskanzlei Anwalt Hamburg Berlin Bremen Hannover L\u00fcbeck"},"image":{"@id":"https:\/\/www.kanzlei-steinwachs.de\/ru\/#\/schema\/logo\/image\/"},"sameAs":["https:\/\/www.facebook.com\/STEINWACHSRechtsanwaltskanzlei\/","https:\/\/x.com\/rasteinwachs","https:\/\/www.instagram.com\/steinwachs_rechtsanwaelte\/","https:\/\/www.linkedin.com\/in\/stephan-steinwachs-7a270197\/","https:\/\/www.youtube.com\/channel\/UCffmodDlQx81remXm395RWA"],"telephone":[]}]}},"jetpack_sharing_enabled":true,"_links":{"self":[{"href":"https:\/\/www.kanzlei-steinwachs.de\/ru\/wp-json\/wp\/v2\/pages\/8941","targetHints":{"allow":["GET"]}}],"collection":[{"href":"https:\/\/www.kanzlei-steinwachs.de\/ru\/wp-json\/wp\/v2\/pages"}],"about":[{"href":"https:\/\/www.kanzlei-steinwachs.de\/ru\/wp-json\/wp\/v2\/types\/page"}],"author":[{"embeddable":true,"href":"https:\/\/www.kanzlei-steinwachs.de\/ru\/wp-json\/wp\/v2\/users\/1"}],"replies":[{"embeddable":true,"href":"https:\/\/www.kanzlei-steinwachs.de\/ru\/wp-json\/wp\/v2\/comments?post=8941"}],"version-history":[{"count":0,"href":"https:\/\/www.kanzlei-steinwachs.de\/ru\/wp-json\/wp\/v2\/pages\/8941\/revisions"}],"wp:attachment":[{"href":"https:\/\/www.kanzlei-steinwachs.de\/ru\/wp-json\/wp\/v2\/media?parent=8941"}],"curies":[{"name":"wp","href":"https:\/\/api.w.org\/{rel}","templated":true}]}}