{"id":13480,"date":"2023-11-20T13:06:24","date_gmt":"2023-11-20T12:06:24","guid":{"rendered":""},"modified":"2023-11-28T11:37:54","modified_gmt":"2023-11-28T10:37:54","slug":"%d1%80%d0%b0%d0%b1%d0%be%d1%87%d0%b0%d1%8f-%d1%81%d0%bb%d1%83%d0%b6%d0%b5%d0%b1%d0%bd%d0%b0%d1%8f-%d0%ba%d0%b2%d0%b0%d1%80%d1%82%d0%b8%d1%80%d0%b0","status":"publish","type":"page","link":"https:\/\/www.kanzlei-steinwachs.de\/ru\/%d0%bf%d0%be%d1%81%d1%82%d0%b0%d0%bd%d0%be%d0%b2%d0%bb%d0%b5%d0%bd%d0%b8%d1%8f-%d0%bf%d0%be-%d1%82%d1%80%d1%83%d0%b4%d0%be%d0%b2%d0%be%d0%bc%d1%83-%d0%bf%d1%80%d0%b0%d0%b2%d1%83\/%d1%80%d0%b5%d1%88%d0%b5%d0%bd%d0%b8%d1%8f-bag-2008-%d0%b3\/%d1%80%d0%b0%d0%b1%d0%be%d1%87%d0%b0%d1%8f-%d1%81%d0%bb%d1%83%d0%b6%d0%b5%d0%b1%d0%bd%d0%b0%d1%8f-%d0%ba%d0%b2%d0%b0%d1%80%d1%82%d0%b8%d1%80%d0%b0\/","title":{"rendered":"\u0420\u0430\u0431\u043e\u0447\u0430\u044f \u0441\u043b\u0443\u0436\u0435\u0431\u043d\u0430\u044f \u043a\u0432\u0430\u0440\u0442\u0438\u0440\u0430"},"content":{"rendered":"<div class=\"wpb-content-wrapper\"><p>[vc_row triangle_shape=&#187;no&#187; css=&#187;.vc_custom_1700482029026{padding-bottom: 50px !important;}&#187;][vc_column][vc_column_text]Seg\u00fan el art\u00edculo 60a de la BMTG II, para la adjudicaci\u00f3n de apartamentos de empresa (apartamentos de trabajo) y para la evaluaci\u00f3n de la remuneraci\u00f3n de los apartamentos de empresa se aplican las disposiciones empresariales vigentes en la versi\u00f3n actual sobre los apartamentos de empresa. Una disposici\u00f3n en el sentido de la norma de negociaci\u00f3n colectiva es cualquier regulaci\u00f3n general abstracta que el empleador p\u00fablico aplica y a la que se obliga. Seg\u00fan decisi\u00f3n del Noveno Senado del 18 de septiembre de 2007 (9 AZR 822\/06), esto tambi\u00e9n incluye las disposiciones sobre apartamentos de servicio del Reich (DWV) aplicadas por un municipio desde el 30 de enero de 1937. La asignaci\u00f3n de un apartamento de servicio seg\u00fan seg\u00fan la DWV no se establece ning\u00fan contrato de arrendamiento de espacio habitable. Los derechos y obligaciones que surgen de la relaci\u00f3n de piso de empresa se basan generalmente en los contratos de derecho laboral y no en las disposiciones del derecho de arrendamiento. La aplicaci\u00f3n de la DWV a un apartamento de empresa, que en el lenguaje del C\u00f3digo Civil alem\u00e1n se denomina apartamento de empresa y no apartamento de alquiler de empresa, no viola ninguna ley de rango superior. La disposici\u00f3n indispensable del art\u00edculo 576b del C\u00f3digo Civil alem\u00e1n (BGB) establece que la ley de arrendamiento tambi\u00e9n se aplica a las viviendas por motivos laborales. Sin embargo, seg\u00fan la jurisprudencia establecida del Tribunal Federal del Trabajo, esta orden de validez se refiere exclusivamente a las disposiciones relativas a la terminaci\u00f3n de la relaci\u00f3n jur\u00eddica. Las disposiciones del art\u00edculo 18, apartado 3 de la DWV excluyen en general una reducci\u00f3n de la asignaci\u00f3n de alojamiento de la empresa por alteraci\u00f3n del uso contractual del apartamento de la empresa. Mientras la autoridad responsable de cambiar el DWV no establezca ninguna regulaci\u00f3n, el empleador debe tomar una decisi\u00f3n discrecional con respecto a las excepciones a esta regla. Al hacerlo, deber\u00e1 tener en cuenta las disposiciones del derecho civil sobre reducciones por defectos materiales (art\u00edculo 536, apartado 1 del BGB).rus[\/vc_column_text][\/vc_column][\/vc_row]<\/p>\n<\/div>","protected":false},"excerpt":{"rendered":"<p>[vc_row triangle_shape=&#187;no&#187; css=&#187;.vc_custom_1700482029026{padding-bottom: 50px !important;}&#187;][vc_column][vc_column_text]Seg\u00fan el art\u00edculo 60a de la BMTG II, para la adjudicaci\u00f3n de apartamentos de empresa (apartamentos de trabajo) y para la evaluaci\u00f3n de la remuneraci\u00f3n de los apartamentos de empresa se aplican las disposiciones empresariales vigentes en la versi\u00f3n actual sobre los apartamentos de empresa. Una disposici\u00f3n en el sentido de la norma de negociaci\u00f3n colectiva es cualquier regulaci\u00f3n general abstracta que el empleador p\u00fablico aplica y a la que se obliga. Seg\u00fan decisi\u00f3n del Noveno Senado del 18 de septiembre de 2007 (9 AZR 822\/06), esto tambi\u00e9n incluye las disposiciones sobre apartamentos de servicio del&#8230;<\/p>\n","protected":false},"author":1,"featured_media":10710,"parent":13275,"menu_order":0,"comment_status":"closed","ping_status":"closed","template":"","meta":{"footnotes":""},"class_list":["post-13480","page","type-page","status-publish","has-post-thumbnail","hentry"],"yoast_head":"<!-- This site is optimized with the Yoast SEO Premium plugin v27.2 (Yoast SEO v27.4) - https:\/\/yoast.com\/product\/yoast-seo-premium-wordpress\/ -->\n<title>Rechtsanwaltskanzlei in Hamburg Berlin Bremen Hannover L\u00fcbeck<\/title>\n<meta name=\"description\" content=\"Rechtsanwaltskanzlei f\u00fcr Arbeitsrecht, Arzthaftung, Mietrecht, Gewerbemietrecht ,Gastronomierecht, Immobilienrecht, Schadensersatz Yachtrecht\" \/>\n<meta name=\"robots\" content=\"index, follow, max-snippet:-1, max-image-preview:large, max-video-preview:-1\" \/>\n<link rel=\"canonical\" href=\"https:\/\/www.kanzlei-steinwachs.de\/ru\/%d0%bf%d0%be%d1%81%d1%82%d0%b0%d0%bd%d0%be%d0%b2%d0%bb%d0%b5%d0%bd%d0%b8%d1%8f-%d0%bf%d0%be-%d1%82%d1%80%d1%83%d0%b4%d0%be%d0%b2%d0%be%d0%bc%d1%83-%d0%bf%d1%80%d0%b0%d0%b2%d1%83\/%d1%80%d0%b5%d1%88%d0%b5%d0%bd%d0%b8%d1%8f-bag-2008-%d0%b3\/%d1%80%d0%b0%d0%b1%d0%be%d1%87%d0%b0%d1%8f-%d1%81%d0%bb%d1%83%d0%b6%d0%b5%d0%b1%d0%bd%d0%b0%d1%8f-%d0%ba%d0%b2%d0%b0%d1%80%d1%82%d0%b8%d1%80%d0%b0\/\" \/>\n<meta property=\"og:locale\" content=\"ru_RU\" \/>\n<meta property=\"og:type\" content=\"article\" \/>\n<meta property=\"og:title\" content=\"Rechtsanwaltskanzlei in Hamburg Berlin Bremen Hannover L\u00fcbeck\" \/>\n<meta property=\"og:description\" content=\"Rechtsanwaltskanzlei f\u00fcr Arbeitsrecht, Arzthaftung, Mietrecht, Gewerbemietrecht ,Gastronomierecht, Immobilienrecht, Schadensersatz Yachtrecht\" \/>\n<meta property=\"og:url\" content=\"https:\/\/www.kanzlei-steinwachs.de\/ru\/%d0%bf%d0%be%d1%81%d1%82%d0%b0%d0%bd%d0%be%d0%b2%d0%bb%d0%b5%d0%bd%d0%b8%d1%8f-%d0%bf%d0%be-%d1%82%d1%80%d1%83%d0%b4%d0%be%d0%b2%d0%be%d0%bc%d1%83-%d0%bf%d1%80%d0%b0%d0%b2%d1%83\/%d1%80%d0%b5%d1%88%d0%b5%d0%bd%d0%b8%d1%8f-bag-2008-%d0%b3\/%d1%80%d0%b0%d0%b1%d0%be%d1%87%d0%b0%d1%8f-%d1%81%d0%bb%d1%83%d0%b6%d0%b5%d0%b1%d0%bd%d0%b0%d1%8f-%d0%ba%d0%b2%d0%b0%d1%80%d1%82%d0%b8%d1%80%d0%b0\/\" \/>\n<meta property=\"og:site_name\" content=\"Rechtsanwaltskanzlei Anwalt Hamburg Berlin Bremen Hannover L\u00fcbeck\" \/>\n<meta property=\"article:publisher\" content=\"https:\/\/www.facebook.com\/STEINWACHSRechtsanwaltskanzlei\/\" \/>\n<meta property=\"article:modified_time\" content=\"2023-11-28T10:37:54+00:00\" \/>\n<meta name=\"twitter:card\" content=\"summary_large_image\" \/>\n<meta name=\"twitter:site\" content=\"@rasteinwachs\" \/>\n<meta name=\"twitter:label1\" content=\"\u041f\u0440\u0438\u043c\u0435\u0440\u043d\u043e\u0435 \u0432\u0440\u0435\u043c\u044f \u0434\u043b\u044f \u0447\u0442\u0435\u043d\u0438\u044f\" \/>\n\t<meta name=\"twitter:data1\" content=\"2 \u043c\u0438\u043d\u0443\u0442\u044b\" \/>\n<script type=\"application\/ld+json\" class=\"yoast-schema-graph\">{\"@context\":\"https:\\\/\\\/schema.org\",\"@graph\":[{\"@type\":\"WebPage\",\"@id\":\"https:\\\/\\\/www.kanzlei-steinwachs.de\\\/ru\\\/%d0%bf%d0%be%d1%81%d1%82%d0%b0%d0%bd%d0%be%d0%b2%d0%bb%d0%b5%d0%bd%d0%b8%d1%8f-%d0%bf%d0%be-%d1%82%d1%80%d1%83%d0%b4%d0%be%d0%b2%d0%be%d0%bc%d1%83-%d0%bf%d1%80%d0%b0%d0%b2%d1%83\\\/%d1%80%d0%b5%d1%88%d0%b5%d0%bd%d0%b8%d1%8f-bag-2008-%d0%b3\\\/%d1%80%d0%b0%d0%b1%d0%be%d1%87%d0%b0%d1%8f-%d1%81%d0%bb%d1%83%d0%b6%d0%b5%d0%b1%d0%bd%d0%b0%d1%8f-%d0%ba%d0%b2%d0%b0%d1%80%d1%82%d0%b8%d1%80%d0%b0\\\/\",\"url\":\"https:\\\/\\\/www.kanzlei-steinwachs.de\\\/ru\\\/%d0%bf%d0%be%d1%81%d1%82%d0%b0%d0%bd%d0%be%d0%b2%d0%bb%d0%b5%d0%bd%d0%b8%d1%8f-%d0%bf%d0%be-%d1%82%d1%80%d1%83%d0%b4%d0%be%d0%b2%d0%be%d0%bc%d1%83-%d0%bf%d1%80%d0%b0%d0%b2%d1%83\\\/%d1%80%d0%b5%d1%88%d0%b5%d0%bd%d0%b8%d1%8f-bag-2008-%d0%b3\\\/%d1%80%d0%b0%d0%b1%d0%be%d1%87%d0%b0%d1%8f-%d1%81%d0%bb%d1%83%d0%b6%d0%b5%d0%b1%d0%bd%d0%b0%d1%8f-%d0%ba%d0%b2%d0%b0%d1%80%d1%82%d0%b8%d1%80%d0%b0\\\/\",\"name\":\"Rechtsanwaltskanzlei in Hamburg Berlin Bremen Hannover L\u00fcbeck\",\"isPartOf\":{\"@id\":\"https:\\\/\\\/www.kanzlei-steinwachs.de\\\/ru\\\/#website\"},\"primaryImageOfPage\":{\"@id\":\"https:\\\/\\\/www.kanzlei-steinwachs.de\\\/ru\\\/%d0%bf%d0%be%d1%81%d1%82%d0%b0%d0%bd%d0%be%d0%b2%d0%bb%d0%b5%d0%bd%d0%b8%d1%8f-%d0%bf%d0%be-%d1%82%d1%80%d1%83%d0%b4%d0%be%d0%b2%d0%be%d0%bc%d1%83-%d0%bf%d1%80%d0%b0%d0%b2%d1%83\\\/%d1%80%d0%b5%d1%88%d0%b5%d0%bd%d0%b8%d1%8f-bag-2008-%d0%b3\\\/%d1%80%d0%b0%d0%b1%d0%be%d1%87%d0%b0%d1%8f-%d1%81%d0%bb%d1%83%d0%b6%d0%b5%d0%b1%d0%bd%d0%b0%d1%8f-%d0%ba%d0%b2%d0%b0%d1%80%d1%82%d0%b8%d1%80%d0%b0\\\/#primaryimage\"},\"image\":{\"@id\":\"https:\\\/\\\/www.kanzlei-steinwachs.de\\\/ru\\\/%d0%bf%d0%be%d1%81%d1%82%d0%b0%d0%bd%d0%be%d0%b2%d0%bb%d0%b5%d0%bd%d0%b8%d1%8f-%d0%bf%d0%be-%d1%82%d1%80%d1%83%d0%b4%d0%be%d0%b2%d0%be%d0%bc%d1%83-%d0%bf%d1%80%d0%b0%d0%b2%d1%83\\\/%d1%80%d0%b5%d1%88%d0%b5%d0%bd%d0%b8%d1%8f-bag-2008-%d0%b3\\\/%d1%80%d0%b0%d0%b1%d0%be%d1%87%d0%b0%d1%8f-%d1%81%d0%bb%d1%83%d0%b6%d0%b5%d0%b1%d0%bd%d0%b0%d1%8f-%d0%ba%d0%b2%d0%b0%d1%80%d1%82%d0%b8%d1%80%d0%b0\\\/#primaryimage\"},\"thumbnailUrl\":\"https:\\\/\\\/i0.wp.com\\\/www.kanzlei-steinwachs.de\\\/wp-content\\\/uploads\\\/2023\\\/11\\\/Bundesarbeitsgericht_Urteile_2008.webp?fit=200%2C100&quality=20&ssl=1\",\"datePublished\":\"2023-11-20T12:06:24+00:00\",\"dateModified\":\"2023-11-28T10:37:54+00:00\",\"description\":\"Rechtsanwaltskanzlei f\u00fcr Arbeitsrecht, Arzthaftung, Mietrecht, Gewerbemietrecht ,Gastronomierecht, Immobilienrecht, Schadensersatz Yachtrecht\",\"breadcrumb\":{\"@id\":\"https:\\\/\\\/www.kanzlei-steinwachs.de\\\/ru\\\/%d0%bf%d0%be%d1%81%d1%82%d0%b0%d0%bd%d0%be%d0%b2%d0%bb%d0%b5%d0%bd%d0%b8%d1%8f-%d0%bf%d0%be-%d1%82%d1%80%d1%83%d0%b4%d0%be%d0%b2%d0%be%d0%bc%d1%83-%d0%bf%d1%80%d0%b0%d0%b2%d1%83\\\/%d1%80%d0%b5%d1%88%d0%b5%d0%bd%d0%b8%d1%8f-bag-2008-%d0%b3\\\/%d1%80%d0%b0%d0%b1%d0%be%d1%87%d0%b0%d1%8f-%d1%81%d0%bb%d1%83%d0%b6%d0%b5%d0%b1%d0%bd%d0%b0%d1%8f-%d0%ba%d0%b2%d0%b0%d1%80%d1%82%d0%b8%d1%80%d0%b0\\\/#breadcrumb\"},\"inLanguage\":\"ru-RU\",\"potentialAction\":[{\"@type\":\"ReadAction\",\"target\":[\"https:\\\/\\\/www.kanzlei-steinwachs.de\\\/ru\\\/%d0%bf%d0%be%d1%81%d1%82%d0%b0%d0%bd%d0%be%d0%b2%d0%bb%d0%b5%d0%bd%d0%b8%d1%8f-%d0%bf%d0%be-%d1%82%d1%80%d1%83%d0%b4%d0%be%d0%b2%d0%be%d0%bc%d1%83-%d0%bf%d1%80%d0%b0%d0%b2%d1%83\\\/%d1%80%d0%b5%d1%88%d0%b5%d0%bd%d0%b8%d1%8f-bag-2008-%d0%b3\\\/%d1%80%d0%b0%d0%b1%d0%be%d1%87%d0%b0%d1%8f-%d1%81%d0%bb%d1%83%d0%b6%d0%b5%d0%b1%d0%bd%d0%b0%d1%8f-%d0%ba%d0%b2%d0%b0%d1%80%d1%82%d0%b8%d1%80%d0%b0\\\/\"]}]},{\"@type\":\"ImageObject\",\"inLanguage\":\"ru-RU\",\"@id\":\"https:\\\/\\\/www.kanzlei-steinwachs.de\\\/ru\\\/%d0%bf%d0%be%d1%81%d1%82%d0%b0%d0%bd%d0%be%d0%b2%d0%bb%d0%b5%d0%bd%d0%b8%d1%8f-%d0%bf%d0%be-%d1%82%d1%80%d1%83%d0%b4%d0%be%d0%b2%d0%be%d0%bc%d1%83-%d0%bf%d1%80%d0%b0%d0%b2%d1%83\\\/%d1%80%d0%b5%d1%88%d0%b5%d0%bd%d0%b8%d1%8f-bag-2008-%d0%b3\\\/%d1%80%d0%b0%d0%b1%d0%be%d1%87%d0%b0%d1%8f-%d1%81%d0%bb%d1%83%d0%b6%d0%b5%d0%b1%d0%bd%d0%b0%d1%8f-%d0%ba%d0%b2%d0%b0%d1%80%d1%82%d0%b8%d1%80%d0%b0\\\/#primaryimage\",\"url\":\"https:\\\/\\\/i0.wp.com\\\/www.kanzlei-steinwachs.de\\\/wp-content\\\/uploads\\\/2023\\\/11\\\/Bundesarbeitsgericht_Urteile_2008.webp?fit=200%2C100&quality=20&ssl=1\",\"contentUrl\":\"https:\\\/\\\/i0.wp.com\\\/www.kanzlei-steinwachs.de\\\/wp-content\\\/uploads\\\/2023\\\/11\\\/Bundesarbeitsgericht_Urteile_2008.webp?fit=200%2C100&quality=20&ssl=1\",\"width\":200,\"height\":100},{\"@type\":\"BreadcrumbList\",\"@id\":\"https:\\\/\\\/www.kanzlei-steinwachs.de\\\/ru\\\/%d0%bf%d0%be%d1%81%d1%82%d0%b0%d0%bd%d0%be%d0%b2%d0%bb%d0%b5%d0%bd%d0%b8%d1%8f-%d0%bf%d0%be-%d1%82%d1%80%d1%83%d0%b4%d0%be%d0%b2%d0%be%d0%bc%d1%83-%d0%bf%d1%80%d0%b0%d0%b2%d1%83\\\/%d1%80%d0%b5%d1%88%d0%b5%d0%bd%d0%b8%d1%8f-bag-2008-%d0%b3\\\/%d1%80%d0%b0%d0%b1%d0%be%d1%87%d0%b0%d1%8f-%d1%81%d0%bb%d1%83%d0%b6%d0%b5%d0%b1%d0%bd%d0%b0%d1%8f-%d0%ba%d0%b2%d0%b0%d1%80%d1%82%d0%b8%d1%80%d0%b0\\\/#breadcrumb\",\"itemListElement\":[{\"@type\":\"ListItem\",\"position\":1,\"name\":\"\u041f\u043e\u0441\u0442\u0430\u043d\u043e\u0432\u043b\u0435\u043d\u0438\u044f \u043f\u043e \u0442\u0440\u0443\u0434\u043e\u0432\u043e\u043c\u0443 \u043f\u0440\u0430\u0432\u0443\",\"item\":\"https:\\\/\\\/www.kanzlei-steinwachs.de\\\/ru\\\/%d0%bf%d0%be%d1%81%d1%82%d0%b0%d0%bd%d0%be%d0%b2%d0%bb%d0%b5%d0%bd%d0%b8%d1%8f-%d0%bf%d0%be-%d1%82%d1%80%d1%83%d0%b4%d0%be%d0%b2%d0%be%d0%bc%d1%83-%d0%bf%d1%80%d0%b0%d0%b2%d1%83\\\/\"},{\"@type\":\"ListItem\",\"position\":2,\"name\":\"\u0420\u0435\u0448\u0435\u043d\u0438\u044f BAG 2008 \u0433.\",\"item\":\"https:\\\/\\\/www.kanzlei-steinwachs.de\\\/ru\\\/%d0%bf%d0%be%d1%81%d1%82%d0%b0%d0%bd%d0%be%d0%b2%d0%bb%d0%b5%d0%bd%d0%b8%d1%8f-%d0%bf%d0%be-%d1%82%d1%80%d1%83%d0%b4%d0%be%d0%b2%d0%be%d0%bc%d1%83-%d0%bf%d1%80%d0%b0%d0%b2%d1%83\\\/%d1%80%d0%b5%d1%88%d0%b5%d0%bd%d0%b8%d1%8f-bag-2008-%d0%b3\\\/\"},{\"@type\":\"ListItem\",\"position\":3,\"name\":\"\u0420\u0430\u0431\u043e\u0447\u0430\u044f \u0441\u043b\u0443\u0436\u0435\u0431\u043d\u0430\u044f \u043a\u0432\u0430\u0440\u0442\u0438\u0440\u0430\"}]},{\"@type\":\"WebSite\",\"@id\":\"https:\\\/\\\/www.kanzlei-steinwachs.de\\\/ru\\\/#website\",\"url\":\"https:\\\/\\\/www.kanzlei-steinwachs.de\\\/ru\\\/\",\"name\":\"Rechtsanwaltskanzlei Anwalt Hamburg Berlin Bremen Hannover L\u00fcbeck\",\"description\":\"Wir leisten mehr als Recht bietet\",\"publisher\":{\"@id\":\"https:\\\/\\\/www.kanzlei-steinwachs.de\\\/ru\\\/#organization\"},\"potentialAction\":[{\"@type\":\"SearchAction\",\"target\":{\"@type\":\"EntryPoint\",\"urlTemplate\":\"https:\\\/\\\/www.kanzlei-steinwachs.de\\\/ru\\\/?s={search_term_string}\"},\"query-input\":{\"@type\":\"PropertyValueSpecification\",\"valueRequired\":true,\"valueName\":\"search_term_string\"}}],\"inLanguage\":\"ru-RU\"},{\"@type\":[\"Organization\",\"Place\"],\"@id\":\"https:\\\/\\\/www.kanzlei-steinwachs.de\\\/ru\\\/#organization\",\"name\":\"Rechtsanwaltskanzlei Anwalt Hamburg Berlin Bremen Hannover L\u00fcbeck\",\"url\":\"https:\\\/\\\/www.kanzlei-steinwachs.de\\\/\",\"logo\":{\"@type\":\"ImageObject\",\"inLanguage\":\"ru-RU\",\"@id\":\"https:\\\/\\\/www.kanzlei-steinwachs.de\\\/ru\\\/#\\\/schema\\\/logo\\\/image\\\/\",\"url\":\"https:\\\/\\\/i0.wp.com\\\/www.kanzlei-steinwachs.de\\\/wp-content\\\/uploads\\\/2023\\\/12\\\/logo.webp?fit=174%2C76&quality=80&ssl=1\",\"contentUrl\":\"https:\\\/\\\/i0.wp.com\\\/www.kanzlei-steinwachs.de\\\/wp-content\\\/uploads\\\/2023\\\/12\\\/logo.webp?fit=174%2C76&quality=80&ssl=1\",\"width\":174,\"height\":76,\"caption\":\"Rechtsanwaltskanzlei Anwalt Hamburg Berlin Bremen Hannover L\u00fcbeck\"},\"image\":{\"@id\":\"https:\\\/\\\/www.kanzlei-steinwachs.de\\\/ru\\\/#\\\/schema\\\/logo\\\/image\\\/\"},\"sameAs\":[\"https:\\\/\\\/www.facebook.com\\\/STEINWACHSRechtsanwaltskanzlei\\\/\",\"https:\\\/\\\/x.com\\\/rasteinwachs\",\"https:\\\/\\\/www.instagram.com\\\/steinwachs_rechtsanwaelte\\\/\",\"https:\\\/\\\/www.linkedin.com\\\/in\\\/stephan-steinwachs-7a270197\\\/\",\"https:\\\/\\\/www.youtube.com\\\/channel\\\/UCffmodDlQx81remXm395RWA\"],\"telephone\":[]}]}<\/script>\n<!-- \/ Yoast SEO Premium plugin. -->","yoast_head_json":{"title":"Rechtsanwaltskanzlei in Hamburg Berlin Bremen Hannover L\u00fcbeck","description":"Rechtsanwaltskanzlei f\u00fcr Arbeitsrecht, Arzthaftung, Mietrecht, Gewerbemietrecht ,Gastronomierecht, Immobilienrecht, Schadensersatz Yachtrecht","robots":{"index":"index","follow":"follow","max-snippet":"max-snippet:-1","max-image-preview":"max-image-preview:large","max-video-preview":"max-video-preview:-1"},"canonical":"https:\/\/www.kanzlei-steinwachs.de\/ru\/%d0%bf%d0%be%d1%81%d1%82%d0%b0%d0%bd%d0%be%d0%b2%d0%bb%d0%b5%d0%bd%d0%b8%d1%8f-%d0%bf%d0%be-%d1%82%d1%80%d1%83%d0%b4%d0%be%d0%b2%d0%be%d0%bc%d1%83-%d0%bf%d1%80%d0%b0%d0%b2%d1%83\/%d1%80%d0%b5%d1%88%d0%b5%d0%bd%d0%b8%d1%8f-bag-2008-%d0%b3\/%d1%80%d0%b0%d0%b1%d0%be%d1%87%d0%b0%d1%8f-%d1%81%d0%bb%d1%83%d0%b6%d0%b5%d0%b1%d0%bd%d0%b0%d1%8f-%d0%ba%d0%b2%d0%b0%d1%80%d1%82%d0%b8%d1%80%d0%b0\/","og_locale":"ru_RU","og_type":"article","og_title":"Rechtsanwaltskanzlei in Hamburg Berlin Bremen Hannover L\u00fcbeck","og_description":"Rechtsanwaltskanzlei f\u00fcr Arbeitsrecht, Arzthaftung, Mietrecht, Gewerbemietrecht ,Gastronomierecht, Immobilienrecht, Schadensersatz Yachtrecht","og_url":"https:\/\/www.kanzlei-steinwachs.de\/ru\/%d0%bf%d0%be%d1%81%d1%82%d0%b0%d0%bd%d0%be%d0%b2%d0%bb%d0%b5%d0%bd%d0%b8%d1%8f-%d0%bf%d0%be-%d1%82%d1%80%d1%83%d0%b4%d0%be%d0%b2%d0%be%d0%bc%d1%83-%d0%bf%d1%80%d0%b0%d0%b2%d1%83\/%d1%80%d0%b5%d1%88%d0%b5%d0%bd%d0%b8%d1%8f-bag-2008-%d0%b3\/%d1%80%d0%b0%d0%b1%d0%be%d1%87%d0%b0%d1%8f-%d1%81%d0%bb%d1%83%d0%b6%d0%b5%d0%b1%d0%bd%d0%b0%d1%8f-%d0%ba%d0%b2%d0%b0%d1%80%d1%82%d0%b8%d1%80%d0%b0\/","og_site_name":"Rechtsanwaltskanzlei Anwalt Hamburg Berlin Bremen Hannover L\u00fcbeck","article_publisher":"https:\/\/www.facebook.com\/STEINWACHSRechtsanwaltskanzlei\/","article_modified_time":"2023-11-28T10:37:54+00:00","twitter_card":"summary_large_image","twitter_site":"@rasteinwachs","twitter_misc":{"\u041f\u0440\u0438\u043c\u0435\u0440\u043d\u043e\u0435 \u0432\u0440\u0435\u043c\u044f \u0434\u043b\u044f \u0447\u0442\u0435\u043d\u0438\u044f":"2 \u043c\u0438\u043d\u0443\u0442\u044b"},"schema":{"@context":"https:\/\/schema.org","@graph":[{"@type":"WebPage","@id":"https:\/\/www.kanzlei-steinwachs.de\/ru\/%d0%bf%d0%be%d1%81%d1%82%d0%b0%d0%bd%d0%be%d0%b2%d0%bb%d0%b5%d0%bd%d0%b8%d1%8f-%d0%bf%d0%be-%d1%82%d1%80%d1%83%d0%b4%d0%be%d0%b2%d0%be%d0%bc%d1%83-%d0%bf%d1%80%d0%b0%d0%b2%d1%83\/%d1%80%d0%b5%d1%88%d0%b5%d0%bd%d0%b8%d1%8f-bag-2008-%d0%b3\/%d1%80%d0%b0%d0%b1%d0%be%d1%87%d0%b0%d1%8f-%d1%81%d0%bb%d1%83%d0%b6%d0%b5%d0%b1%d0%bd%d0%b0%d1%8f-%d0%ba%d0%b2%d0%b0%d1%80%d1%82%d0%b8%d1%80%d0%b0\/","url":"https:\/\/www.kanzlei-steinwachs.de\/ru\/%d0%bf%d0%be%d1%81%d1%82%d0%b0%d0%bd%d0%be%d0%b2%d0%bb%d0%b5%d0%bd%d0%b8%d1%8f-%d0%bf%d0%be-%d1%82%d1%80%d1%83%d0%b4%d0%be%d0%b2%d0%be%d0%bc%d1%83-%d0%bf%d1%80%d0%b0%d0%b2%d1%83\/%d1%80%d0%b5%d1%88%d0%b5%d0%bd%d0%b8%d1%8f-bag-2008-%d0%b3\/%d1%80%d0%b0%d0%b1%d0%be%d1%87%d0%b0%d1%8f-%d1%81%d0%bb%d1%83%d0%b6%d0%b5%d0%b1%d0%bd%d0%b0%d1%8f-%d0%ba%d0%b2%d0%b0%d1%80%d1%82%d0%b8%d1%80%d0%b0\/","name":"Rechtsanwaltskanzlei in Hamburg Berlin Bremen Hannover L\u00fcbeck","isPartOf":{"@id":"https:\/\/www.kanzlei-steinwachs.de\/ru\/#website"},"primaryImageOfPage":{"@id":"https:\/\/www.kanzlei-steinwachs.de\/ru\/%d0%bf%d0%be%d1%81%d1%82%d0%b0%d0%bd%d0%be%d0%b2%d0%bb%d0%b5%d0%bd%d0%b8%d1%8f-%d0%bf%d0%be-%d1%82%d1%80%d1%83%d0%b4%d0%be%d0%b2%d0%be%d0%bc%d1%83-%d0%bf%d1%80%d0%b0%d0%b2%d1%83\/%d1%80%d0%b5%d1%88%d0%b5%d0%bd%d0%b8%d1%8f-bag-2008-%d0%b3\/%d1%80%d0%b0%d0%b1%d0%be%d1%87%d0%b0%d1%8f-%d1%81%d0%bb%d1%83%d0%b6%d0%b5%d0%b1%d0%bd%d0%b0%d1%8f-%d0%ba%d0%b2%d0%b0%d1%80%d1%82%d0%b8%d1%80%d0%b0\/#primaryimage"},"image":{"@id":"https:\/\/www.kanzlei-steinwachs.de\/ru\/%d0%bf%d0%be%d1%81%d1%82%d0%b0%d0%bd%d0%be%d0%b2%d0%bb%d0%b5%d0%bd%d0%b8%d1%8f-%d0%bf%d0%be-%d1%82%d1%80%d1%83%d0%b4%d0%be%d0%b2%d0%be%d0%bc%d1%83-%d0%bf%d1%80%d0%b0%d0%b2%d1%83\/%d1%80%d0%b5%d1%88%d0%b5%d0%bd%d0%b8%d1%8f-bag-2008-%d0%b3\/%d1%80%d0%b0%d0%b1%d0%be%d1%87%d0%b0%d1%8f-%d1%81%d0%bb%d1%83%d0%b6%d0%b5%d0%b1%d0%bd%d0%b0%d1%8f-%d0%ba%d0%b2%d0%b0%d1%80%d1%82%d0%b8%d1%80%d0%b0\/#primaryimage"},"thumbnailUrl":"https:\/\/i0.wp.com\/www.kanzlei-steinwachs.de\/wp-content\/uploads\/2023\/11\/Bundesarbeitsgericht_Urteile_2008.webp?fit=200%2C100&quality=20&ssl=1","datePublished":"2023-11-20T12:06:24+00:00","dateModified":"2023-11-28T10:37:54+00:00","description":"Rechtsanwaltskanzlei f\u00fcr Arbeitsrecht, Arzthaftung, Mietrecht, Gewerbemietrecht ,Gastronomierecht, Immobilienrecht, Schadensersatz Yachtrecht","breadcrumb":{"@id":"https:\/\/www.kanzlei-steinwachs.de\/ru\/%d0%bf%d0%be%d1%81%d1%82%d0%b0%d0%bd%d0%be%d0%b2%d0%bb%d0%b5%d0%bd%d0%b8%d1%8f-%d0%bf%d0%be-%d1%82%d1%80%d1%83%d0%b4%d0%be%d0%b2%d0%be%d0%bc%d1%83-%d0%bf%d1%80%d0%b0%d0%b2%d1%83\/%d1%80%d0%b5%d1%88%d0%b5%d0%bd%d0%b8%d1%8f-bag-2008-%d0%b3\/%d1%80%d0%b0%d0%b1%d0%be%d1%87%d0%b0%d1%8f-%d1%81%d0%bb%d1%83%d0%b6%d0%b5%d0%b1%d0%bd%d0%b0%d1%8f-%d0%ba%d0%b2%d0%b0%d1%80%d1%82%d0%b8%d1%80%d0%b0\/#breadcrumb"},"inLanguage":"ru-RU","potentialAction":[{"@type":"ReadAction","target":["https:\/\/www.kanzlei-steinwachs.de\/ru\/%d0%bf%d0%be%d1%81%d1%82%d0%b0%d0%bd%d0%be%d0%b2%d0%bb%d0%b5%d0%bd%d0%b8%d1%8f-%d0%bf%d0%be-%d1%82%d1%80%d1%83%d0%b4%d0%be%d0%b2%d0%be%d0%bc%d1%83-%d0%bf%d1%80%d0%b0%d0%b2%d1%83\/%d1%80%d0%b5%d1%88%d0%b5%d0%bd%d0%b8%d1%8f-bag-2008-%d0%b3\/%d1%80%d0%b0%d0%b1%d0%be%d1%87%d0%b0%d1%8f-%d1%81%d0%bb%d1%83%d0%b6%d0%b5%d0%b1%d0%bd%d0%b0%d1%8f-%d0%ba%d0%b2%d0%b0%d1%80%d1%82%d0%b8%d1%80%d0%b0\/"]}]},{"@type":"ImageObject","inLanguage":"ru-RU","@id":"https:\/\/www.kanzlei-steinwachs.de\/ru\/%d0%bf%d0%be%d1%81%d1%82%d0%b0%d0%bd%d0%be%d0%b2%d0%bb%d0%b5%d0%bd%d0%b8%d1%8f-%d0%bf%d0%be-%d1%82%d1%80%d1%83%d0%b4%d0%be%d0%b2%d0%be%d0%bc%d1%83-%d0%bf%d1%80%d0%b0%d0%b2%d1%83\/%d1%80%d0%b5%d1%88%d0%b5%d0%bd%d0%b8%d1%8f-bag-2008-%d0%b3\/%d1%80%d0%b0%d0%b1%d0%be%d1%87%d0%b0%d1%8f-%d1%81%d0%bb%d1%83%d0%b6%d0%b5%d0%b1%d0%bd%d0%b0%d1%8f-%d0%ba%d0%b2%d0%b0%d1%80%d1%82%d0%b8%d1%80%d0%b0\/#primaryimage","url":"https:\/\/i0.wp.com\/www.kanzlei-steinwachs.de\/wp-content\/uploads\/2023\/11\/Bundesarbeitsgericht_Urteile_2008.webp?fit=200%2C100&quality=20&ssl=1","contentUrl":"https:\/\/i0.wp.com\/www.kanzlei-steinwachs.de\/wp-content\/uploads\/2023\/11\/Bundesarbeitsgericht_Urteile_2008.webp?fit=200%2C100&quality=20&ssl=1","width":200,"height":100},{"@type":"BreadcrumbList","@id":"https:\/\/www.kanzlei-steinwachs.de\/ru\/%d0%bf%d0%be%d1%81%d1%82%d0%b0%d0%bd%d0%be%d0%b2%d0%bb%d0%b5%d0%bd%d0%b8%d1%8f-%d0%bf%d0%be-%d1%82%d1%80%d1%83%d0%b4%d0%be%d0%b2%d0%be%d0%bc%d1%83-%d0%bf%d1%80%d0%b0%d0%b2%d1%83\/%d1%80%d0%b5%d1%88%d0%b5%d0%bd%d0%b8%d1%8f-bag-2008-%d0%b3\/%d1%80%d0%b0%d0%b1%d0%be%d1%87%d0%b0%d1%8f-%d1%81%d0%bb%d1%83%d0%b6%d0%b5%d0%b1%d0%bd%d0%b0%d1%8f-%d0%ba%d0%b2%d0%b0%d1%80%d1%82%d0%b8%d1%80%d0%b0\/#breadcrumb","itemListElement":[{"@type":"ListItem","position":1,"name":"\u041f\u043e\u0441\u0442\u0430\u043d\u043e\u0432\u043b\u0435\u043d\u0438\u044f \u043f\u043e \u0442\u0440\u0443\u0434\u043e\u0432\u043e\u043c\u0443 \u043f\u0440\u0430\u0432\u0443","item":"https:\/\/www.kanzlei-steinwachs.de\/ru\/%d0%bf%d0%be%d1%81%d1%82%d0%b0%d0%bd%d0%be%d0%b2%d0%bb%d0%b5%d0%bd%d0%b8%d1%8f-%d0%bf%d0%be-%d1%82%d1%80%d1%83%d0%b4%d0%be%d0%b2%d0%be%d0%bc%d1%83-%d0%bf%d1%80%d0%b0%d0%b2%d1%83\/"},{"@type":"ListItem","position":2,"name":"\u0420\u0435\u0448\u0435\u043d\u0438\u044f BAG 2008 \u0433.","item":"https:\/\/www.kanzlei-steinwachs.de\/ru\/%d0%bf%d0%be%d1%81%d1%82%d0%b0%d0%bd%d0%be%d0%b2%d0%bb%d0%b5%d0%bd%d0%b8%d1%8f-%d0%bf%d0%be-%d1%82%d1%80%d1%83%d0%b4%d0%be%d0%b2%d0%be%d0%bc%d1%83-%d0%bf%d1%80%d0%b0%d0%b2%d1%83\/%d1%80%d0%b5%d1%88%d0%b5%d0%bd%d0%b8%d1%8f-bag-2008-%d0%b3\/"},{"@type":"ListItem","position":3,"name":"\u0420\u0430\u0431\u043e\u0447\u0430\u044f \u0441\u043b\u0443\u0436\u0435\u0431\u043d\u0430\u044f \u043a\u0432\u0430\u0440\u0442\u0438\u0440\u0430"}]},{"@type":"WebSite","@id":"https:\/\/www.kanzlei-steinwachs.de\/ru\/#website","url":"https:\/\/www.kanzlei-steinwachs.de\/ru\/","name":"Rechtsanwaltskanzlei Anwalt Hamburg Berlin Bremen Hannover L\u00fcbeck","description":"Wir leisten mehr als Recht bietet","publisher":{"@id":"https:\/\/www.kanzlei-steinwachs.de\/ru\/#organization"},"potentialAction":[{"@type":"SearchAction","target":{"@type":"EntryPoint","urlTemplate":"https:\/\/www.kanzlei-steinwachs.de\/ru\/?s={search_term_string}"},"query-input":{"@type":"PropertyValueSpecification","valueRequired":true,"valueName":"search_term_string"}}],"inLanguage":"ru-RU"},{"@type":["Organization","Place"],"@id":"https:\/\/www.kanzlei-steinwachs.de\/ru\/#organization","name":"Rechtsanwaltskanzlei Anwalt Hamburg Berlin Bremen Hannover L\u00fcbeck","url":"https:\/\/www.kanzlei-steinwachs.de\/","logo":{"@type":"ImageObject","inLanguage":"ru-RU","@id":"https:\/\/www.kanzlei-steinwachs.de\/ru\/#\/schema\/logo\/image\/","url":"https:\/\/i0.wp.com\/www.kanzlei-steinwachs.de\/wp-content\/uploads\/2023\/12\/logo.webp?fit=174%2C76&quality=80&ssl=1","contentUrl":"https:\/\/i0.wp.com\/www.kanzlei-steinwachs.de\/wp-content\/uploads\/2023\/12\/logo.webp?fit=174%2C76&quality=80&ssl=1","width":174,"height":76,"caption":"Rechtsanwaltskanzlei Anwalt Hamburg Berlin Bremen Hannover L\u00fcbeck"},"image":{"@id":"https:\/\/www.kanzlei-steinwachs.de\/ru\/#\/schema\/logo\/image\/"},"sameAs":["https:\/\/www.facebook.com\/STEINWACHSRechtsanwaltskanzlei\/","https:\/\/x.com\/rasteinwachs","https:\/\/www.instagram.com\/steinwachs_rechtsanwaelte\/","https:\/\/www.linkedin.com\/in\/stephan-steinwachs-7a270197\/","https:\/\/www.youtube.com\/channel\/UCffmodDlQx81remXm395RWA"],"telephone":[]}]}},"jetpack_sharing_enabled":true,"_links":{"self":[{"href":"https:\/\/www.kanzlei-steinwachs.de\/ru\/wp-json\/wp\/v2\/pages\/13480","targetHints":{"allow":["GET"]}}],"collection":[{"href":"https:\/\/www.kanzlei-steinwachs.de\/ru\/wp-json\/wp\/v2\/pages"}],"about":[{"href":"https:\/\/www.kanzlei-steinwachs.de\/ru\/wp-json\/wp\/v2\/types\/page"}],"author":[{"embeddable":true,"href":"https:\/\/www.kanzlei-steinwachs.de\/ru\/wp-json\/wp\/v2\/users\/1"}],"replies":[{"embeddable":true,"href":"https:\/\/www.kanzlei-steinwachs.de\/ru\/wp-json\/wp\/v2\/comments?post=13480"}],"version-history":[{"count":0,"href":"https:\/\/www.kanzlei-steinwachs.de\/ru\/wp-json\/wp\/v2\/pages\/13480\/revisions"}],"up":[{"embeddable":true,"href":"https:\/\/www.kanzlei-steinwachs.de\/ru\/wp-json\/wp\/v2\/pages\/13275"}],"wp:featuredmedia":[{"embeddable":true,"href":"https:\/\/www.kanzlei-steinwachs.de\/ru\/wp-json\/wp\/v2\/media\/10710"}],"wp:attachment":[{"href":"https:\/\/www.kanzlei-steinwachs.de\/ru\/wp-json\/wp\/v2\/media?parent=13480"}],"curies":[{"name":"wp","href":"https:\/\/api.w.org\/{rel}","templated":true}]}}