{"id":8887,"date":"2023-09-22T13:21:35","date_gmt":"2023-09-22T11:21:35","guid":{"rendered":"https:\/\/www.kanzlei-steinwachs.de\/prawo-aukcyjne\/"},"modified":"2023-10-24T07:56:20","modified_gmt":"2023-10-24T05:56:20","slug":"prawo-aukcyjne","status":"publish","type":"page","link":"https:\/\/www.kanzlei-steinwachs.de\/pl\/prawo-aukcyjne\/","title":{"rendered":"Prawo aukcyjne"},"content":{"rendered":"<div class=\"wpb-content-wrapper\"><p>[vc_row triangle_shape=&#8221;no&#8221;][vc_column][vc_column_text css=&#8221;.vc_custom_1695382460431{padding-bottom: 20px !important;}&#8221;]Coraz wi\u0119cej nieruchomo\u015bci zostaje przej\u0119tych. Najcz\u0119stszymi przyczynami zmiany w\u0142a\u015bciciela s\u0105 rozw\u00f3d, bezrobocie i nadmierne zad\u0142u\u017cenie. Celem przymusowej procedury aukcyjnej jest zaspokojenie wierzyciela z wp\u0142yw\u00f3w z nieruchomo\u015bci w drodze przymusowej egzekucji. Procedur\u0119 i inne szczeg\u00f3\u0142y reguluje ustawa o aukcjach przymusowych i administracji przymusowej (ZVG). Licytacj\u0119 przymusow\u0105 przeprowadza co do zasady s\u0105d rejonowy, w kt\u00f3rego okr\u0119gu znajduje si\u0119 nieruchomo\u015b\u0107 przeznaczona na licytacj\u0119.[\/vc_column_text][vc_column_text css=&#8221;.vc_custom_1695382777591{padding-bottom: 20px !important;}&#8221;]Opr\u00f3cz grunt\u00f3w, prawa maj\u0105tkowe i statki zarejestrowane w rejestrze statk\u00f3w mog\u0105 zosta\u0107 przymusowo sprzedane na aukcji w celu wykorzystania uzyskanych \u015brodk\u00f3w na sp\u0142at\u0119 d\u0142ug\u00f3w w\u0142a\u015bcicieli. Przymusowe post\u0119powanie aukcyjne wszczyna si\u0119 wy\u0142\u0105cznie na wniosek wierzyciela. W tym celu wierzyciel musi zg\u0142osi\u0107 tytu\u0142 z klauzul\u0105 \u200b\u200bwykonalno\u015bci do lokalnego s\u0105du. S\u0105d zarz\u0105dza przymusow\u0105 licytacj\u0119 nieruchomo\u015bci w drodze postanowienia. Decyzj\u0119 t\u0119 s\u0105d egzekucyjny przekazuje do urz\u0119du stanu cywilnego z wnioskiem o dokonanie og\u0142oszenia o przymusowej licytacji tej nieruchomo\u015bci. Wraz z dokonaniem tego wpisu zostaje odebrana w\u0142a\u015bcicielowi kontrola nad nieruchomo\u015bci\u0105, czyli nie mo\u017ce on ju\u017c jej sprzeda\u0107 prywatnie. Zamieszczenie og\u0142oszenia o aukcji przymusowej skutkuje zatem zakazem sprzeda\u017cy na rzecz wierzyciela, kt\u00f3ry z\u0142o\u017cy\u0142 wniosek o to post\u0119powanie.[\/vc_column_text][vc_column_text css=&#8221;.vc_custom_1695382785342{padding-bottom: 20px !important;}&#8221;]Zalet\u0105 zakupu nieruchomo\u015bci w drodze aukcji przymusowej jest, opr\u00f3cz mo\u017cliwo\u015bci nabycia nieruchomo\u015bci za znacznie ni\u017csz\u0105 od jej warto\u015bci, m.in. eliminacja op\u0142at maklerskich i notarialnych.[\/vc_column_text][vc_column_text css=&#8221;.vc_custom_1695382736197{padding-bottom: 20px !important;}&#8221;]Poniewa\u017c prawo aukcyjne przymusowe jest bardzo z\u0142o\u017cone i wymaga spe\u0142nienia wielu wymog\u00f3w i warunk\u00f3w, ka\u017cdy, kto chce przyst\u0105pi\u0107 do post\u0119powania aukcyjnego przymusowego lub w nim uczestniczy\u0107, powinien pilnie zasi\u0119gn\u0105\u0107 porady prawnika, aby ju\u017c na wst\u0119pie wykluczy\u0107 jakiekolwiek problemy lub b\u0142\u0119dy proceduralne.[\/vc_column_text][vc_column_text css=&#8221;.vc_custom_1695382723759{padding-bottom: 20px !important;}&#8221;]Skorzystaj z do\u015bwiadczenia Kancelarii Prawnej STEINWACHS w zapewnieniu wsparcia prawnego przy niezliczonych przej\u0119ciach zar\u00f3wno dla os\u00f3b poszkodowanych, jak i nabywc\u00f3w.[\/vc_column_text][vc_column_text css=&#8221;.vc_custom_1695382627679{padding-bottom: 20px !important;}&#8221;]Odpowiedzialny za tre\u015b\u0107 strony Adwokat Prawo aukcyjne Hamburg Berlin Brema: Adwokat Stephan Steinwachs (adwokat Hamburg Berlin Brema)<br \/>\n[\/vc_column_text][\/vc_column][\/vc_row]<\/p>\n<\/div>","protected":false},"excerpt":{"rendered":"<p>[vc_row triangle_shape=&#8221;no&#8221;][vc_column][vc_column_text css=&#8221;.vc_custom_1695382460431{padding-bottom: 20px !important;}&#8221;]Coraz wi\u0119cej nieruchomo\u015bci zostaje przej\u0119tych. Najcz\u0119stszymi przyczynami zmiany w\u0142a\u015bciciela s\u0105 rozw\u00f3d, bezrobocie i nadmierne zad\u0142u\u017cenie. Celem przymusowej procedury aukcyjnej jest zaspokojenie wierzyciela z wp\u0142yw\u00f3w z nieruchomo\u015bci w drodze przymusowej egzekucji. Procedur\u0119 i inne szczeg\u00f3\u0142y reguluje ustawa o aukcjach przymusowych i administracji przymusowej (ZVG). Licytacj\u0119 przymusow\u0105 przeprowadza co do zasady s\u0105d rejonowy, w kt\u00f3rego okr\u0119gu znajduje si\u0119 nieruchomo\u015b\u0107 przeznaczona na licytacj\u0119.[\/vc_column_text][vc_column_text css=&#8221;.vc_custom_1695382777591{padding-bottom: 20px !important;}&#8221;]Opr\u00f3cz grunt\u00f3w, prawa maj\u0105tkowe i statki zarejestrowane w rejestrze statk\u00f3w mog\u0105 zosta\u0107 przymusowo sprzedane na aukcji w celu wykorzystania uzyskanych \u015brodk\u00f3w na sp\u0142at\u0119 d\u0142ug\u00f3w w\u0142a\u015bcicieli. Przymusowe post\u0119powanie aukcyjne wszczyna si\u0119 wy\u0142\u0105cznie na wniosek wierzyciela&#8230;.<\/p>\n","protected":false},"author":1,"featured_media":8594,"parent":0,"menu_order":0,"comment_status":"closed","ping_status":"closed","template":"","meta":{"footnotes":""},"class_list":["post-8887","page","type-page","status-publish","has-post-thumbnail","hentry"],"yoast_head":"<!-- This site is optimized with the Yoast SEO Premium plugin v27.2 (Yoast SEO v27.6) - https:\/\/yoast.com\/product\/yoast-seo-premium-wordpress\/ -->\n<title>Rechtsanwaltskanzlei in Hamburg Berlin Bremen Hannover L\u00fcbeck<\/title>\n<meta name=\"description\" content=\"Rechtsanwaltskanzlei f\u00fcr Arbeitsrecht, Arzthaftung, Mietrecht, Gewerbemietrecht ,Gastronomierecht, Immobilienrecht, Schadensersatz Yachtrecht\" \/>\n<meta name=\"robots\" content=\"index, follow, max-snippet:-1, max-image-preview:large, max-video-preview:-1\" \/>\n<link rel=\"canonical\" href=\"https:\/\/www.kanzlei-steinwachs.de\/pl\/prawo-aukcyjne\/\" \/>\n<meta property=\"og:locale\" content=\"pl_PL\" \/>\n<meta property=\"og:type\" content=\"article\" \/>\n<meta property=\"og:title\" content=\"Rechtsanwaltskanzlei in Hamburg Berlin Bremen Hannover L\u00fcbeck\" \/>\n<meta property=\"og:description\" content=\"Rechtsanwaltskanzlei f\u00fcr Arbeitsrecht, Arzthaftung, Mietrecht, Gewerbemietrecht ,Gastronomierecht, Immobilienrecht, Schadensersatz Yachtrecht\" \/>\n<meta property=\"og:url\" content=\"https:\/\/www.kanzlei-steinwachs.de\/pl\/prawo-aukcyjne\/\" \/>\n<meta property=\"og:site_name\" content=\"Rechtsanwaltskanzlei Anwalt Hamburg Berlin Bremen Hannover L\u00fcbeck\" \/>\n<meta property=\"article:publisher\" content=\"https:\/\/www.facebook.com\/STEINWACHSRechtsanwaltskanzlei\/\" \/>\n<meta property=\"article:modified_time\" content=\"2023-10-24T05:56:20+00:00\" \/>\n<meta name=\"twitter:card\" content=\"summary_large_image\" \/>\n<meta name=\"twitter:site\" content=\"@rasteinwachs\" \/>\n<meta name=\"twitter:label1\" content=\"Szacowany czas czytania\" \/>\n\t<meta name=\"twitter:data1\" content=\"2 minuty\" \/>\n<script type=\"application\/ld+json\" class=\"yoast-schema-graph\">{\"@context\":\"https:\\\/\\\/schema.org\",\"@graph\":[{\"@type\":\"WebPage\",\"@id\":\"https:\\\/\\\/www.kanzlei-steinwachs.de\\\/pl\\\/prawo-aukcyjne\\\/\",\"url\":\"https:\\\/\\\/www.kanzlei-steinwachs.de\\\/pl\\\/prawo-aukcyjne\\\/\",\"name\":\"Rechtsanwaltskanzlei in Hamburg Berlin Bremen Hannover L\u00fcbeck\",\"isPartOf\":{\"@id\":\"https:\\\/\\\/www.kanzlei-steinwachs.de\\\/pl\\\/#website\"},\"primaryImageOfPage\":{\"@id\":\"https:\\\/\\\/www.kanzlei-steinwachs.de\\\/pl\\\/prawo-aukcyjne\\\/#primaryimage\"},\"image\":{\"@id\":\"https:\\\/\\\/www.kanzlei-steinwachs.de\\\/pl\\\/prawo-aukcyjne\\\/#primaryimage\"},\"thumbnailUrl\":\"https:\\\/\\\/i0.wp.com\\\/www.kanzlei-steinwachs.de\\\/wp-content\\\/uploads\\\/2023\\\/10\\\/Ordinary-jurisdiction.jpeg?fit=1200%2C800&quality=20&ssl=1\",\"datePublished\":\"2023-09-22T11:21:35+00:00\",\"dateModified\":\"2023-10-24T05:56:20+00:00\",\"description\":\"Rechtsanwaltskanzlei f\u00fcr Arbeitsrecht, Arzthaftung, Mietrecht, Gewerbemietrecht ,Gastronomierecht, Immobilienrecht, Schadensersatz Yachtrecht\",\"inLanguage\":\"pl-PL\",\"potentialAction\":[{\"@type\":\"ReadAction\",\"target\":[\"https:\\\/\\\/www.kanzlei-steinwachs.de\\\/pl\\\/prawo-aukcyjne\\\/\"]}]},{\"@type\":\"ImageObject\",\"inLanguage\":\"pl-PL\",\"@id\":\"https:\\\/\\\/www.kanzlei-steinwachs.de\\\/pl\\\/prawo-aukcyjne\\\/#primaryimage\",\"url\":\"https:\\\/\\\/i0.wp.com\\\/www.kanzlei-steinwachs.de\\\/wp-content\\\/uploads\\\/2023\\\/10\\\/Ordinary-jurisdiction.jpeg?fit=1200%2C800&quality=20&ssl=1\",\"contentUrl\":\"https:\\\/\\\/i0.wp.com\\\/www.kanzlei-steinwachs.de\\\/wp-content\\\/uploads\\\/2023\\\/10\\\/Ordinary-jurisdiction.jpeg?fit=1200%2C800&quality=20&ssl=1\",\"width\":1200,\"height\":800},{\"@type\":\"WebSite\",\"@id\":\"https:\\\/\\\/www.kanzlei-steinwachs.de\\\/pl\\\/#website\",\"url\":\"https:\\\/\\\/www.kanzlei-steinwachs.de\\\/pl\\\/\",\"name\":\"Rechtsanwaltskanzlei Anwalt Hamburg Berlin Bremen Hannover L\u00fcbeck\",\"description\":\"Wir leisten mehr als Recht bietet\",\"publisher\":{\"@id\":\"https:\\\/\\\/www.kanzlei-steinwachs.de\\\/pl\\\/#organization\"},\"potentialAction\":[{\"@type\":\"SearchAction\",\"target\":{\"@type\":\"EntryPoint\",\"urlTemplate\":\"https:\\\/\\\/www.kanzlei-steinwachs.de\\\/pl\\\/?s={search_term_string}\"},\"query-input\":{\"@type\":\"PropertyValueSpecification\",\"valueRequired\":true,\"valueName\":\"search_term_string\"}}],\"inLanguage\":\"pl-PL\"},{\"@type\":[\"Organization\",\"Place\"],\"@id\":\"https:\\\/\\\/www.kanzlei-steinwachs.de\\\/pl\\\/#organization\",\"name\":\"Rechtsanwaltskanzlei Anwalt Hamburg Berlin Bremen Hannover L\u00fcbeck\",\"url\":\"https:\\\/\\\/www.kanzlei-steinwachs.de\\\/\",\"logo\":{\"@type\":\"ImageObject\",\"inLanguage\":\"pl-PL\",\"@id\":\"https:\\\/\\\/www.kanzlei-steinwachs.de\\\/pl\\\/#\\\/schema\\\/logo\\\/image\\\/\",\"url\":\"https:\\\/\\\/i0.wp.com\\\/www.kanzlei-steinwachs.de\\\/wp-content\\\/uploads\\\/2023\\\/12\\\/logo.webp?fit=174%2C76&quality=80&ssl=1\",\"contentUrl\":\"https:\\\/\\\/i0.wp.com\\\/www.kanzlei-steinwachs.de\\\/wp-content\\\/uploads\\\/2023\\\/12\\\/logo.webp?fit=174%2C76&quality=80&ssl=1\",\"width\":174,\"height\":76,\"caption\":\"Rechtsanwaltskanzlei Anwalt Hamburg Berlin Bremen Hannover L\u00fcbeck\"},\"image\":{\"@id\":\"https:\\\/\\\/www.kanzlei-steinwachs.de\\\/pl\\\/#\\\/schema\\\/logo\\\/image\\\/\"},\"sameAs\":[\"https:\\\/\\\/www.facebook.com\\\/STEINWACHSRechtsanwaltskanzlei\\\/\",\"https:\\\/\\\/x.com\\\/rasteinwachs\",\"https:\\\/\\\/www.instagram.com\\\/steinwachs_rechtsanwaelte\\\/\",\"https:\\\/\\\/www.linkedin.com\\\/in\\\/stephan-steinwachs-7a270197\\\/\",\"https:\\\/\\\/www.youtube.com\\\/channel\\\/UCffmodDlQx81remXm395RWA\"],\"telephone\":[]}]}<\/script>\n<!-- \/ Yoast SEO Premium plugin. -->","yoast_head_json":{"title":"Rechtsanwaltskanzlei in Hamburg Berlin Bremen Hannover L\u00fcbeck","description":"Rechtsanwaltskanzlei f\u00fcr Arbeitsrecht, Arzthaftung, Mietrecht, Gewerbemietrecht ,Gastronomierecht, Immobilienrecht, Schadensersatz Yachtrecht","robots":{"index":"index","follow":"follow","max-snippet":"max-snippet:-1","max-image-preview":"max-image-preview:large","max-video-preview":"max-video-preview:-1"},"canonical":"https:\/\/www.kanzlei-steinwachs.de\/pl\/prawo-aukcyjne\/","og_locale":"pl_PL","og_type":"article","og_title":"Rechtsanwaltskanzlei in Hamburg Berlin Bremen Hannover L\u00fcbeck","og_description":"Rechtsanwaltskanzlei f\u00fcr Arbeitsrecht, Arzthaftung, Mietrecht, Gewerbemietrecht ,Gastronomierecht, Immobilienrecht, Schadensersatz Yachtrecht","og_url":"https:\/\/www.kanzlei-steinwachs.de\/pl\/prawo-aukcyjne\/","og_site_name":"Rechtsanwaltskanzlei Anwalt Hamburg Berlin Bremen Hannover L\u00fcbeck","article_publisher":"https:\/\/www.facebook.com\/STEINWACHSRechtsanwaltskanzlei\/","article_modified_time":"2023-10-24T05:56:20+00:00","twitter_card":"summary_large_image","twitter_site":"@rasteinwachs","twitter_misc":{"Szacowany czas czytania":"2 minuty"},"schema":{"@context":"https:\/\/schema.org","@graph":[{"@type":"WebPage","@id":"https:\/\/www.kanzlei-steinwachs.de\/pl\/prawo-aukcyjne\/","url":"https:\/\/www.kanzlei-steinwachs.de\/pl\/prawo-aukcyjne\/","name":"Rechtsanwaltskanzlei in Hamburg Berlin Bremen Hannover L\u00fcbeck","isPartOf":{"@id":"https:\/\/www.kanzlei-steinwachs.de\/pl\/#website"},"primaryImageOfPage":{"@id":"https:\/\/www.kanzlei-steinwachs.de\/pl\/prawo-aukcyjne\/#primaryimage"},"image":{"@id":"https:\/\/www.kanzlei-steinwachs.de\/pl\/prawo-aukcyjne\/#primaryimage"},"thumbnailUrl":"https:\/\/i0.wp.com\/www.kanzlei-steinwachs.de\/wp-content\/uploads\/2023\/10\/Ordinary-jurisdiction.jpeg?fit=1200%2C800&quality=20&ssl=1","datePublished":"2023-09-22T11:21:35+00:00","dateModified":"2023-10-24T05:56:20+00:00","description":"Rechtsanwaltskanzlei f\u00fcr Arbeitsrecht, Arzthaftung, Mietrecht, Gewerbemietrecht ,Gastronomierecht, Immobilienrecht, Schadensersatz Yachtrecht","inLanguage":"pl-PL","potentialAction":[{"@type":"ReadAction","target":["https:\/\/www.kanzlei-steinwachs.de\/pl\/prawo-aukcyjne\/"]}]},{"@type":"ImageObject","inLanguage":"pl-PL","@id":"https:\/\/www.kanzlei-steinwachs.de\/pl\/prawo-aukcyjne\/#primaryimage","url":"https:\/\/i0.wp.com\/www.kanzlei-steinwachs.de\/wp-content\/uploads\/2023\/10\/Ordinary-jurisdiction.jpeg?fit=1200%2C800&quality=20&ssl=1","contentUrl":"https:\/\/i0.wp.com\/www.kanzlei-steinwachs.de\/wp-content\/uploads\/2023\/10\/Ordinary-jurisdiction.jpeg?fit=1200%2C800&quality=20&ssl=1","width":1200,"height":800},{"@type":"WebSite","@id":"https:\/\/www.kanzlei-steinwachs.de\/pl\/#website","url":"https:\/\/www.kanzlei-steinwachs.de\/pl\/","name":"Rechtsanwaltskanzlei Anwalt Hamburg Berlin Bremen Hannover L\u00fcbeck","description":"Wir leisten mehr als Recht bietet","publisher":{"@id":"https:\/\/www.kanzlei-steinwachs.de\/pl\/#organization"},"potentialAction":[{"@type":"SearchAction","target":{"@type":"EntryPoint","urlTemplate":"https:\/\/www.kanzlei-steinwachs.de\/pl\/?s={search_term_string}"},"query-input":{"@type":"PropertyValueSpecification","valueRequired":true,"valueName":"search_term_string"}}],"inLanguage":"pl-PL"},{"@type":["Organization","Place"],"@id":"https:\/\/www.kanzlei-steinwachs.de\/pl\/#organization","name":"Rechtsanwaltskanzlei Anwalt Hamburg Berlin Bremen Hannover L\u00fcbeck","url":"https:\/\/www.kanzlei-steinwachs.de\/","logo":{"@type":"ImageObject","inLanguage":"pl-PL","@id":"https:\/\/www.kanzlei-steinwachs.de\/pl\/#\/schema\/logo\/image\/","url":"https:\/\/i0.wp.com\/www.kanzlei-steinwachs.de\/wp-content\/uploads\/2023\/12\/logo.webp?fit=174%2C76&quality=80&ssl=1","contentUrl":"https:\/\/i0.wp.com\/www.kanzlei-steinwachs.de\/wp-content\/uploads\/2023\/12\/logo.webp?fit=174%2C76&quality=80&ssl=1","width":174,"height":76,"caption":"Rechtsanwaltskanzlei Anwalt Hamburg Berlin Bremen Hannover L\u00fcbeck"},"image":{"@id":"https:\/\/www.kanzlei-steinwachs.de\/pl\/#\/schema\/logo\/image\/"},"sameAs":["https:\/\/www.facebook.com\/STEINWACHSRechtsanwaltskanzlei\/","https:\/\/x.com\/rasteinwachs","https:\/\/www.instagram.com\/steinwachs_rechtsanwaelte\/","https:\/\/www.linkedin.com\/in\/stephan-steinwachs-7a270197\/","https:\/\/www.youtube.com\/channel\/UCffmodDlQx81remXm395RWA"],"telephone":[]}]}},"jetpack_sharing_enabled":true,"_links":{"self":[{"href":"https:\/\/www.kanzlei-steinwachs.de\/pl\/wp-json\/wp\/v2\/pages\/8887","targetHints":{"allow":["GET"]}}],"collection":[{"href":"https:\/\/www.kanzlei-steinwachs.de\/pl\/wp-json\/wp\/v2\/pages"}],"about":[{"href":"https:\/\/www.kanzlei-steinwachs.de\/pl\/wp-json\/wp\/v2\/types\/page"}],"author":[{"embeddable":true,"href":"https:\/\/www.kanzlei-steinwachs.de\/pl\/wp-json\/wp\/v2\/users\/1"}],"replies":[{"embeddable":true,"href":"https:\/\/www.kanzlei-steinwachs.de\/pl\/wp-json\/wp\/v2\/comments?post=8887"}],"version-history":[{"count":0,"href":"https:\/\/www.kanzlei-steinwachs.de\/pl\/wp-json\/wp\/v2\/pages\/8887\/revisions"}],"wp:featuredmedia":[{"embeddable":true,"href":"https:\/\/www.kanzlei-steinwachs.de\/pl\/wp-json\/wp\/v2\/media\/8594"}],"wp:attachment":[{"href":"https:\/\/www.kanzlei-steinwachs.de\/pl\/wp-json\/wp\/v2\/media?parent=8887"}],"curies":[{"name":"wp","href":"https:\/\/api.w.org\/{rel}","templated":true}]}}