{"id":8854,"date":"2023-09-26T07:28:15","date_gmt":"2023-09-26T05:28:15","guid":{"rendered":"https:\/\/www.kanzlei-steinwachs.de\/orzeczenia\/"},"modified":"2023-10-24T07:22:42","modified_gmt":"2023-10-24T05:22:42","slug":"orzeczenia","status":"publish","type":"page","link":"https:\/\/www.kanzlei-steinwachs.de\/pl\/orzeczenia\/","title":{"rendered":"Orzeczenia"},"content":{"rendered":"<div class=\"wpb-content-wrapper\"><p>[vc_row triangle_shape=&#8221;no&#8221;][vc_column]\n<h2 class=\"mkd-custom-font-holder\" style=\"font-size: 20px;line-height: 20px;font-weight: 700\" data-font-size= 20 data-line-height= 20>\n\tAngesichts der Vielzahl an hervorragenden Datenbanken erlauben wir uns hier lediglich auf diese aufmerksam zu machen:<\/h2>[vc_column_text css=&#8221;.vc_custom_1697433722495{padding-top: 20px !important;}&#8221;]<\/p>\n<p style=\"text-align: left;\"><a href=\"http:\/\/www.bundesverfassungsgericht.de\/\">Federalny Trybuna\u0142 Konstytucyjny<\/a><br \/>\n<a href=\"http:\/\/verfgh.baden-wuerttemberg.de\/de\/startseite\/\">Trybuna\u0142 Konstytucyjny dla kraju zwi\u0105zkowego Badenia-Wirtembergia<\/a><br \/>\n<a href=\"http:\/\/www.bayern.verfassungsgerichtshof.de\/rechtsprechung.htm\">Bawarski Trybuna\u0142 Konstytucyjny<\/a><br \/>\n<a href=\"http:\/\/www.verfassungsgericht.brandenburg.de\/sixcms\/detail.php?template=start_vfg\">Trybuna\u0142 Konstytucyjny Brandenburgii<\/a><br \/>\n<a href=\"http:\/\/staatsgerichtshof.bremen.de\/sixcms\/detail.php?gsid=bremen02.c.736.de\">S\u0105d Stanowy Wolnego Hanzeatyckiego Miasta Brema<\/a><br \/>\n<a href=\"http:\/\/www.staatsgerichtshof.hessen.de\/irj\/Staatsgerichtshof_Internet?cid=a9bb13abff8ded7572fd9ed15d8b891d\">S\u0105d Stanowy Hesji<\/a><br \/>\n<a href=\"http:\/\/www.landesverfassungsgericht-mv.de\/index_aktuell.htm\">Trybuna\u0142 Konstytucyjny Meklemburgii-Pomorza Przedniego<\/a><br \/>\n<a href=\"http:\/\/www.staatsgerichtshof.niedersachsen.de\/master\/C51939348_N50926674_L20_D0_I50857992.html\">S\u0105d Stanowy Dolnej Saksonii<\/a><br \/>\n<a href=\"http:\/\/www.justiz.nrw.de\/RB\/nrwe2\/index.php\">Trybuna\u0142 Konstytucyjny kraju zwi\u0105zkowego Nadrenia P\u00f3\u0142nocna-Westfalia<\/a><br \/>\n<a href=\"http:\/\/www.verfassungsgerichtshof-saarland.de\/frames\/index.html\">Trybuna\u0142 Konstytucyjny Saary<\/a><br \/>\n<a href=\"http:\/\/www.justiz.sachsen.de\/esaver\/\">Trybuna\u0142 Konstytucyjny Wolnego Kraju Zwi\u0105zkowego Saksonia<\/a><br \/>\nKrajowy Trybuna\u0142 Konstytucyjny Saksonii-Anhalt<br \/>\n<a href=\"http:\/\/www.thverfgh.thueringen.de\/webthfj\/webthfj.nsf\/%24%24webservice?openform&amp;thverfgh&amp;entscheidungen\">Trybuna\u0142 Konstytucyjny Turyngii<\/a><\/p>\n<div id=\"gtx-trans\" style=\"position: absolute; left: -35px; top: 254px;\">\n<div class=\"gtx-trans-icon\"><\/div>\n<\/div>\n<p>[\/vc_column_text][\/vc_column][\/vc_row][vc_row triangle_shape=&#8221;no&#8221; css=&#8221;.vc_custom_1697433590622{padding-top: 50px !important;}&#8221;][vc_column]\n<h2 class=\"mkd-custom-font-holder\" style=\"font-size: 20px;line-height: 20px;font-weight: 700\" data-font-size= 20 data-line-height= 20>\n\tOrdentliche Gerichtsbarkeit<\/h2>[vc_column_text css=&#8221;.vc_custom_1697433748752{padding-top: 20px !important;}&#8221;]<\/p>\n<p style=\"text-align: left;\" align=\"center\"><a href=\"http:\/\/juris.bundesgerichtshof.de\/cgi-bin\/rechtsprechung\/list.py?Gericht=bgh&amp;Sort=3&amp;Art=en\">Federalny Trybuna\u0142 Sprawiedliwo\u015bci<\/a><br \/>\n<a href=\"http:\/\/www.bundespatentgericht.de\/\">Federalny S\u0105d Patentowy<\/a><br \/>\n<a href=\"http:\/\/lrbw.juris.de\/cgi-bin\/laender_rechtsprechung\/list.py?Gericht=bw&amp;Art=en\">Orzecznictwo stanowe Badenii-Wirtembergii (OLG Karlsruhe, OLG Stuttgart) Orzecznictwo stanowe Bawarii (OLG Bamberg, OLG Monachium, OLG Norymberga)<\/a><\/p>\n<p><a href=\"http:\/\/www.gerichtsentscheidungen.berlin-brandenburg.de\/jportal\/portal\/page\/sammlung.psml\/bs\/10\/\">S\u0105d Izby w Berlinie<\/a><br \/>\n<a href=\"http:\/\/www.gerichtsentscheidungen.berlin-brandenburg.de\/jportal\/portal\/page\/sammlung.psml\/bs\/10\/\">Wy\u017cszy S\u0105d Krajowy Brandenburgii<\/a><br \/>\nHanzeatycki Wy\u017cszy S\u0105d Krajowy w Bremie (w budowie)<br \/>\n<a href=\"http:\/\/www.lareda.hessenrecht.hessen.de\/\">Baza danych orzecznictwa kraju zwi\u0105zkowego Hesja<\/a> (OLG Frankfurt a.M)<br \/>\nMeklemburgia-Pomorze Przednie (OLG Rostock)<br \/>\n<a href=\"http:\/\/app.olg-ol.niedersachsen.de\/efundus\/index.php4\">Baza danych orzecznictwa Dolnej Saksonii<\/a> (OLG Braunschweig, OLG Celle, OLG Oldenburg)<br \/>\n<a href=\"http:\/\/www.justiz.nrw.de\/RB\/nrwe2\/index.php\">Orzecznictwo Nadrenii P\u00f3\u0142nocnej-Westfalii<\/a> (OLG D\u00fcsseldorf, OLG Kolonia, OLG Hamm) Wy\u017cszy S\u0105d Krajowy Saary<\/p>\n<p><a href=\"http:\/\/www.sachsen-anhalt.de\/\">Saksonia-Anhalt<\/a> (OLG Naumburg)<br \/>\n<a href=\"http:\/\/www.thueringen.de\/olg\/urteil\/infothek10.html\">Turyngia<\/a> (Turyngii OLG)<\/p>\n<p>[\/vc_column_text][\/vc_column][\/vc_row][vc_row triangle_shape=&#8221;no&#8221; css=&#8221;.vc_custom_1697433597005{padding-top: 50px !important;}&#8221;][vc_column]\n<h2 class=\"mkd-custom-font-holder\" style=\"font-size: 20px;line-height: 20px;font-weight: 700\" data-font-size= 20 data-line-height= 20>\n\tArbeitsgerichtsbarkeit<\/h2>[vc_column_text css=&#8221;.vc_custom_1697433781463{padding-top: 20px !important;}&#8221;]<\/p>\n<p style=\"text-align: left;\" align=\"center\"><a href=\"http:\/\/juris.bundesarbeitsgericht.de\/cgi-bin\/rechtsprechung\/list.py?Gericht=bag&amp;Art=en\">Federalny S\u0105d Pracy<\/a><br \/>\n<a href=\"http:\/\/lrbw.juris.de\/cgi-bin\/laender_rechtsprechung\/list.py?Gericht=bw&amp;Art=en&amp;GerichtAuswahl=Arbeitsgerichte\">Badenia-Wirtembergia<\/a> (orzeczenia s\u0105d\u00f3w pracy)<br \/>\nBawaria <a href=\"http:\/\/www.arbg.bayern.de\/\">(LGD Monachium,<\/a> <a href=\"http:\/\/www.lag.bayern.de\/nuernberg\/lag\/index.php\">LGD Norymberga)<\/a><br \/>\nBerlin i Brandenburgia <a href=\"http:\/\/www.gerichtsentscheidungen.berlin-brandenburg.de\/jportal\/portal\/t\/6gq\/bs\/10\/page\/sammlung.psml\/action\/controls.sammlung.ChangeNavigation?nid=BS-BB%5B%23%5D%400010%40Arbeitsgerichte%5B%23%5D\">(Rejonowy S\u0105d Pracy Berlin-Brandenburgia)<\/a><br \/>\nBrema (Rejonowy S\u0105d Pracy w Bremie) Hamburg (Rejonowy S\u0105d Pracy w Hamburgu) Meklemburgia-Pomorze Przednie Dolna Saksonia <a href=\"http:\/\/www.db-lag.niedersachsen.de\/Index.asp?Doc=Aktuell\">(baza danych orzecznictwa s\u0105d\u00f3w pracy Dolnej Saksonii)<\/a><\/p>\n<p>Stanowy S\u0105d Pracy Saary<br \/>\n<a href=\"http:\/\/www.justiz.sachsen.de\/lag\/content\/594.htm\">Sakso\u0144ski Pa\u0144stwowy S\u0105d Pracy<\/a><br \/>\n<a href=\"http:\/\/www.lag.sachsen-anhalt.de\/landesarbeitsgericht\/\">Pa\u0144stwowy S\u0105d Pracy Saksonii-Anhalt<\/a><br \/>\n<a href=\"http:\/\/landesarbeitsgericht.thueringen.de\/\">Pa\u0144stwowy S\u0105d Pracy w Turyngii<\/a><\/p>\n<p>[\/vc_column_text][\/vc_column][\/vc_row][vc_row triangle_shape=&#8221;no&#8221; css=&#8221;.vc_custom_1697433603253{padding-top: 50px !important;}&#8221;][vc_column]\n<h2 class=\"mkd-custom-font-holder\" style=\"font-size: 20px;line-height: 20px;font-weight: 700\" data-font-size= 20 data-line-height= 20>\n\tFinanzgerichtsbarkeit<\/h2>[vc_column_text css=&#8221;.vc_custom_1697433834230{padding-top: 20px !important;}&#8221;]<\/p>\n<p style=\"text-align: left;\" align=\"center\"><a href=\"http:\/\/lrbw.juris.de\/cgi-bin\/laender_rechtsprechung\/list.py?Gericht=bw&amp;Art=en&amp;GerichtAuswahl=FG+Baden-W%FCrttemberg\">S\u0105d Finansowy Badenii-Wirtembergii<\/a><\/p>\n<div id=\"gtx-trans\" style=\"position: absolute; left: 89px; top: -10px;\">\n<div class=\"gtx-trans-icon\"><\/div>\n<\/div>\n<p>[\/vc_column_text][\/vc_column][\/vc_row][vc_row triangle_shape=&#8221;no&#8221; css=&#8221;.vc_custom_1697433613941{padding-top: 50px !important;}&#8221;][vc_column]\n<h2 class=\"mkd-custom-font-holder\" style=\"font-size: 20px;line-height: 20px;font-weight: 700\" data-font-size= 20 data-line-height= 20>\n\tSozialgerichtsbarkeit<\/h2>[vc_column_text css=&#8221;.vc_custom_1697433820423{padding-top: 20px !important;}&#8221;]<\/p>\n<p style=\"text-align: left;\" align=\"center\"><a href=\"http:\/\/juris.bundessozialgericht.de\/cgi-bin\/rechtsprechung\/list.py?Gericht=bsg&amp;Art=en\">Federalny Trybuna\u0142 Socjalny<\/a><\/p>\n<div id=\"gtx-trans\" style=\"position: absolute; left: 283px; top: 38px;\">\n<div class=\"gtx-trans-icon\"><\/div>\n<\/div>\n<p>[\/vc_column_text][\/vc_column][\/vc_row][vc_row triangle_shape=&#8221;no&#8221; css=&#8221;.vc_custom_1697433624069{padding-top: 50px !important;padding-bottom: 50px !important;}&#8221;][vc_column]\n<h2 class=\"mkd-custom-font-holder\" style=\"font-size: 20px;line-height: 20px;font-weight: 700\" data-font-size= 20 data-line-height= 20>\n\tVerwaltungsgerichtsbarkeit<\/h2>[vc_column_text css=&#8221;.vc_custom_1697433880384{padding-top: 20px !important;}&#8221;]<\/p>\n<div class=\"art-content\">\n<div class=\"art-Post\">\n<div class=\"art-Post-body\">\n<div class=\"art-Post-inner art-article\">\n<div class=\"art-PostContent\">\n<p style=\"text-align: left;\" align=\"center\"><a href=\"http:\/\/lrbw.juris.de\/cgi-bin\/laender_rechtsprechung\/list.py?Gericht=bw&amp;Art=en&amp;GerichtAuswahl=VGH+Baden-W%FCrttemberg\">S\u0105d Administracyjny Badenii-Wirtembergii<\/a><\/p>\n<\/div>\n<\/div>\n<\/div>\n<\/div>\n<\/div>\n<div id=\"gtx-trans\" style=\"position: absolute; left: -137px; top: 38px;\">\n<div class=\"gtx-trans-icon\"><\/div>\n<\/div>\n<p>[\/vc_column_text][\/vc_column][\/vc_row]<\/p>\n<\/div>","protected":false},"excerpt":{"rendered":"<p>[vc_row triangle_shape=&#8221;no&#8221;][vc_column][vc_column_text css=&#8221;.vc_custom_1697433722495{padding-top: 20px !important;}&#8221;] Federalny Trybuna\u0142 Konstytucyjny Trybuna\u0142 Konstytucyjny dla kraju zwi\u0105zkowego Badenia-Wirtembergia Bawarski Trybuna\u0142 Konstytucyjny Trybuna\u0142 Konstytucyjny Brandenburgii S\u0105d Stanowy Wolnego Hanzeatyckiego Miasta Brema S\u0105d Stanowy Hesji Trybuna\u0142 Konstytucyjny Meklemburgii-Pomorza Przedniego S\u0105d Stanowy Dolnej Saksonii Trybuna\u0142 Konstytucyjny kraju zwi\u0105zkowego Nadrenia P\u00f3\u0142nocna-Westfalia Trybuna\u0142 Konstytucyjny Saary Trybuna\u0142 Konstytucyjny Wolnego Kraju Zwi\u0105zkowego Saksonia Krajowy Trybuna\u0142 Konstytucyjny Saksonii-Anhalt Trybuna\u0142 Konstytucyjny Turyngii [\/vc_column_text][\/vc_column][\/vc_row][vc_row triangle_shape=&#8221;no&#8221; css=&#8221;.vc_custom_1697433590622{padding-top: 50px !important;}&#8221;][vc_column][vc_column_text css=&#8221;.vc_custom_1697433748752{padding-top: 20px !important;}&#8221;] Federalny Trybuna\u0142 Sprawiedliwo\u015bci Federalny S\u0105d Patentowy Orzecznictwo stanowe Badenii-Wirtembergii (OLG Karlsruhe, OLG Stuttgart) Orzecznictwo stanowe Bawarii (OLG Bamberg, OLG Monachium, OLG Norymberga) S\u0105d Izby w Berlinie Wy\u017cszy S\u0105d Krajowy Brandenburgii Hanzeatycki Wy\u017cszy S\u0105d&#8230;<\/p>\n","protected":false},"author":1,"featured_media":0,"parent":0,"menu_order":0,"comment_status":"closed","ping_status":"closed","template":"","meta":{"footnotes":""},"class_list":["post-8854","page","type-page","status-publish","hentry"],"yoast_head":"<!-- This site is optimized with the Yoast SEO Premium plugin v27.2 (Yoast SEO v27.3) - https:\/\/yoast.com\/product\/yoast-seo-premium-wordpress\/ -->\n<title>Rechtsanwaltskanzlei in Hamburg Berlin Bremen Hannover L\u00fcbeck<\/title>\n<meta name=\"description\" content=\"Rechtsanwaltskanzlei f\u00fcr Arbeitsrecht, Arzthaftung, Mietrecht, Gewerbemietrecht ,Gastronomierecht, Immobilienrecht, Schadensersatz Yachtrecht\" \/>\n<meta name=\"robots\" content=\"index, follow, max-snippet:-1, max-image-preview:large, max-video-preview:-1\" \/>\n<link rel=\"canonical\" href=\"https:\/\/www.kanzlei-steinwachs.de\/pl\/orzeczenia\/\" \/>\n<meta property=\"og:locale\" content=\"pl_PL\" \/>\n<meta property=\"og:type\" content=\"article\" \/>\n<meta property=\"og:title\" content=\"Rechtsanwaltskanzlei in Hamburg Berlin Bremen Hannover L\u00fcbeck\" \/>\n<meta property=\"og:description\" content=\"Rechtsanwaltskanzlei f\u00fcr Arbeitsrecht, Arzthaftung, Mietrecht, Gewerbemietrecht ,Gastronomierecht, Immobilienrecht, Schadensersatz Yachtrecht\" \/>\n<meta property=\"og:url\" content=\"https:\/\/www.kanzlei-steinwachs.de\/pl\/orzeczenia\/\" \/>\n<meta property=\"og:site_name\" content=\"Rechtsanwaltskanzlei Anwalt Hamburg Berlin Bremen Hannover L\u00fcbeck\" \/>\n<meta property=\"article:publisher\" content=\"https:\/\/www.facebook.com\/STEINWACHSRechtsanwaltskanzlei\/\" \/>\n<meta property=\"article:modified_time\" content=\"2023-10-24T05:22:42+00:00\" \/>\n<meta name=\"twitter:card\" content=\"summary_large_image\" \/>\n<meta name=\"twitter:site\" content=\"@rasteinwachs\" \/>\n<meta name=\"twitter:label1\" content=\"Szacowany czas czytania\" \/>\n\t<meta name=\"twitter:data1\" content=\"3 minuty\" \/>\n<script type=\"application\/ld+json\" class=\"yoast-schema-graph\">{\"@context\":\"https:\\\/\\\/schema.org\",\"@graph\":[{\"@type\":\"WebPage\",\"@id\":\"https:\\\/\\\/www.kanzlei-steinwachs.de\\\/pl\\\/orzeczenia\\\/\",\"url\":\"https:\\\/\\\/www.kanzlei-steinwachs.de\\\/pl\\\/orzeczenia\\\/\",\"name\":\"Rechtsanwaltskanzlei in Hamburg Berlin Bremen Hannover L\u00fcbeck\",\"isPartOf\":{\"@id\":\"https:\\\/\\\/www.kanzlei-steinwachs.de\\\/pl\\\/#website\"},\"datePublished\":\"2023-09-26T05:28:15+00:00\",\"dateModified\":\"2023-10-24T05:22:42+00:00\",\"description\":\"Rechtsanwaltskanzlei f\u00fcr Arbeitsrecht, Arzthaftung, Mietrecht, Gewerbemietrecht ,Gastronomierecht, Immobilienrecht, Schadensersatz Yachtrecht\",\"inLanguage\":\"pl-PL\",\"potentialAction\":[{\"@type\":\"ReadAction\",\"target\":[\"https:\\\/\\\/www.kanzlei-steinwachs.de\\\/pl\\\/orzeczenia\\\/\"]}]},{\"@type\":\"WebSite\",\"@id\":\"https:\\\/\\\/www.kanzlei-steinwachs.de\\\/pl\\\/#website\",\"url\":\"https:\\\/\\\/www.kanzlei-steinwachs.de\\\/pl\\\/\",\"name\":\"Rechtsanwaltskanzlei Anwalt Hamburg Berlin Bremen Hannover L\u00fcbeck\",\"description\":\"Wir leisten mehr als Recht bietet\",\"publisher\":{\"@id\":\"https:\\\/\\\/www.kanzlei-steinwachs.de\\\/pl\\\/#organization\"},\"potentialAction\":[{\"@type\":\"SearchAction\",\"target\":{\"@type\":\"EntryPoint\",\"urlTemplate\":\"https:\\\/\\\/www.kanzlei-steinwachs.de\\\/pl\\\/?s={search_term_string}\"},\"query-input\":{\"@type\":\"PropertyValueSpecification\",\"valueRequired\":true,\"valueName\":\"search_term_string\"}}],\"inLanguage\":\"pl-PL\"},{\"@type\":[\"Organization\",\"Place\"],\"@id\":\"https:\\\/\\\/www.kanzlei-steinwachs.de\\\/pl\\\/#organization\",\"name\":\"Rechtsanwaltskanzlei Anwalt Hamburg Berlin Bremen Hannover L\u00fcbeck\",\"url\":\"https:\\\/\\\/www.kanzlei-steinwachs.de\\\/\",\"logo\":{\"@type\":\"ImageObject\",\"inLanguage\":\"pl-PL\",\"@id\":\"https:\\\/\\\/www.kanzlei-steinwachs.de\\\/pl\\\/#\\\/schema\\\/logo\\\/image\\\/\",\"url\":\"https:\\\/\\\/i0.wp.com\\\/www.kanzlei-steinwachs.de\\\/wp-content\\\/uploads\\\/2023\\\/12\\\/logo.webp?fit=174%2C76&quality=80&ssl=1\",\"contentUrl\":\"https:\\\/\\\/i0.wp.com\\\/www.kanzlei-steinwachs.de\\\/wp-content\\\/uploads\\\/2023\\\/12\\\/logo.webp?fit=174%2C76&quality=80&ssl=1\",\"width\":174,\"height\":76,\"caption\":\"Rechtsanwaltskanzlei Anwalt Hamburg Berlin Bremen Hannover L\u00fcbeck\"},\"image\":{\"@id\":\"https:\\\/\\\/www.kanzlei-steinwachs.de\\\/pl\\\/#\\\/schema\\\/logo\\\/image\\\/\"},\"sameAs\":[\"https:\\\/\\\/www.facebook.com\\\/STEINWACHSRechtsanwaltskanzlei\\\/\",\"https:\\\/\\\/x.com\\\/rasteinwachs\",\"https:\\\/\\\/www.instagram.com\\\/steinwachs_rechtsanwaelte\\\/\",\"https:\\\/\\\/www.linkedin.com\\\/in\\\/stephan-steinwachs-7a270197\\\/\",\"https:\\\/\\\/www.youtube.com\\\/channel\\\/UCffmodDlQx81remXm395RWA\"],\"telephone\":[]}]}<\/script>\n<!-- \/ Yoast SEO Premium plugin. -->","yoast_head_json":{"title":"Rechtsanwaltskanzlei in Hamburg Berlin Bremen Hannover L\u00fcbeck","description":"Rechtsanwaltskanzlei f\u00fcr Arbeitsrecht, Arzthaftung, Mietrecht, Gewerbemietrecht ,Gastronomierecht, Immobilienrecht, Schadensersatz Yachtrecht","robots":{"index":"index","follow":"follow","max-snippet":"max-snippet:-1","max-image-preview":"max-image-preview:large","max-video-preview":"max-video-preview:-1"},"canonical":"https:\/\/www.kanzlei-steinwachs.de\/pl\/orzeczenia\/","og_locale":"pl_PL","og_type":"article","og_title":"Rechtsanwaltskanzlei in Hamburg Berlin Bremen Hannover L\u00fcbeck","og_description":"Rechtsanwaltskanzlei f\u00fcr Arbeitsrecht, Arzthaftung, Mietrecht, Gewerbemietrecht ,Gastronomierecht, Immobilienrecht, Schadensersatz Yachtrecht","og_url":"https:\/\/www.kanzlei-steinwachs.de\/pl\/orzeczenia\/","og_site_name":"Rechtsanwaltskanzlei Anwalt Hamburg Berlin Bremen Hannover L\u00fcbeck","article_publisher":"https:\/\/www.facebook.com\/STEINWACHSRechtsanwaltskanzlei\/","article_modified_time":"2023-10-24T05:22:42+00:00","twitter_card":"summary_large_image","twitter_site":"@rasteinwachs","twitter_misc":{"Szacowany czas czytania":"3 minuty"},"schema":{"@context":"https:\/\/schema.org","@graph":[{"@type":"WebPage","@id":"https:\/\/www.kanzlei-steinwachs.de\/pl\/orzeczenia\/","url":"https:\/\/www.kanzlei-steinwachs.de\/pl\/orzeczenia\/","name":"Rechtsanwaltskanzlei in Hamburg Berlin Bremen Hannover L\u00fcbeck","isPartOf":{"@id":"https:\/\/www.kanzlei-steinwachs.de\/pl\/#website"},"datePublished":"2023-09-26T05:28:15+00:00","dateModified":"2023-10-24T05:22:42+00:00","description":"Rechtsanwaltskanzlei f\u00fcr Arbeitsrecht, Arzthaftung, Mietrecht, Gewerbemietrecht ,Gastronomierecht, Immobilienrecht, Schadensersatz Yachtrecht","inLanguage":"pl-PL","potentialAction":[{"@type":"ReadAction","target":["https:\/\/www.kanzlei-steinwachs.de\/pl\/orzeczenia\/"]}]},{"@type":"WebSite","@id":"https:\/\/www.kanzlei-steinwachs.de\/pl\/#website","url":"https:\/\/www.kanzlei-steinwachs.de\/pl\/","name":"Rechtsanwaltskanzlei Anwalt Hamburg Berlin Bremen Hannover L\u00fcbeck","description":"Wir leisten mehr als Recht bietet","publisher":{"@id":"https:\/\/www.kanzlei-steinwachs.de\/pl\/#organization"},"potentialAction":[{"@type":"SearchAction","target":{"@type":"EntryPoint","urlTemplate":"https:\/\/www.kanzlei-steinwachs.de\/pl\/?s={search_term_string}"},"query-input":{"@type":"PropertyValueSpecification","valueRequired":true,"valueName":"search_term_string"}}],"inLanguage":"pl-PL"},{"@type":["Organization","Place"],"@id":"https:\/\/www.kanzlei-steinwachs.de\/pl\/#organization","name":"Rechtsanwaltskanzlei Anwalt Hamburg Berlin Bremen Hannover L\u00fcbeck","url":"https:\/\/www.kanzlei-steinwachs.de\/","logo":{"@type":"ImageObject","inLanguage":"pl-PL","@id":"https:\/\/www.kanzlei-steinwachs.de\/pl\/#\/schema\/logo\/image\/","url":"https:\/\/i0.wp.com\/www.kanzlei-steinwachs.de\/wp-content\/uploads\/2023\/12\/logo.webp?fit=174%2C76&quality=80&ssl=1","contentUrl":"https:\/\/i0.wp.com\/www.kanzlei-steinwachs.de\/wp-content\/uploads\/2023\/12\/logo.webp?fit=174%2C76&quality=80&ssl=1","width":174,"height":76,"caption":"Rechtsanwaltskanzlei Anwalt Hamburg Berlin Bremen Hannover L\u00fcbeck"},"image":{"@id":"https:\/\/www.kanzlei-steinwachs.de\/pl\/#\/schema\/logo\/image\/"},"sameAs":["https:\/\/www.facebook.com\/STEINWACHSRechtsanwaltskanzlei\/","https:\/\/x.com\/rasteinwachs","https:\/\/www.instagram.com\/steinwachs_rechtsanwaelte\/","https:\/\/www.linkedin.com\/in\/stephan-steinwachs-7a270197\/","https:\/\/www.youtube.com\/channel\/UCffmodDlQx81remXm395RWA"],"telephone":[]}]}},"jetpack_sharing_enabled":true,"_links":{"self":[{"href":"https:\/\/www.kanzlei-steinwachs.de\/pl\/wp-json\/wp\/v2\/pages\/8854","targetHints":{"allow":["GET"]}}],"collection":[{"href":"https:\/\/www.kanzlei-steinwachs.de\/pl\/wp-json\/wp\/v2\/pages"}],"about":[{"href":"https:\/\/www.kanzlei-steinwachs.de\/pl\/wp-json\/wp\/v2\/types\/page"}],"author":[{"embeddable":true,"href":"https:\/\/www.kanzlei-steinwachs.de\/pl\/wp-json\/wp\/v2\/users\/1"}],"replies":[{"embeddable":true,"href":"https:\/\/www.kanzlei-steinwachs.de\/pl\/wp-json\/wp\/v2\/comments?post=8854"}],"version-history":[{"count":0,"href":"https:\/\/www.kanzlei-steinwachs.de\/pl\/wp-json\/wp\/v2\/pages\/8854\/revisions"}],"wp:attachment":[{"href":"https:\/\/www.kanzlei-steinwachs.de\/pl\/wp-json\/wp\/v2\/media?parent=8854"}],"curies":[{"name":"wp","href":"https:\/\/api.w.org\/{rel}","templated":true}]}}