{"id":8806,"date":"2023-10-17T13:54:42","date_gmt":"2023-10-17T11:54:42","guid":{"rendered":"https:\/\/www.kanzlei-steinwachs.de\/prawo-odszkodowawcze-oraz-prawo-dotyczace-bolu-i-cierpienia\/"},"modified":"2023-10-24T06:35:47","modified_gmt":"2023-10-24T04:35:47","slug":"prawo-odszkodowawcze-oraz-prawo-dotyczace-bolu-i-cierpienia","status":"publish","type":"page","link":"https:\/\/www.kanzlei-steinwachs.de\/pl\/prawo-odszkodowawcze-oraz-prawo-dotyczace-bolu-i-cierpienia\/","title":{"rendered":"Prawo odszkodowawcze oraz prawo dotycz\u0105ce b\u00f3lu i cierpienia"},"content":{"rendered":"<div class=\"wpb-content-wrapper\"><p>[vc_row content_width=&#8221;grid&#8221; content_aligment=&#8221;center&#8221; triangle_shape=&#8221;no&#8221; css=&#8221;.vc_custom_1696926719838{padding-bottom: 10px !important;background-position: center !important;background-repeat: no-repeat !important;background-size: cover !important;}&#8221;][vc_column]<div class=\"mkd-separator-holder clearfix  mkd-separator-center mkd-separator-with-icon mkd-animate\" style=\"margin-top: 20px; margin-bottom: 30px\">\n\t<div class=\"mkd-separator\" style=\"border-color: #c18f59;border-style: solid;width: 97.5px\"><\/div>\n\t\t<div class=\"mkd-separator-icon\">\n\t\t\t                    \t\t\t\t\t\t<\/div>\n\t<div class=\"mkd-separator\" style=\"border-color: #c18f59;border-style: solid;width: 97.5px\"><\/div>\n<\/div>\n[\/vc_column][\/vc_row][vc_row triangle_shape=&#8221;no&#8221;][vc_column][vc_column_text css=&#8221;.vc_custom_1697544894687{margin-bottom: 0px !important;padding-top: 20px !important;padding-bottom: 1px !important;}&#8221;]Zado\u015b\u0107uczynienie za szkody oraz b\u00f3l i cierpienie[\/vc_column_text][vc_column_text css=&#8221;.vc_custom_1697544901550{padding-top: 10px !important;}&#8221;]Do prawa o odszkodowaniach i zado\u015b\u0107uczynieniu za b\u00f3l i cierpienie zaliczaj\u0105 si\u0119 przepisy reguluj\u0105ce roszczenia o naprawienie poniesionej szkody materialnej lub niemaj\u0105tkowej.<\/p>\n<div id=\"gtx-trans\" style=\"position: absolute; left: 96px; top: -10px;\">\n<div class=\"gtx-trans-icon\"><\/div>\n<\/div>\n<p>[\/vc_column_text][vc_column_text css=&#8221;.vc_custom_1697544907687{padding-top: 10px !important;}&#8221;]Je\u017celi kto\u015b w Niemczech wyrz\u0105dza szkod\u0119 na maj\u0105tku prawnym osoby trzeciej (np. na maj\u0105tku, mieniu, zdrowiu itp.), pojawia si\u0119 pytanie, w jakim stopniu jest on zobowi\u0105zany do naprawienia tej szkody osobie trzeciej.<\/p>\n<div id=\"gtx-trans\" style=\"position: absolute; left: 106px; top: -10px;\">\n<div class=\"gtx-trans-icon\"><\/div>\n<\/div>\n<p>[\/vc_column_text][vc_column_text css=&#8221;.vc_custom_1697544913541{padding-top: 10px !important;}&#8221;]Prawo z zakresu odszkodowa\u0144 i zado\u015b\u0107uczynie\u0144 reguluje w szczeg\u00f3lno\u015bci przes\u0142anki powstania roszczenia o odszkodowanie (fakt) oraz zakres szkody podlegaj\u0105cej naprawieniu (skutek prawny).<\/p>\n<div id=\"gtx-trans\" style=\"position: absolute; left: 92px; top: 86px;\">\n<div class=\"gtx-trans-icon\"><\/div>\n<\/div>\n<p>[\/vc_column_text][\/vc_column][\/vc_row][vc_row triangle_shape=&#8221;no&#8221; css=&#8221;.vc_custom_1697799940492{padding-top: 30px !important;}&#8221; el_class=&#8221;all-least-pages&#8221;][vc_column][vc_row_inner css=&#8221;.vc_custom_1697455935676{padding-bottom: 10px !important;}&#8221;][vc_column_inner width=&#8221;1\/2&#8243;][vc_column_text css=&#8221;.vc_custom_1697544936078{padding-top: 10px !important;}&#8221;]W prawie odszkodowawczym i zado\u015b\u0107uczynieniu za b\u00f3l i cierpienie roszczenia odszkodowawcze wynikaj\u0105 albo ze stosunku umownego, na przyk\u0142ad w przypadku naruszenia przez jedn\u0105 ze stron umowy, patrz w szczeg\u00f3lno\u015bci \u00a7\u00a7 280 i nast. BGB. Roszczenia odszkodowawcze mog\u0105 jednak wynika\u0107 tak\u017ce z prawa, np. w przypadku bezprawnego naruszenia interes\u00f3w prawnych innych os\u00f3b, por. \u00a7\u00a7 823 i nast. BGB. <\/p>\n<div id=\"gtx-trans\" style=\"position: absolute; left: 143px; top: -10px;\">\n<div class=\"gtx-trans-icon\"><\/div>\n<\/div>\n<div id=\"gtx-trans\" style=\"position: absolute; left: 143px; top: -10px;\">\n<div class=\"gtx-trans-icon\"><\/div>\n<\/div>\n<div id=\"gtx-trans\" style=\"position: absolute; left: 143px; top: -10px;\">\n<div class=\"gtx-trans-icon\"><\/div>\n<\/div>\n<div id=\"gtx-trans\" style=\"position: absolute; left: 142px; top: -10px;\">\n<div class=\"gtx-trans-icon\"><\/div>\n<\/div>\n<p>[\/vc_column_text][vc_column_text css=&#8221;.vc_custom_1697544943551{padding-top: 10px !important;}&#8221;]Zakres szkody reguluj\u0105 w szczeg\u00f3lno\u015bci artyku\u0142y 249 i nast. Kodeksu Cywilnego. Co do zasady szkoda powinna zosta\u0107 naprawiona w ca\u0142o\u015bci zgodnie z prawem o odszkodowaniu oraz zado\u015b\u0107uczynieniu za b\u00f3l i cierpienie. Zgodnie z \u00a7 253 I BGB naprawieniu podlega wy\u0142\u0105cznie szkoda materialna, tj. wy\u0142\u0105cznie maj\u0105tek pieni\u0119\u017cny, a nie szkoda niematerialna. Artyku\u0142 253 ust. 2 niemieckiego kodeksu cywilnego (BGB) stanowi istotny wyj\u0105tek od tej zasady: W przypadku uszczerbku na zdrowiu, w szczeg\u00f3lno\u015bci na ciele i zdrowiu, co do zasady nale\u017cy wyp\u0142aci\u0107 odszkodowanie za b\u00f3l i cierpienie jako zado\u015b\u0107uczynienie za szkod\u0119 niemaj\u0105tkow\u0105 .[\/vc_column_text][vc_column_text css=&#8221;.vc_custom_1697544995454{padding-top: 10px !important;}&#8221;]Po wypadku samochodowym poszkodowani mog\u0105 ubiega\u0107 si\u0119 o odszkodowanie. Dotyczy to tak\u017ce bliskich, kt\u00f3rzy musz\u0105 upora\u0107 si\u0119 ze \u015bmierci\u0105 ofiary wypadku. <\/p>\n<div id=\"gtx-trans\" style=\"position: absolute; left: 188px; top: -10px;\">\n<div class=\"gtx-trans-icon\"><\/div>\n<\/div>\n<div id=\"gtx-trans\" style=\"position: absolute; left: 188px; top: -10px;\">\n<div class=\"gtx-trans-icon\"><\/div>\n<\/div>\n<div id=\"gtx-trans\" style=\"position: absolute; left: 188px; top: -10px;\">\n<div class=\"gtx-trans-icon\"><\/div>\n<\/div>\n<p>[\/vc_column_text][\/vc_column_inner][vc_column_inner width=&#8221;1\/2&#8243;][vc_single_image image=&#8221;1425&#8243; img_size=&#8221;full&#8221;][\/vc_column_inner][\/vc_row_inner][\/vc_column][\/vc_row][vc_row triangle_shape=&#8221;no&#8221; el_class=&#8221;all-least-pages1&#8243;][vc_column][vc_column_text css=&#8221;.vc_custom_1697545001734{padding-top: 10px !important;}&#8221;]Wypadek komunikacyjny nie zawsze skutkuje szkodami materialnymi. Bardzo szybko mo\u017ce si\u0119 zdarzy\u0107, \u017ce inni u\u017cytkownicy drogi odnios\u0105 obra\u017cenia lub nawet zgin\u0105. W tej sytuacji nie chodzi tylko o rekompensat\u0119 strat finansowych poprzez koszty leczenia, utrat\u0119 zarobk\u00f3w czy koszty wynajmu samochodu. W rzeczywisto\u015bci ofiary wypadk\u00f3w mog\u0105 by\u0107 r\u00f3wnie\u017c uprawnione do odszkodowania za b\u00f3l i cierpienie. Celem jest zapewnienie Ci odszkodowania za poniesion\u0105 przez Ciebie szkod\u0119 niemaj\u0105tkow\u0105, w szczeg\u00f3lno\u015bci za poniesiony b\u00f3l. Ponadto sprawca jest winien zado\u015b\u0107uczynienie ofierze wypadku.   <\/p>\n<div id=\"gtx-trans\" style=\"position: absolute; left: 170px; top: -10px;\">\n<div class=\"gtx-trans-icon\"><\/div>\n<\/div>\n<p>[\/vc_column_text][\/vc_column][\/vc_row][vc_row triangle_shape=&#8221;no&#8221; css=&#8221;.vc_custom_1695985900053{padding-top: 30px !important;}&#8221;][vc_column][vc_row_inner css=&#8221;.vc_custom_1697455935676{padding-bottom: 10px !important;}&#8221;][vc_column_inner]\n<h2 class=\"mkd-custom-font-holder\" style=\"font-size: 20px;line-height: 30px;font-weight: 700\" data-font-size= 20 data-line-height= 30>\n\tZu den zentralen Themen im Schadensersatzrecht und Schmerzensgeldrecht geh\u00f6ren:<\/h2>[vc_empty_space height=&#8221;20px&#8221;]<div class=\"mkd-unordered-list \" ><ul>\n<li>Naturalna restytucja<\/li>\n<li>Odszkodowanie za szkody<\/li>\n<li>Zado\u015b\u0107uczynienie za szkody spowodowane zaniechaniem<\/li>\n<li>Trzeba reprezentowa\u0107<\/li>\n<li>Przypisanie dzia\u0142ania\/b\u0142\u0119du<\/li>\n<li>Przypisanie dzia\u0142ania\/b\u0142\u0119du<\/li>\n<li>Obowi\u0105zki zwi\u0105zane z bezpiecze\u0144stwem ruchu drogowego<\/li>\n<li>Naprawa szk\u00f3d (np. uznanie korzy\u015bci)<\/li>\n<li>Zaniedbanie przyczynkowe<\/li>\n<\/ul>\n<div id=\"gtx-trans\" style=\"position: absolute; left: 131px; top: 110px;\">\n<div class=\"gtx-trans-icon\"><\/div>\n<\/div>\n<\/div>[\/vc_column_inner][\/vc_row_inner][vc_empty_space][\/vc_column][\/vc_row][vc_row triangle_shape=&#8221;no&#8221; css=&#8221;.vc_custom_1697455870159{padding-bottom: 50px !important;}&#8221;][vc_column]\n<h2 class=\"mkd-custom-font-holder\" style=\"font-size: 20px;line-height: 20px;font-weight: 700\" data-font-size= 20 data-line-height= 20>\n\tAbschluss<\/h2>[vc_column_text css=&#8221;.vc_custom_1697545040822{padding-top: 20px !important;}&#8221;]<\/p>\n<div class=\"art-content\">\n<div class=\"art-Post\">\n<div class=\"art-Post-body\">\n<div class=\"art-Post-inner art-article\">\n<div class=\"art-PostContent\">\n<p style=\"text-align: left;\">Na kolejnych stronach postaramy si\u0119 przekaza\u0107 Pa\u0144stwu jak najwi\u0119cej informacji na temat podstawowych zasad z zakresu zado\u015b\u0107uczynienia oraz zado\u015b\u0107uczynienia za b\u00f3l i cierpienie.<\/p>\n<\/div>\n<div class=\"cleared\"><\/div>\n<\/div>\n<\/div>\n<\/div>\n<\/div>\n<div class=\"art-sidebar2\">\n<div id=\"custom_html-12\" class=\"widget_text widget widget_custom_html\">\n<div class=\"art-Block\"><\/div>\n<\/div>\n<\/div>\n<p>[\/vc_column_text][vc_column_text css=&#8221;.vc_custom_1697545055725{padding-top: 10px !important;}&#8221;]<\/p>\n<div class=\"art-content\">\n<div class=\"art-Post\">\n<div class=\"art-Post-body\">\n<div class=\"art-Post-inner art-article\">\n<div class=\"art-PostContent\">\n<p style=\"text-align: left;\">Zus\u00e4tzlich empfehlen wir Ihnen dar\u00fcber hinaus folgende Seiten zum Thema <a href=\"http:\/\/schadensersatz.net\/\">Schadensersatzrecht und Schmerzensgeldrecht<\/a>:<\/p>\n<\/div>\n<div class=\"cleared\"><\/div>\n<\/div>\n<\/div>\n<\/div>\n<\/div>\n<div class=\"art-sidebar2\">\n<div id=\"custom_html-12\" class=\"widget_text widget widget_custom_html\">\n<div class=\"art-Block\"><\/div>\n<\/div>\n<\/div>\n<div id=\"gtx-trans\" style=\"position: absolute; left: 165px; top: -10px;\">\n<div class=\"gtx-trans-icon\"><\/div>\n<\/div>\n<p>[\/vc_column_text][\/vc_column][\/vc_row]<\/p>\n<\/div>","protected":false},"excerpt":{"rendered":"<p>[vc_row content_width=&#8221;grid&#8221; content_aligment=&#8221;center&#8221; triangle_shape=&#8221;no&#8221; css=&#8221;.vc_custom_1696926719838{padding-bottom: 10px !important;background-position: center !important;background-repeat: no-repeat !important;background-size: cover !important;}&#8221;][vc_column][\/vc_column][\/vc_row][vc_row triangle_shape=&#8221;no&#8221;][vc_column][vc_column_text css=&#8221;.vc_custom_1697544894687{margin-bottom: 0px !important;padding-top: 20px !important;padding-bottom: 1px !important;}&#8221;]Zado\u015b\u0107uczynienie za szkody oraz b\u00f3l i cierpienie[\/vc_column_text][vc_column_text css=&#8221;.vc_custom_1697544901550{padding-top: 10px !important;}&#8221;]Do prawa o odszkodowaniach i zado\u015b\u0107uczynieniu za b\u00f3l i cierpienie zaliczaj\u0105 si\u0119 przepisy reguluj\u0105ce roszczenia o naprawienie poniesionej szkody materialnej lub niemaj\u0105tkowej. [\/vc_column_text][vc_column_text css=&#8221;.vc_custom_1697544907687{padding-top: 10px !important;}&#8221;]Je\u017celi kto\u015b w Niemczech wyrz\u0105dza szkod\u0119 na maj\u0105tku prawnym osoby trzeciej (np. na maj\u0105tku, mieniu, zdrowiu itp.), pojawia si\u0119 pytanie, w jakim stopniu jest on zobowi\u0105zany do naprawienia tej szkody osobie trzeciej. [\/vc_column_text][vc_column_text css=&#8221;.vc_custom_1697544913541{padding-top: 10px !important;}&#8221;]Prawo z zakresu odszkodowa\u0144 i zado\u015b\u0107uczynie\u0144 reguluje w szczeg\u00f3lno\u015bci przes\u0142anki powstania&#8230;<\/p>\n","protected":false},"author":1,"featured_media":0,"parent":0,"menu_order":0,"comment_status":"closed","ping_status":"closed","template":"","meta":{"footnotes":""},"class_list":["post-8806","page","type-page","status-publish","hentry"],"yoast_head":"<!-- This site is optimized with the Yoast SEO Premium plugin v27.2 (Yoast SEO v27.3) - https:\/\/yoast.com\/product\/yoast-seo-premium-wordpress\/ -->\n<title>Rechtsanwaltskanzlei in Hamburg Berlin Bremen Hannover L\u00fcbeck<\/title>\n<meta name=\"description\" content=\"Rechtsanwaltskanzlei f\u00fcr Arbeitsrecht, Arzthaftung, Mietrecht, Gewerbemietrecht ,Gastronomierecht, Immobilienrecht, Schadensersatz Yachtrecht\" \/>\n<meta name=\"robots\" content=\"index, follow, max-snippet:-1, max-image-preview:large, max-video-preview:-1\" \/>\n<link rel=\"canonical\" href=\"https:\/\/www.kanzlei-steinwachs.de\/pl\/prawo-odszkodowawcze-oraz-prawo-dotyczace-bolu-i-cierpienia\/\" \/>\n<meta property=\"og:locale\" content=\"pl_PL\" \/>\n<meta property=\"og:type\" content=\"article\" \/>\n<meta property=\"og:title\" content=\"Rechtsanwaltskanzlei in Hamburg Berlin Bremen Hannover L\u00fcbeck\" \/>\n<meta property=\"og:description\" content=\"Rechtsanwaltskanzlei f\u00fcr Arbeitsrecht, Arzthaftung, Mietrecht, Gewerbemietrecht ,Gastronomierecht, Immobilienrecht, Schadensersatz Yachtrecht\" \/>\n<meta property=\"og:url\" content=\"https:\/\/www.kanzlei-steinwachs.de\/pl\/prawo-odszkodowawcze-oraz-prawo-dotyczace-bolu-i-cierpienia\/\" \/>\n<meta property=\"og:site_name\" content=\"Rechtsanwaltskanzlei Anwalt Hamburg Berlin Bremen Hannover L\u00fcbeck\" \/>\n<meta property=\"article:publisher\" content=\"https:\/\/www.facebook.com\/STEINWACHSRechtsanwaltskanzlei\/\" \/>\n<meta property=\"article:modified_time\" content=\"2023-10-24T04:35:47+00:00\" \/>\n<meta name=\"twitter:card\" content=\"summary_large_image\" \/>\n<meta name=\"twitter:site\" content=\"@rasteinwachs\" \/>\n<meta name=\"twitter:label1\" content=\"Szacowany czas czytania\" \/>\n\t<meta name=\"twitter:data1\" content=\"4 minuty\" \/>\n<script type=\"application\/ld+json\" class=\"yoast-schema-graph\">{\"@context\":\"https:\\\/\\\/schema.org\",\"@graph\":[{\"@type\":\"WebPage\",\"@id\":\"https:\\\/\\\/www.kanzlei-steinwachs.de\\\/pl\\\/prawo-odszkodowawcze-oraz-prawo-dotyczace-bolu-i-cierpienia\\\/\",\"url\":\"https:\\\/\\\/www.kanzlei-steinwachs.de\\\/pl\\\/prawo-odszkodowawcze-oraz-prawo-dotyczace-bolu-i-cierpienia\\\/\",\"name\":\"Rechtsanwaltskanzlei in Hamburg Berlin Bremen Hannover L\u00fcbeck\",\"isPartOf\":{\"@id\":\"https:\\\/\\\/www.kanzlei-steinwachs.de\\\/pl\\\/#website\"},\"datePublished\":\"2023-10-17T11:54:42+00:00\",\"dateModified\":\"2023-10-24T04:35:47+00:00\",\"description\":\"Rechtsanwaltskanzlei f\u00fcr Arbeitsrecht, Arzthaftung, Mietrecht, Gewerbemietrecht ,Gastronomierecht, Immobilienrecht, Schadensersatz Yachtrecht\",\"inLanguage\":\"pl-PL\",\"potentialAction\":[{\"@type\":\"ReadAction\",\"target\":[\"https:\\\/\\\/www.kanzlei-steinwachs.de\\\/pl\\\/prawo-odszkodowawcze-oraz-prawo-dotyczace-bolu-i-cierpienia\\\/\"]}]},{\"@type\":\"WebSite\",\"@id\":\"https:\\\/\\\/www.kanzlei-steinwachs.de\\\/pl\\\/#website\",\"url\":\"https:\\\/\\\/www.kanzlei-steinwachs.de\\\/pl\\\/\",\"name\":\"Rechtsanwaltskanzlei Anwalt Hamburg Berlin Bremen Hannover L\u00fcbeck\",\"description\":\"Wir leisten mehr als Recht bietet\",\"publisher\":{\"@id\":\"https:\\\/\\\/www.kanzlei-steinwachs.de\\\/pl\\\/#organization\"},\"potentialAction\":[{\"@type\":\"SearchAction\",\"target\":{\"@type\":\"EntryPoint\",\"urlTemplate\":\"https:\\\/\\\/www.kanzlei-steinwachs.de\\\/pl\\\/?s={search_term_string}\"},\"query-input\":{\"@type\":\"PropertyValueSpecification\",\"valueRequired\":true,\"valueName\":\"search_term_string\"}}],\"inLanguage\":\"pl-PL\"},{\"@type\":[\"Organization\",\"Place\"],\"@id\":\"https:\\\/\\\/www.kanzlei-steinwachs.de\\\/pl\\\/#organization\",\"name\":\"Rechtsanwaltskanzlei Anwalt Hamburg Berlin Bremen Hannover L\u00fcbeck\",\"url\":\"https:\\\/\\\/www.kanzlei-steinwachs.de\\\/\",\"logo\":{\"@type\":\"ImageObject\",\"inLanguage\":\"pl-PL\",\"@id\":\"https:\\\/\\\/www.kanzlei-steinwachs.de\\\/pl\\\/#\\\/schema\\\/logo\\\/image\\\/\",\"url\":\"https:\\\/\\\/i0.wp.com\\\/www.kanzlei-steinwachs.de\\\/wp-content\\\/uploads\\\/2023\\\/12\\\/logo.webp?fit=174%2C76&quality=80&ssl=1\",\"contentUrl\":\"https:\\\/\\\/i0.wp.com\\\/www.kanzlei-steinwachs.de\\\/wp-content\\\/uploads\\\/2023\\\/12\\\/logo.webp?fit=174%2C76&quality=80&ssl=1\",\"width\":174,\"height\":76,\"caption\":\"Rechtsanwaltskanzlei Anwalt Hamburg Berlin Bremen Hannover L\u00fcbeck\"},\"image\":{\"@id\":\"https:\\\/\\\/www.kanzlei-steinwachs.de\\\/pl\\\/#\\\/schema\\\/logo\\\/image\\\/\"},\"sameAs\":[\"https:\\\/\\\/www.facebook.com\\\/STEINWACHSRechtsanwaltskanzlei\\\/\",\"https:\\\/\\\/x.com\\\/rasteinwachs\",\"https:\\\/\\\/www.instagram.com\\\/steinwachs_rechtsanwaelte\\\/\",\"https:\\\/\\\/www.linkedin.com\\\/in\\\/stephan-steinwachs-7a270197\\\/\",\"https:\\\/\\\/www.youtube.com\\\/channel\\\/UCffmodDlQx81remXm395RWA\"],\"telephone\":[]}]}<\/script>\n<!-- \/ Yoast SEO Premium plugin. -->","yoast_head_json":{"title":"Rechtsanwaltskanzlei in Hamburg Berlin Bremen Hannover L\u00fcbeck","description":"Rechtsanwaltskanzlei f\u00fcr Arbeitsrecht, Arzthaftung, Mietrecht, Gewerbemietrecht ,Gastronomierecht, Immobilienrecht, Schadensersatz Yachtrecht","robots":{"index":"index","follow":"follow","max-snippet":"max-snippet:-1","max-image-preview":"max-image-preview:large","max-video-preview":"max-video-preview:-1"},"canonical":"https:\/\/www.kanzlei-steinwachs.de\/pl\/prawo-odszkodowawcze-oraz-prawo-dotyczace-bolu-i-cierpienia\/","og_locale":"pl_PL","og_type":"article","og_title":"Rechtsanwaltskanzlei in Hamburg Berlin Bremen Hannover L\u00fcbeck","og_description":"Rechtsanwaltskanzlei f\u00fcr Arbeitsrecht, Arzthaftung, Mietrecht, Gewerbemietrecht ,Gastronomierecht, Immobilienrecht, Schadensersatz Yachtrecht","og_url":"https:\/\/www.kanzlei-steinwachs.de\/pl\/prawo-odszkodowawcze-oraz-prawo-dotyczace-bolu-i-cierpienia\/","og_site_name":"Rechtsanwaltskanzlei Anwalt Hamburg Berlin Bremen Hannover L\u00fcbeck","article_publisher":"https:\/\/www.facebook.com\/STEINWACHSRechtsanwaltskanzlei\/","article_modified_time":"2023-10-24T04:35:47+00:00","twitter_card":"summary_large_image","twitter_site":"@rasteinwachs","twitter_misc":{"Szacowany czas czytania":"4 minuty"},"schema":{"@context":"https:\/\/schema.org","@graph":[{"@type":"WebPage","@id":"https:\/\/www.kanzlei-steinwachs.de\/pl\/prawo-odszkodowawcze-oraz-prawo-dotyczace-bolu-i-cierpienia\/","url":"https:\/\/www.kanzlei-steinwachs.de\/pl\/prawo-odszkodowawcze-oraz-prawo-dotyczace-bolu-i-cierpienia\/","name":"Rechtsanwaltskanzlei in Hamburg Berlin Bremen Hannover L\u00fcbeck","isPartOf":{"@id":"https:\/\/www.kanzlei-steinwachs.de\/pl\/#website"},"datePublished":"2023-10-17T11:54:42+00:00","dateModified":"2023-10-24T04:35:47+00:00","description":"Rechtsanwaltskanzlei f\u00fcr Arbeitsrecht, Arzthaftung, Mietrecht, Gewerbemietrecht ,Gastronomierecht, Immobilienrecht, Schadensersatz Yachtrecht","inLanguage":"pl-PL","potentialAction":[{"@type":"ReadAction","target":["https:\/\/www.kanzlei-steinwachs.de\/pl\/prawo-odszkodowawcze-oraz-prawo-dotyczace-bolu-i-cierpienia\/"]}]},{"@type":"WebSite","@id":"https:\/\/www.kanzlei-steinwachs.de\/pl\/#website","url":"https:\/\/www.kanzlei-steinwachs.de\/pl\/","name":"Rechtsanwaltskanzlei Anwalt Hamburg Berlin Bremen Hannover L\u00fcbeck","description":"Wir leisten mehr als Recht bietet","publisher":{"@id":"https:\/\/www.kanzlei-steinwachs.de\/pl\/#organization"},"potentialAction":[{"@type":"SearchAction","target":{"@type":"EntryPoint","urlTemplate":"https:\/\/www.kanzlei-steinwachs.de\/pl\/?s={search_term_string}"},"query-input":{"@type":"PropertyValueSpecification","valueRequired":true,"valueName":"search_term_string"}}],"inLanguage":"pl-PL"},{"@type":["Organization","Place"],"@id":"https:\/\/www.kanzlei-steinwachs.de\/pl\/#organization","name":"Rechtsanwaltskanzlei Anwalt Hamburg Berlin Bremen Hannover L\u00fcbeck","url":"https:\/\/www.kanzlei-steinwachs.de\/","logo":{"@type":"ImageObject","inLanguage":"pl-PL","@id":"https:\/\/www.kanzlei-steinwachs.de\/pl\/#\/schema\/logo\/image\/","url":"https:\/\/i0.wp.com\/www.kanzlei-steinwachs.de\/wp-content\/uploads\/2023\/12\/logo.webp?fit=174%2C76&quality=80&ssl=1","contentUrl":"https:\/\/i0.wp.com\/www.kanzlei-steinwachs.de\/wp-content\/uploads\/2023\/12\/logo.webp?fit=174%2C76&quality=80&ssl=1","width":174,"height":76,"caption":"Rechtsanwaltskanzlei Anwalt Hamburg Berlin Bremen Hannover L\u00fcbeck"},"image":{"@id":"https:\/\/www.kanzlei-steinwachs.de\/pl\/#\/schema\/logo\/image\/"},"sameAs":["https:\/\/www.facebook.com\/STEINWACHSRechtsanwaltskanzlei\/","https:\/\/x.com\/rasteinwachs","https:\/\/www.instagram.com\/steinwachs_rechtsanwaelte\/","https:\/\/www.linkedin.com\/in\/stephan-steinwachs-7a270197\/","https:\/\/www.youtube.com\/channel\/UCffmodDlQx81remXm395RWA"],"telephone":[]}]}},"jetpack_sharing_enabled":true,"_links":{"self":[{"href":"https:\/\/www.kanzlei-steinwachs.de\/pl\/wp-json\/wp\/v2\/pages\/8806","targetHints":{"allow":["GET"]}}],"collection":[{"href":"https:\/\/www.kanzlei-steinwachs.de\/pl\/wp-json\/wp\/v2\/pages"}],"about":[{"href":"https:\/\/www.kanzlei-steinwachs.de\/pl\/wp-json\/wp\/v2\/types\/page"}],"author":[{"embeddable":true,"href":"https:\/\/www.kanzlei-steinwachs.de\/pl\/wp-json\/wp\/v2\/users\/1"}],"replies":[{"embeddable":true,"href":"https:\/\/www.kanzlei-steinwachs.de\/pl\/wp-json\/wp\/v2\/comments?post=8806"}],"version-history":[{"count":0,"href":"https:\/\/www.kanzlei-steinwachs.de\/pl\/wp-json\/wp\/v2\/pages\/8806\/revisions"}],"wp:attachment":[{"href":"https:\/\/www.kanzlei-steinwachs.de\/pl\/wp-json\/wp\/v2\/media?parent=8806"}],"curies":[{"name":"wp","href":"https:\/\/api.w.org\/{rel}","templated":true}]}}