{"id":8711,"date":"2015-11-25T11:44:30","date_gmt":"2015-11-25T10:44:30","guid":{"rendered":"https:\/\/www.kanzlei-steinwachs.de\/tytul-jednokolorowy\/"},"modified":"2023-10-23T09:41:23","modified_gmt":"2023-10-23T07:41:23","slug":"tytul-jednokolorowy","status":"publish","type":"page","link":"https:\/\/www.kanzlei-steinwachs.de\/pl\/tytul-jednokolorowy\/","title":{"rendered":"Tytu\u0142 jednokolorowy"},"content":{"rendered":"<div class=\"wpb-content-wrapper\"><p>[vc_row content_width=&#8221;grid&#8221; triangle_shape=&#8221;no&#8221; css=&#8221;.vc_custom_1447926565788{padding-top: 70px !important;}&#8221;][vc_column offset=&#8221;vc_col-lg-9 vc_col-md-12&#8243;]\n<blockquote class=\"mkd-blockquote-shortcode\"  >\n\t<span class=\"mkd-icon-quotations-holder\" >\n\t\t<span aria-hidden=\"true\" class=\"mkd-icon-font-elegant icon_quotations \" ><\/span>\t<\/span>\n\t<h3 class=\"mkd-blockquote-text\" >\n\t<span>Penalties can add up to large amounts of money and prison sentencing in proportion to the financial losses caused by the fraud. An attorney with experience in white collar and fraud defense can help not only in defending against the charges but also in reducing the penalties.<\/span>\n\t<\/h3>\n<\/blockquote>[vc_empty_space height=&#8221;45px&#8221;][vc_column_text]\n<span class=\"mkd-dropcaps mkd-normal\" style=\"color: #c18f59\">\n\t\u00d3<\/span>sma poprawka do Konstytucji Stan\u00f3w Zjednoczonych wyra\u017anie zabrania \u201enadmiernej kaucji\u201d. Termin \u201enadmierna kaucja\u201d nie jest zdefiniowany w Konstytucji, a S\u0105d Najwy\u017cszy rozwa\u017cy\u0142 jego znaczenie, stwierdzaj\u0105c, \u017ce kaucja nie mo\u017ce by\u0107 ustalona na tak wysokim poziomie, aby stanowi\u0107 fortel maj\u0105cy na celu zmuszenie oskar\u017conego do pozostania w wi\u0119zieniu. Trybuna\u0142 orzek\u0142 jednak r\u00f3wnie\u017c, \u017ce zawarty w \u00d3smej Poprawce zakaz dotycz\u0105cy nadmiernej kaucji nie stwarza prawa do jakiejkolwiek kaucji \u2013 w pewnych okoliczno\u015bciach s\u0105d mo\u017ce w og\u00f3le odm\u00f3wi\u0107 zwolnienia oskar\u017conego. W po\u0142\u0105czeniu z jego rozleg\u0142ym know-how nasza firma wykorzystuje solidn\u0105 wiedz\u0119 prawnicz\u0105 wynikaj\u0105c\u0105 z pracy w r\u00f3\u017cnych s\u0105dach.[\/vc_column_text][vc_empty_space height=&#8221;25px&#8221;][vc_column_text]S\u0105d Najwy\u017cszy zauwa\u017cy\u0142, \u017ce por\u0119czenie maj\u0105tkowe i odmowa ustanowienia kaucji implikuj\u0105 tak\u017ce prawo do rzetelnego procesu zapisane w Czternastej i Pi\u0105tej Poprawce do Konstytucji. W rezultacie S\u0105d Najwy\u017cszy orzek\u0142, \u017ce s\u0119dzia musi uwzgl\u0119dnia\u0107 \u201ewa\u017cny interes rz\u0105dowy\u201d, aby trzyma\u0107 oskar\u017conego w wi\u0119zieniu do czasu rozprawy (innymi s\u0142owy, odmawiaj\u0105c wyznaczenia kaucji). (Stany Zjednoczone przeciwko Salerno, 481 U.S. 739, 754-55 (1987).)[\/vc_column_text][vc_empty_space height=&#8221;25px&#8221;][vc_column_text]Konstytucyjne zabezpieczenia, a tak\u017ce ustawa o reformie kaucji (ustawa federalna) daj\u0105 oskar\u017conemu prawo do \u017c\u0105dania ni\u017cszej kaucji, gdy kwota pocz\u0105tkowo ustalona przez s\u0105d jest zbyt wysoka, aby j\u0105 zap\u0142aci\u0107. Oskar\u017cony mo\u017ce zwr\u00f3ci\u0107 si\u0119 o rozpraw\u0119 w celu uzyskania obni\u017cenia kaucji.[\/vc_column_text][vc_empty_space height=&#8221;25px&#8221;][vc_column_text]Na rozprawie oskar\u017cony mo\u017ce argumentowa\u0107, \u017ce pocz\u0105tkowa kaucja ustalona przez s\u0105d jest tak wysoka, \u017ce w rzeczywisto\u015bci stanowi odmow\u0119 zwolnienia za por\u0119czeniem maj\u0105tkowym i r\u00f3wna si\u0119 tymczasowemu aresztowaniu w wi\u0119zieniu, mimo \u017ce oskar\u017conemu nie grozi ryzyko ucieczki ani zagro\u017cenie dla spo\u0142ecze\u0144stwa . (18 USC \u00a7 3142 (c) (2).) Chocia\u017c s\u0105d musi wzi\u0105\u0107 ten argument pod uwag\u0119, nie jest wymagane ustalenie kaucji na poziomie, kt\u00f3ry pozwany mo\u017ce z \u0142atwo\u015bci\u0105 zap\u0142aci\u0107. S\u0105dy mog\u0105 ustali\u0107 kaucj\u0119 na tyle wysok\u0105, \u201eaby sk\u0142oni\u0107 oskar\u017conego do podj\u0119cia wszelkich stara\u0144 w celu zebrania funduszy bez naruszania\u201d konstytucji lub ustawy o reformie kaucji. (U.S. przeciwko Szot, 768 F.2d 159 (7thCir., 1985).) Tak d\u0142ugo jak faktycznym motywem s\u0105du nie jest jedynie zmuszenie oskar\u017conego do gnicia w wi\u0119zieniu w oczekiwaniu na proces, s\u0105d mo\u017ce ustali\u0107 kaucj\u0119 na dowolnej mo\u017cliwej wysoko\u015bci uzasadnia\u0107.[\/vc_column_text][vc_empty_space height=&#8221;25px&#8221;][vc_column_text]Gdy oskar\u017cona poinformuje s\u0105d, w drodze wniosku o zmniejszenie kaucji lub w inny spos\u00f3b, \u017ce nie sta\u0107 jej na wyznaczon\u0105 kaucj\u0119, s\u0105d musi poda\u0107 pow\u00f3d(y), dla kt\u00f3rego ustalona kwota stanowi \u201eniezb\u0119dny\u201d warunek zwolnienia z wi\u0119zienia. (U.S. przeciwko Montececon-Zayas, 949 F.2d 548 (1. ok. 1991).) S\u0105d musi przedstawi\u0107 swoje uzasadnienie na pi\u015bmie. (Fed. Zasada za\u0142. Proc. 9.)[\/vc_column_text][vc_empty_space height=&#8221;25px&#8221;][vc_column_text]Tak jak pozwany ma prawo ubiega\u0107 si\u0119 o ni\u017csz\u0105 kaucj\u0119, prokuratura mo\u017ce zwr\u00f3ci\u0107 si\u0119 do s\u0105du o wyznaczenie wy\u017cszej kaucji ze wzgl\u0119du na ryzyko, \u017ce pozwany ucieknie spod jurysdykcji lub wyrz\u0105dzi krzywd\u0119 ofierze lub innym cz\u0142onkom spo\u0142ecze\u0144stwa . (18 USC \u00a7 3142 (f).) S\u0105d mo\u017ce tak\u017ce przeprowadzi\u0107 rozpraw\u0119 w celu uzyskania informacji o \u017ar\u00f3dle \u015brodk\u00f3w przekazywanych za kaucj\u0105, co do kt\u00f3rych podejrzewa, \u017ce mog\u0105 one by\u0107 nielegalne (na przyk\u0142ad wp\u0142ywy ze sprzeda\u017cy lek\u00f3w). Zwolnienie za por\u0119czeniem maj\u0105tkowym jest tylko jednym z warunk\u00f3w, jakie s\u0105d mo\u017ce na\u0142o\u017cy\u0107 w celu zwolnienia oskar\u017conego z wi\u0119zienia do czasu rozprawy. Inne warunki obejmuj\u0105 ograniczenia w podr\u00f3\u017cowaniu, zrzeczenie si\u0119 paszportu, badanie na obecno\u015b\u0107 narkotyk\u00f3w, elektroniczne urz\u0105dzenia monitoruj\u0105ce (bransoletki na kostk\u0119), areszt domowy, nadz\u00f3r i raportowanie podczas zwolnienia i inne.[\/vc_column_text][vc_empty_space height=&#8221;45px&#8221;]\n<blockquote class=\"mkd-blockquote-shortcode\"  >\n\t<span class=\"mkd-icon-quotations-holder\" >\n\t\t<span aria-hidden=\"true\" class=\"mkd-icon-font-elegant icon_quotations \" ><\/span>\t<\/span>\n\t<h3 class=\"mkd-blockquote-text\" >\n\t<span>Sometimes you may find yourself in difficult situations and not be able to defuse the situation without going to court. Our team leverages the robust legal expertise of working in different courts and legal systems. You can simply ask our lawyers in our company what those are and how you can benefit from them.<\/span>\n\t<\/h3>\n<\/blockquote>[vc_empty_space height=&#8221;45px&#8221;][vc_column_text]S\u0105d Najwy\u017cszy zauwa\u017cy\u0142, \u017ce por\u0119czenie maj\u0105tkowe i odmowa ustanowienia kaucji implikuj\u0105 tak\u017ce prawo do rzetelnego procesu zapisane w Czternastej i Pi\u0105tej Poprawce do Konstytucji. W rezultacie S\u0105d Najwy\u017cszy orzek\u0142, \u017ce s\u0119dzia musi uwzgl\u0119dnia\u0107 \u201ewa\u017cny interes rz\u0105dowy\u201d, aby trzyma\u0107 oskar\u017conego w wi\u0119zieniu do czasu rozprawy (innymi s\u0142owy, odmawiaj\u0105c wyznaczenia kaucji). (Stany Zjednoczone przeciwko Salerno, 481 U.S. 739, 754-55 (1987).)[\/vc_column_text][vc_empty_space height=&#8221;25px&#8221;][vc_column_text]Konstytucyjne zabezpieczenia, a tak\u017ce ustawa o reformie kaucji (ustawa federalna) daj\u0105 oskar\u017conemu prawo do \u017c\u0105dania ni\u017cszej kaucji, gdy kwota pocz\u0105tkowo ustalona przez s\u0105d jest zbyt wysoka, aby j\u0105 zap\u0142aci\u0107. Oskar\u017cony mo\u017ce zwr\u00f3ci\u0107 si\u0119 o rozpraw\u0119 w celu uzyskania obni\u017cenia kaucji.[\/vc_column_text][vc_empty_space height=&#8221;25px&#8221;][vc_column_text]Na rozprawie oskar\u017cony mo\u017ce argumentowa\u0107, \u017ce pocz\u0105tkowa kaucja ustalona przez s\u0105d jest tak wysoka, \u017ce w rzeczywisto\u015bci stanowi odmow\u0119 zwolnienia za por\u0119czeniem maj\u0105tkowym i r\u00f3wna si\u0119 tymczasowemu aresztowaniu w wi\u0119zieniu, mimo \u017ce oskar\u017conemu nie grozi ryzyko ucieczki ani zagro\u017cenie dla spo\u0142ecze\u0144stwa . (18 USC \u00a7 3142 (c) (2).) Chocia\u017c s\u0105d musi wzi\u0105\u0107 ten argument pod uwag\u0119, nie jest wymagane ustalenie kaucji na poziomie, kt\u00f3ry pozwany mo\u017ce z \u0142atwo\u015bci\u0105 zap\u0142aci\u0107. S\u0105dy mog\u0105 ustali\u0107 kaucj\u0119 na tyle wysok\u0105, \u201eaby sk\u0142oni\u0107 oskar\u017conego do podj\u0119cia wszelkich stara\u0144 w celu zebrania funduszy bez naruszania\u201d konstytucji lub ustawy o reformie kaucji. (U.S. przeciwko Szot, 768 F.2d 159 (7thCir., 1985).) Tak d\u0142ugo jak faktycznym motywem s\u0105du nie jest jedynie zmuszenie oskar\u017conego do gnicia w wi\u0119zieniu w oczekiwaniu na proces, s\u0105d mo\u017ce ustali\u0107 kaucj\u0119 na dowolnej mo\u017cliwej wysoko\u015bci uzasadnia\u0107.[\/vc_column_text][vc_empty_space height=&#8221;25px&#8221;][vc_column_text]Gdy oskar\u017cona poinformuje s\u0105d, w drodze wniosku o zmniejszenie kaucji lub w inny spos\u00f3b, \u017ce nie sta\u0107 jej na wyznaczon\u0105 kaucj\u0119, s\u0105d musi poda\u0107 pow\u00f3d(y), dla kt\u00f3rego ustalona kwota stanowi \u201eniezb\u0119dny\u201d warunek zwolnienia z wi\u0119zienia. (U.S. przeciwko Montececon-Zayas, 949 F.2d 548 (1. ok. 1991).) S\u0105d musi przedstawi\u0107 swoje uzasadnienie na pi\u015bmie. (Fed. Zasada za\u0142. Proc. 9.)[\/vc_column_text][vc_empty_space height=&#8221;25px&#8221;]\n\n\t<div class=\"mkd-call-to-action with-icon\" style=\"border: 1px solid #d8d8d8;\">\n\n\t\t\t\t\t<div class=\"mkd-call-to-action-row-66-33 clearfix\" style=\"padding: 2%;\">\n\t\t\n\t\t\t\t<div class=\"mkd-text-wrapper mkd-call-to-action-column1 mkd-call-to-action-cell\">\n\n\t\t\t\t\t\t\t\t\t<div class=\"mkd-call-to-action-icon-holder\">\n\t\t\t\t\t\t<div class=\"mkd-call-to-action-icon\">\n\t\t\t\t\t\t\t<div class=\"mkd-call-to-action-icon-inner\">\n\t\t\t\t\t\t\t\t<i class=\"mkd-icon-simple-line-icon icon-globe \" style=\"font-size: 33px; ;color: #c18f59; \" ><\/i>\t\t\t\t\t\t\t<\/div>\n\t\t\t\t\t\t<\/div>\n\t\t\t\t\t<\/div>\n\t\t\t\t\n\t\t\t\t\t<div class=\"mkd-call-to-action-text\" >\n\t\t\t\t\t\t<h3>Do you need legal help or consultance? Contact us now.<\/h3>\n\t\t\t\t\t<\/div>\n\n\t\t\t\t<\/div>\n\n\t\t\t\t\n\t\t\t\t\t<div class=\"mkd-button-wrapper mkd-call-to-action-column2 mkd-call-to-action-cell\" style =\"text-align: right ;\">\n\n\t\t\t\t\t\t<a href=\"#\" target=\"_self\" style=\"background-color: #3e475d\" class=\"mkd-btn mkd-btn-medium mkd-btn-solid mkd-btn-icon\"  >    <span class=\"mkd-btn-text\"  >Free case evaluation<\/span><span class=\"mkd-btn-icon-holder\">            <span aria-hidden=\"true\" class=\"mkd-icon-font-elegant arrow_carrot-right mkd-btn-icon-elem\" ><\/span>            <span aria-hidden=\"true\" class=\"mkd-icon-font-elegant arrow_carrot-right mkd-btn-icon-elem\" ><\/span>        <\/span>    <\/a>\n\t\t\t\t\t<\/div>\n\n\t\t\t\t\n\t\t\t<\/div>\n\n\t\t\n\t<\/div>\n\n[vc_empty_space height=&#8221;70px&#8221;][\/vc_column][vc_column width=&#8221;1\/2&#8243; offset=&#8221;vc_col-lg-offset-0 vc_col-lg-3 vc_col-md-offset-3 vc_col-md-6 vc_col-sm-offset-3&#8243;][vc_widget_sidebar sidebar_id=&#8221;page-sidebar&#8221;][vc_empty_space height=&#8221;70px&#8221;][\/vc_column][\/vc_row]<\/p>\n<\/div>","protected":false},"excerpt":{"rendered":"<p>[vc_row content_width=&#8221;grid&#8221; triangle_shape=&#8221;no&#8221; css=&#8221;.vc_custom_1447926565788{padding-top: 70px !important;}&#8221;][vc_column offset=&#8221;vc_col-lg-9 vc_col-md-12&#8243;][vc_empty_space height=&#8221;45px&#8221;][vc_column_text]sma poprawka do Konstytucji Stan\u00f3w Zjednoczonych wyra\u017anie zabrania \u201enadmiernej kaucji\u201d. Termin \u201enadmierna kaucja\u201d nie jest zdefiniowany w Konstytucji, a S\u0105d Najwy\u017cszy rozwa\u017cy\u0142 jego znaczenie, stwierdzaj\u0105c, \u017ce kaucja nie mo\u017ce by\u0107 ustalona na tak wysokim poziomie, aby stanowi\u0107 fortel maj\u0105cy na celu zmuszenie oskar\u017conego do pozostania w wi\u0119zieniu. Trybuna\u0142 orzek\u0142 jednak r\u00f3wnie\u017c, \u017ce zawarty w \u00d3smej Poprawce zakaz dotycz\u0105cy nadmiernej kaucji nie stwarza prawa do jakiejkolwiek kaucji \u2013 w pewnych okoliczno\u015bciach s\u0105d mo\u017ce w og\u00f3le odm\u00f3wi\u0107 zwolnienia oskar\u017conego. W po\u0142\u0105czeniu z jego rozleg\u0142ym know-how nasza firma wykorzystuje solidn\u0105 wiedz\u0119 prawnicz\u0105 wynikaj\u0105c\u0105 z pracy&#8230;<\/p>\n","protected":false},"author":1,"featured_media":0,"parent":0,"menu_order":0,"comment_status":"closed","ping_status":"closed","template":"full-width.php","meta":{"footnotes":""},"class_list":["post-8711","page","type-page","status-publish","hentry"],"yoast_head":"<!-- This site is optimized with the Yoast SEO Premium plugin v27.2 (Yoast SEO v27.4) - https:\/\/yoast.com\/product\/yoast-seo-premium-wordpress\/ -->\n<title>Rechtsanwaltskanzlei in Hamburg Berlin Bremen Hannover L\u00fcbeck<\/title>\n<meta name=\"description\" content=\"Rechtsanwaltskanzlei f\u00fcr Arbeitsrecht, Arzthaftung, Mietrecht, Gewerbemietrecht ,Gastronomierecht, Immobilienrecht, Schadensersatz Yachtrecht\" \/>\n<meta name=\"robots\" content=\"index, follow, max-snippet:-1, max-image-preview:large, max-video-preview:-1\" \/>\n<link rel=\"canonical\" href=\"https:\/\/www.kanzlei-steinwachs.de\/pl\/tytul-jednokolorowy\/\" \/>\n<meta property=\"og:locale\" content=\"pl_PL\" \/>\n<meta property=\"og:type\" content=\"article\" \/>\n<meta property=\"og:title\" content=\"Rechtsanwaltskanzlei in Hamburg Berlin Bremen Hannover L\u00fcbeck\" \/>\n<meta property=\"og:description\" content=\"Rechtsanwaltskanzlei f\u00fcr Arbeitsrecht, Arzthaftung, Mietrecht, Gewerbemietrecht ,Gastronomierecht, Immobilienrecht, Schadensersatz Yachtrecht\" \/>\n<meta property=\"og:url\" content=\"https:\/\/www.kanzlei-steinwachs.de\/pl\/tytul-jednokolorowy\/\" \/>\n<meta property=\"og:site_name\" content=\"Rechtsanwaltskanzlei Anwalt Hamburg Berlin Bremen Hannover L\u00fcbeck\" \/>\n<meta property=\"article:publisher\" content=\"https:\/\/www.facebook.com\/STEINWACHSRechtsanwaltskanzlei\/\" \/>\n<meta property=\"article:modified_time\" content=\"2023-10-23T07:41:23+00:00\" \/>\n<meta name=\"twitter:card\" content=\"summary_large_image\" \/>\n<meta name=\"twitter:site\" content=\"@rasteinwachs\" \/>\n<meta name=\"twitter:label1\" content=\"Szacowany czas czytania\" \/>\n\t<meta name=\"twitter:data1\" content=\"7 minut\" \/>\n<script type=\"application\/ld+json\" class=\"yoast-schema-graph\">{\"@context\":\"https:\\\/\\\/schema.org\",\"@graph\":[{\"@type\":\"WebPage\",\"@id\":\"https:\\\/\\\/www.kanzlei-steinwachs.de\\\/pl\\\/tytul-jednokolorowy\\\/\",\"url\":\"https:\\\/\\\/www.kanzlei-steinwachs.de\\\/pl\\\/tytul-jednokolorowy\\\/\",\"name\":\"Rechtsanwaltskanzlei in Hamburg Berlin Bremen Hannover L\u00fcbeck\",\"isPartOf\":{\"@id\":\"https:\\\/\\\/www.kanzlei-steinwachs.de\\\/pl\\\/#website\"},\"datePublished\":\"2015-11-25T10:44:30+00:00\",\"dateModified\":\"2023-10-23T07:41:23+00:00\",\"description\":\"Rechtsanwaltskanzlei f\u00fcr Arbeitsrecht, Arzthaftung, Mietrecht, Gewerbemietrecht ,Gastronomierecht, Immobilienrecht, Schadensersatz Yachtrecht\",\"inLanguage\":\"pl-PL\",\"potentialAction\":[{\"@type\":\"ReadAction\",\"target\":[\"https:\\\/\\\/www.kanzlei-steinwachs.de\\\/pl\\\/tytul-jednokolorowy\\\/\"]}]},{\"@type\":\"WebSite\",\"@id\":\"https:\\\/\\\/www.kanzlei-steinwachs.de\\\/pl\\\/#website\",\"url\":\"https:\\\/\\\/www.kanzlei-steinwachs.de\\\/pl\\\/\",\"name\":\"Rechtsanwaltskanzlei Anwalt Hamburg Berlin Bremen Hannover L\u00fcbeck\",\"description\":\"Wir leisten mehr als Recht bietet\",\"publisher\":{\"@id\":\"https:\\\/\\\/www.kanzlei-steinwachs.de\\\/pl\\\/#organization\"},\"potentialAction\":[{\"@type\":\"SearchAction\",\"target\":{\"@type\":\"EntryPoint\",\"urlTemplate\":\"https:\\\/\\\/www.kanzlei-steinwachs.de\\\/pl\\\/?s={search_term_string}\"},\"query-input\":{\"@type\":\"PropertyValueSpecification\",\"valueRequired\":true,\"valueName\":\"search_term_string\"}}],\"inLanguage\":\"pl-PL\"},{\"@type\":[\"Organization\",\"Place\"],\"@id\":\"https:\\\/\\\/www.kanzlei-steinwachs.de\\\/pl\\\/#organization\",\"name\":\"Rechtsanwaltskanzlei Anwalt Hamburg Berlin Bremen Hannover L\u00fcbeck\",\"url\":\"https:\\\/\\\/www.kanzlei-steinwachs.de\\\/\",\"logo\":{\"@type\":\"ImageObject\",\"inLanguage\":\"pl-PL\",\"@id\":\"https:\\\/\\\/www.kanzlei-steinwachs.de\\\/pl\\\/#\\\/schema\\\/logo\\\/image\\\/\",\"url\":\"https:\\\/\\\/i0.wp.com\\\/www.kanzlei-steinwachs.de\\\/wp-content\\\/uploads\\\/2023\\\/12\\\/logo.webp?fit=174%2C76&quality=80&ssl=1\",\"contentUrl\":\"https:\\\/\\\/i0.wp.com\\\/www.kanzlei-steinwachs.de\\\/wp-content\\\/uploads\\\/2023\\\/12\\\/logo.webp?fit=174%2C76&quality=80&ssl=1\",\"width\":174,\"height\":76,\"caption\":\"Rechtsanwaltskanzlei Anwalt Hamburg Berlin Bremen Hannover L\u00fcbeck\"},\"image\":{\"@id\":\"https:\\\/\\\/www.kanzlei-steinwachs.de\\\/pl\\\/#\\\/schema\\\/logo\\\/image\\\/\"},\"sameAs\":[\"https:\\\/\\\/www.facebook.com\\\/STEINWACHSRechtsanwaltskanzlei\\\/\",\"https:\\\/\\\/x.com\\\/rasteinwachs\",\"https:\\\/\\\/www.instagram.com\\\/steinwachs_rechtsanwaelte\\\/\",\"https:\\\/\\\/www.linkedin.com\\\/in\\\/stephan-steinwachs-7a270197\\\/\",\"https:\\\/\\\/www.youtube.com\\\/channel\\\/UCffmodDlQx81remXm395RWA\"],\"telephone\":[]}]}<\/script>\n<!-- \/ Yoast SEO Premium plugin. -->","yoast_head_json":{"title":"Rechtsanwaltskanzlei in Hamburg Berlin Bremen Hannover L\u00fcbeck","description":"Rechtsanwaltskanzlei f\u00fcr Arbeitsrecht, Arzthaftung, Mietrecht, Gewerbemietrecht ,Gastronomierecht, Immobilienrecht, Schadensersatz Yachtrecht","robots":{"index":"index","follow":"follow","max-snippet":"max-snippet:-1","max-image-preview":"max-image-preview:large","max-video-preview":"max-video-preview:-1"},"canonical":"https:\/\/www.kanzlei-steinwachs.de\/pl\/tytul-jednokolorowy\/","og_locale":"pl_PL","og_type":"article","og_title":"Rechtsanwaltskanzlei in Hamburg Berlin Bremen Hannover L\u00fcbeck","og_description":"Rechtsanwaltskanzlei f\u00fcr Arbeitsrecht, Arzthaftung, Mietrecht, Gewerbemietrecht ,Gastronomierecht, Immobilienrecht, Schadensersatz Yachtrecht","og_url":"https:\/\/www.kanzlei-steinwachs.de\/pl\/tytul-jednokolorowy\/","og_site_name":"Rechtsanwaltskanzlei Anwalt Hamburg Berlin Bremen Hannover L\u00fcbeck","article_publisher":"https:\/\/www.facebook.com\/STEINWACHSRechtsanwaltskanzlei\/","article_modified_time":"2023-10-23T07:41:23+00:00","twitter_card":"summary_large_image","twitter_site":"@rasteinwachs","twitter_misc":{"Szacowany czas czytania":"7 minut"},"schema":{"@context":"https:\/\/schema.org","@graph":[{"@type":"WebPage","@id":"https:\/\/www.kanzlei-steinwachs.de\/pl\/tytul-jednokolorowy\/","url":"https:\/\/www.kanzlei-steinwachs.de\/pl\/tytul-jednokolorowy\/","name":"Rechtsanwaltskanzlei in Hamburg Berlin Bremen Hannover L\u00fcbeck","isPartOf":{"@id":"https:\/\/www.kanzlei-steinwachs.de\/pl\/#website"},"datePublished":"2015-11-25T10:44:30+00:00","dateModified":"2023-10-23T07:41:23+00:00","description":"Rechtsanwaltskanzlei f\u00fcr Arbeitsrecht, Arzthaftung, Mietrecht, Gewerbemietrecht ,Gastronomierecht, Immobilienrecht, Schadensersatz Yachtrecht","inLanguage":"pl-PL","potentialAction":[{"@type":"ReadAction","target":["https:\/\/www.kanzlei-steinwachs.de\/pl\/tytul-jednokolorowy\/"]}]},{"@type":"WebSite","@id":"https:\/\/www.kanzlei-steinwachs.de\/pl\/#website","url":"https:\/\/www.kanzlei-steinwachs.de\/pl\/","name":"Rechtsanwaltskanzlei Anwalt Hamburg Berlin Bremen Hannover L\u00fcbeck","description":"Wir leisten mehr als Recht bietet","publisher":{"@id":"https:\/\/www.kanzlei-steinwachs.de\/pl\/#organization"},"potentialAction":[{"@type":"SearchAction","target":{"@type":"EntryPoint","urlTemplate":"https:\/\/www.kanzlei-steinwachs.de\/pl\/?s={search_term_string}"},"query-input":{"@type":"PropertyValueSpecification","valueRequired":true,"valueName":"search_term_string"}}],"inLanguage":"pl-PL"},{"@type":["Organization","Place"],"@id":"https:\/\/www.kanzlei-steinwachs.de\/pl\/#organization","name":"Rechtsanwaltskanzlei Anwalt Hamburg Berlin Bremen Hannover L\u00fcbeck","url":"https:\/\/www.kanzlei-steinwachs.de\/","logo":{"@type":"ImageObject","inLanguage":"pl-PL","@id":"https:\/\/www.kanzlei-steinwachs.de\/pl\/#\/schema\/logo\/image\/","url":"https:\/\/i0.wp.com\/www.kanzlei-steinwachs.de\/wp-content\/uploads\/2023\/12\/logo.webp?fit=174%2C76&quality=80&ssl=1","contentUrl":"https:\/\/i0.wp.com\/www.kanzlei-steinwachs.de\/wp-content\/uploads\/2023\/12\/logo.webp?fit=174%2C76&quality=80&ssl=1","width":174,"height":76,"caption":"Rechtsanwaltskanzlei Anwalt Hamburg Berlin Bremen Hannover L\u00fcbeck"},"image":{"@id":"https:\/\/www.kanzlei-steinwachs.de\/pl\/#\/schema\/logo\/image\/"},"sameAs":["https:\/\/www.facebook.com\/STEINWACHSRechtsanwaltskanzlei\/","https:\/\/x.com\/rasteinwachs","https:\/\/www.instagram.com\/steinwachs_rechtsanwaelte\/","https:\/\/www.linkedin.com\/in\/stephan-steinwachs-7a270197\/","https:\/\/www.youtube.com\/channel\/UCffmodDlQx81remXm395RWA"],"telephone":[]}]}},"jetpack_sharing_enabled":true,"_links":{"self":[{"href":"https:\/\/www.kanzlei-steinwachs.de\/pl\/wp-json\/wp\/v2\/pages\/8711","targetHints":{"allow":["GET"]}}],"collection":[{"href":"https:\/\/www.kanzlei-steinwachs.de\/pl\/wp-json\/wp\/v2\/pages"}],"about":[{"href":"https:\/\/www.kanzlei-steinwachs.de\/pl\/wp-json\/wp\/v2\/types\/page"}],"author":[{"embeddable":true,"href":"https:\/\/www.kanzlei-steinwachs.de\/pl\/wp-json\/wp\/v2\/users\/1"}],"replies":[{"embeddable":true,"href":"https:\/\/www.kanzlei-steinwachs.de\/pl\/wp-json\/wp\/v2\/comments?post=8711"}],"version-history":[{"count":0,"href":"https:\/\/www.kanzlei-steinwachs.de\/pl\/wp-json\/wp\/v2\/pages\/8711\/revisions"}],"wp:attachment":[{"href":"https:\/\/www.kanzlei-steinwachs.de\/pl\/wp-json\/wp\/v2\/media?parent=8711"}],"curies":[{"name":"wp","href":"https:\/\/api.w.org\/{rel}","templated":true}]}}